{"id":1970,"date":"2023-09-14T18:47:30","date_gmt":"2023-09-14T16:47:30","guid":{"rendered":"https:\/\/amatab.com\/?page_id=1970"},"modified":"2024-01-19T11:41:01","modified_gmt":"2024-01-19T10:41:01","slug":"audit-et-optimisation-douaniere","status":"publish","type":"page","link":"https:\/\/amatab.com\/ar\/import-export\/audit-et-optimisation-douaniere\/","title":{"rendered":"\u0627\u0644\u062a\u062f\u0642\u064a\u0642 \u0648\u062a\u062d\u0633\u064a\u0646 \u0639\u0645\u0644\u064a\u0627\u062a \u0627\u0644\u062c\u0645\u0627\u0631\u0643"},"content":{"rendered":"<div data-elementor-type=\"wp-page\" data-elementor-id=\"1970\" class=\"elementor elementor-1970\" data-elementor-post-type=\"page\">\n\t\t\t\t\t\t<section class=\"elementor-section elementor-top-section elementor-element elementor-element-a1fcdff elementor-section-boxed elementor-section-height-default elementor-section-height-default\" data-id=\"a1fcdff\" data-element_type=\"section\" data-e-type=\"section\">\n\t\t\t\t\t\t<div class=\"elementor-container elementor-column-gap-default\">\n\t\t\t\t\t<div class=\"elementor-column elementor-col-33 elementor-top-column elementor-element elementor-element-27f5592\" data-id=\"27f5592\" data-element_type=\"column\" data-e-type=\"column\">\n\t\t\t<div class=\"elementor-widget-wrap elementor-element-populated\">\n\t\t\t\t\t\t<div class=\"elementor-element elementor-element-159b1b9 elementor-widget elementor-widget-text-editor\" data-id=\"159b1b9\" data-element_type=\"widget\" data-e-type=\"widget\" data-widget_type=\"text-editor.default\">\n\t\t\t\t<div class=\"elementor-widget-container\">\n\t\t\t\t\t\t\t\t\t<p>\u062a\u0639\u062f \u0627\u0644\u0644\u0648\u0627\u0626\u062d \u0627\u0644\u062c\u0645\u0631\u0643\u064a\u0629 \u0627\u0644\u0645\u0639\u0642\u062f\u0629 \u0648\u0627\u0644\u0645\u062a\u063a\u064a\u0631\u0629 \u0628\u0627\u0633\u062a\u0645\u0631\u0627\u0631 \u0639\u0646\u0627\u0635\u0631 \u062c\u0648\u0647\u0631\u064a\u0629 \u064a\u0645\u0643\u0646 \u0623\u0646 \u064a\u0643\u0648\u0646 \u0644\u0647\u0627 \u062a\u0623\u062b\u064a\u0631 \u0645\u0627\u0644\u064a \u0639\u0644\u0649 \u0627\u0644\u0623\u0639\u0645\u0627\u0644 \u0627\u0644\u062a\u062c\u0627\u0631\u064a\u0629. \u0645\u0646 \u062e\u0644\u0627\u0644 \u062a\u0646\u0641\u064a\u0630 \u0627\u0644\u0639\u0645\u0644\u064a\u0627\u062a \u0627\u0644\u062c\u0645\u0631\u0643\u064a\u0629 \u0648\u062a\u062d\u0633\u064a\u0646 \u0627\u0644\u0625\u062c\u0631\u0627\u0621\u0627\u062a\u060c \u064a\u0645\u0643\u0646 \u0644\u0644\u0634\u0631\u0643\u0627\u062a \u062a\u062d\u0633\u064a\u0646 \u0639\u0645\u0644\u064a\u0627\u062a\u0643 \u0645\u0639 \u062a\u0642\u0644\u064a\u0644 \u0627\u0644\u0645\u062e\u0627\u0637\u0631 \u0627\u0644\u0645\u0631\u062a\u0628\u0637\u0629 \u0628\u0647\u0627<\/p>\n<p>\u0627\u0644\u062c\u0645\u0627\u0631\u0643 \u0648\u062c\u0645\u064a\u0639 \u0627\u0644\u0625\u062c\u0631\u0627\u0621\u0627\u062a \u0627\u0644\u0645\u0631\u062a\u0628\u0637\u0629 \u062a\u0634\u0643\u0644 \u062e\u062f\u0645\u0629 \u0645\u0631\u0643\u0632\u064a\u0629 \u0648\u0627\u0633\u062a\u0631\u0627\u062a\u064a\u062c\u064a\u0629 \u0641\u064a \u062e\u062f\u0645\u0627\u062a \u0627\u0644\u0646\u0642\u0644 \u0648\u0627\u0644\u0644\u0648\u062c\u0633\u062a\u064a\u0627\u062a \u0627\u0644\u0634\u0627\u0645\u0644\u0629. \u0644\u062a\u062d\u0642\u064a\u0642 \u0623\u0642\u0635\u0649 \u0642\u062f\u0631 \u0645\u0646 \u0627\u0644\u0643\u0641\u0627\u0621\u0629\u060c \u0645\u0646 \u0627\u0644\u0645\u0641\u064a\u062f \u0623\u0646 \u064a\u0643\u0648\u0646 \u0644\u062f\u064a\u0643 \u0645\u0642\u062f\u0645 \u062e\u062f\u0645\u0629 \u0642\u0627\u062f\u0631 \u0639\u0644\u0649 \u0627\u0644\u0639\u0645\u0644 \u0641\u064a \u062c\u0645\u064a\u0639 \u0627\u0644\u0645\u062c\u0627\u0644\u0627\u062a \u0648\u0628\u0627\u0644\u062a\u0627\u0644\u064a \u062a\u0642\u062f\u064a\u0645 \u0625\u062f\u0627\u0631\u0629 \u0643\u0627\u0645\u0644\u0629 \u0644\u0644\u0639\u0645\u0644\u064a\u0627\u062a<\/p>\n<p>\u0648\u0639\u0644\u0649 \u0645\u0633\u062a\u0648\u0649 \u0645\u0631\u0627\u062c\u0639\u0629 \u0627\u0644\u062d\u0633\u0627\u0628\u0627\u062a \u0627\u0644\u062c\u0645\u0631\u0643\u064a\u0629 \u0648\u062a\u062d\u0633\u064a\u0646\u0647\u0627 \u0639\u0644\u0649 \u0627\u0644\u0646\u062d\u0648 \u0627\u0644\u0623\u0645\u062b\u0644\u060c \u062a\u0634\u0645\u0644 \u062e\u062f\u0645\u0627\u062a\u0646\u0627 \u0627\u0644\u062a\u0643\u064a\u0641 \u0645\u0639 \u0627\u0644\u0623\u0646\u0638\u0645\u0629 \u0627\u0644\u062c\u0645\u0631\u0643\u064a\u0629 \u0627\u0644\u0648\u0637\u0646\u064a\u0629 \u0648\u0627\u0644\u062f\u0648\u0644\u064a\u0629\u060c \u0648\u0627\u0644\u0627\u062a\u0635\u0627\u0644 \u0628\u0627\u0644\u062f\u0648\u0627\u0626\u0631 \u0627\u0644\u062c\u0645\u0631\u0643\u064a\u0629\u060c \u0648\u062a\u062d\u0644\u064a\u0644 \u0627\u062c\u0631\u0627\u0621\u0627\u062a\u0647\u0627 \u0648\u062a\u0628\u0633\u064a\u0637 \u0627\u0644\u0625\u0642\u0631\u0627\u0631\u0627\u062a \u0648\u0625\u062c\u0631\u0627\u0621\u0627\u062a \u0627\u0644\u062a\u062e\u0644\u064a\u0635<\/p>\t\t\t\t\t\t\t\t<\/div>\n\t\t\t\t<\/div>\n\t\t\t\t\t<\/div>\n\t\t<\/div>\n\t\t\t\t<div class=\"elementor-column elementor-col-33 elementor-top-column elementor-element elementor-element-5ee30ac\" data-id=\"5ee30ac\" data-element_type=\"column\" data-e-type=\"column\">\n\t\t\t<div class=\"elementor-widget-wrap elementor-element-populated\">\n\t\t\t\t\t\t<div class=\"elementor-element elementor-element-c8b4907 elementor-widget__width-initial elementor-widget elementor-widget-image\" data-id=\"c8b4907\" data-element_type=\"widget\" data-e-type=\"widget\" data-widget_type=\"image.default\">\n\t\t\t\t<div class=\"elementor-widget-container\">\n\t\t\t\t\t\t\t\t\t\t\t\t\t\t\t<img fetchpriority=\"high\" decoding=\"async\" width=\"768\" height=\"1076\" src=\"https:\/\/amatab.com\/wp-content\/uploads\/2023\/11\/gros-plan-frappe-main-homme-clavier-au-lieu-travail-768x1076.jpg\" class=\"attachment-medium_large size-medium_large wp-image-7974\" alt=\"\" srcset=\"https:\/\/amatab.com\/wp-content\/uploads\/2023\/11\/gros-plan-frappe-main-homme-clavier-au-lieu-travail-768x1076.jpg 768w, https:\/\/amatab.com\/wp-content\/uploads\/2023\/11\/gros-plan-frappe-main-homme-clavier-au-lieu-travail-214x300.jpg 214w, https:\/\/amatab.com\/wp-content\/uploads\/2023\/11\/gros-plan-frappe-main-homme-clavier-au-lieu-travail-731x1024.jpg 731w, https:\/\/amatab.com\/wp-content\/uploads\/2023\/11\/gros-plan-frappe-main-homme-clavier-au-lieu-travail-1096x1536.jpg 1096w, https:\/\/amatab.com\/wp-content\/uploads\/2023\/11\/gros-plan-frappe-main-homme-clavier-au-lieu-travail-1462x2048.jpg 1462w, https:\/\/amatab.com\/wp-content\/uploads\/2023\/11\/gros-plan-frappe-main-homme-clavier-au-lieu-travail-1320x1849.jpg 1320w, https:\/\/amatab.com\/wp-content\/uploads\/2023\/11\/gros-plan-frappe-main-homme-clavier-au-lieu-travail-600x841.jpg 600w, https:\/\/amatab.com\/wp-content\/uploads\/2023\/11\/gros-plan-frappe-main-homme-clavier-au-lieu-travail-scaled.jpg 1827w\" sizes=\"(max-width: 768px) 100vw, 768px\" \/>\t\t\t\t\t\t\t\t\t\t\t\t\t\t\t<\/div>\n\t\t\t\t<\/div>\n\t\t\t\t\t<\/div>\n\t\t<\/div>\n\t\t\t\t<div class=\"elementor-column elementor-col-33 elementor-top-column elementor-element elementor-element-7d0380d\" data-id=\"7d0380d\" data-element_type=\"column\" data-e-type=\"column\">\n\t\t\t<div class=\"elementor-widget-wrap elementor-element-populated\">\n\t\t\t\t\t\t<div class=\"elementor-element elementor-element-1ff8c44 elementor-widget elementor-widget-transx_links_list\" data-id=\"1ff8c44\" data-element_type=\"widget\" data-e-type=\"widget\" data-widget_type=\"transx_links_list.default\">\n\t\t\t\t<div class=\"elementor-widget-container\">\n\t\t\t\t\t\n        <div class=\"transx_links_list_widget\">\n            <div class=\"transx_links_list_wrapper transx_view_type_2\">\n                <h5 class=\"transx_links_list_title\">\u062e\u062f\u0645\u0627\u062a \u0623\u062e\u0631\u0649<\/h5>\n\n                                            <a class=\"transx_links_list_item\" href=\"https:\/\/amatab.com\/index.php\/dedouanement\/\" >\n                                <img decoding=\"async\" class=\"transx_img--bg\" src=\"http:\/\/amatab.com\/wp-content\/uploads\/2023\/11\/logistique-transport-porte-conteneurs-avion-cargo-pont-roulant-travail-dans-chantier-naval-au-lever-du-soleil-logistique-import-export-transport-contexte-industrie-ai-generative-scaled.jpg\" alt=\"Background Image\" \/>\n                                <h6>\u0627\u0644\u0625\u062c\u0631\u0627\u0621\u0627\u062a \u0627\u0644\u062c\u0645\u0631\u0643\u064a\u0629<\/h6>\n                                <span class=\"transx_links_list_counter\">01<\/span>\n                            <\/a>\n                                                        <a class=\"transx_links_list_item\" href=\"https:\/\/amatab.com\/index.php\/documentation-a-lexportation\/\" >\n                                <img decoding=\"async\" class=\"transx_img--bg\" src=\"http:\/\/amatab.com\/wp-content\/uploads\/2023\/10\/33098-1.jpg\" alt=\"Background Image\" \/>\n                                <h6>\u0648\u062b\u0627\u0626\u0642 \u0627\u0644\u062a\u0635\u062f\u064a\u0631<\/h6>\n                                <span class=\"transx_links_list_counter\">02<\/span>\n                            <\/a>\n                                                            <\/div>\n        <\/div>\n\n        \t\t\t\t<\/div>\n\t\t\t\t<\/div>\n\t\t\t\t<div class=\"elementor-element elementor-element-ecb06b1 elementor-widget elementor-widget-html\" data-id=\"ecb06b1\" data-element_type=\"widget\" data-e-type=\"widget\" data-widget_type=\"html.default\">\n\t\t\t\t<div class=\"elementor-widget-container\">\n\t\t\t\t\t<div class=\"transx_contact-trigger transx_contact-trigger--style-2\">\n\t\n\n\t<h4 class=\"transx_contact-trigger__title\">\u0647\u0644 \u062a\u062d\u062a\u0627\u062c \u0625\u0644\u0649 \u0639\u0631\u0636 \u0623\u0633\u0639\u0627\u0631 \u061f<\/h4>\n\n\t<p class=\"transx_contact-trigger__text\">\u0646\u062d\u0646 \u0647\u0646\u0627 \u0644\u062a\u0632\u0648\u064a\u062f\u0643 \u0628\u0633\u0631\u0639\u0629 \u0628\u0645\u0639\u0644\u0648\u0645\u0627\u062a \u0645\u0641\u0635\u0644\u0629 \u062d\u0648\u0644 \u0623\u0633\u0639\u0627\u0631\u0646\u0627<\/p>\n\n\t<a class=\"transx_button\" href=\"https:\/\/amatab.com\/ar\/import-export\/audit-et-optimisation-douaniere\/obtenir-un-devis\/\">\n\t\t<span>\u0644\u0644\u062d\u0635\u0648\u0644 \u0639\u0644\u0649 \u0639\u0631\u0636 \u0623\u0633\u0639\u0627\u0631<\/span>\n\t\t<svg class=\"icon\">\n\t\t\t<svg viewbox=\"0 0 150 78.6\" xmlns=\"http:\/\/www.w3.org\/2000\/svg\"><path d=\"M0 31.5h150v12.7H0V31.5zM112.8-.1l30.9 31.5-8.8 9L104 8.9l8.8-9zm18.1 51l-18.4 18.8 8.9 9 18.4-18.8-8.9-9z\"\/><\/svg>\n\t\t<\/svg>\n\t<\/a>\n<\/div>\t\t\t\t<\/div>\n\t\t\t\t<\/div>\n\t\t\t\t\t<\/div>\n\t\t<\/div>\n\t\t\t\t\t<\/div>\n\t\t<\/section>\n\t\t\t\t<\/div>","protected":false},"excerpt":{"rendered":"<p>Les r\u00e9glementations douani\u00e8res complexes et en constante \u00e9volution sont des \u00e9l\u00e9ments intrins\u00e8ques qui peuvent avoir un impact financier sur les entreprises et la fluidit\u00e9 de leurs op\u00e9rations. En mettant en place des processus douaniers et en optimisant les proc\u00e9dures,\u00a0 les entreprises pourraient am\u00e9liorer votre efficacit\u00e9 tout en r\u00e9duisant les risques associ\u00e9s. La douane et l\u2019ensemble [&hellip;]<\/p>\n","protected":false},"author":5,"featured_media":0,"parent":2476,"menu_order":169,"comment_status":"closed","ping_status":"closed","template":"","meta":{"om_disable_all_campaigns":false,"_uf_show_specific_survey":0,"_uf_disable_surveys":false,"footnotes":""},"folder":[],"class_list":["post-1970","page","type-page","status-publish","hentry"],"aioseo_notices":[],"_links":{"self":[{"href":"https:\/\/amatab.com\/ar\/wp-json\/wp\/v2\/pages\/1970","targetHints":{"allow":["GET"]}}],"collection":[{"href":"https:\/\/amatab.com\/ar\/wp-json\/wp\/v2\/pages"}],"about":[{"href":"https:\/\/amatab.com\/ar\/wp-json\/wp\/v2\/types\/page"}],"author":[{"embeddable":true,"href":"https:\/\/amatab.com\/ar\/wp-json\/wp\/v2\/users\/5"}],"replies":[{"embeddable":true,"href":"https:\/\/amatab.com\/ar\/wp-json\/wp\/v2\/comments?post=1970"}],"version-history":[{"count":70,"href":"https:\/\/amatab.com\/ar\/wp-json\/wp\/v2\/pages\/1970\/revisions"}],"predecessor-version":[{"id":16056,"href":"https:\/\/amatab.com\/ar\/wp-json\/wp\/v2\/pages\/1970\/revisions\/16056"}],"up":[{"embeddable":true,"href":"https:\/\/amatab.com\/ar\/wp-json\/wp\/v2\/pages\/2476"}],"wp:attachment":[{"href":"https:\/\/amatab.com\/ar\/wp-json\/wp\/v2\/media?parent=1970"}],"wp:term":[{"taxonomy":"folder","embeddable":true,"href":"https:\/\/amatab.com\/ar\/wp-json\/wp\/v2\/folder?post=1970"}],"curies":[{"name":"wp","href":"https:\/\/api.w.org\/{rel}","templated":true}]}}