{"id":1985,"date":"2023-09-14T19:23:17","date_gmt":"2023-09-14T17:23:17","guid":{"rendered":"https:\/\/amatab.com\/?page_id=1985"},"modified":"2024-02-07T09:07:50","modified_gmt":"2024-02-07T08:07:50","slug":"accompagnement-et-consulting","status":"publish","type":"page","link":"https:\/\/amatab.com\/ar\/entreprises-petrolieres\/accompagnement-et-consulting\/","title":{"rendered":"Accompagnement et Consulting"},"content":{"rendered":"<div data-elementor-type=\"wp-page\" data-elementor-id=\"1985\" class=\"elementor elementor-1985\" data-elementor-post-type=\"page\">\n\t\t\t\t\t\t<section class=\"elementor-section elementor-top-section elementor-element elementor-element-433df95 elementor-section-boxed elementor-section-height-default elementor-section-height-default\" data-id=\"433df95\" data-element_type=\"section\" data-e-type=\"section\">\n\t\t\t\t\t\t<div class=\"elementor-container elementor-column-gap-default\">\n\t\t\t\t\t<div class=\"elementor-column elementor-col-33 elementor-top-column elementor-element elementor-element-34b51ba\" data-id=\"34b51ba\" data-element_type=\"column\" data-e-type=\"column\">\n\t\t\t<div class=\"elementor-widget-wrap elementor-element-populated\">\n\t\t\t\t\t\t<section class=\"elementor-section elementor-inner-section elementor-element elementor-element-513e0de elementor-section-boxed elementor-section-height-default elementor-section-height-default\" data-id=\"513e0de\" data-element_type=\"section\" data-e-type=\"section\">\n\t\t\t\t\t\t<div class=\"elementor-container elementor-column-gap-default\">\n\t\t\t\t\t<div class=\"elementor-column elementor-col-100 elementor-inner-column elementor-element elementor-element-ece988e\" data-id=\"ece988e\" data-element_type=\"column\" data-e-type=\"column\">\n\t\t\t<div class=\"elementor-widget-wrap elementor-element-populated\">\n\t\t\t\t\t\t<div class=\"elementor-element elementor-element-a9fe222 elementor-widget elementor-widget-text-editor\" data-id=\"a9fe222\" data-element_type=\"widget\" data-e-type=\"widget\" data-widget_type=\"text-editor.default\">\n\t\t\t\t<div class=\"elementor-widget-container\">\n\t\t\t\t\t\t\t\t\t<p>\u062a\u0633\u0627\u0639\u062f\u0643 AMATAB&amp;CO \u0641\u064a \u0625\u0646\u0634\u0627\u0621 \u0648\u0625\u062f\u0627\u0631\u0629 \u0634\u0631\u0643\u0629 \u0627\u0644\u0646\u0641\u0637 \u0627\u0644\u062e\u0627\u0635\u0629 \u0628\u0643\u060c \u062d\u064a\u062b \u062a\u0642\u062f\u0645 \u062e\u062f\u0645\u0629 \u0627\u0633\u062a\u0634\u0627\u0631\u064a\u0629 \u062a\u063a\u0637\u064a \u062c\u0645\u064a\u0639 \u0627\u0644\u062c\u0648\u0627\u0646\u0628 \u0627\u0644\u0623\u0633\u0627\u0633\u064a\u0629.<\/p><p>\u0646\u062d\u0646 \u0645\u0644\u062a\u0632\u0645\u0648\u0646 \u0628\u062a\u0628\u0633\u064a\u0637 \u0647\u0630\u0647 \u0627\u0644\u0639\u0645\u0644\u064a\u0629 \u0645\u0646 \u062e\u0644\u0627\u0644 \u0645\u0633\u0627\u0639\u062f\u062a\u0643 \u0641\u064a \u062c\u0645\u0639 \u0627\u0644\u0648\u062b\u0627\u0626\u0642 \u0627\u0644\u0644\u0627\u0632\u0645\u0629 \u0648\u062a\u0642\u062f\u064a\u0645 \u0627\u0644\u0645\u0634\u0648\u0631\u0629 \u0627\u0644\u0645\u0627\u0644\u064a\u0629 \u0627\u0644\u0633\u0644\u064a\u0645\u0629 \u0644\u0628\u0646\u0627\u0621 \u0639\u0645\u0644 \u0642\u0648\u064a.<\/p>\t\t\t\t\t\t\t\t<\/div>\n\t\t\t\t<\/div>\n\t\t\t\t<div class=\"elementor-element elementor-element-e3d6eb8 elementor-widget__width-initial elementor-hidden-desktop elementor-hidden-tablet elementor-widget elementor-widget-image\" data-id=\"e3d6eb8\" data-element_type=\"widget\" data-e-type=\"widget\" data-widget_type=\"image.default\">\n\t\t\t\t<div class=\"elementor-widget-container\">\n\t\t\t\t\t\t\t\t\t\t\t\t\t\t\t<img fetchpriority=\"high\" decoding=\"async\" width=\"683\" height=\"1024\" src=\"https:\/\/amatab.com\/wp-content\/uploads\/2023\/11\/deux-jeune-homme-affaires-ayant-reunion-reussie-au-restaurant-683x1024.jpg\" class=\"attachment-large size-large wp-image-12447\" alt=\"\" srcset=\"https:\/\/amatab.com\/wp-content\/uploads\/2023\/11\/deux-jeune-homme-affaires-ayant-reunion-reussie-au-restaurant-683x1024.jpg 683w, https:\/\/amatab.com\/wp-content\/uploads\/2023\/11\/deux-jeune-homme-affaires-ayant-reunion-reussie-au-restaurant-200x300.jpg 200w, https:\/\/amatab.com\/wp-content\/uploads\/2023\/11\/deux-jeune-homme-affaires-ayant-reunion-reussie-au-restaurant-768x1152.jpg 768w, https:\/\/amatab.com\/wp-content\/uploads\/2023\/11\/deux-jeune-homme-affaires-ayant-reunion-reussie-au-restaurant-1024x1536.jpg 1024w, https:\/\/amatab.com\/wp-content\/uploads\/2023\/11\/deux-jeune-homme-affaires-ayant-reunion-reussie-au-restaurant-1365x2048.jpg 1365w, https:\/\/amatab.com\/wp-content\/uploads\/2023\/11\/deux-jeune-homme-affaires-ayant-reunion-reussie-au-restaurant-1320x1980.jpg 1320w, https:\/\/amatab.com\/wp-content\/uploads\/2023\/11\/deux-jeune-homme-affaires-ayant-reunion-reussie-au-restaurant-600x900.jpg 600w, https:\/\/amatab.com\/wp-content\/uploads\/2023\/11\/deux-jeune-homme-affaires-ayant-reunion-reussie-au-restaurant-scaled.jpg 1707w\" sizes=\"(max-width: 683px) 100vw, 683px\" \/>\t\t\t\t\t\t\t\t\t\t\t\t\t\t\t<\/div>\n\t\t\t\t<\/div>\n\t\t\t\t<div class=\"elementor-element elementor-element-ec956e4 elementor-widget elementor-widget-text-editor\" data-id=\"ec956e4\" data-element_type=\"widget\" data-e-type=\"widget\" data-widget_type=\"text-editor.default\">\n\t\t\t\t<div class=\"elementor-widget-container\">\n\t\t\t\t\t\t\t\t\t<p>\u0633\u0648\u0627\u0621 \u0643\u0627\u0646 \u0630\u0644\u0643 \u0645\u0646 \u0623\u062c\u0644 \u0627\u0644\u0628\u0646\u0627\u0621 \u0627\u0644\u0645\u062e\u0635\u0635 \u0644\u0644\u0645\u0628\u0627\u0646\u064a\u060c \u0623\u0648 \u062a\u0648\u0631\u064a\u062f \u0627\u0644\u0645\u0639\u062f\u0627\u062a \u0627\u0644\u0623\u0633\u0627\u0633\u064a\u0629\u060c \u0623\u0648 \u0627\u0644\u0635\u064a\u0627\u0646\u0629 \u0627\u0644\u0645\u0646\u062a\u0638\u0645\u0629 \u0644\u0645\u0631\u0627\u0641\u0642\u0643\u060c \u0641\u0625\u0646 \u0641\u0631\u064a\u0642 \u0627\u0644\u062e\u0628\u0631\u0627\u0621 \u0644\u062f\u064a\u0646\u0627 \u0639\u0644\u0649 \u0627\u0633\u062a\u0639\u062f\u0627\u062f \u0644\u0645\u0631\u0627\u0641\u0642\u062a\u0643 \u0648\u0625\u0639\u0637\u0627\u0626\u0643 \u0627\u0644\u0646\u0635\u064a\u062d\u0629 \u0627\u0644\u0635\u062d\u064a\u062d\u0629.<\/p>\t\t\t\t\t\t\t\t<\/div>\n\t\t\t\t<\/div>\n\t\t\t\t<div class=\"elementor-element elementor-element-243f002 elementor-widget elementor-widget-text-editor\" data-id=\"243f002\" data-element_type=\"widget\" data-e-type=\"widget\" data-widget_type=\"text-editor.default\">\n\t\t\t\t<div class=\"elementor-widget-container\">\n\t\t\t\t\t\t\t\t\t<p>\u0646\u062d\u0646 \u0646\u062a\u0641\u0647\u0645 \u0627\u0644\u062a\u062d\u062f\u064a\u0627\u062a \u0627\u0644\u0645\u062d\u062f\u062f\u0629 \u0644\u0635\u0646\u0627\u0639\u0629 \u0627\u0644\u0646\u0641\u0637 \u0648\u0646\u062d\u0646 \u062f\u0627\u0626\u0645\u064b\u0627 \u0645\u0648\u062c\u0648\u062f\u0648\u0646 \u0644\u0645\u0633\u0627\u0639\u062f\u062a\u0643 \u0641\u064a \u0627\u0644\u062a\u063a\u0644\u0628 \u0639\u0644\u0649 \u0627\u0644\u062a\u062d\u062f\u064a\u0627\u062a \u0648\u0627\u063a\u062a\u0646\u0627\u0645 \u0627\u0644\u0641\u0631\u0635.<\/p>\t\t\t\t\t\t\t\t<\/div>\n\t\t\t\t<\/div>\n\t\t\t\t\t<\/div>\n\t\t<\/div>\n\t\t\t\t\t<\/div>\n\t\t<\/section>\n\t\t\t\t\t<\/div>\n\t\t<\/div>\n\t\t\t\t<div class=\"elementor-column elementor-col-33 elementor-top-column elementor-element elementor-element-e42ddfb\" data-id=\"e42ddfb\" data-element_type=\"column\" data-e-type=\"column\">\n\t\t\t<div class=\"elementor-widget-wrap elementor-element-populated\">\n\t\t\t\t\t\t<div class=\"elementor-element elementor-element-f5f0073 elementor-widget__width-initial elementor-widget-mobile__width-initial elementor-hidden-mobile elementor-widget elementor-widget-image\" data-id=\"f5f0073\" data-element_type=\"widget\" data-e-type=\"widget\" data-widget_type=\"image.default\">\n\t\t\t\t<div class=\"elementor-widget-container\">\n\t\t\t\t\t\t\t\t\t\t\t\t\t\t\t<img fetchpriority=\"high\" decoding=\"async\" width=\"683\" height=\"1024\" src=\"https:\/\/amatab.com\/wp-content\/uploads\/2023\/11\/deux-jeune-homme-affaires-ayant-reunion-reussie-au-restaurant-683x1024.jpg\" class=\"attachment-large size-large wp-image-12447\" alt=\"\" srcset=\"https:\/\/amatab.com\/wp-content\/uploads\/2023\/11\/deux-jeune-homme-affaires-ayant-reunion-reussie-au-restaurant-683x1024.jpg 683w, https:\/\/amatab.com\/wp-content\/uploads\/2023\/11\/deux-jeune-homme-affaires-ayant-reunion-reussie-au-restaurant-200x300.jpg 200w, https:\/\/amatab.com\/wp-content\/uploads\/2023\/11\/deux-jeune-homme-affaires-ayant-reunion-reussie-au-restaurant-768x1152.jpg 768w, https:\/\/amatab.com\/wp-content\/uploads\/2023\/11\/deux-jeune-homme-affaires-ayant-reunion-reussie-au-restaurant-1024x1536.jpg 1024w, https:\/\/amatab.com\/wp-content\/uploads\/2023\/11\/deux-jeune-homme-affaires-ayant-reunion-reussie-au-restaurant-1365x2048.jpg 1365w, https:\/\/amatab.com\/wp-content\/uploads\/2023\/11\/deux-jeune-homme-affaires-ayant-reunion-reussie-au-restaurant-1320x1980.jpg 1320w, https:\/\/amatab.com\/wp-content\/uploads\/2023\/11\/deux-jeune-homme-affaires-ayant-reunion-reussie-au-restaurant-600x900.jpg 600w, https:\/\/amatab.com\/wp-content\/uploads\/2023\/11\/deux-jeune-homme-affaires-ayant-reunion-reussie-au-restaurant-scaled.jpg 1707w\" sizes=\"(max-width: 683px) 100vw, 683px\" \/>\t\t\t\t\t\t\t\t\t\t\t\t\t\t\t<\/div>\n\t\t\t\t<\/div>\n\t\t\t\t<div class=\"elementor-element elementor-element-03c0d12 elementor-widget elementor-widget-image\" data-id=\"03c0d12\" data-element_type=\"widget\" data-e-type=\"widget\" data-widget_type=\"image.default\">\n\t\t\t\t<div class=\"elementor-widget-container\">\n\t\t\t\t\t\t\t\t\t\t\t\t\t\t\t<img decoding=\"async\" src=\"http:\/\/amatab.com\/wp-content\/uploads\/2023\/11\/concept-education-etudiant-etudiant-faisant-remue-meninges-concept-du-campus-gros-plan-etudiants-qui-discutent-leur-sujet-livres-manuels-scolaires-mise-au-point-selective-scaled.jpg\" title=\"\" alt=\"\" loading=\"lazy\" \/>\t\t\t\t\t\t\t\t\t\t\t\t\t\t\t<\/div>\n\t\t\t\t<\/div>\n\t\t\t\t\t<\/div>\n\t\t<\/div>\n\t\t\t\t<div class=\"elementor-column elementor-col-33 elementor-top-column elementor-element elementor-element-cf2f4d5\" data-id=\"cf2f4d5\" data-element_type=\"column\" data-e-type=\"column\">\n\t\t\t<div class=\"elementor-widget-wrap elementor-element-populated\">\n\t\t\t\t\t\t<div class=\"elementor-element elementor-element-2030144 elementor-widget elementor-widget-html\" data-id=\"2030144\" data-element_type=\"widget\" data-e-type=\"widget\" data-widget_type=\"html.default\">\n\t\t\t\t<div class=\"elementor-widget-container\">\n\t\t\t\t\t<div class=\"transx_contact-trigger transx_contact-trigger--style-2\">\n\n\n\t<h4 class=\"transx_contact-trigger__title\">\u0647\u0644 \u062a\u062d\u062a\u0627\u062c \u0625\u0644\u0649 \u0639\u0631\u0636 \u0623\u0633\u0639\u0627\u0631 \u061f<\/h4>\n\n\t<p class=\"transx_contact-trigger__text\">\u0646\u062d\u0646 \u0647\u0646\u0627 \u0644\u062a\u0632\u0648\u064a\u062f\u0643 \u0628\u0633\u0631\u0639\u0629 \u0628\u0645\u0639\u0644\u0648\u0645\u0627\u062a \u0645\u0641\u0635\u0644\u0629 \u062d\u0648\u0644 \u0623\u0633\u0639\u0627\u0631\u0646\u0627<\/p>\n\n\t<a class=\"transx_button\" href=\"https:\/\/amatab.com\/ar\/accompagnement-et-consulting-ep\/obtenir-un-devis\/\">\n\t\t<span>\u0644\u0644\u062d\u0635\u0648\u0644 \u0639\u0644\u0649 \u0639\u0631\u0636 \u0623\u0633\u0639\u0627\u0631<\/span>\n\t\t<svg class=\"icon\">\n\t\t\t<svg viewbox=\"0 0 150 78.6\" xmlns=\"http:\/\/www.w3.org\/2000\/svg\"><path d=\"M0 31.5h150v12.7H0V31.5zM112.8-.1l30.9 31.5-8.8 9L104 8.9l8.8-9zm18.1 51l-18.4 18.8 8.9 9 18.4-18.8-8.9-9z\"\/><\/svg>\n\t\t<\/svg>\n\t<\/a>\n<\/div>\t\t\t\t<\/div>\n\t\t\t\t<\/div>\n\t\t\t\t\t<\/div>\n\t\t<\/div>\n\t\t\t\t\t<\/div>\n\t\t<\/section>\n\t\t\t\t<section class=\"elementor-section elementor-top-section elementor-element elementor-element-71c461f elementor-section-boxed elementor-section-height-default elementor-section-height-default\" data-id=\"71c461f\" data-element_type=\"section\" data-e-type=\"section\">\n\t\t\t\t\t\t<div class=\"elementor-container elementor-column-gap-default\">\n\t\t\t\t\t<div class=\"elementor-column elementor-col-100 elementor-top-column elementor-element elementor-element-6c7c809\" data-id=\"6c7c809\" data-element_type=\"column\" data-e-type=\"column\">\n\t\t\t<div class=\"elementor-widget-wrap\">\n\t\t\t\t\t\t\t<\/div>\n\t\t<\/div>\n\t\t\t\t\t<\/div>\n\t\t<\/section>\n\t\t\t\t<\/div>","protected":false},"excerpt":{"rendered":"<p>AMATAB &amp; CO vous accompagne de mani\u00e8re compl\u00e8te dans la cr\u00e9ation et la gestion de votre entreprise p\u00e9troli\u00e8re, en offrant un service de consulting qui couvre tous les aspects essentiels. Nous sommes d\u00e9termin\u00e9s \u00e0 simplifier ce processus en vous aidant \u00e0 rassembler la documentation n\u00e9cessaire et en vous prodiguant des conseils financiers avis\u00e9s pour mettre [&hellip;]<\/p>\n","protected":false},"author":5,"featured_media":0,"parent":3833,"menu_order":167,"comment_status":"closed","ping_status":"closed","template":"","meta":{"om_disable_all_campaigns":false,"_uf_show_specific_survey":0,"_uf_disable_surveys":false,"footnotes":""},"folder":[],"class_list":["post-1985","page","type-page","status-publish","hentry"],"aioseo_notices":[],"_links":{"self":[{"href":"https:\/\/amatab.com\/ar\/wp-json\/wp\/v2\/pages\/1985","targetHints":{"allow":["GET"]}}],"collection":[{"href":"https:\/\/amatab.com\/ar\/wp-json\/wp\/v2\/pages"}],"about":[{"href":"https:\/\/amatab.com\/ar\/wp-json\/wp\/v2\/types\/page"}],"author":[{"embeddable":true,"href":"https:\/\/amatab.com\/ar\/wp-json\/wp\/v2\/users\/5"}],"replies":[{"embeddable":true,"href":"https:\/\/amatab.com\/ar\/wp-json\/wp\/v2\/comments?post=1985"}],"version-history":[{"count":68,"href":"https:\/\/amatab.com\/ar\/wp-json\/wp\/v2\/pages\/1985\/revisions"}],"predecessor-version":[{"id":16169,"href":"https:\/\/amatab.com\/ar\/wp-json\/wp\/v2\/pages\/1985\/revisions\/16169"}],"up":[{"embeddable":true,"href":"https:\/\/amatab.com\/ar\/wp-json\/wp\/v2\/pages\/3833"}],"wp:attachment":[{"href":"https:\/\/amatab.com\/ar\/wp-json\/wp\/v2\/media?parent=1985"}],"wp:term":[{"taxonomy":"folder","embeddable":true,"href":"https:\/\/amatab.com\/ar\/wp-json\/wp\/v2\/folder?post=1985"}],"curies":[{"name":"wp","href":"https:\/\/api.w.org\/{rel}","templated":true}]}}