{"id":2180,"date":"2023-09-16T00:43:53","date_gmt":"2023-09-15T22:43:53","guid":{"rendered":"https:\/\/amatab.com\/?page_id=2180"},"modified":"2023-09-16T02:18:25","modified_gmt":"2023-09-16T00:18:25","slug":"creation-dentreprise","status":"publish","type":"page","link":"https:\/\/amatab.com\/ar\/creation-dentreprise\/","title":{"rendered":"Cr\u00e9ation d&rsquo;Entreprise"},"content":{"rendered":"<div data-elementor-type=\"wp-page\" data-elementor-id=\"2180\" class=\"elementor elementor-2180\" data-elementor-post-type=\"page\">\n\t\t\t\t\t\t<section class=\"elementor-section elementor-top-section elementor-element elementor-element-69924d93 elementor-section-boxed elementor-section-height-default elementor-section-height-default\" data-id=\"69924d93\" data-element_type=\"section\" data-e-type=\"section\">\n\t\t\t\t\t\t<div class=\"elementor-container elementor-column-gap-default\">\n\t\t\t\t\t<div class=\"elementor-column elementor-col-100 elementor-top-column elementor-element elementor-element-84cc571\" data-id=\"84cc571\" data-element_type=\"column\" data-e-type=\"column\">\n\t\t\t<div class=\"elementor-widget-wrap\">\n\t\t\t\t\t\t\t<\/div>\n\t\t<\/div>\n\t\t\t\t\t<\/div>\n\t\t<\/section>\n\t\t\t\t<section class=\"elementor-section elementor-top-section elementor-element elementor-element-b90ad67 elementor-hidden-tablet elementor-hidden-phone elementor-section-boxed elementor-section-height-default elementor-section-height-default\" data-id=\"b90ad67\" data-element_type=\"section\" data-e-type=\"section\">\n\t\t\t\t\t\t<div class=\"elementor-container elementor-column-gap-extended\">\n\t\t\t\t\t<div class=\"elementor-column elementor-col-33 elementor-top-column elementor-element elementor-element-d5b6d19 elementor-hidden-tablet elementor-hidden-phone\" data-id=\"d5b6d19\" data-element_type=\"column\" data-e-type=\"column\">\n\t\t\t<div class=\"elementor-widget-wrap elementor-element-populated\">\n\t\t\t\t\t\t<div class=\"elementor-element elementor-element-7e5da82 elementor-widget elementor-widget-transx_heading\" data-id=\"7e5da82\" data-element_type=\"widget\" data-e-type=\"widget\" data-widget_type=\"transx_heading.default\">\n\t\t\t\t<div class=\"elementor-widget-container\">\n\t\t\t\t\t\n        <div class=\"transx_heading_widget\">\n            \n                <h5 class=\"transx_heading\">\n                    Documents                <\/h5>\n                        <\/div>\n        \t\t\t\t<\/div>\n\t\t\t\t<\/div>\n\t\t\t\t<div class=\"elementor-element elementor-element-de42a4e elementor-widget elementor-widget-transx_download_doc\" data-id=\"de42a4e\" data-element_type=\"widget\" data-e-type=\"widget\" data-widget_type=\"transx_download_doc.default\">\n\t\t\t\t<div class=\"elementor-widget-container\">\n\t\t\t\t\t\n        <div class=\"transx_download_doc_widget\">\n            <div class=\"transx_download_doc_widget view_type_3\">\n                                    <div class=\"transx_dd_image_cont\">\n                                                    <img decoding=\"async\" class=\"transx_svg_icon\" src=\"https:\/\/demo.artureanec.com\/themes\/transx-new\/wp-content\/uploads\/2021\/06\/pdf-1.svg\" alt=\"SVG Icon\" \/>\n                                                <\/div>\n\n                    <div class=\"transx_dd_content_cont\">\n                                                    <h6 class=\"transx_dd_title\">\n                                <a class=\"transx_dd_link\" href=\"#\" download=\"Pricing Plan 2021\">Pricing Plan 2021<\/a>\n                            <\/h6>\n                                                        <div class=\"transx_dd_description\">PDF, 516 Kb<\/div>\n                                                <\/div>\n                                <\/div>\n        <\/div>\n        \t\t\t\t<\/div>\n\t\t\t\t<\/div>\n\t\t\t\t<div class=\"elementor-element elementor-element-cef9a4d elementor-widget elementor-widget-transx_download_doc\" data-id=\"cef9a4d\" data-element_type=\"widget\" data-e-type=\"widget\" data-widget_type=\"transx_download_doc.default\">\n\t\t\t\t<div class=\"elementor-widget-container\">\n\t\t\t\t\t\n        <div class=\"transx_download_doc_widget\">\n            <div class=\"transx_download_doc_widget view_type_3\">\n                                    <div class=\"transx_dd_image_cont\">\n                                                    <img decoding=\"async\" class=\"transx_svg_icon\" src=\"https:\/\/demo.artureanec.com\/themes\/transx-new\/wp-content\/uploads\/2021\/06\/docx-1.svg\" alt=\"SVG Icon\" \/>\n                                                <\/div>\n\n                    <div class=\"transx_dd_content_cont\">\n                                                    <h6 class=\"transx_dd_title\">\n                                <a class=\"transx_dd_link\" href=\"#\" download=\"Delivery Plans\">Delivery Plans<\/a>\n                            <\/h6>\n                                                        <div class=\"transx_dd_description\">DOC, 125 Kb<\/div>\n                                                <\/div>\n                                <\/div>\n        <\/div>\n        \t\t\t\t<\/div>\n\t\t\t\t<\/div>\n\t\t\t\t<div class=\"elementor-element elementor-element-2f31da7 elementor-widget elementor-widget-html\" data-id=\"2f31da7\" data-element_type=\"widget\" data-e-type=\"widget\" data-widget_type=\"html.default\">\n\t\t\t\t<div class=\"elementor-widget-container\">\n\t\t\t\t\t<div class=\"transx_contact-trigger transx_contact-trigger--style-2\">\n\t<img decoding=\"async\" class=\"transx_contact-trigger__img\" src=\"https:\/\/demo.artureanec.com\/themes\/transx\/wp-content\/uploads\/2021\/04\/contact_background.png\" alt=\"img\" \/>\n\n\t<h4 class=\"transx_contact-trigger__title\">Comment on peut vous aider ?<\/h4>\n\n\t<p class=\"transx_contact-trigger__text\">Contactez et Rencontrez des Experts P\u00e9troliers <\/p>\n\n\t<a class=\"transx_button\" href=\"https:\/\/amatab.com\/index.php\/contact-petrolier\/\">\n\t\t<span>\u0627\u062a\u0635\u0627\u0644<\/span>\n\t\t<svg class=\"icon\">\n\t\t\t<svg viewbox=\"0 0 150 78.6\" xmlns=\"http:\/\/www.w3.org\/2000\/svg\"><path d=\"M0 31.5h150v12.7H0V31.5zM112.8-.1l30.9 31.5-8.8 9L104 8.9l8.8-9zm18.1 51l-18.4 18.8 8.9 9 18.4-18.8-8.9-9z\"\/><\/svg>\n\t\t<\/svg>\n\t<\/a>\n<\/div>\t\t\t\t<\/div>\n\t\t\t\t<\/div>\n\t\t\t\t<div class=\"elementor-element elementor-element-c4b94c4 elementor-widget elementor-widget-transx_links_list\" data-id=\"c4b94c4\" data-element_type=\"widget\" data-e-type=\"widget\" data-widget_type=\"transx_links_list.default\">\n\t\t\t\t<div class=\"elementor-widget-container\">\n\t\t\t\t\t\n        <div class=\"transx_links_list_widget\">\n            <div class=\"transx_links_list_wrapper transx_view_type_2\">\n                <h5 class=\"transx_links_list_title\">Nos Services<\/h5>\n\n                                            <a class=\"transx_links_list_item\" href=\"https:\/\/amatab.com\/index.php\/creation-dentreprise\/\" >\n                                <img decoding=\"async\" class=\"transx_img--bg\" src=\"http:\/\/amatab.com\/wp-content\/uploads\/2023\/09\/pexels-fauxels-3183186.jpg\" alt=\"Background Image\" \/>\n                                <h6>Cr\u00e9ation d&#039;Entreprise<\/h6>\n                                <span class=\"transx_links_list_counter\">01<\/span>\n                            <\/a>\n                                                        <a class=\"transx_links_list_item\" href=\"https:\/\/amatab.com\/index.php\/etude-de-dossier\/\" >\n                                <img decoding=\"async\" class=\"transx_img--bg\" src=\"http:\/\/amatab.com\/wp-content\/uploads\/2023\/09\/pexels-sora-shimazaki-5668842.jpg\" alt=\"Background Image\" \/>\n                                <h6>Etude de Dossier<\/h6>\n                                <span class=\"transx_links_list_counter\">02<\/span>\n                            <\/a>\n                                                        <a class=\"transx_links_list_item\" href=\"https:\/\/amatab.com\/index.php\/accompagnement-et-conseil\/\" >\n                                <img decoding=\"async\" class=\"transx_img--bg\" src=\"http:\/\/amatab.com\/wp-content\/uploads\/2023\/09\/pexels-sora-shimazaki-5673488.jpg\" alt=\"Background Image\" \/>\n                                <h6>\u0645\u0631\u0627\u0641\u0642\u0629<\/h6>\n                                <span class=\"transx_links_list_counter\">03<\/span>\n                            <\/a>\n                                                            <\/div>\n        <\/div>\n\n        \t\t\t\t<\/div>\n\t\t\t\t<\/div>\n\t\t\t\t<div class=\"elementor-element elementor-element-ca40aa4 elementor-align-justify elementor-widget elementor-widget-button\" data-id=\"ca40aa4\" data-element_type=\"widget\" data-e-type=\"widget\" data-widget_type=\"button.default\">\n\t\t\t\t<div class=\"elementor-widget-container\">\n\t\t\t\t\t\t\t\t\t<div class=\"elementor-button-wrapper\">\n\t\t\t\t\t<a class=\"elementor-button elementor-button-link elementor-size-md\" href=\"#\">\n\t\t\t\t\t\t<span class=\"elementor-button-content-wrapper\">\n\t\t\t\t\t\t\t\t\t<span class=\"elementor-button-text\">Obtenir un Devis<\/span>\n\t\t\t\t\t<\/span>\n\t\t\t\t\t<\/a>\n\t\t\t\t<\/div>\n\t\t\t\t\t\t\t\t<\/div>\n\t\t\t\t<\/div>\n\t\t\t\t\t<\/div>\n\t\t<\/div>\n\t\t\t\t<div class=\"elementor-column elementor-col-66 elementor-top-column elementor-element elementor-element-297eae4\" data-id=\"297eae4\" data-element_type=\"column\" data-e-type=\"column\">\n\t\t\t<div class=\"elementor-widget-wrap elementor-element-populated\">\n\t\t\t\t\t\t<div class=\"elementor-element elementor-element-3e1c774 elementor-widget elementor-widget-heading\" data-id=\"3e1c774\" data-element_type=\"widget\" data-e-type=\"widget\" data-widget_type=\"heading.default\">\n\t\t\t\t<div class=\"elementor-widget-container\">\n\t\t\t\t\t<h4 class=\"elementor-heading-title elementor-size-default\">Cr\u00e9ation d'Entreprise<\/h4>\t\t\t\t<\/div>\n\t\t\t\t<\/div>\n\t\t\t\t<div class=\"elementor-element elementor-element-6b189dc elementor-widget elementor-widget-text-editor\" data-id=\"6b189dc\" data-element_type=\"widget\" data-e-type=\"widget\" data-widget_type=\"text-editor.default\">\n\t\t\t\t<div class=\"elementor-widget-container\">\n\t\t\t\t\t\t\t\t\t<p>Nous sommes une entreprise de transport international sp\u00e9cialis\u00e9e dans le secteur p\u00e9trolier. Notre gamme de services va au-del\u00e0 du simple transport traditionnel, pour inclure une assistance compl\u00e8te \u00e0 nos clients ainsi qu&rsquo;un soutien \u00e0 la cr\u00e9ation d&rsquo;entreprises en Tunisie, ainsi que l&rsquo;accompagnement tout au long des processus juridiques li\u00e9s \u00e0 l&rsquo;investissement dans le pays.<\/p>\n<p><span style=\"letter-spacing: 0px; font-weight: bolder; color: #414a53;\">Transport International de P\u00e9trole :<\/span><span style=\"color: var( --e-global-color-text ); letter-spacing: 0px;\">\u00a0Notre expertise principale r\u00e9side dans le transport s\u00fbr et efficace de produits p\u00e9troliers \u00e0 travers les fronti\u00e8res. Avec une flotte \u00e9tendue et une \u00e9quipe de professionnels exp\u00e9riment\u00e9s, nous assurons le flux fluide de p\u00e9trole et de produits p\u00e9troliers vers des destinations du monde entier. Qu&rsquo;il s&rsquo;agisse de p\u00e9trole brut, de produits raffin\u00e9s ou de produits p\u00e9trochimiques, nous avons la capacit\u00e9 logistique n\u00e9cessaire pour g\u00e9rer tous les aspects.<\/span><\/p>\n<p><span style=\"letter-spacing: 0px; font-weight: bolder; color: #414a53;\">Assistance Client\u00e8le :<\/span><span style=\"color: var( --e-global-color-text ); letter-spacing: 0px;\">\u00a0Nous nous distinguons par notre approche centr\u00e9e sur le client. Nous proposons des solutions sur mesure pour r\u00e9pondre aux besoins sp\u00e9cifiques de chacun de nos clients. Notre \u00e9quipe de support client d\u00e9di\u00e9e est disponible 24 heures sur 24 pour r\u00e9pondre aux questions, fournir des mises \u00e0 jour sur les exp\u00e9ditions et offrir des conseils d&rsquo;experts pour optimiser la logistique de transport.<\/span><\/p>\n<p><span style=\"letter-spacing: 0px; font-weight: bolder; color: #414a53;\">Cr\u00e9ation d&rsquo;Entreprises en Tunisie :<\/span><span style=\"color: var( --e-global-color-text ); letter-spacing: 0px;\">\u00a0Conscients du potentiel de croissance et d&rsquo;investissement en Tunisie, nous offrons une assistance inestimable aux entreprises souhaitant \u00e9tablir leur pr\u00e9sence dans le pays. Notre \u00e9quipe de consultants ma\u00eetrise parfaitement le paysage des affaires local et peut vous aider \u00e0 naviguer dans les complexit\u00e9s de la cr\u00e9ation d&rsquo;une entreprise en Tunisie.<\/span><\/p>\n<p><span style=\"letter-spacing: 0px; font-weight: bolder; color: #414a53;\">Conseils Juridiques :<\/span><span style=\"color: var( --e-global-color-text ); letter-spacing: 0px;\">\u00a0Investir dans un pays \u00e9tranger implique souvent des proc\u00e9dures juridiques complexes. Nous proposons un accompagnement juridique complet pour garantir que les investissements de nos clients respectent pleinement les lois et r\u00e9glementations tunisiennes. De l&rsquo;obtention des permis n\u00e9cessaires \u00e0 la compr\u00e9hension des exigences fiscales, nous accompagnons nos clients \u00e0 chaque \u00e9tape du processus.<\/span><\/p>\n<p><span style=\"letter-spacing: 0px; font-weight: bolder; color: #414a53;\">Informations sur le March\u00e9 :<\/span><span style=\"color: var( --e-global-color-text ); letter-spacing: 0px;\">\u00a0En plus du transport et du soutien juridique, nous fournissons \u00e0 nos clients des informations et des analyses de march\u00e9 pour prendre des d\u00e9cisions \u00e9clair\u00e9es concernant leurs investissements en Tunisie. Notre connaissance approfondie de l&rsquo;\u00e9conomie locale, des tendances de l&rsquo;industrie et des \u00e9volutions r\u00e9glementaires aide les entreprises \u00e0 prosp\u00e9rer sur le march\u00e9 tunisien.<\/span><\/p>\n<p>\u00a0<\/p>\n<p style=\"margin-bottom: 1.7rem;\">En r\u00e9sum\u00e9, nous ne sommes pas seulement une entreprise de transport ; nous sommes un partenaire de confiance dans vos d\u00e9marches internationales. Notre engagement envers l&rsquo;excellence, notre approche ax\u00e9e sur le client et notre gamme compl\u00e8te de services nous distinguent dans le domaine du transport international de p\u00e9trole et du soutien aux entreprises en Tunisie. Que vous ayez besoin d&rsquo;aide pour la logistique p\u00e9troli\u00e8re ou que vous envisagiez un investissement en Tunisie, nous sommes l\u00e0 pour vous guider \u00e0 chaque \u00e9tape du processus.<\/p>\t\t\t\t\t\t\t\t<\/div>\n\t\t\t\t<\/div>\n\t\t\t\t\t<\/div>\n\t\t<\/div>\n\t\t\t\t\t<\/div>\n\t\t<\/section>\n\t\t\t\t<\/div>","protected":false},"excerpt":{"rendered":"<p>Comment on peut vous aider ? Contactez et Rencontrez des Experts P\u00e9troliers Contact Obtenir un Devis Cr\u00e9ation d&rsquo;Entreprise Nous sommes une entreprise de transport international sp\u00e9cialis\u00e9e dans le secteur p\u00e9trolier. Notre gamme de services va au-del\u00e0 du simple transport traditionnel, pour inclure une assistance compl\u00e8te \u00e0 nos clients ainsi qu&rsquo;un soutien \u00e0 la cr\u00e9ation d&rsquo;entreprises [&hellip;]<\/p>\n","protected":false},"author":5,"featured_media":2088,"parent":0,"menu_order":164,"comment_status":"closed","ping_status":"closed","template":"","meta":{"om_disable_all_campaigns":false,"_uf_show_specific_survey":0,"_uf_disable_surveys":false,"footnotes":""},"folder":[],"class_list":["post-2180","page","type-page","status-publish","has-post-thumbnail","hentry"],"aioseo_notices":[],"_links":{"self":[{"href":"https:\/\/amatab.com\/ar\/wp-json\/wp\/v2\/pages\/2180","targetHints":{"allow":["GET"]}}],"collection":[{"href":"https:\/\/amatab.com\/ar\/wp-json\/wp\/v2\/pages"}],"about":[{"href":"https:\/\/amatab.com\/ar\/wp-json\/wp\/v2\/types\/page"}],"author":[{"embeddable":true,"href":"https:\/\/amatab.com\/ar\/wp-json\/wp\/v2\/users\/5"}],"replies":[{"embeddable":true,"href":"https:\/\/amatab.com\/ar\/wp-json\/wp\/v2\/comments?post=2180"}],"version-history":[{"count":5,"href":"https:\/\/amatab.com\/ar\/wp-json\/wp\/v2\/pages\/2180\/revisions"}],"predecessor-version":[{"id":2262,"href":"https:\/\/amatab.com\/ar\/wp-json\/wp\/v2\/pages\/2180\/revisions\/2262"}],"wp:featuredmedia":[{"embeddable":true,"href":"https:\/\/amatab.com\/ar\/wp-json\/wp\/v2\/media\/2088"}],"wp:attachment":[{"href":"https:\/\/amatab.com\/ar\/wp-json\/wp\/v2\/media?parent=2180"}],"wp:term":[{"taxonomy":"folder","embeddable":true,"href":"https:\/\/amatab.com\/ar\/wp-json\/wp\/v2\/folder?post=2180"}],"curies":[{"name":"wp","href":"https:\/\/api.w.org\/{rel}","templated":true}]}}