{"id":2629,"date":"2023-10-03T15:47:16","date_gmt":"2023-10-03T13:47:16","guid":{"rendered":"https:\/\/amatab.com\/?page_id=2629"},"modified":"2024-01-22T09:59:30","modified_gmt":"2024-01-22T08:59:30","slug":"equipement-du-navire","status":"publish","type":"page","link":"https:\/\/amatab.com\/ar\/armateur\/equipement-du-navire\/","title":{"rendered":"\u0645\u0639\u062f\u0627\u062a \u0627\u0644\u0633\u0641\u064a\u0646\u0629"},"content":{"rendered":"<div data-elementor-type=\"wp-page\" data-elementor-id=\"2629\" class=\"elementor elementor-2629\" data-elementor-post-type=\"page\">\n\t\t\t\t\t\t<section class=\"elementor-section elementor-top-section elementor-element elementor-element-dddc0d9 elementor-section-boxed elementor-section-height-default elementor-section-height-default\" data-id=\"dddc0d9\" data-element_type=\"section\" data-e-type=\"section\">\n\t\t\t\t\t\t<div class=\"elementor-container elementor-column-gap-default\">\n\t\t\t\t\t<div class=\"elementor-column elementor-col-50 elementor-top-column elementor-element elementor-element-ed42d8b\" data-id=\"ed42d8b\" data-element_type=\"column\" data-e-type=\"column\">\n\t\t\t<div class=\"elementor-widget-wrap elementor-element-populated\">\n\t\t\t\t\t\t<section class=\"elementor-section elementor-inner-section elementor-element elementor-element-0e91ccc elementor-section-boxed elementor-section-height-default elementor-section-height-default\" data-id=\"0e91ccc\" data-element_type=\"section\" data-e-type=\"section\">\n\t\t\t\t\t\t<div class=\"elementor-container elementor-column-gap-default\">\n\t\t\t\t\t<div class=\"elementor-column elementor-col-100 elementor-inner-column elementor-element elementor-element-8ad3e0d\" data-id=\"8ad3e0d\" data-element_type=\"column\" data-e-type=\"column\">\n\t\t\t<div class=\"elementor-widget-wrap elementor-element-populated\">\n\t\t\t\t\t\t<div class=\"elementor-element elementor-element-3d23843 elementor-widget__width-initial elementor-widget elementor-widget-text-editor\" data-id=\"3d23843\" data-element_type=\"widget\" data-e-type=\"widget\" data-widget_type=\"text-editor.default\">\n\t\t\t\t<div class=\"elementor-widget-container\">\n\t\t\t\t\t\t\t\t\t<p>\u0644\u0623\u0646\u0646\u0627 \u0646\u062f\u0631\u0643 \u0627\u0644\u0623\u0647\u0645\u064a\u0629 \u0627\u0644\u062d\u0627\u0633\u0645\u0629 \u0644\u0644\u062a\u062c\u0647\u064a\u0632\u0627\u062a \u0641\u064a \u0636\u0645\u0627\u0646 \u0627\u0644\u0623\u062f\u0627\u0621 \u0627\u0644\u0633\u0644\u064a\u0645 \u0648\u0633\u0644\u0627\u0645\u0629 \u0633\u0641\u064a\u0646\u062a\u0643\u060c \u0646\u062e\u062a\u0627\u0631 \u062a\u0642\u062f\u064a\u0645 \u062e\u062f\u0645\u0629 \u062a\u062c\u0647\u064a\u0632\u0627\u062a \u0645\u0646 \u0627\u0644\u062f\u0631\u062c\u0629 \u0627\u0644\u0623\u0648\u0644\u0649 \u062a\u0644\u0628\u064a \u062c\u0645\u064a\u0639 \u0645\u062a\u0637\u0644\u0628\u0627\u062a \u0623\u0633\u0637\u0648\u0644\u0643 \u0627\u0644\u0628\u062d\u0631\u064a<\/p><p>\u00a0<\/p>\t\t\t\t\t\t\t\t<\/div>\n\t\t\t\t<\/div>\n\t\t\t\t\t<\/div>\n\t\t<\/div>\n\t\t\t\t\t<\/div>\n\t\t<\/section>\n\t\t\t\t<div class=\"elementor-element elementor-element-c29d30b elementor-widget__width-initial elementor-widget elementor-widget-image\" data-id=\"c29d30b\" data-element_type=\"widget\" data-e-type=\"widget\" data-widget_type=\"image.default\">\n\t\t\t\t<div class=\"elementor-widget-container\">\n\t\t\t\t\t\t\t\t\t\t\t\t\t\t\t<img fetchpriority=\"high\" decoding=\"async\" width=\"1024\" height=\"683\" src=\"https:\/\/amatab.com\/wp-content\/uploads\/2023\/11\/istockphoto-1339057752-2048x2048-eyitwNCei-transformed-1024x683.jpeg\" class=\"attachment-large size-large wp-image-11952\" alt=\"\" srcset=\"https:\/\/amatab.com\/wp-content\/uploads\/2023\/11\/istockphoto-1339057752-2048x2048-eyitwNCei-transformed-1024x683.jpeg 1024w, https:\/\/amatab.com\/wp-content\/uploads\/2023\/11\/istockphoto-1339057752-2048x2048-eyitwNCei-transformed-300x200.jpeg 300w, https:\/\/amatab.com\/wp-content\/uploads\/2023\/11\/istockphoto-1339057752-2048x2048-eyitwNCei-transformed-768x512.jpeg 768w, https:\/\/amatab.com\/wp-content\/uploads\/2023\/11\/istockphoto-1339057752-2048x2048-eyitwNCei-transformed-1536x1024.jpeg 1536w, https:\/\/amatab.com\/wp-content\/uploads\/2023\/11\/istockphoto-1339057752-2048x2048-eyitwNCei-transformed-1320x880.jpeg 1320w, https:\/\/amatab.com\/wp-content\/uploads\/2023\/11\/istockphoto-1339057752-2048x2048-eyitwNCei-transformed-600x400.jpeg 600w, https:\/\/amatab.com\/wp-content\/uploads\/2023\/11\/istockphoto-1339057752-2048x2048-eyitwNCei-transformed-512x341.jpeg 512w, https:\/\/amatab.com\/wp-content\/uploads\/2023\/11\/istockphoto-1339057752-2048x2048-eyitwNCei-transformed.jpeg 2048w\" sizes=\"(max-width: 1024px) 100vw, 1024px\" \/>\t\t\t\t\t\t\t\t\t\t\t\t\t\t\t<\/div>\n\t\t\t\t<\/div>\n\t\t\t\t<div class=\"elementor-element elementor-element-9744adb elementor-widget elementor-widget-spacer\" data-id=\"9744adb\" data-element_type=\"widget\" data-e-type=\"widget\" data-widget_type=\"spacer.default\">\n\t\t\t\t<div class=\"elementor-widget-container\">\n\t\t\t\t\t\t\t<div class=\"elementor-spacer\">\n\t\t\t<div class=\"elementor-spacer-inner\"><\/div>\n\t\t<\/div>\n\t\t\t\t\t\t<\/div>\n\t\t\t\t<\/div>\n\t\t\t\t<section class=\"elementor-section elementor-inner-section elementor-element elementor-element-0390bc8 elementor-section-boxed elementor-section-height-default elementor-section-height-default\" data-id=\"0390bc8\" data-element_type=\"section\" data-e-type=\"section\">\n\t\t\t\t\t\t<div class=\"elementor-container elementor-column-gap-default\">\n\t\t\t\t\t<div class=\"elementor-column elementor-col-100 elementor-inner-column elementor-element elementor-element-935cce2\" data-id=\"935cce2\" data-element_type=\"column\" data-e-type=\"column\">\n\t\t\t<div class=\"elementor-widget-wrap elementor-element-populated\">\n\t\t\t\t\t\t<div class=\"elementor-element elementor-element-b7210f3 elementor-widget elementor-widget-text-editor\" data-id=\"b7210f3\" data-element_type=\"widget\" data-e-type=\"widget\" data-widget_type=\"text-editor.default\">\n\t\t\t\t<div class=\"elementor-widget-container\">\n\t\t\t\t\t\t\t\t\t<p>.\u0646\u062d\u0646 \u0645\u0644\u062a\u0632\u0645\u0648\u0646 \u0628\u062a\u0648\u0641\u064a\u0631 \u0645\u062c\u0645\u0648\u0639\u0629 \u0634\u0627\u0645\u0644\u0629 \u0645\u0646 \u0627\u0644\u062a\u062c\u0647\u064a\u0632\u0627\u062a \u0645\u0639 \u0627\u0644\u062a\u0631\u0643\u064a\u0632 \u0639\u0644\u0649 \n .\u0633\u0644\u0627\u0645\u0629 \u0637\u0627\u0642\u0645\u0643\u0645\n\u0636\u0645\u0646  \u0627\u0644\u062a\u062c\u0647\u064a\u0632\u0627\u062a \u0627\u0644\u062a\u064a \u0646\u0642\u062f\u0645\u0647\u0627\u060c \u062a\u062c\u062f\u0648\u0646 \u0623\u062c\u0647\u0632\u0629 \u0627\u062a\u0635\u0627\u0644 \u0645\u062a\u0642\u062f\u0645\u0629 \u060c \u0648\u062a\u062c\u0647\u064a\u0632\u0627\u062a \u0644\u0644\u0645\u0644\u0627\u062d\u0629 \u060c \u0648\u0623\u0646\u0638\u0645\u0629 \u0645\u0631\u0627\u0642\u0628\u0629 \u0639\u0644\u0649 \u0645\u062a\u0646 \u0627\u0644\u0633\u0641\u064a\u0646\u0629\u060c \u0648\u0623\u062c\u0647\u0632\u0629 \u0625\u0646\u0642\u0627\u0630 \u062d\u062f\u064a\u062b\u0629\u060c \u0648\u0623\u062c\u0647\u0632\u0629 \u0625\u0637\u0641\u0627\u0621 \u0627\u0644\u062d\u0631\u0627\u0626\u0642\u060c \u0628\u0627\u0644\u0625\u0636\u0627\u0641\u0629 \u0625\u0644\u0649 \u062a\u062c\u0647\u064a\u0632\u0627\u062a \u0627\u0644\u0633\u0644\u0627\u0645\u0629 \u0627\u0644\u0623\u0633\u0627\u0633\u064a\u0629 \u0645\u062b\u0644 \u0633\u062a\u0631\u0627\u062a \u0627\u0644\u0646\u062c\u0627\u0629 \u0627\u0644\u0645\u0637\u0627\u0628\u0642\u0629 \u0644\u0644\u0645\u0639\u0627\u064a\u064a\u0631 \u0627\u0644\u062f\u0648\u0644\u064a\u0629 \u0648\u0642\u0648\u0627\u0631\u0628 \u0627\u0644\u0646\u062c\u0627\u0629 \u0627\u0644\u0645\u0648\u062b\u0648\u0642\u0629<\/p>\t\t\t\t\t\t\t\t<\/div>\n\t\t\t\t<\/div>\n\t\t\t\t\t<\/div>\n\t\t<\/div>\n\t\t\t\t\t<\/div>\n\t\t<\/section>\n\t\t\t\t<section class=\"elementor-section elementor-inner-section elementor-element elementor-element-aaf21e1 elementor-section-boxed elementor-section-height-default elementor-section-height-default\" data-id=\"aaf21e1\" data-element_type=\"section\" data-e-type=\"section\">\n\t\t\t\t\t\t<div class=\"elementor-container elementor-column-gap-default\">\n\t\t\t\t\t<div class=\"elementor-column elementor-col-100 elementor-inner-column elementor-element elementor-element-3ed3ac2\" data-id=\"3ed3ac2\" data-element_type=\"column\" data-e-type=\"column\">\n\t\t\t<div class=\"elementor-widget-wrap elementor-element-populated\">\n\t\t\t\t\t\t<div class=\"elementor-element elementor-element-a0ca09b elementor-widget__width-initial elementor-widget elementor-widget-text-editor\" data-id=\"a0ca09b\" data-element_type=\"widget\" data-e-type=\"widget\" data-widget_type=\"text-editor.default\">\n\t\t\t\t<div class=\"elementor-widget-container\">\n\t\t\t\t\t\t\t\t\t<p>\u0641\u0631\u064a\u0642\u0646\u0627 \u0645\u0646 \u0627\u0644\u062e\u0628\u0631\u0627\u0621 \u0645\u062f\u0631\u0628 \u062e\u0635\u064a\u0635\u064b\u0627 \u0644\u062a\u0642\u064a\u064a\u0645 \u0627\u062d\u062a\u064a\u0627\u062c\u0627\u062a\u0643\u0645 \u0627\u0644\u062e\u0627\u0635\u0629 \u0641\u064a \u0645\u062c\u0627\u0644 \u0627\u0644\u062a\u062c\u0647\u064a\u0632\u0627\u062a \u0627\u0644\u0628\u062d\u0631\u064a\u0629 \u0644\u0636\u0645\u0627\u0646  \u062a\u062c\u0647\u064a\u0632 \u0643\u0644 \u0633\u0641\u064a\u0646\u0629 \u0648\u0641\u0642\u064b\u0627 \u0644\u0627\u062d\u062a\u064a\u0627\u062c\u0627\u062a\u0647\u0627 \u0627\u0644\u0641\u0631\u064a\u062f\u0629. \u0646\u0644\u062a\u0632\u0645 \u0628\u0623\u0639\u0644\u0649 \u0645\u0639\u0627\u064a\u064a\u0631 \u0627\u0644\u0633\u0644\u0627\u0645\u0629 \u0644\u0636\u0645\u0627\u0646 \u062d\u0645\u0627\u064a\u0629 \u0637\u0627\u0642\u0645\u0643\u0645 \u0648\u0627\u0633\u062a\u062b\u0645\u0627\u0631\u0627\u062a\u0643\u0645<\/p><p>\u0646\u0636\u0645\u0646 \u0644\u0643\u0645 \u0645\u062c\u0645\u0648\u0639\u0629 \u0645\u0646 \u0627\u0644\u062e\u064a\u0627\u0631\u0627\u062a \u0627\u0644\u0645\u062a\u0646\u0648\u0639\u0629\u060c \u062c\u0648\u062f\u0629 \u0645\u062a\u0645\u064a\u0632\u0629\u060c \u0648\u0623\u062f\u0627\u0621 \u0641\u0627\u0626\u0642 \u0644\u062c\u0645\u064a\u0639 \u0639\u0645\u0644\u064a\u0627\u062a\u0643\u0645 \u0641\u064a \u0627\u0644\u0628\u062d\u0631<\/p>\t\t\t\t\t\t\t\t<\/div>\n\t\t\t\t<\/div>\n\t\t\t\t\t<\/div>\n\t\t<\/div>\n\t\t\t\t\t<\/div>\n\t\t<\/section>\n\t\t\t\t\t<\/div>\n\t\t<\/div>\n\t\t\t\t<div class=\"elementor-column elementor-col-50 elementor-top-column elementor-element elementor-element-78e3679\" data-id=\"78e3679\" data-element_type=\"column\" data-e-type=\"column\">\n\t\t\t<div class=\"elementor-widget-wrap elementor-element-populated\">\n\t\t\t\t\t\t<div class=\"elementor-element elementor-element-b57eb01 elementor-widget__width-initial elementor-widget elementor-widget-transx_links_list\" data-id=\"b57eb01\" data-element_type=\"widget\" data-e-type=\"widget\" data-widget_type=\"transx_links_list.default\">\n\t\t\t\t<div class=\"elementor-widget-container\">\n\t\t\t\t\t\n        <div class=\"transx_links_list_widget\">\n            <div class=\"transx_links_list_wrapper transx_view_type_2\">\n                <h5 class=\"transx_links_list_title\">\u062e\u062f\u0645\u0627\u062a \u0623\u062e\u0631\u0649<\/h5>\n\n                                            <a class=\"transx_links_list_item\" href=\"https:\/\/amatab.com\/ar\/armateur\/solutions-de-nettoyage\/\" >\n                                <img decoding=\"async\" class=\"transx_img--bg\" src=\"http:\/\/amatab.com\/wp-content\/uploads\/2023\/10\/professional-sailor-yachtsman-tights-tensions-cable-wire-rope-mechanical-winch-sailboat-yacht-1-scaled.jpg\" alt=\"Background Image\" \/>\n                                <h6>\u062d\u0644\u0648\u0644 \u0627\u0644\u062a\u0646\u0638\u064a\u0641 <\/h6>\n                                <span class=\"transx_links_list_counter\">01<\/span>\n                            <\/a>\n                                                        <a class=\"transx_links_list_item\" href=\"https:\/\/amatab.com\/ar\/armateur\/ancrage-et-cordage\/\" >\n                                <img decoding=\"async\" class=\"transx_img--bg\" src=\"http:\/\/amatab.com\/wp-content\/uploads\/2023\/10\/professional-sailor-yachtsman-tights-tensions-cable-wire-rope-mechanical-winch-sailboat-yacht-scaled.jpg\" alt=\"Background Image\" \/>\n                                <h6>\u0627\u0644\u0631\u0633\u0648 \u0648\u0627\u0644\u062d\u0628\u0627\u0644<\/h6>\n                                <span class=\"transx_links_list_counter\">02<\/span>\n                            <\/a>\n                                                        <a class=\"transx_links_list_item\" href=\"https:\/\/amatab.com\/ar\/armateur\/carburants-et-lubrifiants\/\" >\n                                <img decoding=\"async\" class=\"transx_img--bg\" src=\"http:\/\/amatab.com\/wp-content\/uploads\/2023\/11\/navire-porte-conteneurs-scaled.jpg\" alt=\"Background Image\" \/>\n                                <h6>\u0627\u0644\u0648\u0642\u0648\u062f \u0648\u0645\u0648\u0627\u062f \u0627\u0644\u062a\u0634\u062d\u064a\u0645<\/h6>\n                                <span class=\"transx_links_list_counter\">03<\/span>\n                            <\/a>\n                                                        <a class=\"transx_links_list_item\" href=\"https:\/\/amatab.com\/ar\/armateur\/services-de-courtage\/\" >\n                                <img decoding=\"async\" class=\"transx_img--bg\" src=\"http:\/\/amatab.com\/wp-content\/uploads\/2023\/11\/grand-navire-transport-conteneurs-marchandises-pleine-mer-ai-generative-scaled.jpg\" alt=\"Background Image\" \/>\n                                <h6>\u062e\u062f\u0645\u0627\u062a \u0627\u0644\u0648\u0633\u0627\u0637\u0629<\/h6>\n                                <span class=\"transx_links_list_counter\">04<\/span>\n                            <\/a>\n                                                            <\/div>\n        <\/div>\n\n        \t\t\t\t<\/div>\n\t\t\t\t<\/div>\n\t\t\t\t<div class=\"elementor-element elementor-element-75014b7 elementor-widget elementor-widget-spacer\" data-id=\"75014b7\" data-element_type=\"widget\" data-e-type=\"widget\" data-widget_type=\"spacer.default\">\n\t\t\t\t<div class=\"elementor-widget-container\">\n\t\t\t\t\t\t\t<div class=\"elementor-spacer\">\n\t\t\t<div class=\"elementor-spacer-inner\"><\/div>\n\t\t<\/div>\n\t\t\t\t\t\t<\/div>\n\t\t\t\t<\/div>\n\t\t\t\t<div class=\"elementor-element elementor-element-30f38ff elementor-widget__width-initial elementor-widget elementor-widget-html\" data-id=\"30f38ff\" data-element_type=\"widget\" data-e-type=\"widget\" data-widget_type=\"html.default\">\n\t\t\t\t<div class=\"elementor-widget-container\">\n\t\t\t\t\t<div class=\"transx_contact-trigger transx_contact-trigger--style-2\">\n\t\n\n\t<h4 class=\"transx_contact-trigger__title\">\u0647\u0644 \u062a\u062d\u062a\u0627\u062c \u0625\u0644\u0649 \u0639\u0631\u0636 \u0623\u0633\u0639\u0627\u0631 \u061f<\/h4>\n\n\t<p class=\"transx_contact-trigger__text\">\u0646\u062d\u0646 \u0647\u0646\u0627 \u0644\u062a\u0632\u0648\u064a\u062f\u0643 \u0628\u0633\u0631\u0639\u0629 \u0628\u0645\u0639\u0644\u0648\u0645\u0627\u062a \u0645\u0641\u0635\u0644\u0629 \u062d\u0648\u0644 \u0623\u0633\u0639\u0627\u0631\u0646\u0627<\/p>\n\n\t<a class=\"transx_button\" href=\"https:\/\/amatab.com\/ar\/armateur\/equipement-du-navire\/obtenir-un-devis\/\">\n\t\t<span>\u0644\u0644\u062d\u0635\u0648\u0644 \u0639\u0644\u0649 \u0639\u0631\u0636 \u0623\u0633\u0639\u0627\u0631<\/span>\n\t\t<svg class=\"icon\">\n\t\t\t<svg viewbox=\"0 0 150 78.6\" xmlns=\"http:\/\/www.w3.org\/2000\/svg\"><path d=\"M0 31.5h150v12.7H0V31.5zM112.8-.1l30.9 31.5-8.8 9L104 8.9l8.8-9zm18.1 51l-18.4 18.8 8.9 9 18.4-18.8-8.9-9z\"\/><\/svg>\n\t\t<\/svg>\n\t<\/a>\n<\/div>\t\t\t\t<\/div>\n\t\t\t\t<\/div>\n\t\t\t\t\t<\/div>\n\t\t<\/div>\n\t\t\t\t\t<\/div>\n\t\t<\/section>\n\t\t\t\t<\/div>","protected":false},"excerpt":{"rendered":"<p>Parce que nous sommes conscients de l\u2019importance cruciale de l&rsquo;\u00e9quipement pour garantir le bon fonctionnement et la s\u00e9curit\u00e9 de votre navire, nous choisissons de vous assurer un service d&rsquo;\u00e9quipement de premi\u00e8re classe r\u00e9pondant \u00e0 toutes les exigences de votre flotte maritime. \u00a0 L\u2019\u00e9quipe AMATAB &amp; Co s\u2019engage \u00e0 vous fournir un \u00e9ventail complet d&rsquo;\u00e9quipements, couvrant [&hellip;]<\/p>\n","protected":false},"author":5,"featured_media":1275,"parent":2572,"menu_order":159,"comment_status":"closed","ping_status":"closed","template":"","meta":{"om_disable_all_campaigns":false,"_uf_show_specific_survey":0,"_uf_disable_surveys":false,"footnotes":""},"folder":[],"class_list":["post-2629","page","type-page","status-publish","has-post-thumbnail","hentry"],"aioseo_notices":[],"_links":{"self":[{"href":"https:\/\/amatab.com\/ar\/wp-json\/wp\/v2\/pages\/2629","targetHints":{"allow":["GET"]}}],"collection":[{"href":"https:\/\/amatab.com\/ar\/wp-json\/wp\/v2\/pages"}],"about":[{"href":"https:\/\/amatab.com\/ar\/wp-json\/wp\/v2\/types\/page"}],"author":[{"embeddable":true,"href":"https:\/\/amatab.com\/ar\/wp-json\/wp\/v2\/users\/5"}],"replies":[{"embeddable":true,"href":"https:\/\/amatab.com\/ar\/wp-json\/wp\/v2\/comments?post=2629"}],"version-history":[{"count":112,"href":"https:\/\/amatab.com\/ar\/wp-json\/wp\/v2\/pages\/2629\/revisions"}],"predecessor-version":[{"id":16074,"href":"https:\/\/amatab.com\/ar\/wp-json\/wp\/v2\/pages\/2629\/revisions\/16074"}],"up":[{"embeddable":true,"href":"https:\/\/amatab.com\/ar\/wp-json\/wp\/v2\/pages\/2572"}],"wp:featuredmedia":[{"embeddable":true,"href":"https:\/\/amatab.com\/ar\/wp-json\/wp\/v2\/media\/1275"}],"wp:attachment":[{"href":"https:\/\/amatab.com\/ar\/wp-json\/wp\/v2\/media?parent=2629"}],"wp:term":[{"taxonomy":"folder","embeddable":true,"href":"https:\/\/amatab.com\/ar\/wp-json\/wp\/v2\/folder?post=2629"}],"curies":[{"name":"wp","href":"https:\/\/api.w.org\/{rel}","templated":true}]}}