{"id":2658,"date":"2023-10-04T11:18:04","date_gmt":"2023-10-04T09:18:04","guid":{"rendered":"https:\/\/amatab.com\/?page_id=2658"},"modified":"2024-01-22T10:53:37","modified_gmt":"2024-01-22T09:53:37","slug":"solutions-de-nettoyage","status":"publish","type":"page","link":"https:\/\/amatab.com\/ar\/armateur\/solutions-de-nettoyage\/","title":{"rendered":"\u062d\u0644\u0648\u0644 \u0627\u0644\u062a\u0646\u0638\u064a\u0641"},"content":{"rendered":"<div data-elementor-type=\"wp-page\" data-elementor-id=\"2658\" class=\"elementor elementor-2658\" data-elementor-post-type=\"page\">\n\t\t\t\t\t\t<section class=\"elementor-section elementor-top-section elementor-element elementor-element-228b3c1 elementor-section-boxed elementor-section-height-default elementor-section-height-default\" data-id=\"228b3c1\" data-element_type=\"section\" data-e-type=\"section\">\n\t\t\t\t\t\t<div class=\"elementor-container elementor-column-gap-default\">\n\t\t\t\t\t<div class=\"elementor-column elementor-col-33 elementor-top-column elementor-element elementor-element-a86ce3a\" data-id=\"a86ce3a\" data-element_type=\"column\" data-e-type=\"column\">\n\t\t\t<div class=\"elementor-widget-wrap elementor-element-populated\">\n\t\t\t\t\t\t<div class=\"elementor-element elementor-element-dae7723 elementor-widget__width-initial elementor-widget elementor-widget-text-editor\" data-id=\"dae7723\" data-element_type=\"widget\" data-e-type=\"widget\" data-widget_type=\"text-editor.default\">\n\t\t\t\t<div class=\"elementor-widget-container\">\n\t\t\t\t\t\t\t\t\t<p>\u062d\u0644\u0648\u0644\u0646\u0627 \u0644\u0644\u062a\u0646\u0638\u064a\u0641 \u062a\u0634\u0645\u0644 \u0645\u062c\u0645\u0648\u0639\u0629 \u0634\u0627\u0645\u0644\u0629 \u0645\u0646 \u0627\u0644\u062e\u062f\u0645\u0627\u062a\u060c \u0628\u062f\u0621\u064b\u0627 \u0645\u0646 \u0627\u0644\u062a\u0646\u0638\u064a\u0641 \u0627\u0644\u062f\u0642\u064a\u0642 \u0644\u0647\u064a\u0627\u0643\u0644 \u0627\u0644\u0633\u0641\u064a\u0646\u0629 \u0644\u0644\u062a\u062e\u0644\u0635 \u0645\u0646 \u0627\u0644\u0631\u0648\u0627\u0633\u0628 \u0627\u0644\u0628\u062d\u0631\u064a\u0629 \u0648\u062a\u062d\u0633\u064a\u0646 \u0627\u0644\u0643\u0641\u0627\u0621\u0629 \u0627\u0644\u0637\u0627\u0642\u0648\u064a\u0629\u060c \u0625\u0644\u0649 \u0627\u0644\u062a\u062e\u0644\u0635 \u0627\u0644\u0643\u0627\u0645\u0644 \u0645\u0646 \u0627\u0644\u062f\u0647\u0648\u0646 \u0644\u0644\u062d\u0641\u0627\u0638 \u0639\u0644\u0649 \u0627\u0644\u0623\u062f\u0627\u0621 \u0627\u0644\u0645\u062b\u0644\u0649<\/p>\t\t\t\t\t\t\t\t<\/div>\n\t\t\t\t<\/div>\n\t\t\t\t<div class=\"elementor-element elementor-element-1006730 elementor-widget__width-initial elementor-widget elementor-widget-text-editor\" data-id=\"1006730\" data-element_type=\"widget\" data-e-type=\"widget\" data-widget_type=\"text-editor.default\">\n\t\t\t\t<div class=\"elementor-widget-container\">\n\t\t\t\t\t\t\t\t\t<p>\u062a\u0634\u0645\u0644 \u062d\u0644\u0648\u0644 \u0627\u0644\u062a\u0646\u0638\u064a\u0641 \u0644\u062f\u064a\u0646\u0627 \u0645\u062c\u0645\u0648\u0639\u0629 \u0643\u0627\u0645\u0644\u0629 \u0645\u0646 \u0627\u0644\u062e\u062f\u0645\u0627\u062a\u060c \u0645\u0646 \u0627\u0644\u062a\u0646\u0638\u064a\u0641 \u0627\u0644\u0634\u0627\u0645\u0644 \u0644\u0644\u0628\u062f\u0646 \u0644\u0644\u062a\u062e\u0644\u0635 \u0645\u0646 \u0627\u0644\u0631\u0648\u0627\u0633\u0628 \u0627\u0644\u0628\u062d\u0631\u064a\u0629 \u0648\u062a\u062d\u0633\u064a\u0646 \u0643\u0641\u0627\u0621\u0629 \u0627\u0644\u0637\u0627\u0642\u0629\u060c \u0625\u0644\u0649 \u0625\u0643\u0645\u0627\u0644 \u0627\u0644\u0634\u062d\u0648\u0645 \u0644\u0644\u062d\u0641\u0627\u0638 \u0639\u0644\u0649 \u0627\u0644\u0623\u062f\u0627\u0621 \u0627\u0644\u0623\u0645\u062b\u0644.\u00a0<\/p>\t\t\t\t\t\t\t\t<\/div>\n\t\t\t\t<\/div>\n\t\t\t\t<div class=\"elementor-element elementor-element-5710b88 elementor-widget elementor-widget-image\" data-id=\"5710b88\" data-element_type=\"widget\" data-e-type=\"widget\" data-widget_type=\"image.default\">\n\t\t\t\t<div class=\"elementor-widget-container\">\n\t\t\t\t\t\t\t\t\t\t\t\t\t\t\t<img fetchpriority=\"high\" decoding=\"async\" width=\"1024\" height=\"683\" src=\"https:\/\/amatab.com\/wp-content\/uploads\/2023\/10\/professional-sailor-yachtsman-tights-tensions-cable-wire-rope-mechanical-winch-sailboat-yacht-1-1024x683.jpg\" class=\"attachment-large size-large wp-image-6246\" alt=\"\" srcset=\"https:\/\/amatab.com\/wp-content\/uploads\/2023\/10\/professional-sailor-yachtsman-tights-tensions-cable-wire-rope-mechanical-winch-sailboat-yacht-1-1024x683.jpg 1024w, https:\/\/amatab.com\/wp-content\/uploads\/2023\/10\/professional-sailor-yachtsman-tights-tensions-cable-wire-rope-mechanical-winch-sailboat-yacht-1-300x200.jpg 300w, https:\/\/amatab.com\/wp-content\/uploads\/2023\/10\/professional-sailor-yachtsman-tights-tensions-cable-wire-rope-mechanical-winch-sailboat-yacht-1-768x512.jpg 768w, https:\/\/amatab.com\/wp-content\/uploads\/2023\/10\/professional-sailor-yachtsman-tights-tensions-cable-wire-rope-mechanical-winch-sailboat-yacht-1-1536x1024.jpg 1536w, https:\/\/amatab.com\/wp-content\/uploads\/2023\/10\/professional-sailor-yachtsman-tights-tensions-cable-wire-rope-mechanical-winch-sailboat-yacht-1-2048x1365.jpg 2048w, https:\/\/amatab.com\/wp-content\/uploads\/2023\/10\/professional-sailor-yachtsman-tights-tensions-cable-wire-rope-mechanical-winch-sailboat-yacht-1-1320x880.jpg 1320w, https:\/\/amatab.com\/wp-content\/uploads\/2023\/10\/professional-sailor-yachtsman-tights-tensions-cable-wire-rope-mechanical-winch-sailboat-yacht-1-600x400.jpg 600w\" sizes=\"(max-width: 1024px) 100vw, 1024px\" \/>\t\t\t\t\t\t\t\t\t\t\t\t\t\t\t<\/div>\n\t\t\t\t<\/div>\n\t\t\t\t\t<\/div>\n\t\t<\/div>\n\t\t\t\t<div class=\"elementor-column elementor-col-33 elementor-top-column elementor-element elementor-element-71ea6b8\" data-id=\"71ea6b8\" data-element_type=\"column\" data-e-type=\"column\">\n\t\t\t<div class=\"elementor-widget-wrap elementor-element-populated\">\n\t\t\t\t\t\t<div class=\"elementor-element elementor-element-629c99d elementor-widget__width-initial elementor-hidden-mobile elementor-widget elementor-widget-image\" data-id=\"629c99d\" data-element_type=\"widget\" data-e-type=\"widget\" data-widget_type=\"image.default\">\n\t\t\t\t<div class=\"elementor-widget-container\">\n\t\t\t\t\t\t\t\t\t\t\t\t\t\t\t<img decoding=\"async\" width=\"1024\" height=\"683\" src=\"https:\/\/amatab.com\/wp-content\/uploads\/2023\/10\/soft-focus-water-drops-come-out-hose-sailor-captain-yacht-owner-washes-salty-residue-from-sail-mainsail-spinnaker-when-sailboat-is-docked-yard-marina-1024x683.jpg\" class=\"attachment-large size-large wp-image-2613\" alt=\"\" srcset=\"https:\/\/amatab.com\/wp-content\/uploads\/2023\/10\/soft-focus-water-drops-come-out-hose-sailor-captain-yacht-owner-washes-salty-residue-from-sail-mainsail-spinnaker-when-sailboat-is-docked-yard-marina-1024x683.jpg 1024w, https:\/\/amatab.com\/wp-content\/uploads\/2023\/10\/soft-focus-water-drops-come-out-hose-sailor-captain-yacht-owner-washes-salty-residue-from-sail-mainsail-spinnaker-when-sailboat-is-docked-yard-marina-300x200.jpg 300w, https:\/\/amatab.com\/wp-content\/uploads\/2023\/10\/soft-focus-water-drops-come-out-hose-sailor-captain-yacht-owner-washes-salty-residue-from-sail-mainsail-spinnaker-when-sailboat-is-docked-yard-marina-768x512.jpg 768w, https:\/\/amatab.com\/wp-content\/uploads\/2023\/10\/soft-focus-water-drops-come-out-hose-sailor-captain-yacht-owner-washes-salty-residue-from-sail-mainsail-spinnaker-when-sailboat-is-docked-yard-marina-1536x1024.jpg 1536w, https:\/\/amatab.com\/wp-content\/uploads\/2023\/10\/soft-focus-water-drops-come-out-hose-sailor-captain-yacht-owner-washes-salty-residue-from-sail-mainsail-spinnaker-when-sailboat-is-docked-yard-marina-2048x1365.jpg 2048w, https:\/\/amatab.com\/wp-content\/uploads\/2023\/10\/soft-focus-water-drops-come-out-hose-sailor-captain-yacht-owner-washes-salty-residue-from-sail-mainsail-spinnaker-when-sailboat-is-docked-yard-marina-1320x880.jpg 1320w, https:\/\/amatab.com\/wp-content\/uploads\/2023\/10\/soft-focus-water-drops-come-out-hose-sailor-captain-yacht-owner-washes-salty-residue-from-sail-mainsail-spinnaker-when-sailboat-is-docked-yard-marina-600x400.jpg 600w\" sizes=\"(max-width: 1024px) 100vw, 1024px\" \/>\t\t\t\t\t\t\t\t\t\t\t\t\t\t\t<\/div>\n\t\t\t\t<\/div>\n\t\t\t\t<div class=\"elementor-element elementor-element-19adaad elementor-widget elementor-widget-spacer\" data-id=\"19adaad\" data-element_type=\"widget\" data-e-type=\"widget\" data-widget_type=\"spacer.default\">\n\t\t\t\t<div class=\"elementor-widget-container\">\n\t\t\t\t\t\t\t<div class=\"elementor-spacer\">\n\t\t\t<div class=\"elementor-spacer-inner\"><\/div>\n\t\t<\/div>\n\t\t\t\t\t\t<\/div>\n\t\t\t\t<\/div>\n\t\t\t\t<div class=\"elementor-element elementor-element-14d2f22 elementor-widget__width-initial elementor-widget elementor-widget-text-editor\" data-id=\"14d2f22\" data-element_type=\"widget\" data-e-type=\"widget\" data-widget_type=\"text-editor.default\">\n\t\t\t\t<div class=\"elementor-widget-container\">\n\t\t\t\t\t\t\t\t\t<p>\u00a0<\/p><p>\u0643\u0645\u0627 \u0646\u0639\u062a\u0646\u064a \u0628\u0627\u0644\u062a\u0646\u0638\u064a\u0641 \u0627\u0644\u062f\u0627\u062e\u0644\u064a \u0648\u0627\u0644\u062e\u0627\u0631\u062c\u064a \u0644\u0644\u0633\u0641\u064a\u0646\u0629\u060c \u0648\u0628\u0627\u0644\u062a\u0627\u0644\u064a  \u0646\u0636\u0645\u0646 \u0628\u064a\u0626\u0629 \u0646\u0638\u064a\u0641\u0629 \u0648\u0645\u062a\u0644\u0623\u0644\u0626\u0629 \u0648\u0641\u064a \u062d\u0627\u0644\u0629 \u0645\u062b\u0627\u0644\u064a\u0629 \u0644\u0644\u0637\u0627\u0642\u0645 \u0648\u0627\u0644\u0634\u062d\u0646\u0627\u062a<\/p>\t\t\t\t\t\t\t\t<\/div>\n\t\t\t\t<\/div>\n\t\t\t\t<div class=\"elementor-element elementor-element-0975f94 elementor-widget__width-initial elementor-widget elementor-widget-text-editor\" data-id=\"0975f94\" data-element_type=\"widget\" data-e-type=\"widget\" data-widget_type=\"text-editor.default\">\n\t\t\t\t<div class=\"elementor-widget-container\">\n\t\t\t\t\t\t\t\t\t<p>\u0628\u0627\u0644\u0644\u062c\u0648\u0621 \u0625\u0644\u0649 \u062e\u062f\u0645\u0627\u062a \u0627\u0644\u062a\u0646\u0638\u064a\u0641 \u0627\u0644\u062a\u064a \u0646\u0642\u062f\u0645\u0647\u0627\u060c \u062a\u0636\u0645\u0646\u0648\u0646 \u0644\u0633\u0641\u064a\u0646\u062a\u0643\u0645 \u0627\u0644\u0646\u0638\u0627\u0641\u0629 \u0648\u0627\u0644\u0627\u0633\u062a\u062f\u0627\u0645\u0629\u060c \u0645\u0639 \u0627\u0644\u062d\u0641\u0627\u0638 \u0639\u0644\u0649 \u0627\u0644\u0628\u062d\u0627\u0631 \u0648\u0627\u0644\u0633\u0648\u0627\u062d\u0644<\/p>\t\t\t\t\t\t\t\t<\/div>\n\t\t\t\t<\/div>\n\t\t\t\t<div class=\"elementor-element elementor-element-3b4cc7d elementor-widget__width-initial elementor-hidden-desktop elementor-hidden-tablet elementor-widget elementor-widget-image\" data-id=\"3b4cc7d\" data-element_type=\"widget\" data-e-type=\"widget\" data-widget_type=\"image.default\">\n\t\t\t\t<div class=\"elementor-widget-container\">\n\t\t\t\t\t\t\t\t\t\t\t\t\t\t\t<img decoding=\"async\" width=\"1024\" height=\"683\" src=\"https:\/\/amatab.com\/wp-content\/uploads\/2023\/10\/soft-focus-water-drops-come-out-hose-sailor-captain-yacht-owner-washes-salty-residue-from-sail-mainsail-spinnaker-when-sailboat-is-docked-yard-marina-1024x683.jpg\" class=\"attachment-large size-large wp-image-2613\" alt=\"\" srcset=\"https:\/\/amatab.com\/wp-content\/uploads\/2023\/10\/soft-focus-water-drops-come-out-hose-sailor-captain-yacht-owner-washes-salty-residue-from-sail-mainsail-spinnaker-when-sailboat-is-docked-yard-marina-1024x683.jpg 1024w, https:\/\/amatab.com\/wp-content\/uploads\/2023\/10\/soft-focus-water-drops-come-out-hose-sailor-captain-yacht-owner-washes-salty-residue-from-sail-mainsail-spinnaker-when-sailboat-is-docked-yard-marina-300x200.jpg 300w, https:\/\/amatab.com\/wp-content\/uploads\/2023\/10\/soft-focus-water-drops-come-out-hose-sailor-captain-yacht-owner-washes-salty-residue-from-sail-mainsail-spinnaker-when-sailboat-is-docked-yard-marina-768x512.jpg 768w, https:\/\/amatab.com\/wp-content\/uploads\/2023\/10\/soft-focus-water-drops-come-out-hose-sailor-captain-yacht-owner-washes-salty-residue-from-sail-mainsail-spinnaker-when-sailboat-is-docked-yard-marina-1536x1024.jpg 1536w, https:\/\/amatab.com\/wp-content\/uploads\/2023\/10\/soft-focus-water-drops-come-out-hose-sailor-captain-yacht-owner-washes-salty-residue-from-sail-mainsail-spinnaker-when-sailboat-is-docked-yard-marina-2048x1365.jpg 2048w, https:\/\/amatab.com\/wp-content\/uploads\/2023\/10\/soft-focus-water-drops-come-out-hose-sailor-captain-yacht-owner-washes-salty-residue-from-sail-mainsail-spinnaker-when-sailboat-is-docked-yard-marina-1320x880.jpg 1320w, https:\/\/amatab.com\/wp-content\/uploads\/2023\/10\/soft-focus-water-drops-come-out-hose-sailor-captain-yacht-owner-washes-salty-residue-from-sail-mainsail-spinnaker-when-sailboat-is-docked-yard-marina-600x400.jpg 600w\" sizes=\"(max-width: 1024px) 100vw, 1024px\" \/>\t\t\t\t\t\t\t\t\t\t\t\t\t\t\t<\/div>\n\t\t\t\t<\/div>\n\t\t\t\t\t<\/div>\n\t\t<\/div>\n\t\t\t\t<div class=\"elementor-column elementor-col-33 elementor-top-column elementor-element elementor-element-26d7f35\" data-id=\"26d7f35\" data-element_type=\"column\" data-e-type=\"column\">\n\t\t\t<div class=\"elementor-widget-wrap elementor-element-populated\">\n\t\t\t\t\t\t<div class=\"elementor-element elementor-element-6ac8b7b elementor-widget__width-initial elementor-widget elementor-widget-transx_links_list\" data-id=\"6ac8b7b\" data-element_type=\"widget\" data-e-type=\"widget\" data-widget_type=\"transx_links_list.default\">\n\t\t\t\t<div class=\"elementor-widget-container\">\n\t\t\t\t\t\n        <div class=\"transx_links_list_widget\">\n            <div class=\"transx_links_list_wrapper transx_view_type_2\">\n                <h5 class=\"transx_links_list_title\">\u062e\u062f\u0645\u0627\u062a \u0623\u062e\u0631\u0649<\/h5>\n\n                                            <a class=\"transx_links_list_item\" href=\"https:\/\/amatab.com\/ar\/armateur\/equipement-du-navire\/\" >\n                                <img decoding=\"async\" class=\"transx_img--bg\" src=\"http:\/\/amatab.com\/wp-content\/uploads\/2023\/10\/aerial-shot-big-military-ships-harbor-during-winter-scaled.jpg\" alt=\"Background Image\" \/>\n                                <h6>\u0645\u0639\u062f\u0627\u062a \u0627\u0644\u0633\u0641\u064a\u0646\u0629<\/h6>\n                                <span class=\"transx_links_list_counter\">01<\/span>\n                            <\/a>\n                                                        <a class=\"transx_links_list_item\" href=\"https:\/\/amatab.com\/ar\/armateur\/ancrage-et-cordage\/\" >\n                                <img decoding=\"async\" class=\"transx_img--bg\" src=\"http:\/\/amatab.com\/wp-content\/uploads\/2023\/10\/professional-sailor-yachtsman-tights-tensions-cable-wire-rope-mechanical-winch-sailboat-yacht-scaled.jpg\" alt=\"Background Image\" \/>\n                                <h6>\u0627\u0644\u0631\u0633\u0648 \u0648\u0627\u0644\u062d\u0628\u0627\u0644<\/h6>\n                                <span class=\"transx_links_list_counter\">02<\/span>\n                            <\/a>\n                                                        <a class=\"transx_links_list_item\" href=\"https:\/\/amatab.com\/ar\/armateur\/carburants-et-lubrifiants\/\" >\n                                <img decoding=\"async\" class=\"transx_img--bg\" src=\"http:\/\/amatab.com\/wp-content\/uploads\/2023\/11\/navire-porte-conteneurs-scaled.jpg\" alt=\"Background Image\" \/>\n                                <h6>\u0627\u0644\u0648\u0642\u0648\u062f \u0648\u0645\u0648\u0627\u062f \u0627\u0644\u062a\u0634\u062d\u064a\u0645<\/h6>\n                                <span class=\"transx_links_list_counter\">03<\/span>\n                            <\/a>\n                                                        <a class=\"transx_links_list_item\" href=\"https:\/\/amatab.com\/ar\/armateur\/services-de-courtage\/\" >\n                                <img decoding=\"async\" class=\"transx_img--bg\" src=\"http:\/\/amatab.com\/wp-content\/uploads\/2023\/11\/grand-navire-transport-conteneurs-marchandises-pleine-mer-ai-generative-scaled.jpg\" alt=\"Background Image\" \/>\n                                <h6>\u062e\u062f\u0645\u0627\u062a \u0627\u0644\u0648\u0633\u0627\u0637\u0629<\/h6>\n                                <span class=\"transx_links_list_counter\">04<\/span>\n                            <\/a>\n                                                            <\/div>\n        <\/div>\n\n        \t\t\t\t<\/div>\n\t\t\t\t<\/div>\n\t\t\t\t<div class=\"elementor-element elementor-element-f9b59d6 elementor-widget__width-initial elementor-widget elementor-widget-html\" data-id=\"f9b59d6\" data-element_type=\"widget\" data-e-type=\"widget\" data-widget_type=\"html.default\">\n\t\t\t\t<div class=\"elementor-widget-container\">\n\t\t\t\t\t<div class=\"transx_contact-trigger transx_contact-trigger--style-2\">\n\t\n\t<h4 class=\"transx_contact-trigger__title\">\u0647\u0644 \u062a\u062d\u062a\u0627\u062c \u0625\u0644\u0649 \u0639\u0631\u0636 \u0623\u0633\u0639\u0627\u0631 \u061f<\/h4>\n\n\t<p class=\"transx_contact-trigger__text\">\u0646\u062d\u0646 \u0647\u0646\u0627 \u0644\u062a\u0632\u0648\u064a\u062f\u0643 \u0628\u0633\u0631\u0639\u0629 \u0628\u0645\u0639\u0644\u0648\u0645\u0627\u062a \u0645\u0641\u0635\u0644\u0629 \u062d\u0648\u0644 \u0623\u0633\u0639\u0627\u0631\u0646\u0627<\/p>\n\n\t<a class=\"transx_button\" href=\"https:\/\/amatab.com\/ar\/armateur\/solutions-de-nettoyage\/obtenir-un-devis\/\">\n\t\t<span>\u0644\u0644\u062d\u0635\u0648\u0644 \u0639\u0644\u0649 \u0639\u0631\u0636 \u0623\u0633\u0639\u0627\u0631<\/span>\n\t\t<svg class=\"icon\">\n\t\t\t<svg viewbox=\"0 0 150 78.6\" xmlns=\"http:\/\/www.w3.org\/2000\/svg\"><path d=\"M0 31.5h150v12.7H0V31.5zM112.8-.1l30.9 31.5-8.8 9L104 8.9l8.8-9zm18.1 51l-18.4 18.8 8.9 9 18.4-18.8-8.9-9z\"\/><\/svg>\n\t\t<\/svg>\n\t<\/a>\n<\/div>\t\t\t\t<\/div>\n\t\t\t\t<\/div>\n\t\t\t\t\t<\/div>\n\t\t<\/div>\n\t\t\t\t\t<\/div>\n\t\t<\/section>\n\t\t\t\t<\/div>","protected":false},"excerpt":{"rendered":"<p>L\u2019entretien r\u00e9gulier des navires est essentiel pour maintenir leur efficacit\u00e9 op\u00e9rationnelle, prolonger leur dur\u00e9e de vie et garantir la s\u00e9curit\u00e9 de l&rsquo;\u00e9quipage. Pour cette raison, nous mettons \u00e0 votre disposition une \u00e9quipe hautement qualifi\u00e9e et des \u00e9quipements de pointe pour r\u00e9pondre \u00e0 tous vos besoins de nettoyage en mer. Nos solutions de nettoyage englobent une [&hellip;]<\/p>\n","protected":false},"author":5,"featured_media":1275,"parent":2572,"menu_order":140,"comment_status":"closed","ping_status":"closed","template":"","meta":{"om_disable_all_campaigns":false,"_uf_show_specific_survey":0,"_uf_disable_surveys":false,"footnotes":""},"folder":[],"class_list":["post-2658","page","type-page","status-publish","has-post-thumbnail","hentry"],"aioseo_notices":[],"_links":{"self":[{"href":"https:\/\/amatab.com\/ar\/wp-json\/wp\/v2\/pages\/2658","targetHints":{"allow":["GET"]}}],"collection":[{"href":"https:\/\/amatab.com\/ar\/wp-json\/wp\/v2\/pages"}],"about":[{"href":"https:\/\/amatab.com\/ar\/wp-json\/wp\/v2\/types\/page"}],"author":[{"embeddable":true,"href":"https:\/\/amatab.com\/ar\/wp-json\/wp\/v2\/users\/5"}],"replies":[{"embeddable":true,"href":"https:\/\/amatab.com\/ar\/wp-json\/wp\/v2\/comments?post=2658"}],"version-history":[{"count":148,"href":"https:\/\/amatab.com\/ar\/wp-json\/wp\/v2\/pages\/2658\/revisions"}],"predecessor-version":[{"id":16089,"href":"https:\/\/amatab.com\/ar\/wp-json\/wp\/v2\/pages\/2658\/revisions\/16089"}],"up":[{"embeddable":true,"href":"https:\/\/amatab.com\/ar\/wp-json\/wp\/v2\/pages\/2572"}],"wp:featuredmedia":[{"embeddable":true,"href":"https:\/\/amatab.com\/ar\/wp-json\/wp\/v2\/media\/1275"}],"wp:attachment":[{"href":"https:\/\/amatab.com\/ar\/wp-json\/wp\/v2\/media?parent=2658"}],"wp:term":[{"taxonomy":"folder","embeddable":true,"href":"https:\/\/amatab.com\/ar\/wp-json\/wp\/v2\/folder?post=2658"}],"curies":[{"name":"wp","href":"https:\/\/api.w.org\/{rel}","templated":true}]}}