{"id":3486,"date":"2023-10-10T17:33:39","date_gmt":"2023-10-10T15:33:39","guid":{"rendered":"https:\/\/amatab.com\/?page_id=3486"},"modified":"2024-02-01T10:54:03","modified_gmt":"2024-02-01T09:54:03","slug":"systemes-de-lutte-contre-les-incendies","status":"publish","type":"page","link":"https:\/\/amatab.com\/ar\/services-petroliers\/systemes-de-lutte-contre-les-incendies\/","title":{"rendered":"\u0623\u0646\u0638\u0645\u0629 \u0625\u062e\u0645\u0627\u062f \u0627\u0644\u062d\u0631\u0627\u0626\u0642"},"content":{"rendered":"<div data-elementor-type=\"wp-page\" data-elementor-id=\"3486\" class=\"elementor elementor-3486\" data-elementor-post-type=\"page\">\n\t\t\t\t\t\t<section class=\"elementor-section elementor-top-section elementor-element elementor-element-325bd7b elementor-section-boxed elementor-section-height-default elementor-section-height-default\" data-id=\"325bd7b\" data-element_type=\"section\" data-e-type=\"section\">\n\t\t\t\t\t\t<div class=\"elementor-container elementor-column-gap-default\">\n\t\t\t\t\t<div class=\"elementor-column elementor-col-33 elementor-top-column elementor-element elementor-element-2c140f3\" data-id=\"2c140f3\" data-element_type=\"column\" data-e-type=\"column\">\n\t\t\t<div class=\"elementor-widget-wrap elementor-element-populated\">\n\t\t\t\t\t\t<div class=\"elementor-element elementor-element-d4d05d5 elementor-widget elementor-widget-text-editor\" data-id=\"d4d05d5\" data-element_type=\"widget\" data-e-type=\"widget\" data-widget_type=\"text-editor.default\">\n\t\t\t\t<div class=\"elementor-widget-container\">\n\t\t\t\t\t\t\t\t\t<p>\u0646\u062d\u0646 \u0646\u0646\u0641\u0630 \u0633\u0644\u0633\u0644\u0629 \u0645\u0646 \u0627\u0644\u0623\u062c\u0647\u0632\u0629 \u0627\u0644\u0645\u062a\u0637\u0648\u0631\u0629 \u0627\u0644\u0645\u0635\u0645\u0645\u0629 \u0644\u0645\u0643\u0627\u0641\u062d\u0629 \u0627\u0644\u062d\u0631\u0627\u0626\u0642 \u0628\u0634\u0643\u0644 \u0627\u0633\u062a\u0628\u0627\u0642\u064a.<\/p>\t\t\t\t\t\t\t\t<\/div>\n\t\t\t\t<\/div>\n\t\t\t\t<div class=\"elementor-element elementor-element-02cfe5c elementor-widget__width-initial elementor-hidden-desktop elementor-hidden-tablet elementor-widget elementor-widget-image\" data-id=\"02cfe5c\" data-element_type=\"widget\" data-e-type=\"widget\" data-widget_type=\"image.default\">\n\t\t\t\t<div class=\"elementor-widget-container\">\n\t\t\t\t\t\t\t\t\t\t\t\t\t\t\t<img decoding=\"async\" src=\"http:\/\/amatab.com\/wp-content\/uploads\/2023\/11\/camion-pompiers-dans-garage-pret-pour-action-scaled.jpg\" title=\"\" alt=\"\" loading=\"lazy\" \/>\t\t\t\t\t\t\t\t\t\t\t\t\t\t\t<\/div>\n\t\t\t\t<\/div>\n\t\t\t\t<div class=\"elementor-element elementor-element-bb97d74 elementor-widget elementor-widget-text-editor\" data-id=\"bb97d74\" data-element_type=\"widget\" data-e-type=\"widget\" data-widget_type=\"text-editor.default\">\n\t\t\t\t<div class=\"elementor-widget-container\">\n\t\t\t\t\t\t\t\t\t<p>\u0645\u0646 \u0628\u064a\u0646 \u0647\u0630\u0647 \u0627\u0644\u0623\u062c\u0647\u0632\u0629\u060c \u062a\u0628\u0631\u0632 \u0623\u0646\u0638\u0645\u0629 \u0627\u0644\u0625\u0637\u0641\u0627\u0621 \u0627\u0644\u062a\u0644\u0642\u0627\u0626\u064a \u0644\u062f\u064a\u0646\u0627\u060c \u0644\u0623\u0646\u0647\u0627 \u0642\u0627\u062f\u0631\u0629 \u0639\u0644\u0649 \u0627\u0643\u062a\u0634\u0627\u0641 \u0627\u0644\u062f\u062e\u0627\u0646 \u0623\u0648 \u0627\u0644\u0644\u0647\u0628 \u0648\u0625\u0637\u0644\u0627\u0642 \u0627\u0633\u062a\u062c\u0627\u0628\u0629 \u0633\u0631\u064a\u0639\u0629 \u0644\u0625\u0637\u0641\u0627\u0621 \u0627\u0644\u062d\u0631\u0627\u0626\u0642 \u0627\u0644\u0623\u0648\u0644\u064a\u0629\u060c \u0648\u0628\u0627\u0644\u062a\u0627\u0644\u064a \u0627\u0644\u062d\u062f \u0645\u0646 \u0627\u0644\u0636\u0631\u0631 \u0627\u0644\u0645\u062d\u062a\u0645\u0644.<\/p><p>\u0641\u064a \u0627\u0644\u0648\u0642\u062a \u0646\u0641\u0633\u0647\u060c \u0646\u0646\u0641\u0630 \u0625\u062c\u0631\u0627\u0621\u0627\u062a \u0627\u0644\u0625\u062e\u0644\u0627\u0621 \u0645\u0646 \u0627\u0644\u062d\u0631\u0627\u0626\u0642 \u0648\u062e\u0637\u0637 \u0627\u0644\u0637\u0648\u0627\u0631\u0626 \u0627\u0644\u062a\u0641\u0635\u064a\u0644\u064a\u0629.<\/p><p>\u062a\u0636\u0645\u0646 \u0647\u0630\u0647 \u0627\u0644\u062a\u062f\u0627\u0628\u064a\u0631 \u0623\u0646 \u0645\u0648\u0638\u0641\u064a\u0643 \u0645\u0633\u062a\u0639\u062f\u0648\u0646 \u062c\u064a\u062f\u064b\u0627 \u0644\u0644\u0627\u0633\u062a\u062c\u0627\u0628\u0629 \u0641\u064a \u062d\u0627\u0644\u0629 \u0648\u0642\u0648\u0639 \u0643\u0627\u0631\u062b\u0629.<\/p>\t\t\t\t\t\t\t\t<\/div>\n\t\t\t\t<\/div>\n\t\t\t\t\t<\/div>\n\t\t<\/div>\n\t\t\t\t<div class=\"elementor-column elementor-col-33 elementor-top-column elementor-element elementor-element-b17a904\" data-id=\"b17a904\" data-element_type=\"column\" data-e-type=\"column\">\n\t\t\t<div class=\"elementor-widget-wrap elementor-element-populated\">\n\t\t\t\t\t\t<div class=\"elementor-element elementor-element-0c55dcd elementor-widget__width-initial elementor-hidden-mobile elementor-widget elementor-widget-image\" data-id=\"0c55dcd\" data-element_type=\"widget\" data-e-type=\"widget\" data-widget_type=\"image.default\">\n\t\t\t\t<div class=\"elementor-widget-container\">\n\t\t\t\t\t\t\t\t\t\t\t\t\t\t\t<img decoding=\"async\" src=\"http:\/\/amatab.com\/wp-content\/uploads\/2023\/11\/camion-pompiers-dans-garage-pret-pour-action-scaled.jpg\" title=\"\" alt=\"\" loading=\"lazy\" \/>\t\t\t\t\t\t\t\t\t\t\t\t\t\t\t<\/div>\n\t\t\t\t<\/div>\n\t\t\t\t\t<\/div>\n\t\t<\/div>\n\t\t\t\t<div class=\"elementor-column elementor-col-33 elementor-top-column elementor-element elementor-element-7ced7ed\" data-id=\"7ced7ed\" data-element_type=\"column\" data-e-type=\"column\">\n\t\t\t<div class=\"elementor-widget-wrap elementor-element-populated\">\n\t\t\t\t\t\t<div class=\"elementor-element elementor-element-45b3d93 elementor-widget__width-initial elementor-widget elementor-widget-transx_links_list\" data-id=\"45b3d93\" data-element_type=\"widget\" data-e-type=\"widget\" data-widget_type=\"transx_links_list.default\">\n\t\t\t\t<div class=\"elementor-widget-container\">\n\t\t\t\t\t\n        <div class=\"transx_links_list_widget\">\n            <div class=\"transx_links_list_wrapper transx_view_type_2\">\n                <h5 class=\"transx_links_list_title\">\u062e\u062f\u0645\u0627\u062a \u0623\u062e\u0631\u0649<\/h5>\n\n                                            <a class=\"transx_links_list_item\" href=\"https:\/\/amatab.com\/ar\/services-petroliers\/systemes-de-protection-dincendie-et-de-gaz\/\" >\n                                <img decoding=\"async\" class=\"transx_img--bg\" src=\"http:\/\/amatab.com\/wp-content\/uploads\/2023\/11\/pompier-essayant-contenir-incendie-foret-scaled.jpg\" alt=\"Background Image\" \/>\n                                <h6>\u0646\u0638\u0645 \u0627\u0644\u062d\u0645\u0627\u064a\u0629 \u0645\u0646 \u0627\u0644\u062d\u0631\u0627\u0626\u0642<\/h6>\n                                <span class=\"transx_links_list_counter\">01<\/span>\n                            <\/a>\n                                                        <a class=\"transx_links_list_item\" href=\"https:\/\/amatab.com\/ar\/services-petroliers\/materiel-anti-incendie\/\" >\n                                <img decoding=\"async\" class=\"transx_img--bg\" src=\"http:\/\/amatab.com\/wp-content\/uploads\/2023\/11\/pompier-pret-pour-sa-mission-2-scaled.jpg\" alt=\"Background Image\" \/>\n                                <h6>\u0645\u0639\u062f\u0627\u062a \u0645\u0643\u0627\u0641\u062d\u0629 \u0627\u0644\u062d\u0631\u064a\u0642<\/h6>\n                                <span class=\"transx_links_list_counter\">02<\/span>\n                            <\/a>\n                                                            <\/div>\n        <\/div>\n\n        \t\t\t\t<\/div>\n\t\t\t\t<\/div>\n\t\t\t\t<div class=\"elementor-element elementor-element-d04e9dd elementor-widget elementor-widget-html\" data-id=\"d04e9dd\" data-element_type=\"widget\" data-e-type=\"widget\" data-widget_type=\"html.default\">\n\t\t\t\t<div class=\"elementor-widget-container\">\n\t\t\t\t\t<div class=\"transx_contact-trigger transx_contact-trigger--style-2\">\n\n\n\t<h4 class=\"transx_contact-trigger__title\">\u0647\u0644 \u062a\u062d\u062a\u0627\u062c \u0625\u0644\u0649 \u0639\u0631\u0636 \u0623\u0633\u0639\u0627\u0631 \u061f<\/h4>\n\n\t<p class=\"transx_contact-trigger__text\">\u0646\u062d\u0646 \u0647\u0646\u0627 \u0644\u062a\u0632\u0648\u064a\u062f\u0643 \u0628\u0633\u0631\u0639\u0629 \u0628\u0645\u0639\u0644\u0648\u0645\u0627\u062a \u0645\u0641\u0635\u0644\u0629 \u062d\u0648\u0644 \u0623\u0633\u0639\u0627\u0631\u0646\u0627<\/p>\n\n\t<a class=\"transx_button\" href=\"https:\/\/amatab.com\/ar\/services-petroliers\/systemes-de-lutte-contre-les-incendies\/obtenir-un-devis\/\">\n\t\t<span>\u0644\u0644\u062d\u0635\u0648\u0644 \u0639\u0644\u0649 \u0639\u0631\u0636 \u0623\u0633\u0639\u0627\u0631<\/span>\n\t\t<svg class=\"icon\">\n\t\t\t<svg viewbox=\"0 0 150 78.6\" xmlns=\"http:\/\/www.w3.org\/2000\/svg\"><path d=\"M0 31.5h150v12.7H0V31.5zM112.8-.1l30.9 31.5-8.8 9L104 8.9l8.8-9zm18.1 51l-18.4 18.8 8.9 9 18.4-18.8-8.9-9z\"\/><\/svg>\n\t\t<\/svg>\n\t<\/a>\n<\/div>\t\t\t\t<\/div>\n\t\t\t\t<\/div>\n\t\t\t\t\t<\/div>\n\t\t<\/div>\n\t\t\t\t\t<\/div>\n\t\t<\/section>\n\t\t\t\t<\/div>","protected":false},"excerpt":{"rendered":"<p>Nous mettons en place une s\u00e9rie de dispositifs sophistiqu\u00e9s con\u00e7us pour combattre les incendies de mani\u00e8re proactive. Parmi ces dispositifs, nos syst\u00e8mes d&rsquo;extinction automatique se distinguent, car ils sont capables de d\u00e9tecter la fum\u00e9e ou les flammes et de d\u00e9clencher une r\u00e9ponse rapide pour \u00e9teindre les incendies naissants, limitant ainsi les dommages potentiels. Parall\u00e8lement, nous [&hellip;]<\/p>\n","protected":false},"author":5,"featured_media":772,"parent":3429,"menu_order":220,"comment_status":"closed","ping_status":"closed","template":"","meta":{"om_disable_all_campaigns":false,"_uf_show_specific_survey":0,"_uf_disable_surveys":false,"footnotes":""},"folder":[],"class_list":["post-3486","page","type-page","status-publish","has-post-thumbnail","hentry"],"aioseo_notices":[],"_links":{"self":[{"href":"https:\/\/amatab.com\/ar\/wp-json\/wp\/v2\/pages\/3486","targetHints":{"allow":["GET"]}}],"collection":[{"href":"https:\/\/amatab.com\/ar\/wp-json\/wp\/v2\/pages"}],"about":[{"href":"https:\/\/amatab.com\/ar\/wp-json\/wp\/v2\/types\/page"}],"author":[{"embeddable":true,"href":"https:\/\/amatab.com\/ar\/wp-json\/wp\/v2\/users\/5"}],"replies":[{"embeddable":true,"href":"https:\/\/amatab.com\/ar\/wp-json\/wp\/v2\/comments?post=3486"}],"version-history":[{"count":68,"href":"https:\/\/amatab.com\/ar\/wp-json\/wp\/v2\/pages\/3486\/revisions"}],"predecessor-version":[{"id":16122,"href":"https:\/\/amatab.com\/ar\/wp-json\/wp\/v2\/pages\/3486\/revisions\/16122"}],"up":[{"embeddable":true,"href":"https:\/\/amatab.com\/ar\/wp-json\/wp\/v2\/pages\/3429"}],"wp:featuredmedia":[{"embeddable":true,"href":"https:\/\/amatab.com\/ar\/wp-json\/wp\/v2\/media\/772"}],"wp:attachment":[{"href":"https:\/\/amatab.com\/ar\/wp-json\/wp\/v2\/media?parent=3486"}],"wp:term":[{"taxonomy":"folder","embeddable":true,"href":"https:\/\/amatab.com\/ar\/wp-json\/wp\/v2\/folder?post=3486"}],"curies":[{"name":"wp","href":"https:\/\/api.w.org\/{rel}","templated":true}]}}