{"id":3498,"date":"2023-10-10T17:54:57","date_gmt":"2023-10-10T15:54:57","guid":{"rendered":"https:\/\/amatab.com\/?page_id=3498"},"modified":"2024-02-01T11:37:24","modified_gmt":"2024-02-01T10:37:24","slug":"materiel-anti-incendie","status":"publish","type":"page","link":"https:\/\/amatab.com\/ar\/services-petroliers\/materiel-anti-incendie\/","title":{"rendered":"\u0645\u0639\u062f\u0627\u062a \u0645\u0643\u0627\u0641\u062d\u0629 \u0627\u0644\u062d\u0631\u064a\u0642"},"content":{"rendered":"<div data-elementor-type=\"wp-page\" data-elementor-id=\"3498\" class=\"elementor elementor-3498\" data-elementor-post-type=\"page\">\n\t\t\t\t\t\t<section class=\"elementor-section elementor-top-section elementor-element elementor-element-4581fc2 elementor-section-boxed elementor-section-height-default elementor-section-height-default\" data-id=\"4581fc2\" data-element_type=\"section\" data-e-type=\"section\">\n\t\t\t\t\t\t<div class=\"elementor-container elementor-column-gap-default\">\n\t\t\t\t\t<div class=\"elementor-column elementor-col-50 elementor-top-column elementor-element elementor-element-4f0c812\" data-id=\"4f0c812\" data-element_type=\"column\" data-e-type=\"column\">\n\t\t\t<div class=\"elementor-widget-wrap elementor-element-populated\">\n\t\t\t\t\t\t<section class=\"elementor-section elementor-inner-section elementor-element elementor-element-eb44f22 elementor-section-boxed elementor-section-height-default elementor-section-height-default\" data-id=\"eb44f22\" data-element_type=\"section\" data-e-type=\"section\">\n\t\t\t\t\t\t<div class=\"elementor-container elementor-column-gap-default\">\n\t\t\t\t\t<div class=\"elementor-column elementor-col-100 elementor-inner-column elementor-element elementor-element-8b6e25c\" data-id=\"8b6e25c\" data-element_type=\"column\" data-e-type=\"column\">\n\t\t\t<div class=\"elementor-widget-wrap elementor-element-populated\">\n\t\t\t\t\t\t<div class=\"elementor-element elementor-element-79a791b elementor-widget elementor-widget-text-editor\" data-id=\"79a791b\" data-element_type=\"widget\" data-e-type=\"widget\" data-widget_type=\"text-editor.default\">\n\t\t\t\t<div class=\"elementor-widget-container\">\n\t\t\t\t\t\t\t\t\t<p>\u0641\u064a AMATAB&amp;CO\u060c \u0646\u0642\u062f\u0645 \u0645\u062c\u0645\u0648\u0639\u0629 \u0643\u0627\u0645\u0644\u0629 \u0645\u0646 \u0645\u0639\u062f\u0627\u062a \u0627\u0644\u062d\u0645\u0627\u064a\u0629 \u0645\u0646 \u0627\u0644\u062d\u0631\u0627\u0626\u0642 \u0639\u0627\u0644\u064a\u0629 \u0627\u0644\u062c\u0648\u062f\u0629 \u0644\u0636\u0645\u0627\u0646 \u062d\u0645\u0627\u064a\u0629 \u0641\u0631\u0642\u0643 \u0648\u0645\u0631\u0627\u0641\u0642\u0643:<\/p>\t\t\t\t\t\t\t\t<\/div>\n\t\t\t\t<\/div>\n\t\t\t\t<div class=\"elementor-element elementor-element-7b48a52 elementor-widget elementor-widget-image\" data-id=\"7b48a52\" data-element_type=\"widget\" data-e-type=\"widget\" data-widget_type=\"image.default\">\n\t\t\t\t<div class=\"elementor-widget-container\">\n\t\t\t\t\t\t\t\t\t\t\t\t\t\t\t<img fetchpriority=\"high\" decoding=\"async\" width=\"1024\" height=\"683\" src=\"https:\/\/amatab.com\/wp-content\/uploads\/2023\/11\/pompier-pret-pour-sa-mission-2-1024x683.jpg\" class=\"attachment-large size-large wp-image-11639\" alt=\"\" srcset=\"https:\/\/amatab.com\/wp-content\/uploads\/2023\/11\/pompier-pret-pour-sa-mission-2-1024x683.jpg 1024w, https:\/\/amatab.com\/wp-content\/uploads\/2023\/11\/pompier-pret-pour-sa-mission-2-300x200.jpg 300w, https:\/\/amatab.com\/wp-content\/uploads\/2023\/11\/pompier-pret-pour-sa-mission-2-768x512.jpg 768w, https:\/\/amatab.com\/wp-content\/uploads\/2023\/11\/pompier-pret-pour-sa-mission-2-1536x1024.jpg 1536w, https:\/\/amatab.com\/wp-content\/uploads\/2023\/11\/pompier-pret-pour-sa-mission-2-2048x1365.jpg 2048w, https:\/\/amatab.com\/wp-content\/uploads\/2023\/11\/pompier-pret-pour-sa-mission-2-1320x880.jpg 1320w, https:\/\/amatab.com\/wp-content\/uploads\/2023\/11\/pompier-pret-pour-sa-mission-2-600x400.jpg 600w\" sizes=\"(max-width: 1024px) 100vw, 1024px\" \/>\t\t\t\t\t\t\t\t\t\t\t\t\t\t\t<\/div>\n\t\t\t\t<\/div>\n\t\t\t\t\t<\/div>\n\t\t<\/div>\n\t\t\t\t\t<\/div>\n\t\t<\/section>\n\t\t\t\t<section class=\"elementor-section elementor-inner-section elementor-element elementor-element-0f470eb elementor-section-boxed elementor-section-height-default elementor-section-height-default\" data-id=\"0f470eb\" data-element_type=\"section\" data-e-type=\"section\">\n\t\t\t\t\t\t<div class=\"elementor-container elementor-column-gap-default\">\n\t\t\t\t\t<div class=\"elementor-column elementor-col-50 elementor-inner-column elementor-element elementor-element-4918fb4\" data-id=\"4918fb4\" data-element_type=\"column\" data-e-type=\"column\">\n\t\t\t<div class=\"elementor-widget-wrap elementor-element-populated\">\n\t\t\t\t\t\t<div class=\"elementor-element elementor-element-6098d4c elementor-widget elementor-widget-text-editor\" data-id=\"6098d4c\" data-element_type=\"widget\" data-e-type=\"widget\" data-widget_type=\"text-editor.default\">\n\t\t\t\t<div class=\"elementor-widget-container\">\n\t\t\t\t\t\t\t\t\t<p><span style=\"text-decoration: underline;\">\u0637\u0641\u0627\u064a\u0627\u062a \u0627\u0644\u062d\u0631\u064a\u0642<\/span> : <br \/>\u062a\u0648\u062c\u062f \u0637\u0641\u0627\u064a\u0627\u062a \u0627\u0644\u062d\u0631\u064a\u0642 \u0644\u062f\u064a\u0646\u0627 \u0641\u064a \u0645\u0648\u0642\u0639 \u0627\u0633\u062a\u0631\u0627\u062a\u064a\u062c\u064a \u0641\u064a \u0627\u0644\u0645\u0648\u0642\u0639 \u0644\u0644\u0648\u0635\u0648\u0644 \u0627\u0644\u0633\u0631\u064a\u0639 \u0641\u064a \u062d\u0627\u0644\u0629 \u0646\u0634\u0648\u0628 \u062d\u0631\u064a\u0642. \u0648\u0647\u064a \u0645\u0635\u0645\u0645\u0629 \u0644\u0625\u0637\u0641\u0627\u0621 \u0623\u0646\u0648\u0627\u0639 \u0645\u062e\u062a\u0644\u0641\u0629 \u0645\u0646 \u0627\u0644\u062d\u0631\u0627\u0626\u0642\u060c \u0628\u0645\u0627 \u0641\u064a \u0630\u0644\u0643 \u062d\u0631\u0627\u0626\u0642 \u0627\u0644\u0641\u0626\u0627\u062a A \u0648 B \u0648 C. <\/p>\t\t\t\t\t\t\t\t<\/div>\n\t\t\t\t<\/div>\n\t\t\t\t<div class=\"elementor-element elementor-element-b8d885f elementor-widget elementor-widget-image\" data-id=\"b8d885f\" data-element_type=\"widget\" data-e-type=\"widget\" data-widget_type=\"image.default\">\n\t\t\t\t<div class=\"elementor-widget-container\">\n\t\t\t\t\t\t\t\t\t\t\t\t\t\t\t<img decoding=\"async\" width=\"1024\" height=\"637\" src=\"https:\/\/amatab.com\/wp-content\/uploads\/2023\/11\/gros-plan-extincteurs-rouges-1024x637.jpg\" class=\"attachment-large size-large wp-image-11630\" alt=\"\" srcset=\"https:\/\/amatab.com\/wp-content\/uploads\/2023\/11\/gros-plan-extincteurs-rouges-1024x637.jpg 1024w, https:\/\/amatab.com\/wp-content\/uploads\/2023\/11\/gros-plan-extincteurs-rouges-300x187.jpg 300w, https:\/\/amatab.com\/wp-content\/uploads\/2023\/11\/gros-plan-extincteurs-rouges-768x478.jpg 768w, https:\/\/amatab.com\/wp-content\/uploads\/2023\/11\/gros-plan-extincteurs-rouges-1536x956.jpg 1536w, https:\/\/amatab.com\/wp-content\/uploads\/2023\/11\/gros-plan-extincteurs-rouges-2048x1275.jpg 2048w, https:\/\/amatab.com\/wp-content\/uploads\/2023\/11\/gros-plan-extincteurs-rouges-1320x822.jpg 1320w, https:\/\/amatab.com\/wp-content\/uploads\/2023\/11\/gros-plan-extincteurs-rouges-600x373.jpg 600w\" sizes=\"(max-width: 1024px) 100vw, 1024px\" \/>\t\t\t\t\t\t\t\t\t\t\t\t\t\t\t<\/div>\n\t\t\t\t<\/div>\n\t\t\t\t<div class=\"elementor-element elementor-element-d90c55e elementor-widget elementor-widget-text-editor\" data-id=\"d90c55e\" data-element_type=\"widget\" data-e-type=\"widget\" data-widget_type=\"text-editor.default\">\n\t\t\t\t<div class=\"elementor-widget-container\">\n\t\t\t\t\t\t\t\t\t<p><span style=\"text-decoration: underline;\">\u062d\u0646\u0641\u064a\u0629 \u0627\u0644\u062d\u0631\u064a\u0642<\/span> : <br \/>\u062a\u0636\u0645\u0646 \u0627\u0644\u0635\u0646\u0627\u0628\u064a\u0631 \u0627\u0644\u0645\u0648\u0636\u0648\u0639\u0629 \u0628\u0639\u0646\u0627\u064a\u0629 \u0627\u0644\u0648\u0635\u0648\u0644 \u0627\u0644\u0641\u0648\u0631\u064a \u0625\u0644\u0649 \u0645\u0635\u062f\u0631 \u0645\u064a\u0627\u0647 \u0645\u0648\u062b\u0648\u0642 \u0628\u0647 \u0641\u064a \u062d\u0627\u0644\u0627\u062a \u0627\u0644\u0637\u0648\u0627\u0631\u0626\u060c \u0645\u0645\u0627 \u064a\u0636\u0645\u0646 \u0633\u0644\u0627\u0645\u0629 \u0627\u0644\u0645\u0628\u0627\u0646\u064a \u0648\u0627\u0644\u0623\u0637\u0642\u0645.<\/p>\t\t\t\t\t\t\t\t<\/div>\n\t\t\t\t<\/div>\n\t\t\t\t<div class=\"elementor-element elementor-element-f98b726 elementor-widget elementor-widget-image\" data-id=\"f98b726\" data-element_type=\"widget\" data-e-type=\"widget\" data-widget_type=\"image.default\">\n\t\t\t\t<div class=\"elementor-widget-container\">\n\t\t\t\t\t\t\t\t\t\t\t\t\t\t\t<img decoding=\"async\" width=\"1024\" height=\"683\" src=\"https:\/\/amatab.com\/wp-content\/uploads\/2023\/11\/rouille-sprinklers-eau-1024x683.jpg\" class=\"attachment-large size-large wp-image-11644\" alt=\"\" srcset=\"https:\/\/amatab.com\/wp-content\/uploads\/2023\/11\/rouille-sprinklers-eau-1024x683.jpg 1024w, https:\/\/amatab.com\/wp-content\/uploads\/2023\/11\/rouille-sprinklers-eau-300x200.jpg 300w, https:\/\/amatab.com\/wp-content\/uploads\/2023\/11\/rouille-sprinklers-eau-768x512.jpg 768w, https:\/\/amatab.com\/wp-content\/uploads\/2023\/11\/rouille-sprinklers-eau-1536x1024.jpg 1536w, https:\/\/amatab.com\/wp-content\/uploads\/2023\/11\/rouille-sprinklers-eau-2048x1366.jpg 2048w, https:\/\/amatab.com\/wp-content\/uploads\/2023\/11\/rouille-sprinklers-eau-1320x880.jpg 1320w, https:\/\/amatab.com\/wp-content\/uploads\/2023\/11\/rouille-sprinklers-eau-600x400.jpg 600w\" sizes=\"(max-width: 1024px) 100vw, 1024px\" \/>\t\t\t\t\t\t\t\t\t\t\t\t\t\t\t<\/div>\n\t\t\t\t<\/div>\n\t\t\t\t\t<\/div>\n\t\t<\/div>\n\t\t\t\t<div class=\"elementor-column elementor-col-50 elementor-inner-column elementor-element elementor-element-e18824c\" data-id=\"e18824c\" data-element_type=\"column\" data-e-type=\"column\">\n\t\t\t<div class=\"elementor-widget-wrap elementor-element-populated\">\n\t\t\t\t\t\t<div class=\"elementor-element elementor-element-2c3e51d elementor-widget elementor-widget-text-editor\" data-id=\"2c3e51d\" data-element_type=\"widget\" data-e-type=\"widget\" data-widget_type=\"text-editor.default\">\n\t\t\t\t<div class=\"elementor-widget-container\">\n\t\t\t\t\t\t\t\t\t<p><span style=\"text-decoration: underline;\">\u0623\u062c\u0647\u0632\u0629 \u0645\u0631\u0627\u0642\u0628\u0629 \u0627\u0644\u062d\u0631\u064a\u0642 \u0648\u0627\u0644\u062e\u0631\u0627\u0637\u064a\u0645<\/span> :<br \/>\u062a\u0642\u0648\u0645 \u0623\u062c\u0647\u0632\u0629 \u0645\u0631\u0627\u0642\u0628\u0629 \u0627\u0644\u062d\u0631\u0627\u0626\u0642 \u0648\u0627\u0644\u062e\u0631\u0627\u0637\u064a\u0645 \u0644\u062f\u064a\u0646\u0627 \u0628\u062a\u0648\u062c\u064a\u0647 \u062a\u062f\u0641\u0642 \u0627\u0644\u0645\u064a\u0627\u0647 \u0628\u0634\u0643\u0644 \u0641\u0639\u0627\u0644 \u0625\u0644\u0649 \u0645\u0646\u0627\u0637\u0642 \u0627\u0644\u062e\u0637\u0631. \u0648\u0647\u064a \u0645\u0635\u0645\u0645\u0629 \u0644\u062a\u062d\u0645\u0644 \u0627\u0644\u0638\u0631\u0648\u0641 \u0627\u0644\u0642\u0627\u0633\u064a\u0629 \u0648\u062a\u0648\u0641\u0631 \u0633\u064a\u0637\u0631\u0629 \u062f\u0642\u064a\u0642\u0629.<\/p>\t\t\t\t\t\t\t\t<\/div>\n\t\t\t\t<\/div>\n\t\t\t\t<div class=\"elementor-element elementor-element-e1532ec elementor-widget elementor-widget-image\" data-id=\"e1532ec\" data-element_type=\"widget\" data-e-type=\"widget\" data-widget_type=\"image.default\">\n\t\t\t\t<div class=\"elementor-widget-container\">\n\t\t\t\t\t\t\t\t\t\t\t\t\t\t\t<img loading=\"lazy\" decoding=\"async\" width=\"1024\" height=\"642\" src=\"https:\/\/amatab.com\/wp-content\/uploads\/2023\/11\/pompiers-masculins-feminins-travaillant-ensemble-dans-costumes-casques-scaled-e1700489489109-1024x642.jpg\" class=\"attachment-large size-large wp-image-11634\" alt=\"\" srcset=\"https:\/\/amatab.com\/wp-content\/uploads\/2023\/11\/pompiers-masculins-feminins-travaillant-ensemble-dans-costumes-casques-scaled-e1700489489109-1024x642.jpg 1024w, https:\/\/amatab.com\/wp-content\/uploads\/2023\/11\/pompiers-masculins-feminins-travaillant-ensemble-dans-costumes-casques-scaled-e1700489489109-300x188.jpg 300w, https:\/\/amatab.com\/wp-content\/uploads\/2023\/11\/pompiers-masculins-feminins-travaillant-ensemble-dans-costumes-casques-scaled-e1700489489109-768x481.jpg 768w, https:\/\/amatab.com\/wp-content\/uploads\/2023\/11\/pompiers-masculins-feminins-travaillant-ensemble-dans-costumes-casques-scaled-e1700489489109-1536x962.jpg 1536w, https:\/\/amatab.com\/wp-content\/uploads\/2023\/11\/pompiers-masculins-feminins-travaillant-ensemble-dans-costumes-casques-scaled-e1700489489109-2048x1283.jpg 2048w, https:\/\/amatab.com\/wp-content\/uploads\/2023\/11\/pompiers-masculins-feminins-travaillant-ensemble-dans-costumes-casques-scaled-e1700489489109-1320x827.jpg 1320w, https:\/\/amatab.com\/wp-content\/uploads\/2023\/11\/pompiers-masculins-feminins-travaillant-ensemble-dans-costumes-casques-scaled-e1700489489109-600x376.jpg 600w\" sizes=\"(max-width: 1024px) 100vw, 1024px\" \/>\t\t\t\t\t\t\t\t\t\t\t\t\t\t\t<\/div>\n\t\t\t\t<\/div>\n\t\t\t\t<div class=\"elementor-element elementor-element-751912e elementor-widget elementor-widget-text-editor\" data-id=\"751912e\" data-element_type=\"widget\" data-e-type=\"widget\" data-widget_type=\"text-editor.default\">\n\t\t\t\t<div class=\"elementor-widget-container\">\n\t\t\t\t\t\t\t\t\t<p><span style=\"text-decoration: underline;\">\u0645\u0636\u062e\u0627\u062a \u0627\u0644\u0646\u0627\u0631 \u0648\u0627\u0644\u0631\u0634\u0627\u0634\u0627\u062a<\/span> : <br \/>\u0645\u0636\u062e\u0627\u062a \u0627\u0644\u062d\u0631\u064a\u0642 \u0644\u062f\u064a\u0646\u0627 \u062c\u0627\u0647\u0632\u0629 \u0644\u0644\u062a\u0646\u0634\u064a\u0637 \u0644\u062a\u0632\u0648\u064a\u062f \u0627\u0644\u0631\u0634\u0627\u0634\u0627\u062a \u0628\u0627\u0644\u0645\u064a\u0627\u0647 \u0641\u064a \u062d\u0627\u0644\u0629 \u0646\u0634\u0648\u0628 \u062d\u0631\u064a\u0642. \u062a\u0646\u0634\u0637 \u0627\u0644\u0631\u0634\u0627\u0634\u0627\u062a \u062a\u0644\u0642\u0627\u0626\u064a\u064b\u0627 \u0648\u062a\u0648\u0632\u0639 \u0627\u0644\u0645\u0627\u0621 \u0628\u0627\u0644\u062a\u0633\u0627\u0648\u064a.<\/p>\t\t\t\t\t\t\t\t<\/div>\n\t\t\t\t<\/div>\n\t\t\t\t<div class=\"elementor-element elementor-element-6db7aa8 elementor-widget elementor-widget-image\" data-id=\"6db7aa8\" data-element_type=\"widget\" data-e-type=\"widget\" data-widget_type=\"image.default\">\n\t\t\t\t<div class=\"elementor-widget-container\">\n\t\t\t\t\t\t\t\t\t\t\t\t\t\t\t<img loading=\"lazy\" decoding=\"async\" width=\"1024\" height=\"683\" src=\"https:\/\/amatab.com\/wp-content\/uploads\/2023\/11\/tuyauterie-robinets-1024x683.jpg\" class=\"attachment-large size-large wp-image-11635\" alt=\"\" srcset=\"https:\/\/amatab.com\/wp-content\/uploads\/2023\/11\/tuyauterie-robinets-1024x683.jpg 1024w, https:\/\/amatab.com\/wp-content\/uploads\/2023\/11\/tuyauterie-robinets-300x200.jpg 300w, https:\/\/amatab.com\/wp-content\/uploads\/2023\/11\/tuyauterie-robinets-768x512.jpg 768w, https:\/\/amatab.com\/wp-content\/uploads\/2023\/11\/tuyauterie-robinets-1536x1024.jpg 1536w, https:\/\/amatab.com\/wp-content\/uploads\/2023\/11\/tuyauterie-robinets-2048x1365.jpg 2048w, https:\/\/amatab.com\/wp-content\/uploads\/2023\/11\/tuyauterie-robinets-1320x880.jpg 1320w, https:\/\/amatab.com\/wp-content\/uploads\/2023\/11\/tuyauterie-robinets-600x400.jpg 600w\" sizes=\"(max-width: 1024px) 100vw, 1024px\" \/>\t\t\t\t\t\t\t\t\t\t\t\t\t\t\t<\/div>\n\t\t\t\t<\/div>\n\t\t\t\t\t<\/div>\n\t\t<\/div>\n\t\t\t\t\t<\/div>\n\t\t<\/section>\n\t\t\t\t<section class=\"elementor-section elementor-inner-section elementor-element elementor-element-f6d0e98 elementor-section-boxed elementor-section-height-default elementor-section-height-default\" data-id=\"f6d0e98\" data-element_type=\"section\" data-e-type=\"section\">\n\t\t\t\t\t\t<div class=\"elementor-container elementor-column-gap-default\">\n\t\t\t\t\t<div class=\"elementor-column elementor-col-100 elementor-inner-column elementor-element elementor-element-b812e58\" data-id=\"b812e58\" data-element_type=\"column\" data-e-type=\"column\">\n\t\t\t<div class=\"elementor-widget-wrap elementor-element-populated\">\n\t\t\t\t\t\t<div class=\"elementor-element elementor-element-75aa689 elementor-widget elementor-widget-text-editor\" data-id=\"75aa689\" data-element_type=\"widget\" data-e-type=\"widget\" data-widget_type=\"text-editor.default\">\n\t\t\t\t<div class=\"elementor-widget-container\">\n\t\t\t\t\t\t\t\t\t<p><span style=\"font-weight: 400;\">\u064a\u062a\u0645 \u0641\u062d\u0635 \u0648\u0635\u064a\u0627\u0646\u0629 \u0645\u0639\u062f\u0627\u062a \u0627\u0644\u062d\u0645\u0627\u064a\u0629 \u0645\u0646 \u0627\u0644\u062d\u0631\u0627\u0626\u0642 \u0644\u062f\u064a\u0646\u0627 \u0628\u0627\u0633\u062a\u0645\u0631\u0627\u0631 \u0644\u0636\u0645\u0627\u0646 \u0623\u062f\u0627\u0626\u0647\u0627 \u0627\u0644\u0633\u0644\u064a\u0645\u060c \u0648\u0628\u0627\u0644\u062a\u0627\u0644\u064a \u062a\u0648\u0641\u064a\u0631 \u0627\u0644\u062d\u0645\u0627\u064a\u0629 \u0627\u0644\u0641\u0639\u0627\u0644\u0629 \u0641\u064a \u062d\u0627\u0644\u0629 \u0648\u0642\u0648\u0639 \u0643\u0627\u0631\u062b\u0629. \u0633\u0644\u0627\u0645\u062a\u0643 \u0647\u064a \u0623\u0648\u0644\u0648\u064a\u062a\u0646\u0627 \u0627\u0644\u0642\u0635\u0648\u0649.<\/span><\/p><p><br \/><br \/><\/p>\t\t\t\t\t\t\t\t<\/div>\n\t\t\t\t<\/div>\n\t\t\t\t\t<\/div>\n\t\t<\/div>\n\t\t\t\t\t<\/div>\n\t\t<\/section>\n\t\t\t\t\t<\/div>\n\t\t<\/div>\n\t\t\t\t<div class=\"elementor-column elementor-col-50 elementor-top-column elementor-element elementor-element-1d7c033\" data-id=\"1d7c033\" data-element_type=\"column\" data-e-type=\"column\">\n\t\t\t<div class=\"elementor-widget-wrap elementor-element-populated\">\n\t\t\t\t\t\t<div class=\"elementor-element elementor-element-7c13ae2 elementor-widget__width-initial elementor-widget elementor-widget-transx_links_list\" data-id=\"7c13ae2\" data-element_type=\"widget\" data-e-type=\"widget\" data-widget_type=\"transx_links_list.default\">\n\t\t\t\t<div class=\"elementor-widget-container\">\n\t\t\t\t\t\n        <div class=\"transx_links_list_widget\">\n            <div class=\"transx_links_list_wrapper transx_view_type_2\">\n                <h5 class=\"transx_links_list_title\">\u062e\u062f\u0645\u0627\u062a \u0623\u062e\u0631\u0649<\/h5>\n\n                                            <a class=\"transx_links_list_item\" href=\"https:\/\/amatab.com\/ar\/services-petroliers\/systemes-de-lutte-contre-les-incendies\/\" >\n                                <img decoding=\"async\" class=\"transx_img--bg\" src=\"http:\/\/amatab.com\/wp-content\/uploads\/2023\/11\/camion-pompiers-dans-garage-pret-pour-action-scaled.jpg\" alt=\"Background Image\" \/>\n                                <h6>\u0623\u0646\u0638\u0645\u0629 \u0625\u062e\u0645\u0627\u062f \u0627\u0644\u062d\u0631\u0627\u0626\u0642<\/h6>\n                                <span class=\"transx_links_list_counter\">01<\/span>\n                            <\/a>\n                                                        <a class=\"transx_links_list_item\" href=\"https:\/\/amatab.com\/ar\/services-petroliers\/systemes-de-protection-dincendie-et-de-gaz\/\" >\n                                <img decoding=\"async\" class=\"transx_img--bg\" src=\"http:\/\/amatab.com\/wp-content\/uploads\/2023\/11\/pompier-essayant-contenir-incendie-foret-scaled.jpg\" alt=\"Background Image\" \/>\n                                <h6>\u0646\u0638\u0645 \u0627\u0644\u062d\u0645\u0627\u064a\u0629 \u0645\u0646 \u0627\u0644\u062d\u0631\u0627\u0626\u0642 <\/h6>\n                                <span class=\"transx_links_list_counter\">02<\/span>\n                            <\/a>\n                                                            <\/div>\n        <\/div>\n\n        \t\t\t\t<\/div>\n\t\t\t\t<\/div>\n\t\t\t\t<div class=\"elementor-element elementor-element-429a045 elementor-widget elementor-widget-html\" data-id=\"429a045\" data-element_type=\"widget\" data-e-type=\"widget\" data-widget_type=\"html.default\">\n\t\t\t\t<div class=\"elementor-widget-container\">\n\t\t\t\t\t<div class=\"transx_contact-trigger transx_contact-trigger--style-2\">\n\t\n\n\t<h4 class=\"transx_contact-trigger__title\">\u0647\u0644 \u062a\u062d\u062a\u0627\u062c \u0625\u0644\u0649 \u0639\u0631\u0636 \u0623\u0633\u0639\u0627\u0631 \u061f<\/h4>\n\n\t<p class=\"transx_contact-trigger__text\">\u0646\u062d\u0646 \u0647\u0646\u0627 \u0644\u062a\u0632\u0648\u064a\u062f\u0643 \u0628\u0633\u0631\u0639\u0629 \u0628\u0645\u0639\u0644\u0648\u0645\u0627\u062a \u0645\u0641\u0635\u0644\u0629 \u062d\u0648\u0644 \u0623\u0633\u0639\u0627\u0631\u0646\u0627<\/p>\n\n\t<a class=\"transx_button\" href=\"https:\/\/amatab.com\/ar\/services-petroliers\/materiel-anti-incendie\/obtenir-un-devis\/\">\n\t\t<span>\u0644\u0644\u062d\u0635\u0648\u0644 \u0639\u0644\u0649 \u0639\u0631\u0636 \u0623\u0633\u0639\u0627\u0631<\/span>\n\t\t<svg class=\"icon\">\n\t\t\t<svg viewbox=\"0 0 150 78.6\" xmlns=\"http:\/\/www.w3.org\/2000\/svg\"><path d=\"M0 31.5h150v12.7H0V31.5zM112.8-.1l30.9 31.5-8.8 9L104 8.9l8.8-9zm18.1 51l-18.4 18.8 8.9 9 18.4-18.8-8.9-9z\"\/><\/svg>\n\t\t<\/svg>\n\t<\/a>\n<\/div>\t\t\t\t<\/div>\n\t\t\t\t<\/div>\n\t\t\t\t\t<\/div>\n\t\t<\/div>\n\t\t\t\t\t<\/div>\n\t\t<\/section>\n\t\t\t\t<\/div>","protected":false},"excerpt":{"rendered":"<p>Chez AMATAB &amp; CO, nous fournissons une gamme compl\u00e8te de mat\u00e9riel anti-incendie de haute qualit\u00e9 pour garantir la protection de vos \u00e9quipes et de vos installations : Extincteurs : Nos extincteurs sont strat\u00e9giquement r\u00e9partis sur le site pour une accessibilit\u00e9 rapide en cas d&rsquo;incendie. Ils sont con\u00e7us pour \u00e9teindre diff\u00e9rents types de feux, y compris [&hellip;]<\/p>\n","protected":false},"author":5,"featured_media":0,"parent":3429,"menu_order":218,"comment_status":"closed","ping_status":"closed","template":"","meta":{"om_disable_all_campaigns":false,"_uf_show_specific_survey":0,"_uf_disable_surveys":false,"footnotes":""},"folder":[],"class_list":["post-3498","page","type-page","status-publish","hentry"],"aioseo_notices":[],"_links":{"self":[{"href":"https:\/\/amatab.com\/ar\/wp-json\/wp\/v2\/pages\/3498","targetHints":{"allow":["GET"]}}],"collection":[{"href":"https:\/\/amatab.com\/ar\/wp-json\/wp\/v2\/pages"}],"about":[{"href":"https:\/\/amatab.com\/ar\/wp-json\/wp\/v2\/types\/page"}],"author":[{"embeddable":true,"href":"https:\/\/amatab.com\/ar\/wp-json\/wp\/v2\/users\/5"}],"replies":[{"embeddable":true,"href":"https:\/\/amatab.com\/ar\/wp-json\/wp\/v2\/comments?post=3498"}],"version-history":[{"count":70,"href":"https:\/\/amatab.com\/ar\/wp-json\/wp\/v2\/pages\/3498\/revisions"}],"predecessor-version":[{"id":16119,"href":"https:\/\/amatab.com\/ar\/wp-json\/wp\/v2\/pages\/3498\/revisions\/16119"}],"up":[{"embeddable":true,"href":"https:\/\/amatab.com\/ar\/wp-json\/wp\/v2\/pages\/3429"}],"wp:attachment":[{"href":"https:\/\/amatab.com\/ar\/wp-json\/wp\/v2\/media?parent=3498"}],"wp:term":[{"taxonomy":"folder","embeddable":true,"href":"https:\/\/amatab.com\/ar\/wp-json\/wp\/v2\/folder?post=3498"}],"curies":[{"name":"wp","href":"https:\/\/api.w.org\/{rel}","templated":true}]}}