{"id":3598,"date":"2023-10-11T13:22:16","date_gmt":"2023-10-11T11:22:16","guid":{"rendered":"https:\/\/amatab.com\/?page_id=3598"},"modified":"2024-02-02T10:27:04","modified_gmt":"2024-02-02T09:27:04","slug":"location-des-equipements","status":"publish","type":"page","link":"https:\/\/amatab.com\/ar\/services-petroliers\/location-des-equipements\/","title":{"rendered":"\u0627\u0633\u062a\u0626\u062c\u0627\u0631 \u0627\u0644\u0645\u0639\u062f\u0627\u062a"},"content":{"rendered":"<div data-elementor-type=\"wp-page\" data-elementor-id=\"3598\" class=\"elementor elementor-3598\" data-elementor-post-type=\"page\">\n\t\t\t\t\t\t<section class=\"elementor-section elementor-top-section elementor-element elementor-element-b141967 elementor-section-boxed elementor-section-height-default elementor-section-height-default\" data-id=\"b141967\" data-element_type=\"section\" data-e-type=\"section\">\n\t\t\t\t\t\t<div class=\"elementor-container elementor-column-gap-default\">\n\t\t\t\t\t<div class=\"elementor-column elementor-col-100 elementor-top-column elementor-element elementor-element-44dac99\" data-id=\"44dac99\" data-element_type=\"column\" data-e-type=\"column\">\n\t\t\t<div class=\"elementor-widget-wrap elementor-element-populated\">\n\t\t\t\t\t\t<div class=\"elementor-element elementor-element-05e524a elementor-widget elementor-widget-text-editor\" data-id=\"05e524a\" data-element_type=\"widget\" data-e-type=\"widget\" data-widget_type=\"text-editor.default\">\n\t\t\t\t<div class=\"elementor-widget-container\">\n\t\t\t\t\t\t\t\t\t<p>\u064a\u062a\u0637\u0644\u0628 \u0643\u0644 \u0645\u0634\u0631\u0648\u0639 \u0646\u0641\u0637\u064a \u0645\u062c\u0645\u0648\u0639\u0629 \u0645\u062a\u0646\u0648\u0639\u0629 \u0645\u0646 \u0627\u0644\u0623\u062f\u0648\u0627\u062a \u0627\u0644\u0645\u062a\u062e\u0635\u0635\u0629 \u0644\u0644\u0639\u0645\u0644 \u0628\u0643\u0641\u0627\u0621\u0629. \u0644\u0647\u0630\u0627 \u0627\u0644\u0633\u0628\u0628 \u0646\u0642\u062f\u0645 \u062e\u062f\u0645\u0629 \u0643\u0627\u0645\u0644\u0629 \u0644\u062a\u0623\u062c\u064a\u0631 \u0627\u0644\u0645\u0639\u062f\u0627\u062a \u0644\u062a\u0644\u0628\u064a\u0629 \u062c\u0645\u064a\u0639 \u0627\u062d\u062a\u064a\u0627\u062c\u0627\u062a\u0643. \u0633\u0648\u0627\u0621 \u0643\u0627\u0646\u062a \u0645\u0639\u062f\u0627\u062a \u062a\u0642\u0646\u064a\u0629 \u0623\u0648 \u0623\u062f\u0648\u0627\u062a \u0645\u062a\u062e\u0635\u0635\u0629 \u0644\u0627\u0633\u062a\u062e\u0631\u0627\u062c \u0648\u0645\u0639\u0627\u0644\u062c\u0629 \u0648\u0646\u0642\u0644 \u0627\u0644\u0647\u064a\u062f\u0631\u0648\u0643\u0631\u0628\u0648\u0646\u0627\u062a\u060c \u0641\u0625\u0646 \u0645\u062c\u0645\u0648\u0639\u062a\u0646\u0627 \u0627\u0644\u0648\u0627\u0633\u0639\u0629 \u0645\u0646 \u0627\u0644\u0645\u0639\u062f\u0627\u062a \u0639\u0627\u0644\u064a\u0629 \u0627\u0644\u062c\u0648\u062f\u0629 \u062a\u062d\u062a \u062a\u0635\u0631\u0641\u0643.<\/p><p>\u00a0<\/p>\t\t\t\t\t\t\t\t<\/div>\n\t\t\t\t<\/div>\n\t\t\t\t\t<\/div>\n\t\t<\/div>\n\t\t\t\t\t<\/div>\n\t\t<\/section>\n\t\t\t\t<section class=\"elementor-section elementor-top-section elementor-element elementor-element-abf2945 elementor-section-boxed elementor-section-height-default elementor-section-height-default\" data-id=\"abf2945\" data-element_type=\"section\" data-e-type=\"section\">\n\t\t\t\t\t\t<div class=\"elementor-container elementor-column-gap-default\">\n\t\t\t\t\t<div class=\"elementor-column elementor-col-100 elementor-top-column elementor-element elementor-element-8136ef3\" data-id=\"8136ef3\" data-element_type=\"column\" data-e-type=\"column\">\n\t\t\t<div class=\"elementor-widget-wrap elementor-element-populated\">\n\t\t\t\t\t\t<div class=\"elementor-element elementor-element-a5278aa elementor-widget elementor-widget-heading\" data-id=\"a5278aa\" data-element_type=\"widget\" data-e-type=\"widget\" data-widget_type=\"heading.default\">\n\t\t\t\t<div class=\"elementor-widget-container\">\n\t\t\t\t\t<h3 class=\"elementor-heading-title elementor-size-default\">\u0627\u0633\u062a\u0626\u062c\u0627\u0631 \u0627\u0644\u0645\u0639\u062f\u0627\u062a \n\n\n<\/h3>\t\t\t\t<\/div>\n\t\t\t\t<\/div>\n\t\t\t\t\t<\/div>\n\t\t<\/div>\n\t\t\t\t\t<\/div>\n\t\t<\/section>\n\t\t\t\t<section class=\"elementor-section elementor-top-section elementor-element elementor-element-28eabbb elementor-section-boxed elementor-section-height-default elementor-section-height-default\" data-id=\"28eabbb\" data-element_type=\"section\" data-e-type=\"section\">\n\t\t\t\t\t\t<div class=\"elementor-container elementor-column-gap-default\">\n\t\t\t\t\t<div class=\"elementor-column elementor-col-50 elementor-top-column elementor-element elementor-element-9c5dec1\" data-id=\"9c5dec1\" data-element_type=\"column\" data-e-type=\"column\">\n\t\t\t<div class=\"elementor-widget-wrap elementor-element-populated\">\n\t\t\t\t\t\t<div class=\"elementor-element elementor-element-193fd73 elementor-widget elementor-widget-text-editor\" data-id=\"193fd73\" data-element_type=\"widget\" data-e-type=\"widget\" data-widget_type=\"text-editor.default\">\n\t\t\t\t<div class=\"elementor-widget-container\">\n\t\t\t\t\t\t\t\t\t<p>\u00a0<\/p><p><span style=\"text-decoration: underline;\">\u0645\u0639\u062f\u0627\u062a \u062a\u0642\u0646\u064a\u0629<\/span><\/p>\t\t\t\t\t\t\t\t<\/div>\n\t\t\t\t<\/div>\n\t\t\t\t<section class=\"elementor-section elementor-inner-section elementor-element elementor-element-a969ecf elementor-section-boxed elementor-section-height-default elementor-section-height-default\" data-id=\"a969ecf\" data-element_type=\"section\" data-e-type=\"section\">\n\t\t\t\t\t\t<div class=\"elementor-container elementor-column-gap-default\">\n\t\t\t\t\t<div class=\"elementor-column elementor-col-50 elementor-inner-column elementor-element elementor-element-c427eb3\" data-id=\"c427eb3\" data-element_type=\"column\" data-e-type=\"column\">\n\t\t\t<div class=\"elementor-widget-wrap elementor-element-populated\">\n\t\t\t\t\t\t<div class=\"elementor-element elementor-element-36ed117 elementor-widget elementor-widget-text-editor\" data-id=\"36ed117\" data-element_type=\"widget\" data-e-type=\"widget\" data-widget_type=\"text-editor.default\">\n\t\t\t\t<div class=\"elementor-widget-container\">\n\t\t\t\t\t\t\t\t\t<p>\u064a\u062a\u0636\u0645\u0646 \u0630\u0644\u0643 \u0623\u062d\u062f\u062b \u0623\u0646\u0638\u0645\u0629 \u0627\u0644\u062a\u062d\u0643\u0645 \u0648\u0627\u0644\u0645\u0631\u0627\u0642\u0628\u0629 \u0644\u0636\u0645\u0627\u0646 \u0627\u0644\u062a\u0634\u063a\u064a\u0644 \u0627\u0644\u0641\u0639\u0627\u0644 \u0644\u0645\u0646\u0634\u0622\u062a\u0643\u060c \u0648\u0623\u062f\u0648\u0627\u062a \u0627\u0644\u0642\u064a\u0627\u0633 \u0627\u0644\u062f\u0642\u064a\u0642\u0629 \u0644\u062a\u0642\u064a\u064a\u0645 \u0638\u0631\u0648\u0641 \u0627\u0644\u062d\u0641\u0631 \u0648\u0627\u0644\u0625\u0646\u062a\u0627\u062c\u060c \u0628\u0627\u0644\u0625\u0636\u0627\u0641\u0629 \u0625\u0644\u0649 \u0623\u062c\u0647\u0632\u0629 \u0627\u0644\u0627\u062a\u0635\u0627\u0644 \u0627\u0644\u0645\u062a\u0642\u062f\u0645\u0629 \u0644\u0644\u062d\u0641\u0627\u0638 \u0639\u0644\u0649 \u0627\u0644\u0627\u062a\u0635\u0627\u0644 \u0627\u0644\u0645\u0633\u062a\u0645\u0631 \u0641\u064a \u0627\u0644\u0645\u0648\u0642\u0639.<\/p>\t\t\t\t\t\t\t\t<\/div>\n\t\t\t\t<\/div>\n\t\t\t\t\t<\/div>\n\t\t<\/div>\n\t\t\t\t<div class=\"elementor-column elementor-col-50 elementor-inner-column elementor-element elementor-element-05fa0f7\" data-id=\"05fa0f7\" data-element_type=\"column\" data-e-type=\"column\">\n\t\t\t<div class=\"elementor-widget-wrap elementor-element-populated\">\n\t\t\t\t\t\t<div class=\"elementor-element elementor-element-0d2e41e elementor-widget elementor-widget-image\" data-id=\"0d2e41e\" data-element_type=\"widget\" data-e-type=\"widget\" data-widget_type=\"image.default\">\n\t\t\t\t<div class=\"elementor-widget-container\">\n\t\t\t\t\t\t\t\t\t\t\t\t\t\t\t<img fetchpriority=\"high\" decoding=\"async\" width=\"1024\" height=\"578\" src=\"https:\/\/amatab.com\/wp-content\/uploads\/2023\/11\/travailleur-plate-forme-petroliere-au-coucher-du-soleil-crees-technologie-generative-ai-1-1024x578.jpg\" class=\"attachment-large size-large wp-image-11656\" alt=\"\" srcset=\"https:\/\/amatab.com\/wp-content\/uploads\/2023\/11\/travailleur-plate-forme-petroliere-au-coucher-du-soleil-crees-technologie-generative-ai-1-1024x578.jpg 1024w, https:\/\/amatab.com\/wp-content\/uploads\/2023\/11\/travailleur-plate-forme-petroliere-au-coucher-du-soleil-crees-technologie-generative-ai-1-300x169.jpg 300w, https:\/\/amatab.com\/wp-content\/uploads\/2023\/11\/travailleur-plate-forme-petroliere-au-coucher-du-soleil-crees-technologie-generative-ai-1-768x434.jpg 768w, https:\/\/amatab.com\/wp-content\/uploads\/2023\/11\/travailleur-plate-forme-petroliere-au-coucher-du-soleil-crees-technologie-generative-ai-1-1536x867.jpg 1536w, https:\/\/amatab.com\/wp-content\/uploads\/2023\/11\/travailleur-plate-forme-petroliere-au-coucher-du-soleil-crees-technologie-generative-ai-1-2048x1156.jpg 2048w, https:\/\/amatab.com\/wp-content\/uploads\/2023\/11\/travailleur-plate-forme-petroliere-au-coucher-du-soleil-crees-technologie-generative-ai-1-1320x745.jpg 1320w, https:\/\/amatab.com\/wp-content\/uploads\/2023\/11\/travailleur-plate-forme-petroliere-au-coucher-du-soleil-crees-technologie-generative-ai-1-600x339.jpg 600w\" sizes=\"(max-width: 1024px) 100vw, 1024px\" \/>\t\t\t\t\t\t\t\t\t\t\t\t\t\t\t<\/div>\n\t\t\t\t<\/div>\n\t\t\t\t<div class=\"elementor-element elementor-element-76a853c elementor-widget elementor-widget-image\" data-id=\"76a853c\" data-element_type=\"widget\" data-e-type=\"widget\" data-widget_type=\"image.default\">\n\t\t\t\t<div class=\"elementor-widget-container\">\n\t\t\t\t\t\t\t\t\t\t\t\t\t\t\t<img decoding=\"async\" src=\"http:\/\/amatab.com\/wp-content\/uploads\/2023\/11\/travailleur-plate-forme-petroliere-au-coucher-du-soleil-crees-technologie-generative-ai-scaled.jpg\" title=\"\" alt=\"\" loading=\"lazy\" \/>\t\t\t\t\t\t\t\t\t\t\t\t\t\t\t<\/div>\n\t\t\t\t<\/div>\n\t\t\t\t\t<\/div>\n\t\t<\/div>\n\t\t\t\t\t<\/div>\n\t\t<\/section>\n\t\t\t\t<div class=\"elementor-element elementor-element-7de32ef elementor-widget elementor-widget-text-editor\" data-id=\"7de32ef\" data-element_type=\"widget\" data-e-type=\"widget\" data-widget_type=\"text-editor.default\">\n\t\t\t\t<div class=\"elementor-widget-container\">\n\t\t\t\t\t\t\t\t\t<p><span style=\"text-decoration: underline;\">\u0627\u0644\u062a\u062c\u0647\u064a\u0632\u0627\u062a \u0627\u0644\u0646\u0641\u0637\u064a\u0629<\/span><\/p>\t\t\t\t\t\t\t\t<\/div>\n\t\t\t\t<\/div>\n\t\t\t\t<section class=\"elementor-section elementor-inner-section elementor-element elementor-element-2e08c44 elementor-section-boxed elementor-section-height-default elementor-section-height-default\" data-id=\"2e08c44\" data-element_type=\"section\" data-e-type=\"section\">\n\t\t\t\t\t\t<div class=\"elementor-container elementor-column-gap-default\">\n\t\t\t\t\t<div class=\"elementor-column elementor-col-50 elementor-inner-column elementor-element elementor-element-1dc494c\" data-id=\"1dc494c\" data-element_type=\"column\" data-e-type=\"column\">\n\t\t\t<div class=\"elementor-widget-wrap elementor-element-populated\">\n\t\t\t\t\t\t<div class=\"elementor-element elementor-element-9f87575 elementor-widget elementor-widget-text-editor\" data-id=\"9f87575\" data-element_type=\"widget\" data-e-type=\"widget\" data-widget_type=\"text-editor.default\">\n\t\t\t\t<div class=\"elementor-widget-container\">\n\t\t\t\t\t\t\t\t\t<p>\u0644\u062f\u064a\u0646\u0627 \u0645\u062c\u0645\u0648\u0639\u0629 \u0648\u0627\u0633\u0639\u0629 \u0645\u0646 \u0627\u0644\u0645\u0639\u062f\u0627\u062a \u0627\u0644\u0646\u0641\u0637\u064a\u0629\u060c \u0645\u0646 \u0627\u0644\u0645\u0636\u062e\u0627\u062a \u0648\u0627\u0644\u0636\u0648\u0627\u063a\u0637 \u0648\u0627\u0644\u0635\u0645\u0627\u0645\u0627\u062a \u0648\u0627\u0644\u0635\u0647\u0627\u0631\u064a\u062c \u0625\u0644\u0649 \u062e\u0637\u0648\u0637 \u0627\u0644\u0623\u0646\u0627\u0628\u064a\u0628 \u0648\u0627\u0644\u0645\u0646\u0635\u0627\u062a \u0627\u0644\u0628\u062d\u0631\u064a\u0629.\u00a0<\/p><p>\u0623\u0648\u0644\u0648\u064a\u062a\u0646\u0627 \u0647\u064a \u062a\u0632\u0648\u064a\u062f\u0643 \u0628\u0645\u0639\u062f\u0627\u062a \u0646\u0641\u0637\u064a\u0629 \u0641\u0639\u0627\u0644\u0629 \u0644\u062f\u0639\u0645 \u0623\u0646\u0634\u0637\u062a\u0643\u060c \u0648\u0636\u0645\u0627\u0646 \u0635\u064a\u0627\u0646\u062a\u0647\u0627 \u0627\u0644\u0645\u0646\u062a\u0638\u0645\u0629 \u0648\u0627\u0644\u0627\u0645\u062a\u062b\u0627\u0644 \u0644\u0645\u0639\u0627\u064a\u064a\u0631 \u0627\u0644\u0633\u0644\u0627\u0645\u0629 \u0648\u0627\u0644\u0628\u064a\u0626\u0629.<\/p><p>\u00a0<\/p>\t\t\t\t\t\t\t\t<\/div>\n\t\t\t\t<\/div>\n\t\t\t\t\t<\/div>\n\t\t<\/div>\n\t\t\t\t<div class=\"elementor-column elementor-col-50 elementor-inner-column elementor-element elementor-element-eda00ed\" data-id=\"eda00ed\" data-element_type=\"column\" data-e-type=\"column\">\n\t\t\t<div class=\"elementor-widget-wrap elementor-element-populated\">\n\t\t\t\t\t\t<div class=\"elementor-element elementor-element-05d798e elementor-widget elementor-widget-image\" data-id=\"05d798e\" data-element_type=\"widget\" data-e-type=\"widget\" data-widget_type=\"image.default\">\n\t\t\t\t<div class=\"elementor-widget-container\">\n\t\t\t\t\t\t\t\t\t\t\t\t\t\t\t<img decoding=\"async\" width=\"1024\" height=\"578\" src=\"https:\/\/amatab.com\/wp-content\/uploads\/2023\/11\/travailleur-plate-forme-petroliere-au-coucher-du-soleil-crees-technologie-generative-ai-1-1-1024x578.jpg\" class=\"attachment-large size-large wp-image-11663\" alt=\"\" srcset=\"https:\/\/amatab.com\/wp-content\/uploads\/2023\/11\/travailleur-plate-forme-petroliere-au-coucher-du-soleil-crees-technologie-generative-ai-1-1-1024x578.jpg 1024w, https:\/\/amatab.com\/wp-content\/uploads\/2023\/11\/travailleur-plate-forme-petroliere-au-coucher-du-soleil-crees-technologie-generative-ai-1-1-300x169.jpg 300w, https:\/\/amatab.com\/wp-content\/uploads\/2023\/11\/travailleur-plate-forme-petroliere-au-coucher-du-soleil-crees-technologie-generative-ai-1-1-768x434.jpg 768w, https:\/\/amatab.com\/wp-content\/uploads\/2023\/11\/travailleur-plate-forme-petroliere-au-coucher-du-soleil-crees-technologie-generative-ai-1-1-1536x867.jpg 1536w, https:\/\/amatab.com\/wp-content\/uploads\/2023\/11\/travailleur-plate-forme-petroliere-au-coucher-du-soleil-crees-technologie-generative-ai-1-1-2048x1156.jpg 2048w, https:\/\/amatab.com\/wp-content\/uploads\/2023\/11\/travailleur-plate-forme-petroliere-au-coucher-du-soleil-crees-technologie-generative-ai-1-1-1320x745.jpg 1320w, https:\/\/amatab.com\/wp-content\/uploads\/2023\/11\/travailleur-plate-forme-petroliere-au-coucher-du-soleil-crees-technologie-generative-ai-1-1-600x339.jpg 600w\" sizes=\"(max-width: 1024px) 100vw, 1024px\" \/>\t\t\t\t\t\t\t\t\t\t\t\t\t\t\t<\/div>\n\t\t\t\t<\/div>\n\t\t\t\t\t<\/div>\n\t\t<\/div>\n\t\t\t\t\t<\/div>\n\t\t<\/section>\n\t\t\t\t\t<\/div>\n\t\t<\/div>\n\t\t\t\t<div class=\"elementor-column elementor-col-50 elementor-top-column elementor-element elementor-element-eeb57f8\" data-id=\"eeb57f8\" data-element_type=\"column\" data-e-type=\"column\">\n\t\t\t<div class=\"elementor-widget-wrap elementor-element-populated\">\n\t\t\t\t\t\t<section class=\"elementor-section elementor-inner-section elementor-element elementor-element-e4aecbf elementor-section-boxed elementor-section-height-default elementor-section-height-default\" data-id=\"e4aecbf\" data-element_type=\"section\" data-e-type=\"section\">\n\t\t\t\t\t\t<div class=\"elementor-container elementor-column-gap-default\">\n\t\t\t\t\t<div class=\"elementor-column elementor-col-100 elementor-inner-column elementor-element elementor-element-def2a1a\" data-id=\"def2a1a\" data-element_type=\"column\" data-e-type=\"column\">\n\t\t\t<div class=\"elementor-widget-wrap elementor-element-populated\">\n\t\t\t\t\t\t<div class=\"elementor-element elementor-element-9fc68aa elementor-widget__width-initial elementor-widget elementor-widget-transx_links_list\" data-id=\"9fc68aa\" data-element_type=\"widget\" data-e-type=\"widget\" data-widget_type=\"transx_links_list.default\">\n\t\t\t\t<div class=\"elementor-widget-container\">\n\t\t\t\t\t\n        <div class=\"transx_links_list_widget\">\n            <div class=\"transx_links_list_wrapper transx_view_type_2\">\n                <h5 class=\"transx_links_list_title\">\u062e\u062f\u0645\u0627\u062a \u0623\u062e\u0631\u0649<\/h5>\n\n                                            <a class=\"transx_links_list_item\" href=\"https:\/\/amatab.com\/ar\/entretien-des-equipements\/\" >\n                                <img decoding=\"async\" class=\"transx_img--bg\" src=\"http:\/\/amatab.com\/wp-content\/uploads\/2023\/11\/ouvrier-du-petrole-uniforme-orange-casque-travaillant-cle-pipe-pres-cric-pompe-huile-scaled.jpg\" alt=\"Background Image\" \/>\n                                <h6>\u0635\u064a\u0627\u0646\u0629 \u0627\u0644\u0645\u0639\u062f\u0627\u062a<\/h6>\n                                <span class=\"transx_links_list_counter\">01<\/span>\n                            <\/a>\n                                                            <\/div>\n        <\/div>\n\n        \t\t\t\t<\/div>\n\t\t\t\t<\/div>\n\t\t\t\t<div class=\"elementor-element elementor-element-61b2c44 elementor-widget elementor-widget-html\" data-id=\"61b2c44\" data-element_type=\"widget\" data-e-type=\"widget\" data-widget_type=\"html.default\">\n\t\t\t\t<div class=\"elementor-widget-container\">\n\t\t\t\t\t<div class=\"transx_contact-trigger transx_contact-trigger--style-2\">\n\n\n\t<h4 class=\"transx_contact-trigger__title\">\u0647\u0644 \u062a\u062d\u062a\u0627\u062c \u0625\u0644\u0649 \u0639\u0631\u0636 \u0623\u0633\u0639\u0627\u0631 \u061f<\/h4>\n\n\t<p class=\"transx_contact-trigger__text\">\u0646\u062d\u0646 \u0647\u0646\u0627 \u0644\u062a\u0632\u0648\u064a\u062f\u0643 \u0628\u0633\u0631\u0639\u0629 \u0628\u0645\u0639\u0644\u0648\u0645\u0627\u062a \u0645\u0641\u0635\u0644\u0629 \u062d\u0648\u0644 \u0623\u0633\u0639\u0627\u0631\u0646\u0627<\/p>\n\n\t<a class=\"transx_button\" href=\"https:\/\/amatab.com\/ar\/services-petroliers\/location-des-equipements\/obtenir-un-devis\/\">\n\t\t<span>\u0644\u0644\u062d\u0635\u0648\u0644 \u0639\u0644\u0649 \u0639\u0631\u0636 \u0623\u0633\u0639\u0627\u0631<\/span>\n\t\t<svg class=\"icon\">\n\t\t\t<svg viewbox=\"0 0 150 78.6\" xmlns=\"http:\/\/www.w3.org\/2000\/svg\"><path d=\"M0 31.5h150v12.7H0V31.5zM112.8-.1l30.9 31.5-8.8 9L104 8.9l8.8-9zm18.1 51l-18.4 18.8 8.9 9 18.4-18.8-8.9-9z\"\/><\/svg>\n\t\t<\/svg>\n\t<\/a>\n<\/div>\t\t\t\t<\/div>\n\t\t\t\t<\/div>\n\t\t\t\t\t<\/div>\n\t\t<\/div>\n\t\t\t\t\t<\/div>\n\t\t<\/section>\n\t\t\t\t\t<\/div>\n\t\t<\/div>\n\t\t\t\t\t<\/div>\n\t\t<\/section>\n\t\t\t\t<\/div>","protected":false},"excerpt":{"rendered":"<p>Chaque projet p\u00e9trolier exige une vari\u00e9t\u00e9 d\u2019outils sp\u00e9cialis\u00e9s pour fonctionner en toute efficacit\u00e9. C&rsquo;est pourquoi nous offrons un service complet de location d&rsquo;\u00e9quipements pour r\u00e9pondre \u00e0 tous vos besoins. Qu\u2019il s&rsquo;agisse d&rsquo;\u00e9quipements techniques ou d&rsquo;outils sp\u00e9cialis\u00e9s pour l&rsquo;extraction, le traitement et le transport des hydrocarbures, notre vaste gamme d&rsquo;\u00e9quipements de haute qualit\u00e9 est \u00e0 votre [&hellip;]<\/p>\n","protected":false},"author":5,"featured_media":772,"parent":3429,"menu_order":214,"comment_status":"closed","ping_status":"closed","template":"","meta":{"om_disable_all_campaigns":false,"_uf_show_specific_survey":0,"_uf_disable_surveys":false,"footnotes":""},"folder":[],"class_list":["post-3598","page","type-page","status-publish","has-post-thumbnail","hentry"],"aioseo_notices":[],"_links":{"self":[{"href":"https:\/\/amatab.com\/ar\/wp-json\/wp\/v2\/pages\/3598","targetHints":{"allow":["GET"]}}],"collection":[{"href":"https:\/\/amatab.com\/ar\/wp-json\/wp\/v2\/pages"}],"about":[{"href":"https:\/\/amatab.com\/ar\/wp-json\/wp\/v2\/types\/page"}],"author":[{"embeddable":true,"href":"https:\/\/amatab.com\/ar\/wp-json\/wp\/v2\/users\/5"}],"replies":[{"embeddable":true,"href":"https:\/\/amatab.com\/ar\/wp-json\/wp\/v2\/comments?post=3598"}],"version-history":[{"count":66,"href":"https:\/\/amatab.com\/ar\/wp-json\/wp\/v2\/pages\/3598\/revisions"}],"predecessor-version":[{"id":16128,"href":"https:\/\/amatab.com\/ar\/wp-json\/wp\/v2\/pages\/3598\/revisions\/16128"}],"up":[{"embeddable":true,"href":"https:\/\/amatab.com\/ar\/wp-json\/wp\/v2\/pages\/3429"}],"wp:featuredmedia":[{"embeddable":true,"href":"https:\/\/amatab.com\/ar\/wp-json\/wp\/v2\/media\/772"}],"wp:attachment":[{"href":"https:\/\/amatab.com\/ar\/wp-json\/wp\/v2\/media?parent=3598"}],"wp:term":[{"taxonomy":"folder","embeddable":true,"href":"https:\/\/amatab.com\/ar\/wp-json\/wp\/v2\/folder?post=3598"}],"curies":[{"name":"wp","href":"https:\/\/api.w.org\/{rel}","templated":true}]}}