{"id":3873,"date":"2023-10-12T17:12:40","date_gmt":"2023-10-12T15:12:40","guid":{"rendered":"https:\/\/amatab.com\/?page_id=3873"},"modified":"2024-01-30T15:36:04","modified_gmt":"2024-01-30T14:36:04","slug":"securite-professionnelle-et-materiel-de-securite","status":"publish","type":"page","link":"https:\/\/amatab.com\/ar\/services-petroliers\/securite-professionnelle-et-materiel-de-securite\/","title":{"rendered":"\u0645\u0639\u062f\u0627\u062a \u0627\u0644\u0633\u0644\u0627\u0645\u0629 \u0627\u0644\u0645\u0647\u0646\u064a\u0629"},"content":{"rendered":"<div data-elementor-type=\"wp-page\" data-elementor-id=\"3873\" class=\"elementor elementor-3873\" data-elementor-post-type=\"page\">\n\t\t\t\t\t\t<section class=\"elementor-section elementor-top-section elementor-element elementor-element-5c4e76b elementor-section-boxed elementor-section-height-default elementor-section-height-default\" data-id=\"5c4e76b\" data-element_type=\"section\" data-e-type=\"section\">\n\t\t\t\t\t\t<div class=\"elementor-container elementor-column-gap-default\">\n\t\t\t\t\t<div class=\"elementor-column elementor-col-33 elementor-top-column elementor-element elementor-element-06addf5\" data-id=\"06addf5\" data-element_type=\"column\" data-e-type=\"column\">\n\t\t\t<div class=\"elementor-widget-wrap elementor-element-populated\">\n\t\t\t\t\t\t<div class=\"elementor-element elementor-element-636e8af elementor-widget elementor-widget-text-editor\" data-id=\"636e8af\" data-element_type=\"widget\" data-e-type=\"widget\" data-widget_type=\"text-editor.default\">\n\t\t\t\t<div class=\"elementor-widget-container\">\n\t\t\t\t\t\t\t\t\t<p>\u0646\u062d\u0646 \u0646\u062f\u0631\u0643 \u0627\u0644\u0645\u062e\u0627\u0637\u0631 \u0627\u0644\u0643\u0627\u0645\u0646\u0629 \u0641\u064a \u0635\u0646\u0627\u0639\u0629 \u0627\u0644\u0646\u0641\u0637\u060c \u0648\u0647\u062f\u0641\u0646\u0627 \u0647\u0648 \u0636\u0645\u0627\u0646 \u0633\u0644\u0627\u0645\u0629 \u0643\u0644 \u0639\u0636\u0648 \u0641\u064a \u0641\u0631\u064a\u0642\u0643 \u0641\u064a \u0647\u0630\u0627 \u0627\u0644\u0645\u062c\u0627\u0644.<\/p><p>\u0644\u0644\u0642\u064a\u0627\u0645 \u0628\u0630\u0644\u0643\u060c \u0646\u0642\u0648\u0645 \u0628\u062a\u0646\u0641\u064a\u0630 \u0623\u0646\u0638\u0645\u0629 \u0627\u0644\u0645\u0631\u0627\u0642\u0628\u0629 \u0628\u0627\u0644\u0641\u064a\u062f\u064a\u0648 \u0644\u0631\u0635\u062f \u0645\u0646\u0627\u0637\u0642 \u0627\u0644\u0639\u0645\u0644 \u0639\u0646 \u0628\u064f\u0639\u062f \u0648\u0636\u0645\u0627\u0646 \u0633\u0644\u0627\u0645\u0629 \u0627\u0644\u0641\u0631\u064a\u0642 \u0641\u064a \u0627\u0644\u0648\u0642\u062a \u0627\u0644\u0641\u0639\u0644\u064a \u0628\u0627\u0644\u0625\u0636\u0627\u0641\u0629 \u0625\u0644\u0649 \u0623\u0646\u0638\u0645\u0629 \u0627\u0644\u0627\u062a\u0635\u0627\u0644\u0627\u062a \u0627\u0644\u0645\u062a\u0642\u062f\u0645\u0629\u060c \u0645\u0645\u0627 \u064a\u0636\u0645\u0646 \u0628\u0642\u0627\u0621 \u0643\u0644 \u0639\u0636\u0648 \u0639\u0644\u0649 \u0627\u062a\u0635\u0627\u0644 \u0641\u064a \u062c\u0645\u064a\u0639 \u0627\u0644\u0623\u0648\u0642\u0627\u062a\u060c \u0645\u0645\u0627 \u064a\u0633\u0647\u0644 \u0627\u0644\u062a\u0646\u0633\u064a\u0642 \u0648\u0627\u0644\u0627\u0633\u062a\u062c\u0627\u0628\u0629 \u0627\u0644\u0633\u0631\u064a\u0639\u0629 \u0644\u062d\u0627\u0644\u0627\u062a \u0627\u0644\u0637\u0648\u0627\u0631\u0626.<br \/><br \/>\u062a\u0641\u0643\u0631 AMATAB&amp;CO \u0628\u0634\u0643\u0644 \u0627\u0633\u062a\u0628\u0627\u0642\u064a \u0641\u064a \u0627\u0644\u0633\u0644\u0627\u0645\u0629 \u0627\u0644\u0645\u0647\u0646\u064a\u0629 \u0641\u064a \u0627\u0644\u0645\u064a\u062f\u0627\u0646 \u0648\u062a\u0646\u0641\u0630 \u0627\u0644\u0623\u062f\u0648\u0627\u062a \u0648\u0627\u0644\u062a\u0642\u0646\u064a\u0627\u062a \u0627\u0644\u0623\u0643\u062b\u0631 \u062a\u0642\u062f\u0645\u064b\u0627 \u0644\u062a\u0642\u0644\u064a\u0644 \u0627\u0644\u0645\u062e\u0627\u0637\u0631 \u0648\u062d\u0645\u0627\u064a\u0629 \u0645\u0648\u0638\u0641\u064a\u0643.<\/p>\t\t\t\t\t\t\t\t<\/div>\n\t\t\t\t<\/div>\n\t\t\t\t\t<\/div>\n\t\t<\/div>\n\t\t\t\t<div class=\"elementor-column elementor-col-33 elementor-top-column elementor-element elementor-element-bbc583a\" data-id=\"bbc583a\" data-element_type=\"column\" data-e-type=\"column\">\n\t\t\t<div class=\"elementor-widget-wrap elementor-element-populated\">\n\t\t\t\t\t\t<div class=\"elementor-element elementor-element-16d4b18 elementor-widget__width-initial elementor-widget elementor-widget-image\" data-id=\"16d4b18\" data-element_type=\"widget\" data-e-type=\"widget\" data-widget_type=\"image.default\">\n\t\t\t\t<div class=\"elementor-widget-container\">\n\t\t\t\t\t\t\t\t\t\t\t\t\t\t\t<img fetchpriority=\"high\" decoding=\"async\" width=\"768\" height=\"1152\" src=\"https:\/\/amatab.com\/wp-content\/uploads\/2023\/11\/vue-face-femme-portant-casque-768x1152.jpg\" class=\"attachment-medium_large size-medium_large wp-image-11450\" alt=\"\" srcset=\"https:\/\/amatab.com\/wp-content\/uploads\/2023\/11\/vue-face-femme-portant-casque-768x1152.jpg 768w, https:\/\/amatab.com\/wp-content\/uploads\/2023\/11\/vue-face-femme-portant-casque-200x300.jpg 200w, https:\/\/amatab.com\/wp-content\/uploads\/2023\/11\/vue-face-femme-portant-casque-683x1024.jpg 683w, https:\/\/amatab.com\/wp-content\/uploads\/2023\/11\/vue-face-femme-portant-casque-1024x1536.jpg 1024w, https:\/\/amatab.com\/wp-content\/uploads\/2023\/11\/vue-face-femme-portant-casque-1365x2048.jpg 1365w, https:\/\/amatab.com\/wp-content\/uploads\/2023\/11\/vue-face-femme-portant-casque-1320x1980.jpg 1320w, https:\/\/amatab.com\/wp-content\/uploads\/2023\/11\/vue-face-femme-portant-casque-600x900.jpg 600w, https:\/\/amatab.com\/wp-content\/uploads\/2023\/11\/vue-face-femme-portant-casque-scaled.jpg 1707w\" sizes=\"(max-width: 768px) 100vw, 768px\" \/>\t\t\t\t\t\t\t\t\t\t\t\t\t\t\t<\/div>\n\t\t\t\t<\/div>\n\t\t\t\t\t<\/div>\n\t\t<\/div>\n\t\t\t\t<div class=\"elementor-column elementor-col-33 elementor-top-column elementor-element elementor-element-a01b1c0\" data-id=\"a01b1c0\" data-element_type=\"column\" data-e-type=\"column\">\n\t\t\t<div class=\"elementor-widget-wrap elementor-element-populated\">\n\t\t\t\t\t\t<div class=\"elementor-element elementor-element-19ccab9 elementor-widget elementor-widget-transx_links_list\" data-id=\"19ccab9\" data-element_type=\"widget\" data-e-type=\"widget\" data-widget_type=\"transx_links_list.default\">\n\t\t\t\t<div class=\"elementor-widget-container\">\n\t\t\t\t\t\n        <div class=\"transx_links_list_widget\">\n            <div class=\"transx_links_list_wrapper transx_view_type_2\">\n                <h5 class=\"transx_links_list_title\">\u062e\u062f\u0645\u0627\u062a \u0623\u062e\u0631\u0649<\/h5>\n\n                                            <a class=\"transx_links_list_item\" href=\"https:\/\/amatab.com\/ar\/services-petroliers\/mesures-de-protection\/\" >\n                                <img decoding=\"async\" class=\"transx_img--bg\" src=\"http:\/\/amatab.com\/wp-content\/uploads\/2023\/10\/side-view-male-worker-with-protective-glasses-reflective-vest_23-2148773500.jpg\" alt=\"Background Image\" \/>\n                                <h6>\u062a\u062f\u0627\u0628\u064a\u0631 \u0648\u0642\u0627\u0626\u064a\u0629<\/h6>\n                                <span class=\"transx_links_list_counter\">01<\/span>\n                            <\/a>\n                                                        <a class=\"transx_links_list_item\" href=\"https:\/\/amatab.com\/ar\/services-petroliers\/services-medicaux-2\/\" >\n                                <img decoding=\"async\" class=\"transx_img--bg\" src=\"http:\/\/amatab.com\/wp-content\/uploads\/2023\/11\/medecin-posant-stethoscope-scaled.jpg\" alt=\"Background Image\" \/>\n                                <h6>\u0627\u0644\u062e\u062f\u0645\u0627\u062a \u0627\u0644\u0637\u0628\u064a\u0629<\/h6>\n                                <span class=\"transx_links_list_counter\">02<\/span>\n                            <\/a>\n                                                        <a class=\"transx_links_list_item\" href=\"https:\/\/amatab.com\/ar\/services-petroliers\/services-transport\/\" >\n                                <img decoding=\"async\" class=\"transx_img--bg\" src=\"http:\/\/amatab.com\/wp-content\/uploads\/2023\/11\/conductrice-professionnelle-au-travail-scaled.jpg\" alt=\"Background Image\" \/>\n                                <h6>\u062e\u062f\u0645\u0627\u062a \u0646\u0642\u0644<\/h6>\n                                <span class=\"transx_links_list_counter\">03<\/span>\n                            <\/a>\n                                                        <a class=\"transx_links_list_item\" href=\"https:\/\/amatab.com\/ar\/services-petroliers\/approvisionnement-et-nettoyage\/\" >\n                                <img decoding=\"async\" class=\"transx_img--bg\" src=\"http:\/\/amatab.com\/wp-content\/uploads\/2023\/10\/male-workers-dressing-protective-shower-detoxification-suit-clean-up-after-sealing-leaking-container-from-corrosive-toxic_478515-9388.jpg\" alt=\"Background Image\" \/>\n                                <h6>\u0627\u0644\u062a\u0648\u0631\u064a\u062f \u0648\u0627\u0644\u062a\u0646\u0638\u064a\u0641<\/h6>\n                                <span class=\"transx_links_list_counter\">04<\/span>\n                            <\/a>\n                                                            <\/div>\n        <\/div>\n\n        \t\t\t\t<\/div>\n\t\t\t\t<\/div>\n\t\t\t\t<div class=\"elementor-element elementor-element-97071e5 elementor-widget elementor-widget-html\" data-id=\"97071e5\" data-element_type=\"widget\" data-e-type=\"widget\" data-widget_type=\"html.default\">\n\t\t\t\t<div class=\"elementor-widget-container\">\n\t\t\t\t\t<div class=\"transx_contact-trigger transx_contact-trigger--style-2\">\n\n\n\t<h4 class=\"transx_contact-trigger__title\">\u0647\u0644 \u062a\u062d\u062a\u0627\u062c \u0625\u0644\u0649 \u0639\u0631\u0636 \u0623\u0633\u0639\u0627\u0631 \u061f<\/h4>\n\n\t<p class=\"transx_contact-trigger__text\">\u0646\u062d\u0646 \u0647\u0646\u0627 \u0644\u062a\u0632\u0648\u064a\u062f\u0643 \u0628\u0633\u0631\u0639\u0629 \u0628\u0645\u0639\u0644\u0648\u0645\u0627\u062a \u0645\u0641\u0635\u0644\u0629 \u062d\u0648\u0644 \u0623\u0633\u0639\u0627\u0631\u0646\u0627<\/p>\n\n\t<a class=\"transx_button\" href=\"https:\/\/amatab.com\/ar\/services-petroliers\/securite-professionnelle-et-materiel-de-securite\/obtenir-un-devis\/\">\n\t\t<span>\u0644\u0644\u062d\u0635\u0648\u0644 \u0639\u0644\u0649 \u0639\u0631\u0636 \u0623\u0633\u0639\u0627\u0631<\/span>\n\t\t<svg class=\"icon\">\n\t\t\t<svg viewbox=\"0 0 150 78.6\" xmlns=\"http:\/\/www.w3.org\/2000\/svg\"><path d=\"M0 31.5h150v12.7H0V31.5zM112.8-.1l30.9 31.5-8.8 9L104 8.9l8.8-9zm18.1 51l-18.4 18.8 8.9 9 18.4-18.8-8.9-9z\"\/><\/svg>\n\t\t<\/svg>\n\t<\/a>\n<\/div>\t\t\t\t<\/div>\n\t\t\t\t<\/div>\n\t\t\t\t\t<\/div>\n\t\t<\/div>\n\t\t\t\t\t<\/div>\n\t\t<\/section>\n\t\t\t\t<\/div>","protected":false},"excerpt":{"rendered":"<p>Nous sommes conscients des risques inh\u00e9rents \u00e0 l&rsquo;industrie p\u00e9troli\u00e8re, et notre objectif est de garantir la s\u00e9curit\u00e9 de chaque membre de votre \u00e9quipe sur le terrain. Pour ce faire, nous mettons en place des syst\u00e8mes de surveillance vid\u00e9o pour surveiller les zones de travail \u00e0 distance et garantir la s\u00e9curit\u00e9 de l&rsquo;\u00e9quipe en temps r\u00e9el [&hellip;]<\/p>\n","protected":false},"author":5,"featured_media":1275,"parent":3429,"menu_order":47,"comment_status":"closed","ping_status":"closed","template":"","meta":{"om_disable_all_campaigns":false,"_uf_show_specific_survey":0,"_uf_disable_surveys":false,"footnotes":""},"folder":[],"class_list":["post-3873","page","type-page","status-publish","has-post-thumbnail","hentry"],"aioseo_notices":[],"_links":{"self":[{"href":"https:\/\/amatab.com\/ar\/wp-json\/wp\/v2\/pages\/3873","targetHints":{"allow":["GET"]}}],"collection":[{"href":"https:\/\/amatab.com\/ar\/wp-json\/wp\/v2\/pages"}],"about":[{"href":"https:\/\/amatab.com\/ar\/wp-json\/wp\/v2\/types\/page"}],"author":[{"embeddable":true,"href":"https:\/\/amatab.com\/ar\/wp-json\/wp\/v2\/users\/5"}],"replies":[{"embeddable":true,"href":"https:\/\/amatab.com\/ar\/wp-json\/wp\/v2\/comments?post=3873"}],"version-history":[{"count":72,"href":"https:\/\/amatab.com\/ar\/wp-json\/wp\/v2\/pages\/3873\/revisions"}],"predecessor-version":[{"id":16110,"href":"https:\/\/amatab.com\/ar\/wp-json\/wp\/v2\/pages\/3873\/revisions\/16110"}],"up":[{"embeddable":true,"href":"https:\/\/amatab.com\/ar\/wp-json\/wp\/v2\/pages\/3429"}],"wp:featuredmedia":[{"embeddable":true,"href":"https:\/\/amatab.com\/ar\/wp-json\/wp\/v2\/media\/1275"}],"wp:attachment":[{"href":"https:\/\/amatab.com\/ar\/wp-json\/wp\/v2\/media?parent=3873"}],"wp:term":[{"taxonomy":"folder","embeddable":true,"href":"https:\/\/amatab.com\/ar\/wp-json\/wp\/v2\/folder?post=3873"}],"curies":[{"name":"wp","href":"https:\/\/api.w.org\/{rel}","templated":true}]}}