{"id":3938,"date":"2023-10-13T10:36:38","date_gmt":"2023-10-13T08:36:38","guid":{"rendered":"https:\/\/amatab.com\/?page_id=3938"},"modified":"2023-10-13T17:23:41","modified_gmt":"2023-10-13T15:23:41","slug":"securite-au-travail-et-urgence-equipement-4","status":"publish","type":"page","link":"https:\/\/amatab.com\/ar\/securite-au-travail-et-urgence-equipement-4\/","title":{"rendered":"S\u00e9curit\u00e9 au travail et urgence \u00e9quipement"},"content":{"rendered":"","protected":false},"excerpt":{"rendered":"","protected":false},"author":5,"featured_media":1275,"parent":0,"menu_order":44,"comment_status":"closed","ping_status":"closed","template":"","meta":{"om_disable_all_campaigns":false,"_uf_show_specific_survey":0,"_uf_disable_surveys":false,"footnotes":""},"folder":[],"class_list":["post-3938","page","type-page","status-publish","has-post-thumbnail","hentry"],"aioseo_notices":[],"_links":{"self":[{"href":"https:\/\/amatab.com\/ar\/wp-json\/wp\/v2\/pages\/3938","targetHints":{"allow":["GET"]}}],"collection":[{"href":"https:\/\/amatab.com\/ar\/wp-json\/wp\/v2\/pages"}],"about":[{"href":"https:\/\/amatab.com\/ar\/wp-json\/wp\/v2\/types\/page"}],"author":[{"embeddable":true,"href":"https:\/\/amatab.com\/ar\/wp-json\/wp\/v2\/users\/5"}],"replies":[{"embeddable":true,"href":"https:\/\/amatab.com\/ar\/wp-json\/wp\/v2\/comments?post=3938"}],"version-history":[{"count":1,"href":"https:\/\/amatab.com\/ar\/wp-json\/wp\/v2\/pages\/3938\/revisions"}],"predecessor-version":[{"id":3940,"href":"https:\/\/amatab.com\/ar\/wp-json\/wp\/v2\/pages\/3938\/revisions\/3940"}],"wp:featuredmedia":[{"embeddable":true,"href":"https:\/\/amatab.com\/ar\/wp-json\/wp\/v2\/media\/1275"}],"wp:attachment":[{"href":"https:\/\/amatab.com\/ar\/wp-json\/wp\/v2\/media?parent=3938"}],"wp:term":[{"taxonomy":"folder","embeddable":true,"href":"https:\/\/amatab.com\/ar\/wp-json\/wp\/v2\/folder?post=3938"}],"curies":[{"name":"wp","href":"https:\/\/api.w.org\/{rel}","templated":true}]}}