{"id":5209,"date":"2023-10-20T11:16:09","date_gmt":"2023-10-20T09:16:09","guid":{"rendered":"https:\/\/amatab.com\/?page_id=5209"},"modified":"2024-01-20T11:03:30","modified_gmt":"2024-01-20T10:03:30","slug":"marchandises-dangereuses","status":"publish","type":"page","link":"https:\/\/amatab.com\/ar\/import-export\/marchandises-dangereuses\/","title":{"rendered":"\u0627\u0644\u0645\u0648\u0627\u062f \u0627\u0644\u062e\u0637\u0631\u0629"},"content":{"rendered":"<div data-elementor-type=\"wp-page\" data-elementor-id=\"5209\" class=\"elementor elementor-5209\" data-elementor-post-type=\"page\">\n\t\t\t\t\t\t<section class=\"elementor-section elementor-top-section elementor-element elementor-element-d9fa7da elementor-section-boxed elementor-section-height-default elementor-section-height-default\" data-id=\"d9fa7da\" data-element_type=\"section\" data-e-type=\"section\">\n\t\t\t\t\t\t<div class=\"elementor-container elementor-column-gap-default\">\n\t\t\t\t\t<div class=\"elementor-column elementor-col-33 elementor-top-column elementor-element elementor-element-a8f4138\" data-id=\"a8f4138\" data-element_type=\"column\" data-e-type=\"column\">\n\t\t\t<div class=\"elementor-widget-wrap elementor-element-populated\">\n\t\t\t\t\t\t<div class=\"elementor-element elementor-element-db9ad42 elementor-widget elementor-widget-text-editor\" data-id=\"db9ad42\" data-element_type=\"widget\" data-e-type=\"widget\" data-widget_type=\"text-editor.default\">\n\t\t\t\t<div class=\"elementor-widget-container\">\n\t\t\t\t\t\t\t\t\t<p>\u064a\u0639\u062a\u0645\u062f \u0627\u0644\u062a\u0633\u0644\u064a\u0645 \u0627\u0644\u0622\u0645\u0646 \u0644\u0644\u0628\u0636\u0627\u0626\u0639 \u0627\u0644\u062e\u0637\u0631\u0629 \u0639\u0644\u0649 \u062e\u0628\u0631\u062a\u0646\u0627 \u0627\u0644\u062a\u064a \u0644\u0627 \u0645\u062b\u064a\u0644 \u0644\u0647\u0627 \u0641\u064a \u0627\u0644\u0644\u0648\u062c\u0633\u062a\u064a\u0627\u062a \u0627\u0644\u0645\u062a\u062e\u0635\u0635\u0629. \u0628\u0635\u0641\u062a\u0646\u0627 \u0645\u062a\u062e\u0635\u0635\u064a\u0646 \u0645\u062a\u0645\u0631\u0633\u064a\u0646 \u0641\u064a \u0647\u0630\u0627 \u0627\u0644\u0645\u062c\u0627\u0644\u060c \u0641\u0625\u0646 \u0627\u0644\u062a\u0632\u0627\u0645\u0646\u0627 \u0647\u0648 \u0636\u0645\u0627\u0646 \u0648\u0635\u0648\u0644 \u0645\u0646\u062a\u062c\u0627\u062a\u0643 \u0627\u0644\u062e\u0637\u0631\u0629 \u0625\u0644\u0649 \u0648\u062c\u0647\u062a\u0647\u0627 \u0628\u0623\u0645\u0627\u0646<\/p>\t\t\t\t\t\t\t\t<\/div>\n\t\t\t\t<\/div>\n\t\t\t\t<div class=\"elementor-element elementor-element-43b6f75 elementor-widget elementor-widget-text-editor\" data-id=\"43b6f75\" data-element_type=\"widget\" data-e-type=\"widget\" data-widget_type=\"text-editor.default\">\n\t\t\t\t<div class=\"elementor-widget-container\">\n\t\t\t\t\t\t\t\t\t<p>\u062a\u063a\u0637\u064a \u062e\u062f\u0645\u062a\u0646\u0627 \u0627\u0644\u0645\u062e\u0635\u0635\u0629 \u0644\u0625\u062f\u0627\u0631\u0629 \u0627\u0644\u0628\u0636\u0627\u0626\u0639 \u0627\u0644\u062e\u0637\u0631\u0629 \u0645\u062c\u0645\u0648\u0639\u0629 \u0648\u0627\u0633\u0639\u0629 \u0645\u0646 \u0627\u0644\u0625\u062c\u0631\u0627\u0621\u0627\u062a \u0627\u0644\u0623\u0633\u0627\u0633\u064a\u0629. \u0648\u064a\u0634\u0645\u0644 \u0630\u0644\u0643 \u0627\u0644\u062a\u0635\u0646\u064a\u0641 \u0627\u0644\u062f\u0642\u064a\u0642 \u0644\u0644\u0645\u0648\u0627\u062f \u0627\u0644\u062e\u0637\u0631\u0629\u060c \u0648\u0627\u0644\u062a\u062d\u0636\u064a\u0631 \u0627\u0644\u0641\u0631\u062f\u064a \u0644\u0644\u0645\u0646\u062a\u062c\u0627\u062a \u0644\u0644\u0646\u0642\u0644\u060c \u0648\u0627\u0644\u0631\u0635\u062f \u0627\u0644\u0645\u0633\u062a\u0645\u0631 \u0648\u0627\u0644\u062d\u0641\u0627\u0638 \u0627\u0644\u0635\u0627\u0631\u0645 \u0639\u0644\u0649 \u0627\u0644\u0638\u0631\u0648\u0641 \u0627\u0644\u0645\u0637\u0644\u0648\u0628\u0629\u060c \u0645\u062b\u0644 \u0633\u0644\u0633\u0644\u0629 \u0627\u0644\u062a\u0628\u0631\u064a\u062f \u0639\u0646\u062f \u0627\u0644\u0636\u0631\u0648\u0631\u0629. \u0646\u0648\u0641\u0631 \u0644\u0643 \u0623\u064a\u0636\u064b\u0627 \u062d\u0644\u0648\u0644 \u062a\u063a\u0644\u064a\u0641 \u0645\u062d\u062f\u062f\u0629 \u0644\u0636\u0645\u0627\u0646 \u0627\u0644\u0646\u0642\u0644 \u0627\u0644\u0622\u0645\u0646<\/p>\t\t\t\t\t\t\t\t<\/div>\n\t\t\t\t<\/div>\n\t\t\t\t<div class=\"elementor-element elementor-element-7293e67 elementor-widget elementor-widget-text-editor\" data-id=\"7293e67\" data-element_type=\"widget\" data-e-type=\"widget\" data-widget_type=\"text-editor.default\">\n\t\t\t\t<div class=\"elementor-widget-container\">\n\t\t\t\t\t\t\t\t\t<p>\u064a\u0645\u062b\u0644 \u0627\u0644\u062a\u0633\u0644\u064a\u0645 \u0641\u064a \u0627\u0644\u0648\u0642\u062a \u0627\u0644\u0645\u0646\u0627\u0633\u0628 \u0623\u0648\u0644\u0648\u064a\u0629 \u0642\u0635\u0648\u0649\u060c \u0648\u0643\u0630\u0644\u0643 \u0627\u0644\u062d\u0641\u0627\u0638 \u0639\u0644\u0649 \u0633\u0644\u0627\u0645\u0629 \u0645\u0646\u062a\u062c\u0627\u062a\u0643 \u0627\u0644\u062e\u0637\u0631\u0629. \u0641\u0631\u064a\u0642\u0646\u0627 \u0627\u0644\u0645\u0624\u0647\u0644 \u0645\u062a\u0627\u062d 24\/7 \u0644\u062a\u0644\u0628\u064a\u0629 \u0627\u062d\u062a\u064a\u0627\u062c\u0627\u062a\u0643  \u0648\u0625\u0631\u0634\u0627\u062f\u0643 \u062e\u0644\u0627\u0644 \u0627\u0644\u0639\u0645\u0644\u064a\u0629 \u0648\u0641\u0642\u064b\u0627 \u0644\u0644\u0623\u0646\u0638\u0645\u0629 \u0627\u0644\u062f\u0648\u0644\u064a\u0629 \u0627\u0644\u062d\u0627\u0644\u064a\u0629. \u0627\u0644\u0633\u0644\u0627\u0645\u0629 \u0648\u0627\u0644\u0627\u0645\u062a\u062b\u0627\u0644 \u0648\u0627\u0644\u0645\u0648\u062b\u0648\u0642\u064a\u0629 \u0647\u064a \u0631\u0643\u0627\u0626\u0632 \u0627\u0644\u062a\u0632\u0627\u0645\u0646\u0627 \u0627\u0644\u0645\u0637\u0644\u0642 \u0645\u0645\u0627 \u064a\u0636\u0645\u0646 \u0644\u0643 \u0631\u0627\u062d\u0629 \u0627\u0644\u0628\u0627\u0644 \u0627\u0644\u0643\u0627\u0645\u0644\u0629<\/p>\t\t\t\t\t\t\t\t<\/div>\n\t\t\t\t<\/div>\n\t\t\t\t\t<\/div>\n\t\t<\/div>\n\t\t\t\t<div class=\"elementor-column elementor-col-33 elementor-top-column elementor-element elementor-element-a367993\" data-id=\"a367993\" data-element_type=\"column\" data-e-type=\"column\">\n\t\t\t<div class=\"elementor-widget-wrap elementor-element-populated\">\n\t\t\t\t\t\t<div class=\"elementor-element elementor-element-4c8baf7 elementor-widget__width-initial elementor-widget elementor-widget-image\" data-id=\"4c8baf7\" data-element_type=\"widget\" data-e-type=\"widget\" data-widget_type=\"image.default\">\n\t\t\t\t<div class=\"elementor-widget-container\">\n\t\t\t\t\t\t\t\t\t\t\t\t\t\t\t<img fetchpriority=\"high\" decoding=\"async\" width=\"768\" height=\"1507\" src=\"https:\/\/amatab.com\/wp-content\/uploads\/2023\/11\/hlni_2wej_230116-768x1507.jpg\" class=\"attachment-medium_large size-medium_large wp-image-8154\" alt=\"\" srcset=\"https:\/\/amatab.com\/wp-content\/uploads\/2023\/11\/hlni_2wej_230116-768x1507.jpg 768w, https:\/\/amatab.com\/wp-content\/uploads\/2023\/11\/hlni_2wej_230116-153x300.jpg 153w, https:\/\/amatab.com\/wp-content\/uploads\/2023\/11\/hlni_2wej_230116-522x1024.jpg 522w, https:\/\/amatab.com\/wp-content\/uploads\/2023\/11\/hlni_2wej_230116-783x1536.jpg 783w, https:\/\/amatab.com\/wp-content\/uploads\/2023\/11\/hlni_2wej_230116-1044x2048.jpg 1044w, https:\/\/amatab.com\/wp-content\/uploads\/2023\/11\/hlni_2wej_230116-1320x2589.jpg 1320w, https:\/\/amatab.com\/wp-content\/uploads\/2023\/11\/hlni_2wej_230116-600x1177.jpg 600w, https:\/\/amatab.com\/wp-content\/uploads\/2023\/11\/hlni_2wej_230116-scaled.jpg 1305w\" sizes=\"(max-width: 768px) 100vw, 768px\" \/>\t\t\t\t\t\t\t\t\t\t\t\t\t\t\t<\/div>\n\t\t\t\t<\/div>\n\t\t\t\t\t<\/div>\n\t\t<\/div>\n\t\t\t\t<div class=\"elementor-column elementor-col-33 elementor-top-column elementor-element elementor-element-9bd66d9\" data-id=\"9bd66d9\" data-element_type=\"column\" data-e-type=\"column\">\n\t\t\t<div class=\"elementor-widget-wrap elementor-element-populated\">\n\t\t\t\t\t\t<div class=\"elementor-element elementor-element-58c5f36 elementor-widget elementor-widget-transx_links_list\" data-id=\"58c5f36\" data-element_type=\"widget\" data-e-type=\"widget\" data-widget_type=\"transx_links_list.default\">\n\t\t\t\t<div class=\"elementor-widget-container\">\n\t\t\t\t\t\n        <div class=\"transx_links_list_widget\">\n            <div class=\"transx_links_list_wrapper transx_view_type_2\">\n                <h5 class=\"transx_links_list_title\">\u062e\u062f\u0645\u0627\u062a \u0623\u062e\u0631\u0649<\/h5>\n\n                                            <a class=\"transx_links_list_item\" href=\"https:\/\/amatab.com\/ar\/import-export\/produits-pharmaceutiques\/\" >\n                                <img decoding=\"async\" class=\"transx_img--bg\" src=\"http:\/\/amatab.com\/wp-content\/uploads\/2023\/09\/MSC21004444_s.jpg\" alt=\"Background Image\" \/>\n                                <h6>\u0627\u0644\u0645\u0646\u062a\u062c\u0627\u062a \u0635\u064a\u062f\u0644\u0627\u0646\u064a\u0629<\/h6>\n                                <span class=\"transx_links_list_counter\">01<\/span>\n                            <\/a>\n                                                        <a class=\"transx_links_list_item\" href=\"https:\/\/amatab.com\/ar\/import-export\/produits-alimentaires\/\" >\n                                <img decoding=\"async\" class=\"transx_img--bg\" src=\"http:\/\/amatab.com\/wp-content\/uploads\/2023\/09\/bc428d205e241161c07ff3e2d0fc2022.jpg\" alt=\"Background Image\" \/>\n                                <h6>\u0627\u0644\u0645\u0646\u062a\u062c\u0627\u062a \u0627\u0644\u063a\u0630\u0627\u0626\u064a\u0629<\/h6>\n                                <span class=\"transx_links_list_counter\">02<\/span>\n                            <\/a>\n                                                            <\/div>\n        <\/div>\n\n        \t\t\t\t<\/div>\n\t\t\t\t<\/div>\n\t\t\t\t<div class=\"elementor-element elementor-element-433bb30 elementor-widget__width-initial elementor-widget elementor-widget-html\" data-id=\"433bb30\" data-element_type=\"widget\" data-e-type=\"widget\" data-widget_type=\"html.default\">\n\t\t\t\t<div class=\"elementor-widget-container\">\n\t\t\t\t\t<div class=\"transx_contact-trigger transx_contact-trigger--style-2\">\n\t\n\n\t<h4 class=\"transx_contact-trigger__title\">\u0647\u0644 \u062a\u062d\u062a\u0627\u062c \u0625\u0644\u0649 \u0639\u0631\u0636 \u0623\u0633\u0639\u0627\u0631 \u061f<\/h4>\n\n\t<p class=\"transx_contact-trigger__text\">\u0646\u062d\u0646 \u0647\u0646\u0627 \u0644\u062a\u0632\u0648\u064a\u062f\u0643 \u0628\u0633\u0631\u0639\u0629 \u0628\u0645\u0639\u0644\u0648\u0645\u0627\u062a \u0645\u0641\u0635\u0644\u0629 \u062d\u0648\u0644 \u0623\u0633\u0639\u0627\u0631\u0646\u0627<\/p>\n\n\t<a class=\"transx_button\" href=\"https:\/\/amatab.com\/ar\/import-export\/marchandises-dangereuses\/obtenir-un-devis\/\">\n\t\t<span>\u0644\u0644\u062d\u0635\u0648\u0644 \u0639\u0644\u0649 \u0639\u0631\u0636 \u0623\u0633\u0639\u0627\u0631<\/span>\n\t\t<svg class=\"icon\">\n\t\t\t<svg viewbox=\"0 0 150 78.6\" xmlns=\"http:\/\/www.w3.org\/2000\/svg\"><path d=\"M0 31.5h150v12.7H0V31.5zM112.8-.1l30.9 31.5-8.8 9L104 8.9l8.8-9zm18.1 51l-18.4 18.8 8.9 9 18.4-18.8-8.9-9z\"\/><\/svg>\n\t\t<\/svg>\n\t<\/a>\n<\/div>\t\t\t\t<\/div>\n\t\t\t\t<\/div>\n\t\t\t\t\t<\/div>\n\t\t<\/div>\n\t\t\t\t\t<\/div>\n\t\t<\/section>\n\t\t\t\t<\/div>","protected":false},"excerpt":{"rendered":"<p>L&rsquo;acheminement s\u00fbr de marchandises dangereuses repose sur notre expertise in\u00e9gal\u00e9e en logistique sp\u00e9cialis\u00e9e. En tant que sp\u00e9cialistes chevronn\u00e9s dans ce domaine, notre engagement est de veiller \u00e0 ce que vos produits dangereux parviennent \u00e0 leur destination en toute s\u00e9curit\u00e9. Notre service d\u00e9di\u00e9 \u00e0 la gestion de marchandises dangereuses couvre un large \u00e9ventail de d\u00e9marches essentielles. [&hellip;]<\/p>\n","protected":false},"author":5,"featured_media":1275,"parent":2476,"menu_order":68,"comment_status":"closed","ping_status":"closed","template":"","meta":{"om_disable_all_campaigns":false,"_uf_show_specific_survey":0,"_uf_disable_surveys":false,"footnotes":""},"folder":[],"class_list":["post-5209","page","type-page","status-publish","has-post-thumbnail","hentry"],"aioseo_notices":[],"_links":{"self":[{"href":"https:\/\/amatab.com\/ar\/wp-json\/wp\/v2\/pages\/5209","targetHints":{"allow":["GET"]}}],"collection":[{"href":"https:\/\/amatab.com\/ar\/wp-json\/wp\/v2\/pages"}],"about":[{"href":"https:\/\/amatab.com\/ar\/wp-json\/wp\/v2\/types\/page"}],"author":[{"embeddable":true,"href":"https:\/\/amatab.com\/ar\/wp-json\/wp\/v2\/users\/5"}],"replies":[{"embeddable":true,"href":"https:\/\/amatab.com\/ar\/wp-json\/wp\/v2\/comments?post=5209"}],"version-history":[{"count":77,"href":"https:\/\/amatab.com\/ar\/wp-json\/wp\/v2\/pages\/5209\/revisions"}],"predecessor-version":[{"id":16071,"href":"https:\/\/amatab.com\/ar\/wp-json\/wp\/v2\/pages\/5209\/revisions\/16071"}],"up":[{"embeddable":true,"href":"https:\/\/amatab.com\/ar\/wp-json\/wp\/v2\/pages\/2476"}],"wp:featuredmedia":[{"embeddable":true,"href":"https:\/\/amatab.com\/ar\/wp-json\/wp\/v2\/media\/1275"}],"wp:attachment":[{"href":"https:\/\/amatab.com\/ar\/wp-json\/wp\/v2\/media?parent=5209"}],"wp:term":[{"taxonomy":"folder","embeddable":true,"href":"https:\/\/amatab.com\/ar\/wp-json\/wp\/v2\/folder?post=5209"}],"curies":[{"name":"wp","href":"https:\/\/api.w.org\/{rel}","templated":true}]}}