{"id":5215,"date":"2023-10-20T11:17:06","date_gmt":"2023-10-20T09:17:06","guid":{"rendered":"https:\/\/amatab.com\/?page_id=5215"},"modified":"2024-01-20T10:27:50","modified_gmt":"2024-01-20T09:27:50","slug":"produits-alimentaires","status":"publish","type":"page","link":"https:\/\/amatab.com\/ar\/import-export\/produits-alimentaires\/","title":{"rendered":"\u0627\u0644\u0645\u0646\u062a\u062c\u0627\u062a \u0627\u0644\u063a\u0630\u0627\u0626\u064a\u0629"},"content":{"rendered":"<div data-elementor-type=\"wp-page\" data-elementor-id=\"5215\" class=\"elementor elementor-5215\" data-elementor-post-type=\"page\">\n\t\t\t\t\t\t<section class=\"elementor-section elementor-top-section elementor-element elementor-element-f10fc72 elementor-section-boxed elementor-section-height-default elementor-section-height-default\" data-id=\"f10fc72\" data-element_type=\"section\" data-e-type=\"section\">\n\t\t\t\t\t\t<div class=\"elementor-container elementor-column-gap-default\">\n\t\t\t\t\t<div class=\"elementor-column elementor-col-33 elementor-top-column elementor-element elementor-element-de5ef28\" data-id=\"de5ef28\" data-element_type=\"column\" data-e-type=\"column\">\n\t\t\t<div class=\"elementor-widget-wrap elementor-element-populated\">\n\t\t\t\t\t\t<div class=\"elementor-element elementor-element-2629815 elementor-widget elementor-widget-text-editor\" data-id=\"2629815\" data-element_type=\"widget\" data-e-type=\"widget\" data-widget_type=\"text-editor.default\">\n\t\t\t\t<div class=\"elementor-widget-container\">\n\t\t\t\t\t\t\t\t\t<p>\u0636\u0645\u0627\u0646 \u0633\u0644\u0627\u0645\u0629 \u0627\u0644\u063a\u0630\u0627\u0621 \u064a\u0639\u062a\u0645\u062f \u0639\u0644\u0649 \u062a\u0648\u0635\u064a\u0644 \u0627\u0644\u0637\u0639\u0627\u0645 \u0628\u0634\u0643\u0644 \u0645\u0648\u062b\u0648\u0642. \u0628\u0641\u0636\u0644 \u062e\u0628\u0631\u062a\u0646\u0627 \u0627\u0644\u0648\u0627\u0633\u0639\u0629 \u0641\u064a \u0627\u0644\u0644\u0648\u062c\u0633\u062a\u064a\u0627\u062a \u0627\u0644\u0632\u0631\u0627\u0639\u064a\u0629 \u0648\u0627\u0644\u063a\u0630\u0627\u0626\u064a\u0629\u060c \u0646\u0644\u062a\u0632\u0645 \u0628\u0636\u0645\u0627\u0646 \u0648\u0635\u0648\u0644 \u0645\u0646\u062a\u062c\u0627\u062a\u0643 \u0625\u0644\u0649 \u0648\u062c\u0647\u062a\u0647\u0627 \u0641\u064a \u062d\u0627\u0644\u0629 \u0645\u062b\u0627\u0644\u064a\u0629<\/p>\t\t\t\t\t\t\t\t<\/div>\n\t\t\t\t<\/div>\n\t\t\t\t<div class=\"elementor-element elementor-element-3bbbb33 elementor-widget elementor-widget-text-editor\" data-id=\"3bbbb33\" data-element_type=\"widget\" data-e-type=\"widget\" data-widget_type=\"text-editor.default\">\n\t\t\t\t<div class=\"elementor-widget-container\">\n\t\t\t\t\t\t\t\t\t<p>\u062a\u0634\u0645\u0644 \u062e\u062f\u0645\u062a\u0646\u0627 \u0627\u0644\u062a\u062d\u0636\u064a\u0631 \u0627\u0644\u062f\u0642\u064a\u0642 \u0644\u0645\u0646\u062a\u062c\u0627\u062a \u0627\u0644\u0634\u062d\u0646 \u0645\u0639 \u0627\u0647\u062a\u0645\u0627\u0645 \u062e\u0627\u0635 \u0628\u0627\u0644\u062c\u0648\u062f\u0629 . \u0646\u0642\u0648\u0645 \u0628\u062a\u0646\u0641\u064a\u0630 \u0625\u062c\u0631\u0627\u0621\u0627\u062a \u0645\u0631\u0627\u0642\u0628\u0629 \u0635\u0627\u0631\u0645\u0629 \u0644\u0644\u062d\u0641\u0627\u0638 \u0639\u0644\u0649 \u0633\u0644\u0633\u0644\u0629 \u0627\u0644\u062a\u0628\u0631\u064a\u062f \u0623\u0648 \u0627\u0644\u0638\u0631\u0648\u0641 \u0627\u0644\u062a\u062e\u0632\u064a\u0646\u064a\u0629 \u0627\u0644\u0644\u0627\u0632\u0645\u0629\u060c \u0645\u0645\u0627 \u064a\u0636\u0645\u0646 \u0627\u0644\u062d\u0641\u0627\u0638 \u0639\u0644\u0649 \u062c\u0648\u062f\u0629 \u0645\u0646\u062a\u062c\u0627\u062a\u0643 \u0627\u0644\u063a\u0630\u0627\u0626\u064a\u0629. \u0628\u0627\u0644\u0625\u0636\u0627\u0641\u0629 \u0625\u0644\u0649 \u0630\u0644\u0643\u060c \u0646\u0642\u062f\u0645 \u062d\u0644\u0648\u0644 \u062a\u0639\u0628\u0626\u0629 \u0645\u0635\u0645\u0645\u0629 \u062e\u0635\u064a\u0635\u064b\u0627 \u0644\u0644\u062d\u0641\u0627\u0638 \u0639\u0644\u0649 \u0633\u0644\u0627\u0645\u0629 \u0627\u0644\u0637\u0639\u0627\u0645 \u0639\u0644\u0649 \u0645\u062f\u0627\u0631 \u0639\u0645\u0644\u064a\u0629 \u0627\u0644\u0646\u0642\u0644.<\/p>\t\t\t\t\t\t\t\t<\/div>\n\t\t\t\t<\/div>\n\t\t\t\t<div class=\"elementor-element elementor-element-9bcca59 elementor-hidden-mobile elementor-widget elementor-widget-spacer\" data-id=\"9bcca59\" data-element_type=\"widget\" data-e-type=\"widget\" data-widget_type=\"spacer.default\">\n\t\t\t\t<div class=\"elementor-widget-container\">\n\t\t\t\t\t\t\t<div class=\"elementor-spacer\">\n\t\t\t<div class=\"elementor-spacer-inner\"><\/div>\n\t\t<\/div>\n\t\t\t\t\t\t<\/div>\n\t\t\t\t<\/div>\n\t\t\t\t<div class=\"elementor-element elementor-element-84839d5 elementor-widget elementor-widget-image\" data-id=\"84839d5\" data-element_type=\"widget\" data-e-type=\"widget\" data-widget_type=\"image.default\">\n\t\t\t\t<div class=\"elementor-widget-container\">\n\t\t\t\t\t\t\t\t\t\t\t\t\t\t\t<img fetchpriority=\"high\" decoding=\"async\" width=\"2048\" height=\"1120\" src=\"https:\/\/amatab.com\/wp-content\/uploads\/2023\/11\/istockphoto-1301368439-2048x2048-transformed-1.jpeg\" class=\"attachment-2048x2048 size-2048x2048 wp-image-10064\" alt=\"\" srcset=\"https:\/\/amatab.com\/wp-content\/uploads\/2023\/11\/istockphoto-1301368439-2048x2048-transformed-1.jpeg 2048w, https:\/\/amatab.com\/wp-content\/uploads\/2023\/11\/istockphoto-1301368439-2048x2048-transformed-1-300x164.jpeg 300w, https:\/\/amatab.com\/wp-content\/uploads\/2023\/11\/istockphoto-1301368439-2048x2048-transformed-1-1024x560.jpeg 1024w, https:\/\/amatab.com\/wp-content\/uploads\/2023\/11\/istockphoto-1301368439-2048x2048-transformed-1-768x420.jpeg 768w, https:\/\/amatab.com\/wp-content\/uploads\/2023\/11\/istockphoto-1301368439-2048x2048-transformed-1-1536x840.jpeg 1536w, https:\/\/amatab.com\/wp-content\/uploads\/2023\/11\/istockphoto-1301368439-2048x2048-transformed-1-1320x722.jpeg 1320w, https:\/\/amatab.com\/wp-content\/uploads\/2023\/11\/istockphoto-1301368439-2048x2048-transformed-1-600x328.jpeg 600w\" sizes=\"(max-width: 2048px) 100vw, 2048px\" \/>\t\t\t\t\t\t\t\t\t\t\t\t\t\t\t<\/div>\n\t\t\t\t<\/div>\n\t\t\t\t\t<\/div>\n\t\t<\/div>\n\t\t\t\t<div class=\"elementor-column elementor-col-33 elementor-top-column elementor-element elementor-element-a536e24\" data-id=\"a536e24\" data-element_type=\"column\" data-e-type=\"column\">\n\t\t\t<div class=\"elementor-widget-wrap elementor-element-populated\">\n\t\t\t\t\t\t<div class=\"elementor-element elementor-element-4683177 elementor-hidden-mobile elementor-widget elementor-widget-image\" data-id=\"4683177\" data-element_type=\"widget\" data-e-type=\"widget\" data-widget_type=\"image.default\">\n\t\t\t\t<div class=\"elementor-widget-container\">\n\t\t\t\t\t\t\t\t\t\t\t\t\t\t\t<img decoding=\"async\" width=\"1536\" height=\"2048\" src=\"https:\/\/amatab.com\/wp-content\/uploads\/2023\/11\/main-jardinier-gardant-caisse-legumes-dans-coffre-voiture-1-1536x2048.jpg\" class=\"attachment-2048x2048 size-2048x2048 wp-image-8139\" alt=\"\" srcset=\"https:\/\/amatab.com\/wp-content\/uploads\/2023\/11\/main-jardinier-gardant-caisse-legumes-dans-coffre-voiture-1-1536x2048.jpg 1536w, https:\/\/amatab.com\/wp-content\/uploads\/2023\/11\/main-jardinier-gardant-caisse-legumes-dans-coffre-voiture-1-225x300.jpg 225w, https:\/\/amatab.com\/wp-content\/uploads\/2023\/11\/main-jardinier-gardant-caisse-legumes-dans-coffre-voiture-1-768x1024.jpg 768w, https:\/\/amatab.com\/wp-content\/uploads\/2023\/11\/main-jardinier-gardant-caisse-legumes-dans-coffre-voiture-1-1152x1536.jpg 1152w, https:\/\/amatab.com\/wp-content\/uploads\/2023\/11\/main-jardinier-gardant-caisse-legumes-dans-coffre-voiture-1-1320x1760.jpg 1320w, https:\/\/amatab.com\/wp-content\/uploads\/2023\/11\/main-jardinier-gardant-caisse-legumes-dans-coffre-voiture-1-600x800.jpg 600w, https:\/\/amatab.com\/wp-content\/uploads\/2023\/11\/main-jardinier-gardant-caisse-legumes-dans-coffre-voiture-1-scaled.jpg 1920w\" sizes=\"(max-width: 1536px) 100vw, 1536px\" \/>\t\t\t\t\t\t\t\t\t\t\t\t\t\t\t<\/div>\n\t\t\t\t<\/div>\n\t\t\t\t<div class=\"elementor-element elementor-element-95f1554 elementor-widget elementor-widget-text-editor\" data-id=\"95f1554\" data-element_type=\"widget\" data-e-type=\"widget\" data-widget_type=\"text-editor.default\">\n\t\t\t\t<div class=\"elementor-widget-container\">\n\t\t\t\t\t\t\t\t\t<p>\u0627\u0644\u062a\u0633\u0644\u064a\u0645 \u0641\u064a \u0627\u0644\u0648\u0642\u062a \u0627\u0644\u0645\u0646\u0627\u0633\u0628 \u0647\u0648 \u0623\u0648\u0644\u0648\u064a\u062a\u0646\u0627. \u0641\u0631\u064a\u0642\u0646\u0627 \u0627\u0644\u0645\u0624\u0647\u0644 \u0645\u062a\u0627\u062d 24\/7 \u0644\u062a\u0644\u0628\u064a\u0629 \n  \u0627\u062d\u062a\u064a\u0627\u062c\u0627\u062a\u0643 \u0627\u0644\u0645\u062d\u062f\u062f\u0629 \u0648\u0644\u0627\u062a\u0628\u0627\u0639 \u0627\u0644\u0644\u0648\u0627\u0626\u062d \u0627\u0644\u062f\u0648\u0644\u064a\u0629 \u0644\u0633\u0644\u0627\u0645\u0629 \u0627\u0644\u0623\u063a\u0630\u064a\u0629 \u0628\u062f\u0642\u0629<\/p>\t\t\t\t\t\t\t\t<\/div>\n\t\t\t\t<\/div>\n\t\t\t\t<div class=\"elementor-element elementor-element-22d6e75 elementor-widget__width-initial elementor-widget elementor-widget-text-editor\" data-id=\"22d6e75\" data-element_type=\"widget\" data-e-type=\"widget\" data-widget_type=\"text-editor.default\">\n\t\t\t\t<div class=\"elementor-widget-container\">\n\t\t\t\t\t\t\t\t\t<p>\u0646\u062d\u0646 \u0647\u0646\u0627 \u0644\u0636\u0645\u0627\u0646 \u0648\u0635\u0648\u0644 \u0628\u0636\u0627\u0626\u0639\u0643 \u0628\u0623\u0645\u0627\u0646 \u0625\u0644\u0649 \u0648\u062c\u0647\u062a\u0647\u0627 \u0648\u0627\u0644\u062d\u0641\u0627\u0638 \u0639\u0644\u0649 \u062c\u0648\u062f\u062a\u0647\u0627 \u0637\u0648\u0627\u0644 \u0639\u0645\u0644\u064a\u0629 \u0627\u0644\u0627\u0633\u062a\u064a\u0631\u0627\u062f \u0648\u0627\u0644\u062a\u0635\u062f\u064a\u0631<\/p>\t\t\t\t\t\t\t\t<\/div>\n\t\t\t\t<\/div>\n\t\t\t\t<div class=\"elementor-element elementor-element-2352dc1 elementor-hidden-desktop elementor-hidden-tablet elementor-widget elementor-widget-image\" data-id=\"2352dc1\" data-element_type=\"widget\" data-e-type=\"widget\" data-widget_type=\"image.default\">\n\t\t\t\t<div class=\"elementor-widget-container\">\n\t\t\t\t\t\t\t\t\t\t\t\t\t\t\t<img decoding=\"async\" width=\"1536\" height=\"2048\" src=\"https:\/\/amatab.com\/wp-content\/uploads\/2023\/11\/main-jardinier-gardant-caisse-legumes-dans-coffre-voiture-1-1536x2048.jpg\" class=\"attachment-2048x2048 size-2048x2048 wp-image-8139\" alt=\"\" srcset=\"https:\/\/amatab.com\/wp-content\/uploads\/2023\/11\/main-jardinier-gardant-caisse-legumes-dans-coffre-voiture-1-1536x2048.jpg 1536w, https:\/\/amatab.com\/wp-content\/uploads\/2023\/11\/main-jardinier-gardant-caisse-legumes-dans-coffre-voiture-1-225x300.jpg 225w, https:\/\/amatab.com\/wp-content\/uploads\/2023\/11\/main-jardinier-gardant-caisse-legumes-dans-coffre-voiture-1-768x1024.jpg 768w, https:\/\/amatab.com\/wp-content\/uploads\/2023\/11\/main-jardinier-gardant-caisse-legumes-dans-coffre-voiture-1-1152x1536.jpg 1152w, https:\/\/amatab.com\/wp-content\/uploads\/2023\/11\/main-jardinier-gardant-caisse-legumes-dans-coffre-voiture-1-1320x1760.jpg 1320w, https:\/\/amatab.com\/wp-content\/uploads\/2023\/11\/main-jardinier-gardant-caisse-legumes-dans-coffre-voiture-1-600x800.jpg 600w, https:\/\/amatab.com\/wp-content\/uploads\/2023\/11\/main-jardinier-gardant-caisse-legumes-dans-coffre-voiture-1-scaled.jpg 1920w\" sizes=\"(max-width: 1536px) 100vw, 1536px\" \/>\t\t\t\t\t\t\t\t\t\t\t\t\t\t\t<\/div>\n\t\t\t\t<\/div>\n\t\t\t\t\t<\/div>\n\t\t<\/div>\n\t\t\t\t<div class=\"elementor-column elementor-col-33 elementor-top-column elementor-element elementor-element-9d00106 elementor-hidden-tablet\" data-id=\"9d00106\" data-element_type=\"column\" data-e-type=\"column\">\n\t\t\t<div class=\"elementor-widget-wrap elementor-element-populated\">\n\t\t\t\t\t\t<div class=\"elementor-element elementor-element-45044b3 elementor-widget elementor-widget-transx_links_list\" data-id=\"45044b3\" data-element_type=\"widget\" data-e-type=\"widget\" data-widget_type=\"transx_links_list.default\">\n\t\t\t\t<div class=\"elementor-widget-container\">\n\t\t\t\t\t\n        <div class=\"transx_links_list_widget\">\n            <div class=\"transx_links_list_wrapper transx_view_type_2\">\n                <h5 class=\"transx_links_list_title\">\u062e\u062f\u0645\u0627\u062a \u0623\u062e\u0631\u0649<\/h5>\n\n                                            <a class=\"transx_links_list_item\" href=\"https:\/\/amatab.com\/ar\/import-export\/produits-pharmaceutiques\/\" >\n                                <img decoding=\"async\" class=\"transx_img--bg\" src=\"http:\/\/amatab.com\/wp-content\/uploads\/2023\/09\/MSC21004444_s.jpg\" alt=\"Background Image\" \/>\n                                <h6>\u0627\u0644\u0645\u0646\u062a\u062c\u0627\u062a \u0635\u064a\u062f\u0644\u0627\u0646\u064a\u0629<\/h6>\n                                <span class=\"transx_links_list_counter\">01<\/span>\n                            <\/a>\n                                                        <a class=\"transx_links_list_item\" href=\"https:\/\/amatab.com\/ar\/import-export\/marchandises-dangereuses\/\" >\n                                <img decoding=\"async\" class=\"transx_img--bg\" src=\"http:\/\/amatab.com\/wp-content\/uploads\/2023\/09\/istockphoto-172374670-612x612-1.jpg\" alt=\"Background Image\" \/>\n                                <h6>\u0627\u0644\u0645\u0648\u0627\u062f \u0627\u0644\u062e\u0637\u0631\u0629<\/h6>\n                                <span class=\"transx_links_list_counter\">02<\/span>\n                            <\/a>\n                                                            <\/div>\n        <\/div>\n\n        \t\t\t\t<\/div>\n\t\t\t\t<\/div>\n\t\t\t\t<div class=\"elementor-element elementor-element-148fe79 elementor-widget__width-initial elementor-widget elementor-widget-html\" data-id=\"148fe79\" data-element_type=\"widget\" data-e-type=\"widget\" data-widget_type=\"html.default\">\n\t\t\t\t<div class=\"elementor-widget-container\">\n\t\t\t\t\t<div class=\"transx_contact-trigger transx_contact-trigger--style-2\">\n\n\n\t<h4 class=\"transx_contact-trigger__title\">\u0647\u0644 \u062a\u062d\u062a\u0627\u062c \u0625\u0644\u0649 \u0639\u0631\u0636 \u0623\u0633\u0639\u0627\u0631 \u061f<\/h4>\n\n\t<p class=\"transx_contact-trigger__text\">\u0646\u062d\u0646 \u0647\u0646\u0627 \u0644\u062a\u0632\u0648\u064a\u062f\u0643 \u0628\u0633\u0631\u0639\u0629 \u0628\u0645\u0639\u0644\u0648\u0645\u0627\u062a \u0645\u0641\u0635\u0644\u0629 \u062d\u0648\u0644 \u0623\u0633\u0639\u0627\u0631\u0646\u0627<\/p>\n\n\t<a class=\"transx_button\" href=\"https:\/\/amatab.com\/ar\/import-export\/produits-alimentaires\/obtenir-un-devis\/\">\n\t\t<span>\u0644\u0644\u062d\u0635\u0648\u0644 \u0639\u0644\u0649 \u0639\u0631\u0636 \u0623\u0633\u0639\u0627\u0631<\/span>\n\t\t<svg class=\"icon\">\n\t\t\t<svg viewbox=\"0 0 150 78.6\" xmlns=\"http:\/\/www.w3.org\/2000\/svg\"><path d=\"M0 31.5h150v12.7H0V31.5zM112.8-.1l30.9 31.5-8.8 9L104 8.9l8.8-9zm18.1 51l-18.4 18.8 8.9 9 18.4-18.8-8.9-9z\"\/><\/svg>\n\t\t<\/svg>\n\t<\/a>\n<\/div>\t\t\t\t<\/div>\n\t\t\t\t<\/div>\n\t\t\t\t\t<\/div>\n\t\t<\/div>\n\t\t\t\t\t<\/div>\n\t\t<\/section>\n\t\t\t\t<\/div>","protected":false},"excerpt":{"rendered":"<p>La garantie de la s\u00e9curit\u00e9 alimentaire repose sur la livraison fiable de la denr\u00e9e. Forts de notre exp\u00e9rience \u00e9tendue en logistique agroalimentaire, nous nous engageons \u00e0 vous assurer que vos produits alimentaires parviennent \u00e0 destination en parfait \u00e9tat. Notre service complet englobe une pr\u00e9paration m\u00e9ticuleuse des produits pour l&rsquo;exp\u00e9dition, avec une attention particuli\u00e8re port\u00e9e \u00e0 [&hellip;]<\/p>\n","protected":false},"author":5,"featured_media":1275,"parent":2476,"menu_order":67,"comment_status":"closed","ping_status":"closed","template":"","meta":{"om_disable_all_campaigns":false,"_uf_show_specific_survey":0,"_uf_disable_surveys":false,"footnotes":""},"folder":[],"class_list":["post-5215","page","type-page","status-publish","has-post-thumbnail","hentry"],"aioseo_notices":[],"_links":{"self":[{"href":"https:\/\/amatab.com\/ar\/wp-json\/wp\/v2\/pages\/5215","targetHints":{"allow":["GET"]}}],"collection":[{"href":"https:\/\/amatab.com\/ar\/wp-json\/wp\/v2\/pages"}],"about":[{"href":"https:\/\/amatab.com\/ar\/wp-json\/wp\/v2\/types\/page"}],"author":[{"embeddable":true,"href":"https:\/\/amatab.com\/ar\/wp-json\/wp\/v2\/users\/5"}],"replies":[{"embeddable":true,"href":"https:\/\/amatab.com\/ar\/wp-json\/wp\/v2\/comments?post=5215"}],"version-history":[{"count":98,"href":"https:\/\/amatab.com\/ar\/wp-json\/wp\/v2\/pages\/5215\/revisions"}],"predecessor-version":[{"id":16068,"href":"https:\/\/amatab.com\/ar\/wp-json\/wp\/v2\/pages\/5215\/revisions\/16068"}],"up":[{"embeddable":true,"href":"https:\/\/amatab.com\/ar\/wp-json\/wp\/v2\/pages\/2476"}],"wp:featuredmedia":[{"embeddable":true,"href":"https:\/\/amatab.com\/ar\/wp-json\/wp\/v2\/media\/1275"}],"wp:attachment":[{"href":"https:\/\/amatab.com\/ar\/wp-json\/wp\/v2\/media?parent=5215"}],"wp:term":[{"taxonomy":"folder","embeddable":true,"href":"https:\/\/amatab.com\/ar\/wp-json\/wp\/v2\/folder?post=5215"}],"curies":[{"name":"wp","href":"https:\/\/api.w.org\/{rel}","templated":true}]}}