{"id":6125,"date":"2023-10-27T12:10:28","date_gmt":"2023-10-27T10:10:28","guid":{"rendered":"https:\/\/amatab.com\/?page_id=6125"},"modified":"2024-02-03T09:29:56","modified_gmt":"2024-02-03T08:29:56","slug":"services-douaniers","status":"publish","type":"page","link":"https:\/\/amatab.com\/ar\/services-petroliers\/services-douaniers\/","title":{"rendered":"\u0627\u0644\u062e\u062f\u0645\u0627\u062a \u0627\u0644\u062c\u0645\u0631\u0643\u064a\u0629"},"content":{"rendered":"<div data-elementor-type=\"wp-page\" data-elementor-id=\"6125\" class=\"elementor elementor-6125\" data-elementor-post-type=\"page\">\n\t\t\t\t\t\t<section class=\"elementor-section elementor-top-section elementor-element elementor-element-fa718d9 elementor-section-boxed elementor-section-height-default elementor-section-height-default\" data-id=\"fa718d9\" data-element_type=\"section\" data-e-type=\"section\">\n\t\t\t\t\t\t<div class=\"elementor-container elementor-column-gap-default\">\n\t\t\t\t\t<div class=\"elementor-column elementor-col-33 elementor-top-column elementor-element elementor-element-741c10d\" data-id=\"741c10d\" data-element_type=\"column\" data-e-type=\"column\">\n\t\t\t<div class=\"elementor-widget-wrap elementor-element-populated\">\n\t\t\t\t\t\t<div class=\"elementor-element elementor-element-8a7e70e elementor-widget elementor-widget-text-editor\" data-id=\"8a7e70e\" data-element_type=\"widget\" data-e-type=\"widget\" data-widget_type=\"text-editor.default\">\n\t\t\t\t<div class=\"elementor-widget-container\">\n\t\t\t\t\t\t\t\t\t<p>\u0641\u064a AMATAB&amp;CO\u060c \u0627\u0644\u062a\u0632\u0627\u0645\u0646\u0627 \u0628\u062a\u0628\u0633\u064a\u0637 \u0627\u0644\u0625\u062c\u0631\u0627\u0621\u0627\u062a \u0627\u0644\u062c\u0645\u0631\u0643\u064a\u0629 \u0647\u0648 \u0623\u0643\u062b\u0631 \u0645\u0646 \u0645\u062c\u0631\u062f \u0648\u0639\u062f. \u0648\u0646\u0624\u0645\u0646 \u0625\u064a\u0645\u0627\u0646\u0627 \u0631\u0627\u0633\u062e\u0627 \u0628\u0627\u0644\u0625\u062f\u0627\u0631\u0629 \u0627\u0644\u062c\u0645\u0631\u0643\u064a\u0629 \u0627\u0644\u062f\u0642\u064a\u0642\u0629 \u0648\u0627\u0644\u0641\u0639\u0627\u0644\u0629\u060c \u0627\u0644\u062a\u064a \u062a\u0628\u062f\u0623 \u0628\u0627\u0644\u062a\u0639\u0627\u0645\u0644 \u0627\u0644\u0643\u0627\u0645\u0644 \u0645\u0639 \u062c\u0645\u064a\u0639 \u0627\u0644\u0625\u062c\u0631\u0627\u0621\u0627\u062a \u0627\u0644\u0634\u0643\u0644\u064a\u0629\u060c \u0628\u062f\u0621\u0627 \u0645\u0646 \u0625\u0642\u0631\u0627\u0631\u0627\u062a \u0627\u0644\u0627\u0633\u062a\u064a\u0631\u0627\u062f \u0648\u062d\u062a\u0649 \u062a\u0635\u0627\u0631\u064a\u062d \u0627\u0644\u062a\u0635\u062f\u064a\u0631 \u0648\u0645\u0627 \u0628\u0639\u062f\u0647\u0627. \u064a\u0636\u0645\u0646 \u0641\u0631\u064a\u0642\u0646\u0627 \u0625\u0639\u062f\u0627\u062f \u0643\u0644 \u0648\u062b\u064a\u0642\u0629 \u0636\u0631\u0648\u0631\u064a\u0629 \u0628\u062f\u0642\u0629 \u062f\u0642\u064a\u0642\u0629\u060c \u0645\u0645\u0627 \u064a\u0642\u0636\u064a \u0639\u0644\u0649 \u0645\u062e\u0627\u0637\u0631 \u0627\u0644\u062a\u0623\u062e\u064a\u0631 \u0623\u0648 \u0627\u0644\u0623\u062e\u0637\u0627\u0621.<\/p>\t\t\t\t\t\t\t\t<\/div>\n\t\t\t\t<\/div>\n\t\t\t\t<div class=\"elementor-element elementor-element-3ee71b1 elementor-widget__width-initial elementor-hidden-desktop elementor-hidden-tablet elementor-widget elementor-widget-image\" data-id=\"3ee71b1\" data-element_type=\"widget\" data-e-type=\"widget\" data-widget_type=\"image.default\">\n\t\t\t\t<div class=\"elementor-widget-container\">\n\t\t\t\t\t\t\t\t\t\t\t\t\t\t\t<img decoding=\"async\" src=\"https:\/\/amatab.com\/wp-content\/uploads\/2023\/11\/istockphoto-163250380-2048x2048-aHpa_uftz-transformed-1320x1979.jpeg\" title=\"istockphoto-163250380-2048&#215;2048-aHpa_uftz-transformed\" alt=\"istockphoto-163250380-2048x2048-aHpa_uftz-transformed\" loading=\"lazy\" \/>\t\t\t\t\t\t\t\t\t\t\t\t\t\t\t<\/div>\n\t\t\t\t<\/div>\n\t\t\t\t<div class=\"elementor-element elementor-element-d04af91 elementor-widget__width-initial elementor-widget elementor-widget-text-editor\" data-id=\"d04af91\" data-element_type=\"widget\" data-e-type=\"widget\" data-widget_type=\"text-editor.default\">\n\t\t\t\t<div class=\"elementor-widget-container\">\n\t\t\t\t\t\t\t\t\t<p>\u0627\u0644\u0627\u0645\u062a\u062b\u0627\u0644 \u0627\u0644\u0643\u0627\u0645\u0644 \u0647\u0648 \u0623\u0648\u0644\u0648\u064a\u062a\u0646\u0627 \u0627\u0644\u0642\u0635\u0648\u0649. \u0646\u062d\u0646 \u0646\u0639\u0645\u0644 \u0639\u0646 \u0643\u062b\u0628 \u0645\u0639 \u0639\u0645\u0644\u0627\u0626\u0646\u0627 \u0644\u0636\u0645\u0627\u0646 \u0627\u0645\u062a\u062b\u0627\u0644 \u0639\u0645\u0644\u064a\u0627\u062a\u0647\u0645 \u0628\u0627\u0644\u0643\u0627\u0645\u0644 \u0644\u0644\u0648\u0627\u0626\u062d \u0627\u0644\u062c\u0645\u0631\u0643\u064a\u0629 \u0627\u0644\u062f\u0648\u0644\u064a\u0629. \u0647\u0630\u0627 \u0627\u0644\u0627\u0645\u062a\u062b\u0627\u0644 \u0636\u0631\u0648\u0631\u064a \u0644\u062a\u062c\u0646\u0628 \u0627\u0644\u0639\u0642\u0648\u0628\u0627\u062a \u0627\u0644\u0645\u062d\u062a\u0645\u0644\u0629 \u0648\u0636\u0645\u0627\u0646 \u0627\u0644\u062a\u0634\u063a\u064a\u0644 \u0627\u0644\u0633\u0644\u0633 \u0644\u0645\u0634\u0631\u0648\u0639\u0643 \u0627\u0644\u0646\u0641\u0637\u064a.<\/p><p>\u0648\u0623\u062e\u064a\u0631\u0627\u060c \u0641\u0625\u0646 \u062e\u0628\u0631\u062a\u0646\u0627 \u0641\u064a \u0625\u062f\u0627\u0631\u0629 \u0627\u0644\u062c\u0645\u0627\u0631\u0643 \u062a\u0633\u0647\u0644 \u062d\u0631\u0643\u0629 \u0627\u0644\u0628\u0636\u0627\u0626\u0639 \u0639\u0628\u0631 \u0627\u0644\u062d\u062f\u0648\u062f \u0627\u0644\u062f\u0648\u0644\u064a\u0629. \u0646\u0631\u0643\u0632 \u0628\u0634\u062f\u0629 \u0639\u0644\u0649 \u062a\u0633\u0647\u064a\u0644 \u0627\u0644\u062d\u0631\u0643\u0629 \u0639\u0628\u0631 \u0627\u0644\u062d\u062f\u0648\u062f\u060c \u0648\u0627\u0644\u0633\u0645\u0627\u062d \u0644\u0644\u0645\u0639\u062f\u0627\u062a \u0648\u0627\u0644\u0645\u0646\u062a\u062c\u0627\u062a \u0627\u0644\u0628\u062a\u0631\u0648\u0644\u064a\u0629 \u0648\u0627\u0644\u0633\u0644\u0639 \u0628\u0627\u0644\u062a\u062f\u0641\u0642 \u0628\u0633\u0644\u0627\u0633\u0629 \u0639\u0628\u0631 \u0627\u0644\u0628\u0644\u062f\u0627\u0646.<\/p>\t\t\t\t\t\t\t\t<\/div>\n\t\t\t\t<\/div>\n\t\t\t\t\t<\/div>\n\t\t<\/div>\n\t\t\t\t<div class=\"elementor-column elementor-col-33 elementor-top-column elementor-element elementor-element-1c3e3f6\" data-id=\"1c3e3f6\" data-element_type=\"column\" data-e-type=\"column\">\n\t\t\t<div class=\"elementor-widget-wrap elementor-element-populated\">\n\t\t\t\t\t\t<div class=\"elementor-element elementor-element-ee6fd0d elementor-widget__width-initial elementor-hidden-mobile elementor-widget elementor-widget-image\" data-id=\"ee6fd0d\" data-element_type=\"widget\" data-e-type=\"widget\" data-widget_type=\"image.default\">\n\t\t\t\t<div class=\"elementor-widget-container\">\n\t\t\t\t\t\t\t\t\t\t\t\t\t\t\t<img decoding=\"async\" src=\"https:\/\/amatab.com\/wp-content\/uploads\/2023\/11\/istockphoto-163250380-2048x2048-aHpa_uftz-transformed-1320x1979.jpeg\" title=\"istockphoto-163250380-2048&#215;2048-aHpa_uftz-transformed\" alt=\"istockphoto-163250380-2048x2048-aHpa_uftz-transformed\" loading=\"lazy\" \/>\t\t\t\t\t\t\t\t\t\t\t\t\t\t\t<\/div>\n\t\t\t\t<\/div>\n\t\t\t\t\t<\/div>\n\t\t<\/div>\n\t\t\t\t<div class=\"elementor-column elementor-col-33 elementor-top-column elementor-element elementor-element-37e21d4\" data-id=\"37e21d4\" data-element_type=\"column\" data-e-type=\"column\">\n\t\t\t<div class=\"elementor-widget-wrap elementor-element-populated\">\n\t\t\t\t\t\t<div class=\"elementor-element elementor-element-04bb952 elementor-widget elementor-widget-html\" data-id=\"04bb952\" data-element_type=\"widget\" data-e-type=\"widget\" data-widget_type=\"html.default\">\n\t\t\t\t<div class=\"elementor-widget-container\">\n\t\t\t\t\t<div class=\"transx_contact-trigger transx_contact-trigger--style-2\">\n\n\n\t<h4 class=\"transx_contact-trigger__title\">\u0647\u0644 \u062a\u062d\u062a\u0627\u062c \u0625\u0644\u0649 \u0639\u0631\u0636 \u0623\u0633\u0639\u0627\u0631 \u061f<\/h4>\n\n\t<p class=\"transx_contact-trigger__text\">\u0646\u062d\u0646 \u0647\u0646\u0627 \u0644\u062a\u0632\u0648\u064a\u062f\u0643 \u0628\u0633\u0631\u0639\u0629 \u0628\u0645\u0639\u0644\u0648\u0645\u0627\u062a \u0645\u0641\u0635\u0644\u0629 \u062d\u0648\u0644 \u0623\u0633\u0639\u0627\u0631\u0646\u0627<\/p>\n\n\t<a class=\"transx_button\" href=\"https:\/\/amatab.com\/ar\/services-petroliers\/services-douaniers\/obtenir-un-devis\/\">\n\t\t<span>\u0644\u0644\u062d\u0635\u0648\u0644 \u0639\u0644\u0649 \u0639\u0631\u0636 \u0623\u0633\u0639\u0627\u0631<\/span>\n\t\t<svg class=\"icon\">\n\t\t\t<svg viewbox=\"0 0 150 78.6\" xmlns=\"http:\/\/www.w3.org\/2000\/svg\"><path d=\"M0 31.5h150v12.7H0V31.5zM112.8-.1l30.9 31.5-8.8 9L104 8.9l8.8-9zm18.1 51l-18.4 18.8 8.9 9 18.4-18.8-8.9-9z\"\/><\/svg>\n\t\t<\/svg>\n\t<\/a>\n<\/div>\t\t\t\t<\/div>\n\t\t\t\t<\/div>\n\t\t\t\t\t<\/div>\n\t\t<\/div>\n\t\t\t\t\t<\/div>\n\t\t<\/section>\n\t\t\t\t<\/div>","protected":false},"excerpt":{"rendered":"<p>Chez AMATAB &amp; CO, notre engagement envers la simplification des proc\u00e9dures douani\u00e8res est bien plus qu&rsquo;une simple promesse. Nous croyons fermement en la gestion douani\u00e8re pr\u00e9cise et efficace, qui commence par une prise en charge compl\u00e8te de toutes les formalit\u00e9s, depuis les d\u00e9clarations d&rsquo;importation jusqu&rsquo;aux autorisations d&rsquo;exportation et bien au-del\u00e0. Notre \u00e9quipe s&rsquo;assure que chaque [&hellip;]<\/p>\n","protected":false},"author":5,"featured_media":0,"parent":3429,"menu_order":62,"comment_status":"closed","ping_status":"closed","template":"","meta":{"om_disable_all_campaigns":false,"_uf_show_specific_survey":0,"_uf_disable_surveys":false,"footnotes":""},"folder":[],"class_list":["post-6125","page","type-page","status-publish","hentry"],"aioseo_notices":[],"_links":{"self":[{"href":"https:\/\/amatab.com\/ar\/wp-json\/wp\/v2\/pages\/6125","targetHints":{"allow":["GET"]}}],"collection":[{"href":"https:\/\/amatab.com\/ar\/wp-json\/wp\/v2\/pages"}],"about":[{"href":"https:\/\/amatab.com\/ar\/wp-json\/wp\/v2\/types\/page"}],"author":[{"embeddable":true,"href":"https:\/\/amatab.com\/ar\/wp-json\/wp\/v2\/users\/5"}],"replies":[{"embeddable":true,"href":"https:\/\/amatab.com\/ar\/wp-json\/wp\/v2\/comments?post=6125"}],"version-history":[{"count":52,"href":"https:\/\/amatab.com\/ar\/wp-json\/wp\/v2\/pages\/6125\/revisions"}],"predecessor-version":[{"id":16134,"href":"https:\/\/amatab.com\/ar\/wp-json\/wp\/v2\/pages\/6125\/revisions\/16134"}],"up":[{"embeddable":true,"href":"https:\/\/amatab.com\/ar\/wp-json\/wp\/v2\/pages\/3429"}],"wp:attachment":[{"href":"https:\/\/amatab.com\/ar\/wp-json\/wp\/v2\/media?parent=6125"}],"wp:term":[{"taxonomy":"folder","embeddable":true,"href":"https:\/\/amatab.com\/ar\/wp-json\/wp\/v2\/folder?post=6125"}],"curies":[{"name":"wp","href":"https:\/\/api.w.org\/{rel}","templated":true}]}}