{"id":6400,"date":"2023-10-30T14:58:43","date_gmt":"2023-10-30T13:58:43","guid":{"rendered":"https:\/\/amatab.com\/?page_id=6400"},"modified":"2024-01-22T15:29:32","modified_gmt":"2024-01-22T14:29:32","slug":"services-hoteliers","status":"publish","type":"page","link":"https:\/\/amatab.com\/ar\/armateur\/services-hoteliers\/","title":{"rendered":"\u062e\u062f\u0645\u0627\u062a \u0627\u0644\u0641\u0646\u0627\u062f\u0642"},"content":{"rendered":"<div data-elementor-type=\"wp-page\" data-elementor-id=\"6400\" class=\"elementor elementor-6400\" data-elementor-post-type=\"page\">\n\t\t\t\t\t\t<section class=\"elementor-section elementor-top-section elementor-element elementor-element-71d781f elementor-section-boxed elementor-section-height-default elementor-section-height-default\" data-id=\"71d781f\" data-element_type=\"section\" data-e-type=\"section\">\n\t\t\t\t\t\t<div class=\"elementor-container elementor-column-gap-default\">\n\t\t\t\t\t<div class=\"elementor-column elementor-col-33 elementor-top-column elementor-element elementor-element-a448f39\" data-id=\"a448f39\" data-element_type=\"column\" data-e-type=\"column\">\n\t\t\t<div class=\"elementor-widget-wrap elementor-element-populated\">\n\t\t\t\t\t\t<div class=\"elementor-element elementor-element-4bb7dc5 elementor-widget elementor-widget-text-editor\" data-id=\"4bb7dc5\" data-element_type=\"widget\" data-e-type=\"widget\" data-widget_type=\"text-editor.default\">\n\t\t\t\t<div class=\"elementor-widget-container\">\n\t\t\t\t\t\t\t\t\t<p>\u0641\u064a AMATAB &amp; Co\u060c \u0646\u062f\u0631\u0643 \u0623\u0646 \u0631\u0627\u062d\u0629 \u0648\u0631\u0641\u0627\u0647\u064a\u0629 \u0627\u0644\u0637\u0627\u0642\u0645 \u062a\u0624\u062b\u0631 \u0639\u0644\u0649 \u062f\u0648\u0627\u0641\u0639\u0647\u0645 \u0648\u0625\u0646\u062a\u0627\u062c\u064a\u062a\u0647\u0645 \u0648\u0628\u0627\u0644\u062a\u0627\u0644\u064a \u0646\u062c\u0627\u062d \u0623\u064a \u0645\u0647\u0645\u0629 \u0641\u064a \u0627\u0644\u0628\u062d\u0631. \u0644\u0647\u0630\u0627 \u0627\u0644\u0633\u0628\u0628 \u0642\u0645\u0646\u0627 \u0628\u062a\u0637\u0648\u064a\u0631 \u0645\u062c\u0645\u0648\u0639\u0629 \u0645\u0646 \u0627\u0644\u062e\u062f\u0645\u0627\u062a \u0627\u0644\u0641\u0646\u062f\u0642\u064a\u0629 \u0627\u0644\u0645\u0635\u0645\u0645\u0629 \u0644\u062e\u0644\u0642 \u062c\u0648 \u0623\u0646\u064a\u0642 \u0648\u062a\u0648\u0641\u064a\u0631 \u0631\u0627\u062d\u0629 \u0644\u0627 \u0645\u062b\u064a\u0644 \u0644\u0647\u0627. \u0641\u0643\u0631\u0646\u0627 \u0641\u064a \u0643\u0644 \u0627\u0644\u062a\u0641\u0627\u0635\u064a\u0644 \u062f\u0648\u0646 \u062a\u0631\u0643 \u0623\u064a \u0634\u064a\u0621 \u0644\u0644\u0635\u062f\u0641\u0629.<\/p>\t\t\t\t\t\t\t\t<\/div>\n\t\t\t\t<\/div>\n\t\t\t\t<div class=\"elementor-element elementor-element-e731d8b elementor-widget__width-initial elementor-widget elementor-widget-image\" data-id=\"e731d8b\" data-element_type=\"widget\" data-e-type=\"widget\" data-widget_type=\"image.default\">\n\t\t\t\t<div class=\"elementor-widget-container\">\n\t\t\t\t\t\t\t\t\t\t\t\t\t\t\t<img fetchpriority=\"high\" decoding=\"async\" width=\"1024\" height=\"683\" src=\"https:\/\/amatab.com\/wp-content\/uploads\/2023\/11\/inside-train-view-1024x683.jpg\" class=\"attachment-large size-large wp-image-6644\" alt=\"\" srcset=\"https:\/\/amatab.com\/wp-content\/uploads\/2023\/11\/inside-train-view-1024x683.jpg 1024w, https:\/\/amatab.com\/wp-content\/uploads\/2023\/11\/inside-train-view-300x200.jpg 300w, https:\/\/amatab.com\/wp-content\/uploads\/2023\/11\/inside-train-view-768x512.jpg 768w, https:\/\/amatab.com\/wp-content\/uploads\/2023\/11\/inside-train-view-1536x1024.jpg 1536w, https:\/\/amatab.com\/wp-content\/uploads\/2023\/11\/inside-train-view-2048x1365.jpg 2048w, https:\/\/amatab.com\/wp-content\/uploads\/2023\/11\/inside-train-view-1320x880.jpg 1320w, https:\/\/amatab.com\/wp-content\/uploads\/2023\/11\/inside-train-view-600x400.jpg 600w\" sizes=\"(max-width: 1024px) 100vw, 1024px\" \/>\t\t\t\t\t\t\t\t\t\t\t\t\t\t\t<\/div>\n\t\t\t\t<\/div>\n\t\t\t\t<section class=\"elementor-section elementor-inner-section elementor-element elementor-element-bea269b elementor-section-boxed elementor-section-height-default elementor-section-height-default\" data-id=\"bea269b\" data-element_type=\"section\" data-e-type=\"section\">\n\t\t\t\t\t\t<div class=\"elementor-container elementor-column-gap-default\">\n\t\t\t\t\t<div class=\"elementor-column elementor-col-100 elementor-inner-column elementor-element elementor-element-00b2925\" data-id=\"00b2925\" data-element_type=\"column\" data-e-type=\"column\">\n\t\t\t<div class=\"elementor-widget-wrap elementor-element-populated\">\n\t\t\t\t\t\t<div class=\"elementor-element elementor-element-8a950ff elementor-widget__width-initial elementor-absolute elementor-widget elementor-widget-text-editor\" data-id=\"8a950ff\" data-element_type=\"widget\" data-e-type=\"widget\" data-settings=\"{&quot;_position&quot;:&quot;absolute&quot;}\" data-widget_type=\"text-editor.default\">\n\t\t\t\t<div class=\"elementor-widget-container\">\n\t\t\t\t\t\t\t\t\t<p>\u0645\u0639 AMATAB&amp;CO\u060c \u064a\u0645\u0643\u0646\u0643 \u0623\u0646 \u062a\u0637\u0645\u0626\u0646 \u0625\u0644\u0649 \u0623\u0646 \u0637\u0627\u0642\u0645\u0643 \u0633\u064a\u0634\u0639\u0631 \u0648\u0643\u0623\u0646\u0647 \u0641\u064a \u0627\u0644\u0645\u0646\u0632\u0644\u060c \u062d\u062a\u0649 \u0641\u064a \u0648\u0633\u0637 \u0627\u0644\u0645\u062d\u064a\u0637\u060c \u0641\u064a \u0628\u064a\u0626\u0629 \u0646\u0638\u064a\u0641\u0629 \u0648\u0645\u0631\u064a\u062d\u0629 \u0648\u0635\u064a\u0627\u0646\u0629 \u062c\u064a\u062f\u0629.<\/p>\t\t\t\t\t\t\t\t<\/div>\n\t\t\t\t<\/div>\n\t\t\t\t\t<\/div>\n\t\t<\/div>\n\t\t\t\t\t<\/div>\n\t\t<\/section>\n\t\t\t\t\t<\/div>\n\t\t<\/div>\n\t\t\t\t<div class=\"elementor-column elementor-col-33 elementor-top-column elementor-element elementor-element-7df7649\" data-id=\"7df7649\" data-element_type=\"column\" data-e-type=\"column\">\n\t\t\t<div class=\"elementor-widget-wrap elementor-element-populated\">\n\t\t\t\t\t\t<div class=\"elementor-element elementor-element-0f6a8bc elementor-widget__width-initial elementor-widget-mobile__width-initial elementor-widget elementor-widget-image\" data-id=\"0f6a8bc\" data-element_type=\"widget\" data-e-type=\"widget\" data-widget_type=\"image.default\">\n\t\t\t\t<div class=\"elementor-widget-container\">\n\t\t\t\t\t\t\t\t\t\t\t\t\t\t\t<img decoding=\"async\" width=\"1024\" height=\"683\" src=\"https:\/\/amatab.com\/wp-content\/uploads\/2023\/11\/jeune-femme-chambre-hotel-debout-tenant-serviettes-propres-fraiches-1024x683.jpg\" class=\"attachment-large size-large wp-image-6643\" alt=\"\" srcset=\"https:\/\/amatab.com\/wp-content\/uploads\/2023\/11\/jeune-femme-chambre-hotel-debout-tenant-serviettes-propres-fraiches-1024x683.jpg 1024w, https:\/\/amatab.com\/wp-content\/uploads\/2023\/11\/jeune-femme-chambre-hotel-debout-tenant-serviettes-propres-fraiches-300x200.jpg 300w, https:\/\/amatab.com\/wp-content\/uploads\/2023\/11\/jeune-femme-chambre-hotel-debout-tenant-serviettes-propres-fraiches-768x513.jpg 768w, https:\/\/amatab.com\/wp-content\/uploads\/2023\/11\/jeune-femme-chambre-hotel-debout-tenant-serviettes-propres-fraiches-1536x1025.jpg 1536w, https:\/\/amatab.com\/wp-content\/uploads\/2023\/11\/jeune-femme-chambre-hotel-debout-tenant-serviettes-propres-fraiches-2048x1367.jpg 2048w, https:\/\/amatab.com\/wp-content\/uploads\/2023\/11\/jeune-femme-chambre-hotel-debout-tenant-serviettes-propres-fraiches-1320x881.jpg 1320w, https:\/\/amatab.com\/wp-content\/uploads\/2023\/11\/jeune-femme-chambre-hotel-debout-tenant-serviettes-propres-fraiches-600x400.jpg 600w\" sizes=\"(max-width: 1024px) 100vw, 1024px\" \/>\t\t\t\t\t\t\t\t\t\t\t\t\t\t\t<\/div>\n\t\t\t\t<\/div>\n\t\t\t\t<div class=\"elementor-element elementor-element-77bb2d1 elementor-widget elementor-widget-text-editor\" data-id=\"77bb2d1\" data-element_type=\"widget\" data-e-type=\"widget\" data-widget_type=\"text-editor.default\">\n\t\t\t\t<div class=\"elementor-widget-container\">\n\t\t\t\t\t\t\t\t\t<p>\u0639\u0644\u0649 \u0645\u062a\u0646 \u0627\u0644\u0637\u0627\u0626\u0631\u0629\u060c \u0633\u062a\u062c\u062f \u0643\u0628\u0627\u0626\u0646 \u0645\u0631\u064a\u062d\u0629 \u0645\u0635\u0645\u0645\u0629 \u0644\u0627\u0633\u062a\u0639\u0627\u062f\u0629 \u0627\u0644\u062c\u0648\u062f\u0629. \u064a\u0636\u0645\u0646 \u0645\u0648\u0638\u0641\u0648\u0646\u0627 \u0627\u0644\u0645\u062a\u0641\u0627\u0646\u0648\u0646 \u0627\u0644\u0646\u0638\u0627\u0641\u0629 \u0627\u0644\u062a\u064a \u0644\u0627 \u062a\u0634\u0648\u0628\u0647\u0627 \u0634\u0627\u0626\u0628\u0629 \u0641\u064a \u0627\u0644\u0645\u0646\u0627\u0637\u0642 \u0627\u0644\u0645\u0634\u062a\u0631\u0643\u0629 \u0648\u0643\u0644 \u0645\u0642\u0635\u0648\u0631\u0629\u060c \u0645\u0645\u0627 \u064a\u0648\u0641\u0631 \u0628\u064a\u0626\u0629 \u0644\u0627 \u062a\u0634\u0648\u0628\u0647\u0627 \u0634\u0627\u0626\u0628\u0629. \u064a\u0639\u062f \u0627\u0644\u0637\u0647\u0627\u0629 \u0627\u0644\u0645\u0648\u0647\u0648\u0628\u0648\u0646 \u0648\u062c\u0628\u0627\u062a \u0644\u0630\u064a\u0630\u0629 \u0645\u0635\u0645\u0645\u0629 \u062e\u0635\u064a\u0635\u064b\u0627 \u0644\u062a\u0641\u0636\u064a\u0644\u0627\u062a \u0627\u0644\u0637\u0627\u0642\u0645 \u0645\u0639 \u0645\u062c\u0645\u0648\u0639\u0629 \u0645\u062a\u0646\u0648\u0639\u0629 \u0645\u0646 \u0627\u0644\u062e\u064a\u0627\u0631\u0627\u062a \u0644\u0643\u0644 \u0648\u062c\u0628\u0629.<\/p>\t\t\t\t\t\t\t\t<\/div>\n\t\t\t\t<\/div>\n\t\t\t\t\t<\/div>\n\t\t<\/div>\n\t\t\t\t<div class=\"elementor-column elementor-col-33 elementor-top-column elementor-element elementor-element-de29bf2\" data-id=\"de29bf2\" data-element_type=\"column\" data-e-type=\"column\">\n\t\t\t<div class=\"elementor-widget-wrap elementor-element-populated\">\n\t\t\t\t\t\t<div class=\"elementor-element elementor-element-7e5f098 elementor-widget__width-initial elementor-widget elementor-widget-transx_links_list\" data-id=\"7e5f098\" data-element_type=\"widget\" data-e-type=\"widget\" data-widget_type=\"transx_links_list.default\">\n\t\t\t\t<div class=\"elementor-widget-container\">\n\t\t\t\t\t\n        <div class=\"transx_links_list_widget\">\n            <div class=\"transx_links_list_wrapper transx_view_type_2\">\n                <h5 class=\"transx_links_list_title\">\u062e\u062f\u0645\u0627\u062a \u0623\u062e\u0631\u0649<\/h5>\n\n                                            <a class=\"transx_links_list_item\" href=\"https:\/\/amatab.com\/ar\/armateur\/services-medicaux\/\" >\n                                <img decoding=\"async\" class=\"transx_img--bg\" src=\"http:\/\/amatab.com\/wp-content\/uploads\/2023\/11\/jeune-beau-medecin-dans-peignoir-medical-stethoscope-scaled.jpg\" alt=\"Background Image\" \/>\n                                <h6>\u0627\u0644\u062e\u062f\u0645\u0627\u062a \u0627\u0644\u0635\u062d\u064a\u0629<\/h6>\n                                <span class=\"transx_links_list_counter\">01<\/span>\n                            <\/a>\n                                                        <a class=\"transx_links_list_item\" href=\"https:\/\/amatab.com\/ar\/armateur\/approvisionnement-alimentaire\/\" >\n                                <img decoding=\"async\" class=\"transx_img--bg\" src=\"http:\/\/amatab.com\/wp-content\/uploads\/2023\/11\/collection-allergenes-alimentaires-courants-pour-personnes-scaled.jpg\" alt=\"Background Image\" \/>\n                                <h6>\u062a\u0648\u0641\u064a\u0631 \u0627\u0644\u0637\u0639\u0627\u0645<\/h6>\n                                <span class=\"transx_links_list_counter\">02<\/span>\n                            <\/a>\n                                                        <a class=\"transx_links_list_item\" href=\"https:\/\/amatab.com\/ar\/armateur\/protection-des-equipes-2\/\" >\n                                <img decoding=\"async\" class=\"transx_img--bg\" src=\"http:\/\/amatab.com\/wp-content\/uploads\/2023\/11\/heartbeat-healthcare-life-health-cardiogram-concept-scaled.jpg\" alt=\"Background Image\" \/>\n                                <h6>\u062d\u0645\u0627\u064a\u0629 \u0627\u0644\u0641\u0631\u064a\u0642<\/h6>\n                                <span class=\"transx_links_list_counter\">03<\/span>\n                            <\/a>\n                                                        <a class=\"transx_links_list_item\" href=\"https:\/\/amatab.com\/ar\/armateur\/services-de-transport\/\" >\n                                <img decoding=\"async\" class=\"transx_img--bg\" src=\"http:\/\/amatab.com\/wp-content\/uploads\/2023\/11\/yacht-luxe-navigue-vers-coucher-du-soleil-eau-generee-par-ia-scaled.jpg\" alt=\"Background Image\" \/>\n                                <h6>\u062e\u062f\u0645\u0627\u062a \u0646\u0642\u0644<\/h6>\n                                <span class=\"transx_links_list_counter\">04<\/span>\n                            <\/a>\n                                                            <\/div>\n        <\/div>\n\n        \t\t\t\t<\/div>\n\t\t\t\t<\/div>\n\t\t\t\t<div class=\"elementor-element elementor-element-ebe9ae9 elementor-widget__width-initial elementor-widget elementor-widget-html\" data-id=\"ebe9ae9\" data-element_type=\"widget\" data-e-type=\"widget\" data-widget_type=\"html.default\">\n\t\t\t\t<div class=\"elementor-widget-container\">\n\t\t\t\t\t<div class=\"transx_contact-trigger transx_contact-trigger--style-2\">\n\n\n\t<h4 class=\"transx_contact-trigger__title\">\u0647\u0644 \u062a\u062d\u062a\u0627\u062c \u0625\u0644\u0649 \u0639\u0631\u0636 \u0623\u0633\u0639\u0627\u0631 \u061f<\/h4>\n\n\t<p class=\"transx_contact-trigger__text\">\u0646\u062d\u0646 \u0647\u0646\u0627 \u0644\u062a\u0632\u0648\u064a\u062f\u0643 \u0628\u0633\u0631\u0639\u0629 \u0628\u0645\u0639\u0644\u0648\u0645\u0627\u062a \u0645\u0641\u0635\u0644\u0629 \u062d\u0648\u0644 \u0623\u0633\u0639\u0627\u0631\u0646\u0627<\/p>\n\n\t<a class=\"transx_button\" href=\"https:\/\/amatab.com\/ar\/armateur\/services-hoteliers\/obtenir-un-devis\/\">\n\t\t<span>\u0644\u0644\u062d\u0635\u0648\u0644 \u0639\u0644\u0649 \u0639\u0631\u0636 \u0623\u0633\u0639\u0627\u0631<\/span>\n\t\t<svg class=\"icon\">\n\t\t\t<svg viewbox=\"0 0 150 78.6\" xmlns=\"http:\/\/www.w3.org\/2000\/svg\"><path d=\"M0 31.5h150v12.7H0V31.5zM112.8-.1l30.9 31.5-8.8 9L104 8.9l8.8-9zm18.1 51l-18.4 18.8 8.9 9 18.4-18.8-8.9-9z\"\/><\/svg>\n\t\t<\/svg>\n\t<\/a>\n<\/div>\t\t\t\t<\/div>\n\t\t\t\t<\/div>\n\t\t\t\t\t<\/div>\n\t\t<\/div>\n\t\t\t\t\t<\/div>\n\t\t<\/section>\n\t\t\t\t<\/div>","protected":false},"excerpt":{"rendered":"<p>Chez AMATAB &amp; Co, nous sommes conscients que le confort et le bien-\u00eatre de l\u2019\u00e9quipage influent sur leur motivation et leur productivit\u00e9 et par cons\u00e9quent sur le succ\u00e8s de toute mission en mer. C&rsquo;est pourquoi nous avons d\u00e9velopp\u00e9 une gamme de services h\u00f4teliers con\u00e7us pour leur cr\u00e9er une atmosph\u00e8re soign\u00e9e et leur offrir un confort [&hellip;]<\/p>\n","protected":false},"author":5,"featured_media":1275,"parent":2572,"menu_order":60,"comment_status":"closed","ping_status":"closed","template":"","meta":{"om_disable_all_campaigns":false,"_uf_show_specific_survey":0,"_uf_disable_surveys":false,"footnotes":""},"folder":[],"class_list":["post-6400","page","type-page","status-publish","has-post-thumbnail","hentry"],"aioseo_notices":[],"_links":{"self":[{"href":"https:\/\/amatab.com\/ar\/wp-json\/wp\/v2\/pages\/6400","targetHints":{"allow":["GET"]}}],"collection":[{"href":"https:\/\/amatab.com\/ar\/wp-json\/wp\/v2\/pages"}],"about":[{"href":"https:\/\/amatab.com\/ar\/wp-json\/wp\/v2\/types\/page"}],"author":[{"embeddable":true,"href":"https:\/\/amatab.com\/ar\/wp-json\/wp\/v2\/users\/5"}],"replies":[{"embeddable":true,"href":"https:\/\/amatab.com\/ar\/wp-json\/wp\/v2\/comments?post=6400"}],"version-history":[{"count":94,"href":"https:\/\/amatab.com\/ar\/wp-json\/wp\/v2\/pages\/6400\/revisions"}],"predecessor-version":[{"id":16237,"href":"https:\/\/amatab.com\/ar\/wp-json\/wp\/v2\/pages\/6400\/revisions\/16237"}],"up":[{"embeddable":true,"href":"https:\/\/amatab.com\/ar\/wp-json\/wp\/v2\/pages\/2572"}],"wp:featuredmedia":[{"embeddable":true,"href":"https:\/\/amatab.com\/ar\/wp-json\/wp\/v2\/media\/1275"}],"wp:attachment":[{"href":"https:\/\/amatab.com\/ar\/wp-json\/wp\/v2\/media?parent=6400"}],"wp:term":[{"taxonomy":"folder","embeddable":true,"href":"https:\/\/amatab.com\/ar\/wp-json\/wp\/v2\/folder?post=6400"}],"curies":[{"name":"wp","href":"https:\/\/api.w.org\/{rel}","templated":true}]}}