{"id":6454,"date":"2023-10-31T11:22:40","date_gmt":"2023-10-31T10:22:40","guid":{"rendered":"https:\/\/amatab.com\/?page_id=6454"},"modified":"2024-01-25T10:49:01","modified_gmt":"2024-01-25T09:49:01","slug":"solution-radar-naval","status":"publish","type":"page","link":"https:\/\/amatab.com\/ar\/armateur\/solution-radar-naval\/","title":{"rendered":"\u062d\u0644\u0648\u0644 \u0627\u0644\u0631\u0627\u062f\u0627\u0631 \u0627\u0644\u0628\u062d\u0631\u064a"},"content":{"rendered":"<div data-elementor-type=\"wp-page\" data-elementor-id=\"6454\" class=\"elementor elementor-6454\" data-elementor-post-type=\"page\">\n\t\t\t\t\t\t<section class=\"elementor-section elementor-top-section elementor-element elementor-element-c70d149 elementor-section-boxed elementor-section-height-default elementor-section-height-default\" data-id=\"c70d149\" data-element_type=\"section\" data-e-type=\"section\">\n\t\t\t\t\t\t<div class=\"elementor-container elementor-column-gap-default\">\n\t\t\t\t\t<div class=\"elementor-column elementor-col-50 elementor-top-column elementor-element elementor-element-ef4ae4c\" data-id=\"ef4ae4c\" data-element_type=\"column\" data-e-type=\"column\">\n\t\t\t<div class=\"elementor-widget-wrap elementor-element-populated\">\n\t\t\t\t\t\t<section class=\"elementor-section elementor-inner-section elementor-element elementor-element-02928ef elementor-section-boxed elementor-section-height-default elementor-section-height-default\" data-id=\"02928ef\" data-element_type=\"section\" data-e-type=\"section\">\n\t\t\t\t\t\t<div class=\"elementor-container elementor-column-gap-default\">\n\t\t\t\t\t<div class=\"elementor-column elementor-col-100 elementor-inner-column elementor-element elementor-element-2f4bf37\" data-id=\"2f4bf37\" data-element_type=\"column\" data-e-type=\"column\">\n\t\t\t<div class=\"elementor-widget-wrap elementor-element-populated\">\n\t\t\t\t\t\t<div class=\"elementor-element elementor-element-b5c2d15 elementor-widget__width-initial elementor-widget elementor-widget-text-editor\" data-id=\"b5c2d15\" data-element_type=\"widget\" data-e-type=\"widget\" data-widget_type=\"text-editor.default\">\n\t\t\t\t<div class=\"elementor-widget-container\">\n\t\t\t\t\t\t\t\t\t<p>\u064a\u0645\u062a\u062f \u0627\u0644\u062a\u0632\u0627\u0645\u0646\u0627 \u0628\u0627\u0644\u0625\u062f\u0627\u0631\u0629 \u0627\u0644\u0641\u0646\u064a\u0629 \u0625\u0644\u0649 \u0633\u0644\u0627\u0645\u0629 \u0633\u0641\u064a\u0646\u062a\u0643. \u0644\u0647\u0630\u0627 \u0627\u0644\u0633\u0628\u0628 \u0627\u062e\u062a\u0631\u0646\u0627 \u0627\u0644\u0631\u0627\u062f\u0627\u0631 \u0627\u0644\u0628\u062d\u0631\u064a \u0643\u062d\u0644 \u0639\u0644\u0649 \u0623\u062d\u062f\u062b \u0637\u0631\u0627\u0632 \u0644\u0636\u0645\u0627\u0646 \u0627\u0644\u0645\u0631\u0627\u0642\u0628\u0629 \u0648\u0627\u0644\u0645\u0644\u0627\u062d\u0629 \u0627\u0644\u0622\u0645\u0646\u062a\u064a\u0646 \u0641\u064a \u0627\u0644\u0628\u062d\u0631.<\/p>\t\t\t\t\t\t\t\t<\/div>\n\t\t\t\t<\/div>\n\t\t\t\t\t<\/div>\n\t\t<\/div>\n\t\t\t\t\t<\/div>\n\t\t<\/section>\n\t\t\t\t<section class=\"elementor-section elementor-inner-section elementor-element elementor-element-a48d48a elementor-section-boxed elementor-section-height-default elementor-section-height-default\" data-id=\"a48d48a\" data-element_type=\"section\" data-e-type=\"section\">\n\t\t\t\t\t\t<div class=\"elementor-container elementor-column-gap-default\">\n\t\t\t\t\t<div class=\"elementor-column elementor-col-100 elementor-inner-column elementor-element elementor-element-74a317d\" data-id=\"74a317d\" data-element_type=\"column\" data-e-type=\"column\">\n\t\t\t<div class=\"elementor-widget-wrap elementor-element-populated\">\n\t\t\t\t\t\t<div class=\"elementor-element elementor-element-56e71c9 elementor-widget elementor-widget-image\" data-id=\"56e71c9\" data-element_type=\"widget\" data-e-type=\"widget\" data-widget_type=\"image.default\">\n\t\t\t\t<div class=\"elementor-widget-container\">\n\t\t\t\t\t\t\t\t\t\t\t\t\t\t\t<img fetchpriority=\"high\" decoding=\"async\" width=\"1024\" height=\"700\" src=\"https:\/\/amatab.com\/wp-content\/uploads\/2023\/11\/csm_HENSOLDT_Quadome_radar_graphic_web_50955a220c-1024x700.jpg\" class=\"attachment-large size-large wp-image-6693\" alt=\"\" srcset=\"https:\/\/amatab.com\/wp-content\/uploads\/2023\/11\/csm_HENSOLDT_Quadome_radar_graphic_web_50955a220c-1024x700.jpg 1024w, https:\/\/amatab.com\/wp-content\/uploads\/2023\/11\/csm_HENSOLDT_Quadome_radar_graphic_web_50955a220c-300x205.jpg 300w, https:\/\/amatab.com\/wp-content\/uploads\/2023\/11\/csm_HENSOLDT_Quadome_radar_graphic_web_50955a220c-768x525.jpg 768w, https:\/\/amatab.com\/wp-content\/uploads\/2023\/11\/csm_HENSOLDT_Quadome_radar_graphic_web_50955a220c-1536x1050.jpg 1536w, https:\/\/amatab.com\/wp-content\/uploads\/2023\/11\/csm_HENSOLDT_Quadome_radar_graphic_web_50955a220c-1320x903.jpg 1320w, https:\/\/amatab.com\/wp-content\/uploads\/2023\/11\/csm_HENSOLDT_Quadome_radar_graphic_web_50955a220c-600x410.jpg 600w, https:\/\/amatab.com\/wp-content\/uploads\/2023\/11\/csm_HENSOLDT_Quadome_radar_graphic_web_50955a220c.jpg 1936w\" sizes=\"(max-width: 1024px) 100vw, 1024px\" \/>\t\t\t\t\t\t\t\t\t\t\t\t\t\t\t<\/div>\n\t\t\t\t<\/div>\n\t\t\t\t\t<\/div>\n\t\t<\/div>\n\t\t\t\t\t<\/div>\n\t\t<\/section>\n\t\t\t\t<section class=\"elementor-section elementor-inner-section elementor-element elementor-element-0343802 elementor-section-boxed elementor-section-height-default elementor-section-height-default\" data-id=\"0343802\" data-element_type=\"section\" data-e-type=\"section\">\n\t\t\t\t\t\t<div class=\"elementor-container elementor-column-gap-default\">\n\t\t\t\t\t<div class=\"elementor-column elementor-col-50 elementor-inner-column elementor-element elementor-element-09131f1\" data-id=\"09131f1\" data-element_type=\"column\" data-e-type=\"column\">\n\t\t\t<div class=\"elementor-widget-wrap elementor-element-populated\">\n\t\t\t\t\t\t<div class=\"elementor-element elementor-element-2f9cafb elementor-widget elementor-widget-text-editor\" data-id=\"2f9cafb\" data-element_type=\"widget\" data-e-type=\"widget\" data-widget_type=\"text-editor.default\">\n\t\t\t\t<div class=\"elementor-widget-container\">\n\t\t\t\t\t\t\t\t\t<p>\u062a\u0636\u0645\u0646 \u0647\u0630\u0647 \u0627\u0644\u062a\u0642\u0646\u064a\u0629 \u0627\u0644\u0643\u0634\u0641 \u0627\u0644\u062f\u0642\u064a\u0642 \u0639\u0646 \u0627\u0644\u0639\u0642\u0628\u0627\u062a \u0648\u0627\u0644\u0633\u0641\u0646 \u0648\u0627\u0644\u0638\u0631\u0648\u0641 \u0627\u0644\u062c\u0648\u064a\u0629\u060c \u0645\u0645\u0627 \u064a\u0633\u0645\u062d \u0644\u0637\u0627\u0642\u0645\u0643 \u0628\u0627\u0644\u062a\u0646\u0642\u0644 \u0628\u062b\u0642\u0629 \u062d\u062a\u0649 \u0641\u064a \u0627\u0644\u0638\u0631\u0648\u0641 \u0627\u0644\u0635\u0639\u0628\u0629.<\/p>\t\t\t\t\t\t\t\t<\/div>\n\t\t\t\t<\/div>\n\t\t\t\t<div class=\"elementor-element elementor-element-9555611 elementor-widget elementor-widget-text-editor\" data-id=\"9555611\" data-element_type=\"widget\" data-e-type=\"widget\" data-widget_type=\"text-editor.default\">\n\t\t\t\t<div class=\"elementor-widget-container\">\n\t\t\t\t\t\t\t\t\t<p>\u064a\u062a\u0636\u0645\u0646 \u0647\u0630\u0627 \u0627\u0644\u062d\u0644 \u0623\u0646\u0638\u0645\u0629 \u0645\u0631\u0627\u0642\u0628\u0629 \u062d\u062f\u064a\u062b\u0629 \u062a\u0636\u0645\u0646 \u0627\u0644\u0643\u0634\u0641 \u0627\u0644\u0645\u0628\u0643\u0631 \u0639\u0646 \u0627\u0644\u062a\u0647\u062f\u064a\u062f\u0627\u062a \u0627\u0644\u0645\u062d\u062a\u0645\u0644\u0629\u060c \u0645\u0645\u0627 \u064a\u0633\u0627\u0647\u0645 \u0641\u064a \u0633\u0644\u0627\u0645\u0629 \u0633\u0641\u064a\u0646\u062a\u0643 \u0648\u0637\u0627\u0642\u0645\u0647\u0627. \u0628\u0627\u0644\u0625\u0636\u0627\u0641\u0629 \u0625\u0644\u0649 \u0630\u0644\u0643\u060c \u064a\u0636\u0645\u0646 \u0641\u0631\u064a\u0642\u0646\u0627 \u0627\u0644\u0641\u0646\u064a \u0627\u0644\u0645\u0624\u0647\u0644 \u0627\u0633\u062a\u0645\u0631\u0627\u0631 \u0627\u0644\u062a\u0631\u0643\u064a\u0628 \u0648\u0627\u0644\u0635\u064a\u0627\u0646\u0629 \u0648\u0627\u0644\u062f\u0639\u0645 \u0644\u0647\u0630\u0647 \u0627\u0644\u0623\u0646\u0638\u0645\u0629 \u0644\u0636\u0645\u0627\u0646 \u0627\u0644\u062a\u0634\u063a\u064a\u0644 \u0627\u0644\u0623\u0645\u062b\u0644 \u0644\u0647\u0627.<\/p><p>\u062a\u0645 \u062a\u0635\u0645\u064a\u0645 \u0643\u0644 \u0634\u064a\u0621 \u0644\u062a\u0644\u0628\u064a\u0629 \u0627\u0644\u0627\u062d\u062a\u064a\u0627\u062c\u0627\u062a \u0627\u0644\u0645\u062d\u062f\u062f\u0629 \u0644\u0643\u0644 \u0633\u0641\u064a\u0646\u0629\u060c \u0645\u0645\u0627 \u064a\u0648\u0641\u0631 \u0645\u0631\u0627\u0642\u0628\u0629 \u0645\u0648\u062b\u0648\u0642\u0629 \u0641\u064a \u0627\u0644\u0648\u0642\u062a \u0627\u0644\u0641\u0639\u0644\u064a \u0644\u0644\u0645\u0644\u0627\u062d\u0629 \u0627\u0644\u0622\u0645\u0646\u0629.<\/p>\t\t\t\t\t\t\t\t<\/div>\n\t\t\t\t<\/div>\n\t\t\t\t\t<\/div>\n\t\t<\/div>\n\t\t\t\t<div class=\"elementor-column elementor-col-50 elementor-inner-column elementor-element elementor-element-74fa621\" data-id=\"74fa621\" data-element_type=\"column\" data-e-type=\"column\">\n\t\t\t<div class=\"elementor-widget-wrap elementor-element-populated\">\n\t\t\t\t\t\t<div class=\"elementor-element elementor-element-01ed6f2 elementor-widget elementor-widget-image\" data-id=\"01ed6f2\" data-element_type=\"widget\" data-e-type=\"widget\" data-widget_type=\"image.default\">\n\t\t\t\t<div class=\"elementor-widget-container\">\n\t\t\t\t\t\t\t\t\t\t\t\t\t\t\t<img decoding=\"async\" width=\"768\" height=\"1360\" src=\"https:\/\/amatab.com\/wp-content\/uploads\/2023\/11\/32784-768x1360.webp\" class=\"attachment-medium_large size-medium_large wp-image-6695\" alt=\"\" srcset=\"https:\/\/amatab.com\/wp-content\/uploads\/2023\/11\/32784-768x1360.webp 768w, https:\/\/amatab.com\/wp-content\/uploads\/2023\/11\/32784-169x300.webp 169w, https:\/\/amatab.com\/wp-content\/uploads\/2023\/11\/32784-578x1024.webp 578w, https:\/\/amatab.com\/wp-content\/uploads\/2023\/11\/32784-868x1536.webp 868w, https:\/\/amatab.com\/wp-content\/uploads\/2023\/11\/32784-1157x2048.webp 1157w, https:\/\/amatab.com\/wp-content\/uploads\/2023\/11\/32784-1320x2337.webp 1320w, https:\/\/amatab.com\/wp-content\/uploads\/2023\/11\/32784-600x1062.webp 600w, https:\/\/amatab.com\/wp-content\/uploads\/2023\/11\/32784-scaled.webp 1446w\" sizes=\"(max-width: 768px) 100vw, 768px\" \/>\t\t\t\t\t\t\t\t\t\t\t\t\t\t\t<\/div>\n\t\t\t\t<\/div>\n\t\t\t\t\t<\/div>\n\t\t<\/div>\n\t\t\t\t\t<\/div>\n\t\t<\/section>\n\t\t\t\t\t<\/div>\n\t\t<\/div>\n\t\t\t\t<div class=\"elementor-column elementor-col-50 elementor-top-column elementor-element elementor-element-37b8505\" data-id=\"37b8505\" data-element_type=\"column\" data-e-type=\"column\">\n\t\t\t<div class=\"elementor-widget-wrap elementor-element-populated\">\n\t\t\t\t\t\t<div class=\"elementor-element elementor-element-123e114 elementor-widget__width-initial elementor-widget elementor-widget-transx_links_list\" data-id=\"123e114\" data-element_type=\"widget\" data-e-type=\"widget\" data-widget_type=\"transx_links_list.default\">\n\t\t\t\t<div class=\"elementor-widget-container\">\n\t\t\t\t\t\n        <div class=\"transx_links_list_widget\">\n            <div class=\"transx_links_list_wrapper transx_view_type_2\">\n                <h5 class=\"transx_links_list_title\">\u062e\u062f\u0645\u0627\u062a \u0623\u062e\u0631\u0649<\/h5>\n\n                                            <a class=\"transx_links_list_item\" href=\"https:\/\/amatab.com\/ar\/armateur\/reparation-des-citernes-et-navires\/\" >\n                                <img decoding=\"async\" class=\"transx_img--bg\" src=\"http:\/\/amatab.com\/wp-content\/uploads\/2023\/11\/specialiste-mecanique-barbu-tatoue-brutal-repare-moteur-voiture-qui-est-souleve-ascenseur-hydraulique-dans-garage-station-service-scaled.jpg\" alt=\"Background Image\" \/>\n                                <h6>\u0625\u0635\u0644\u0627\u062d \u0627\u0644\u062e\u0632\u0627\u0646\u0627\u062a \u0648\u0627\u0644\u0633\u0641\u0646<\/h6>\n                                <span class=\"transx_links_list_counter\">01<\/span>\n                            <\/a>\n                                                        <a class=\"transx_links_list_item\" href=\"https:\/\/amatab.com\/ar\/armateur\/pieces-de-rechange\/\" >\n                                <img decoding=\"async\" class=\"transx_img--bg\" src=\"http:\/\/amatab.com\/wp-content\/uploads\/2023\/11\/close-up-engrenages-fer-scaled.jpg\" alt=\"Background Image\" \/>\n                                <h6>\u0642\u0637\u0639 \u063a\u064a\u0627\u0631<\/h6>\n                                <span class=\"transx_links_list_counter\">02<\/span>\n                            <\/a>\n                                                        <a class=\"transx_links_list_item\" href=\"https:\/\/amatab.com\/ar\/armateur\/suivi-performance\/\" >\n                                <img decoding=\"async\" class=\"transx_img--bg\" src=\"http:\/\/amatab.com\/wp-content\/uploads\/2023\/11\/soleil-brille-roue-bois-tenue-par-homme-scaled.jpg\" alt=\"Background Image\" \/>\n                                <h6>\u0645\u0631\u0627\u0642\u0628\u0629 \u0627\u0644\u0627\u062f\u0627\u0621<\/h6>\n                                <span class=\"transx_links_list_counter\">03<\/span>\n                            <\/a>\n                                                        <a class=\"transx_links_list_item\" href=\"https:\/\/amatab.com\/ar\/armateur\/maintenance-des-navires\/\" >\n                                <img decoding=\"async\" class=\"transx_img--bg\" src=\"http:\/\/amatab.com\/wp-content\/uploads\/2023\/11\/combinez-service-machine-mecanicien-reparant-moteur-exterieur-scaled.jpg\" alt=\"Background Image\" \/>\n                                <h6>\u0635\u064a\u0627\u0646\u0629 \u0627\u0644\u0633\u0641\u0646<\/h6>\n                                <span class=\"transx_links_list_counter\">04<\/span>\n                            <\/a>\n                                                            <\/div>\n        <\/div>\n\n        \t\t\t\t<\/div>\n\t\t\t\t<\/div>\n\t\t\t\t<div class=\"elementor-element elementor-element-bcc9673 elementor-widget__width-initial elementor-widget elementor-widget-html\" data-id=\"bcc9673\" data-element_type=\"widget\" data-e-type=\"widget\" data-widget_type=\"html.default\">\n\t\t\t\t<div class=\"elementor-widget-container\">\n\t\t\t\t\t<div class=\"transx_contact-trigger transx_contact-trigger--style-2\">\n\n\n\t<h4 class=\"transx_contact-trigger__title\">\u0647\u0644 \u062a\u062d\u062a\u0627\u062c \u0625\u0644\u0649 \u0639\u0631\u0636 \u0623\u0633\u0639\u0627\u0631 \u061f<\/h4>\n\n\t<p class=\"transx_contact-trigger__text\">\u0646\u062d\u0646 \u0647\u0646\u0627 \u0644\u062a\u0632\u0648\u064a\u062f\u0643 \u0628\u0633\u0631\u0639\u0629 \u0628\u0645\u0639\u0644\u0648\u0645\u0627\u062a \u0645\u0641\u0635\u0644\u0629 \u062d\u0648\u0644 \u0623\u0633\u0639\u0627\u0631\u0646\u0627<\/p>\n\n\t<a class=\"transx_button\" href=\"https:\/\/amatab.com\/ar\/armateur\/solution-radar-naval\/obtenir-un-devis\/\">\n\t\t<span>\u0644\u0644\u062d\u0635\u0648\u0644 \u0639\u0644\u0649 \u0639\u0631\u0636 \u0623\u0633\u0639\u0627\u0631<\/span>\n\t\t<svg class=\"icon\">\n\t\t\t<svg viewbox=\"0 0 150 78.6\" xmlns=\"http:\/\/www.w3.org\/2000\/svg\"><path d=\"M0 31.5h150v12.7H0V31.5zM112.8-.1l30.9 31.5-8.8 9L104 8.9l8.8-9zm18.1 51l-18.4 18.8 8.9 9 18.4-18.8-8.9-9z\"\/><\/svg>\n\t\t<\/svg>\n\t<\/a>\n<\/div>\t\t\t\t<\/div>\n\t\t\t\t<\/div>\n\t\t\t\t\t<\/div>\n\t\t<\/div>\n\t\t\t\t\t<\/div>\n\t\t<\/section>\n\t\t\t\t<\/div>","protected":false},"excerpt":{"rendered":"<p>Notre engagement envers la gestion technique s&rsquo;\u00e9tend \u00e0 la s\u00e9curit\u00e9 de votre navire. C\u2019est pourquoi nous avons choisi le radar naval comme solution de pointe pour garantir une surveillance et une navigation s\u00fbres en mer. Cette technologie assure une d\u00e9tection pr\u00e9cise des obstacles, des navires, et des conditions m\u00e9t\u00e9orologiques, permettant \u00e0 votre \u00e9quipage de naviguer [&hellip;]<\/p>\n","protected":false},"author":5,"featured_media":1275,"parent":2572,"menu_order":37,"comment_status":"closed","ping_status":"closed","template":"","meta":{"om_disable_all_campaigns":false,"_uf_show_specific_survey":0,"_uf_disable_surveys":false,"footnotes":""},"folder":[],"class_list":["post-6454","page","type-page","status-publish","has-post-thumbnail","hentry"],"aioseo_notices":[],"_links":{"self":[{"href":"https:\/\/amatab.com\/ar\/wp-json\/wp\/v2\/pages\/6454","targetHints":{"allow":["GET"]}}],"collection":[{"href":"https:\/\/amatab.com\/ar\/wp-json\/wp\/v2\/pages"}],"about":[{"href":"https:\/\/amatab.com\/ar\/wp-json\/wp\/v2\/types\/page"}],"author":[{"embeddable":true,"href":"https:\/\/amatab.com\/ar\/wp-json\/wp\/v2\/users\/5"}],"replies":[{"embeddable":true,"href":"https:\/\/amatab.com\/ar\/wp-json\/wp\/v2\/comments?post=6454"}],"version-history":[{"count":61,"href":"https:\/\/amatab.com\/ar\/wp-json\/wp\/v2\/pages\/6454\/revisions"}],"predecessor-version":[{"id":16258,"href":"https:\/\/amatab.com\/ar\/wp-json\/wp\/v2\/pages\/6454\/revisions\/16258"}],"up":[{"embeddable":true,"href":"https:\/\/amatab.com\/ar\/wp-json\/wp\/v2\/pages\/2572"}],"wp:featuredmedia":[{"embeddable":true,"href":"https:\/\/amatab.com\/ar\/wp-json\/wp\/v2\/media\/1275"}],"wp:attachment":[{"href":"https:\/\/amatab.com\/ar\/wp-json\/wp\/v2\/media?parent=6454"}],"wp:term":[{"taxonomy":"folder","embeddable":true,"href":"https:\/\/amatab.com\/ar\/wp-json\/wp\/v2\/folder?post=6454"}],"curies":[{"name":"wp","href":"https:\/\/api.w.org\/{rel}","templated":true}]}}