{"id":6514,"date":"2023-10-31T12:27:11","date_gmt":"2023-10-31T11:27:11","guid":{"rendered":"https:\/\/amatab.com\/?page_id=6514"},"modified":"2024-01-22T11:55:34","modified_gmt":"2024-01-22T10:55:34","slug":"services-de-courtage","status":"publish","type":"page","link":"https:\/\/amatab.com\/ar\/armateur\/services-de-courtage\/","title":{"rendered":"\u062e\u062f\u0645\u0627\u062a \u0627\u0644\u0648\u0633\u0627\u0637\u0629"},"content":{"rendered":"<div data-elementor-type=\"wp-page\" data-elementor-id=\"6514\" class=\"elementor elementor-6514\" data-elementor-post-type=\"page\">\n\t\t\t\t\t\t<section class=\"elementor-section elementor-top-section elementor-element elementor-element-adc2552 elementor-section-boxed elementor-section-height-default elementor-section-height-default\" data-id=\"adc2552\" data-element_type=\"section\" data-e-type=\"section\">\n\t\t\t\t\t\t<div class=\"elementor-container elementor-column-gap-default\">\n\t\t\t\t\t<div class=\"elementor-column elementor-col-33 elementor-top-column elementor-element elementor-element-07a880b\" data-id=\"07a880b\" data-element_type=\"column\" data-e-type=\"column\">\n\t\t\t<div class=\"elementor-widget-wrap elementor-element-populated\">\n\t\t\t\t\t\t<div class=\"elementor-element elementor-element-166e0ad elementor-widget elementor-widget-text-editor\" data-id=\"166e0ad\" data-element_type=\"widget\" data-e-type=\"widget\" data-widget_type=\"text-editor.default\">\n\t\t\t\t<div class=\"elementor-widget-container\">\n\t\t\t\t\t\t\t\t\t<p>\u064a\u062a\u0645\u062a\u0639 \u0641\u0631\u064a\u0642 \u0627\u0644\u062e\u0628\u0631\u0627\u0621 \u0644\u062f\u064a\u0646\u0627 \u0628\u0645\u0639\u0631\u0641\u0629 \u0645\u062a\u0639\u0645\u0642\u0629 \u0628\u0627\u0644\u0635\u0646\u0627\u0639\u0629 \u0627\u0644\u0628\u062d\u0631\u064a\u0629\u060c \u0645\u0645\u0627 \u064a\u0633\u0645\u062d \u0644\u0646\u0627 \u0628\u062a\u0642\u062f\u064a\u0645 \u062e\u062f\u0645\u0627\u062a \u0633\u0645\u0633\u0631\u0629 \u0645\u062a\u0637\u0648\u0631\u0629 \u0644\u0643\u060c \u0633\u0648\u0627\u0621 \u0643\u0646\u062a \u0645\u0627\u0644\u0643\u064b\u0627 \u0644\u0644\u0633\u0641\u064a\u0646\u0629 \u0623\u0648 \u0645\u0633\u062a\u0623\u062c\u0631\u064b\u0627 \u0623\u0648 \u0645\u0627\u0644\u0643\u064b\u0627 \u0644\u0644\u0628\u0636\u0627\u0626\u0639.<\/p>\t\t\t\t\t\t\t\t<\/div>\n\t\t\t\t<\/div>\n\t\t\t\t<div class=\"elementor-element elementor-element-fafe666 elementor-widget elementor-widget-text-editor\" data-id=\"fafe666\" data-element_type=\"widget\" data-e-type=\"widget\" data-widget_type=\"text-editor.default\">\n\t\t\t\t<div class=\"elementor-widget-container\">\n\t\t\t\t\t\t\t\t\t<p>\u0646\u0642\u062f\u0645 \u0645\u062c\u0645\u0648\u0639\u0629 \u0643\u0627\u0645\u0644\u0629 \u0645\u0646 \u062e\u062f\u0645\u0627\u062a \u0627\u0644\u0633\u0645\u0633\u0631\u0629 \u0627\u0644\u062a\u064a \u062a\u063a\u0637\u064a \u062c\u0645\u064a\u0639 \u062c\u0648\u0627\u0646\u0628 \u0627\u0644\u0642\u0637\u0627\u0639 \u0627\u0644\u0628\u062d\u0631\u064a. \u0633\u0648\u0627\u0621 \u0643\u0627\u0646 \u0627\u0644\u0623\u0645\u0631 \u064a\u062a\u0639\u0644\u0642 \u0628\u0627\u0633\u062a\u0626\u062c\u0627\u0631 \u0627\u0644\u0633\u0641\u0646 \u0623\u0648 \u0627\u0644\u062a\u0641\u0627\u0648\u0636 \u0639\u0644\u0649 \u0639\u0642\u0648\u062f \u0627\u0644\u0625\u064a\u062c\u0627\u0631 \u0623\u0648 \u0625\u062f\u0627\u0631\u0629 \u0627\u0644\u0628\u0636\u0627\u0626\u0639 \u0623\u0648 \u063a\u064a\u0631\u0647\u0627 \u0645\u0646 \u0627\u0644\u0627\u062d\u062a\u064a\u0627\u062c\u0627\u062a \u0627\u0644\u0645\u062d\u062f\u062f\u0629\u060c \u0641\u0646\u062d\u0646 \u0647\u0646\u0627 \u0644\u062a\u0632\u0648\u064a\u062f\u0643 \u0628\u062d\u0644\u0648\u0644 \u0645\u0635\u0645\u0645\u0629 \u062e\u0635\u064a\u0635\u064b\u0627. \u062a\u062a\u064a\u062d \u0644\u0646\u0627 \u0634\u0628\u0643\u062a\u0646\u0627 \u0627\u0644\u0648\u0627\u0633\u0639\u0629 \u0645\u0646 \u0627\u0644\u0634\u0631\u0643\u0627\u0621 \u0648\u0627\u0644\u0644\u0627\u0639\u0628\u064a\u0646 \u0641\u064a \u0627\u0644\u0635\u0646\u0627\u0639\u0629 \u0627\u0644\u0639\u062b\u0648\u0631 \u0639\u0644\u0649 \u0623\u0641\u0636\u0644 \u0627\u0644\u0641\u0631\u0635 \u0644\u0643.<\/p>\t\t\t\t\t\t\t\t<\/div>\n\t\t\t\t<\/div>\n\t\t\t\t<div class=\"elementor-element elementor-element-0e36657 elementor-widget elementor-widget-text-editor\" data-id=\"0e36657\" data-element_type=\"widget\" data-e-type=\"widget\" data-widget_type=\"text-editor.default\">\n\t\t\t\t<div class=\"elementor-widget-container\">\n\t\t\t\t\t\t\t\t\t<p>\u0633\u064a\u0643\u0648\u0646 \u0641\u0631\u064a\u0642 \u0627\u0644\u062e\u0628\u0631\u0627\u0621 \u0644\u062f\u064a\u0646\u0627 \u0628\u062c\u0627\u0646\u0628\u0643 \u0644\u062a\u0642\u062f\u064a\u0645 \u0627\u0644\u0645\u0634\u0648\u0631\u0629 \u0644\u0643 \u0648\u0625\u0631\u0634\u0627\u062f\u0643 \u062e\u0644\u0627\u0644 \u0643\u0644 \u062e\u0637\u0648\u0629 \u0645\u0646 \u062e\u0637\u0648\u0627\u062a \u0639\u0645\u0644\u064a\u0629 \u0627\u0644\u0648\u0633\u0627\u0637\u0629. \u0646\u0633\u0627\u0639\u062f\u0643 \u0623\u064a\u0636\u064b\u0627 \u0639\u0644\u0649 \u0627\u062a\u062e\u0627\u0630 \u0642\u0631\u0627\u0631\u0627\u062a \u0645\u0633\u062a\u0646\u064a\u0631\u0629 \u0648\u062a\u0639\u0638\u064a\u0645 \u0631\u0628\u062d\u064a\u062a\u0643 \u0648\u062a\u0642\u0644\u064a\u0644 \u0627\u0644\u0645\u062e\u0627\u0637\u0631.<\/p>\t\t\t\t\t\t\t\t<\/div>\n\t\t\t\t<\/div>\n\t\t\t\t\t<\/div>\n\t\t<\/div>\n\t\t\t\t<div class=\"elementor-column elementor-col-33 elementor-top-column elementor-element elementor-element-766d4a4\" data-id=\"766d4a4\" data-element_type=\"column\" data-e-type=\"column\">\n\t\t\t<div class=\"elementor-widget-wrap elementor-element-populated\">\n\t\t\t\t\t\t<div class=\"elementor-element elementor-element-8f43398 elementor-widget elementor-widget-image\" data-id=\"8f43398\" data-element_type=\"widget\" data-e-type=\"widget\" data-widget_type=\"image.default\">\n\t\t\t\t<div class=\"elementor-widget-container\">\n\t\t\t\t\t\t\t\t\t\t\t\t\t\t\t<img fetchpriority=\"high\" decoding=\"async\" width=\"767\" height=\"1024\" src=\"https:\/\/amatab.com\/wp-content\/uploads\/2023\/11\/vue-aerienne-ferry-767x1024.jpg\" class=\"attachment-large size-large wp-image-9701\" alt=\"\" srcset=\"https:\/\/amatab.com\/wp-content\/uploads\/2023\/11\/vue-aerienne-ferry-767x1024.jpg 767w, https:\/\/amatab.com\/wp-content\/uploads\/2023\/11\/vue-aerienne-ferry-225x300.jpg 225w, https:\/\/amatab.com\/wp-content\/uploads\/2023\/11\/vue-aerienne-ferry-768x1025.jpg 768w, https:\/\/amatab.com\/wp-content\/uploads\/2023\/11\/vue-aerienne-ferry-1151x1536.jpg 1151w, https:\/\/amatab.com\/wp-content\/uploads\/2023\/11\/vue-aerienne-ferry-1535x2048.jpg 1535w, https:\/\/amatab.com\/wp-content\/uploads\/2023\/11\/vue-aerienne-ferry-1320x1761.jpg 1320w, https:\/\/amatab.com\/wp-content\/uploads\/2023\/11\/vue-aerienne-ferry-600x801.jpg 600w, https:\/\/amatab.com\/wp-content\/uploads\/2023\/11\/vue-aerienne-ferry-scaled.jpg 1919w\" sizes=\"(max-width: 767px) 100vw, 767px\" \/>\t\t\t\t\t\t\t\t\t\t\t\t\t\t\t<\/div>\n\t\t\t\t<\/div>\n\t\t\t\t\t<\/div>\n\t\t<\/div>\n\t\t\t\t<div class=\"elementor-column elementor-col-33 elementor-top-column elementor-element elementor-element-a3698ac\" data-id=\"a3698ac\" data-element_type=\"column\" data-e-type=\"column\">\n\t\t\t<div class=\"elementor-widget-wrap elementor-element-populated\">\n\t\t\t\t\t\t<div class=\"elementor-element elementor-element-915bc43 elementor-widget__width-initial elementor-widget elementor-widget-transx_links_list\" data-id=\"915bc43\" data-element_type=\"widget\" data-e-type=\"widget\" data-widget_type=\"transx_links_list.default\">\n\t\t\t\t<div class=\"elementor-widget-container\">\n\t\t\t\t\t\n        <div class=\"transx_links_list_widget\">\n            <div class=\"transx_links_list_wrapper transx_view_type_2\">\n                <h5 class=\"transx_links_list_title\">\u062e\u062f\u0645\u0627\u062a \u0623\u062e\u0631\u0649<\/h5>\n\n                                            <a class=\"transx_links_list_item\" href=\"https:\/\/amatab.com\/ar\/equipement-du-navire\/\" >\n                                <img decoding=\"async\" class=\"transx_img--bg\" src=\"http:\/\/amatab.com\/wp-content\/uploads\/2023\/10\/aerial-shot-big-military-ships-harbor-during-winter-scaled.jpg\" alt=\"Background Image\" \/>\n                                <h6>\u0645\u0639\u062f\u0627\u062a \u0627\u0644\u0633\u0641\u064a\u0646\u0629<\/h6>\n                                <span class=\"transx_links_list_counter\">01<\/span>\n                            <\/a>\n                                                        <a class=\"transx_links_list_item\" href=\"https:\/\/amatab.com\/ar\/solutions-de-nettoyage\/\" >\n                                <img decoding=\"async\" class=\"transx_img--bg\" src=\"http:\/\/amatab.com\/wp-content\/uploads\/2023\/10\/professional-sailor-yachtsman-tights-tensions-cable-wire-rope-mechanical-winch-sailboat-yacht-1-scaled.jpg\" alt=\"Background Image\" \/>\n                                <h6>\u062d\u0644\u0648\u0644 \u0627\u0644\u062a\u0646\u0638\u064a\u0641 <\/h6>\n                                <span class=\"transx_links_list_counter\">02<\/span>\n                            <\/a>\n                                                        <a class=\"transx_links_list_item\" href=\"https:\/\/amatab.com\/ar\/armateur\/ancrage-et-cordage\/\" >\n                                <img decoding=\"async\" class=\"transx_img--bg\" src=\"http:\/\/amatab.com\/wp-content\/uploads\/2023\/10\/professional-sailor-yachtsman-tights-tensions-cable-wire-rope-mechanical-winch-sailboat-yacht-scaled.jpg\" alt=\"Background Image\" \/>\n                                <h6>\u0627\u0644\u0631\u0633\u0648 \u0648\u0627\u0644\u062d\u0628\u0627\u0644<\/h6>\n                                <span class=\"transx_links_list_counter\">03<\/span>\n                            <\/a>\n                                                        <a class=\"transx_links_list_item\" href=\"https:\/\/amatab.com\/ar\/carburants-et-lubrifiants\/\" >\n                                <img decoding=\"async\" class=\"transx_img--bg\" src=\"http:\/\/amatab.com\/wp-content\/uploads\/2023\/11\/navire-porte-conteneurs-scaled.jpg\" alt=\"Background Image\" \/>\n                                <h6>\u0627\u0644\u0648\u0642\u0648\u062f \u0648\u0645\u0648\u0627\u062f \u0627\u0644\u062a\u0634\u062d\u064a\u0645<\/h6>\n                                <span class=\"transx_links_list_counter\">04<\/span>\n                            <\/a>\n                                                            <\/div>\n        <\/div>\n\n        \t\t\t\t<\/div>\n\t\t\t\t<\/div>\n\t\t\t\t<div class=\"elementor-element elementor-element-ddafe3d elementor-widget__width-initial elementor-widget elementor-widget-html\" data-id=\"ddafe3d\" data-element_type=\"widget\" data-e-type=\"widget\" data-widget_type=\"html.default\">\n\t\t\t\t<div class=\"elementor-widget-container\">\n\t\t\t\t\t<div class=\"transx_contact-trigger transx_contact-trigger--style-2\">\n\t\n\t<h4 class=\"transx_contact-trigger__title\">\u0647\u0644 \u062a\u062d\u062a\u0627\u062c \u0625\u0644\u0649 \u0639\u0631\u0636 \u0623\u0633\u0639\u0627\u0631 \u061f<\/h4>\n\n\t<p class=\"transx_contact-trigger__text\">\u0646\u062d\u0646 \u0647\u0646\u0627 \u0644\u062a\u0632\u0648\u064a\u062f\u0643 \u0628\u0633\u0631\u0639\u0629 \u0628\u0645\u0639\u0644\u0648\u0645\u0627\u062a \u0645\u0641\u0635\u0644\u0629 \u062d\u0648\u0644 \u0623\u0633\u0639\u0627\u0631\u0646\u0627<\/p>\n\n\t<a class=\"transx_button\" href=\"https:\/\/amatab.com\/ar\/armateur\/services-de-courtage\/obtenir-un-devis\/\">\n\t\t<span>\u0644\u0644\u062d\u0635\u0648\u0644 \u0639\u0644\u0649 \u0639\u0631\u0636 \u0623\u0633\u0639\u0627\u0631<\/span>\n\t\t<svg class=\"icon\">\n\t\t\t<svg viewbox=\"0 0 150 78.6\" xmlns=\"http:\/\/www.w3.org\/2000\/svg\"><path d=\"M0 31.5h150v12.7H0V31.5zM112.8-.1l30.9 31.5-8.8 9L104 8.9l8.8-9zm18.1 51l-18.4 18.8 8.9 9 18.4-18.8-8.9-9z\"\/><\/svg>\n\t\t<\/svg>\n\t<\/a>\n<\/div>\t\t\t\t<\/div>\n\t\t\t\t<\/div>\n\t\t\t\t\t<\/div>\n\t\t<\/div>\n\t\t\t\t\t<\/div>\n\t\t<\/section>\n\t\t\t\t<\/div>","protected":false},"excerpt":{"rendered":"<p>Notre \u00e9quipe d&rsquo;experts poss\u00e8de une connaissance approfondie de l&rsquo;industrie maritime, ce qui nous permet de vous offrir des services de courtage de pointe, que vous soyez armateur, affr\u00e9teur ou propri\u00e9taire de cargaisons. Nous offrons une gamme compl\u00e8te de services de courtage, couvrant tous les aspects du secteur maritime. Que ce soit pour la location de [&hellip;]<\/p>\n","protected":false},"author":5,"featured_media":1275,"parent":2572,"menu_order":13,"comment_status":"closed","ping_status":"closed","template":"","meta":{"om_disable_all_campaigns":false,"_uf_show_specific_survey":0,"_uf_disable_surveys":false,"footnotes":""},"folder":[],"class_list":["post-6514","page","type-page","status-publish","has-post-thumbnail","hentry"],"aioseo_notices":[],"_links":{"self":[{"href":"https:\/\/amatab.com\/ar\/wp-json\/wp\/v2\/pages\/6514","targetHints":{"allow":["GET"]}}],"collection":[{"href":"https:\/\/amatab.com\/ar\/wp-json\/wp\/v2\/pages"}],"about":[{"href":"https:\/\/amatab.com\/ar\/wp-json\/wp\/v2\/types\/page"}],"author":[{"embeddable":true,"href":"https:\/\/amatab.com\/ar\/wp-json\/wp\/v2\/users\/5"}],"replies":[{"embeddable":true,"href":"https:\/\/amatab.com\/ar\/wp-json\/wp\/v2\/comments?post=6514"}],"version-history":[{"count":42,"href":"https:\/\/amatab.com\/ar\/wp-json\/wp\/v2\/pages\/6514\/revisions"}],"predecessor-version":[{"id":16086,"href":"https:\/\/amatab.com\/ar\/wp-json\/wp\/v2\/pages\/6514\/revisions\/16086"}],"up":[{"embeddable":true,"href":"https:\/\/amatab.com\/ar\/wp-json\/wp\/v2\/pages\/2572"}],"wp:featuredmedia":[{"embeddable":true,"href":"https:\/\/amatab.com\/ar\/wp-json\/wp\/v2\/media\/1275"}],"wp:attachment":[{"href":"https:\/\/amatab.com\/ar\/wp-json\/wp\/v2\/media?parent=6514"}],"wp:term":[{"taxonomy":"folder","embeddable":true,"href":"https:\/\/amatab.com\/ar\/wp-json\/wp\/v2\/folder?post=6514"}],"curies":[{"name":"wp","href":"https:\/\/api.w.org\/{rel}","templated":true}]}}