{"id":6876,"date":"2023-11-01T16:10:56","date_gmt":"2023-11-01T15:10:56","guid":{"rendered":"https:\/\/amatab.com\/?page_id=6876"},"modified":"2024-02-08T16:44:49","modified_gmt":"2024-02-08T15:44:49","slug":"offshore-geo","status":"publish","type":"page","link":"https:\/\/amatab.com\/ar\/services-geophysiques\/offshore-geo\/","title":{"rendered":"\u0628\u062d\u0631\u064a\u0629"},"content":{"rendered":"<div data-elementor-type=\"wp-page\" data-elementor-id=\"6876\" class=\"elementor elementor-6876\" data-elementor-post-type=\"page\">\n\t\t\t\t\t\t<section class=\"elementor-section elementor-top-section elementor-element elementor-element-1e52f05 elementor-section-boxed elementor-section-height-default elementor-section-height-default\" data-id=\"1e52f05\" data-element_type=\"section\" data-e-type=\"section\">\n\t\t\t\t\t\t<div class=\"elementor-container elementor-column-gap-default\">\n\t\t\t\t\t<div class=\"elementor-column elementor-col-33 elementor-top-column elementor-element elementor-element-8c6556d\" data-id=\"8c6556d\" data-element_type=\"column\" data-e-type=\"column\">\n\t\t\t<div class=\"elementor-widget-wrap elementor-element-populated\">\n\t\t\t\t\t\t<div class=\"elementor-element elementor-element-2763ef2 elementor-widget elementor-widget-text-editor\" data-id=\"2763ef2\" data-element_type=\"widget\" data-e-type=\"widget\" data-widget_type=\"text-editor.default\">\n\t\t\t\t<div class=\"elementor-widget-container\">\n\t\t\t\t\t\t\t\t\t<p>AMATAB &amp; CO met \u00e0 votre disposition les \u00e9quipements essentiels pour l\u2019exploration sous-marine.<\/p><p>Notre flotte de navires est \u00e9quip\u00e9e de syst\u00e8mes de prospection sismique marine \u00e0 air comprim\u00e9, de magn\u00e9tom\u00e8tres submersibles de haute pr\u00e9cision, d\u2019unit\u00e9s de forage marin et de ROVs pour des op\u00e9rations sous la surface marine.<\/p>\t\t\t\t\t\t\t\t<\/div>\n\t\t\t\t<\/div>\n\t\t\t\t<div class=\"elementor-element elementor-element-39ef5ac elementor-widget__width-initial elementor-hidden-desktop elementor-hidden-tablet elementor-widget elementor-widget-image\" data-id=\"39ef5ac\" data-element_type=\"widget\" data-e-type=\"widget\" data-widget_type=\"image.default\">\n\t\t\t\t<div class=\"elementor-widget-container\">\n\t\t\t\t\t\t\t\t\t\t\t\t\t\t\t<img fetchpriority=\"high\" decoding=\"async\" width=\"360\" height=\"540\" src=\"https:\/\/amatab.com\/wp-content\/uploads\/2023\/11\/vue-ruines-archeologiques-sous-marines-du-batiment_23-2150886912.jpg\" class=\"attachment-large size-large wp-image-11222\" alt=\"\" srcset=\"https:\/\/amatab.com\/wp-content\/uploads\/2023\/11\/vue-ruines-archeologiques-sous-marines-du-batiment_23-2150886912.jpg 360w, https:\/\/amatab.com\/wp-content\/uploads\/2023\/11\/vue-ruines-archeologiques-sous-marines-du-batiment_23-2150886912-200x300.jpg 200w\" sizes=\"(max-width: 360px) 100vw, 360px\" \/>\t\t\t\t\t\t\t\t\t\t\t\t\t\t\t<\/div>\n\t\t\t\t<\/div>\n\t\t\t\t<div class=\"elementor-element elementor-element-107940c elementor-widget__width-initial elementor-widget elementor-widget-text-editor\" data-id=\"107940c\" data-element_type=\"widget\" data-e-type=\"widget\" data-widget_type=\"text-editor.default\">\n\t\t\t\t<div class=\"elementor-widget-container\">\n\t\t\t\t\t\t\t\t\t<p>Nous utilisons \u00e9galement des \u00e9quipements de positionnement dynamique (DP) pour maintenir la stabilit\u00e9 des navires pendant les op\u00e9rations. Ces \u00e9quipements de pointe sont le pilier de la r\u00e9alisation des projets offshore complexes, notamment la prospection p\u00e9troli\u00e8re et gazi\u00e8re, la cartographie des fonds marins et bien d\u2019autres applications en milieu marin exigeant.<\/p>\t\t\t\t\t\t\t\t<\/div>\n\t\t\t\t<\/div>\n\t\t\t\t\t<\/div>\n\t\t<\/div>\n\t\t\t\t<div class=\"elementor-column elementor-col-33 elementor-top-column elementor-element elementor-element-6064065\" data-id=\"6064065\" data-element_type=\"column\" data-e-type=\"column\">\n\t\t\t<div class=\"elementor-widget-wrap elementor-element-populated\">\n\t\t\t\t\t\t<div class=\"elementor-element elementor-element-40d73b9 elementor-widget__width-initial elementor-hidden-mobile elementor-widget elementor-widget-image\" data-id=\"40d73b9\" data-element_type=\"widget\" data-e-type=\"widget\" data-widget_type=\"image.default\">\n\t\t\t\t<div class=\"elementor-widget-container\">\n\t\t\t\t\t\t\t\t\t\t\t\t\t\t\t<img fetchpriority=\"high\" decoding=\"async\" width=\"360\" height=\"540\" src=\"https:\/\/amatab.com\/wp-content\/uploads\/2023\/11\/vue-ruines-archeologiques-sous-marines-du-batiment_23-2150886912.jpg\" class=\"attachment-large size-large wp-image-11222\" alt=\"\" srcset=\"https:\/\/amatab.com\/wp-content\/uploads\/2023\/11\/vue-ruines-archeologiques-sous-marines-du-batiment_23-2150886912.jpg 360w, https:\/\/amatab.com\/wp-content\/uploads\/2023\/11\/vue-ruines-archeologiques-sous-marines-du-batiment_23-2150886912-200x300.jpg 200w\" sizes=\"(max-width: 360px) 100vw, 360px\" \/>\t\t\t\t\t\t\t\t\t\t\t\t\t\t\t<\/div>\n\t\t\t\t<\/div>\n\t\t\t\t\t<\/div>\n\t\t<\/div>\n\t\t\t\t<div class=\"elementor-column elementor-col-33 elementor-top-column elementor-element elementor-element-5757db2\" data-id=\"5757db2\" data-element_type=\"column\" data-e-type=\"column\">\n\t\t\t<div class=\"elementor-widget-wrap elementor-element-populated\">\n\t\t\t\t\t\t<div class=\"elementor-element elementor-element-8e5fe35 elementor-widget elementor-widget-transx_links_list\" data-id=\"8e5fe35\" data-element_type=\"widget\" data-e-type=\"widget\" data-widget_type=\"transx_links_list.default\">\n\t\t\t\t<div class=\"elementor-widget-container\">\n\t\t\t\t\t\n        <div class=\"transx_links_list_widget\">\n            <div class=\"transx_links_list_wrapper transx_view_type_2\">\n                <h5 class=\"transx_links_list_title\">\u062e\u062f\u0645\u0627\u062a \u0623\u062e\u0631\u0649<\/h5>\n\n                                            <a class=\"transx_links_list_item\" href=\"https:\/\/amatab.com\/ar\/services-geophysiques\/onshore-geo\/\" >\n                                <img decoding=\"async\" class=\"transx_img--bg\" src=\"http:\/\/amatab.com\/wp-content\/uploads\/2023\/11\/onshore-tunisie.jpg\" alt=\"Background Image\" \/>\n                                <h6>\u0628\u0631\u064a\u0629<\/h6>\n                                <span class=\"transx_links_list_counter\">01<\/span>\n                            <\/a>\n                                                            <\/div>\n        <\/div>\n\n        \t\t\t\t<\/div>\n\t\t\t\t<\/div>\n\t\t\t\t<div class=\"elementor-element elementor-element-5b2fc10 elementor-widget elementor-widget-html\" data-id=\"5b2fc10\" data-element_type=\"widget\" data-e-type=\"widget\" data-widget_type=\"html.default\">\n\t\t\t\t<div class=\"elementor-widget-container\">\n\t\t\t\t\t<div class=\"transx_contact-trigger transx_contact-trigger--style-2\">\n\n\n\t<h4 class=\"transx_contact-trigger__title\">\u0647\u0644 \u062a\u062d\u062a\u0627\u062c \u0625\u0644\u0649 \u0639\u0631\u0636 \u0623\u0633\u0639\u0627\u0631 \u061f<\/h4>\n\n\t<p class=\"transx_contact-trigger__text\">\u0646\u062d\u0646 \u0647\u0646\u0627 \u0644\u062a\u0632\u0648\u064a\u062f\u0643 \u0628\u0633\u0631\u0639\u0629 \u0628\u0645\u0639\u0644\u0648\u0645\u0627\u062a \u0645\u0641\u0635\u0644\u0629 \u062d\u0648\u0644 \u0623\u0633\u0639\u0627\u0631\u0646\u0627<\/p>\n\n\t<a class=\"transx_button\" href=\"https:\/\/amatab.com\/ar\/services-geophysiques\/offshore-geo\/obtenir-un-devis\/\">\n\t\t<span>\u0644\u0644\u062d\u0635\u0648\u0644 \u0639\u0644\u0649 \u0639\u0631\u0636 \u0623\u0633\u0639\u0627\u0631<\/span>\n\t\t<svg class=\"icon\">\n\t\t\t<svg viewbox=\"0 0 150 78.6\" xmlns=\"http:\/\/www.w3.org\/2000\/svg\"><path d=\"M0 31.5h150v12.7H0V31.5zM112.8-.1l30.9 31.5-8.8 9L104 8.9l8.8-9zm18.1 51l-18.4 18.8 8.9 9 18.4-18.8-8.9-9z\"\/><\/svg>\n\t\t<\/svg>\n\t<\/a>\n<\/div>\t\t\t\t<\/div>\n\t\t\t\t<\/div>\n\t\t\t\t\t<\/div>\n\t\t<\/div>\n\t\t\t\t\t<\/div>\n\t\t<\/section>\n\t\t\t\t<\/div>","protected":false},"excerpt":{"rendered":"<p>AMATAB &amp; CO met \u00e0 votre disposition les \u00e9quipements essentiels pour l\u2019exploration sous-marine. Notre flotte de navires est \u00e9quip\u00e9e de syst\u00e8mes de prospection sismique marine \u00e0 air comprim\u00e9, de magn\u00e9tom\u00e8tres submersibles de haute pr\u00e9cision, d\u2019unit\u00e9s de forage marin et de ROVs pour des op\u00e9rations sous la surface marine. Nous utilisons \u00e9galement des \u00e9quipements de positionnement [&hellip;]<\/p>\n","protected":false},"author":5,"featured_media":1275,"parent":2998,"menu_order":9,"comment_status":"closed","ping_status":"closed","template":"","meta":{"om_disable_all_campaigns":false,"_uf_show_specific_survey":0,"_uf_disable_surveys":false,"footnotes":""},"folder":[],"class_list":["post-6876","page","type-page","status-publish","has-post-thumbnail","hentry"],"aioseo_notices":[],"_links":{"self":[{"href":"https:\/\/amatab.com\/ar\/wp-json\/wp\/v2\/pages\/6876","targetHints":{"allow":["GET"]}}],"collection":[{"href":"https:\/\/amatab.com\/ar\/wp-json\/wp\/v2\/pages"}],"about":[{"href":"https:\/\/amatab.com\/ar\/wp-json\/wp\/v2\/types\/page"}],"author":[{"embeddable":true,"href":"https:\/\/amatab.com\/ar\/wp-json\/wp\/v2\/users\/5"}],"replies":[{"embeddable":true,"href":"https:\/\/amatab.com\/ar\/wp-json\/wp\/v2\/comments?post=6876"}],"version-history":[{"count":37,"href":"https:\/\/amatab.com\/ar\/wp-json\/wp\/v2\/pages\/6876\/revisions"}],"predecessor-version":[{"id":16202,"href":"https:\/\/amatab.com\/ar\/wp-json\/wp\/v2\/pages\/6876\/revisions\/16202"}],"up":[{"embeddable":true,"href":"https:\/\/amatab.com\/ar\/wp-json\/wp\/v2\/pages\/2998"}],"wp:featuredmedia":[{"embeddable":true,"href":"https:\/\/amatab.com\/ar\/wp-json\/wp\/v2\/media\/1275"}],"wp:attachment":[{"href":"https:\/\/amatab.com\/ar\/wp-json\/wp\/v2\/media?parent=6876"}],"wp:term":[{"taxonomy":"folder","embeddable":true,"href":"https:\/\/amatab.com\/ar\/wp-json\/wp\/v2\/folder?post=6876"}],"curies":[{"name":"wp","href":"https:\/\/api.w.org\/{rel}","templated":true}]}}