{"id":6880,"date":"2023-11-01T16:11:40","date_gmt":"2023-11-01T15:11:40","guid":{"rendered":"https:\/\/amatab.com\/?page_id=6880"},"modified":"2024-02-08T16:35:20","modified_gmt":"2024-02-08T15:35:20","slug":"onshore-geo","status":"publish","type":"page","link":"https:\/\/amatab.com\/ar\/services-geophysiques\/onshore-geo\/","title":{"rendered":"\u0628\u0631\u064a\u0629"},"content":{"rendered":"<div data-elementor-type=\"wp-page\" data-elementor-id=\"6880\" class=\"elementor elementor-6880\" data-elementor-post-type=\"page\">\n\t\t\t\t\t\t<section class=\"elementor-section elementor-top-section elementor-element elementor-element-7ca8076 elementor-section-boxed elementor-section-height-default elementor-section-height-default\" data-id=\"7ca8076\" data-element_type=\"section\" data-e-type=\"section\">\n\t\t\t\t\t\t<div class=\"elementor-container elementor-column-gap-default\">\n\t\t\t\t\t<div class=\"elementor-column elementor-col-33 elementor-top-column elementor-element elementor-element-e6ec00c\" data-id=\"e6ec00c\" data-element_type=\"column\" data-e-type=\"column\">\n\t\t\t<div class=\"elementor-widget-wrap elementor-element-populated\">\n\t\t\t\t\t\t<div class=\"elementor-element elementor-element-18639c9 elementor-widget elementor-widget-text-editor\" data-id=\"18639c9\" data-element_type=\"widget\" data-e-type=\"widget\" data-widget_type=\"text-editor.default\">\n\t\t\t\t<div class=\"elementor-widget-container\">\n\t\t\t\t\t\t\t\t\t<p><span style=\"font-family: 'Arial',sans-serif; color: #696e76;\">AMATAB &amp; CO met \u00e0 votre disposition une gamme compl\u00e8te d\u2019\u00e9quipements essentiels pour l\u2019exploration des terrains.<\/span><\/p>\t\t\t\t\t\t\t\t<\/div>\n\t\t\t\t<\/div>\n\t\t\t\t<div class=\"elementor-element elementor-element-26cc5eb elementor-hidden-desktop elementor-hidden-tablet elementor-widget elementor-widget-image\" data-id=\"26cc5eb\" data-element_type=\"widget\" data-e-type=\"widget\" data-widget_type=\"image.default\">\n\t\t\t\t<div class=\"elementor-widget-container\">\n\t\t\t\t\t\t\t\t\t\t\t\t\t\t\t<img fetchpriority=\"high\" decoding=\"async\" width=\"360\" height=\"539\" src=\"https:\/\/amatab.com\/wp-content\/uploads\/2023\/11\/gros-plan-carte-jumelles-boussole-herbe_23-2147628886.jpg\" class=\"attachment-medium_large size-medium_large wp-image-11217\" alt=\"\" srcset=\"https:\/\/amatab.com\/wp-content\/uploads\/2023\/11\/gros-plan-carte-jumelles-boussole-herbe_23-2147628886.jpg 360w, https:\/\/amatab.com\/wp-content\/uploads\/2023\/11\/gros-plan-carte-jumelles-boussole-herbe_23-2147628886-200x300.jpg 200w\" sizes=\"(max-width: 360px) 100vw, 360px\" \/>\t\t\t\t\t\t\t\t\t\t\t\t\t\t\t<\/div>\n\t\t\t\t<\/div>\n\t\t\t\t<div class=\"elementor-element elementor-element-b136aa5 elementor-widget__width-initial elementor-widget elementor-widget-text-editor\" data-id=\"b136aa5\" data-element_type=\"widget\" data-e-type=\"widget\" data-widget_type=\"text-editor.default\">\n\t\t\t\t<div class=\"elementor-widget-container\">\n\t\t\t\t\t\t\t\t\t<p style=\"margin-top: 0cm; text-align: justify; background: white; box-sizing: border-box; margin-bottom: 1.7rem; font-variant-ligatures: normal; font-variant-caps: normal; orphans: 2; widows: 2; -webkit-text-stroke-width: 0px; text-decoration-thickness: initial; text-decoration-style: initial; text-decoration-color: initial; word-spacing: 0px;\"><span style=\"font-family: 'Arial',sans-serif; color: #696e76;\">Notre arsenal d\u2019\u00e9quipements terrestres comprend des g\u00e9ophones hautement sensibles, des stations sismiques portables, des syst\u00e8mes de forage automatis\u00e9s, ainsi que des laboratoires mobiles \u00e9quip\u00e9s de spectrom\u00e8tres et de microscopes pour l\u2019analyse pr\u00e9cise des \u00e9chantillons de sols et de roches.<\/span><\/p><p style=\"margin: 0cm; text-align: justify; background: white; box-sizing: border-box; font-variant-ligatures: normal; font-variant-caps: normal; orphans: 2; widows: 2; -webkit-text-stroke-width: 0px; text-decoration-thickness: initial; text-decoration-style: initial; text-decoration-color: initial; word-spacing: 0px;\"><span style=\"font-family: 'Arial',sans-serif; color: #696e76;\">Ces \u00e9quipements sont la cl\u00e9 de vo\u00fbte des \u00e9tudes g\u00e9ophysiques approfondies sur terre, que ce soit pour la recherche de ressources naturelles, la caract\u00e9risation g\u00e9otechnique ou la r\u00e9alisation d\u2019\u00e9tudes environnementales de pointe.<\/span><\/p>\t\t\t\t\t\t\t\t<\/div>\n\t\t\t\t<\/div>\n\t\t\t\t\t<\/div>\n\t\t<\/div>\n\t\t\t\t<div class=\"elementor-column elementor-col-33 elementor-top-column elementor-element elementor-element-cb4a28d\" data-id=\"cb4a28d\" data-element_type=\"column\" data-e-type=\"column\">\n\t\t\t<div class=\"elementor-widget-wrap elementor-element-populated\">\n\t\t\t\t\t\t<div class=\"elementor-element elementor-element-1e965cd elementor-hidden-mobile elementor-widget elementor-widget-image\" data-id=\"1e965cd\" data-element_type=\"widget\" data-e-type=\"widget\" data-widget_type=\"image.default\">\n\t\t\t\t<div class=\"elementor-widget-container\">\n\t\t\t\t\t\t\t\t\t\t\t\t\t\t\t<img fetchpriority=\"high\" decoding=\"async\" width=\"360\" height=\"539\" src=\"https:\/\/amatab.com\/wp-content\/uploads\/2023\/11\/gros-plan-carte-jumelles-boussole-herbe_23-2147628886.jpg\" class=\"attachment-medium_large size-medium_large wp-image-11217\" alt=\"\" srcset=\"https:\/\/amatab.com\/wp-content\/uploads\/2023\/11\/gros-plan-carte-jumelles-boussole-herbe_23-2147628886.jpg 360w, https:\/\/amatab.com\/wp-content\/uploads\/2023\/11\/gros-plan-carte-jumelles-boussole-herbe_23-2147628886-200x300.jpg 200w\" sizes=\"(max-width: 360px) 100vw, 360px\" \/>\t\t\t\t\t\t\t\t\t\t\t\t\t\t\t<\/div>\n\t\t\t\t<\/div>\n\t\t\t\t\t<\/div>\n\t\t<\/div>\n\t\t\t\t<div class=\"elementor-column elementor-col-33 elementor-top-column elementor-element elementor-element-38bbe37\" data-id=\"38bbe37\" data-element_type=\"column\" data-e-type=\"column\">\n\t\t\t<div class=\"elementor-widget-wrap elementor-element-populated\">\n\t\t\t\t\t\t<div class=\"elementor-element elementor-element-88a2930 elementor-widget elementor-widget-transx_links_list\" data-id=\"88a2930\" data-element_type=\"widget\" data-e-type=\"widget\" data-widget_type=\"transx_links_list.default\">\n\t\t\t\t<div class=\"elementor-widget-container\">\n\t\t\t\t\t\n        <div class=\"transx_links_list_widget\">\n            <div class=\"transx_links_list_wrapper transx_view_type_2\">\n                <h5 class=\"transx_links_list_title\">\u062e\u062f\u0645\u0627\u062a \u0623\u062e\u0631\u0649<\/h5>\n\n                                            <a class=\"transx_links_list_item\" href=\"https:\/\/amatab.com\/ar\/services-geophysiques\/offshore-geo\/\" >\n                                <img decoding=\"async\" class=\"transx_img--bg\" src=\"http:\/\/amatab.com\/wp-content\/uploads\/2023\/11\/offshore.jpg\" alt=\"Background Image\" \/>\n                                <h6>\u0628\u062d\u0631\u064a\u0629<\/h6>\n                                <span class=\"transx_links_list_counter\">01<\/span>\n                            <\/a>\n                                                            <\/div>\n        <\/div>\n\n        \t\t\t\t<\/div>\n\t\t\t\t<\/div>\n\t\t\t\t<div class=\"elementor-element elementor-element-72f5b58 elementor-widget elementor-widget-html\" data-id=\"72f5b58\" data-element_type=\"widget\" data-e-type=\"widget\" data-widget_type=\"html.default\">\n\t\t\t\t<div class=\"elementor-widget-container\">\n\t\t\t\t\t<div class=\"transx_contact-trigger transx_contact-trigger--style-2\">\n\t\n\t<h4 class=\"transx_contact-trigger__title\">\u0647\u0644 \u062a\u062d\u062a\u0627\u062c \u0625\u0644\u0649 \u0639\u0631\u0636 \u0623\u0633\u0639\u0627\u0631 \u061f<\/h4>\n\n\t<p class=\"transx_contact-trigger__text\">\u0646\u062d\u0646 \u0647\u0646\u0627 \u0644\u062a\u0632\u0648\u064a\u062f\u0643 \u0628\u0633\u0631\u0639\u0629 \u0628\u0645\u0639\u0644\u0648\u0645\u0627\u062a \u0645\u0641\u0635\u0644\u0629 \u062d\u0648\u0644 \u0623\u0633\u0639\u0627\u0631\u0646\u0627<\/p>\n\n\t<a class=\"transx_button\" href=\"https:\/\/amatab.com\/ar\/services-geophysiques\/onshore-geo\/obtenir-un-devis\/\">\n\t\t<span>\u0644\u0644\u062d\u0635\u0648\u0644 \u0639\u0644\u0649 \u0639\u0631\u0636 \u0623\u0633\u0639\u0627\u0631<\/span>\n\t\t<svg class=\"icon\">\n\t\t\t<svg viewbox=\"0 0 150 78.6\" xmlns=\"http:\/\/www.w3.org\/2000\/svg\"><path d=\"M0 31.5h150v12.7H0V31.5zM112.8-.1l30.9 31.5-8.8 9L104 8.9l8.8-9zm18.1 51l-18.4 18.8 8.9 9 18.4-18.8-8.9-9z\"\/><\/svg>\n\t\t<\/svg>\n\t<\/a>\n<\/div>\t\t\t\t<\/div>\n\t\t\t\t<\/div>\n\t\t\t\t\t<\/div>\n\t\t<\/div>\n\t\t\t\t\t<\/div>\n\t\t<\/section>\n\t\t\t\t<\/div>","protected":false},"excerpt":{"rendered":"<p>AMATAB &amp; CO met \u00e0 votre disposition une gamme compl\u00e8te d\u2019\u00e9quipements essentiels pour l\u2019exploration des terrains. Notre arsenal d\u2019\u00e9quipements terrestres comprend des g\u00e9ophones hautement sensibles, des stations sismiques portables, des syst\u00e8mes de forage automatis\u00e9s, ainsi que des laboratoires mobiles \u00e9quip\u00e9s de spectrom\u00e8tres et de microscopes pour l\u2019analyse pr\u00e9cise des \u00e9chantillons de sols et de roches. [&hellip;]<\/p>\n","protected":false},"author":5,"featured_media":1275,"parent":2998,"menu_order":8,"comment_status":"closed","ping_status":"closed","template":"","meta":{"om_disable_all_campaigns":false,"_uf_show_specific_survey":0,"_uf_disable_surveys":false,"footnotes":""},"folder":[],"class_list":["post-6880","page","type-page","status-publish","has-post-thumbnail","hentry"],"aioseo_notices":[],"_links":{"self":[{"href":"https:\/\/amatab.com\/ar\/wp-json\/wp\/v2\/pages\/6880","targetHints":{"allow":["GET"]}}],"collection":[{"href":"https:\/\/amatab.com\/ar\/wp-json\/wp\/v2\/pages"}],"about":[{"href":"https:\/\/amatab.com\/ar\/wp-json\/wp\/v2\/types\/page"}],"author":[{"embeddable":true,"href":"https:\/\/amatab.com\/ar\/wp-json\/wp\/v2\/users\/5"}],"replies":[{"embeddable":true,"href":"https:\/\/amatab.com\/ar\/wp-json\/wp\/v2\/comments?post=6880"}],"version-history":[{"count":35,"href":"https:\/\/amatab.com\/ar\/wp-json\/wp\/v2\/pages\/6880\/revisions"}],"predecessor-version":[{"id":16198,"href":"https:\/\/amatab.com\/ar\/wp-json\/wp\/v2\/pages\/6880\/revisions\/16198"}],"up":[{"embeddable":true,"href":"https:\/\/amatab.com\/ar\/wp-json\/wp\/v2\/pages\/2998"}],"wp:featuredmedia":[{"embeddable":true,"href":"https:\/\/amatab.com\/ar\/wp-json\/wp\/v2\/media\/1275"}],"wp:attachment":[{"href":"https:\/\/amatab.com\/ar\/wp-json\/wp\/v2\/media?parent=6880"}],"wp:term":[{"taxonomy":"folder","embeddable":true,"href":"https:\/\/amatab.com\/ar\/wp-json\/wp\/v2\/folder?post=6880"}],"curies":[{"name":"wp","href":"https:\/\/api.w.org\/{rel}","templated":true}]}}