{"id":6913,"date":"2023-11-01T16:45:22","date_gmt":"2023-11-01T15:45:22","guid":{"rendered":"https:\/\/amatab.com\/?page_id=6913"},"modified":"2024-02-08T15:49:18","modified_gmt":"2024-02-08T14:49:18","slug":"visualisation-en-3d","status":"publish","type":"page","link":"https:\/\/amatab.com\/ar\/services-geophysiques\/visualisation-en-3d\/","title":{"rendered":"\u062a\u0635\u0648\u0631 \u062b\u0644\u0627\u062b\u064a \u0627\u0644\u0623\u0628\u0639\u0627\u062f"},"content":{"rendered":"<div data-elementor-type=\"wp-page\" data-elementor-id=\"6913\" class=\"elementor elementor-6913\" data-elementor-post-type=\"page\">\n\t\t\t\t\t\t<section class=\"elementor-section elementor-top-section elementor-element elementor-element-675045b elementor-section-boxed elementor-section-height-default elementor-section-height-default\" data-id=\"675045b\" data-element_type=\"section\" data-e-type=\"section\">\n\t\t\t\t\t\t<div class=\"elementor-container elementor-column-gap-default\">\n\t\t\t\t\t<div class=\"elementor-column elementor-col-33 elementor-top-column elementor-element elementor-element-83a7640\" data-id=\"83a7640\" data-element_type=\"column\" data-e-type=\"column\">\n\t\t\t<div class=\"elementor-widget-wrap elementor-element-populated\">\n\t\t\t\t\t\t<div class=\"elementor-element elementor-element-8cdae42 elementor-widget elementor-widget-text-editor\" data-id=\"8cdae42\" data-element_type=\"widget\" data-e-type=\"widget\" data-widget_type=\"text-editor.default\">\n\t\t\t\t<div class=\"elementor-widget-container\">\n\t\t\t\t\t\t\t\t\t<p>\u064a\u0639\u062f \u0627\u0644\u062a\u0635\u0648\u0631 \u062b\u0644\u0627\u062b\u064a \u0627\u0644\u0623\u0628\u0639\u0627\u062f \u062e\u0637\u0648\u0629 \u0631\u0626\u064a\u0633\u064a\u0629 \u0625\u0644\u0649 \u0627\u0644\u0623\u0645\u0627\u0645 \u0641\u064a \u0643\u064a\u0641\u064a\u0629 \u0641\u0647\u0645\u0646\u0627 \u0648\u0627\u0633\u062a\u062e\u062f\u0627\u0645\u0646\u0627 \u0644\u0644\u0628\u064a\u0627\u0646\u0627\u062a \u062a\u062d\u062a \u0627\u0644\u0623\u0631\u0636. \u0645\u0646 \u062e\u0644\u0627\u0644 \u062a\u062d\u0648\u064a\u0644 \u0627\u0644\u0628\u064a\u0627\u0646\u0627\u062a \u0627\u0644\u0623\u0648\u0644\u064a\u0629 \u0625\u0644\u0649 \u0646\u0645\u0627\u0630\u062c \u062b\u0644\u0627\u062b\u064a\u0629 \u0627\u0644\u0623\u0628\u0639\u0627\u062f\u060c \u062a\u0642\u062f\u0645 \u0647\u0630\u0647 \u0627\u0644\u062a\u0643\u0646\u0648\u0644\u0648\u062c\u064a\u0627 \u0623\u0643\u062b\u0631 \u0628\u0643\u062b\u064a\u0631 \u0645\u0646 \u0645\u062c\u0631\u062f \u062a\u0645\u062b\u064a\u0644 \u0628\u0635\u0631\u064a \u061b \u0625\u0646\u0647 \u064a\u062e\u0644\u0642 \u062a\u062c\u0631\u0628\u0629 \u063a\u0627\u0645\u0631\u0629 \u062a\u0633\u0645\u062d \u0644\u0644\u0645\u0647\u0646\u064a\u064a\u0646 \u0641\u064a \u0645\u062e\u062a\u0644\u0641 \u0627\u0644\u0645\u062c\u0627\u0644\u0627\u062a \u0628\u0627\u0643\u062a\u0633\u0627\u0628 \u0627\u0644\u0641\u0647\u0645 \u0648\u0627\u0644\u0643\u0641\u0627\u0621\u0629.<\/p>\t\t\t\t\t\t\t\t<\/div>\n\t\t\t\t<\/div>\n\t\t\t\t<div class=\"elementor-element elementor-element-f5b49fe elementor-widget__width-initial elementor-hidden-desktop elementor-hidden-tablet elementor-widget elementor-widget-image\" data-id=\"f5b49fe\" data-element_type=\"widget\" data-e-type=\"widget\" data-widget_type=\"image.default\">\n\t\t\t\t<div class=\"elementor-widget-container\">\n\t\t\t\t\t\t\t\t\t\t\t\t\t\t\t<img fetchpriority=\"high\" decoding=\"async\" width=\"683\" height=\"1024\" src=\"https:\/\/amatab.com\/wp-content\/uploads\/2023\/11\/gros-plan-artiste-numerique-travaillant-modele-3d-pour-ameliorer-geometrie-optimiser-projet-personne-industrie-graphique-hautes-competences-modelisation-travaillant-technologie-logicielle-avancee-683x1024.jpg\" class=\"attachment-large size-large wp-image-11240\" alt=\"\" srcset=\"https:\/\/amatab.com\/wp-content\/uploads\/2023\/11\/gros-plan-artiste-numerique-travaillant-modele-3d-pour-ameliorer-geometrie-optimiser-projet-personne-industrie-graphique-hautes-competences-modelisation-travaillant-technologie-logicielle-avancee-683x1024.jpg 683w, https:\/\/amatab.com\/wp-content\/uploads\/2023\/11\/gros-plan-artiste-numerique-travaillant-modele-3d-pour-ameliorer-geometrie-optimiser-projet-personne-industrie-graphique-hautes-competences-modelisation-travaillant-technologie-logicielle-avancee-200x300.jpg 200w, https:\/\/amatab.com\/wp-content\/uploads\/2023\/11\/gros-plan-artiste-numerique-travaillant-modele-3d-pour-ameliorer-geometrie-optimiser-projet-personne-industrie-graphique-hautes-competences-modelisation-travaillant-technologie-logicielle-avancee-768x1152.jpg 768w, https:\/\/amatab.com\/wp-content\/uploads\/2023\/11\/gros-plan-artiste-numerique-travaillant-modele-3d-pour-ameliorer-geometrie-optimiser-projet-personne-industrie-graphique-hautes-competences-modelisation-travaillant-technologie-logicielle-avancee-1024x1536.jpg 1024w, https:\/\/amatab.com\/wp-content\/uploads\/2023\/11\/gros-plan-artiste-numerique-travaillant-modele-3d-pour-ameliorer-geometrie-optimiser-projet-personne-industrie-graphique-hautes-competences-modelisation-travaillant-technologie-logicielle-avancee-1365x2048.jpg 1365w, https:\/\/amatab.com\/wp-content\/uploads\/2023\/11\/gros-plan-artiste-numerique-travaillant-modele-3d-pour-ameliorer-geometrie-optimiser-projet-personne-industrie-graphique-hautes-competences-modelisation-travaillant-technologie-logicielle-avancee-1320x1980.jpg 1320w, https:\/\/amatab.com\/wp-content\/uploads\/2023\/11\/gros-plan-artiste-numerique-travaillant-modele-3d-pour-ameliorer-geometrie-optimiser-projet-personne-industrie-graphique-hautes-competences-modelisation-travaillant-technologie-logicielle-avancee-600x900.jpg 600w, https:\/\/amatab.com\/wp-content\/uploads\/2023\/11\/gros-plan-artiste-numerique-travaillant-modele-3d-pour-ameliorer-geometrie-optimiser-projet-personne-industrie-graphique-hautes-competences-modelisation-travaillant-technologie-logicielle-avancee-scaled.jpg 1707w\" sizes=\"(max-width: 683px) 100vw, 683px\" \/>\t\t\t\t\t\t\t\t\t\t\t\t\t\t\t<\/div>\n\t\t\t\t<\/div>\n\t\t\t\t<div class=\"elementor-element elementor-element-86508d0 elementor-widget__width-initial elementor-widget elementor-widget-text-editor\" data-id=\"86508d0\" data-element_type=\"widget\" data-e-type=\"widget\" data-widget_type=\"text-editor.default\">\n\t\t\t\t<div class=\"elementor-widget-container\">\n\t\t\t\t\t\t\t\t\t<p>\u0641\u064a \u0645\u062c\u0627\u0644 \u0627\u0644\u0627\u0633\u062a\u0643\u0634\u0627\u0641\u060c \u064a\u0642\u062f\u0645 \u0627\u0644\u062a\u0635\u0648\u0631 \u062b\u0644\u0627\u062b\u064a \u0627\u0644\u0623\u0628\u0639\u0627\u062f \u0645\u0646\u0638\u0648\u0631\u064b\u0627 \u063a\u064a\u0631 \u0645\u0633\u0628\u0648\u0642 \u0644\u0644\u0645\u0648\u0627\u0631\u062f \u0627\u0644\u062c\u0648\u0641\u064a\u0629\u060c \u0645\u0645\u0627 \u064a\u0633\u0647\u0644 \u062a\u062d\u062f\u064a\u062f \u0627\u0644\u0631\u0648\u0627\u0633\u0628 \u0627\u0644\u0645\u0639\u062f\u0646\u064a\u0629\u060c \u0648\u062a\u062e\u0637\u064a\u0637 \u0637\u0631\u0642 \u0627\u0644\u0627\u0633\u062a\u0643\u0634\u0627\u0641\u060c \u0648\u062d\u062a\u0649 \u0645\u062d\u0627\u0643\u0627\u0629 \u0627\u0644\u0639\u0645\u0644\u064a\u0627\u062a \u0627\u0644\u062c\u064a\u0648\u0644\u0648\u062c\u064a\u0629 \u0627\u0644\u0645\u0639\u0642\u062f\u0629.\u00a0<\/p><p>\u062a\u0633\u062a\u0641\u064a\u062f \u0627\u0644\u0634\u0631\u0643\u0627\u062a \u0623\u064a\u0636\u064b\u0627 \u0645\u0646 \u0647\u0630\u0647 \u0627\u0644\u062a\u0643\u0646\u0648\u0644\u0648\u062c\u064a\u0627 \u0644\u062a\u0648\u0642\u0639 \u0627\u0644\u062a\u062d\u062f\u064a\u0627\u062a \u0627\u0644\u0645\u062d\u062a\u0645\u0644\u0629 \u0627\u0644\u0645\u062a\u0639\u0644\u0642\u0629 \u0628\u0627\u0644\u062a\u0636\u0627\u0631\u064a\u0633 \u0648\u062a\u062d\u0633\u064a\u0646 \u062a\u0635\u0645\u064a\u0645 \u0627\u0644\u0647\u064a\u0627\u0643\u0644 \u0628\u0646\u0627\u0621\u064b \u0639\u0644\u0649 \u062e\u0635\u0627\u0626\u0635 \u0627\u0644\u062a\u0631\u0628\u0629.<\/p>\t\t\t\t\t\t\t\t<\/div>\n\t\t\t\t<\/div>\n\t\t\t\t\t<\/div>\n\t\t<\/div>\n\t\t\t\t<div class=\"elementor-column elementor-col-33 elementor-top-column elementor-element elementor-element-7770c25\" data-id=\"7770c25\" data-element_type=\"column\" data-e-type=\"column\">\n\t\t\t<div class=\"elementor-widget-wrap elementor-element-populated\">\n\t\t\t\t\t\t<div class=\"elementor-element elementor-element-e30e6eb elementor-widget__width-initial elementor-hidden-mobile elementor-widget elementor-widget-image\" data-id=\"e30e6eb\" data-element_type=\"widget\" data-e-type=\"widget\" data-widget_type=\"image.default\">\n\t\t\t\t<div class=\"elementor-widget-container\">\n\t\t\t\t\t\t\t\t\t\t\t\t\t\t\t<img fetchpriority=\"high\" decoding=\"async\" width=\"683\" height=\"1024\" src=\"https:\/\/amatab.com\/wp-content\/uploads\/2023\/11\/gros-plan-artiste-numerique-travaillant-modele-3d-pour-ameliorer-geometrie-optimiser-projet-personne-industrie-graphique-hautes-competences-modelisation-travaillant-technologie-logicielle-avancee-683x1024.jpg\" class=\"attachment-large size-large wp-image-11240\" alt=\"\" srcset=\"https:\/\/amatab.com\/wp-content\/uploads\/2023\/11\/gros-plan-artiste-numerique-travaillant-modele-3d-pour-ameliorer-geometrie-optimiser-projet-personne-industrie-graphique-hautes-competences-modelisation-travaillant-technologie-logicielle-avancee-683x1024.jpg 683w, https:\/\/amatab.com\/wp-content\/uploads\/2023\/11\/gros-plan-artiste-numerique-travaillant-modele-3d-pour-ameliorer-geometrie-optimiser-projet-personne-industrie-graphique-hautes-competences-modelisation-travaillant-technologie-logicielle-avancee-200x300.jpg 200w, https:\/\/amatab.com\/wp-content\/uploads\/2023\/11\/gros-plan-artiste-numerique-travaillant-modele-3d-pour-ameliorer-geometrie-optimiser-projet-personne-industrie-graphique-hautes-competences-modelisation-travaillant-technologie-logicielle-avancee-768x1152.jpg 768w, https:\/\/amatab.com\/wp-content\/uploads\/2023\/11\/gros-plan-artiste-numerique-travaillant-modele-3d-pour-ameliorer-geometrie-optimiser-projet-personne-industrie-graphique-hautes-competences-modelisation-travaillant-technologie-logicielle-avancee-1024x1536.jpg 1024w, https:\/\/amatab.com\/wp-content\/uploads\/2023\/11\/gros-plan-artiste-numerique-travaillant-modele-3d-pour-ameliorer-geometrie-optimiser-projet-personne-industrie-graphique-hautes-competences-modelisation-travaillant-technologie-logicielle-avancee-1365x2048.jpg 1365w, https:\/\/amatab.com\/wp-content\/uploads\/2023\/11\/gros-plan-artiste-numerique-travaillant-modele-3d-pour-ameliorer-geometrie-optimiser-projet-personne-industrie-graphique-hautes-competences-modelisation-travaillant-technologie-logicielle-avancee-1320x1980.jpg 1320w, https:\/\/amatab.com\/wp-content\/uploads\/2023\/11\/gros-plan-artiste-numerique-travaillant-modele-3d-pour-ameliorer-geometrie-optimiser-projet-personne-industrie-graphique-hautes-competences-modelisation-travaillant-technologie-logicielle-avancee-600x900.jpg 600w, https:\/\/amatab.com\/wp-content\/uploads\/2023\/11\/gros-plan-artiste-numerique-travaillant-modele-3d-pour-ameliorer-geometrie-optimiser-projet-personne-industrie-graphique-hautes-competences-modelisation-travaillant-technologie-logicielle-avancee-scaled.jpg 1707w\" sizes=\"(max-width: 683px) 100vw, 683px\" \/>\t\t\t\t\t\t\t\t\t\t\t\t\t\t\t<\/div>\n\t\t\t\t<\/div>\n\t\t\t\t\t<\/div>\n\t\t<\/div>\n\t\t\t\t<div class=\"elementor-column elementor-col-33 elementor-top-column elementor-element elementor-element-07d3db9\" data-id=\"07d3db9\" data-element_type=\"column\" data-e-type=\"column\">\n\t\t\t<div class=\"elementor-widget-wrap elementor-element-populated\">\n\t\t\t\t\t\t<div class=\"elementor-element elementor-element-4445918 elementor-widget elementor-widget-transx_links_list\" data-id=\"4445918\" data-element_type=\"widget\" data-e-type=\"widget\" data-widget_type=\"transx_links_list.default\">\n\t\t\t\t<div class=\"elementor-widget-container\">\n\t\t\t\t\t\n        <div class=\"transx_links_list_widget\">\n            <div class=\"transx_links_list_wrapper transx_view_type_2\">\n                <h5 class=\"transx_links_list_title\">\u062e\u062f\u0645\u0627\u062a \u0623\u062e\u0631\u0649<\/h5>\n\n                                            <a class=\"transx_links_list_item\" href=\"https:\/\/amatab.com\/ar\/services-geophysiques\/visualisation-en-2d\/\" >\n                                <img decoding=\"async\" class=\"transx_img--bg\" src=\"http:\/\/amatab.com\/wp-content\/uploads\/2023\/11\/image-recadree-jeune-femme-designer-scaled.jpg\" alt=\"Background Image\" \/>\n                                <h6>\u0627\u0644\u0646\u0645\u0630\u062c\u0629 \u0648\u0627\u0644\u062a\u0635\u0648\u064a\u0631<\/h6>\n                                <span class=\"transx_links_list_counter\">01<\/span>\n                            <\/a>\n                                                        <a class=\"transx_links_list_item\" href=\"https:\/\/amatab.com\/ar\/services-geophysiques\/imagerie\/\" >\n                                <img decoding=\"async\" class=\"transx_img--bg\" src=\"http:\/\/amatab.com\/wp-content\/uploads\/2023\/11\/photographe-masculin-explorant-environnement-urbain-esthetique-grunge-scaled.jpg\" alt=\"Background Image\" \/>\n                                <h6>\u062a\u0635\u0648\u064a\u0631<\/h6>\n                                <span class=\"transx_links_list_counter\">02<\/span>\n                            <\/a>\n                                                        <a class=\"transx_links_list_item\" href=\"https:\/\/amatab.com\/ar\/services-geophysiques\/cartographie\/\" >\n                                <img decoding=\"async\" class=\"transx_img--bg\" src=\"http:\/\/amatab.com\/wp-content\/uploads\/2023\/11\/vue-carte-voyage-du-monde-boussole-loupe-scaled.jpg\" alt=\"Background Image\" \/>\n                                <h6>\u0631\u0633\u0645 \u062e\u0631\u0627\u0626\u0637<\/h6>\n                                <span class=\"transx_links_list_counter\">03<\/span>\n                            <\/a>\n                                                            <\/div>\n        <\/div>\n\n        \t\t\t\t<\/div>\n\t\t\t\t<\/div>\n\t\t\t\t<div class=\"elementor-element elementor-element-22e822c elementor-widget elementor-widget-html\" data-id=\"22e822c\" data-element_type=\"widget\" data-e-type=\"widget\" data-widget_type=\"html.default\">\n\t\t\t\t<div class=\"elementor-widget-container\">\n\t\t\t\t\t<div class=\"transx_contact-trigger transx_contact-trigger--style-2\">\n\n\t<h4 class=\"transx_contact-trigger__title\">\u0647\u0644 \u062a\u062d\u062a\u0627\u062c \u0625\u0644\u0649 \u0639\u0631\u0636 \u0623\u0633\u0639\u0627\u0631 \u061f<\/h4>\n\n\t<p class=\"transx_contact-trigger__text\">\u0646\u062d\u0646 \u0647\u0646\u0627 \u0644\u062a\u0632\u0648\u064a\u062f\u0643 \u0628\u0633\u0631\u0639\u0629 \u0628\u0645\u0639\u0644\u0648\u0645\u0627\u062a \u0645\u0641\u0635\u0644\u0629 \u062d\u0648\u0644 \u0623\u0633\u0639\u0627\u0631\u0646\u0627<\/p>\n\n\t<a class=\"transx_button\" href=\"https:\/\/amatab.com\/ar\/services-geophysiques\/visualisation-en-3d\/obtenir-un-devis\/\">\n\t\t<span>\u0644\u0644\u062d\u0635\u0648\u0644 \u0639\u0644\u0649 \u0639\u0631\u0636 \u0623\u0633\u0639\u0627\u0631<\/span>\n\t\t<svg class=\"icon\">\n\t\t\t<svg viewbox=\"0 0 150 78.6\" xmlns=\"http:\/\/www.w3.org\/2000\/svg\"><path d=\"M0 31.5h150v12.7H0V31.5zM112.8-.1l30.9 31.5-8.8 9L104 8.9l8.8-9zm18.1 51l-18.4 18.8 8.9 9 18.4-18.8-8.9-9z\"\/><\/svg>\n\t\t<\/svg>\n\t<\/a>\n<\/div>\t\t\t\t<\/div>\n\t\t\t\t<\/div>\n\t\t\t\t\t<\/div>\n\t\t<\/div>\n\t\t\t\t\t<\/div>\n\t\t<\/section>\n\t\t\t\t<\/div>","protected":false},"excerpt":{"rendered":"<p>La visualisation en 3D constitue une avanc\u00e9e majeure dans la mani\u00e8re dont nous appr\u00e9hendons et utilisons les donn\u00e9es li\u00e9es au sous-sol. En transformant des donn\u00e9es brutes en mod\u00e8les tridimensionnels, cette technologie offre bien plus qu&rsquo;une simple repr\u00e9sentation visuelle ; elle cr\u00e9e une exp\u00e9rience immersive qui permet aux professionnels de divers domaines de gagner en compr\u00e9hension [&hellip;]<\/p>\n","protected":false},"author":5,"featured_media":1275,"parent":2998,"menu_order":6,"comment_status":"closed","ping_status":"closed","template":"","meta":{"om_disable_all_campaigns":false,"_uf_show_specific_survey":0,"_uf_disable_surveys":false,"footnotes":""},"folder":[],"class_list":["post-6913","page","type-page","status-publish","has-post-thumbnail","hentry"],"aioseo_notices":[],"_links":{"self":[{"href":"https:\/\/amatab.com\/ar\/wp-json\/wp\/v2\/pages\/6913","targetHints":{"allow":["GET"]}}],"collection":[{"href":"https:\/\/amatab.com\/ar\/wp-json\/wp\/v2\/pages"}],"about":[{"href":"https:\/\/amatab.com\/ar\/wp-json\/wp\/v2\/types\/page"}],"author":[{"embeddable":true,"href":"https:\/\/amatab.com\/ar\/wp-json\/wp\/v2\/users\/5"}],"replies":[{"embeddable":true,"href":"https:\/\/amatab.com\/ar\/wp-json\/wp\/v2\/comments?post=6913"}],"version-history":[{"count":34,"href":"https:\/\/amatab.com\/ar\/wp-json\/wp\/v2\/pages\/6913\/revisions"}],"predecessor-version":[{"id":16189,"href":"https:\/\/amatab.com\/ar\/wp-json\/wp\/v2\/pages\/6913\/revisions\/16189"}],"up":[{"embeddable":true,"href":"https:\/\/amatab.com\/ar\/wp-json\/wp\/v2\/pages\/2998"}],"wp:featuredmedia":[{"embeddable":true,"href":"https:\/\/amatab.com\/ar\/wp-json\/wp\/v2\/media\/1275"}],"wp:attachment":[{"href":"https:\/\/amatab.com\/ar\/wp-json\/wp\/v2\/media?parent=6913"}],"wp:term":[{"taxonomy":"folder","embeddable":true,"href":"https:\/\/amatab.com\/ar\/wp-json\/wp\/v2\/folder?post=6913"}],"curies":[{"name":"wp","href":"https:\/\/api.w.org\/{rel}","templated":true}]}}