{"id":6921,"date":"2023-11-01T16:47:14","date_gmt":"2023-11-01T15:47:14","guid":{"rendered":"https:\/\/amatab.com\/?page_id=6921"},"modified":"2024-02-08T15:51:06","modified_gmt":"2024-02-08T14:51:06","slug":"cartographie","status":"publish","type":"page","link":"https:\/\/amatab.com\/ar\/services-geophysiques\/cartographie\/","title":{"rendered":"\u0631\u0633\u0645 \u062e\u0631\u0627\u0626\u0637"},"content":{"rendered":"<div data-elementor-type=\"wp-page\" data-elementor-id=\"6921\" class=\"elementor elementor-6921\" data-elementor-post-type=\"page\">\n\t\t\t\t\t\t<section class=\"elementor-section elementor-top-section elementor-element elementor-element-f47a522 elementor-section-boxed elementor-section-height-default elementor-section-height-default\" data-id=\"f47a522\" data-element_type=\"section\" data-e-type=\"section\">\n\t\t\t\t\t\t<div class=\"elementor-container elementor-column-gap-default\">\n\t\t\t\t\t<div class=\"elementor-column elementor-col-33 elementor-top-column elementor-element elementor-element-a9d5e8d\" data-id=\"a9d5e8d\" data-element_type=\"column\" data-e-type=\"column\">\n\t\t\t<div class=\"elementor-widget-wrap elementor-element-populated\">\n\t\t\t\t\t\t<div class=\"elementor-element elementor-element-f32defa elementor-widget elementor-widget-text-editor\" data-id=\"f32defa\" data-element_type=\"widget\" data-e-type=\"widget\" data-widget_type=\"text-editor.default\">\n\t\t\t\t<div class=\"elementor-widget-container\">\n\t\t\t\t\t\t\t\t\t<p>\u0645\u0646 \u062e\u0644\u0627\u0644 \u0623\u062d\u062f\u062b \u0627\u0644\u062a\u0642\u0646\u064a\u0627\u062a \u0648\u0627\u0644\u062e\u0628\u0631\u0629 \u0627\u0644\u0645\u062a\u0639\u0645\u0642\u0629\u060c \u062a\u0643\u0634\u0641 \u0642\u062f\u0631\u062a\u0646\u0627 \u0639\u0644\u0649 \u0625\u0646\u062a\u0627\u062c \u062e\u0631\u0627\u0626\u0637 \u0645\u0641\u0635\u0644\u0629 \u0639\u0646 \u062a\u0643\u0648\u064a\u0646 \u0648\u0647\u064a\u0643\u0644 \u0628\u0627\u0637\u0646 \u0627\u0644\u0623\u0631\u0636 \u0628\u0637\u0631\u064a\u0642\u0629 \u0627\u0633\u062a\u062b\u0646\u0627\u0626\u064a\u0629.<\/p>\t\t\t\t\t\t\t\t<\/div>\n\t\t\t\t<\/div>\n\t\t\t\t<div class=\"elementor-element elementor-element-6485cd8 elementor-widget__width-initial elementor-hidden-desktop elementor-hidden-tablet elementor-widget elementor-widget-image\" data-id=\"6485cd8\" data-element_type=\"widget\" data-e-type=\"widget\" data-widget_type=\"image.default\">\n\t\t\t\t<div class=\"elementor-widget-container\">\n\t\t\t\t\t\t\t\t\t\t\t\t\t\t\t<img fetchpriority=\"high\" decoding=\"async\" width=\"731\" height=\"1024\" src=\"https:\/\/amatab.com\/wp-content\/uploads\/2023\/11\/vue-carte-voyage-du-monde-boussole-loupe-731x1024.jpg\" class=\"attachment-large size-large wp-image-11249\" alt=\"\" srcset=\"https:\/\/amatab.com\/wp-content\/uploads\/2023\/11\/vue-carte-voyage-du-monde-boussole-loupe-731x1024.jpg 731w, https:\/\/amatab.com\/wp-content\/uploads\/2023\/11\/vue-carte-voyage-du-monde-boussole-loupe-214x300.jpg 214w, https:\/\/amatab.com\/wp-content\/uploads\/2023\/11\/vue-carte-voyage-du-monde-boussole-loupe-768x1075.jpg 768w, https:\/\/amatab.com\/wp-content\/uploads\/2023\/11\/vue-carte-voyage-du-monde-boussole-loupe-1097x1536.jpg 1097w, https:\/\/amatab.com\/wp-content\/uploads\/2023\/11\/vue-carte-voyage-du-monde-boussole-loupe-1463x2048.jpg 1463w, https:\/\/amatab.com\/wp-content\/uploads\/2023\/11\/vue-carte-voyage-du-monde-boussole-loupe-1320x1848.jpg 1320w, https:\/\/amatab.com\/wp-content\/uploads\/2023\/11\/vue-carte-voyage-du-monde-boussole-loupe-600x840.jpg 600w, https:\/\/amatab.com\/wp-content\/uploads\/2023\/11\/vue-carte-voyage-du-monde-boussole-loupe-scaled.jpg 1828w\" sizes=\"(max-width: 731px) 100vw, 731px\" \/>\t\t\t\t\t\t\t\t\t\t\t\t\t\t\t<\/div>\n\t\t\t\t<\/div>\n\t\t\t\t<div class=\"elementor-element elementor-element-dfffdb6 elementor-widget elementor-widget-text-editor\" data-id=\"dfffdb6\" data-element_type=\"widget\" data-e-type=\"widget\" data-widget_type=\"text-editor.default\">\n\t\t\t\t<div class=\"elementor-widget-container\">\n\t\t\t\t\t\t\t\t\t<p>\u0633\u0648\u0627\u0621 \u0644\u0631\u0633\u0645 \u062e\u0631\u0627\u0626\u0637 \u0627\u0644\u0645\u0648\u0627\u0631\u062f \u0627\u0644\u0645\u0639\u062f\u0646\u064a\u0629 \u0623\u0648 \u062a\u0648\u0635\u064a\u0641 \u0627\u0644\u062a\u0631\u0628\u0629 \u0627\u0644\u062c\u064a\u0648\u062a\u0642\u0646\u064a\u0629 \u0623\u0648 \u0627\u0644\u062f\u0631\u0627\u0633\u0627\u062a \u0627\u0644\u0628\u064a\u0626\u064a\u0629 \u0627\u0644\u0645\u062a\u0639\u0645\u0642\u0629\u060c \u0641\u0625\u0646 \u062e\u0631\u0627\u0626\u0637\u0646\u0627 \u0645\u0635\u0645\u0645\u0629 \u0628\u062f\u0642\u0629 \u0644\u062a\u0648\u0641\u064a\u0631 \u0641\u0647\u0645 \u0628\u0635\u0631\u064a \u0648\u0627\u0636\u062d.<\/p><p>\u0625\u0646\u0647\u0627 \u0644\u064a\u0633\u062a \u0645\u062c\u0631\u062f \u062a\u0645\u062b\u064a\u0644\u0627\u062a \u0628\u064a\u0627\u0646\u064a\u0629\u060c \u0648\u0644\u0643\u0646\u0647\u0627 \u0623\u062f\u0644\u0629 \u0644\u0627 \u062a\u0642\u062f\u0631 \u0628\u062b\u0645\u0646 \u0644\u0635\u0646\u0639 \u0627\u0644\u0642\u0631\u0627\u0631 \u0648\u062a\u062e\u0637\u064a\u0637 \u0627\u0644\u0645\u0634\u0627\u0631\u064a\u0639 \u0648\u0625\u062f\u0627\u0631\u0629 \u0627\u0644\u0645\u0648\u0627\u0631\u062f.<\/p><p>\u062a\u0644\u0639\u0628 \u062e\u0631\u0627\u0626\u0637\u0646\u0627 \u062f\u0648\u0631\u064b\u0627 \u0645\u0647\u0645\u064b\u0627 \u0641\u064a \u0645\u0633\u0627\u0639\u062f\u062a\u0643 \u0639\u0644\u0649 \u0625\u0643\u0645\u0627\u0644 \u0645\u0634\u0627\u0631\u064a\u0639\u0643 \u0628\u0646\u062c\u0627\u062d\u060c \u0645\u0645\u0627 \u064a\u0645\u0646\u062d\u0643 \u0646\u0638\u0631\u0629 \u062a\u0641\u0635\u064a\u0644\u064a\u0629 \u0639\u0644\u0649 \u0627\u0644\u0637\u0627\u0628\u0642 \u0627\u0644\u0633\u0641\u0644\u064a \u0627\u0644\u0636\u0631\u0648\u0631\u064a \u0644\u0646\u062c\u0627\u062d \u0645\u0628\u0627\u062f\u0631\u0627\u062a\u0643.<\/p>\t\t\t\t\t\t\t\t<\/div>\n\t\t\t\t<\/div>\n\t\t\t\t\t<\/div>\n\t\t<\/div>\n\t\t\t\t<div class=\"elementor-column elementor-col-33 elementor-top-column elementor-element elementor-element-51ac2ab\" data-id=\"51ac2ab\" data-element_type=\"column\" data-e-type=\"column\">\n\t\t\t<div class=\"elementor-widget-wrap elementor-element-populated\">\n\t\t\t\t\t\t<div class=\"elementor-element elementor-element-f36cf6c elementor-widget__width-initial elementor-hidden-mobile elementor-widget elementor-widget-image\" data-id=\"f36cf6c\" data-element_type=\"widget\" data-e-type=\"widget\" data-widget_type=\"image.default\">\n\t\t\t\t<div class=\"elementor-widget-container\">\n\t\t\t\t\t\t\t\t\t\t\t\t\t\t\t<img fetchpriority=\"high\" decoding=\"async\" width=\"731\" height=\"1024\" src=\"https:\/\/amatab.com\/wp-content\/uploads\/2023\/11\/vue-carte-voyage-du-monde-boussole-loupe-731x1024.jpg\" class=\"attachment-large size-large wp-image-11249\" alt=\"\" srcset=\"https:\/\/amatab.com\/wp-content\/uploads\/2023\/11\/vue-carte-voyage-du-monde-boussole-loupe-731x1024.jpg 731w, https:\/\/amatab.com\/wp-content\/uploads\/2023\/11\/vue-carte-voyage-du-monde-boussole-loupe-214x300.jpg 214w, https:\/\/amatab.com\/wp-content\/uploads\/2023\/11\/vue-carte-voyage-du-monde-boussole-loupe-768x1075.jpg 768w, https:\/\/amatab.com\/wp-content\/uploads\/2023\/11\/vue-carte-voyage-du-monde-boussole-loupe-1097x1536.jpg 1097w, https:\/\/amatab.com\/wp-content\/uploads\/2023\/11\/vue-carte-voyage-du-monde-boussole-loupe-1463x2048.jpg 1463w, https:\/\/amatab.com\/wp-content\/uploads\/2023\/11\/vue-carte-voyage-du-monde-boussole-loupe-1320x1848.jpg 1320w, https:\/\/amatab.com\/wp-content\/uploads\/2023\/11\/vue-carte-voyage-du-monde-boussole-loupe-600x840.jpg 600w, https:\/\/amatab.com\/wp-content\/uploads\/2023\/11\/vue-carte-voyage-du-monde-boussole-loupe-scaled.jpg 1828w\" sizes=\"(max-width: 731px) 100vw, 731px\" \/>\t\t\t\t\t\t\t\t\t\t\t\t\t\t\t<\/div>\n\t\t\t\t<\/div>\n\t\t\t\t\t<\/div>\n\t\t<\/div>\n\t\t\t\t<div class=\"elementor-column elementor-col-33 elementor-top-column elementor-element elementor-element-aecac65\" data-id=\"aecac65\" data-element_type=\"column\" data-e-type=\"column\">\n\t\t\t<div class=\"elementor-widget-wrap elementor-element-populated\">\n\t\t\t\t\t\t<div class=\"elementor-element elementor-element-39227c8 elementor-widget elementor-widget-transx_links_list\" data-id=\"39227c8\" data-element_type=\"widget\" data-e-type=\"widget\" data-widget_type=\"transx_links_list.default\">\n\t\t\t\t<div class=\"elementor-widget-container\">\n\t\t\t\t\t\n        <div class=\"transx_links_list_widget\">\n            <div class=\"transx_links_list_wrapper transx_view_type_2\">\n                <h5 class=\"transx_links_list_title\">\u062e\u062f\u0645\u0627\u062a \u0623\u062e\u0631\u0649<\/h5>\n\n                                            <a class=\"transx_links_list_item\" href=\"https:\/\/amatab.com\/ar\/services-geophysiques\/visualisation-en-3d\/\" >\n                                <img decoding=\"async\" class=\"transx_img--bg\" src=\"http:\/\/amatab.com\/wp-content\/uploads\/2023\/11\/gros-plan-artiste-numerique-travaillant-modele-3d-pour-ameliorer-geometrie-optimiser-projet-personne-industrie-graphique-hautes-competences-modelisation-travaillant-technologie-logicielle-avancee-scaled.jpg\" alt=\"Background Image\" \/>\n                                <h6>\u062a\u0635\u0648\u0631 \u062b\u0644\u0627\u062b\u064a \u0627\u0644\u0623\u0628\u0639\u0627\u062f<\/h6>\n                                <span class=\"transx_links_list_counter\">01<\/span>\n                            <\/a>\n                                                        <a class=\"transx_links_list_item\" href=\"https:\/\/amatab.com\/ar\/services-geophysiques\/imagerie\/\" >\n                                <img decoding=\"async\" class=\"transx_img--bg\" src=\"http:\/\/amatab.com\/wp-content\/uploads\/2023\/11\/photographe-masculin-explorant-environnement-urbain-esthetique-grunge-scaled.jpg\" alt=\"Background Image\" \/>\n                                <h6>\u062a\u0635\u0648\u064a\u0631<\/h6>\n                                <span class=\"transx_links_list_counter\">02<\/span>\n                            <\/a>\n                                                        <a class=\"transx_links_list_item\" href=\"https:\/\/amatab.com\/ar\/services-geophysiques\/visualisation-en-2d\/\" >\n                                <img decoding=\"async\" class=\"transx_img--bg\" src=\"http:\/\/amatab.com\/wp-content\/uploads\/2023\/11\/image-recadree-jeune-femme-designer-scaled.jpg\" alt=\"Background Image\" \/>\n                                <h6>\u0627\u0644\u0646\u0645\u0630\u062c\u0629 \u0648\u0627\u0644\u062a\u0635\u0648\u064a\u0631<\/h6>\n                                <span class=\"transx_links_list_counter\">03<\/span>\n                            <\/a>\n                                                            <\/div>\n        <\/div>\n\n        \t\t\t\t<\/div>\n\t\t\t\t<\/div>\n\t\t\t\t<div class=\"elementor-element elementor-element-69084ff elementor-widget elementor-widget-html\" data-id=\"69084ff\" data-element_type=\"widget\" data-e-type=\"widget\" data-widget_type=\"html.default\">\n\t\t\t\t<div class=\"elementor-widget-container\">\n\t\t\t\t\t<div class=\"transx_contact-trigger transx_contact-trigger--style-2\">\n\n\n\t<h4 class=\"transx_contact-trigger__title\">\u0647\u0644 \u062a\u062d\u062a\u0627\u062c \u0625\u0644\u0649 \u0639\u0631\u0636 \u0623\u0633\u0639\u0627\u0631 \u061f<\/h4>\n\n\t<p class=\"transx_contact-trigger__text\">\u0646\u062d\u0646 \u0647\u0646\u0627 \u0644\u062a\u0632\u0648\u064a\u062f\u0643 \u0628\u0633\u0631\u0639\u0629 \u0628\u0645\u0639\u0644\u0648\u0645\u0627\u062a \u0645\u0641\u0635\u0644\u0629 \u062d\u0648\u0644 \u0623\u0633\u0639\u0627\u0631\u0646\u0627<\/p>\n\n\t<a class=\"transx_button\" href=\"https:\/\/amatab.com\/ar\/services-geophysiques\/cartographie\/obtenir-un-devis\/\">\n\t\t<span>\u0644\u0644\u062d\u0635\u0648\u0644 \u0639\u0644\u0649 \u0639\u0631\u0636 \u0623\u0633\u0639\u0627\u0631<\/span>\n\t\t<svg class=\"icon\">\n\t\t\t<svg viewbox=\"0 0 150 78.6\" xmlns=\"http:\/\/www.w3.org\/2000\/svg\"><path d=\"M0 31.5h150v12.7H0V31.5zM112.8-.1l30.9 31.5-8.8 9L104 8.9l8.8-9zm18.1 51l-18.4 18.8 8.9 9 18.4-18.8-8.9-9z\"\/><\/svg>\n\t\t<\/svg>\n\t<\/a>\n<\/div>\t\t\t\t<\/div>\n\t\t\t\t<\/div>\n\t\t\t\t\t<\/div>\n\t\t<\/div>\n\t\t\t\t\t<\/div>\n\t\t<\/section>\n\t\t\t\t<\/div>","protected":false},"excerpt":{"rendered":"<p>Gr\u00e2ce \u00e0 des techniques de pointe et une expertise approfondie, notre capacit\u00e9 \u00e0 produire des cartes d\u00e9taill\u00e9es r\u00e9v\u00e8le la composition et la structure du sous-sol de mani\u00e8re exceptionnelle. Que ce soit pour la cartographie des ressources min\u00e9rales, la caract\u00e9risation g\u00e9otechnique des sols, ou des \u00e9tudes environnementales approfondies, nos cartes sont con\u00e7ues avec pr\u00e9cision pour offrir [&hellip;]<\/p>\n","protected":false},"author":5,"featured_media":1275,"parent":2998,"menu_order":21,"comment_status":"closed","ping_status":"closed","template":"","meta":{"om_disable_all_campaigns":false,"_uf_show_specific_survey":0,"_uf_disable_surveys":false,"footnotes":""},"folder":[],"class_list":["post-6921","page","type-page","status-publish","has-post-thumbnail","hentry"],"aioseo_notices":[],"_links":{"self":[{"href":"https:\/\/amatab.com\/ar\/wp-json\/wp\/v2\/pages\/6921","targetHints":{"allow":["GET"]}}],"collection":[{"href":"https:\/\/amatab.com\/ar\/wp-json\/wp\/v2\/pages"}],"about":[{"href":"https:\/\/amatab.com\/ar\/wp-json\/wp\/v2\/types\/page"}],"author":[{"embeddable":true,"href":"https:\/\/amatab.com\/ar\/wp-json\/wp\/v2\/users\/5"}],"replies":[{"embeddable":true,"href":"https:\/\/amatab.com\/ar\/wp-json\/wp\/v2\/comments?post=6921"}],"version-history":[{"count":40,"href":"https:\/\/amatab.com\/ar\/wp-json\/wp\/v2\/pages\/6921\/revisions"}],"predecessor-version":[{"id":16208,"href":"https:\/\/amatab.com\/ar\/wp-json\/wp\/v2\/pages\/6921\/revisions\/16208"}],"up":[{"embeddable":true,"href":"https:\/\/amatab.com\/ar\/wp-json\/wp\/v2\/pages\/2998"}],"wp:featuredmedia":[{"embeddable":true,"href":"https:\/\/amatab.com\/ar\/wp-json\/wp\/v2\/media\/1275"}],"wp:attachment":[{"href":"https:\/\/amatab.com\/ar\/wp-json\/wp\/v2\/media?parent=6921"}],"wp:term":[{"taxonomy":"folder","embeddable":true,"href":"https:\/\/amatab.com\/ar\/wp-json\/wp\/v2\/folder?post=6921"}],"curies":[{"name":"wp","href":"https:\/\/api.w.org\/{rel}","templated":true}]}}