{"id":7218,"date":"2023-11-02T15:59:02","date_gmt":"2023-11-02T14:59:02","guid":{"rendered":"https:\/\/amatab.com\/?page_id=7218"},"modified":"2024-01-31T15:43:33","modified_gmt":"2024-01-31T14:43:33","slug":"approvisionnement-et-nettoyage","status":"publish","type":"page","link":"https:\/\/amatab.com\/ar\/services-petroliers\/approvisionnement-et-nettoyage\/","title":{"rendered":"\u0627\u0644\u062a\u0648\u0631\u064a\u062f \u0648\u0627\u0644\u062a\u0646\u0638\u064a\u0641"},"content":{"rendered":"<div data-elementor-type=\"wp-page\" data-elementor-id=\"7218\" class=\"elementor elementor-7218\" data-elementor-post-type=\"page\">\n\t\t\t\t\t\t<section class=\"elementor-section elementor-top-section elementor-element elementor-element-6eac438 elementor-section-boxed elementor-section-height-default elementor-section-height-default\" data-id=\"6eac438\" data-element_type=\"section\" data-e-type=\"section\">\n\t\t\t\t\t\t<div class=\"elementor-container elementor-column-gap-default\">\n\t\t\t\t\t<div class=\"elementor-column elementor-col-33 elementor-top-column elementor-element elementor-element-e7c5940\" data-id=\"e7c5940\" data-element_type=\"column\" data-e-type=\"column\">\n\t\t\t<div class=\"elementor-widget-wrap elementor-element-populated\">\n\t\t\t\t\t\t<div class=\"elementor-element elementor-element-fcbe103 elementor-widget elementor-widget-text-editor\" data-id=\"fcbe103\" data-element_type=\"widget\" data-e-type=\"widget\" data-widget_type=\"text-editor.default\">\n\t\t\t\t<div class=\"elementor-widget-container\">\n\t\t\t\t\t\t\t\t\t<p>\u0627\u0644\u0641\u0631\u064a\u0642 \u0627\u0644\u0635\u062d\u064a \u0648\u0627\u0644\u0631\u0627\u0636\u064a \u0647\u0648 \u0645\u0641\u062a\u0627\u062d \u0627\u0644\u0623\u062f\u0627\u0621 \u0627\u0644\u0623\u0645\u062b\u0644 \u0641\u064a \u0627\u0644\u0645\u064a\u062f\u0627\u0646. \u0644\u0647\u0630\u0627 \u0627\u0644\u0633\u0628\u0628 \u0646\u062d\u0646 \u0645\u0644\u062a\u0632\u0645\u0648\u0646 \u0628\u062a\u0644\u0628\u064a\u0629 \u0627\u062d\u062a\u064a\u0627\u062c\u0627\u062a\u0647\u0645 \u0627\u0644\u063a\u0630\u0627\u0626\u064a\u0629 \u0627\u0644\u0623\u0633\u0627\u0633\u064a\u0629 \u0648\u0627\u0644\u0646\u0638\u0627\u0641\u0629.<\/p><p>\u064a\u0636\u0645\u0646 \u0646\u0647\u062c\u0646\u0627 \u0627\u0644\u0634\u0627\u0645\u0644 \u062d\u0635\u0648\u0644 \u0645\u0648\u0638\u0641\u064a\u0643 \u0639\u0644\u0649 \u0648\u062c\u0628\u0627\u062a \u062c\u064a\u062f\u0629 \u0648\u0645\u063a\u0630\u064a\u0629 \u0645\u0635\u0645\u0645\u0629 \u062e\u0635\u064a\u0635\u064b\u0627 \u0644\u0627\u062d\u062a\u064a\u0627\u062c\u0627\u062a\u0647\u0645 \u0645\u0646 \u0627\u0644\u0637\u0627\u0642\u0629\u060c \u0645\u0645\u0627 \u064a\u0633\u0627\u0647\u0645 \u0641\u064a \u0631\u0641\u0627\u0647\u064a\u062a\u0647\u0645 \u0648\u0641\u0639\u0627\u0644\u064a\u062a\u0647\u0645 \u0641\u064a \u0647\u0630\u0627 \u0627\u0644\u0645\u062c\u0627\u0644.<\/p><p>\u0628\u0627\u0644\u0625\u0636\u0627\u0641\u0629 \u0625\u0644\u0649 \u0630\u0644\u0643\u060c \u0646\u0648\u0644\u064a \u0627\u0647\u062a\u0645\u0627\u0645\u064b\u0627 \u062e\u0627\u0635\u064b\u0627 \u0644\u0644\u0646\u0638\u0627\u0641\u0629 \u0645\u0646 \u062e\u0644\u0627\u0644 \u062a\u0648\u0641\u064a\u0631 \u0645\u0631\u0627\u0641\u0642 \u0635\u062d\u064a\u0629 \u062c\u064a\u062f\u0629 \u0627\u0644\u0635\u064a\u0627\u0646\u0629 \u0648\u0645\u0646\u062a\u062c\u0627\u062a \u062a\u0646\u0638\u064a\u0641 \u0639\u0627\u0644\u064a\u0629 \u0627\u0644\u062c\u0648\u062f\u0629 \u0648\u0636\u0645\u0627\u0646 \u0627\u0644\u0627\u0645\u062a\u062b\u0627\u0644 \u0644\u0644\u0645\u0639\u0627\u064a\u064a\u0631 \u0627\u0644\u0635\u062d\u064a\u0629 \u0627\u0644\u0635\u0627\u0631\u0645\u0629.<\/p>\t\t\t\t\t\t\t\t<\/div>\n\t\t\t\t<\/div>\n\t\t\t\t\t<\/div>\n\t\t<\/div>\n\t\t\t\t<div class=\"elementor-column elementor-col-33 elementor-top-column elementor-element elementor-element-af8bdcd\" data-id=\"af8bdcd\" data-element_type=\"column\" data-e-type=\"column\">\n\t\t\t<div class=\"elementor-widget-wrap elementor-element-populated\">\n\t\t\t\t\t\t<div class=\"elementor-element elementor-element-fb41eb2 elementor-widget__width-initial elementor-widget elementor-widget-image\" data-id=\"fb41eb2\" data-element_type=\"widget\" data-e-type=\"widget\" data-widget_type=\"image.default\">\n\t\t\t\t<div class=\"elementor-widget-container\">\n\t\t\t\t\t\t\t\t\t\t\t\t\t\t\t<img fetchpriority=\"high\" decoding=\"async\" width=\"684\" height=\"1024\" src=\"https:\/\/amatab.com\/wp-content\/uploads\/2023\/11\/vue-dessus-nourriture-boissons-delicieuses-684x1024.jpg\" class=\"attachment-large size-large wp-image-11493\" alt=\"\" srcset=\"https:\/\/amatab.com\/wp-content\/uploads\/2023\/11\/vue-dessus-nourriture-boissons-delicieuses-684x1024.jpg 684w, https:\/\/amatab.com\/wp-content\/uploads\/2023\/11\/vue-dessus-nourriture-boissons-delicieuses-200x300.jpg 200w, https:\/\/amatab.com\/wp-content\/uploads\/2023\/11\/vue-dessus-nourriture-boissons-delicieuses-768x1150.jpg 768w, https:\/\/amatab.com\/wp-content\/uploads\/2023\/11\/vue-dessus-nourriture-boissons-delicieuses-1025x1536.jpg 1025w, https:\/\/amatab.com\/wp-content\/uploads\/2023\/11\/vue-dessus-nourriture-boissons-delicieuses-1367x2048.jpg 1367w, https:\/\/amatab.com\/wp-content\/uploads\/2023\/11\/vue-dessus-nourriture-boissons-delicieuses-1320x1977.jpg 1320w, https:\/\/amatab.com\/wp-content\/uploads\/2023\/11\/vue-dessus-nourriture-boissons-delicieuses-600x899.jpg 600w, https:\/\/amatab.com\/wp-content\/uploads\/2023\/11\/vue-dessus-nourriture-boissons-delicieuses-scaled.jpg 1709w\" sizes=\"(max-width: 684px) 100vw, 684px\" \/>\t\t\t\t\t\t\t\t\t\t\t\t\t\t\t<\/div>\n\t\t\t\t<\/div>\n\t\t\t\t\t<\/div>\n\t\t<\/div>\n\t\t\t\t<div class=\"elementor-column elementor-col-33 elementor-top-column elementor-element elementor-element-c355fc5\" data-id=\"c355fc5\" data-element_type=\"column\" data-e-type=\"column\">\n\t\t\t<div class=\"elementor-widget-wrap elementor-element-populated\">\n\t\t\t\t\t\t<div class=\"elementor-element elementor-element-01c0542 elementor-widget elementor-widget-transx_links_list\" data-id=\"01c0542\" data-element_type=\"widget\" data-e-type=\"widget\" data-widget_type=\"transx_links_list.default\">\n\t\t\t\t<div class=\"elementor-widget-container\">\n\t\t\t\t\t\n        <div class=\"transx_links_list_widget\">\n            <div class=\"transx_links_list_wrapper transx_view_type_2\">\n                <h5 class=\"transx_links_list_title\">\u062e\u062f\u0645\u0627\u062a \u0623\u062e\u0631\u0649<\/h5>\n\n                                            <a class=\"transx_links_list_item\" href=\"https:\/\/amatab.com\/ar\/services-petroliers\/mesures-de-protection\/\" >\n                                <img decoding=\"async\" class=\"transx_img--bg\" src=\"http:\/\/amatab.com\/wp-content\/uploads\/2023\/10\/side-view-male-worker-with-protective-glasses-reflective-vest_23-2148773500.jpg\" alt=\"Background Image\" \/>\n                                <h6>\u062a\u062f\u0627\u0628\u064a\u0631 \u0648\u0642\u0627\u0626\u064a\u0629<\/h6>\n                                <span class=\"transx_links_list_counter\">01<\/span>\n                            <\/a>\n                                                        <a class=\"transx_links_list_item\" href=\"https:\/\/amatab.com\/ar\/services-petroliers\/services-medicaux-2\/\" >\n                                <img decoding=\"async\" class=\"transx_img--bg\" src=\"http:\/\/amatab.com\/wp-content\/uploads\/2023\/11\/medecin-posant-stethoscope-scaled.jpg\" alt=\"Background Image\" \/>\n                                <h6>\u0627\u0644\u062e\u062f\u0645\u0627\u062a \u0627\u0644\u0635\u062d\u064a\u0629<\/h6>\n                                <span class=\"transx_links_list_counter\">02<\/span>\n                            <\/a>\n                                                        <a class=\"transx_links_list_item\" href=\"https:\/\/amatab.com\/ar\/services-petroliers\/securite-professionnelle-et-materiel-de-securite\/\" >\n                                <img decoding=\"async\" class=\"transx_img--bg\" src=\"http:\/\/amatab.com\/wp-content\/uploads\/2023\/11\/champs-parcs-eoliens-4-scaled.jpg\" alt=\"Background Image\" \/>\n                                <h6>\u0645\u0639\u062f\u0627\u062a \u0627\u0644\u0633\u0644\u0627\u0645\u0629 \u0627\u0644\u0645\u0647\u0646\u064a\u0629<\/h6>\n                                <span class=\"transx_links_list_counter\">03<\/span>\n                            <\/a>\n                                                        <a class=\"transx_links_list_item\" href=\"https:\/\/amatab.com\/ar\/services-petroliers\/services-transport\/\" >\n                                <img decoding=\"async\" class=\"transx_img--bg\" src=\"http:\/\/amatab.com\/wp-content\/uploads\/2023\/11\/conductrice-professionnelle-au-travail-scaled.jpg\" alt=\"Background Image\" \/>\n                                <h6>\u062e\u062f\u0645\u0627\u062a \u0646\u0642\u0644<\/h6>\n                                <span class=\"transx_links_list_counter\">04<\/span>\n                            <\/a>\n                                                            <\/div>\n        <\/div>\n\n        \t\t\t\t<\/div>\n\t\t\t\t<\/div>\n\t\t\t\t<div class=\"elementor-element elementor-element-5599663 elementor-widget elementor-widget-html\" data-id=\"5599663\" data-element_type=\"widget\" data-e-type=\"widget\" data-widget_type=\"html.default\">\n\t\t\t\t<div class=\"elementor-widget-container\">\n\t\t\t\t\t<div class=\"transx_contact-trigger transx_contact-trigger--style-2\">\n\n\n\t<h4 class=\"transx_contact-trigger__title\">\u0647\u0644 \u062a\u062d\u062a\u0627\u062c \u0625\u0644\u0649 \u0639\u0631\u0636 \u0623\u0633\u0639\u0627\u0631 \u061f<\/h4>\n\n\t<p class=\"transx_contact-trigger__text\">\u0646\u062d\u0646 \u0647\u0646\u0627 \u0644\u062a\u0632\u0648\u064a\u062f\u0643 \u0628\u0633\u0631\u0639\u0629 \u0628\u0645\u0639\u0644\u0648\u0645\u0627\u062a \u0645\u0641\u0635\u0644\u0629 \u062d\u0648\u0644 \u0623\u0633\u0639\u0627\u0631\u0646\u0627<\/p>\n\n\t<a class=\"transx_button\" href=\"https:\/\/amatab.com\/ar\/services-petroliers\/approvisionnement-et-nettoyage\/obtenir-un-devis\/\">\n\t\t<span>\u0644\u0644\u062d\u0635\u0648\u0644 \u0639\u0644\u0649 \u0639\u0631\u0636 \u0623\u0633\u0639\u0627\u0631<\/span>\n\t\t<svg class=\"icon\">\n\t\t\t<svg viewbox=\"0 0 150 78.6\" xmlns=\"http:\/\/www.w3.org\/2000\/svg\"><path d=\"M0 31.5h150v12.7H0V31.5zM112.8-.1l30.9 31.5-8.8 9L104 8.9l8.8-9zm18.1 51l-18.4 18.8 8.9 9 18.4-18.8-8.9-9z\"\/><\/svg>\n\t\t<\/svg>\n\t<\/a>\n<\/div>\t\t\t\t<\/div>\n\t\t\t\t<\/div>\n\t\t\t\t\t<\/div>\n\t\t<\/div>\n\t\t\t\t\t<\/div>\n\t\t<\/section>\n\t\t\t\t<\/div>","protected":false},"excerpt":{"rendered":"<p>Une \u00e9quipe en bonne sant\u00e9 et satisfaite est la cl\u00e9 de performances optimales sur le terrain.C\u2019est pourquoi nous nous engageons \u00e0 r\u00e9pondre \u00e0 leurs besoins essentiels en mati\u00e8re d&rsquo;approvisionnement alimentaire et d&rsquo;hygi\u00e8ne. Notre approche globale garantit que votre personnel dispose de repas de qualit\u00e9, nutritifs et adapt\u00e9s \u00e0 leurs besoins \u00e9nerg\u00e9tiques, contribuant ainsi \u00e0 leur [&hellip;]<\/p>\n","protected":false},"author":5,"featured_media":1275,"parent":3429,"menu_order":22,"comment_status":"closed","ping_status":"closed","template":"","meta":{"om_disable_all_campaigns":false,"_uf_show_specific_survey":0,"_uf_disable_surveys":false,"footnotes":""},"folder":[],"class_list":["post-7218","page","type-page","status-publish","has-post-thumbnail","hentry"],"aioseo_notices":[],"_links":{"self":[{"href":"https:\/\/amatab.com\/ar\/wp-json\/wp\/v2\/pages\/7218","targetHints":{"allow":["GET"]}}],"collection":[{"href":"https:\/\/amatab.com\/ar\/wp-json\/wp\/v2\/pages"}],"about":[{"href":"https:\/\/amatab.com\/ar\/wp-json\/wp\/v2\/types\/page"}],"author":[{"embeddable":true,"href":"https:\/\/amatab.com\/ar\/wp-json\/wp\/v2\/users\/5"}],"replies":[{"embeddable":true,"href":"https:\/\/amatab.com\/ar\/wp-json\/wp\/v2\/comments?post=7218"}],"version-history":[{"count":61,"href":"https:\/\/amatab.com\/ar\/wp-json\/wp\/v2\/pages\/7218\/revisions"}],"predecessor-version":[{"id":16116,"href":"https:\/\/amatab.com\/ar\/wp-json\/wp\/v2\/pages\/7218\/revisions\/16116"}],"up":[{"embeddable":true,"href":"https:\/\/amatab.com\/ar\/wp-json\/wp\/v2\/pages\/3429"}],"wp:featuredmedia":[{"embeddable":true,"href":"https:\/\/amatab.com\/ar\/wp-json\/wp\/v2\/media\/1275"}],"wp:attachment":[{"href":"https:\/\/amatab.com\/ar\/wp-json\/wp\/v2\/media?parent=7218"}],"wp:term":[{"taxonomy":"folder","embeddable":true,"href":"https:\/\/amatab.com\/ar\/wp-json\/wp\/v2\/folder?post=7218"}],"curies":[{"name":"wp","href":"https:\/\/api.w.org\/{rel}","templated":true}]}}