{"id":7311,"date":"2023-11-03T11:29:50","date_gmt":"2023-11-03T10:29:50","guid":{"rendered":"https:\/\/amatab.com\/?page_id=7311"},"modified":"2024-02-03T10:46:00","modified_gmt":"2024-02-03T09:46:00","slug":"transport-durgence","status":"publish","type":"page","link":"https:\/\/amatab.com\/ar\/services-petroliers\/transport-durgence\/","title":{"rendered":"Transport d&rsquo;urgence"},"content":{"rendered":"<div data-elementor-type=\"wp-page\" data-elementor-id=\"7311\" class=\"elementor elementor-7311\" data-elementor-post-type=\"page\">\n\t\t\t\t\t\t<section class=\"elementor-section elementor-top-section elementor-element elementor-element-91e9749 elementor-section-boxed elementor-section-height-default elementor-section-height-default\" data-id=\"91e9749\" data-element_type=\"section\" data-e-type=\"section\">\n\t\t\t\t\t\t<div class=\"elementor-container elementor-column-gap-default\">\n\t\t\t\t\t<div class=\"elementor-column elementor-col-33 elementor-top-column elementor-element elementor-element-7791b3c\" data-id=\"7791b3c\" data-element_type=\"column\" data-e-type=\"column\">\n\t\t\t<div class=\"elementor-widget-wrap elementor-element-populated\">\n\t\t\t\t\t\t<div class=\"elementor-element elementor-element-fdc9395 elementor-widget elementor-widget-text-editor\" data-id=\"fdc9395\" data-element_type=\"widget\" data-e-type=\"widget\" data-widget_type=\"text-editor.default\">\n\t\t\t\t<div class=\"elementor-widget-container\">\n\t\t\t\t\t\t\t\t\t<p>Dans l&rsquo;industrie p\u00e9troli\u00e8re, des situations d&rsquo;urgence peuvent survenir \u00e0 tout moment.\u00a0<span style=\"color: var( --e-global-color-text ); letter-spacing: 0px;\">C&rsquo;est pourquoi nous offrons un service de transport d&rsquo;urgence d\u00e9di\u00e9 pour r\u00e9pondre rapidement et efficacement \u00e0 vos besoins critiques.<\/span><\/p>\t\t\t\t\t\t\t\t<\/div>\n\t\t\t\t<\/div>\n\t\t\t\t<div class=\"elementor-element elementor-element-8a58d71 elementor-hidden-desktop elementor-hidden-tablet elementor-widget elementor-widget-image\" data-id=\"8a58d71\" data-element_type=\"widget\" data-e-type=\"widget\" data-widget_type=\"image.default\">\n\t\t\t\t<div class=\"elementor-widget-container\">\n\t\t\t\t\t\t\t\t\t\t\t\t\t\t\t<img fetchpriority=\"high\" decoding=\"async\" width=\"731\" height=\"1024\" src=\"https:\/\/amatab.com\/wp-content\/uploads\/2023\/11\/vitesse-neons-dans-ville-731x1024.jpg\" class=\"attachment-large size-large wp-image-11720\" alt=\"\" srcset=\"https:\/\/amatab.com\/wp-content\/uploads\/2023\/11\/vitesse-neons-dans-ville-731x1024.jpg 731w, https:\/\/amatab.com\/wp-content\/uploads\/2023\/11\/vitesse-neons-dans-ville-214x300.jpg 214w, https:\/\/amatab.com\/wp-content\/uploads\/2023\/11\/vitesse-neons-dans-ville-768x1075.jpg 768w, https:\/\/amatab.com\/wp-content\/uploads\/2023\/11\/vitesse-neons-dans-ville-1097x1536.jpg 1097w, https:\/\/amatab.com\/wp-content\/uploads\/2023\/11\/vitesse-neons-dans-ville-1463x2048.jpg 1463w, https:\/\/amatab.com\/wp-content\/uploads\/2023\/11\/vitesse-neons-dans-ville-1320x1848.jpg 1320w, https:\/\/amatab.com\/wp-content\/uploads\/2023\/11\/vitesse-neons-dans-ville-600x840.jpg 600w, https:\/\/amatab.com\/wp-content\/uploads\/2023\/11\/vitesse-neons-dans-ville-scaled.jpg 1828w\" sizes=\"(max-width: 731px) 100vw, 731px\" \/>\t\t\t\t\t\t\t\t\t\t\t\t\t\t\t<\/div>\n\t\t\t\t<\/div>\n\t\t\t\t<div class=\"elementor-element elementor-element-805e75e elementor-widget elementor-widget-text-editor\" data-id=\"805e75e\" data-element_type=\"widget\" data-e-type=\"widget\" data-widget_type=\"text-editor.default\">\n\t\t\t\t<div class=\"elementor-widget-container\">\n\t\t\t\t\t\t\t\t\t<p><span style=\"color: var( --e-global-color-text ); letter-spacing: 0px;\">Que ce soit pour le d\u00e9placement d&rsquo;\u00e9quipements essentiels, de personnel ou pour toute autre situation n\u00e9cessitant une r\u00e9ponse imm\u00e9diate, notre \u00e9quipe est pr\u00eate \u00e0 intervenir.\u00a0<\/span><\/p><p><span style=\"color: var( --e-global-color-text ); letter-spacing: 0px;\">Nous disposons d&rsquo;une flotte de v\u00e9hicules sp\u00e9cialement \u00e9quip\u00e9s, d&rsquo;un personnel form\u00e9 aux proc\u00e9dures d&rsquo;urgence et d&rsquo;une organisation logistique solide pour vous garantir une r\u00e9activit\u00e9 maximale.\u00a0<\/span><\/p><p><span style=\"color: var( --e-global-color-text ); letter-spacing: 0px;\">Soyez certain que, m\u00eame dans les circonstances les plus critiques, nous restons toujours \u00e0 vos c\u00f4t\u00e9s pour assurer la continuit\u00e9 de vos op\u00e9rations.<\/span><\/p>\t\t\t\t\t\t\t\t<\/div>\n\t\t\t\t<\/div>\n\t\t\t\t\t<\/div>\n\t\t<\/div>\n\t\t\t\t<div class=\"elementor-column elementor-col-33 elementor-top-column elementor-element elementor-element-9e0e960\" data-id=\"9e0e960\" data-element_type=\"column\" data-e-type=\"column\">\n\t\t\t<div class=\"elementor-widget-wrap elementor-element-populated\">\n\t\t\t\t\t\t<div class=\"elementor-element elementor-element-bb03377 elementor-hidden-mobile elementor-widget elementor-widget-image\" data-id=\"bb03377\" data-element_type=\"widget\" data-e-type=\"widget\" data-widget_type=\"image.default\">\n\t\t\t\t<div class=\"elementor-widget-container\">\n\t\t\t\t\t\t\t\t\t\t\t\t\t\t\t<img fetchpriority=\"high\" decoding=\"async\" width=\"731\" height=\"1024\" src=\"https:\/\/amatab.com\/wp-content\/uploads\/2023\/11\/vitesse-neons-dans-ville-731x1024.jpg\" class=\"attachment-large size-large wp-image-11720\" alt=\"\" srcset=\"https:\/\/amatab.com\/wp-content\/uploads\/2023\/11\/vitesse-neons-dans-ville-731x1024.jpg 731w, https:\/\/amatab.com\/wp-content\/uploads\/2023\/11\/vitesse-neons-dans-ville-214x300.jpg 214w, https:\/\/amatab.com\/wp-content\/uploads\/2023\/11\/vitesse-neons-dans-ville-768x1075.jpg 768w, https:\/\/amatab.com\/wp-content\/uploads\/2023\/11\/vitesse-neons-dans-ville-1097x1536.jpg 1097w, https:\/\/amatab.com\/wp-content\/uploads\/2023\/11\/vitesse-neons-dans-ville-1463x2048.jpg 1463w, https:\/\/amatab.com\/wp-content\/uploads\/2023\/11\/vitesse-neons-dans-ville-1320x1848.jpg 1320w, https:\/\/amatab.com\/wp-content\/uploads\/2023\/11\/vitesse-neons-dans-ville-600x840.jpg 600w, https:\/\/amatab.com\/wp-content\/uploads\/2023\/11\/vitesse-neons-dans-ville-scaled.jpg 1828w\" sizes=\"(max-width: 731px) 100vw, 731px\" \/>\t\t\t\t\t\t\t\t\t\t\t\t\t\t\t<\/div>\n\t\t\t\t<\/div>\n\t\t\t\t\t<\/div>\n\t\t<\/div>\n\t\t\t\t<div class=\"elementor-column elementor-col-33 elementor-top-column elementor-element elementor-element-0caed89\" data-id=\"0caed89\" data-element_type=\"column\" data-e-type=\"column\">\n\t\t\t<div class=\"elementor-widget-wrap elementor-element-populated\">\n\t\t\t\t\t\t<div class=\"elementor-element elementor-element-8f6b228 elementor-widget__width-initial elementor-widget elementor-widget-transx_links_list\" data-id=\"8f6b228\" data-element_type=\"widget\" data-e-type=\"widget\" data-widget_type=\"transx_links_list.default\">\n\t\t\t\t<div class=\"elementor-widget-container\">\n\t\t\t\t\t\n        <div class=\"transx_links_list_widget\">\n            <div class=\"transx_links_list_wrapper transx_view_type_2\">\n                <h5 class=\"transx_links_list_title\">\u062e\u062f\u0645\u0627\u062a \u0623\u062e\u0631\u0649<\/h5>\n\n                                            <a class=\"transx_links_list_item\" href=\"https:\/\/amatab.com\/ar\/services-petroliers\/transport-de-gaz-et-petrole\/\" >\n                                <img decoding=\"async\" class=\"transx_img--bg\" src=\"http:\/\/amatab.com\/wp-content\/uploads\/2023\/10\/cargo-train-tanks-stand-spare-tracks-railway-station-created-with-generative-ai_419341-3141.jpg\" alt=\"Background Image\" \/>\n                                <h6>\u0646\u0642\u0644 \u0627\u0644\u0646\u0641\u0637 \u0648\u0627\u0644\u063a\u0627\u0632<\/h6>\n                                <span class=\"transx_links_list_counter\">01<\/span>\n                            <\/a>\n                                                            <\/div>\n        <\/div>\n\n        \t\t\t\t<\/div>\n\t\t\t\t<\/div>\n\t\t\t\t<div class=\"elementor-element elementor-element-7a4df5f elementor-widget elementor-widget-html\" data-id=\"7a4df5f\" data-element_type=\"widget\" data-e-type=\"widget\" data-widget_type=\"html.default\">\n\t\t\t\t<div class=\"elementor-widget-container\">\n\t\t\t\t\t<div class=\"transx_contact-trigger transx_contact-trigger--style-2\">\n\n\t<h4 class=\"transx_contact-trigger__title\">\u0647\u0644 \u062a\u062d\u062a\u0627\u062c \u0625\u0644\u0649 \u0639\u0631\u0636 \u0623\u0633\u0639\u0627\u0631 \u061f<\/h4>\n\n\t<p class=\"transx_contact-trigger__text\">\u0646\u062d\u0646 \u0647\u0646\u0627 \u0644\u062a\u0632\u0648\u064a\u062f\u0643 \u0628\u0633\u0631\u0639\u0629 \u0628\u0645\u0639\u0644\u0648\u0645\u0627\u062a \u0645\u0641\u0635\u0644\u0629 \u062d\u0648\u0644 \u0623\u0633\u0639\u0627\u0631\u0646\u0627<\/p>\n\n\t<a class=\"transx_button\" href=\"https:\/\/amatab.com\/ar\/services-petroliers\/transport-durgence\/obtenir-un-devis\/\">\n\t\t<span>\u0644\u0644\u062d\u0635\u0648\u0644 \u0639\u0644\u0649 \u0639\u0631\u0636 \u0623\u0633\u0639\u0627\u0631<\/span>\n\t\t<svg class=\"icon\">\n\t\t\t<svg viewbox=\"0 0 150 78.6\" xmlns=\"http:\/\/www.w3.org\/2000\/svg\"><path d=\"M0 31.5h150v12.7H0V31.5zM112.8-.1l30.9 31.5-8.8 9L104 8.9l8.8-9zm18.1 51l-18.4 18.8 8.9 9 18.4-18.8-8.9-9z\"\/><\/svg>\n\t\t<\/svg>\n\t<\/a>\n<\/div>\t\t\t\t<\/div>\n\t\t\t\t<\/div>\n\t\t\t\t\t<\/div>\n\t\t<\/div>\n\t\t\t\t\t<\/div>\n\t\t<\/section>\n\t\t\t\t<\/div>","protected":false},"excerpt":{"rendered":"<p>Dans l&rsquo;industrie p\u00e9troli\u00e8re, des situations d&rsquo;urgence peuvent survenir \u00e0 tout moment.\u00a0C&rsquo;est pourquoi nous offrons un service de transport d&rsquo;urgence d\u00e9di\u00e9 pour r\u00e9pondre rapidement et efficacement \u00e0 vos besoins critiques. Que ce soit pour le d\u00e9placement d&rsquo;\u00e9quipements essentiels, de personnel ou pour toute autre situation n\u00e9cessitant une r\u00e9ponse imm\u00e9diate, notre \u00e9quipe est pr\u00eate \u00e0 intervenir.\u00a0 Nous [&hellip;]<\/p>\n","protected":false},"author":5,"featured_media":1275,"parent":3429,"menu_order":34,"comment_status":"closed","ping_status":"closed","template":"","meta":{"om_disable_all_campaigns":false,"_uf_show_specific_survey":0,"_uf_disable_surveys":false,"footnotes":""},"folder":[],"class_list":["post-7311","page","type-page","status-publish","has-post-thumbnail","hentry"],"aioseo_notices":[],"_links":{"self":[{"href":"https:\/\/amatab.com\/ar\/wp-json\/wp\/v2\/pages\/7311","targetHints":{"allow":["GET"]}}],"collection":[{"href":"https:\/\/amatab.com\/ar\/wp-json\/wp\/v2\/pages"}],"about":[{"href":"https:\/\/amatab.com\/ar\/wp-json\/wp\/v2\/types\/page"}],"author":[{"embeddable":true,"href":"https:\/\/amatab.com\/ar\/wp-json\/wp\/v2\/users\/5"}],"replies":[{"embeddable":true,"href":"https:\/\/amatab.com\/ar\/wp-json\/wp\/v2\/comments?post=7311"}],"version-history":[{"count":46,"href":"https:\/\/amatab.com\/ar\/wp-json\/wp\/v2\/pages\/7311\/revisions"}],"predecessor-version":[{"id":16141,"href":"https:\/\/amatab.com\/ar\/wp-json\/wp\/v2\/pages\/7311\/revisions\/16141"}],"up":[{"embeddable":true,"href":"https:\/\/amatab.com\/ar\/wp-json\/wp\/v2\/pages\/3429"}],"wp:featuredmedia":[{"embeddable":true,"href":"https:\/\/amatab.com\/ar\/wp-json\/wp\/v2\/media\/1275"}],"wp:attachment":[{"href":"https:\/\/amatab.com\/ar\/wp-json\/wp\/v2\/media?parent=7311"}],"wp:term":[{"taxonomy":"folder","embeddable":true,"href":"https:\/\/amatab.com\/ar\/wp-json\/wp\/v2\/folder?post=7311"}],"curies":[{"name":"wp","href":"https:\/\/api.w.org\/{rel}","templated":true}]}}