{"id":7336,"date":"2023-11-03T12:07:00","date_gmt":"2023-11-03T11:07:00","guid":{"rendered":"https:\/\/amatab.com\/?page_id=7336"},"modified":"2024-02-03T12:11:01","modified_gmt":"2024-02-03T11:11:01","slug":"consulting","status":"publish","type":"page","link":"https:\/\/amatab.com\/ar\/services-petroliers\/consulting\/","title":{"rendered":"\u0627\u0633\u062a\u0634\u0627\u0631\u0629"},"content":{"rendered":"<div data-elementor-type=\"wp-page\" data-elementor-id=\"7336\" class=\"elementor elementor-7336\" data-elementor-post-type=\"page\">\n\t\t\t\t\t\t<section class=\"elementor-section elementor-top-section elementor-element elementor-element-ab3c001 elementor-section-boxed elementor-section-height-default elementor-section-height-default\" data-id=\"ab3c001\" data-element_type=\"section\" data-e-type=\"section\">\n\t\t\t\t\t\t<div class=\"elementor-container elementor-column-gap-default\">\n\t\t\t\t\t<div class=\"elementor-column elementor-col-33 elementor-top-column elementor-element elementor-element-8c0e2f5\" data-id=\"8c0e2f5\" data-element_type=\"column\" data-e-type=\"column\">\n\t\t\t<div class=\"elementor-widget-wrap elementor-element-populated\">\n\t\t\t\t\t\t<div class=\"elementor-element elementor-element-77aef69 elementor-widget elementor-widget-text-editor\" data-id=\"77aef69\" data-element_type=\"widget\" data-e-type=\"widget\" data-widget_type=\"text-editor.default\">\n\t\t\t\t<div class=\"elementor-widget-container\">\n\t\t\t\t\t\t\t\t\t<p>Notre service de consulting est con\u00e7u pour r\u00e9pondre \u00e0 vos besoins sp\u00e9cifiques et vous guider vers le succ\u00e8s. <br \/><br \/>Nos consultants chevronn\u00e9s apportent leur expertise et leur exp\u00e9rience pour r\u00e9soudre les d\u00e9fis les plus complexes de l&rsquo;industrie p\u00e9troli\u00e8re.<\/p>\t\t\t\t\t\t\t\t<\/div>\n\t\t\t\t<\/div>\n\t\t\t\t<div class=\"elementor-element elementor-element-e05d568 elementor-widget__width-initial elementor-hidden-desktop elementor-hidden-tablet elementor-widget elementor-widget-image\" data-id=\"e05d568\" data-element_type=\"widget\" data-e-type=\"widget\" data-widget_type=\"image.default\">\n\t\t\t\t<div class=\"elementor-widget-container\">\n\t\t\t\t\t\t\t\t\t\t\t\t\t\t\t<img fetchpriority=\"high\" decoding=\"async\" width=\"683\" height=\"1024\" src=\"https:\/\/amatab.com\/wp-content\/uploads\/2023\/11\/gros-plan-affaires-ecrit-resume-683x1024.jpg\" class=\"attachment-large size-large wp-image-12079\" alt=\"\" srcset=\"https:\/\/amatab.com\/wp-content\/uploads\/2023\/11\/gros-plan-affaires-ecrit-resume-683x1024.jpg 683w, https:\/\/amatab.com\/wp-content\/uploads\/2023\/11\/gros-plan-affaires-ecrit-resume-200x300.jpg 200w, https:\/\/amatab.com\/wp-content\/uploads\/2023\/11\/gros-plan-affaires-ecrit-resume-768x1152.jpg 768w, https:\/\/amatab.com\/wp-content\/uploads\/2023\/11\/gros-plan-affaires-ecrit-resume-1024x1536.jpg 1024w, https:\/\/amatab.com\/wp-content\/uploads\/2023\/11\/gros-plan-affaires-ecrit-resume-1365x2048.jpg 1365w, https:\/\/amatab.com\/wp-content\/uploads\/2023\/11\/gros-plan-affaires-ecrit-resume-1320x1980.jpg 1320w, https:\/\/amatab.com\/wp-content\/uploads\/2023\/11\/gros-plan-affaires-ecrit-resume-600x900.jpg 600w, https:\/\/amatab.com\/wp-content\/uploads\/2023\/11\/gros-plan-affaires-ecrit-resume-scaled.jpg 1707w\" sizes=\"(max-width: 683px) 100vw, 683px\" \/>\t\t\t\t\t\t\t\t\t\t\t\t\t\t\t<\/div>\n\t\t\t\t<\/div>\n\t\t\t\t<div class=\"elementor-element elementor-element-cc90e18 elementor-widget__width-initial elementor-widget elementor-widget-text-editor\" data-id=\"cc90e18\" data-element_type=\"widget\" data-e-type=\"widget\" data-widget_type=\"text-editor.default\">\n\t\t\t\t<div class=\"elementor-widget-container\">\n\t\t\t\t\t\t\t\t\t<p>Nous travaillons en \u00e9troite collaboration avec votre \u00e9quipe pour comprendre vos objectifs et \u00e9laborer des strat\u00e9gies sur mesure qui maximisent l&rsquo;efficacit\u00e9, am\u00e9liorent la rentabilit\u00e9 et renforcent la s\u00e9curit\u00e9.<\/p><p>Que vous ayez besoin d&rsquo;optimiser la maintenance de vos \u00e9quipements, de d\u00e9velopper des itin\u00e9raires plus efficients, ou de minimiser l&rsquo;impact environnemental, notre service de consulting est votre alli\u00e9 pour atteindre vos objectifs.<\/p><p>Nous nous engageons \u00e0 vous fournir des conseils \u00e9clair\u00e9s et un soutien continu pour que votre projet se d\u00e9roule sans accroc.<\/p>\t\t\t\t\t\t\t\t<\/div>\n\t\t\t\t<\/div>\n\t\t\t\t\t<\/div>\n\t\t<\/div>\n\t\t\t\t<div class=\"elementor-column elementor-col-33 elementor-top-column elementor-element elementor-element-9858357\" data-id=\"9858357\" data-element_type=\"column\" data-e-type=\"column\">\n\t\t\t<div class=\"elementor-widget-wrap elementor-element-populated\">\n\t\t\t\t\t\t<div class=\"elementor-element elementor-element-7f774b9 elementor-widget__width-initial elementor-hidden-mobile elementor-widget elementor-widget-image\" data-id=\"7f774b9\" data-element_type=\"widget\" data-e-type=\"widget\" data-widget_type=\"image.default\">\n\t\t\t\t<div class=\"elementor-widget-container\">\n\t\t\t\t\t\t\t\t\t\t\t\t\t\t\t<img fetchpriority=\"high\" decoding=\"async\" width=\"683\" height=\"1024\" src=\"https:\/\/amatab.com\/wp-content\/uploads\/2023\/11\/gros-plan-affaires-ecrit-resume-683x1024.jpg\" class=\"attachment-large size-large wp-image-12079\" alt=\"\" srcset=\"https:\/\/amatab.com\/wp-content\/uploads\/2023\/11\/gros-plan-affaires-ecrit-resume-683x1024.jpg 683w, https:\/\/amatab.com\/wp-content\/uploads\/2023\/11\/gros-plan-affaires-ecrit-resume-200x300.jpg 200w, https:\/\/amatab.com\/wp-content\/uploads\/2023\/11\/gros-plan-affaires-ecrit-resume-768x1152.jpg 768w, https:\/\/amatab.com\/wp-content\/uploads\/2023\/11\/gros-plan-affaires-ecrit-resume-1024x1536.jpg 1024w, https:\/\/amatab.com\/wp-content\/uploads\/2023\/11\/gros-plan-affaires-ecrit-resume-1365x2048.jpg 1365w, https:\/\/amatab.com\/wp-content\/uploads\/2023\/11\/gros-plan-affaires-ecrit-resume-1320x1980.jpg 1320w, https:\/\/amatab.com\/wp-content\/uploads\/2023\/11\/gros-plan-affaires-ecrit-resume-600x900.jpg 600w, https:\/\/amatab.com\/wp-content\/uploads\/2023\/11\/gros-plan-affaires-ecrit-resume-scaled.jpg 1707w\" sizes=\"(max-width: 683px) 100vw, 683px\" \/>\t\t\t\t\t\t\t\t\t\t\t\t\t\t\t<\/div>\n\t\t\t\t<\/div>\n\t\t\t\t\t<\/div>\n\t\t<\/div>\n\t\t\t\t<div class=\"elementor-column elementor-col-33 elementor-top-column elementor-element elementor-element-cf6a51c\" data-id=\"cf6a51c\" data-element_type=\"column\" data-e-type=\"column\">\n\t\t\t<div class=\"elementor-widget-wrap elementor-element-populated\">\n\t\t\t\t\t\t<div class=\"elementor-element elementor-element-6375233 elementor-widget__width-initial elementor-widget elementor-widget-html\" data-id=\"6375233\" data-element_type=\"widget\" data-e-type=\"widget\" data-widget_type=\"html.default\">\n\t\t\t\t<div class=\"elementor-widget-container\">\n\t\t\t\t\t<div class=\"transx_contact-trigger transx_contact-trigger--style-2\">\n\n\n\t<h4 class=\"transx_contact-trigger__title\">\u0647\u0644 \u062a\u062d\u062a\u0627\u062c \u0625\u0644\u0649 \u0639\u0631\u0636 \u0623\u0633\u0639\u0627\u0631 \u061f<\/h4>\n\n\t<p class=\"transx_contact-trigger__text\">\u0646\u062d\u0646 \u0647\u0646\u0627 \u0644\u062a\u0632\u0648\u064a\u062f\u0643 \u0628\u0633\u0631\u0639\u0629 \u0628\u0645\u0639\u0644\u0648\u0645\u0627\u062a \u0645\u0641\u0635\u0644\u0629 \u062d\u0648\u0644 \u0623\u0633\u0639\u0627\u0631\u0646\u0627<\/p>\n\n\t<a class=\"transx_button\" href=\"https:\/\/amatab.com\/ar\/services-petroliers\/consulting\/obtenir-un-devis\/\">\n\t\t<span>\u0644\u0644\u062d\u0635\u0648\u0644 \u0639\u0644\u0649 \u0639\u0631\u0636 \u0623\u0633\u0639\u0627\u0631<\/span>\n\t\t<svg class=\"icon\">\n\t\t\t<svg viewbox=\"0 0 150 78.6\" xmlns=\"http:\/\/www.w3.org\/2000\/svg\"><path d=\"M0 31.5h150v12.7H0V31.5zM112.8-.1l30.9 31.5-8.8 9L104 8.9l8.8-9zm18.1 51l-18.4 18.8 8.9 9 18.4-18.8-8.9-9z\"\/><\/svg>\n\t\t<\/svg>\n\t<\/a>\n<\/div>\t\t\t\t<\/div>\n\t\t\t\t<\/div>\n\t\t\t\t\t<\/div>\n\t\t<\/div>\n\t\t\t\t\t<\/div>\n\t\t<\/section>\n\t\t\t\t<\/div>","protected":false},"excerpt":{"rendered":"<p>Notre service de consulting est con\u00e7u pour r\u00e9pondre \u00e0 vos besoins sp\u00e9cifiques et vous guider vers le succ\u00e8s. Nos consultants chevronn\u00e9s apportent leur expertise et leur exp\u00e9rience pour r\u00e9soudre les d\u00e9fis les plus complexes de l&rsquo;industrie p\u00e9troli\u00e8re. Nous travaillons en \u00e9troite collaboration avec votre \u00e9quipe pour comprendre vos objectifs et \u00e9laborer des strat\u00e9gies sur mesure [&hellip;]<\/p>\n","protected":false},"author":5,"featured_media":1275,"parent":3429,"menu_order":33,"comment_status":"closed","ping_status":"closed","template":"","meta":{"om_disable_all_campaigns":false,"_uf_show_specific_survey":0,"_uf_disable_surveys":false,"footnotes":""},"folder":[],"class_list":["post-7336","page","type-page","status-publish","has-post-thumbnail","hentry"],"aioseo_notices":[],"_links":{"self":[{"href":"https:\/\/amatab.com\/ar\/wp-json\/wp\/v2\/pages\/7336","targetHints":{"allow":["GET"]}}],"collection":[{"href":"https:\/\/amatab.com\/ar\/wp-json\/wp\/v2\/pages"}],"about":[{"href":"https:\/\/amatab.com\/ar\/wp-json\/wp\/v2\/types\/page"}],"author":[{"embeddable":true,"href":"https:\/\/amatab.com\/ar\/wp-json\/wp\/v2\/users\/5"}],"replies":[{"embeddable":true,"href":"https:\/\/amatab.com\/ar\/wp-json\/wp\/v2\/comments?post=7336"}],"version-history":[{"count":48,"href":"https:\/\/amatab.com\/ar\/wp-json\/wp\/v2\/pages\/7336\/revisions"}],"predecessor-version":[{"id":16148,"href":"https:\/\/amatab.com\/ar\/wp-json\/wp\/v2\/pages\/7336\/revisions\/16148"}],"up":[{"embeddable":true,"href":"https:\/\/amatab.com\/ar\/wp-json\/wp\/v2\/pages\/3429"}],"wp:featuredmedia":[{"embeddable":true,"href":"https:\/\/amatab.com\/ar\/wp-json\/wp\/v2\/media\/1275"}],"wp:attachment":[{"href":"https:\/\/amatab.com\/ar\/wp-json\/wp\/v2\/media?parent=7336"}],"wp:term":[{"taxonomy":"folder","embeddable":true,"href":"https:\/\/amatab.com\/ar\/wp-json\/wp\/v2\/folder?post=7336"}],"curies":[{"name":"wp","href":"https:\/\/api.w.org\/{rel}","templated":true}]}}