{"id":8564,"date":"2023-11-10T16:03:21","date_gmt":"2023-11-10T15:03:21","guid":{"rendered":"https:\/\/amatab.com\/?page_id=8564"},"modified":"2024-02-05T15:32:00","modified_gmt":"2024-02-05T14:32:00","slug":"construction-des-locaux-sur-mesure","status":"publish","type":"page","link":"https:\/\/amatab.com\/ar\/entreprises-petrolieres\/construction-des-locaux-sur-mesure\/","title":{"rendered":"\u062a\u0634\u064a\u064a\u062f \u0645\u0628\u0627\u0646 \u0645\u0635\u0646\u0648\u0639\u0629 \u062d\u0633\u0628 \u0627\u0644\u0637\u0644\u0628"},"content":{"rendered":"<div data-elementor-type=\"wp-page\" data-elementor-id=\"8564\" class=\"elementor elementor-8564\" data-elementor-post-type=\"page\">\n\t\t\t\t\t\t<section class=\"elementor-section elementor-top-section elementor-element elementor-element-35e46fa elementor-section-boxed elementor-section-height-default elementor-section-height-default\" data-id=\"35e46fa\" data-element_type=\"section\" data-e-type=\"section\">\n\t\t\t\t\t\t<div class=\"elementor-container elementor-column-gap-default\">\n\t\t\t\t\t<div class=\"elementor-column elementor-col-33 elementor-top-column elementor-element elementor-element-2b24248\" data-id=\"2b24248\" data-element_type=\"column\" data-e-type=\"column\">\n\t\t\t<div class=\"elementor-widget-wrap elementor-element-populated\">\n\t\t\t\t\t\t<div class=\"elementor-element elementor-element-a87c82a elementor-widget elementor-widget-text-editor\" data-id=\"a87c82a\" data-element_type=\"widget\" data-e-type=\"widget\" data-widget_type=\"text-editor.default\">\n\t\t\t\t<div class=\"elementor-widget-container\">\n\t\t\t\t\t\t\t\t\t<p>\u0646\u0642\u062f\u0645 \u062e\u062f\u0645\u0629 \u0628\u0646\u0627\u0621 \u0645\u062e\u0635\u0635\u0629 \u0644\u062a\u0644\u0628\u064a\u0629 \u0627\u062d\u062a\u064a\u0627\u062c\u0627\u062a\u0643 \u0627\u0644\u0645\u062d\u062f\u062f\u0629.<\/p><p><span style=\"color: var( --e-global-color-text ); letter-spacing: 0px;\">\u0633\u0648\u0627\u0621 \u0643\u0646\u062a \u0628\u062d\u0627\u062c\u0629 \u0625\u0644\u0649 \u0645\u0633\u062a\u0648\u062f\u0639\u0627\u062a \u0644\u062a\u062e\u0632\u064a\u0646 \u0645\u0639\u062f\u0627\u062a\u0643 \u0623\u0648 \u0645\u0643\u0627\u062a\u0628\u0643 \u0627\u0644\u0625\u062f\u0627\u0631\u064a\u0629 \u0623\u0648 \u0645\u0631\u0627\u0641\u0642 \u0627\u0644\u062d\u0641\u0631 \u0627\u0644\u0645\u062a\u062e\u0635\u0635\u0629\u060c \u0641\u0625\u0646 \u0641\u0631\u064a\u0642 \u0627\u0644\u062e\u0628\u0631\u0627\u0621 \u0644\u062f\u064a\u0646\u0627 \u064a\u0639\u0645\u0644 \u0628\u0634\u0643\u0644 \u0648\u062b\u064a\u0642 \u0645\u0639\u0643 \u0644\u062a\u0635\u0645\u064a\u0645 \u0648\u0628\u0646\u0627\u0621 \u0627\u0644\u0645\u0628\u0627\u0646\u064a \u0627\u0644\u062a\u064a \u062a\u0644\u0628\u064a \u0645\u062a\u0637\u0644\u0628\u0627\u062a\u0643 \u0627\u0644\u062a\u0634\u063a\u064a\u0644\u064a\u0629.<\/span><\/p>\t\t\t\t\t\t\t\t<\/div>\n\t\t\t\t<\/div>\n\t\t\t\t<div class=\"elementor-element elementor-element-5bfc56d elementor-widget__width-initial elementor-hidden-desktop elementor-hidden-tablet elementor-widget elementor-widget-image\" data-id=\"5bfc56d\" data-element_type=\"widget\" data-e-type=\"widget\" data-widget_type=\"image.default\">\n\t\t\t\t<div class=\"elementor-widget-container\">\n\t\t\t\t\t\t\t\t\t\t\t\t\t\t\t<img fetchpriority=\"high\" decoding=\"async\" width=\"715\" height=\"1024\" src=\"https:\/\/amatab.com\/wp-content\/uploads\/2023\/11\/groupe-dirigeants-entreprises-travaillant-ensemble-715x1024.jpg\" class=\"attachment-large size-large wp-image-12376\" alt=\"\" srcset=\"https:\/\/amatab.com\/wp-content\/uploads\/2023\/11\/groupe-dirigeants-entreprises-travaillant-ensemble-715x1024.jpg 715w, https:\/\/amatab.com\/wp-content\/uploads\/2023\/11\/groupe-dirigeants-entreprises-travaillant-ensemble-209x300.jpg 209w, https:\/\/amatab.com\/wp-content\/uploads\/2023\/11\/groupe-dirigeants-entreprises-travaillant-ensemble-768x1100.jpg 768w, https:\/\/amatab.com\/wp-content\/uploads\/2023\/11\/groupe-dirigeants-entreprises-travaillant-ensemble-1072x1536.jpg 1072w, https:\/\/amatab.com\/wp-content\/uploads\/2023\/11\/groupe-dirigeants-entreprises-travaillant-ensemble-1429x2048.jpg 1429w, https:\/\/amatab.com\/wp-content\/uploads\/2023\/11\/groupe-dirigeants-entreprises-travaillant-ensemble-1320x1891.jpg 1320w, https:\/\/amatab.com\/wp-content\/uploads\/2023\/11\/groupe-dirigeants-entreprises-travaillant-ensemble-600x860.jpg 600w, https:\/\/amatab.com\/wp-content\/uploads\/2023\/11\/groupe-dirigeants-entreprises-travaillant-ensemble-scaled.jpg 1787w\" sizes=\"(max-width: 715px) 100vw, 715px\" \/>\t\t\t\t\t\t\t\t\t\t\t\t\t\t\t<\/div>\n\t\t\t\t<\/div>\n\t\t\t\t<div class=\"elementor-element elementor-element-fbe50ca elementor-widget elementor-widget-text-editor\" data-id=\"fbe50ca\" data-element_type=\"widget\" data-e-type=\"widget\" data-widget_type=\"text-editor.default\">\n\t\t\t\t<div class=\"elementor-widget-container\">\n\t\t\t\t\t\t\t\t\t<p>\u062a\u0642\u0639 \u0627\u0644\u0633\u0644\u0627\u0645\u0629 \u0648\u0627\u0644\u062c\u0648\u062f\u0629 \u0641\u064a \u0635\u0645\u064a\u0645 \u0646\u0647\u062c\u0646\u0627\u060c \u0645\u0645\u0627 \u064a\u0636\u0645\u0646 \u0627\u0645\u062a\u062b\u0627\u0644 \u0645\u0646\u0634\u0622\u062a\u0643 \u0644\u0623\u0639\u0644\u0649 \u0627\u0644\u0645\u0639\u0627\u064a\u064a\u0631.<\/p><p>\u064a\u0647\u062f\u0641 \u0646\u0647\u062c\u0646\u0627 \u0625\u0644\u0649 \u062a\u062d\u0633\u064a\u0646 \u0627\u0633\u062a\u062e\u062f\u0627\u0645 \u0627\u0644\u0645\u0633\u0627\u062d\u0629 \u0645\u0639 \u0627\u0644\u0633\u0645\u0627\u062d \u0628\u0627\u0644\u0642\u062f\u0631\u0629 \u0639\u0644\u0649 \u0636\u0628\u0637 \u0647\u0630\u0647 \u0627\u0644\u0628\u0646\u0649 \u0627\u0644\u062a\u062d\u062a\u064a\u0629 \u0645\u0639 \u062a\u0637\u0648\u0631 \u0639\u0645\u0644\u0643.<\/p><p>\u0646\u0639\u062a\u0642\u062f \u0623\u0646 \u0627\u0644\u0641\u0636\u0627\u0621 \u0627\u0644\u0645\u0646\u0627\u0633\u0628 \u0647\u0648 \u0623\u0633\u0627\u0633 \u0634\u0631\u0643\u0629 \u0646\u0641\u0637 \u0646\u0627\u062c\u062d\u0629\u060c \u0648\u0646\u062d\u0646 \u0647\u0646\u0627 \u0644\u062c\u0639\u0644 \u062a\u0644\u0643 \u0627\u0644\u0631\u0624\u064a\u0629 \u062d\u0642\u064a\u0642\u0629 \u0648\u0627\u0642\u0639\u0629.<\/p>\t\t\t\t\t\t\t\t<\/div>\n\t\t\t\t<\/div>\n\t\t\t\t\t<\/div>\n\t\t<\/div>\n\t\t\t\t<div class=\"elementor-column elementor-col-33 elementor-top-column elementor-element elementor-element-60a3b27\" data-id=\"60a3b27\" data-element_type=\"column\" data-e-type=\"column\">\n\t\t\t<div class=\"elementor-widget-wrap elementor-element-populated\">\n\t\t\t\t\t\t<div class=\"elementor-element elementor-element-1d42630 elementor-widget__width-initial elementor-hidden-mobile elementor-widget elementor-widget-image\" data-id=\"1d42630\" data-element_type=\"widget\" data-e-type=\"widget\" data-widget_type=\"image.default\">\n\t\t\t\t<div class=\"elementor-widget-container\">\n\t\t\t\t\t\t\t\t\t\t\t\t\t\t\t<img fetchpriority=\"high\" decoding=\"async\" width=\"715\" height=\"1024\" src=\"https:\/\/amatab.com\/wp-content\/uploads\/2023\/11\/groupe-dirigeants-entreprises-travaillant-ensemble-715x1024.jpg\" class=\"attachment-large size-large wp-image-12376\" alt=\"\" srcset=\"https:\/\/amatab.com\/wp-content\/uploads\/2023\/11\/groupe-dirigeants-entreprises-travaillant-ensemble-715x1024.jpg 715w, https:\/\/amatab.com\/wp-content\/uploads\/2023\/11\/groupe-dirigeants-entreprises-travaillant-ensemble-209x300.jpg 209w, https:\/\/amatab.com\/wp-content\/uploads\/2023\/11\/groupe-dirigeants-entreprises-travaillant-ensemble-768x1100.jpg 768w, https:\/\/amatab.com\/wp-content\/uploads\/2023\/11\/groupe-dirigeants-entreprises-travaillant-ensemble-1072x1536.jpg 1072w, https:\/\/amatab.com\/wp-content\/uploads\/2023\/11\/groupe-dirigeants-entreprises-travaillant-ensemble-1429x2048.jpg 1429w, https:\/\/amatab.com\/wp-content\/uploads\/2023\/11\/groupe-dirigeants-entreprises-travaillant-ensemble-1320x1891.jpg 1320w, https:\/\/amatab.com\/wp-content\/uploads\/2023\/11\/groupe-dirigeants-entreprises-travaillant-ensemble-600x860.jpg 600w, https:\/\/amatab.com\/wp-content\/uploads\/2023\/11\/groupe-dirigeants-entreprises-travaillant-ensemble-scaled.jpg 1787w\" sizes=\"(max-width: 715px) 100vw, 715px\" \/>\t\t\t\t\t\t\t\t\t\t\t\t\t\t\t<\/div>\n\t\t\t\t<\/div>\n\t\t\t\t\t<\/div>\n\t\t<\/div>\n\t\t\t\t<div class=\"elementor-column elementor-col-33 elementor-top-column elementor-element elementor-element-f1c4fee\" data-id=\"f1c4fee\" data-element_type=\"column\" data-e-type=\"column\">\n\t\t\t<div class=\"elementor-widget-wrap elementor-element-populated\">\n\t\t\t\t\t\t<div class=\"elementor-element elementor-element-20753a7 elementor-widget elementor-widget-transx_links_list\" data-id=\"20753a7\" data-element_type=\"widget\" data-e-type=\"widget\" data-widget_type=\"transx_links_list.default\">\n\t\t\t\t<div class=\"elementor-widget-container\">\n\t\t\t\t\t\n        <div class=\"transx_links_list_widget\">\n            <div class=\"transx_links_list_wrapper transx_view_type_2\">\n                <h5 class=\"transx_links_list_title\">\u062e\u062f\u0645\u0627\u062a \u0623\u062e\u0631\u0649<\/h5>\n\n                                            <a class=\"transx_links_list_item\" href=\"https:\/\/amatab.com\/ar\/entreprises-petrolieres\/entretien-des-locaux-et-equipements\/\" >\n                                <img decoding=\"async\" class=\"transx_img--bg\" src=\"http:\/\/amatab.com\/wp-content\/uploads\/2023\/11\/personnes-qui-s-occupent-du-nettoyage-bureaux-scaled.jpg\" alt=\"Background Image\" \/>\n                                <h6>\u0635\u064a\u0627\u0646\u0629 \u0627\u0644\u0623\u0645\u0627\u0643\u0646 \u0648\u0627\u0644\u0645\u0639\u062f\u0627\u062a<\/h6>\n                                <span class=\"transx_links_list_counter\">01<\/span>\n                            <\/a>\n                                                        <a class=\"transx_links_list_item\" href=\"https:\/\/amatab.com\/ar\/entreprises-petrolieres\/equipements\/\" >\n                                <img decoding=\"async\" class=\"transx_img--bg\" src=\"http:\/\/amatab.com\/wp-content\/uploads\/2023\/11\/amenagement-bureau-ordinateur-portable-scaled.jpg\" alt=\"Background Image\" \/>\n                                <h6>\u0645\u0639\u062f\u0627\u062a<\/h6>\n                                <span class=\"transx_links_list_counter\">02<\/span>\n                            <\/a>\n                                                            <\/div>\n        <\/div>\n\n        \t\t\t\t<\/div>\n\t\t\t\t<\/div>\n\t\t\t\t<div class=\"elementor-element elementor-element-897cb2b elementor-widget elementor-widget-html\" data-id=\"897cb2b\" data-element_type=\"widget\" data-e-type=\"widget\" data-widget_type=\"html.default\">\n\t\t\t\t<div class=\"elementor-widget-container\">\n\t\t\t\t\t<div class=\"transx_contact-trigger transx_contact-trigger--style-2\">\n\t\n\t<h4 class=\"transx_contact-trigger__title\">\u0647\u0644 \u062a\u062d\u062a\u0627\u062c \u0625\u0644\u0649 \u0639\u0631\u0636 \u0623\u0633\u0639\u0627\u0631 \u061f<\/h4>\n\n\t<p class=\"transx_contact-trigger__text\">\u0646\u062d\u0646 \u0647\u0646\u0627 \u0644\u062a\u0632\u0648\u064a\u062f\u0643 \u0628\u0633\u0631\u0639\u0629 \u0628\u0645\u0639\u0644\u0648\u0645\u0627\u062a \u0645\u0641\u0635\u0644\u0629 \u062d\u0648\u0644 \u0623\u0633\u0639\u0627\u0631\u0646\u0627<\/p>\n\n\t<a class=\"transx_button\" href=\"https:\/\/amatab.com\/ar\/entreprises-petrolieres\/construction-des-locaux-sur-mesure\/obtenir-un-devis\/\">\n\t\t<span>\u0644\u0644\u062d\u0635\u0648\u0644 \u0639\u0644\u0649 \u0639\u0631\u0636 \u0623\u0633\u0639\u0627\u0631<\/span>\n\t\t<svg class=\"icon\">\n\t\t\t<svg viewbox=\"0 0 150 78.6\" xmlns=\"http:\/\/www.w3.org\/2000\/svg\"><path d=\"M0 31.5h150v12.7H0V31.5zM112.8-.1l30.9 31.5-8.8 9L104 8.9l8.8-9zm18.1 51l-18.4 18.8 8.9 9 18.4-18.8-8.9-9z\"\/><\/svg>\n\t\t<\/svg>\n\t<\/a>\n<\/div>\t\t\t\t<\/div>\n\t\t\t\t<\/div>\n\t\t\t\t\t<\/div>\n\t\t<\/div>\n\t\t\t\t\t<\/div>\n\t\t<\/section>\n\t\t\t\t<\/div>","protected":false},"excerpt":{"rendered":"<p>Nous offrons un service de construction de locaux sur mesure pour r\u00e9pondre \u00e0 vos besoins pr\u00e9cis. Que vous ayez besoin d&rsquo;entrep\u00f4ts pour stocker votre \u00e9quipement, de bureaux administratifs ou d&rsquo;installations de forage sp\u00e9cialis\u00e9es, notre \u00e9quipe d&rsquo;experts travaille en \u00e9troite collaboration avec vous pour concevoir et construire des locaux qui r\u00e9pondent \u00e0 vos exigences op\u00e9rationnelles. La [&hellip;]<\/p>\n","protected":false},"author":5,"featured_media":1275,"parent":3833,"menu_order":30,"comment_status":"closed","ping_status":"closed","template":"","meta":{"om_disable_all_campaigns":false,"_uf_show_specific_survey":0,"_uf_disable_surveys":false,"footnotes":""},"folder":[],"class_list":["post-8564","page","type-page","status-publish","has-post-thumbnail","hentry"],"aioseo_notices":[],"_links":{"self":[{"href":"https:\/\/amatab.com\/ar\/wp-json\/wp\/v2\/pages\/8564","targetHints":{"allow":["GET"]}}],"collection":[{"href":"https:\/\/amatab.com\/ar\/wp-json\/wp\/v2\/pages"}],"about":[{"href":"https:\/\/amatab.com\/ar\/wp-json\/wp\/v2\/types\/page"}],"author":[{"embeddable":true,"href":"https:\/\/amatab.com\/ar\/wp-json\/wp\/v2\/users\/5"}],"replies":[{"embeddable":true,"href":"https:\/\/amatab.com\/ar\/wp-json\/wp\/v2\/comments?post=8564"}],"version-history":[{"count":58,"href":"https:\/\/amatab.com\/ar\/wp-json\/wp\/v2\/pages\/8564\/revisions"}],"predecessor-version":[{"id":16736,"href":"https:\/\/amatab.com\/ar\/wp-json\/wp\/v2\/pages\/8564\/revisions\/16736"}],"up":[{"embeddable":true,"href":"https:\/\/amatab.com\/ar\/wp-json\/wp\/v2\/pages\/3833"}],"wp:featuredmedia":[{"embeddable":true,"href":"https:\/\/amatab.com\/ar\/wp-json\/wp\/v2\/media\/1275"}],"wp:attachment":[{"href":"https:\/\/amatab.com\/ar\/wp-json\/wp\/v2\/media?parent=8564"}],"wp:term":[{"taxonomy":"folder","embeddable":true,"href":"https:\/\/amatab.com\/ar\/wp-json\/wp\/v2\/folder?post=8564"}],"curies":[{"name":"wp","href":"https:\/\/api.w.org\/{rel}","templated":true}]}}