{"id":8576,"date":"2023-11-10T16:09:43","date_gmt":"2023-11-10T15:09:43","guid":{"rendered":"https:\/\/amatab.com\/?page_id=8576"},"modified":"2024-02-06T10:09:04","modified_gmt":"2024-02-06T09:09:04","slug":"entretien-des-locaux-et-equipements","status":"publish","type":"page","link":"https:\/\/amatab.com\/ar\/entreprises-petrolieres\/entretien-des-locaux-et-equipements\/","title":{"rendered":"\u0635\u064a\u0627\u0646\u0629 \u0627\u0644\u0623\u0645\u0627\u0643\u0646 \u0648\u0627\u0644\u0645\u0639\u062f\u0627\u062a"},"content":{"rendered":"<div data-elementor-type=\"wp-page\" data-elementor-id=\"8576\" class=\"elementor elementor-8576\" data-elementor-post-type=\"page\">\n\t\t\t\t\t\t<section class=\"elementor-section elementor-top-section elementor-element elementor-element-9ce6d39 elementor-section-boxed elementor-section-height-default elementor-section-height-default\" data-id=\"9ce6d39\" data-element_type=\"section\" data-e-type=\"section\">\n\t\t\t\t\t\t<div class=\"elementor-container elementor-column-gap-default\">\n\t\t\t\t\t<div class=\"elementor-column elementor-col-33 elementor-top-column elementor-element elementor-element-faa7b90\" data-id=\"faa7b90\" data-element_type=\"column\" data-e-type=\"column\">\n\t\t\t<div class=\"elementor-widget-wrap elementor-element-populated\">\n\t\t\t\t\t\t<div class=\"elementor-element elementor-element-558cb0b elementor-widget elementor-widget-text-editor\" data-id=\"558cb0b\" data-element_type=\"widget\" data-e-type=\"widget\" data-widget_type=\"text-editor.default\">\n\t\t\t\t<div class=\"elementor-widget-container\">\n\t\t\t\t\t\t\t\t\t<p>\u0644\u0636\u0645\u0627\u0646 \u0628\u064a\u0626\u0629 \u0639\u0645\u0644 \u0641\u0639\u0627\u0644\u0629 \u0648\u0622\u0645\u0646\u0629\u060c \u062a\u0639\u062f \u0627\u0644\u0635\u064a\u0627\u0646\u0629 \u0623\u0645\u0631\u064b\u0627 \u0628\u0627\u0644\u063a \u0627\u0644\u0623\u0647\u0645\u064a\u0629. \u062a\u062a\u0648\u0644\u0649 AMATAB&amp;CO \u0645\u0633\u0624\u0648\u0644\u064a\u0629 \u0646\u0638\u0627\u0641\u0629 \u0648\u0633\u0644\u0627\u0645\u0629 \u0648\u0625\u0635\u0644\u0627\u062d \u0645\u0646\u0634\u0622\u062a\u0643.<\/p><p>\u062a\u0648\u0641\u0631 \u0641\u0631\u0642\u0646\u0627 \u0627\u0644\u0645\u0624\u0647\u0644\u0629 \u0635\u064a\u0627\u0646\u0629 \u0645\u0646\u062a\u0638\u0645\u0629 \u0644\u0636\u0645\u0627\u0646 \u0628\u0642\u0627\u0621 \u0645\u0628\u0627\u0646\u064a\u0643 \u0641\u064a \u062d\u0627\u0644\u0629 \u0645\u062b\u0627\u0644\u064a\u0629.<\/p>\t\t\t\t\t\t\t\t<\/div>\n\t\t\t\t<\/div>\n\t\t\t\t<div class=\"elementor-element elementor-element-381c5ae elementor-widget__width-initial elementor-hidden-desktop elementor-hidden-tablet elementor-widget elementor-widget-image\" data-id=\"381c5ae\" data-element_type=\"widget\" data-e-type=\"widget\" data-widget_type=\"image.default\">\n\t\t\t\t<div class=\"elementor-widget-container\">\n\t\t\t\t\t\t\t\t\t\t\t\t\t\t\t<img decoding=\"async\" src=\"https:\/\/amatab.com\/wp-content\/uploads\/2023\/11\/personnes-qui-s-occupent-du-nettoyage-bureaux-1320x1984.jpg\" title=\"personnes-qui-s-occupent-du-nettoyage-bureaux\" alt=\"personnes-qui-s-occupent-du-nettoyage-bureaux\" loading=\"lazy\" \/>\t\t\t\t\t\t\t\t\t\t\t\t\t\t\t<\/div>\n\t\t\t\t<\/div>\n\t\t\t\t<div class=\"elementor-element elementor-element-6041870 elementor-widget__width-initial elementor-widget elementor-widget-text-editor\" data-id=\"6041870\" data-element_type=\"widget\" data-e-type=\"widget\" data-widget_type=\"text-editor.default\">\n\t\t\t\t<div class=\"elementor-widget-container\">\n\t\t\t\t\t\t\t\t\t<p>\u0633\u0648\u0627\u0621 \u0644\u0625\u062f\u0627\u0631\u0629 \u0627\u0644\u0646\u0641\u0627\u064a\u0627\u062a \u0623\u0648 \u0635\u064a\u0627\u0646\u0629 \u0623\u0646\u0638\u0645\u0629 \u0627\u0644\u0623\u0645\u0646 \u0623\u0648 \u0625\u0635\u0644\u0627\u062d \u0627\u0644\u0628\u0646\u064a\u0629 \u0627\u0644\u062a\u062d\u062a\u064a\u0629\u060c \u0646\u0642\u062f\u0645 \u0644\u0643 \u062d\u0644\u0627\u064b \u0643\u0627\u0645\u0644\u0627\u064b.<\/p><p>\u0646\u0642\u0648\u0645 \u0623\u064a\u0636\u064b\u0627 \u0628\u0625\u062c\u0631\u0627\u0621 \u0641\u062d\u0648\u0635\u0627\u062a \u0645\u0646\u062a\u0638\u0645\u0629 \u0648\u0625\u0635\u0644\u0627\u062d\u0627\u062a \u0648\u0642\u0627\u0626\u064a\u0629 \u0644\u062c\u0645\u064a\u0639 \u0623\u062f\u0648\u0627\u062a \u0627\u0644\u0639\u0645\u0644 \u0628\u062d\u064a\u062b \u062a\u0639\u0645\u0644 \u0628\u0634\u0643\u0644 \u0645\u062b\u0627\u0644\u064a.\u00a0<\/p><p>\u064a\u0639\u0646\u064a \u0627\u062e\u062a\u064a\u0627\u0631 AMATAB&amp;CO \u0627\u062e\u062a\u064a\u0627\u0631 \u062d\u0644 \u0643\u0627\u0645\u0644 \u064a\u062a\u062c\u0627\u0648\u0632 \u0627\u0644\u062e\u062f\u0645\u0627\u062a \u0627\u0644\u0642\u064a\u0627\u0633\u064a\u0629. \u0646\u062d\u0646 \u0634\u0631\u064a\u0643\u0643 \u0627\u0644\u0645\u0648\u062b\u0648\u0642 \u0628\u0647 \u0644\u0644\u062d\u0641\u0627\u0638 \u0639\u0644\u0649 \u062c\u0648\u062f\u0629 \u0648\u0633\u0644\u0627\u0645\u0629 \u0648\u0643\u0641\u0627\u0621\u0629 \u0645\u0646\u0634\u0622\u062a\u0643\u060c \u0648\u0628\u0627\u0644\u062a\u0627\u0644\u064a \u062a\u0639\u0632\u064a\u0632 \u0646\u062c\u0627\u062d \u0639\u0645\u0644\u0643.<\/p>\t\t\t\t\t\t\t\t<\/div>\n\t\t\t\t<\/div>\n\t\t\t\t\t<\/div>\n\t\t<\/div>\n\t\t\t\t<div class=\"elementor-column elementor-col-33 elementor-top-column elementor-element elementor-element-748736d\" data-id=\"748736d\" data-element_type=\"column\" data-e-type=\"column\">\n\t\t\t<div class=\"elementor-widget-wrap elementor-element-populated\">\n\t\t\t\t\t\t<div class=\"elementor-element elementor-element-2089c0f elementor-widget__width-initial elementor-hidden-mobile elementor-widget elementor-widget-image\" data-id=\"2089c0f\" data-element_type=\"widget\" data-e-type=\"widget\" data-widget_type=\"image.default\">\n\t\t\t\t<div class=\"elementor-widget-container\">\n\t\t\t\t\t\t\t\t\t\t\t\t\t\t\t<img decoding=\"async\" src=\"https:\/\/amatab.com\/wp-content\/uploads\/2023\/11\/personnes-qui-s-occupent-du-nettoyage-bureaux-1320x1984.jpg\" title=\"personnes-qui-s-occupent-du-nettoyage-bureaux\" alt=\"personnes-qui-s-occupent-du-nettoyage-bureaux\" loading=\"lazy\" \/>\t\t\t\t\t\t\t\t\t\t\t\t\t\t\t<\/div>\n\t\t\t\t<\/div>\n\t\t\t\t\t<\/div>\n\t\t<\/div>\n\t\t\t\t<div class=\"elementor-column elementor-col-33 elementor-top-column elementor-element elementor-element-4010e47\" data-id=\"4010e47\" data-element_type=\"column\" data-e-type=\"column\">\n\t\t\t<div class=\"elementor-widget-wrap elementor-element-populated\">\n\t\t\t\t\t\t<div class=\"elementor-element elementor-element-706b432 elementor-widget elementor-widget-transx_links_list\" data-id=\"706b432\" data-element_type=\"widget\" data-e-type=\"widget\" data-widget_type=\"transx_links_list.default\">\n\t\t\t\t<div class=\"elementor-widget-container\">\n\t\t\t\t\t\n        <div class=\"transx_links_list_widget\">\n            <div class=\"transx_links_list_wrapper transx_view_type_2\">\n                <h5 class=\"transx_links_list_title\">\u062e\u062f\u0645\u0627\u062a \u0623\u062e\u0631\u0649<\/h5>\n\n                                            <a class=\"transx_links_list_item\" href=\"https:\/\/amatab.com\/ar\/entreprises-petrolieres\/construction-des-locaux-sur-mesure\/\" >\n                                <img decoding=\"async\" class=\"transx_img--bg\" src=\"http:\/\/amatab.com\/wp-content\/uploads\/2023\/11\/groupe-dirigeants-entreprises-travaillant-ensemble-scaled.jpg\" alt=\"Background Image\" \/>\n                                <h6>\u062a\u0634\u064a\u064a\u062f \u0645\u0628\u0627\u0646 \u0645\u0635\u0646\u0648\u0639\u0629 \u062d\u0633\u0628 \u0627\u0644\u0637\u0644\u0628<\/h6>\n                                <span class=\"transx_links_list_counter\">01<\/span>\n                            <\/a>\n                                                        <a class=\"transx_links_list_item\" href=\"https:\/\/amatab.com\/ar\/entreprises-petrolieres\/equipements\/\" >\n                                <img decoding=\"async\" class=\"transx_img--bg\" src=\"http:\/\/amatab.com\/wp-content\/uploads\/2023\/11\/amenagement-bureau-ordinateur-portable-scaled.jpg\" alt=\"Background Image\" \/>\n                                <h6>\u0645\u0639\u062f\u0627\u062a<\/h6>\n                                <span class=\"transx_links_list_counter\">02<\/span>\n                            <\/a>\n                                                            <\/div>\n        <\/div>\n\n        \t\t\t\t<\/div>\n\t\t\t\t<\/div>\n\t\t\t\t<div class=\"elementor-element elementor-element-1f63c65 elementor-widget elementor-widget-html\" data-id=\"1f63c65\" data-element_type=\"widget\" data-e-type=\"widget\" data-widget_type=\"html.default\">\n\t\t\t\t<div class=\"elementor-widget-container\">\n\t\t\t\t\t<div class=\"transx_contact-trigger transx_contact-trigger--style-2\">\n\t\n\n\t<h4 class=\"transx_contact-trigger__title\">\u0647\u0644 \u062a\u062d\u062a\u0627\u062c \u0625\u0644\u0649 \u0639\u0631\u0636 \u0623\u0633\u0639\u0627\u0631 \u061f<\/h4>\n\n\t<p class=\"transx_contact-trigger__text\">\u0646\u062d\u0646 \u0647\u0646\u0627 \u0644\u062a\u0632\u0648\u064a\u062f\u0643 \u0628\u0633\u0631\u0639\u0629 \u0628\u0645\u0639\u0644\u0648\u0645\u0627\u062a \u0645\u0641\u0635\u0644\u0629 \u062d\u0648\u0644 \u0623\u0633\u0639\u0627\u0631\u0646\u0627<\/p>\n\n\t<a class=\"transx_button\" href=\"https:\/\/amatab.com\/ar\/entreprises-petrolieres\/entretien-des-locaux-et-equipements\/obtenir-un-devis\/\">\n\t\t<span>\u0644\u0644\u062d\u0635\u0648\u0644 \u0639\u0644\u0649 \u0639\u0631\u0636 \u0623\u0633\u0639\u0627\u0631<\/span>\n\t\t<svg class=\"icon\">\n\t\t\t<svg viewbox=\"0 0 150 78.6\" xmlns=\"http:\/\/www.w3.org\/2000\/svg\"><path d=\"M0 31.5h150v12.7H0V31.5zM112.8-.1l30.9 31.5-8.8 9L104 8.9l8.8-9zm18.1 51l-18.4 18.8 8.9 9 18.4-18.8-8.9-9z\"\/><\/svg>\n\t\t<\/svg>\n\t<\/a>\n<\/div>\t\t\t\t<\/div>\n\t\t\t\t<\/div>\n\t\t\t\t\t<\/div>\n\t\t<\/div>\n\t\t\t\t\t<\/div>\n\t\t<\/section>\n\t\t\t\t<\/div>","protected":false},"excerpt":{"rendered":"<p>Pour assurer un environnement de travail efficace et s\u00fbr, l&rsquo;entretien est primordial. AMATAB &amp; CO prend en charge la propret\u00e9, la s\u00e9curit\u00e9 et la r\u00e9paration de vos installations. Nos \u00e9quipes qualifi\u00e9es assurent la maintenance r\u00e9guli\u00e8re pour veiller \u00e0 ce que vos locaux restent en parfait \u00e9tat. Que ce soit pour la gestion des d\u00e9chets, l&rsquo;entretien [&hellip;]<\/p>\n","protected":false},"author":5,"featured_media":1275,"parent":3833,"menu_order":28,"comment_status":"closed","ping_status":"closed","template":"","meta":{"om_disable_all_campaigns":false,"_uf_show_specific_survey":0,"_uf_disable_surveys":false,"footnotes":""},"folder":[],"class_list":["post-8576","page","type-page","status-publish","has-post-thumbnail","hentry"],"aioseo_notices":[],"_links":{"self":[{"href":"https:\/\/amatab.com\/ar\/wp-json\/wp\/v2\/pages\/8576","targetHints":{"allow":["GET"]}}],"collection":[{"href":"https:\/\/amatab.com\/ar\/wp-json\/wp\/v2\/pages"}],"about":[{"href":"https:\/\/amatab.com\/ar\/wp-json\/wp\/v2\/types\/page"}],"author":[{"embeddable":true,"href":"https:\/\/amatab.com\/ar\/wp-json\/wp\/v2\/users\/5"}],"replies":[{"embeddable":true,"href":"https:\/\/amatab.com\/ar\/wp-json\/wp\/v2\/comments?post=8576"}],"version-history":[{"count":46,"href":"https:\/\/amatab.com\/ar\/wp-json\/wp\/v2\/pages\/8576\/revisions"}],"predecessor-version":[{"id":16166,"href":"https:\/\/amatab.com\/ar\/wp-json\/wp\/v2\/pages\/8576\/revisions\/16166"}],"up":[{"embeddable":true,"href":"https:\/\/amatab.com\/ar\/wp-json\/wp\/v2\/pages\/3833"}],"wp:featuredmedia":[{"embeddable":true,"href":"https:\/\/amatab.com\/ar\/wp-json\/wp\/v2\/media\/1275"}],"wp:attachment":[{"href":"https:\/\/amatab.com\/ar\/wp-json\/wp\/v2\/media?parent=8576"}],"wp:term":[{"taxonomy":"folder","embeddable":true,"href":"https:\/\/amatab.com\/ar\/wp-json\/wp\/v2\/folder?post=8576"}],"curies":[{"name":"wp","href":"https:\/\/api.w.org\/{rel}","templated":true}]}}