{"id":8824,"date":"2023-11-13T11:53:41","date_gmt":"2023-11-13T10:53:41","guid":{"rendered":"https:\/\/amatab.com\/?page_id=8824"},"modified":"2024-02-05T10:49:00","modified_gmt":"2024-02-05T09:49:00","slug":"creation-de-lentreprise","status":"publish","type":"page","link":"https:\/\/amatab.com\/ar\/entreprises-petrolieres\/creation-de-lentreprise\/","title":{"rendered":"\u0625\u0646\u0634\u0627\u0621 \u0627\u0644\u0634\u0631\u0643\u0629"},"content":{"rendered":"<div data-elementor-type=\"wp-page\" data-elementor-id=\"8824\" class=\"elementor elementor-8824\" data-elementor-post-type=\"page\">\n\t\t\t\t\t\t<section class=\"elementor-section elementor-top-section elementor-element elementor-element-83a3016 elementor-section-boxed elementor-section-height-default elementor-section-height-default\" data-id=\"83a3016\" data-element_type=\"section\" data-e-type=\"section\">\n\t\t\t\t\t\t<div class=\"elementor-container elementor-column-gap-default\">\n\t\t\t\t\t<div class=\"elementor-column elementor-col-33 elementor-top-column elementor-element elementor-element-ea8d1c3\" data-id=\"ea8d1c3\" data-element_type=\"column\" data-e-type=\"column\">\n\t\t\t<div class=\"elementor-widget-wrap elementor-element-populated\">\n\t\t\t\t\t\t<div class=\"elementor-element elementor-element-4437a42 elementor-widget__width-initial elementor-widget elementor-widget-text-editor\" data-id=\"4437a42\" data-element_type=\"widget\" data-e-type=\"widget\" data-widget_type=\"text-editor.default\">\n\t\t\t\t<div class=\"elementor-widget-container\">\n\t\t\t\t\t\t\t\t\t<p>\u064a\u062a\u0637\u0644\u0628 \u0625\u0646\u0634\u0627\u0621 \u0634\u0631\u0643\u0629 \u0646\u0641\u0637 \u062a\u062e\u0637\u064a\u0637\u064b\u0627 \u062f\u0642\u064a\u0642\u064b\u0627 \u0648\u062e\u0628\u0631\u0629 \u0645\u062a\u062e\u0635\u0635\u0629. \u0646\u0642\u062f\u0645 \u0644\u0643\u0645 \u062e\u0628\u0631\u062a\u0646\u0627 \u0641\u064a \u0647\u0630\u0627 \u0627\u0644\u0645\u062c\u0627\u0644 \u0648\u0645\u0639\u0631\u0641\u062a\u0646\u0627 \u0628\u0627\u0644\u0644\u0648\u0627\u0626\u062d \u0644\u0636\u0645\u0627\u0646 \u0627\u0645\u062a\u062b\u0627\u0644 \u0645\u0634\u0631\u0648\u0639\u0643\u0645 \u0648\u0646\u062c\u0627\u062d\u0647 \u0639\u0644\u0649 \u0627\u0644\u0645\u062f\u0649 \u0627\u0644\u0637\u0648\u064a\u0644.<\/p>\t\t\t\t\t\t\t\t<\/div>\n\t\t\t\t<\/div>\n\t\t\t\t<div class=\"elementor-element elementor-element-2d822a4 elementor-widget__width-initial elementor-hidden-desktop elementor-hidden-tablet elementor-widget elementor-widget-image\" data-id=\"2d822a4\" data-element_type=\"widget\" data-e-type=\"widget\" data-widget_type=\"image.default\">\n\t\t\t\t<div class=\"elementor-widget-container\">\n\t\t\t\t\t\t\t\t\t\t\t\t\t\t\t<img decoding=\"async\" src=\"https:\/\/amatab.com\/wp-content\/uploads\/2023\/11\/gratte-ciel-sous-angle-faible-1320x1977.jpg\" title=\"Skyscrapers from a low angle view\" alt=\"Skyscrapers from a low angle view in Shanghai,China.\" loading=\"lazy\" \/>\t\t\t\t\t\t\t\t\t\t\t\t\t\t\t<\/div>\n\t\t\t\t<\/div>\n\t\t\t\t<div class=\"elementor-element elementor-element-472b88a elementor-widget__width-initial elementor-widget elementor-widget-text-editor\" data-id=\"472b88a\" data-element_type=\"widget\" data-e-type=\"widget\" data-widget_type=\"text-editor.default\">\n\t\t\t\t<div class=\"elementor-widget-container\">\n\t\t\t\t\t\t\t\t\t<p>\u0646\u0628\u062f\u0623 \u0628\u062a\u0642\u064a\u064a\u0645 \u0634\u0627\u0645\u0644 \u0644\u0623\u0647\u062f\u0627\u0641\u0643 \u0648\u0631\u0624\u064a\u062a\u0643 \u0644\u0639\u0645\u0644\u0643. \u062b\u0645 \u0646\u0637\u0648\u0631 \u062e\u0637\u0629 \u0627\u0633\u062a\u0631\u0627\u062a\u064a\u062c\u064a\u0629 \u0634\u0627\u0645\u0644\u0629 \u062a\u062a\u0636\u0645\u0646 \u0647\u064a\u0643\u0644 \u0627\u0644\u0623\u0639\u0645\u0627\u0644\u060c \u0648\u0645\u062a\u0637\u0644\u0628\u0627\u062a \u0627\u0644\u062a\u0648\u0638\u064a\u0641\u060c \u0648\u0627\u062e\u062a\u064a\u0627\u0631 \u0627\u0644\u0645\u0648\u0642\u0639\u060c \u0648\u0627\u0644\u062c\u0648\u0627\u0646\u0628 \u0627\u0644\u0642\u0627\u0646\u0648\u0646\u064a\u0629 \u0648\u0627\u0644\u062a\u0646\u0638\u064a\u0645\u064a\u0629\u060c \u0648\u0627\u0644\u062a\u0645\u0648\u064a\u0644 - \u0648\u0644\u062f\u062e\u0648\u0644 \u0623\u0643\u062b\u0631 \u0643\u0641\u0627\u0621\u0629 \u0625\u0644\u0649 \u0627\u0644\u0633\u0648\u0642\u060c \u0646\u0648\u0641\u0631 \u0644\u0643 \u0627\u0644\u0648\u0635\u0648\u0644 \u0625\u0644\u0649 \u0634\u0628\u0643\u0629 \u062c\u0647\u0627\u062a \u0627\u0644\u0627\u062a\u0635\u0627\u0644 \u0627\u0644\u0648\u0627\u0633\u0639\u0629 \u0644\u062f\u064a\u0646\u0627!<\/p><p>\u0633\u0648\u0627\u0621 \u0643\u0646\u062a \u062a\u0641\u0643\u0631 \u0641\u064a \u0628\u062f\u0621 \u0639\u0645\u0644 \u062c\u062f\u064a\u062f \u0623\u0648 \u062a\u0648\u0633\u064a\u0639 \u0639\u0645\u0644\u0643 \u0627\u0644\u062d\u0627\u0644\u064a\u060c \u0641\u0646\u062d\u0646 \u0647\u0646\u0627 \u0644\u0625\u0631\u0634\u0627\u062f\u0643.<\/p>\t\t\t\t\t\t\t\t<\/div>\n\t\t\t\t<\/div>\n\t\t\t\t\t<\/div>\n\t\t<\/div>\n\t\t\t\t<div class=\"elementor-column elementor-col-33 elementor-top-column elementor-element elementor-element-20dc9a8\" data-id=\"20dc9a8\" data-element_type=\"column\" data-e-type=\"column\">\n\t\t\t<div class=\"elementor-widget-wrap elementor-element-populated\">\n\t\t\t\t\t\t<div class=\"elementor-element elementor-element-b25c5ea elementor-widget__width-initial elementor-hidden-mobile elementor-widget elementor-widget-image\" data-id=\"b25c5ea\" data-element_type=\"widget\" data-e-type=\"widget\" data-widget_type=\"image.default\">\n\t\t\t\t<div class=\"elementor-widget-container\">\n\t\t\t\t\t\t\t\t\t\t\t\t\t\t\t<img decoding=\"async\" src=\"https:\/\/amatab.com\/wp-content\/uploads\/2023\/11\/gratte-ciel-sous-angle-faible-1320x1977.jpg\" title=\"Skyscrapers from a low angle view\" alt=\"Skyscrapers from a low angle view in Shanghai,China.\" loading=\"lazy\" \/>\t\t\t\t\t\t\t\t\t\t\t\t\t\t\t<\/div>\n\t\t\t\t<\/div>\n\t\t\t\t\t<\/div>\n\t\t<\/div>\n\t\t\t\t<div class=\"elementor-column elementor-col-33 elementor-top-column elementor-element elementor-element-7682fe4\" data-id=\"7682fe4\" data-element_type=\"column\" data-e-type=\"column\">\n\t\t\t<div class=\"elementor-widget-wrap elementor-element-populated\">\n\t\t\t\t\t\t<div class=\"elementor-element elementor-element-77c30b9 elementor-widget elementor-widget-transx_links_list\" data-id=\"77c30b9\" data-element_type=\"widget\" data-e-type=\"widget\" data-widget_type=\"transx_links_list.default\">\n\t\t\t\t<div class=\"elementor-widget-container\">\n\t\t\t\t\t\n        <div class=\"transx_links_list_widget\">\n            <div class=\"transx_links_list_wrapper transx_view_type_2\">\n                <h5 class=\"transx_links_list_title\">\u062e\u062f\u0645\u0627\u062a \u0623\u062e\u0631\u0649<\/h5>\n\n                                            <a class=\"transx_links_list_item\" href=\"https:\/\/amatab.com\/ar\/entreprises-petrolieres\/documentation\/\" >\n                                <img decoding=\"async\" class=\"transx_img--bg\" src=\"http:\/\/amatab.com\/wp-content\/uploads\/2023\/11\/espace-travail-table-travail-bureau-scaled.jpg\" alt=\"Background Image\" \/>\n                                <h6>\u0648\u062b\u0627\u0626\u0642<\/h6>\n                                <span class=\"transx_links_list_counter\">01<\/span>\n                            <\/a>\n                                                        <a class=\"transx_links_list_item\" href=\"https:\/\/amatab.com\/ar\/entreprises-petrolieres\/conseils-financiers\/\" >\n                                <img decoding=\"async\" class=\"transx_img--bg\" src=\"http:\/\/amatab.com\/wp-content\/uploads\/2023\/11\/homme-affaires-calcul-nombres-finances-scaled.jpg\" alt=\"Background Image\" \/>\n                                <h6>\u0646\u0635\u064a\u062d\u0629 \u0645\u0627\u0644\u064a\u0629 <\/h6>\n                                <span class=\"transx_links_list_counter\">02<\/span>\n                            <\/a>\n                                                            <\/div>\n        <\/div>\n\n        \t\t\t\t<\/div>\n\t\t\t\t<\/div>\n\t\t\t\t<div class=\"elementor-element elementor-element-97a7f08 elementor-widget elementor-widget-html\" data-id=\"97a7f08\" data-element_type=\"widget\" data-e-type=\"widget\" data-widget_type=\"html.default\">\n\t\t\t\t<div class=\"elementor-widget-container\">\n\t\t\t\t\t<div class=\"transx_contact-trigger transx_contact-trigger--style-2\">\n\n\n\t<h4 class=\"transx_contact-trigger__title\">\u0647\u0644 \u062a\u062d\u062a\u0627\u062c \u0625\u0644\u0649 \u0639\u0631\u0636 \u0623\u0633\u0639\u0627\u0631 \u061f<\/h4>\n\n\t<p class=\"transx_contact-trigger__text\">\u0646\u062d\u0646 \u0647\u0646\u0627 \u0644\u062a\u0632\u0648\u064a\u062f\u0643 \u0628\u0633\u0631\u0639\u0629 \u0628\u0645\u0639\u0644\u0648\u0645\u0627\u062a \u0645\u0641\u0635\u0644\u0629 \u062d\u0648\u0644 \u0623\u0633\u0639\u0627\u0631\u0646\u0627<\/p>\n\n\t<a class=\"transx_button\" href=\"https:\/\/amatab.com\/ar\/entreprises-petrolieres\/creation-de-lentreprise\/obtenir-un-devis\/\">\n\t\t<span>\u0644\u0644\u062d\u0635\u0648\u0644 \u0639\u0644\u0649 \u0639\u0631\u0636 \u0623\u0633\u0639\u0627\u0631<\/span>\n\t\t<svg class=\"icon\">\n\t\t\t<svg viewbox=\"0 0 150 78.6\" xmlns=\"http:\/\/www.w3.org\/2000\/svg\"><path d=\"M0 31.5h150v12.7H0V31.5zM112.8-.1l30.9 31.5-8.8 9L104 8.9l8.8-9zm18.1 51l-18.4 18.8 8.9 9 18.4-18.8-8.9-9z\"\/><\/svg>\n\t\t<\/svg>\n\t<\/a>\n<\/div>\t\t\t\t<\/div>\n\t\t\t\t<\/div>\n\t\t\t\t\t<\/div>\n\t\t<\/div>\n\t\t\t\t\t<\/div>\n\t\t<\/section>\n\t\t\t\t<\/div>","protected":false},"excerpt":{"rendered":"<p>La cr\u00e9ation d&rsquo;une entreprise p\u00e9troli\u00e8re n\u00e9cessite une planification minutieuse et une expertise sp\u00e9cialis\u00e9e. Nous mettons \u00e0 votre disposition notre savoir-faire dans ce domaine et notre connaissance des r\u00e9glementations pour vous assurer la conformit\u00e9 de votre projet et son succ\u00e8s \u00e0 long terme. Nous commen\u00e7ons par une \u00e9valuation approfondie de vos objectifs et de votre vision [&hellip;]<\/p>\n","protected":false},"author":5,"featured_media":1275,"parent":3833,"menu_order":27,"comment_status":"closed","ping_status":"closed","template":"","meta":{"om_disable_all_campaigns":false,"_uf_show_specific_survey":0,"_uf_disable_surveys":false,"footnotes":""},"folder":[],"class_list":["post-8824","page","type-page","status-publish","has-post-thumbnail","hentry"],"aioseo_notices":[],"_links":{"self":[{"href":"https:\/\/amatab.com\/ar\/wp-json\/wp\/v2\/pages\/8824","targetHints":{"allow":["GET"]}}],"collection":[{"href":"https:\/\/amatab.com\/ar\/wp-json\/wp\/v2\/pages"}],"about":[{"href":"https:\/\/amatab.com\/ar\/wp-json\/wp\/v2\/types\/page"}],"author":[{"embeddable":true,"href":"https:\/\/amatab.com\/ar\/wp-json\/wp\/v2\/users\/5"}],"replies":[{"embeddable":true,"href":"https:\/\/amatab.com\/ar\/wp-json\/wp\/v2\/comments?post=8824"}],"version-history":[{"count":55,"href":"https:\/\/amatab.com\/ar\/wp-json\/wp\/v2\/pages\/8824\/revisions"}],"predecessor-version":[{"id":16151,"href":"https:\/\/amatab.com\/ar\/wp-json\/wp\/v2\/pages\/8824\/revisions\/16151"}],"up":[{"embeddable":true,"href":"https:\/\/amatab.com\/ar\/wp-json\/wp\/v2\/pages\/3833"}],"wp:featuredmedia":[{"embeddable":true,"href":"https:\/\/amatab.com\/ar\/wp-json\/wp\/v2\/media\/1275"}],"wp:attachment":[{"href":"https:\/\/amatab.com\/ar\/wp-json\/wp\/v2\/media?parent=8824"}],"wp:term":[{"taxonomy":"folder","embeddable":true,"href":"https:\/\/amatab.com\/ar\/wp-json\/wp\/v2\/folder?post=8824"}],"curies":[{"name":"wp","href":"https:\/\/api.w.org\/{rel}","templated":true}]}}