{"id":8851,"date":"2023-11-13T12:05:37","date_gmt":"2023-11-13T11:05:37","guid":{"rendered":"https:\/\/amatab.com\/?page_id=8851"},"modified":"2024-02-05T12:10:24","modified_gmt":"2024-02-05T11:10:24","slug":"conseils-financiers","status":"publish","type":"page","link":"https:\/\/amatab.com\/ar\/entreprises-petrolieres\/conseils-financiers\/","title":{"rendered":"\u0646\u0635\u064a\u062d\u0629 \u0645\u0627\u0644\u064a\u0629"},"content":{"rendered":"<div data-elementor-type=\"wp-page\" data-elementor-id=\"8851\" class=\"elementor elementor-8851\" data-elementor-post-type=\"page\">\n\t\t\t\t\t\t<section class=\"elementor-section elementor-top-section elementor-element elementor-element-4fa839b elementor-section-boxed elementor-section-height-default elementor-section-height-default\" data-id=\"4fa839b\" data-element_type=\"section\" data-e-type=\"section\">\n\t\t\t\t\t\t<div class=\"elementor-container elementor-column-gap-default\">\n\t\t\t\t\t<div class=\"elementor-column elementor-col-33 elementor-top-column elementor-element elementor-element-1f5a153\" data-id=\"1f5a153\" data-element_type=\"column\" data-e-type=\"column\">\n\t\t\t<div class=\"elementor-widget-wrap elementor-element-populated\">\n\t\t\t\t\t\t<div class=\"elementor-element elementor-element-db6f5f7 elementor-widget elementor-widget-text-editor\" data-id=\"db6f5f7\" data-element_type=\"widget\" data-e-type=\"widget\" data-widget_type=\"text-editor.default\">\n\t\t\t\t<div class=\"elementor-widget-container\">\n\t\t\t\t\t\t\t\t\t<p>\u0627\u0644\u0625\u062f\u0627\u0631\u0629 \u0627\u0644\u0645\u0627\u0644\u064a\u0629 \u0627\u0644\u0641\u0639\u0627\u0644\u0629 \u0647\u064a \u0631\u0643\u064a\u0632\u0629 \u0623\u0633\u0627\u0633\u064a\u0629 \u0644\u0623\u064a \u0634\u0631\u0643\u0629 \u0646\u0641\u0637 \u0646\u0627\u062c\u062d\u0629. \u0641\u064a AMATAB&amp;CO\u060c \u0646\u062a\u0641\u0647\u0645 \u0627\u0644\u062a\u0639\u0642\u064a\u062f\u0627\u062a \u0627\u0644\u0645\u0627\u0644\u064a\u0629 \u0644\u0647\u0630\u0647 \u0627\u0644\u0635\u0646\u0627\u0639\u0629 \u0648\u0646\u0642\u062f\u0645 \u062e\u062f\u0645\u0627\u062a \u0627\u0633\u062a\u0634\u0627\u0631\u064a\u0629 \u0645\u0627\u0644\u064a\u0629 \u0645\u062e\u0635\u0635\u0629 \u0644\u0645\u0633\u0627\u0639\u062f\u062a\u0643 \u0639\u0644\u0649 \u062a\u062d\u0642\u064a\u0642 \u0623\u0647\u062f\u0627\u0641\u0643 \u0627\u0644\u0645\u0627\u0644\u064a\u0629 \u0648\u0627\u0644\u062a\u0634\u063a\u064a\u0644\u064a\u0629.<\/p>\t\t\t\t\t\t\t\t<\/div>\n\t\t\t\t<\/div>\n\t\t\t\t<div class=\"elementor-element elementor-element-abeb8e9 elementor-widget__width-initial elementor-hidden-desktop elementor-hidden-tablet elementor-widget elementor-widget-image\" data-id=\"abeb8e9\" data-element_type=\"widget\" data-e-type=\"widget\" data-widget_type=\"image.default\">\n\t\t\t\t<div class=\"elementor-widget-container\">\n\t\t\t\t\t\t\t\t\t\t\t\t\t\t\t<img fetchpriority=\"high\" decoding=\"async\" width=\"683\" height=\"1024\" src=\"https:\/\/amatab.com\/wp-content\/uploads\/2023\/11\/vue-croisee-du-gestionnaire-ventes-aide-calculatrice-683x1024.jpg\" class=\"attachment-large size-large wp-image-12135\" alt=\"\" srcset=\"https:\/\/amatab.com\/wp-content\/uploads\/2023\/11\/vue-croisee-du-gestionnaire-ventes-aide-calculatrice-683x1024.jpg 683w, https:\/\/amatab.com\/wp-content\/uploads\/2023\/11\/vue-croisee-du-gestionnaire-ventes-aide-calculatrice-200x300.jpg 200w, https:\/\/amatab.com\/wp-content\/uploads\/2023\/11\/vue-croisee-du-gestionnaire-ventes-aide-calculatrice-768x1152.jpg 768w, https:\/\/amatab.com\/wp-content\/uploads\/2023\/11\/vue-croisee-du-gestionnaire-ventes-aide-calculatrice-1024x1536.jpg 1024w, https:\/\/amatab.com\/wp-content\/uploads\/2023\/11\/vue-croisee-du-gestionnaire-ventes-aide-calculatrice-1365x2048.jpg 1365w, https:\/\/amatab.com\/wp-content\/uploads\/2023\/11\/vue-croisee-du-gestionnaire-ventes-aide-calculatrice-1320x1980.jpg 1320w, https:\/\/amatab.com\/wp-content\/uploads\/2023\/11\/vue-croisee-du-gestionnaire-ventes-aide-calculatrice-600x900.jpg 600w, https:\/\/amatab.com\/wp-content\/uploads\/2023\/11\/vue-croisee-du-gestionnaire-ventes-aide-calculatrice-scaled.jpg 1707w\" sizes=\"(max-width: 683px) 100vw, 683px\" \/>\t\t\t\t\t\t\t\t\t\t\t\t\t\t\t<\/div>\n\t\t\t\t<\/div>\n\t\t\t\t<div class=\"elementor-element elementor-element-9afc2d5 elementor-widget elementor-widget-text-editor\" data-id=\"9afc2d5\" data-element_type=\"widget\" data-e-type=\"widget\" data-widget_type=\"text-editor.default\">\n\t\t\t\t<div class=\"elementor-widget-container\">\n\t\t\t\t\t\t\t\t\t<p>\u064a\u062a\u0645\u062a\u0639 \u0641\u0631\u064a\u0642\u0646\u0627 \u0645\u0646 \u0627\u0644\u0645\u0633\u062a\u0634\u0627\u0631\u064a\u0646 \u0627\u0644\u0645\u0627\u0644\u064a\u064a\u0646 \u0628\u0645\u0639\u0631\u0641\u0629 \u0645\u062a\u0639\u0645\u0642\u0629 \u0628\u0642\u0637\u0627\u0639 \u0627\u0644\u0646\u0641\u0637\u060c \u0628\u0645\u0627 \u0641\u064a \u0630\u0644\u0643 \u062a\u0642\u0644\u0628\u0627\u062a \u0623\u0633\u0639\u0627\u0631 \u0627\u0644\u0646\u0641\u0637 \u0648\u062a\u062d\u062f\u064a\u0627\u062a \u0625\u062f\u0627\u0631\u0629 \u0627\u0644\u0646\u0642\u062f \u0648\u0641\u0631\u0635 \u0627\u0644\u0627\u0633\u062a\u062b\u0645\u0627\u0631. \u0646\u062d\u0646 \u0646\u0639\u0645\u0644 \u0628\u0634\u0643\u0644 \u0648\u062b\u064a\u0642 \u0645\u0639\u0643 \u0644\u062a\u0637\u0648\u064a\u0631 \u0627\u0633\u062a\u0631\u0627\u062a\u064a\u062c\u064a\u0627\u062a \u0645\u0627\u0644\u064a\u0629 \u0645\u0635\u0645\u0645\u0629 \u062e\u0635\u064a\u0635\u064b\u0627 \u0644\u0627\u062d\u062a\u064a\u0627\u062c\u0627\u062a\u0643 \u0627\u0644\u0641\u0631\u064a\u062f\u0629. \u0633\u0648\u0627\u0621 \u0643\u0627\u0646 \u0627\u0644\u0623\u0645\u0631 \u064a\u062a\u0639\u0644\u0642 \u0628\u062a\u062d\u0633\u064a\u0646 \u0647\u064a\u0643\u0644 \u0631\u0623\u0633 \u0627\u0644\u0645\u0627\u0644 \u0627\u0644\u062e\u0627\u0635 \u0628\u0643 \u0623\u0648 \u0625\u062f\u0627\u0631\u0629 \u0627\u0644\u0645\u062e\u0627\u0637\u0631 \u0627\u0644\u0645\u0627\u0644\u064a\u0629 \u0623\u0648 \u062a\u062d\u0633\u064a\u0646 \u0631\u0628\u062d\u064a\u0629 \u0639\u0645\u0644\u0643\u060c \u0641\u0646\u062d\u0646 \u0647\u0646\u0627 \u0644\u0625\u0631\u0634\u0627\u062f\u0643.<\/p><p>\u0628\u0627\u0644\u0625\u0636\u0627\u0641\u0629 \u0625\u0644\u0649 \u062e\u062f\u0645\u0627\u062a\u0646\u0627 \u0627\u0644\u0627\u0633\u062a\u0634\u0627\u0631\u064a\u0629\u060c \u064a\u0645\u0643\u0646\u0646\u0627 \u0645\u0633\u0627\u0639\u062f\u062a\u0643 \u0641\u064a \u0625\u0646\u0634\u0627\u0621 \u0623\u062d\u062f\u062b \u0623\u0646\u0638\u0645\u0629 \u0627\u0644\u0645\u062d\u0627\u0633\u0628\u0629 \u0648\u0627\u0644\u0625\u062f\u0627\u0631\u0629 \u0627\u0644\u0645\u0627\u0644\u064a\u0629 \u0644\u0636\u0645\u0627\u0646 \u0627\u0644\u0634\u0641\u0627\u0641\u064a\u0629 \u0627\u0644\u0643\u0627\u0645\u0644\u0629 \u0648\u0627\u062a\u062e\u0627\u0630 \u0627\u0644\u0642\u0631\u0627\u0631\u0627\u062a \u0627\u0644\u0645\u0633\u062a\u0646\u064a\u0631\u0629.\u00a0<\/p>\t\t\t\t\t\t\t\t<\/div>\n\t\t\t\t<\/div>\n\t\t\t\t\t<\/div>\n\t\t<\/div>\n\t\t\t\t<div class=\"elementor-column elementor-col-33 elementor-top-column elementor-element elementor-element-78b5a00\" data-id=\"78b5a00\" data-element_type=\"column\" data-e-type=\"column\">\n\t\t\t<div class=\"elementor-widget-wrap elementor-element-populated\">\n\t\t\t\t\t\t<div class=\"elementor-element elementor-element-db0a09f elementor-widget__width-initial elementor-hidden-mobile elementor-widget elementor-widget-image\" data-id=\"db0a09f\" data-element_type=\"widget\" data-e-type=\"widget\" data-widget_type=\"image.default\">\n\t\t\t\t<div class=\"elementor-widget-container\">\n\t\t\t\t\t\t\t\t\t\t\t\t\t\t\t<img fetchpriority=\"high\" decoding=\"async\" width=\"683\" height=\"1024\" src=\"https:\/\/amatab.com\/wp-content\/uploads\/2023\/11\/vue-croisee-du-gestionnaire-ventes-aide-calculatrice-683x1024.jpg\" class=\"attachment-large size-large wp-image-12135\" alt=\"\" srcset=\"https:\/\/amatab.com\/wp-content\/uploads\/2023\/11\/vue-croisee-du-gestionnaire-ventes-aide-calculatrice-683x1024.jpg 683w, https:\/\/amatab.com\/wp-content\/uploads\/2023\/11\/vue-croisee-du-gestionnaire-ventes-aide-calculatrice-200x300.jpg 200w, https:\/\/amatab.com\/wp-content\/uploads\/2023\/11\/vue-croisee-du-gestionnaire-ventes-aide-calculatrice-768x1152.jpg 768w, https:\/\/amatab.com\/wp-content\/uploads\/2023\/11\/vue-croisee-du-gestionnaire-ventes-aide-calculatrice-1024x1536.jpg 1024w, https:\/\/amatab.com\/wp-content\/uploads\/2023\/11\/vue-croisee-du-gestionnaire-ventes-aide-calculatrice-1365x2048.jpg 1365w, https:\/\/amatab.com\/wp-content\/uploads\/2023\/11\/vue-croisee-du-gestionnaire-ventes-aide-calculatrice-1320x1980.jpg 1320w, https:\/\/amatab.com\/wp-content\/uploads\/2023\/11\/vue-croisee-du-gestionnaire-ventes-aide-calculatrice-600x900.jpg 600w, https:\/\/amatab.com\/wp-content\/uploads\/2023\/11\/vue-croisee-du-gestionnaire-ventes-aide-calculatrice-scaled.jpg 1707w\" sizes=\"(max-width: 683px) 100vw, 683px\" \/>\t\t\t\t\t\t\t\t\t\t\t\t\t\t\t<\/div>\n\t\t\t\t<\/div>\n\t\t\t\t\t<\/div>\n\t\t<\/div>\n\t\t\t\t<div class=\"elementor-column elementor-col-33 elementor-top-column elementor-element elementor-element-ecdaa1f\" data-id=\"ecdaa1f\" data-element_type=\"column\" data-e-type=\"column\">\n\t\t\t<div class=\"elementor-widget-wrap elementor-element-populated\">\n\t\t\t\t\t\t<div class=\"elementor-element elementor-element-f29c716 elementor-widget elementor-widget-transx_links_list\" data-id=\"f29c716\" data-element_type=\"widget\" data-e-type=\"widget\" data-widget_type=\"transx_links_list.default\">\n\t\t\t\t<div class=\"elementor-widget-container\">\n\t\t\t\t\t\n        <div class=\"transx_links_list_widget\">\n            <div class=\"transx_links_list_wrapper transx_view_type_2\">\n                <h5 class=\"transx_links_list_title\">\u062e\u062f\u0645\u0627\u062a \u0623\u062e\u0631\u0649<\/h5>\n\n                                            <a class=\"transx_links_list_item\" href=\"https:\/\/amatab.com\/ar\/entreprises-petrolieres\/creation-de-lentreprise\/\" >\n                                <img decoding=\"async\" class=\"transx_img--bg\" src=\"http:\/\/amatab.com\/wp-content\/uploads\/2023\/11\/formalites-administratives-paperasserie-ecriture-scaled.jpg\" alt=\"Background Image\" \/>\n                                <h6>\u0625\u0646\u0634\u0627\u0621 \u0627\u0644\u0634\u0631\u0643\u0629<\/h6>\n                                <span class=\"transx_links_list_counter\">01<\/span>\n                            <\/a>\n                                                        <a class=\"transx_links_list_item\" href=\"https:\/\/amatab.com\/ar\/entreprises-petrolieres\/documentation\/\" >\n                                <img decoding=\"async\" class=\"transx_img--bg\" src=\"http:\/\/amatab.com\/wp-content\/uploads\/2023\/11\/espace-travail-table-travail-bureau-scaled.jpg\" alt=\"Background Image\" \/>\n                                <h6>\u0648\u062b\u0627\u0626\u0642<\/h6>\n                                <span class=\"transx_links_list_counter\">02<\/span>\n                            <\/a>\n                                                            <\/div>\n        <\/div>\n\n        \t\t\t\t<\/div>\n\t\t\t\t<\/div>\n\t\t\t\t<div class=\"elementor-element elementor-element-84859b4 elementor-widget elementor-widget-html\" data-id=\"84859b4\" data-element_type=\"widget\" data-e-type=\"widget\" data-widget_type=\"html.default\">\n\t\t\t\t<div class=\"elementor-widget-container\">\n\t\t\t\t\t<div class=\"transx_contact-trigger transx_contact-trigger--style-2\">\n\n\n\t<h4 class=\"transx_contact-trigger__title\">\u0647\u0644 \u062a\u062d\u062a\u0627\u062c \u0625\u0644\u0649 \u0639\u0631\u0636 \u0623\u0633\u0639\u0627\u0631 \u061f<\/h4>\n\n\t<p class=\"transx_contact-trigger__text\">\u0646\u062d\u0646 \u0647\u0646\u0627 \u0644\u062a\u0632\u0648\u064a\u062f\u0643 \u0628\u0633\u0631\u0639\u0629 \u0628\u0645\u0639\u0644\u0648\u0645\u0627\u062a \u0645\u0641\u0635\u0644\u0629 \u062d\u0648\u0644 \u0623\u0633\u0639\u0627\u0631\u0646\u0627<\/p>\n\n\t<a class=\"transx_button\" href=\"https:\/\/amatab.com\/ar\/entreprises-petrolieres\/conseils-financiers\/obtenir-un-devis\/\">\n\t\t<span>\u0644\u0644\u062d\u0635\u0648\u0644 \u0639\u0644\u0649 \u0639\u0631\u0636 \u0623\u0633\u0639\u0627\u0631<\/span>\n\t\t<svg class=\"icon\">\n\t\t\t<svg viewbox=\"0 0 150 78.6\" xmlns=\"http:\/\/www.w3.org\/2000\/svg\"><path d=\"M0 31.5h150v12.7H0V31.5zM112.8-.1l30.9 31.5-8.8 9L104 8.9l8.8-9zm18.1 51l-18.4 18.8 8.9 9 18.4-18.8-8.9-9z\"\/><\/svg>\n\t\t<\/svg>\n\t<\/a>\n<\/div>\t\t\t\t<\/div>\n\t\t\t\t<\/div>\n\t\t\t\t\t<\/div>\n\t\t<\/div>\n\t\t\t\t\t<\/div>\n\t\t<\/section>\n\t\t\t\t<section class=\"elementor-section elementor-top-section elementor-element elementor-element-14bc776 elementor-section-boxed elementor-section-height-default elementor-section-height-default\" data-id=\"14bc776\" data-element_type=\"section\" data-e-type=\"section\">\n\t\t\t\t\t\t<div class=\"elementor-container elementor-column-gap-default\">\n\t\t\t\t\t<div class=\"elementor-column elementor-col-100 elementor-top-column elementor-element elementor-element-47d8d5c\" data-id=\"47d8d5c\" data-element_type=\"column\" data-e-type=\"column\">\n\t\t\t<div class=\"elementor-widget-wrap elementor-element-populated\">\n\t\t\t\t\t\t<section class=\"elementor-section elementor-inner-section elementor-element elementor-element-67fbe64 elementor-section-boxed elementor-section-height-default elementor-section-height-default\" data-id=\"67fbe64\" data-element_type=\"section\" data-e-type=\"section\">\n\t\t\t\t\t\t<div class=\"elementor-container elementor-column-gap-default\">\n\t\t\t\t\t<div class=\"elementor-column elementor-col-50 elementor-inner-column elementor-element elementor-element-662dd60\" data-id=\"662dd60\" data-element_type=\"column\" data-e-type=\"column\">\n\t\t\t<div class=\"elementor-widget-wrap\">\n\t\t\t\t\t\t\t<\/div>\n\t\t<\/div>\n\t\t\t\t<div class=\"elementor-column elementor-col-50 elementor-inner-column elementor-element elementor-element-4e713bb\" data-id=\"4e713bb\" data-element_type=\"column\" data-e-type=\"column\">\n\t\t\t<div class=\"elementor-widget-wrap\">\n\t\t\t\t\t\t\t<\/div>\n\t\t<\/div>\n\t\t\t\t\t<\/div>\n\t\t<\/section>\n\t\t\t\t\t<\/div>\n\t\t<\/div>\n\t\t\t\t\t<\/div>\n\t\t<\/section>\n\t\t\t\t<\/div>","protected":false},"excerpt":{"rendered":"<p>La gestion financi\u00e8re efficace est un pilier fondamental de toute entreprise p\u00e9troli\u00e8re prosp\u00e8re. Chez AMATAB &amp; CO, nous comprenons les complexit\u00e9s financi\u00e8res li\u00e9es \u00e0 cette industrie et nous offrons des services de conseils financiers sur mesure pour vous aider \u00e0 atteindre vos objectifs financiers et op\u00e9rationnels. Notre \u00e9quipe de conseillers financiers poss\u00e8de une connaissance approfondie [&hellip;]<\/p>\n","protected":false},"author":5,"featured_media":1275,"parent":3833,"menu_order":26,"comment_status":"closed","ping_status":"closed","template":"","meta":{"om_disable_all_campaigns":false,"_uf_show_specific_survey":0,"_uf_disable_surveys":false,"footnotes":""},"folder":[],"class_list":["post-8851","page","type-page","status-publish","has-post-thumbnail","hentry"],"aioseo_notices":[],"_links":{"self":[{"href":"https:\/\/amatab.com\/ar\/wp-json\/wp\/v2\/pages\/8851","targetHints":{"allow":["GET"]}}],"collection":[{"href":"https:\/\/amatab.com\/ar\/wp-json\/wp\/v2\/pages"}],"about":[{"href":"https:\/\/amatab.com\/ar\/wp-json\/wp\/v2\/types\/page"}],"author":[{"embeddable":true,"href":"https:\/\/amatab.com\/ar\/wp-json\/wp\/v2\/users\/5"}],"replies":[{"embeddable":true,"href":"https:\/\/amatab.com\/ar\/wp-json\/wp\/v2\/comments?post=8851"}],"version-history":[{"count":55,"href":"https:\/\/amatab.com\/ar\/wp-json\/wp\/v2\/pages\/8851\/revisions"}],"predecessor-version":[{"id":16157,"href":"https:\/\/amatab.com\/ar\/wp-json\/wp\/v2\/pages\/8851\/revisions\/16157"}],"up":[{"embeddable":true,"href":"https:\/\/amatab.com\/ar\/wp-json\/wp\/v2\/pages\/3833"}],"wp:featuredmedia":[{"embeddable":true,"href":"https:\/\/amatab.com\/ar\/wp-json\/wp\/v2\/media\/1275"}],"wp:attachment":[{"href":"https:\/\/amatab.com\/ar\/wp-json\/wp\/v2\/media?parent=8851"}],"wp:term":[{"taxonomy":"folder","embeddable":true,"href":"https:\/\/amatab.com\/ar\/wp-json\/wp\/v2\/folder?post=8851"}],"curies":[{"name":"wp","href":"https:\/\/api.w.org\/{rel}","templated":true}]}}