{"id":12905,"date":"2023-11-23T11:08:11","date_gmt":"2023-11-23T10:08:11","guid":{"rendered":"https:\/\/amatab.com\/?page_id=12905"},"modified":"2024-01-22T11:47:34","modified_gmt":"2024-01-22T10:47:34","slug":"obtenir-un-devis","status":"publish","type":"page","link":"https:\/\/amatab.com\/en\/armateur\/carburants-et-lubrifiants\/obtenir-un-devis\/","title":{"rendered":"Get a quote"},"content":{"rendered":"\t\t<div data-elementor-type=\"wp-page\" data-elementor-id=\"12905\" class=\"elementor elementor-12905\" data-elementor-post-type=\"page\">\n\t\t\t\t\t\t<section class=\"elementor-section elementor-top-section elementor-element elementor-element-540f58e elementor-section-boxed elementor-section-height-default elementor-section-height-default\" data-id=\"540f58e\" data-element_type=\"section\" data-e-type=\"section\">\n\t\t\t\t\t\t<div class=\"elementor-container elementor-column-gap-default\">\n\t\t\t\t\t<div class=\"elementor-column elementor-col-100 elementor-top-column elementor-element elementor-element-bc8db37\" data-id=\"bc8db37\" data-element_type=\"column\" data-e-type=\"column\">\n\t\t\t<div class=\"elementor-widget-wrap elementor-element-populated\">\n\t\t\t\t\t\t<div class=\"elementor-element elementor-element-08c98d1 elementor-widget elementor-widget-wpforms\" data-id=\"08c98d1\" data-element_type=\"widget\" data-e-type=\"widget\" data-widget_type=\"wpforms.default\">\n\t\t\t\t<div class=\"elementor-widget-container\">\n\t\t\t\t\t<style id=\"wpforms-css-vars-root\">\n\t\t\t\t:root {\n\t\t\t\t\t--wpforms-field-border-radius: 3px;\n--wpforms-field-background-color: #ffffff;\n--wpforms-field-border-color: rgba( 0, 0, 0, 0.25 );\n--wpforms-field-text-color: rgba( 0, 0, 0, 0.7 );\n--wpforms-label-color: rgba( 0, 0, 0, 0.85 );\n--wpforms-label-sublabel-color: rgba( 0, 0, 0, 0.55 );\n--wpforms-label-error-color: #d63637;\n--wpforms-button-border-radius: 3px;\n--wpforms-button-background-color: #066aab;\n--wpforms-button-text-color: #ffffff;\n--wpforms-field-size-input-height: 43px;\n--wpforms-field-size-input-spacing: 15px;\n--wpforms-field-size-font-size: 16px;\n--wpforms-field-size-line-height: 19px;\n--wpforms-field-size-padding-h: 14px;\n--wpforms-field-size-checkbox-size: 16px;\n--wpforms-field-size-sublabel-spacing: 5px;\n--wpforms-field-size-icon-size: 1;\n--wpforms-label-size-font-size: 16px;\n--wpforms-label-size-line-height: 19px;\n--wpforms-label-size-sublabel-font-size: 14px;\n--wpforms-label-size-sublabel-line-height: 17px;\n--wpforms-button-size-font-size: 17px;\n--wpforms-button-size-height: 41px;\n--wpforms-button-size-padding-h: 15px;\n--wpforms-button-size-margin-top: 10px;\n\n\t\t\t\t}\n\t\t\t<\/style><style id=\"wpforms-css-vars-elementor-widget-08c98d1\">\n\t\t\t\t.elementor-widget-wpforms.elementor-element-08c98d1 {\n\t\t\t\t\t--wpforms-field-size-input-height: 43px;\n--wpforms-field-size-input-spacing: 15px;\n--wpforms-field-size-font-size: 16px;\n--wpforms-field-size-line-height: 19px;\n--wpforms-field-size-padding-h: 14px;\n--wpforms-field-size-checkbox-size: 16px;\n--wpforms-field-size-sublabel-spacing: 5px;\n--wpforms-field-size-icon-size: 1;\n--wpforms-label-size-font-size: 16px;\n--wpforms-label-size-line-height: 19px;\n--wpforms-label-size-sublabel-font-size: 14px;\n--wpforms-label-size-sublabel-line-height: 17px;\n--wpforms-button-size-font-size: 17px;\n--wpforms-button-size-height: 41px;\n--wpforms-button-size-padding-h: 15px;\n--wpforms-button-size-margin-top: 10px;\n\n\t\t\t\t}\n\t\t\t<\/style><div class=\"wpforms-container wpforms-container-full wpforms-render-modern\" id=\"wpforms-16543\"><form id=\"wpforms-form-16543\" class=\"wpforms-validate wpforms-form wpforms-ajax-form\" data-formid=\"16543\" method=\"post\" enctype=\"multipart\/form-data\" action=\"\/en\/wp-json\/wp\/v2\/pages\/12905\" data-token=\"676ee67f46f83539c77773e8a34cf6a9\"><noscript class=\"wpforms-error-noscript\">Please enable JavaScript in your browser to complete this form.<\/noscript><div class=\"wpforms-hidden\" id=\"wpforms-error-noscript\">Please enable JavaScript in your browser to complete this form.<\/div><div class=\"wpforms-field-container\"><div id=\"wpforms-16543-field_1-container\" class=\"wpforms-field wpforms-field-name\" data-field-id=\"1\"><fieldset><legend class=\"wpforms-field-label\">Nom et Pr\u00e9nom <span class=\"wpforms-required-label\" aria-hidden=\"true\">*<\/span><\/legend><div class=\"wpforms-field-row wpforms-field-medium\"><div class=\"wpforms-field-row-block wpforms-first wpforms-one-half\"><input type=\"text\" id=\"wpforms-16543-field_1\" class=\"wpforms-field-name-first wpforms-field-required\" name=\"wpforms[fields][1][first]\" placeholder=\"Nom\" aria-errormessage=\"wpforms-16543-field_1-error\" required><label for=\"wpforms-16543-field_1\" class=\"wpforms-field-sublabel after wpforms-sublabel-hide\">First<\/label><\/div><div class=\"wpforms-field-row-block wpforms-one-half\"><input type=\"text\" id=\"wpforms-16543-field_1-last\" class=\"wpforms-field-name-last wpforms-field-required\" name=\"wpforms[fields][1][last]\" placeholder=\"Pr\u00e9nom\" aria-errormessage=\"wpforms-16543-field_1-last-error\" required><label for=\"wpforms-16543-field_1-last\" class=\"wpforms-field-sublabel after wpforms-sublabel-hide\">Last<\/label><\/div><\/div><\/fieldset><\/div><div id=\"wpforms-16543-field_2-container\" class=\"wpforms-field wpforms-field-phone\" data-field-id=\"2\"><label class=\"wpforms-field-label\" for=\"wpforms-16543-field_2\">T\u00e9l\u00e9phone<\/label><input type=\"tel\" id=\"wpforms-16543-field_2\" class=\"wpforms-field-medium wpforms-smart-phone-field\" data-rule-smart-phone-field=\"true\" name=\"wpforms[fields][2]\" aria-errormessage=\"wpforms-16543-field_2-error\" ><\/div><div id=\"wpforms-16543-field_3-container\" class=\"wpforms-field wpforms-field-email\" data-field-id=\"3\"><label class=\"wpforms-field-label\" for=\"wpforms-16543-field_3\">E-mail <span class=\"wpforms-required-label\" aria-hidden=\"true\">*<\/span><\/label><input type=\"email\" id=\"wpforms-16543-field_3\" class=\"wpforms-field-medium wpforms-field-required\" name=\"wpforms[fields][3]\" spellcheck=\"false\" aria-errormessage=\"wpforms-16543-field_3-error\" required><\/div><div id=\"wpforms-16543-field_43-container\" class=\"wpforms-field wpforms-field-text\" data-field-id=\"43\"><label class=\"wpforms-field-label\" for=\"wpforms-16543-field_43\">Nom d&#039;entreprise<\/label><input type=\"text\" id=\"wpforms-16543-field_43\" class=\"wpforms-field-medium\" name=\"wpforms[fields][43]\" aria-errormessage=\"wpforms-16543-field_43-error\" ><\/div><div id=\"wpforms-16543-field_27-container\" class=\"wpforms-field wpforms-field-radio wpforms-conditional-trigger\" data-field-id=\"27\"><fieldset><legend class=\"wpforms-field-label\">Choix<\/legend><ul id=\"wpforms-16543-field_27\"><li class=\"choice-1 depth-1\"><input type=\"radio\" id=\"wpforms-16543-field_27_1\" name=\"wpforms[fields][27]\" value=\"Carburant\" aria-errormessage=\"wpforms-16543-field_27_1-error\"  ><label class=\"wpforms-field-label-inline\" for=\"wpforms-16543-field_27_1\">Carburant<\/label><\/li><li class=\"choice-2 depth-1\"><input type=\"radio\" id=\"wpforms-16543-field_27_2\" name=\"wpforms[fields][27]\" value=\"Lubrifiant\" aria-errormessage=\"wpforms-16543-field_27_2-error\"  ><label class=\"wpforms-field-label-inline\" for=\"wpforms-16543-field_27_2\">Lubrifiant<\/label><\/li><\/ul><\/fieldset><\/div><div id=\"wpforms-16543-field_44-container\" class=\"wpforms-field wpforms-field-radio wpforms-conditional-field wpforms-conditional-show wpforms-conditional-trigger\" data-field-id=\"44\" style=\"display:none;\"><fieldset><legend class=\"wpforms-field-label\">Type<\/legend><ul id=\"wpforms-16543-field_44\"><li class=\"choice-1 depth-1\"><input type=\"radio\" id=\"wpforms-16543-field_44_1\" name=\"wpforms[fields][44]\" value=\"Fuel\" aria-errormessage=\"wpforms-16543-field_44_1-error\"  ><label class=\"wpforms-field-label-inline\" for=\"wpforms-16543-field_44_1\">Fuel<\/label><\/li><li class=\"choice-2 depth-1\"><input type=\"radio\" id=\"wpforms-16543-field_44_2\" name=\"wpforms[fields][44]\" value=\"Gasoil\" aria-errormessage=\"wpforms-16543-field_44_2-error\"  ><label class=\"wpforms-field-label-inline\" for=\"wpforms-16543-field_44_2\">Gasoil<\/label><\/li><li class=\"choice-3 depth-1\"><input type=\"radio\" id=\"wpforms-16543-field_44_3\" name=\"wpforms[fields][44]\" value=\"Autres\" aria-errormessage=\"wpforms-16543-field_44_3-error\"  ><label class=\"wpforms-field-label-inline\" for=\"wpforms-16543-field_44_3\">Autres<\/label><\/li><\/ul><\/fieldset><\/div><div id=\"wpforms-16543-field_45-container\" class=\"wpforms-field wpforms-field-textarea wpforms-conditional-field wpforms-conditional-show\" data-field-id=\"45\" style=\"display:none;\"><label class=\"wpforms-field-label\" for=\"wpforms-16543-field_45\">Autre Type<\/label><textarea id=\"wpforms-16543-field_45\" class=\"wpforms-field-medium\" name=\"wpforms[fields][45]\" aria-errormessage=\"wpforms-16543-field_45-error\" ><\/textarea><\/div><div id=\"wpforms-16543-field_46-container\" class=\"wpforms-field wpforms-field-textarea wpforms-conditional-field wpforms-conditional-show\" data-field-id=\"46\" style=\"display:none;\"><label class=\"wpforms-field-label\" for=\"wpforms-16543-field_46\">Qualit\u00e9 <\/label><textarea id=\"wpforms-16543-field_46\" class=\"wpforms-field-medium\" name=\"wpforms[fields][46]\" aria-errormessage=\"wpforms-16543-field_46-error\" ><\/textarea><\/div><div id=\"wpforms-16543-field_63-container\" class=\"wpforms-field wpforms-field-textarea wpforms-conditional-field wpforms-conditional-show\" data-field-id=\"63\" style=\"display:none;\"><label class=\"wpforms-field-label\" for=\"wpforms-16543-field_63\">Quantit\u00e9<\/label><textarea id=\"wpforms-16543-field_63\" class=\"wpforms-field-medium\" name=\"wpforms[fields][63]\" aria-errormessage=\"wpforms-16543-field_63-error\" ><\/textarea><\/div><div id=\"wpforms-16543-field_55-container\" class=\"wpforms-field wpforms-field-textarea wpforms-conditional-field wpforms-conditional-show\" data-field-id=\"55\" style=\"display:none;\"><label class=\"wpforms-field-label\" for=\"wpforms-16543-field_55\">Qualit\u00e9<\/label><textarea id=\"wpforms-16543-field_55\" class=\"wpforms-field-medium\" name=\"wpforms[fields][55]\" aria-errormessage=\"wpforms-16543-field_55-error\" ><\/textarea><\/div><div id=\"wpforms-16543-field_64-container\" class=\"wpforms-field wpforms-field-textarea wpforms-conditional-field wpforms-conditional-show\" data-field-id=\"64\" style=\"display:none;\"><label class=\"wpforms-field-label\" for=\"wpforms-16543-field_64\">Quantit\u00e9 <\/label><textarea id=\"wpforms-16543-field_64\" class=\"wpforms-field-medium\" name=\"wpforms[fields][64]\" aria-errormessage=\"wpforms-16543-field_64-error\" ><\/textarea><\/div><div id=\"wpforms-16543-field_56-container\" class=\"wpforms-field wpforms-field-textarea wpforms-conditional-field wpforms-conditional-show\" data-field-id=\"56\" style=\"display:none;\"><label class=\"wpforms-field-label\" for=\"wpforms-16543-field_56\">Qualit\u00e9 <\/label><textarea id=\"wpforms-16543-field_56\" class=\"wpforms-field-medium\" name=\"wpforms[fields][56]\" aria-errormessage=\"wpforms-16543-field_56-error\" ><\/textarea><\/div><div id=\"wpforms-16543-field_65-container\" class=\"wpforms-field wpforms-field-textarea wpforms-conditional-field wpforms-conditional-show\" data-field-id=\"65\" style=\"display:none;\"><label class=\"wpforms-field-label\" for=\"wpforms-16543-field_65\">Quantit\u00e9<\/label><textarea id=\"wpforms-16543-field_65\" class=\"wpforms-field-medium\" name=\"wpforms[fields][65]\" aria-errormessage=\"wpforms-16543-field_65-error\" ><\/textarea><\/div><div id=\"wpforms-16543-field_49-container\" class=\"wpforms-field wpforms-field-select wpforms-conditional-field wpforms-conditional-show wpforms-field-select-style-classic\" data-field-id=\"49\" style=\"display:none;\"><label class=\"wpforms-field-label\" for=\"wpforms-16543-field_49\">Port de la mise \u00e0 disposition<\/label><select id=\"wpforms-16543-field_49\" class=\"wpforms-field-medium\" name=\"wpforms[fields][49]\"><option value=\"First Choice\" >First Choice<\/option><option value=\"Second Choice\" >Second Choice<\/option><option value=\"Third Choice\" >Third Choice<\/option><\/select><\/div><div id=\"wpforms-16543-field_54-container\" class=\"wpforms-field wpforms-field-select wpforms-conditional-field wpforms-conditional-show wpforms-field-select-style-classic\" data-field-id=\"54\" style=\"display:none;\"><label class=\"wpforms-field-label\" for=\"wpforms-16543-field_54\">Port de la mise \u00e0 disposition <\/label><select id=\"wpforms-16543-field_54\" class=\"wpforms-field-medium\" name=\"wpforms[fields][54]\"><option value=\"First Choice\" >First Choice<\/option><option value=\"Second Choice\" >Second Choice<\/option><option value=\"Third Choice\" >Third Choice<\/option><\/select><\/div><div id=\"wpforms-16543-field_60-container\" class=\"wpforms-field wpforms-field-select wpforms-conditional-field wpforms-conditional-show wpforms-field-select-style-classic\" data-field-id=\"60\" style=\"display:none;\"><label class=\"wpforms-field-label\" for=\"wpforms-16543-field_60\">Port de la mise \u00e0 disposition  <\/label><select id=\"wpforms-16543-field_60\" class=\"wpforms-field-medium\" name=\"wpforms[fields][60]\"><option value=\"First Choice\" >First Choice<\/option><option value=\"Second Choice\" >Second Choice<\/option><option value=\"Third Choice\" >Third Choice<\/option><\/select><\/div><div id=\"wpforms-16543-field_50-container\" class=\"wpforms-field wpforms-field-radio wpforms-conditional-field wpforms-conditional-show wpforms-conditional-trigger\" data-field-id=\"50\" style=\"display:none;\"><fieldset><legend class=\"wpforms-field-label\">Type <\/legend><ul id=\"wpforms-16543-field_50\"><li class=\"choice-1 depth-1\"><input type=\"radio\" id=\"wpforms-16543-field_50_1\" name=\"wpforms[fields][50]\" value=\"Moteur\" aria-errormessage=\"wpforms-16543-field_50_1-error\"  ><label class=\"wpforms-field-label-inline\" for=\"wpforms-16543-field_50_1\">Moteur<\/label><\/li><li class=\"choice-2 depth-1\"><input type=\"radio\" id=\"wpforms-16543-field_50_2\" name=\"wpforms[fields][50]\" value=\"Transmission\" aria-errormessage=\"wpforms-16543-field_50_2-error\"  ><label class=\"wpforms-field-label-inline\" for=\"wpforms-16543-field_50_2\">Transmission<\/label><\/li><li class=\"choice-3 depth-1\"><input type=\"radio\" id=\"wpforms-16543-field_50_3\" name=\"wpforms[fields][50]\" value=\"Autres\" aria-errormessage=\"wpforms-16543-field_50_3-error\"  ><label class=\"wpforms-field-label-inline\" for=\"wpforms-16543-field_50_3\">Autres<\/label><\/li><\/ul><\/fieldset><\/div><div id=\"wpforms-16543-field_51-container\" class=\"wpforms-field wpforms-field-textarea wpforms-conditional-field wpforms-conditional-show\" data-field-id=\"51\" style=\"display:none;\"><label class=\"wpforms-field-label\" for=\"wpforms-16543-field_51\">Autre Type<\/label><textarea id=\"wpforms-16543-field_51\" class=\"wpforms-field-medium\" name=\"wpforms[fields][51]\" aria-errormessage=\"wpforms-16543-field_51-error\" ><\/textarea><\/div><div id=\"wpforms-16543-field_66-container\" class=\"wpforms-field wpforms-field-textarea wpforms-conditional-field wpforms-conditional-show\" data-field-id=\"66\" style=\"display:none;\"><label class=\"wpforms-field-label\" for=\"wpforms-16543-field_66\">Qualit\u00e9  <\/label><textarea id=\"wpforms-16543-field_66\" class=\"wpforms-field-medium\" name=\"wpforms[fields][66]\" aria-errormessage=\"wpforms-16543-field_66-error\" ><\/textarea><\/div><div id=\"wpforms-16543-field_68-container\" class=\"wpforms-field wpforms-field-textarea wpforms-conditional-field wpforms-conditional-show\" data-field-id=\"68\" style=\"display:none;\"><label class=\"wpforms-field-label\" for=\"wpforms-16543-field_68\">Qualit\u00e9<\/label><textarea id=\"wpforms-16543-field_68\" class=\"wpforms-field-medium\" name=\"wpforms[fields][68]\" aria-errormessage=\"wpforms-16543-field_68-error\" ><\/textarea><\/div><div id=\"wpforms-16543-field_69-container\" class=\"wpforms-field wpforms-field-textarea wpforms-conditional-field wpforms-conditional-show\" data-field-id=\"69\" style=\"display:none;\"><label class=\"wpforms-field-label\" for=\"wpforms-16543-field_69\">Qualit\u00e9<\/label><textarea id=\"wpforms-16543-field_69\" class=\"wpforms-field-medium\" name=\"wpforms[fields][69]\" aria-errormessage=\"wpforms-16543-field_69-error\" ><\/textarea><\/div><div id=\"wpforms-16543-field_67-container\" class=\"wpforms-field wpforms-field-textarea wpforms-conditional-field wpforms-conditional-show\" data-field-id=\"67\" style=\"display:none;\"><label class=\"wpforms-field-label\" for=\"wpforms-16543-field_67\">Quantit\u00e9 <\/label><textarea id=\"wpforms-16543-field_67\" class=\"wpforms-field-medium\" name=\"wpforms[fields][67]\" aria-errormessage=\"wpforms-16543-field_67-error\" ><\/textarea><\/div><div id=\"wpforms-16543-field_71-container\" class=\"wpforms-field wpforms-field-textarea wpforms-conditional-field wpforms-conditional-show\" data-field-id=\"71\" style=\"display:none;\"><label class=\"wpforms-field-label\" for=\"wpforms-16543-field_71\">Quantit\u00e9  <\/label><textarea id=\"wpforms-16543-field_71\" class=\"wpforms-field-medium\" name=\"wpforms[fields][71]\" aria-errormessage=\"wpforms-16543-field_71-error\" ><\/textarea><\/div><div id=\"wpforms-16543-field_70-container\" class=\"wpforms-field wpforms-field-textarea wpforms-conditional-field wpforms-conditional-show\" data-field-id=\"70\" style=\"display:none;\"><label class=\"wpforms-field-label\" for=\"wpforms-16543-field_70\">Quantit\u00e9  <\/label><textarea id=\"wpforms-16543-field_70\" class=\"wpforms-field-medium\" name=\"wpforms[fields][70]\" aria-errormessage=\"wpforms-16543-field_70-error\" ><\/textarea><\/div><div id=\"wpforms-16543-field_72-container\" class=\"wpforms-field wpforms-field-select wpforms-conditional-field wpforms-conditional-show wpforms-field-select-style-classic\" data-field-id=\"72\" style=\"display:none;\"><label class=\"wpforms-field-label\" for=\"wpforms-16543-field_72\">Port de la mise \u00e0 disposition  <\/label><select id=\"wpforms-16543-field_72\" class=\"wpforms-field-medium\" name=\"wpforms[fields][72]\"><option value=\"First Choice\" >First Choice<\/option><option value=\"Second Choice\" >Second Choice<\/option><option value=\"Third Choice\" >Third Choice<\/option><\/select><\/div><div id=\"wpforms-16543-field_74-container\" class=\"wpforms-field wpforms-field-select wpforms-conditional-field wpforms-conditional-show wpforms-field-select-style-classic\" data-field-id=\"74\" style=\"display:none;\"><label class=\"wpforms-field-label\" for=\"wpforms-16543-field_74\">Port de la mise \u00e0 disposition  <\/label><select id=\"wpforms-16543-field_74\" class=\"wpforms-field-medium\" name=\"wpforms[fields][74]\"><option value=\"First Choice\" >First Choice<\/option><option value=\"Second Choice\" >Second Choice<\/option><option value=\"Third Choice\" >Third Choice<\/option><\/select><\/div><div id=\"wpforms-16543-field_73-container\" class=\"wpforms-field wpforms-field-select wpforms-conditional-field wpforms-conditional-show wpforms-field-select-style-classic\" data-field-id=\"73\" style=\"display:none;\"><label class=\"wpforms-field-label\" for=\"wpforms-16543-field_73\">Port de la mise \u00e0 disposition <\/label><select id=\"wpforms-16543-field_73\" class=\"wpforms-field-medium\" name=\"wpforms[fields][73]\"><option value=\"First Choice\" >First Choice<\/option><option value=\"Second Choice\" >Second Choice<\/option><option value=\"Third Choice\" >Third Choice<\/option><\/select><\/div><div id=\"wpforms-16543-field_42-container\" class=\"wpforms-field wpforms-field-textarea\" data-field-id=\"42\"><label class=\"wpforms-field-label\" for=\"wpforms-16543-field_42\">D\u00e9tails<\/label><textarea id=\"wpforms-16543-field_42\" class=\"wpforms-field-medium\" name=\"wpforms[fields][42]\" aria-errormessage=\"wpforms-16543-field_42-error\" ><\/textarea><\/div><div id=\"wpforms-16543-field_28-container\" class=\"wpforms-field wpforms-field-hidden\" data-field-id=\"28\"><input type=\"hidden\" id=\"wpforms-16543-field_28\" name=\"wpforms[fields][28]\" value=\" https:\/\/amatab.com\/en\/wp-json\/wp\/v2\/pages\/12905\" aria-errormessage=\"wpforms-16543-field_28-error\"><\/div><\/div><!-- .wpforms-field-container --><div class=\"wpforms-submit-container\" ><input type=\"hidden\" name=\"wpforms[id]\" value=\"16543\"><input type=\"hidden\" name=\"wpforms[author]\" value=\"5\"><button type=\"submit\" name=\"wpforms[submit]\" id=\"wpforms-submit-16543\" class=\"wpforms-submit\" data-alt-text=\"Envoi...\" data-submit-text=\"Envoyer\" aria-live=\"assertive\" value=\"wpforms-submit\">Envoyer<\/button><img decoding=\"async\" src=\"https:\/\/amatab.com\/wp-content\/plugins\/wpforms\/assets\/images\/submit-spin.svg\" class=\"wpforms-submit-spinner\" style=\"display: none;\" width=\"26\" height=\"26\" alt=\"Loading\"><\/div><\/form><\/div>  <!-- .wpforms-container -->\t\t\t\t<\/div>\n\t\t\t\t<\/div>\n\t\t\t\t\t<\/div>\n\t\t<\/div>\n\t\t\t\t\t<\/div>\n\t\t<\/section>\n\t\t\t\t<\/div>\n\t\t","protected":false},"excerpt":{"rendered":"<p>Please enable JavaScript in your browser to complete this form.Please enable JavaScript in your browser to complete this form. Nom et Pr\u00e9nom * FirstLast T\u00e9l\u00e9phoneE-mail *Nom d&#039;entreprise Choix Carburant Lubrifiant Type Fuel Gasoil Autres Qualit\u00e9 Quantit\u00e9Qualit\u00e9Quantit\u00e9 Qualit\u00e9 Quantit\u00e9Port de la mise \u00e0 dispositionFirst ChoiceSecond ChoiceThird ChoicePort de la mise \u00e0 disposition First ChoiceSecond ChoiceThird ChoicePort [&hellip;]<\/p>\n","protected":false},"author":5,"featured_media":1275,"parent":6507,"menu_order":81,"comment_status":"closed","ping_status":"closed","template":"","meta":{"om_disable_all_campaigns":false,"_uf_show_specific_survey":0,"_uf_disable_surveys":false,"footnotes":""},"folder":[],"class_list":["post-12905","page","type-page","status-publish","has-post-thumbnail","hentry"],"aioseo_notices":[],"_links":{"self":[{"href":"https:\/\/amatab.com\/en\/wp-json\/wp\/v2\/pages\/12905","targetHints":{"allow":["GET"]}}],"collection":[{"href":"https:\/\/amatab.com\/en\/wp-json\/wp\/v2\/pages"}],"about":[{"href":"https:\/\/amatab.com\/en\/wp-json\/wp\/v2\/types\/page"}],"author":[{"embeddable":true,"href":"https:\/\/amatab.com\/en\/wp-json\/wp\/v2\/users\/5"}],"replies":[{"embeddable":true,"href":"https:\/\/amatab.com\/en\/wp-json\/wp\/v2\/comments?post=12905"}],"version-history":[{"count":7,"href":"https:\/\/amatab.com\/en\/wp-json\/wp\/v2\/pages\/12905\/revisions"}],"predecessor-version":[{"id":16585,"href":"https:\/\/amatab.com\/en\/wp-json\/wp\/v2\/pages\/12905\/revisions\/16585"}],"up":[{"embeddable":true,"href":"https:\/\/amatab.com\/en\/wp-json\/wp\/v2\/pages\/6507"}],"wp:featuredmedia":[{"embeddable":true,"href":"https:\/\/amatab.com\/en\/wp-json\/wp\/v2\/media\/1275"}],"wp:attachment":[{"href":"https:\/\/amatab.com\/en\/wp-json\/wp\/v2\/media?parent=12905"}],"wp:term":[{"taxonomy":"folder","embeddable":true,"href":"https:\/\/amatab.com\/en\/wp-json\/wp\/v2\/folder?post=12905"}],"curies":[{"name":"wp","href":"https:\/\/api.w.org\/{rel}","templated":true}]}}