{"id":1967,"date":"2023-09-14T18:44:57","date_gmt":"2023-09-14T16:44:57","guid":{"rendered":"https:\/\/amatab.com\/?page_id=1967"},"modified":"2024-01-19T11:17:05","modified_gmt":"2024-01-19T10:17:05","slug":"dedouanement","status":"publish","type":"page","link":"https:\/\/amatab.com\/en\/import-export\/dedouanement\/","title":{"rendered":"Customs clearance"},"content":{"rendered":"<div data-elementor-type=\"wp-page\" data-elementor-id=\"1967\" class=\"elementor elementor-1967\" data-elementor-post-type=\"page\">\n\t\t\t\t\t\t<section class=\"elementor-section elementor-top-section elementor-element elementor-element-eea7b9b elementor-section-boxed elementor-section-height-default elementor-section-height-default\" data-id=\"eea7b9b\" data-element_type=\"section\" data-e-type=\"section\">\n\t\t\t\t\t\t<div class=\"elementor-container elementor-column-gap-default\">\n\t\t\t\t\t<div class=\"elementor-column elementor-col-33 elementor-top-column elementor-element elementor-element-14b6a77\" data-id=\"14b6a77\" data-element_type=\"column\" data-e-type=\"column\">\n\t\t\t<div class=\"elementor-widget-wrap elementor-element-populated\">\n\t\t\t\t\t\t<div class=\"elementor-element elementor-element-4abce1e elementor-widget elementor-widget-text-editor\" data-id=\"4abce1e\" data-element_type=\"widget\" data-e-type=\"widget\" data-widget_type=\"text-editor.default\">\n\t\t\t\t<div class=\"elementor-widget-container\">\n\t\t\t\t\t\t\t\t\t<p>AMATAB &amp; CO offers reliable customs clearance services in most major airports and seaports in Tunisia, helping Tunisian importers to clear their goods and products from around the world.<\/p>\n<p>AMATAB &amp; CO provides advice and guidance on the complex process of import customs clearance, from documentary requirements to the classification of goods in order to obtain the correct commodity code or customs tariff, and also help calculate and pay import duties and\/or VAT.<\/p>\n<p>Navigating customs procedures can be a daunting task. Our customs experts at\u00a0<span style=\"color: var( --e-global-color-text ); letter-spacing: 0px;\">AMATAB &amp; CO<\/span><span style=\"color: var( --e-global-color-text ); letter-spacing: 0px;\">\u00a0<\/span><span style=\"color: var( --e-global-color-text ); letter-spacing: 0px;\">\u00a0ma\u00eetrisent les derni\u00e8res r\u00e9glementations et peuvent rationaliser le processus de d\u00e9douanement de vos importations et exportations. De la documentation \u00e0 la conformit\u00e9, nous veillons \u00e0 ce que vos envois circulent en douceur aux fronti\u00e8res.<\/span><\/p>\n<p>\u00a0<\/p>\t\t\t\t\t\t\t\t<\/div>\n\t\t\t\t<\/div>\n\t\t\t\t<div class=\"elementor-element elementor-element-218fe57 elementor-hidden-desktop elementor-hidden-tablet elementor-widget elementor-widget-image\" data-id=\"218fe57\" data-element_type=\"widget\" data-e-type=\"widget\" data-widget_type=\"image.default\">\n\t\t\t\t<div class=\"elementor-widget-container\">\n\t\t\t\t\t\t\t\t\t\t\t\t\t\t\t<img fetchpriority=\"high\" decoding=\"async\" width=\"757\" height=\"1024\" src=\"https:\/\/amatab.com\/wp-content\/uploads\/2023\/11\/port-industriel-barcelone-757x1024.jpg\" class=\"attachment-large size-large wp-image-7910\" alt=\"\" srcset=\"https:\/\/amatab.com\/wp-content\/uploads\/2023\/11\/port-industriel-barcelone-757x1024.jpg 757w, https:\/\/amatab.com\/wp-content\/uploads\/2023\/11\/port-industriel-barcelone-222x300.jpg 222w, https:\/\/amatab.com\/wp-content\/uploads\/2023\/11\/port-industriel-barcelone-768x1039.jpg 768w, https:\/\/amatab.com\/wp-content\/uploads\/2023\/11\/port-industriel-barcelone-1136x1536.jpg 1136w, https:\/\/amatab.com\/wp-content\/uploads\/2023\/11\/port-industriel-barcelone-1514x2048.jpg 1514w, https:\/\/amatab.com\/wp-content\/uploads\/2023\/11\/port-industriel-barcelone-1320x1785.jpg 1320w, https:\/\/amatab.com\/wp-content\/uploads\/2023\/11\/port-industriel-barcelone-600x812.jpg 600w, https:\/\/amatab.com\/wp-content\/uploads\/2023\/11\/port-industriel-barcelone-scaled.jpg 1893w\" sizes=\"(max-width: 757px) 100vw, 757px\" \/>\t\t\t\t\t\t\t\t\t\t\t\t\t\t\t<\/div>\n\t\t\t\t<\/div>\n\t\t\t\t\t<\/div>\n\t\t<\/div>\n\t\t\t\t<div class=\"elementor-column elementor-col-33 elementor-top-column elementor-element elementor-element-78a96a2 elementor-hidden-mobile\" data-id=\"78a96a2\" data-element_type=\"column\" data-e-type=\"column\">\n\t\t\t<div class=\"elementor-widget-wrap elementor-element-populated\">\n\t\t\t\t\t\t<div class=\"elementor-element elementor-element-c4ab509 elementor-widget elementor-widget-image\" data-id=\"c4ab509\" data-element_type=\"widget\" data-e-type=\"widget\" data-widget_type=\"image.default\">\n\t\t\t\t<div class=\"elementor-widget-container\">\n\t\t\t\t\t\t\t\t\t\t\t\t\t\t\t<img fetchpriority=\"high\" decoding=\"async\" width=\"757\" height=\"1024\" src=\"https:\/\/amatab.com\/wp-content\/uploads\/2023\/11\/port-industriel-barcelone-757x1024.jpg\" class=\"attachment-large size-large wp-image-7910\" alt=\"\" srcset=\"https:\/\/amatab.com\/wp-content\/uploads\/2023\/11\/port-industriel-barcelone-757x1024.jpg 757w, https:\/\/amatab.com\/wp-content\/uploads\/2023\/11\/port-industriel-barcelone-222x300.jpg 222w, https:\/\/amatab.com\/wp-content\/uploads\/2023\/11\/port-industriel-barcelone-768x1039.jpg 768w, https:\/\/amatab.com\/wp-content\/uploads\/2023\/11\/port-industriel-barcelone-1136x1536.jpg 1136w, https:\/\/amatab.com\/wp-content\/uploads\/2023\/11\/port-industriel-barcelone-1514x2048.jpg 1514w, https:\/\/amatab.com\/wp-content\/uploads\/2023\/11\/port-industriel-barcelone-1320x1785.jpg 1320w, https:\/\/amatab.com\/wp-content\/uploads\/2023\/11\/port-industriel-barcelone-600x812.jpg 600w, https:\/\/amatab.com\/wp-content\/uploads\/2023\/11\/port-industriel-barcelone-scaled.jpg 1893w\" sizes=\"(max-width: 757px) 100vw, 757px\" \/>\t\t\t\t\t\t\t\t\t\t\t\t\t\t\t<\/div>\n\t\t\t\t<\/div>\n\t\t\t\t\t<\/div>\n\t\t<\/div>\n\t\t\t\t<div class=\"elementor-column elementor-col-33 elementor-top-column elementor-element elementor-element-098a282 elementor-hidden-mobile\" data-id=\"098a282\" data-element_type=\"column\" data-e-type=\"column\">\n\t\t\t<div class=\"elementor-widget-wrap elementor-element-populated\">\n\t\t\t\t\t\t<div class=\"elementor-element elementor-element-cac8497 elementor-widget elementor-widget-transx_links_list\" data-id=\"cac8497\" data-element_type=\"widget\" data-e-type=\"widget\" data-widget_type=\"transx_links_list.default\">\n\t\t\t\t<div class=\"elementor-widget-container\">\n\t\t\t\t\t\n        <div class=\"transx_links_list_widget\">\n            <div class=\"transx_links_list_wrapper transx_view_type_2\">\n                <h5 class=\"transx_links_list_title\">Other services<\/h5>\n\n                                            <a class=\"transx_links_list_item\" href=\"https:\/\/amatab.com\/en\/audit-et-optimisation-douaniere\/\" >\n                                <img decoding=\"async\" class=\"transx_img--bg\" src=\"http:\/\/amatab.com\/wp-content\/uploads\/2023\/11\/gros-plan-frappe-main-homme-clavier-au-lieu-travail-scaled.jpg\" alt=\"Background Image\" \/>\n                                <h6>Audit and Customs Optimization<\/h6>\n                                <span class=\"transx_links_list_counter\">01<\/span>\n                            <\/a>\n                                                        <a class=\"transx_links_list_item\" href=\"https:\/\/amatab.com\/index.php\/documentation-a-lexportation\/\" >\n                                <img decoding=\"async\" class=\"transx_img--bg\" src=\"http:\/\/amatab.com\/wp-content\/uploads\/2023\/10\/33098-1.jpg\" alt=\"Background Image\" \/>\n                                <h6>Export documentation<\/h6>\n                                <span class=\"transx_links_list_counter\">02<\/span>\n                            <\/a>\n                                                            <\/div>\n        <\/div>\n\n        \t\t\t\t<\/div>\n\t\t\t\t<\/div>\n\t\t\t\t<div class=\"elementor-element elementor-element-d0892a2 elementor-widget elementor-widget-html\" data-id=\"d0892a2\" data-element_type=\"widget\" data-e-type=\"widget\" data-widget_type=\"html.default\">\n\t\t\t\t<div class=\"elementor-widget-container\">\n\t\t\t\t\t<div class=\"transx_contact-trigger transx_contact-trigger--style-2\">\n\n\n\t<h4 class=\"transx_contact-trigger__title\">Need a price quote?<\/h4>\n\n\t<p class=\"transx_contact-trigger__text\">We are here to quickly provide you with detailed information about our rates!<\/p>\n\n\t<a class=\"transx_button\" href=\"https:\/\/amatab.com\/en\/import-export\/dedouanement\/obtenir-un-devis\/\">\n\t\t<span>Get a quote<\/span>\n\t\t<svg class=\"icon\">\n\t\t\t<svg viewbox=\"0 0 150 78.6\" xmlns=\"http:\/\/www.w3.org\/2000\/svg\"><path d=\"M0 31.5h150v12.7H0V31.5zM112.8-.1l30.9 31.5-8.8 9L104 8.9l8.8-9zm18.1 51l-18.4 18.8 8.9 9 18.4-18.8-8.9-9z\"\/><\/svg>\n\t\t<\/svg>\n\t<\/a>\n<\/div>\t\t\t\t<\/div>\n\t\t\t\t<\/div>\n\t\t\t\t\t<\/div>\n\t\t<\/div>\n\t\t\t\t\t<\/div>\n\t\t<\/section>\n\t\t\t\t<section class=\"elementor-section elementor-top-section elementor-element elementor-element-ff23963 elementor-section-boxed elementor-section-height-default elementor-section-height-default\" data-id=\"ff23963\" data-element_type=\"section\" data-e-type=\"section\">\n\t\t\t\t\t\t<div class=\"elementor-container elementor-column-gap-default\">\n\t\t\t\t\t<div class=\"elementor-column elementor-col-100 elementor-top-column elementor-element elementor-element-d590663\" data-id=\"d590663\" data-element_type=\"column\" data-e-type=\"column\">\n\t\t\t<div class=\"elementor-widget-wrap elementor-element-populated\">\n\t\t\t\t\t\t<div class=\"elementor-element elementor-element-2bc006c elementor-widget elementor-widget-text-editor\" data-id=\"2bc006c\" data-element_type=\"widget\" data-e-type=\"widget\" data-widget_type=\"text-editor.default\">\n\t\t\t\t<div class=\"elementor-widget-container\">\n\t\t\t\t\t\t\t\t\t<p>\u00a0\u00a0 The agency AMATAB &amp; CO now has a department specialized in transit. Our customs declarers assist you with:<\/p>\t\t\t\t\t\t\t\t<\/div>\n\t\t\t\t<\/div>\n\t\t\t\t\t<\/div>\n\t\t<\/div>\n\t\t\t\t\t<\/div>\n\t\t<\/section>\n\t\t\t\t<section class=\"elementor-section elementor-top-section elementor-element elementor-element-3bd8f87 elementor-section-boxed elementor-section-height-default elementor-section-height-default\" data-id=\"3bd8f87\" data-element_type=\"section\" data-e-type=\"section\">\n\t\t\t\t\t\t<div class=\"elementor-container elementor-column-gap-default\">\n\t\t\t\t\t<div class=\"elementor-column elementor-col-33 elementor-top-column elementor-element elementor-element-c2b6071\" data-id=\"c2b6071\" data-element_type=\"column\" data-e-type=\"column\">\n\t\t\t<div class=\"elementor-widget-wrap elementor-element-populated\">\n\t\t\t\t\t\t<div class=\"elementor-element elementor-element-af8d380 elementor-widget elementor-widget-text-editor\" data-id=\"af8d380\" data-element_type=\"widget\" data-e-type=\"widget\" data-widget_type=\"text-editor.default\">\n\t\t\t\t<div class=\"elementor-widget-container\">\n\t\t\t\t\t\t\t\t\t<ul>\n<li>DPP (Customs Declaration of Outward Processing): Used for processing, repair or processing operations on Tunisian goods to be re-imported after processing.<\/li>\n<\/ul>\t\t\t\t\t\t\t\t<\/div>\n\t\t\t\t<\/div>\n\t\t\t\t\t<\/div>\n\t\t<\/div>\n\t\t\t\t<div class=\"elementor-column elementor-col-33 elementor-top-column elementor-element elementor-element-c68b540\" data-id=\"c68b540\" data-element_type=\"column\" data-e-type=\"column\">\n\t\t\t<div class=\"elementor-widget-wrap elementor-element-populated\">\n\t\t\t\t\t\t<div class=\"elementor-element elementor-element-d199474 elementor-widget elementor-widget-text-editor\" data-id=\"d199474\" data-element_type=\"widget\" data-e-type=\"widget\" data-widget_type=\"text-editor.default\">\n\t\t\t\t<div class=\"elementor-widget-container\">\n\t\t\t\t\t\t\t\t\t<ul>\n<li>DPA (Inward Processing Customs Declaration): Used for processing, manufacturing or processing operations on imported goods for re-export after processing.<\/li>\n<\/ul>\t\t\t\t\t\t\t\t<\/div>\n\t\t\t\t<\/div>\n\t\t\t\t\t<\/div>\n\t\t<\/div>\n\t\t\t\t<div class=\"elementor-column elementor-col-33 elementor-top-column elementor-element elementor-element-15d47bd\" data-id=\"15d47bd\" data-element_type=\"column\" data-e-type=\"column\">\n\t\t\t<div class=\"elementor-widget-wrap elementor-element-populated\">\n\t\t\t\t\t\t<div class=\"elementor-element elementor-element-d13deb2 elementor-widget elementor-widget-text-editor\" data-id=\"d13deb2\" data-element_type=\"widget\" data-e-type=\"widget\" data-widget_type=\"text-editor.default\">\n\t\t\t\t<div class=\"elementor-widget-container\">\n\t\t\t\t\t\t\t\t\t<ul>\n<li>SDR (Customs Declaration of Processing Under Customs): Used for processing imported goods for re-export.<\/li>\n<\/ul>\t\t\t\t\t\t\t\t<\/div>\n\t\t\t\t<\/div>\n\t\t\t\t\t<\/div>\n\t\t<\/div>\n\t\t\t\t\t<\/div>\n\t\t<\/section>\n\t\t\t\t<section class=\"elementor-section elementor-top-section elementor-element elementor-element-e9df8a0 elementor-section-boxed elementor-section-height-default elementor-section-height-default\" data-id=\"e9df8a0\" data-element_type=\"section\" data-e-type=\"section\">\n\t\t\t\t\t\t<div class=\"elementor-container elementor-column-gap-default\">\n\t\t\t\t\t<div class=\"elementor-column elementor-col-33 elementor-top-column elementor-element elementor-element-1c628a1\" data-id=\"1c628a1\" data-element_type=\"column\" data-e-type=\"column\">\n\t\t\t<div class=\"elementor-widget-wrap elementor-element-populated\">\n\t\t\t\t\t\t<div class=\"elementor-element elementor-element-854ff9a elementor-widget elementor-widget-text-editor\" data-id=\"854ff9a\" data-element_type=\"widget\" data-e-type=\"widget\" data-widget_type=\"text-editor.default\">\n\t\t\t\t<div class=\"elementor-widget-container\">\n\t\t\t\t\t\t\t\t\t<ul>\n<li>DTE (Export Customs Declaration): Used for exporting goods to other countries.<\/li>\n<\/ul>\t\t\t\t\t\t\t\t<\/div>\n\t\t\t\t<\/div>\n\t\t\t\t\t<\/div>\n\t\t<\/div>\n\t\t\t\t<div class=\"elementor-column elementor-col-33 elementor-top-column elementor-element elementor-element-a585986\" data-id=\"a585986\" data-element_type=\"column\" data-e-type=\"column\">\n\t\t\t<div class=\"elementor-widget-wrap elementor-element-populated\">\n\t\t\t\t\t\t<div class=\"elementor-element elementor-element-29adf53 elementor-widget elementor-widget-text-editor\" data-id=\"29adf53\" data-element_type=\"widget\" data-e-type=\"widget\" data-widget_type=\"text-editor.default\">\n\t\t\t\t<div class=\"elementor-widget-container\">\n\t\t\t\t\t\t\t\t\t<ul>\n<li>DRET (Temporary Re-export Customs Declaration): Used for Tunisian goods that are temporarily exported for reasons such as exhibition, examination, etc.<\/li>\n<\/ul>\t\t\t\t\t\t\t\t<\/div>\n\t\t\t\t<\/div>\n\t\t\t\t\t<\/div>\n\t\t<\/div>\n\t\t\t\t<div class=\"elementor-column elementor-col-33 elementor-top-column elementor-element elementor-element-aba6c04\" data-id=\"aba6c04\" data-element_type=\"column\" data-e-type=\"column\">\n\t\t\t<div class=\"elementor-widget-wrap elementor-element-populated\">\n\t\t\t\t\t\t<div class=\"elementor-element elementor-element-6d036f4 elementor-widget elementor-widget-text-editor\" data-id=\"6d036f4\" data-element_type=\"widget\" data-e-type=\"widget\" data-widget_type=\"text-editor.default\">\n\t\t\t\t<div class=\"elementor-widget-container\">\n\t\t\t\t\t\t\t\t\t<ul>\n<li>DTI (Import Customs Declaration): Used for importing goods from other countries.<\/li>\n<\/ul>\t\t\t\t\t\t\t\t<\/div>\n\t\t\t\t<\/div>\n\t\t\t\t\t<\/div>\n\t\t<\/div>\n\t\t\t\t\t<\/div>\n\t\t<\/section>\n\t\t\t\t<section class=\"elementor-section elementor-top-section elementor-element elementor-element-684f156 elementor-section-boxed elementor-section-height-default elementor-section-height-default\" data-id=\"684f156\" data-element_type=\"section\" data-e-type=\"section\">\n\t\t\t\t\t\t<div class=\"elementor-container elementor-column-gap-default\">\n\t\t\t\t\t<div class=\"elementor-column elementor-col-33 elementor-top-column elementor-element elementor-element-ed5dbf8\" data-id=\"ed5dbf8\" data-element_type=\"column\" data-e-type=\"column\">\n\t\t\t<div class=\"elementor-widget-wrap elementor-element-populated\">\n\t\t\t\t\t\t<div class=\"elementor-element elementor-element-1749e97 elementor-widget elementor-widget-text-editor\" data-id=\"1749e97\" data-element_type=\"widget\" data-e-type=\"widget\" data-widget_type=\"text-editor.default\">\n\t\t\t\t<div class=\"elementor-widget-container\">\n\t\t\t\t\t\t\t\t\t<ul>\n<li>DTR (Customs Declaration of Transit): Used for the transit of goods through Tunisian territory to a final destination located in another country.<\/li>\n<\/ul>\t\t\t\t\t\t\t\t<\/div>\n\t\t\t\t<\/div>\n\t\t\t\t\t<\/div>\n\t\t<\/div>\n\t\t\t\t<div class=\"elementor-column elementor-col-33 elementor-top-column elementor-element elementor-element-0ddbb94\" data-id=\"0ddbb94\" data-element_type=\"column\" data-e-type=\"column\">\n\t\t\t<div class=\"elementor-widget-wrap elementor-element-populated\">\n\t\t\t\t\t\t<div class=\"elementor-element elementor-element-16a2702 elementor-widget elementor-widget-text-editor\" data-id=\"16a2702\" data-element_type=\"widget\" data-e-type=\"widget\" data-widget_type=\"text-editor.default\">\n\t\t\t\t<div class=\"elementor-widget-container\">\n\t\t\t\t\t\t\t\t\t<ul>\n<li>DRS (Customs Declaration of Suspensive Regime): Used for customs operations that allow the payment of import duties and taxes to be deferred.<\/li>\n<\/ul>\t\t\t\t\t\t\t\t<\/div>\n\t\t\t\t<\/div>\n\t\t\t\t\t<\/div>\n\t\t<\/div>\n\t\t\t\t<div class=\"elementor-column elementor-col-33 elementor-top-column elementor-element elementor-element-759bf8b\" data-id=\"759bf8b\" data-element_type=\"column\" data-e-type=\"column\">\n\t\t\t<div class=\"elementor-widget-wrap elementor-element-populated\">\n\t\t\t\t\t\t<div class=\"elementor-element elementor-element-a42e02e elementor-widget elementor-widget-text-editor\" data-id=\"a42e02e\" data-element_type=\"widget\" data-e-type=\"widget\" data-widget_type=\"text-editor.default\">\n\t\t\t\t<div class=\"elementor-widget-container\">\n\t\t\t\t\t\t\t\t\t<ul>\n<li>TC (Community Customs Transit Declaration): Used for the transit of goods within the Economic Community of West African States.<\/li>\n<\/ul>\t\t\t\t\t\t\t\t<\/div>\n\t\t\t\t<\/div>\n\t\t\t\t\t<\/div>\n\t\t<\/div>\n\t\t\t\t\t<\/div>\n\t\t<\/section>\n\t\t\t\t<section class=\"elementor-section elementor-top-section elementor-element elementor-element-664fe41 elementor-section-boxed elementor-section-height-default elementor-section-height-default\" data-id=\"664fe41\" data-element_type=\"section\" data-e-type=\"section\">\n\t\t\t\t\t\t<div class=\"elementor-container elementor-column-gap-default\">\n\t\t\t\t\t<div class=\"elementor-column elementor-col-100 elementor-top-column elementor-element elementor-element-d1ccdbe elementor-hidden-tablet elementor-hidden-desktop\" data-id=\"d1ccdbe\" data-element_type=\"column\" data-e-type=\"column\">\n\t\t\t<div class=\"elementor-widget-wrap elementor-element-populated\">\n\t\t\t\t\t\t<div class=\"elementor-element elementor-element-83c9662 elementor-widget elementor-widget-transx_links_list\" data-id=\"83c9662\" data-element_type=\"widget\" data-e-type=\"widget\" data-widget_type=\"transx_links_list.default\">\n\t\t\t\t<div class=\"elementor-widget-container\">\n\t\t\t\t\t\n        <div class=\"transx_links_list_widget\">\n            <div class=\"transx_links_list_wrapper transx_view_type_2\">\n                <h5 class=\"transx_links_list_title\">Other services<\/h5>\n\n                                            <a class=\"transx_links_list_item\" href=\"https:\/\/amatab.com\/en\/audit-et-optimisation-douaniere\/\" >\n                                <img decoding=\"async\" class=\"transx_img--bg\" src=\"http:\/\/amatab.com\/wp-content\/uploads\/2023\/11\/gros-plan-frappe-main-homme-clavier-au-lieu-travail-scaled.jpg\" alt=\"Background Image\" \/>\n                                <h6>Audit and Customs Optimization<\/h6>\n                                <span class=\"transx_links_list_counter\">01<\/span>\n                            <\/a>\n                                                        <a class=\"transx_links_list_item\" href=\"https:\/\/amatab.com\/index.php\/documentation-a-lexportation\/\" >\n                                <img decoding=\"async\" class=\"transx_img--bg\" src=\"http:\/\/amatab.com\/wp-content\/uploads\/2023\/10\/33098-1.jpg\" alt=\"Background Image\" \/>\n                                <h6>Export documentation<\/h6>\n                                <span class=\"transx_links_list_counter\">02<\/span>\n                            <\/a>\n                                                            <\/div>\n        <\/div>\n\n        \t\t\t\t<\/div>\n\t\t\t\t<\/div>\n\t\t\t\t<div class=\"elementor-element elementor-element-8ed85bb elementor-widget elementor-widget-html\" data-id=\"8ed85bb\" data-element_type=\"widget\" data-e-type=\"widget\" data-widget_type=\"html.default\">\n\t\t\t\t<div class=\"elementor-widget-container\">\n\t\t\t\t\t<div class=\"transx_contact-trigger transx_contact-trigger--style-2\">\n\n\n\t<h4 class=\"transx_contact-trigger__title\">Need a price quote?<\/h4>\n\n\t<p class=\"transx_contact-trigger__text\">We are here to quickly provide you with detailed information about our rates!<\/p>\n\n\t<a class=\"transx_button\" href=\"https:\/\/amatab.com\/en\/import-export\/dedouanement\/obtenir-un-devis\/\">\n\t\t<span>Get a quote<\/span>\n\t\t<svg class=\"icon\">\n\t\t\t<svg viewbox=\"0 0 150 78.6\" xmlns=\"http:\/\/www.w3.org\/2000\/svg\"><path d=\"M0 31.5h150v12.7H0V31.5zM112.8-.1l30.9 31.5-8.8 9L104 8.9l8.8-9zm18.1 51l-18.4 18.8 8.9 9 18.4-18.8-8.9-9z\"\/><\/svg>\n\t\t<\/svg>\n\t<\/a>\n<\/div>\t\t\t\t<\/div>\n\t\t\t\t<\/div>\n\t\t\t\t\t<\/div>\n\t\t<\/div>\n\t\t\t\t\t<\/div>\n\t\t<\/section>\n\t\t\t\t<\/div>","protected":false},"excerpt":{"rendered":"<p>AMATAB &amp; CO offre des services fiables de d\u00e9douanement dans la plupart des principaux a\u00e9roports et ports maritimes en Tunisie, aidant les importateurs tunisiens \u00e0 d\u00e9douaner leurs marchandises et produits en provenance du monde entier. AMATAB &amp; CO fournit\u00a0 des conseils et des orientations sur le processus complexe de d\u00e9douanement \u00e0 l&rsquo;importation, depuis les exigences [&hellip;]<\/p>\n","protected":false},"author":5,"featured_media":0,"parent":2476,"menu_order":170,"comment_status":"closed","ping_status":"closed","template":"","meta":{"om_disable_all_campaigns":false,"_uf_show_specific_survey":0,"_uf_disable_surveys":false,"footnotes":""},"folder":[],"class_list":["post-1967","page","type-page","status-publish","hentry"],"aioseo_notices":[],"_links":{"self":[{"href":"https:\/\/amatab.com\/en\/wp-json\/wp\/v2\/pages\/1967","targetHints":{"allow":["GET"]}}],"collection":[{"href":"https:\/\/amatab.com\/en\/wp-json\/wp\/v2\/pages"}],"about":[{"href":"https:\/\/amatab.com\/en\/wp-json\/wp\/v2\/types\/page"}],"author":[{"embeddable":true,"href":"https:\/\/amatab.com\/en\/wp-json\/wp\/v2\/users\/5"}],"replies":[{"embeddable":true,"href":"https:\/\/amatab.com\/en\/wp-json\/wp\/v2\/comments?post=1967"}],"version-history":[{"count":145,"href":"https:\/\/amatab.com\/en\/wp-json\/wp\/v2\/pages\/1967\/revisions"}],"predecessor-version":[{"id":14538,"href":"https:\/\/amatab.com\/en\/wp-json\/wp\/v2\/pages\/1967\/revisions\/14538"}],"up":[{"embeddable":true,"href":"https:\/\/amatab.com\/en\/wp-json\/wp\/v2\/pages\/2476"}],"wp:attachment":[{"href":"https:\/\/amatab.com\/en\/wp-json\/wp\/v2\/media?parent=1967"}],"wp:term":[{"taxonomy":"folder","embeddable":true,"href":"https:\/\/amatab.com\/en\/wp-json\/wp\/v2\/folder?post=1967"}],"curies":[{"name":"wp","href":"https:\/\/api.w.org\/{rel}","templated":true}]}}