{"id":2183,"date":"2023-09-16T00:47:23","date_gmt":"2023-09-15T22:47:23","guid":{"rendered":"https:\/\/amatab.com\/?page_id=2183"},"modified":"2023-09-16T02:19:47","modified_gmt":"2023-09-16T00:19:47","slug":"etude-de-dossier","status":"publish","type":"page","link":"https:\/\/amatab.com\/en\/etude-de-dossier\/","title":{"rendered":"Etude de Dossier"},"content":{"rendered":"<div data-elementor-type=\"wp-page\" data-elementor-id=\"2183\" class=\"elementor elementor-2183\" data-elementor-post-type=\"page\">\n\t\t\t\t\t\t<section class=\"elementor-section elementor-top-section elementor-element elementor-element-287598e1 elementor-section-boxed elementor-section-height-default elementor-section-height-default\" data-id=\"287598e1\" data-element_type=\"section\" data-e-type=\"section\">\n\t\t\t\t\t\t<div class=\"elementor-container elementor-column-gap-default\">\n\t\t\t\t\t<div class=\"elementor-column elementor-col-100 elementor-top-column elementor-element elementor-element-675e7be8\" data-id=\"675e7be8\" data-element_type=\"column\" data-e-type=\"column\">\n\t\t\t<div class=\"elementor-widget-wrap\">\n\t\t\t\t\t\t\t<\/div>\n\t\t<\/div>\n\t\t\t\t\t<\/div>\n\t\t<\/section>\n\t\t\t\t<section class=\"elementor-section elementor-top-section elementor-element elementor-element-8521119 elementor-hidden-tablet elementor-hidden-phone elementor-section-boxed elementor-section-height-default elementor-section-height-default\" data-id=\"8521119\" data-element_type=\"section\" data-e-type=\"section\">\n\t\t\t\t\t\t<div class=\"elementor-container elementor-column-gap-extended\">\n\t\t\t\t\t<div class=\"elementor-column elementor-col-33 elementor-top-column elementor-element elementor-element-5474c9c elementor-hidden-tablet elementor-hidden-phone\" data-id=\"5474c9c\" data-element_type=\"column\" data-e-type=\"column\">\n\t\t\t<div class=\"elementor-widget-wrap elementor-element-populated\">\n\t\t\t\t\t\t<div class=\"elementor-element elementor-element-8dde8ab elementor-widget elementor-widget-transx_heading\" data-id=\"8dde8ab\" data-element_type=\"widget\" data-e-type=\"widget\" data-widget_type=\"transx_heading.default\">\n\t\t\t\t<div class=\"elementor-widget-container\">\n\t\t\t\t\t\n        <div class=\"transx_heading_widget\">\n            \n                <h5 class=\"transx_heading\">\n                    Documents                <\/h5>\n                        <\/div>\n        \t\t\t\t<\/div>\n\t\t\t\t<\/div>\n\t\t\t\t<div class=\"elementor-element elementor-element-e2693e7 elementor-widget elementor-widget-transx_download_doc\" data-id=\"e2693e7\" data-element_type=\"widget\" data-e-type=\"widget\" data-widget_type=\"transx_download_doc.default\">\n\t\t\t\t<div class=\"elementor-widget-container\">\n\t\t\t\t\t\n        <div class=\"transx_download_doc_widget\">\n            <div class=\"transx_download_doc_widget view_type_3\">\n                                    <div class=\"transx_dd_image_cont\">\n                                                    <img decoding=\"async\" class=\"transx_svg_icon\" src=\"https:\/\/demo.artureanec.com\/themes\/transx-new\/wp-content\/uploads\/2021\/06\/pdf-1.svg\" alt=\"SVG Icon\" \/>\n                                                <\/div>\n\n                    <div class=\"transx_dd_content_cont\">\n                                                    <h6 class=\"transx_dd_title\">\n                                <a class=\"transx_dd_link\" href=\"#\" download=\"Pricing Plan 2021\">Pricing Plan 2021<\/a>\n                            <\/h6>\n                                                        <div class=\"transx_dd_description\">PDF, 516 Kb<\/div>\n                                                <\/div>\n                                <\/div>\n        <\/div>\n        \t\t\t\t<\/div>\n\t\t\t\t<\/div>\n\t\t\t\t<div class=\"elementor-element elementor-element-77fa443 elementor-widget elementor-widget-transx_download_doc\" data-id=\"77fa443\" data-element_type=\"widget\" data-e-type=\"widget\" data-widget_type=\"transx_download_doc.default\">\n\t\t\t\t<div class=\"elementor-widget-container\">\n\t\t\t\t\t\n        <div class=\"transx_download_doc_widget\">\n            <div class=\"transx_download_doc_widget view_type_3\">\n                                    <div class=\"transx_dd_image_cont\">\n                                                    <img decoding=\"async\" class=\"transx_svg_icon\" src=\"https:\/\/demo.artureanec.com\/themes\/transx-new\/wp-content\/uploads\/2021\/06\/docx-1.svg\" alt=\"SVG Icon\" \/>\n                                                <\/div>\n\n                    <div class=\"transx_dd_content_cont\">\n                                                    <h6 class=\"transx_dd_title\">\n                                <a class=\"transx_dd_link\" href=\"#\" download=\"Delivery Plans\">Delivery Plans<\/a>\n                            <\/h6>\n                                                        <div class=\"transx_dd_description\">DOC, 125 Kb<\/div>\n                                                <\/div>\n                                <\/div>\n        <\/div>\n        \t\t\t\t<\/div>\n\t\t\t\t<\/div>\n\t\t\t\t<div class=\"elementor-element elementor-element-80bc4a2 elementor-widget elementor-widget-html\" data-id=\"80bc4a2\" data-element_type=\"widget\" data-e-type=\"widget\" data-widget_type=\"html.default\">\n\t\t\t\t<div class=\"elementor-widget-container\">\n\t\t\t\t\t<div class=\"transx_contact-trigger transx_contact-trigger--style-2\">\n\t<img decoding=\"async\" class=\"transx_contact-trigger__img\" src=\"https:\/\/demo.artureanec.com\/themes\/transx\/wp-content\/uploads\/2021\/04\/contact_background.png\" alt=\"img\" \/>\n\n\t<h4 class=\"transx_contact-trigger__title\">Comment on peut vous aider ?<\/h4>\n\n\t<p class=\"transx_contact-trigger__text\">Contactez et Rencontrez des Experts P\u00e9troliers <\/p>\n\n\t<a class=\"transx_button\" href=\"https:\/\/amatab.com\/index.php\/contact-petrolier\/\">\n\t\t<span>Contact<\/span>\n\t\t<svg class=\"icon\">\n\t\t\t<svg viewbox=\"0 0 150 78.6\" xmlns=\"http:\/\/www.w3.org\/2000\/svg\"><path d=\"M0 31.5h150v12.7H0V31.5zM112.8-.1l30.9 31.5-8.8 9L104 8.9l8.8-9zm18.1 51l-18.4 18.8 8.9 9 18.4-18.8-8.9-9z\"\/><\/svg>\n\t\t<\/svg>\n\t<\/a>\n<\/div>\t\t\t\t<\/div>\n\t\t\t\t<\/div>\n\t\t\t\t<div class=\"elementor-element elementor-element-7125a70 elementor-widget elementor-widget-transx_links_list\" data-id=\"7125a70\" data-element_type=\"widget\" data-e-type=\"widget\" data-widget_type=\"transx_links_list.default\">\n\t\t\t\t<div class=\"elementor-widget-container\">\n\t\t\t\t\t\n        <div class=\"transx_links_list_widget\">\n            <div class=\"transx_links_list_wrapper transx_view_type_2\">\n                <h5 class=\"transx_links_list_title\">Nos Services<\/h5>\n\n                                            <a class=\"transx_links_list_item\" href=\"https:\/\/amatab.com\/index.php\/creation-dentreprise\/\" >\n                                <img decoding=\"async\" class=\"transx_img--bg\" src=\"http:\/\/amatab.com\/wp-content\/uploads\/2023\/09\/pexels-fauxels-3183186.jpg\" alt=\"Background Image\" \/>\n                                <h6>Cr\u00e9ation d&#039;Entreprise<\/h6>\n                                <span class=\"transx_links_list_counter\">01<\/span>\n                            <\/a>\n                                                        <a class=\"transx_links_list_item\" href=\"https:\/\/amatab.com\/index.php\/etude-de-dossier\/\" >\n                                <img decoding=\"async\" class=\"transx_img--bg\" src=\"http:\/\/amatab.com\/wp-content\/uploads\/2023\/09\/pexels-sora-shimazaki-5668842.jpg\" alt=\"Background Image\" \/>\n                                <h6>Etude de Dossier<\/h6>\n                                <span class=\"transx_links_list_counter\">02<\/span>\n                            <\/a>\n                                                        <a class=\"transx_links_list_item\" href=\"https:\/\/amatab.com\/index.php\/accompagnement-et-conseil\/\" >\n                                <img decoding=\"async\" class=\"transx_img--bg\" src=\"http:\/\/amatab.com\/wp-content\/uploads\/2023\/09\/pexels-sora-shimazaki-5673488.jpg\" alt=\"Background Image\" \/>\n                                <h6>Accompaniement<\/h6>\n                                <span class=\"transx_links_list_counter\">03<\/span>\n                            <\/a>\n                                                            <\/div>\n        <\/div>\n\n        \t\t\t\t<\/div>\n\t\t\t\t<\/div>\n\t\t\t\t<div class=\"elementor-element elementor-element-af19b4b elementor-align-justify elementor-widget elementor-widget-button\" data-id=\"af19b4b\" data-element_type=\"widget\" data-e-type=\"widget\" data-widget_type=\"button.default\">\n\t\t\t\t<div class=\"elementor-widget-container\">\n\t\t\t\t\t\t\t\t\t<div class=\"elementor-button-wrapper\">\n\t\t\t\t\t<a class=\"elementor-button elementor-button-link elementor-size-md\" href=\"#\">\n\t\t\t\t\t\t<span class=\"elementor-button-content-wrapper\">\n\t\t\t\t\t\t\t\t\t<span class=\"elementor-button-text\">Obtenir un Devis<\/span>\n\t\t\t\t\t<\/span>\n\t\t\t\t\t<\/a>\n\t\t\t\t<\/div>\n\t\t\t\t\t\t\t\t<\/div>\n\t\t\t\t<\/div>\n\t\t\t\t\t<\/div>\n\t\t<\/div>\n\t\t\t\t<div class=\"elementor-column elementor-col-66 elementor-top-column elementor-element elementor-element-bf0c58c\" data-id=\"bf0c58c\" data-element_type=\"column\" data-e-type=\"column\">\n\t\t\t<div class=\"elementor-widget-wrap elementor-element-populated\">\n\t\t\t\t\t\t<div class=\"elementor-element elementor-element-357355e elementor-widget elementor-widget-heading\" data-id=\"357355e\" data-element_type=\"widget\" data-e-type=\"widget\" data-widget_type=\"heading.default\">\n\t\t\t\t<div class=\"elementor-widget-container\">\n\t\t\t\t\t<h4 class=\"elementor-heading-title elementor-size-default\">Etudes<\/h4>\t\t\t\t<\/div>\n\t\t\t\t<\/div>\n\t\t\t\t<div class=\"elementor-element elementor-element-58a1fc2 elementor-widget elementor-widget-text-editor\" data-id=\"58a1fc2\" data-element_type=\"widget\" data-e-type=\"widget\" data-widget_type=\"text-editor.default\">\n\t\t\t\t<div class=\"elementor-widget-container\">\n\t\t\t\t\t\t\t\t\t<p>Parmi nos services en tant qu&rsquo;entreprise de transport international sp\u00e9cialis\u00e9e dans le transport p\u00e9trolier, l&rsquo;\u00e9tude compl\u00e8te des dossiers de nos clients et le conseil sont des aspects essentiels de notre engagement envers l&rsquo;excellence et la satisfaction de nos clients.<\/p>\n<p>\u00a0<\/p>\n<p>\u00a0<\/p>\n<p><span style=\"font-weight: bolder; color: #414a53;\">\u00c9tude Compl\u00e8te des Dossiers :<\/span>\u00a0Avant d&rsquo;entreprendre toute op\u00e9ration de transport p\u00e9trolier, nous r\u00e9alisons une \u00e9tude minutieuse des dossiers de nos clients. Cette \u00e9tape cruciale nous permet de comprendre en d\u00e9tail les sp\u00e9cificit\u00e9s de chaque exp\u00e9dition. Nous examinons les caract\u00e9ristiques des produits \u00e0 transporter, les volumes, les points de d\u00e9part et d&rsquo;arriv\u00e9e, ainsi que les exigences r\u00e9glementaires et environnementales. Cette analyse approfondie nous aide \u00e0 concevoir des plans de transport sur mesure qui garantissent la s\u00e9curit\u00e9, l&rsquo;efficacit\u00e9 et la conformit\u00e9 \u00e0 chaque \u00e9tape de la cha\u00eene logistique.<\/p>\n<p>\u00a0<\/p>\n<p>\u00a0<\/p>\n<p style=\"margin-bottom: 1.7rem;\">En somme, notre capacit\u00e9 \u00e0 \u00e9tudier en profondeur les dossiers de nos clients et \u00e0 fournir des conseils avis\u00e9s est ce qui distingue notre entreprise de transport p\u00e9trolier. Nous mettons tout en \u0153uvre pour garantir que chaque exp\u00e9dition soit planifi\u00e9e et ex\u00e9cut\u00e9e de mani\u00e8re optimale, dans le respect des normes de s\u00e9curit\u00e9 les plus strictes et en tenant compte des sp\u00e9cificit\u00e9s de chaque client. Notre engagement envers la satisfaction client est au c\u0153ur de notre approche, et nous sommes fiers de contribuer au succ\u00e8s de nos partenaires dans le secteur p\u00e9trolier.<\/p>\t\t\t\t\t\t\t\t<\/div>\n\t\t\t\t<\/div>\n\t\t\t\t\t<\/div>\n\t\t<\/div>\n\t\t\t\t\t<\/div>\n\t\t<\/section>\n\t\t\t\t<\/div>","protected":false},"excerpt":{"rendered":"<p>Comment on peut vous aider ? Contactez et Rencontrez des Experts P\u00e9troliers Contact Obtenir un Devis Etudes Parmi nos services en tant qu&rsquo;entreprise de transport international sp\u00e9cialis\u00e9e dans le transport p\u00e9trolier, l&rsquo;\u00e9tude compl\u00e8te des dossiers de nos clients et le conseil sont des aspects essentiels de notre engagement envers l&rsquo;excellence et la satisfaction de nos [&hellip;]<\/p>\n","protected":false},"author":5,"featured_media":2088,"parent":0,"menu_order":163,"comment_status":"closed","ping_status":"closed","template":"","meta":{"om_disable_all_campaigns":false,"_uf_show_specific_survey":0,"_uf_disable_surveys":false,"footnotes":""},"folder":[],"class_list":["post-2183","page","type-page","status-publish","has-post-thumbnail","hentry"],"aioseo_notices":[],"_links":{"self":[{"href":"https:\/\/amatab.com\/en\/wp-json\/wp\/v2\/pages\/2183","targetHints":{"allow":["GET"]}}],"collection":[{"href":"https:\/\/amatab.com\/en\/wp-json\/wp\/v2\/pages"}],"about":[{"href":"https:\/\/amatab.com\/en\/wp-json\/wp\/v2\/types\/page"}],"author":[{"embeddable":true,"href":"https:\/\/amatab.com\/en\/wp-json\/wp\/v2\/users\/5"}],"replies":[{"embeddable":true,"href":"https:\/\/amatab.com\/en\/wp-json\/wp\/v2\/comments?post=2183"}],"version-history":[{"count":5,"href":"https:\/\/amatab.com\/en\/wp-json\/wp\/v2\/pages\/2183\/revisions"}],"predecessor-version":[{"id":2258,"href":"https:\/\/amatab.com\/en\/wp-json\/wp\/v2\/pages\/2183\/revisions\/2258"}],"wp:featuredmedia":[{"embeddable":true,"href":"https:\/\/amatab.com\/en\/wp-json\/wp\/v2\/media\/2088"}],"wp:attachment":[{"href":"https:\/\/amatab.com\/en\/wp-json\/wp\/v2\/media?parent=2183"}],"wp:term":[{"taxonomy":"folder","embeddable":true,"href":"https:\/\/amatab.com\/en\/wp-json\/wp\/v2\/folder?post=2183"}],"curies":[{"name":"wp","href":"https:\/\/api.w.org\/{rel}","templated":true}]}}