{"id":3138,"date":"2023-10-06T12:38:15","date_gmt":"2023-10-06T10:38:15","guid":{"rendered":"https:\/\/amatab.com\/?page_id=3138"},"modified":"2023-10-23T11:21:24","modified_gmt":"2023-10-23T09:21:24","slug":"logiciels","status":"publish","type":"page","link":"https:\/\/amatab.com\/en\/logiciels\/","title":{"rendered":"Logiciels"},"content":{"rendered":"<div data-elementor-type=\"wp-page\" data-elementor-id=\"3138\" class=\"elementor elementor-3138\" data-elementor-post-type=\"page\">\n\t\t\t\t\t\t<section class=\"elementor-section elementor-top-section elementor-element elementor-element-3e89eb9 elementor-section-boxed elementor-section-height-default elementor-section-height-default\" data-id=\"3e89eb9\" data-element_type=\"section\" data-e-type=\"section\">\n\t\t\t\t\t\t<div class=\"elementor-container elementor-column-gap-default\">\n\t\t\t\t\t<div class=\"elementor-column elementor-col-66 elementor-top-column elementor-element elementor-element-a5f046f\" data-id=\"a5f046f\" data-element_type=\"column\" data-e-type=\"column\">\n\t\t\t<div class=\"elementor-widget-wrap elementor-element-populated\">\n\t\t\t\t\t\t<div class=\"elementor-element elementor-element-837d223 elementor-widget elementor-widget-text-editor\" data-id=\"837d223\" data-element_type=\"widget\" data-e-type=\"widget\" data-widget_type=\"text-editor.default\">\n\t\t\t\t<div class=\"elementor-widget-container\">\n\t\t\t\t\t\t\t\t\t<p>Dans le domaine de la g\u00e9ophysique, il existe de nombreux logiciels sp\u00e9cialis\u00e9s qui sont utilis\u00e9s pour la collecte, le traitement et l&rsquo;analyse des donn\u00e9es g\u00e9ophysiques. Ces logiciels sont essentiels pour la conception et la mise en \u0153uvre de programmes d&rsquo;exploration g\u00e9ophysique.\u00a0<\/p>\t\t\t\t\t\t\t\t<\/div>\n\t\t\t\t<\/div>\n\t\t\t\t\t<\/div>\n\t\t<\/div>\n\t\t\t\t<div class=\"elementor-column elementor-col-33 elementor-top-column elementor-element elementor-element-74b2f6a\" data-id=\"74b2f6a\" data-element_type=\"column\" data-e-type=\"column\">\n\t\t\t<div class=\"elementor-widget-wrap elementor-element-populated\">\n\t\t\t\t\t\t\t<\/div>\n\t\t<\/div>\n\t\t\t\t\t<\/div>\n\t\t<\/section>\n\t\t\t\t<section class=\"elementor-section elementor-top-section elementor-element elementor-element-22785e7 elementor-section-boxed elementor-section-height-default elementor-section-height-default\" data-id=\"22785e7\" data-element_type=\"section\" data-e-type=\"section\">\n\t\t\t\t\t\t<div class=\"elementor-container elementor-column-gap-default\">\n\t\t\t\t\t<div class=\"elementor-column elementor-col-100 elementor-top-column elementor-element elementor-element-990fe5a\" data-id=\"990fe5a\" data-element_type=\"column\" data-e-type=\"column\">\n\t\t\t<div class=\"elementor-widget-wrap elementor-element-populated\">\n\t\t\t\t\t\t<div class=\"elementor-element elementor-element-faf44c8 elementor-widget elementor-widget-heading\" data-id=\"faf44c8\" data-element_type=\"widget\" data-e-type=\"widget\" data-widget_type=\"heading.default\">\n\t\t\t\t<div class=\"elementor-widget-container\">\n\t\t\t\t\t<h4 class=\"elementor-heading-title elementor-size-default\">Types de logiciels<\/h4>\t\t\t\t<\/div>\n\t\t\t\t<\/div>\n\t\t\t\t\t<\/div>\n\t\t<\/div>\n\t\t\t\t\t<\/div>\n\t\t<\/section>\n\t\t\t\t<section class=\"elementor-section elementor-top-section elementor-element elementor-element-84b1f81 elementor-section-boxed elementor-section-height-default elementor-section-height-default\" data-id=\"84b1f81\" data-element_type=\"section\" data-e-type=\"section\">\n\t\t\t\t\t\t<div class=\"elementor-container elementor-column-gap-default\">\n\t\t\t\t\t<div class=\"elementor-column elementor-col-100 elementor-top-column elementor-element elementor-element-7635734\" data-id=\"7635734\" data-element_type=\"column\" data-e-type=\"column\">\n\t\t\t<div class=\"elementor-widget-wrap elementor-element-populated\">\n\t\t\t\t\t\t<div class=\"elementor-element elementor-element-1f3a872 elementor-widget elementor-widget-text-editor\" data-id=\"1f3a872\" data-element_type=\"widget\" data-e-type=\"widget\" data-widget_type=\"text-editor.default\">\n\t\t\t\t<div class=\"elementor-widget-container\">\n\t\t\t\t\t\t\t\t\t<p>Notre entreprise utilise certains des types de logiciels couramment utilis\u00e9s dans ce domaine :<\/p>\t\t\t\t\t\t\t\t<\/div>\n\t\t\t\t<\/div>\n\t\t\t\t\t<\/div>\n\t\t<\/div>\n\t\t\t\t\t<\/div>\n\t\t<\/section>\n\t\t\t\t<section class=\"elementor-section elementor-top-section elementor-element elementor-element-b9e3807 elementor-section-boxed elementor-section-height-default elementor-section-height-default\" data-id=\"b9e3807\" data-element_type=\"section\" data-e-type=\"section\">\n\t\t\t\t\t\t<div class=\"elementor-container elementor-column-gap-default\">\n\t\t\t\t\t<div class=\"elementor-column elementor-col-25 elementor-top-column elementor-element elementor-element-236227e\" data-id=\"236227e\" data-element_type=\"column\" data-e-type=\"column\">\n\t\t\t<div class=\"elementor-widget-wrap elementor-element-populated\">\n\t\t\t\t\t\t<div class=\"elementor-element elementor-element-adfd566 elementor-widget__width-initial elementor-widget elementor-widget-text-editor\" data-id=\"adfd566\" data-element_type=\"widget\" data-e-type=\"widget\" data-widget_type=\"text-editor.default\">\n\t\t\t\t<div class=\"elementor-widget-container\">\n\t\t\t\t\t\t\t\t\t<p><span style=\"text-decoration: underline;\">Logiciels de traitement de donn\u00e9es sismiques<\/span> : Pour le traitement des donn\u00e9es sismiques, des logiciels tels que \u00ab\u00a0SeisImager,\u00a0\u00bb \u00ab\u00a0Kingdom Suite,\u00a0\u00bb \u00ab\u00a0SEG-Y Toolbox,\u00a0\u00bb et \u00ab\u00a0ProMAX\u00a0\u00bb sont utilis\u00e9s pour convertir les donn\u00e9es brutes en images sismiques.<\/p>\t\t\t\t\t\t\t\t<\/div>\n\t\t\t\t<\/div>\n\t\t\t\t\t<\/div>\n\t\t<\/div>\n\t\t\t\t<div class=\"elementor-column elementor-col-25 elementor-top-column elementor-element elementor-element-9912dc2\" data-id=\"9912dc2\" data-element_type=\"column\" data-e-type=\"column\">\n\t\t\t<div class=\"elementor-widget-wrap elementor-element-populated\">\n\t\t\t\t\t\t<div class=\"elementor-element elementor-element-cd1619f elementor-widget__width-initial elementor-widget elementor-widget-text-editor\" data-id=\"cd1619f\" data-element_type=\"widget\" data-e-type=\"widget\" data-widget_type=\"text-editor.default\">\n\t\t\t\t<div class=\"elementor-widget-container\">\n\t\t\t\t\t\t\t\t\t<p><span style=\"text-decoration: underline;\">Logiciels de mod\u00e9lisation g\u00e9ophysique :<\/span> Ces logiciels aident les g\u00e9ophysiciens \u00e0 cr\u00e9er des mod\u00e8les du sous-sol en fonction des donn\u00e9es g\u00e9ophysiques. Des exemples incluent \u00ab\u00a0Res2DInv\u00a0\u00bb pour la r\u00e9sistivit\u00e9 \u00e9lectrique et \u00ab\u00a0EarthImager\u00a0\u00bb pour la sismique de r\u00e9flexion.<\/p>\t\t\t\t\t\t\t\t<\/div>\n\t\t\t\t<\/div>\n\t\t\t\t\t<\/div>\n\t\t<\/div>\n\t\t\t\t<div class=\"elementor-column elementor-col-25 elementor-top-column elementor-element elementor-element-148bf48\" data-id=\"148bf48\" data-element_type=\"column\" data-e-type=\"column\">\n\t\t\t<div class=\"elementor-widget-wrap elementor-element-populated\">\n\t\t\t\t\t\t<div class=\"elementor-element elementor-element-2b4783e elementor-widget__width-initial elementor-widget elementor-widget-text-editor\" data-id=\"2b4783e\" data-element_type=\"widget\" data-e-type=\"widget\" data-widget_type=\"text-editor.default\">\n\t\t\t\t<div class=\"elementor-widget-container\">\n\t\t\t\t\t\t\t\t\t<p><span style=\"text-decoration: underline;\">Logiciels de simulation g\u00e9ophysique <\/span>: Pour la mod\u00e9lisation et la simulation de donn\u00e9es g\u00e9ophysiques, des logiciels tels que \u00ab\u00a0COMSOL Multiphysics\u00a0\u00bb sont utilis\u00e9s.<\/p>\t\t\t\t\t\t\t\t<\/div>\n\t\t\t\t<\/div>\n\t\t\t\t\t<\/div>\n\t\t<\/div>\n\t\t\t\t<div class=\"elementor-column elementor-col-25 elementor-top-column elementor-element elementor-element-d47de3d\" data-id=\"d47de3d\" data-element_type=\"column\" data-e-type=\"column\">\n\t\t\t<div class=\"elementor-widget-wrap elementor-element-populated\">\n\t\t\t\t\t\t<div class=\"elementor-element elementor-element-d610cc5 elementor-widget elementor-widget-text-editor\" data-id=\"d610cc5\" data-element_type=\"widget\" data-e-type=\"widget\" data-widget_type=\"text-editor.default\">\n\t\t\t\t<div class=\"elementor-widget-container\">\n\t\t\t\t\t\t\t\t\t<p><span style=\"text-decoration: underline;\">Logiciels de traitement de donn\u00e9es LiDAR :<\/span> Pour la collecte et l&rsquo;analyse de donn\u00e9es LiDAR, des logiciels comme \u00ab\u00a0TerraScan\u00a0\u00bb sont populaires.<\/p>\t\t\t\t\t\t\t\t<\/div>\n\t\t\t\t<\/div>\n\t\t\t\t\t<\/div>\n\t\t<\/div>\n\t\t\t\t\t<\/div>\n\t\t<\/section>\n\t\t\t\t<section class=\"elementor-section elementor-top-section elementor-element elementor-element-986ebd1 elementor-section-boxed elementor-section-height-default elementor-section-height-default\" data-id=\"986ebd1\" data-element_type=\"section\" data-e-type=\"section\">\n\t\t\t\t\t\t<div class=\"elementor-container elementor-column-gap-default\">\n\t\t\t\t\t<div class=\"elementor-column elementor-col-25 elementor-top-column elementor-element elementor-element-5f39d02\" data-id=\"5f39d02\" data-element_type=\"column\" data-e-type=\"column\">\n\t\t\t<div class=\"elementor-widget-wrap elementor-element-populated\">\n\t\t\t\t\t\t<div class=\"elementor-element elementor-element-b7c786e elementor-widget elementor-widget-image\" data-id=\"b7c786e\" data-element_type=\"widget\" data-e-type=\"widget\" data-widget_type=\"image.default\">\n\t\t\t\t<div class=\"elementor-widget-container\">\n\t\t\t\t\t\t\t\t\t\t\t\t\t\t\t<img decoding=\"async\" width=\"260\" height=\"131\" src=\"https:\/\/amatab.com\/wp-content\/uploads\/2023\/10\/download-1-e1698052558375.jpeg\" class=\"attachment-large size-large wp-image-5317\" alt=\"\" \/>\t\t\t\t\t\t\t\t\t\t\t\t\t\t\t<\/div>\n\t\t\t\t<\/div>\n\t\t\t\t\t<\/div>\n\t\t<\/div>\n\t\t\t\t<div class=\"elementor-column elementor-col-25 elementor-top-column elementor-element elementor-element-d7d36a7\" data-id=\"d7d36a7\" data-element_type=\"column\" data-e-type=\"column\">\n\t\t\t<div class=\"elementor-widget-wrap elementor-element-populated\">\n\t\t\t\t\t\t<div class=\"elementor-element elementor-element-ca81995 elementor-widget elementor-widget-image\" data-id=\"ca81995\" data-element_type=\"widget\" data-e-type=\"widget\" data-widget_type=\"image.default\">\n\t\t\t\t<div class=\"elementor-widget-container\">\n\t\t\t\t\t\t\t\t\t\t\t\t\t\t\t<img fetchpriority=\"high\" decoding=\"async\" width=\"1024\" height=\"469\" src=\"https:\/\/amatab.com\/wp-content\/uploads\/2023\/10\/8-meilleurs-geo-logiciels-1-1400x800-1-e1698052603319-1024x469.jpg\" class=\"attachment-large size-large wp-image-5318\" alt=\"\" srcset=\"https:\/\/amatab.com\/wp-content\/uploads\/2023\/10\/8-meilleurs-geo-logiciels-1-1400x800-1-e1698052603319-1024x469.jpg 1024w, https:\/\/amatab.com\/wp-content\/uploads\/2023\/10\/8-meilleurs-geo-logiciels-1-1400x800-1-e1698052603319-300x137.jpg 300w, https:\/\/amatab.com\/wp-content\/uploads\/2023\/10\/8-meilleurs-geo-logiciels-1-1400x800-1-e1698052603319-768x352.jpg 768w, https:\/\/amatab.com\/wp-content\/uploads\/2023\/10\/8-meilleurs-geo-logiciels-1-1400x800-1-e1698052603319-1320x604.jpg 1320w, https:\/\/amatab.com\/wp-content\/uploads\/2023\/10\/8-meilleurs-geo-logiciels-1-1400x800-1-e1698052603319-600x275.jpg 600w, https:\/\/amatab.com\/wp-content\/uploads\/2023\/10\/8-meilleurs-geo-logiciels-1-1400x800-1-e1698052603319.jpg 1400w\" sizes=\"(max-width: 1024px) 100vw, 1024px\" \/>\t\t\t\t\t\t\t\t\t\t\t\t\t\t\t<\/div>\n\t\t\t\t<\/div>\n\t\t\t\t\t<\/div>\n\t\t<\/div>\n\t\t\t\t<div class=\"elementor-column elementor-col-25 elementor-top-column elementor-element elementor-element-cf53afa\" data-id=\"cf53afa\" data-element_type=\"column\" data-e-type=\"column\">\n\t\t\t<div class=\"elementor-widget-wrap elementor-element-populated\">\n\t\t\t\t\t\t<div class=\"elementor-element elementor-element-66089cc elementor-widget elementor-widget-image\" data-id=\"66089cc\" data-element_type=\"widget\" data-e-type=\"widget\" data-widget_type=\"image.default\">\n\t\t\t\t<div class=\"elementor-widget-container\">\n\t\t\t\t\t\t\t\t\t\t\t\t\t\t\t<img decoding=\"async\" width=\"1024\" height=\"460\" src=\"https:\/\/amatab.com\/wp-content\/uploads\/2023\/10\/maxresdefault-e1698052702416-1024x460.jpg\" class=\"attachment-large size-large wp-image-5320\" alt=\"\" srcset=\"https:\/\/amatab.com\/wp-content\/uploads\/2023\/10\/maxresdefault-e1698052702416-1024x460.jpg 1024w, https:\/\/amatab.com\/wp-content\/uploads\/2023\/10\/maxresdefault-e1698052702416-300x135.jpg 300w, https:\/\/amatab.com\/wp-content\/uploads\/2023\/10\/maxresdefault-e1698052702416-768x345.jpg 768w, https:\/\/amatab.com\/wp-content\/uploads\/2023\/10\/maxresdefault-e1698052702416-600x270.jpg 600w, https:\/\/amatab.com\/wp-content\/uploads\/2023\/10\/maxresdefault-e1698052702416.jpg 1280w\" sizes=\"(max-width: 1024px) 100vw, 1024px\" \/>\t\t\t\t\t\t\t\t\t\t\t\t\t\t\t<\/div>\n\t\t\t\t<\/div>\n\t\t\t\t\t<\/div>\n\t\t<\/div>\n\t\t\t\t<div class=\"elementor-column elementor-col-25 elementor-top-column elementor-element elementor-element-025bfb5\" data-id=\"025bfb5\" data-element_type=\"column\" data-e-type=\"column\">\n\t\t\t<div class=\"elementor-widget-wrap elementor-element-populated\">\n\t\t\t\t\t\t<div class=\"elementor-element elementor-element-2a94709 elementor-widget elementor-widget-image\" data-id=\"2a94709\" data-element_type=\"widget\" data-e-type=\"widget\" data-widget_type=\"image.default\">\n\t\t\t\t<div class=\"elementor-widget-container\">\n\t\t\t\t\t\t\t\t\t\t\t\t\t\t\t<img loading=\"lazy\" decoding=\"async\" width=\"898\" height=\"397\" src=\"https:\/\/amatab.com\/wp-content\/uploads\/2023\/10\/copre-software-lidar-scanner-data-visualization-colorization-chcnav-e1698052869632.jpeg\" class=\"attachment-large size-large wp-image-5321\" alt=\"\" srcset=\"https:\/\/amatab.com\/wp-content\/uploads\/2023\/10\/copre-software-lidar-scanner-data-visualization-colorization-chcnav-e1698052869632.jpeg 898w, https:\/\/amatab.com\/wp-content\/uploads\/2023\/10\/copre-software-lidar-scanner-data-visualization-colorization-chcnav-e1698052869632-300x133.jpeg 300w, https:\/\/amatab.com\/wp-content\/uploads\/2023\/10\/copre-software-lidar-scanner-data-visualization-colorization-chcnav-e1698052869632-768x340.jpeg 768w, https:\/\/amatab.com\/wp-content\/uploads\/2023\/10\/copre-software-lidar-scanner-data-visualization-colorization-chcnav-e1698052869632-600x265.jpeg 600w\" sizes=\"(max-width: 898px) 100vw, 898px\" \/>\t\t\t\t\t\t\t\t\t\t\t\t\t\t\t<\/div>\n\t\t\t\t<\/div>\n\t\t\t\t\t<\/div>\n\t\t<\/div>\n\t\t\t\t\t<\/div>\n\t\t<\/section>\n\t\t\t\t<section class=\"elementor-section elementor-top-section elementor-element elementor-element-8e44a7b elementor-section-boxed elementor-section-height-default elementor-section-height-default\" data-id=\"8e44a7b\" data-element_type=\"section\" data-e-type=\"section\">\n\t\t\t\t\t\t<div class=\"elementor-container elementor-column-gap-default\">\n\t\t\t\t\t<div class=\"elementor-column elementor-col-100 elementor-top-column elementor-element elementor-element-d2b783e\" data-id=\"d2b783e\" data-element_type=\"column\" data-e-type=\"column\">\n\t\t\t<div class=\"elementor-widget-wrap elementor-element-populated\">\n\t\t\t\t\t\t<div class=\"elementor-element elementor-element-7049c05 elementor-widget elementor-widget-heading\" data-id=\"7049c05\" data-element_type=\"widget\" data-e-type=\"widget\" data-widget_type=\"heading.default\">\n\t\t\t\t<div class=\"elementor-widget-container\">\n\t\t\t\t\t<h2 class=\"elementor-heading-title elementor-size-default\">Contactez-Nous<\/h2>\t\t\t\t<\/div>\n\t\t\t\t<\/div>\n\t\t\t\t\t<\/div>\n\t\t<\/div>\n\t\t\t\t\t<\/div>\n\t\t<\/section>\n\t\t\t\t<section class=\"elementor-section elementor-top-section elementor-element elementor-element-a7173ee elementor-section-boxed elementor-section-height-default elementor-section-height-default\" data-id=\"a7173ee\" data-element_type=\"section\" data-e-type=\"section\">\n\t\t\t\t\t\t<div class=\"elementor-container elementor-column-gap-default\">\n\t\t\t\t\t<div class=\"elementor-column elementor-col-33 elementor-top-column elementor-element elementor-element-65ce8a6\" data-id=\"65ce8a6\" data-element_type=\"column\" data-e-type=\"column\">\n\t\t\t<div class=\"elementor-widget-wrap elementor-element-populated\">\n\t\t\t\t\t\t<div class=\"elementor-element elementor-element-fb83107 elementor-widget__width-initial elementor-widget elementor-widget-text-editor\" data-id=\"fb83107\" data-element_type=\"widget\" data-e-type=\"widget\" data-widget_type=\"text-editor.default\">\n\t\t\t\t<div class=\"elementor-widget-container\">\n\t\t\t\t\t\t\t\t\t<p>Si vous \u00eates int\u00e9ress\u00e9 par nos produits pharmaceutiques de qualit\u00e9, ou si vous avez des questions sur nos services d&rsquo;export-import, n&rsquo;h\u00e9sitez pas \u00e0 nous contacter. Notre \u00e9quipe de professionnels d\u00e9di\u00e9s est pr\u00eate \u00e0 vous assister dans toutes vos d\u00e9marches.<\/p><p>Nous sommes fiers de contribuer \u00e0 l&rsquo;am\u00e9lioration de la sant\u00e9 publique \u00e0 travers la distribution de produits pharmaceutiques de qualit\u00e9. Chez AMATAB&amp;CO, la sant\u00e9 et la s\u00e9curit\u00e9 des patients sont notre priorit\u00e9 absolue.<\/p>\t\t\t\t\t\t\t\t<\/div>\n\t\t\t\t<\/div>\n\t\t\t\t\t<\/div>\n\t\t<\/div>\n\t\t\t\t<div class=\"elementor-column elementor-col-66 elementor-top-column elementor-element elementor-element-2496db7\" data-id=\"2496db7\" data-element_type=\"column\" data-e-type=\"column\">\n\t\t\t<div class=\"elementor-widget-wrap elementor-element-populated\">\n\t\t\t\t\t\t<div class=\"elementor-element elementor-element-4cfbd52 elementor-widget elementor-widget-image\" data-id=\"4cfbd52\" data-element_type=\"widget\" data-e-type=\"widget\" data-widget_type=\"image.default\">\n\t\t\t\t<div class=\"elementor-widget-container\">\n\t\t\t\t\t\t\t\t\t\t\t\t\t\t\t<img loading=\"lazy\" decoding=\"async\" width=\"150\" height=\"150\" src=\"https:\/\/amatab.com\/wp-content\/uploads\/2023\/10\/Untitled-design-3-e1697800523481-150x150.png\" class=\"attachment-thumbnail size-thumbnail wp-image-5253\" alt=\"\" srcset=\"https:\/\/amatab.com\/wp-content\/uploads\/2023\/10\/Untitled-design-3-e1697800523481-150x150.png 150w, https:\/\/amatab.com\/wp-content\/uploads\/2023\/10\/Untitled-design-3-e1697800523481-300x300.png 300w, https:\/\/amatab.com\/wp-content\/uploads\/2023\/10\/Untitled-design-3-e1697800523481-100x100.png 100w\" sizes=\"(max-width: 150px) 100vw, 150px\" \/>\t\t\t\t\t\t\t\t\t\t\t\t\t\t\t<\/div>\n\t\t\t\t<\/div>\n\t\t\t\t\t<\/div>\n\t\t<\/div>\n\t\t\t\t\t<\/div>\n\t\t<\/section>\n\t\t\t\t<\/div>","protected":false},"excerpt":{"rendered":"<p>Dans le domaine de la g\u00e9ophysique, il existe de nombreux logiciels sp\u00e9cialis\u00e9s qui sont utilis\u00e9s pour la collecte, le traitement et l&rsquo;analyse des donn\u00e9es g\u00e9ophysiques. Ces logiciels sont essentiels pour la conception et la mise en \u0153uvre de programmes d&rsquo;exploration g\u00e9ophysique.\u00a0 Types de logiciels Notre entreprise utilise certains des types de logiciels couramment utilis\u00e9s dans [&hellip;]<\/p>\n","protected":false},"author":5,"featured_media":1275,"parent":0,"menu_order":265,"comment_status":"closed","ping_status":"closed","template":"","meta":{"om_disable_all_campaigns":false,"_uf_show_specific_survey":0,"_uf_disable_surveys":false,"footnotes":""},"folder":[],"class_list":["post-3138","page","type-page","status-publish","has-post-thumbnail","hentry"],"aioseo_notices":[],"_links":{"self":[{"href":"https:\/\/amatab.com\/en\/wp-json\/wp\/v2\/pages\/3138","targetHints":{"allow":["GET"]}}],"collection":[{"href":"https:\/\/amatab.com\/en\/wp-json\/wp\/v2\/pages"}],"about":[{"href":"https:\/\/amatab.com\/en\/wp-json\/wp\/v2\/types\/page"}],"author":[{"embeddable":true,"href":"https:\/\/amatab.com\/en\/wp-json\/wp\/v2\/users\/5"}],"replies":[{"embeddable":true,"href":"https:\/\/amatab.com\/en\/wp-json\/wp\/v2\/comments?post=3138"}],"version-history":[{"count":10,"href":"https:\/\/amatab.com\/en\/wp-json\/wp\/v2\/pages\/3138\/revisions"}],"predecessor-version":[{"id":5324,"href":"https:\/\/amatab.com\/en\/wp-json\/wp\/v2\/pages\/3138\/revisions\/5324"}],"wp:featuredmedia":[{"embeddable":true,"href":"https:\/\/amatab.com\/en\/wp-json\/wp\/v2\/media\/1275"}],"wp:attachment":[{"href":"https:\/\/amatab.com\/en\/wp-json\/wp\/v2\/media?parent=3138"}],"wp:term":[{"taxonomy":"folder","embeddable":true,"href":"https:\/\/amatab.com\/en\/wp-json\/wp\/v2\/folder?post=3138"}],"curies":[{"name":"wp","href":"https:\/\/api.w.org\/{rel}","templated":true}]}}