{"id":3860,"date":"2023-10-12T17:08:54","date_gmt":"2023-10-12T15:08:54","guid":{"rendered":"https:\/\/amatab.com\/?page_id=3860"},"modified":"2024-01-31T15:56:57","modified_gmt":"2024-01-31T14:56:57","slug":"mesures-de-protection","status":"publish","type":"page","link":"https:\/\/amatab.com\/en\/services-petroliers\/mesures-de-protection\/","title":{"rendered":"Protection measures"},"content":{"rendered":"<div data-elementor-type=\"wp-page\" data-elementor-id=\"3860\" class=\"elementor elementor-3860\" data-elementor-post-type=\"page\">\n\t\t\t\t\t\t<section class=\"elementor-section elementor-top-section elementor-element elementor-element-f8ab24b elementor-section-boxed elementor-section-height-default elementor-section-height-default\" data-id=\"f8ab24b\" data-element_type=\"section\" data-e-type=\"section\">\n\t\t\t\t\t\t<div class=\"elementor-container elementor-column-gap-default\">\n\t\t\t\t\t<div class=\"elementor-column elementor-col-50 elementor-top-column elementor-element elementor-element-8cf5c08\" data-id=\"8cf5c08\" data-element_type=\"column\" data-e-type=\"column\">\n\t\t\t<div class=\"elementor-widget-wrap elementor-element-populated\">\n\t\t\t\t\t\t<div class=\"elementor-element elementor-element-d6f51c9 elementor-widget elementor-widget-text-editor\" data-id=\"d6f51c9\" data-element_type=\"widget\" data-e-type=\"widget\" data-widget_type=\"text-editor.default\">\n\t\t\t\t<div class=\"elementor-widget-container\">\n\t\t\t\t\t\t\t\t\t<p>AMATAB &amp; CO accorde une priorit\u00e9 absolue \u00e0 la s\u00e9curit\u00e9 et au bien-\u00eatre de tous. Nous comprenons les risques et les d\u00e9fis uniques auxquels sont confront\u00e9s les professionnels travaillant dans l&rsquo;industrie p\u00e9troli\u00e8re. C\u2019est pourquoi nous avons d\u00e9ploy\u00e9 une s\u00e9rie de mesures de protection exhaustives, garantissant un niveau de s\u00e9curit\u00e9 in\u00e9gal\u00e9 sur le terrain.<\/p>\t\t\t\t\t\t\t\t<\/div>\n\t\t\t\t<\/div>\n\t\t\t\t<div class=\"elementor-element elementor-element-7a7f282 elementor-widget elementor-widget-image\" data-id=\"7a7f282\" data-element_type=\"widget\" data-e-type=\"widget\" data-widget_type=\"image.default\">\n\t\t\t\t<div class=\"elementor-widget-container\">\n\t\t\t\t\t\t\t\t\t\t\t\t\t\t\t<img fetchpriority=\"high\" decoding=\"async\" width=\"1024\" height=\"684\" src=\"https:\/\/amatab.com\/wp-content\/uploads\/2023\/11\/oil-worker-orange-uniform-helmet-background-pump-jack-blue-sky-1024x684.jpg\" class=\"attachment-large size-large wp-image-7163\" alt=\"\" srcset=\"https:\/\/amatab.com\/wp-content\/uploads\/2023\/11\/oil-worker-orange-uniform-helmet-background-pump-jack-blue-sky-1024x684.jpg 1024w, https:\/\/amatab.com\/wp-content\/uploads\/2023\/11\/oil-worker-orange-uniform-helmet-background-pump-jack-blue-sky-300x200.jpg 300w, https:\/\/amatab.com\/wp-content\/uploads\/2023\/11\/oil-worker-orange-uniform-helmet-background-pump-jack-blue-sky-768x513.jpg 768w, https:\/\/amatab.com\/wp-content\/uploads\/2023\/11\/oil-worker-orange-uniform-helmet-background-pump-jack-blue-sky-1536x1025.jpg 1536w, https:\/\/amatab.com\/wp-content\/uploads\/2023\/11\/oil-worker-orange-uniform-helmet-background-pump-jack-blue-sky-2048x1367.jpg 2048w, https:\/\/amatab.com\/wp-content\/uploads\/2023\/11\/oil-worker-orange-uniform-helmet-background-pump-jack-blue-sky-1320x881.jpg 1320w, https:\/\/amatab.com\/wp-content\/uploads\/2023\/11\/oil-worker-orange-uniform-helmet-background-pump-jack-blue-sky-600x401.jpg 600w\" sizes=\"(max-width: 1024px) 100vw, 1024px\" \/>\t\t\t\t\t\t\t\t\t\t\t\t\t\t\t<\/div>\n\t\t\t\t<\/div>\n\t\t\t\t\t<\/div>\n\t\t<\/div>\n\t\t\t\t<div class=\"elementor-column elementor-col-50 elementor-top-column elementor-element elementor-element-5e7053e elementor-hidden-mobile\" data-id=\"5e7053e\" data-element_type=\"column\" data-e-type=\"column\">\n\t\t\t<div class=\"elementor-widget-wrap elementor-element-populated\">\n\t\t\t\t\t\t<div class=\"elementor-element elementor-element-37325cf elementor-widget elementor-widget-transx_links_list\" data-id=\"37325cf\" data-element_type=\"widget\" data-e-type=\"widget\" data-widget_type=\"transx_links_list.default\">\n\t\t\t\t<div class=\"elementor-widget-container\">\n\t\t\t\t\t\n        <div class=\"transx_links_list_widget\">\n            <div class=\"transx_links_list_wrapper transx_view_type_2\">\n                <h5 class=\"transx_links_list_title\">Other services<\/h5>\n\n                                            <a class=\"transx_links_list_item\" href=\"https:\/\/amatab.com\/en\/services-medicaux-2\/\" >\n                                <img decoding=\"async\" class=\"transx_img--bg\" src=\"http:\/\/amatab.com\/wp-content\/uploads\/2023\/11\/medecin-posant-stethoscope-scaled.jpg\" alt=\"Background Image\" \/>\n                                <h6>Services medicaux<\/h6>\n                                <span class=\"transx_links_list_counter\">01<\/span>\n                            <\/a>\n                                                        <a class=\"transx_links_list_item\" href=\"https:\/\/amatab.com\/en\/securite-professionnelle-et-materiel-de-securite\/\" >\n                                <img decoding=\"async\" class=\"transx_img--bg\" src=\"http:\/\/amatab.com\/wp-content\/uploads\/2023\/11\/champs-parcs-eoliens-4-scaled.jpg\" alt=\"Background Image\" \/>\n                                <h6>S\u00e9curit\u00e9 professionnelle et mat\u00e9riel de s\u00e9curit\u00e9<\/h6>\n                                <span class=\"transx_links_list_counter\">02<\/span>\n                            <\/a>\n                                                        <a class=\"transx_links_list_item\" href=\"https:\/\/amatab.com\/en\/services-petroliers\/services-transport\/\" >\n                                <img decoding=\"async\" class=\"transx_img--bg\" src=\"http:\/\/amatab.com\/wp-content\/uploads\/2023\/11\/conductrice-professionnelle-au-travail-scaled.jpg\" alt=\"Background Image\" \/>\n                                <h6>Transport services<\/h6>\n                                <span class=\"transx_links_list_counter\">03<\/span>\n                            <\/a>\n                                                        <a class=\"transx_links_list_item\" href=\"https:\/\/amatab.com\/en\/approvisionnement-et-nettoyage\/\" >\n                                <img decoding=\"async\" class=\"transx_img--bg\" src=\"http:\/\/amatab.com\/wp-content\/uploads\/2023\/10\/male-workers-dressing-protective-shower-detoxification-suit-clean-up-after-sealing-leaking-container-from-corrosive-toxic_478515-9388.jpg\" alt=\"Background Image\" \/>\n                                <h6>Sourcing and Cleaning<\/h6>\n                                <span class=\"transx_links_list_counter\">04<\/span>\n                            <\/a>\n                                                            <\/div>\n        <\/div>\n\n        \t\t\t\t<\/div>\n\t\t\t\t<\/div>\n\t\t\t\t<div class=\"elementor-element elementor-element-5f99b86 elementor-widget elementor-widget-html\" data-id=\"5f99b86\" data-element_type=\"widget\" data-e-type=\"widget\" data-widget_type=\"html.default\">\n\t\t\t\t<div class=\"elementor-widget-container\">\n\t\t\t\t\t<div class=\"transx_contact-trigger transx_contact-trigger--style-2\">\n\t\n\n\t<h4 class=\"transx_contact-trigger__title\">Need a price quote?<\/h4>\n\n\t<p class=\"transx_contact-trigger__text\">We are here to quickly provide you with detailed information about our rates!<\/p>\n\n\t<a class=\"transx_button\" href=\"https:\/\/amatab.com\/en\/services-petroliers\/mesures-de-protection\/obtenir-un-devis\/\">\n\t\t<span>Get a quote<\/span>\n\t\t<svg class=\"icon\">\n\t\t\t<svg viewbox=\"0 0 150 78.6\" xmlns=\"http:\/\/www.w3.org\/2000\/svg\"><path d=\"M0 31.5h150v12.7H0V31.5zM112.8-.1l30.9 31.5-8.8 9L104 8.9l8.8-9zm18.1 51l-18.4 18.8 8.9 9 18.4-18.8-8.9-9z\"\/><\/svg>\n\t\t<\/svg>\n\t<\/a>\n<\/div>\t\t\t\t<\/div>\n\t\t\t\t<\/div>\n\t\t\t\t\t<\/div>\n\t\t<\/div>\n\t\t\t\t\t<\/div>\n\t\t<\/section>\n\t\t\t\t<section class=\"elementor-section elementor-top-section elementor-element elementor-element-49e9005 elementor-section-boxed elementor-section-height-default elementor-section-height-default\" data-id=\"49e9005\" data-element_type=\"section\" data-e-type=\"section\">\n\t\t\t\t\t\t<div class=\"elementor-container elementor-column-gap-default\">\n\t\t\t\t\t<div class=\"elementor-column elementor-col-33 elementor-top-column elementor-element elementor-element-b54f135\" data-id=\"b54f135\" data-element_type=\"column\" data-e-type=\"column\">\n\t\t\t<div class=\"elementor-widget-wrap elementor-element-populated\">\n\t\t\t\t\t\t<div class=\"elementor-element elementor-element-f2b2a18 elementor-widget elementor-widget-text-editor\" data-id=\"f2b2a18\" data-element_type=\"widget\" data-e-type=\"widget\" data-widget_type=\"text-editor.default\">\n\t\t\t\t<div class=\"elementor-widget-container\">\n\t\t\t\t\t\t\t\t\t<p><span style=\"text-decoration: underline;\">Protection de la t\u00eate et du visage<\/span> : Nous fournissons des casques et des masques faciaux de qualit\u00e9 sup\u00e9rieure pour garantir la s\u00e9curit\u00e9 de votre \u00e9quipe contre les impacts, les chutes d&rsquo;objets et les substances dangereuses.<\/p>\t\t\t\t\t\t\t\t<\/div>\n\t\t\t\t<\/div>\n\t\t\t\t<div class=\"elementor-element elementor-element-80a01ce elementor-widget elementor-widget-image\" data-id=\"80a01ce\" data-element_type=\"widget\" data-e-type=\"widget\" data-widget_type=\"image.default\">\n\t\t\t\t<div class=\"elementor-widget-container\">\n\t\t\t\t\t\t\t\t\t\t\t\t\t\t\t<img decoding=\"async\" width=\"1024\" height=\"683\" src=\"https:\/\/amatab.com\/wp-content\/uploads\/2023\/11\/close-up-man-wearing-helmet-protection-1024x683.jpg\" class=\"attachment-large size-large wp-image-7153\" alt=\"\" srcset=\"https:\/\/amatab.com\/wp-content\/uploads\/2023\/11\/close-up-man-wearing-helmet-protection-1024x683.jpg 1024w, https:\/\/amatab.com\/wp-content\/uploads\/2023\/11\/close-up-man-wearing-helmet-protection-300x200.jpg 300w, https:\/\/amatab.com\/wp-content\/uploads\/2023\/11\/close-up-man-wearing-helmet-protection-768x512.jpg 768w, https:\/\/amatab.com\/wp-content\/uploads\/2023\/11\/close-up-man-wearing-helmet-protection-1536x1024.jpg 1536w, https:\/\/amatab.com\/wp-content\/uploads\/2023\/11\/close-up-man-wearing-helmet-protection-2048x1365.jpg 2048w, https:\/\/amatab.com\/wp-content\/uploads\/2023\/11\/close-up-man-wearing-helmet-protection-1320x880.jpg 1320w, https:\/\/amatab.com\/wp-content\/uploads\/2023\/11\/close-up-man-wearing-helmet-protection-600x400.jpg 600w\" sizes=\"(max-width: 1024px) 100vw, 1024px\" \/>\t\t\t\t\t\t\t\t\t\t\t\t\t\t\t<\/div>\n\t\t\t\t<\/div>\n\t\t\t\t\t<\/div>\n\t\t<\/div>\n\t\t\t\t<div class=\"elementor-column elementor-col-33 elementor-top-column elementor-element elementor-element-1d8ca08\" data-id=\"1d8ca08\" data-element_type=\"column\" data-e-type=\"column\">\n\t\t\t<div class=\"elementor-widget-wrap elementor-element-populated\">\n\t\t\t\t\t\t<div class=\"elementor-element elementor-element-6515036 elementor-widget elementor-widget-text-editor\" data-id=\"6515036\" data-element_type=\"widget\" data-e-type=\"widget\" data-widget_type=\"text-editor.default\">\n\t\t\t\t<div class=\"elementor-widget-container\">\n\t\t\t\t\t\t\t\t\t<p><span style=\"text-decoration: underline;\">Protection des yeux<\/span> : Nos lunettes de s\u00e9curit\u00e9 haut de gamme assurent la protection oculaire en emp\u00eachant les particules volantes, les \u00e9claboussures chimiques et d&rsquo;autres risques, tout en offrant une visibilit\u00e9 optimale.<\/p>\t\t\t\t\t\t\t\t<\/div>\n\t\t\t\t<\/div>\n\t\t\t\t<div class=\"elementor-element elementor-element-d5c71a0 elementor-widget elementor-widget-image\" data-id=\"d5c71a0\" data-element_type=\"widget\" data-e-type=\"widget\" data-widget_type=\"image.default\">\n\t\t\t\t<div class=\"elementor-widget-container\">\n\t\t\t\t\t\t\t\t\t\t\t\t\t\t\t<img decoding=\"async\" width=\"768\" height=\"509\" src=\"https:\/\/amatab.com\/wp-content\/uploads\/2023\/11\/man-wearing-protection-equipment-scaled-e1698936409210-768x509.jpg\" class=\"attachment-medium_large size-medium_large wp-image-7154\" alt=\"\" srcset=\"https:\/\/amatab.com\/wp-content\/uploads\/2023\/11\/man-wearing-protection-equipment-scaled-e1698936409210-768x509.jpg 768w, https:\/\/amatab.com\/wp-content\/uploads\/2023\/11\/man-wearing-protection-equipment-scaled-e1698936409210-300x199.jpg 300w, https:\/\/amatab.com\/wp-content\/uploads\/2023\/11\/man-wearing-protection-equipment-scaled-e1698936409210-1024x679.jpg 1024w, https:\/\/amatab.com\/wp-content\/uploads\/2023\/11\/man-wearing-protection-equipment-scaled-e1698936409210-1536x1019.jpg 1536w, https:\/\/amatab.com\/wp-content\/uploads\/2023\/11\/man-wearing-protection-equipment-scaled-e1698936409210-2048x1358.jpg 2048w, https:\/\/amatab.com\/wp-content\/uploads\/2023\/11\/man-wearing-protection-equipment-scaled-e1698936409210-1320x876.jpg 1320w, https:\/\/amatab.com\/wp-content\/uploads\/2023\/11\/man-wearing-protection-equipment-scaled-e1698936409210-600x398.jpg 600w\" sizes=\"(max-width: 768px) 100vw, 768px\" \/>\t\t\t\t\t\t\t\t\t\t\t\t\t\t\t<\/div>\n\t\t\t\t<\/div>\n\t\t\t\t\t<\/div>\n\t\t<\/div>\n\t\t\t\t<div class=\"elementor-column elementor-col-33 elementor-top-column elementor-element elementor-element-444e6df\" data-id=\"444e6df\" data-element_type=\"column\" data-e-type=\"column\">\n\t\t\t<div class=\"elementor-widget-wrap elementor-element-populated\">\n\t\t\t\t\t\t<div class=\"elementor-element elementor-element-96cc9ee elementor-widget elementor-widget-text-editor\" data-id=\"96cc9ee\" data-element_type=\"widget\" data-e-type=\"widget\" data-widget_type=\"text-editor.default\">\n\t\t\t\t<div class=\"elementor-widget-container\">\n\t\t\t\t\t\t\t\t\t<p><span style=\"text-decoration: underline;\">Mesures anti-chute<\/span> : Nous proposons des solutions anti-chute, notamment des harnais de s\u00e9curit\u00e9 et des dispositifs de retenue, pour minimiser les risques de chute lors des d\u00e9placements en hauteur.<\/p>\t\t\t\t\t\t\t\t<\/div>\n\t\t\t\t<\/div>\n\t\t\t\t<div class=\"elementor-element elementor-element-e89a2ec elementor-widget elementor-widget-image\" data-id=\"e89a2ec\" data-element_type=\"widget\" data-e-type=\"widget\" data-widget_type=\"image.default\">\n\t\t\t\t<div class=\"elementor-widget-container\">\n\t\t\t\t\t\t\t\t\t\t\t\t\t\t\t<img loading=\"lazy\" decoding=\"async\" width=\"1024\" height=\"683\" src=\"https:\/\/amatab.com\/wp-content\/uploads\/2023\/11\/back-view-man-with-safety-equipment-1024x683.jpg\" class=\"attachment-large size-large wp-image-7147\" alt=\"\" srcset=\"https:\/\/amatab.com\/wp-content\/uploads\/2023\/11\/back-view-man-with-safety-equipment-1024x683.jpg 1024w, https:\/\/amatab.com\/wp-content\/uploads\/2023\/11\/back-view-man-with-safety-equipment-300x200.jpg 300w, https:\/\/amatab.com\/wp-content\/uploads\/2023\/11\/back-view-man-with-safety-equipment-768x512.jpg 768w, https:\/\/amatab.com\/wp-content\/uploads\/2023\/11\/back-view-man-with-safety-equipment-1536x1024.jpg 1536w, https:\/\/amatab.com\/wp-content\/uploads\/2023\/11\/back-view-man-with-safety-equipment-2048x1365.jpg 2048w, https:\/\/amatab.com\/wp-content\/uploads\/2023\/11\/back-view-man-with-safety-equipment-1320x880.jpg 1320w, https:\/\/amatab.com\/wp-content\/uploads\/2023\/11\/back-view-man-with-safety-equipment-600x400.jpg 600w\" sizes=\"(max-width: 1024px) 100vw, 1024px\" \/>\t\t\t\t\t\t\t\t\t\t\t\t\t\t\t<\/div>\n\t\t\t\t<\/div>\n\t\t\t\t\t<\/div>\n\t\t<\/div>\n\t\t\t\t\t<\/div>\n\t\t<\/section>\n\t\t\t\t<section class=\"elementor-section elementor-top-section elementor-element elementor-element-332de52 elementor-hidden-desktop elementor-hidden-tablet elementor-section-boxed elementor-section-height-default elementor-section-height-default\" data-id=\"332de52\" data-element_type=\"section\" data-e-type=\"section\">\n\t\t\t\t\t\t<div class=\"elementor-container elementor-column-gap-default\">\n\t\t\t\t\t<div class=\"elementor-column elementor-col-100 elementor-top-column elementor-element elementor-element-f2b5c7d\" data-id=\"f2b5c7d\" data-element_type=\"column\" data-e-type=\"column\">\n\t\t\t<div class=\"elementor-widget-wrap elementor-element-populated\">\n\t\t\t\t\t\t<div class=\"elementor-element elementor-element-f44e2a5 elementor-widget elementor-widget-transx_links_list\" data-id=\"f44e2a5\" data-element_type=\"widget\" data-e-type=\"widget\" data-widget_type=\"transx_links_list.default\">\n\t\t\t\t<div class=\"elementor-widget-container\">\n\t\t\t\t\t\n        <div class=\"transx_links_list_widget\">\n            <div class=\"transx_links_list_wrapper transx_view_type_2\">\n                <h5 class=\"transx_links_list_title\">Other services<\/h5>\n\n                                            <a class=\"transx_links_list_item\" href=\"https:\/\/amatab.com\/en\/services-medicaux-2\/\" >\n                                <img decoding=\"async\" class=\"transx_img--bg\" src=\"http:\/\/amatab.com\/wp-content\/uploads\/2023\/11\/medecin-posant-stethoscope-scaled.jpg\" alt=\"Background Image\" \/>\n                                <h6>Services medicaux<\/h6>\n                                <span class=\"transx_links_list_counter\">01<\/span>\n                            <\/a>\n                                                        <a class=\"transx_links_list_item\" href=\"https:\/\/amatab.com\/en\/securite-professionnelle-et-materiel-de-securite\/\" >\n                                <img decoding=\"async\" class=\"transx_img--bg\" src=\"http:\/\/amatab.com\/wp-content\/uploads\/2023\/11\/champs-parcs-eoliens-4-scaled.jpg\" alt=\"Background Image\" \/>\n                                <h6>S\u00e9curit\u00e9 professionnelle et mat\u00e9riel de s\u00e9curit\u00e9<\/h6>\n                                <span class=\"transx_links_list_counter\">02<\/span>\n                            <\/a>\n                                                        <a class=\"transx_links_list_item\" href=\"https:\/\/amatab.com\/en\/services-petroliers\/services-transport\/\" >\n                                <img decoding=\"async\" class=\"transx_img--bg\" src=\"http:\/\/amatab.com\/wp-content\/uploads\/2023\/11\/conductrice-professionnelle-au-travail-scaled.jpg\" alt=\"Background Image\" \/>\n                                <h6>Transport services<\/h6>\n                                <span class=\"transx_links_list_counter\">03<\/span>\n                            <\/a>\n                                                        <a class=\"transx_links_list_item\" href=\"https:\/\/amatab.com\/en\/approvisionnement-et-nettoyage\/\" >\n                                <img decoding=\"async\" class=\"transx_img--bg\" src=\"http:\/\/amatab.com\/wp-content\/uploads\/2023\/10\/male-workers-dressing-protective-shower-detoxification-suit-clean-up-after-sealing-leaking-container-from-corrosive-toxic_478515-9388.jpg\" alt=\"Background Image\" \/>\n                                <h6>Sourcing and Cleaning<\/h6>\n                                <span class=\"transx_links_list_counter\">04<\/span>\n                            <\/a>\n                                                            <\/div>\n        <\/div>\n\n        \t\t\t\t<\/div>\n\t\t\t\t<\/div>\n\t\t\t\t<div class=\"elementor-element elementor-element-c6d7b78 elementor-widget elementor-widget-html\" data-id=\"c6d7b78\" data-element_type=\"widget\" data-e-type=\"widget\" data-widget_type=\"html.default\">\n\t\t\t\t<div class=\"elementor-widget-container\">\n\t\t\t\t\t<div class=\"transx_contact-trigger transx_contact-trigger--style-2\">\n\t<img decoding=\"async\" class=\"transx_contact-trigger__img\" src=\"https:\/\/demo.artureanec.com\/themes\/transx\/wp-content\/uploads\/2021\/04\/contact_background.png\" alt=\"img\" \/>\n\n\t<h4 class=\"transx_contact-trigger__title\">Need a price quote?<\/h4>\n\n\t<p class=\"transx_contact-trigger__text\">We are here to quickly provide you with detailed information about our rates!<\/p>\n\n\t<a class=\"transx_button\" href=\"https:\/\/amatab.com\/en\/services-petroliers\/mesures-de-protection\/obtenir-un-devis\/\">\n\t\t<span>Get a quote<\/span>\n\t\t<svg class=\"icon\">\n\t\t\t<svg viewbox=\"0 0 150 78.6\" xmlns=\"http:\/\/www.w3.org\/2000\/svg\"><path d=\"M0 31.5h150v12.7H0V31.5zM112.8-.1l30.9 31.5-8.8 9L104 8.9l8.8-9zm18.1 51l-18.4 18.8 8.9 9 18.4-18.8-8.9-9z\"\/><\/svg>\n\t\t<\/svg>\n\t<\/a>\n<\/div>\t\t\t\t<\/div>\n\t\t\t\t<\/div>\n\t\t\t\t\t<\/div>\n\t\t<\/div>\n\t\t\t\t\t<\/div>\n\t\t<\/section>\n\t\t\t\t<\/div>","protected":false},"excerpt":{"rendered":"<p>AMATAB &amp; CO accorde une priorit\u00e9 absolue \u00e0 la s\u00e9curit\u00e9 et au bien-\u00eatre de tous. Nous comprenons les risques et les d\u00e9fis uniques auxquels sont confront\u00e9s les professionnels travaillant dans l&rsquo;industrie p\u00e9troli\u00e8re. C\u2019est pourquoi nous avons d\u00e9ploy\u00e9 une s\u00e9rie de mesures de protection exhaustives, garantissant un niveau de s\u00e9curit\u00e9 in\u00e9gal\u00e9 sur le terrain. Besoin d&rsquo;une [&hellip;]<\/p>\n","protected":false},"author":5,"featured_media":1275,"parent":3429,"menu_order":51,"comment_status":"closed","ping_status":"closed","template":"","meta":{"om_disable_all_campaigns":false,"_uf_show_specific_survey":0,"_uf_disable_surveys":false,"footnotes":""},"folder":[],"class_list":["post-3860","page","type-page","status-publish","has-post-thumbnail","hentry"],"aioseo_notices":[],"_links":{"self":[{"href":"https:\/\/amatab.com\/en\/wp-json\/wp\/v2\/pages\/3860","targetHints":{"allow":["GET"]}}],"collection":[{"href":"https:\/\/amatab.com\/en\/wp-json\/wp\/v2\/pages"}],"about":[{"href":"https:\/\/amatab.com\/en\/wp-json\/wp\/v2\/types\/page"}],"author":[{"embeddable":true,"href":"https:\/\/amatab.com\/en\/wp-json\/wp\/v2\/users\/5"}],"replies":[{"embeddable":true,"href":"https:\/\/amatab.com\/en\/wp-json\/wp\/v2\/comments?post=3860"}],"version-history":[{"count":93,"href":"https:\/\/amatab.com\/en\/wp-json\/wp\/v2\/pages\/3860\/revisions"}],"predecessor-version":[{"id":16104,"href":"https:\/\/amatab.com\/en\/wp-json\/wp\/v2\/pages\/3860\/revisions\/16104"}],"up":[{"embeddable":true,"href":"https:\/\/amatab.com\/en\/wp-json\/wp\/v2\/pages\/3429"}],"wp:featuredmedia":[{"embeddable":true,"href":"https:\/\/amatab.com\/en\/wp-json\/wp\/v2\/media\/1275"}],"wp:attachment":[{"href":"https:\/\/amatab.com\/en\/wp-json\/wp\/v2\/media?parent=3860"}],"wp:term":[{"taxonomy":"folder","embeddable":true,"href":"https:\/\/amatab.com\/en\/wp-json\/wp\/v2\/folder?post=3860"}],"curies":[{"name":"wp","href":"https:\/\/api.w.org\/{rel}","templated":true}]}}