{"id":5209,"date":"2023-10-20T11:16:09","date_gmt":"2023-10-20T09:16:09","guid":{"rendered":"https:\/\/amatab.com\/?page_id=5209"},"modified":"2024-01-20T11:03:30","modified_gmt":"2024-01-20T10:03:30","slug":"marchandises-dangereuses","status":"publish","type":"page","link":"https:\/\/amatab.com\/en\/import-export\/marchandises-dangereuses\/","title":{"rendered":"dangerous products"},"content":{"rendered":"<div data-elementor-type=\"wp-page\" data-elementor-id=\"5209\" class=\"elementor elementor-5209\" data-elementor-post-type=\"page\">\n\t\t\t\t\t\t<section class=\"elementor-section elementor-top-section elementor-element elementor-element-d9fa7da elementor-section-boxed elementor-section-height-default elementor-section-height-default\" data-id=\"d9fa7da\" data-element_type=\"section\" data-e-type=\"section\">\n\t\t\t\t\t\t<div class=\"elementor-container elementor-column-gap-default\">\n\t\t\t\t\t<div class=\"elementor-column elementor-col-33 elementor-top-column elementor-element elementor-element-a8f4138\" data-id=\"a8f4138\" data-element_type=\"column\" data-e-type=\"column\">\n\t\t\t<div class=\"elementor-widget-wrap elementor-element-populated\">\n\t\t\t\t\t\t<div class=\"elementor-element elementor-element-db9ad42 elementor-widget elementor-widget-text-editor\" data-id=\"db9ad42\" data-element_type=\"widget\" data-e-type=\"widget\" data-widget_type=\"text-editor.default\">\n\t\t\t\t<div class=\"elementor-widget-container\">\n\t\t\t\t\t\t\t\t\t<p>The safe delivery of dangerous goods relies on our unparalleled expertise in specialized logistics. As experienced specialists in this field, our commitment is to ensure that your dangerous products reach their destination safely.<\/p>\t\t\t\t\t\t\t\t<\/div>\n\t\t\t\t<\/div>\n\t\t\t\t<div class=\"elementor-element elementor-element-43b6f75 elementor-widget elementor-widget-text-editor\" data-id=\"43b6f75\" data-element_type=\"widget\" data-e-type=\"widget\" data-widget_type=\"text-editor.default\">\n\t\t\t\t<div class=\"elementor-widget-container\">\n\t\t\t\t\t\t\t\t\t<p>Our service dedicated to the management of dangerous goods covers a wide range of essential procedures. This includes accurate classification of hazardous substances, individual preparation of products for transport, constant monitoring and strict maintenance of required conditions, such as cold chain when necessary. We also provide you with specific packaging solutions to ensure safe transport.<\/p>\t\t\t\t\t\t\t\t<\/div>\n\t\t\t\t<\/div>\n\t\t\t\t<div class=\"elementor-element elementor-element-7293e67 elementor-widget elementor-widget-text-editor\" data-id=\"7293e67\" data-element_type=\"widget\" data-e-type=\"widget\" data-widget_type=\"text-editor.default\">\n\t\t\t\t<div class=\"elementor-widget-container\">\n\t\t\t\t\t\t\t\t\t<p>Timely delivery is a top priority, as is preserving the integrity of your hazardous products. Our qualified team is available 24\/7 to meet your specific needs and guide you through the process, in accordance with current international regulations. Safety, compliance and reliability are the pillars of our absolute commitment to the delivery of dangerous goods, guaranteeing you total peace of mind.<\/p>\t\t\t\t\t\t\t\t<\/div>\n\t\t\t\t<\/div>\n\t\t\t\t\t<\/div>\n\t\t<\/div>\n\t\t\t\t<div class=\"elementor-column elementor-col-33 elementor-top-column elementor-element elementor-element-a367993\" data-id=\"a367993\" data-element_type=\"column\" data-e-type=\"column\">\n\t\t\t<div class=\"elementor-widget-wrap elementor-element-populated\">\n\t\t\t\t\t\t<div class=\"elementor-element elementor-element-4c8baf7 elementor-widget__width-initial elementor-widget elementor-widget-image\" data-id=\"4c8baf7\" data-element_type=\"widget\" data-e-type=\"widget\" data-widget_type=\"image.default\">\n\t\t\t\t<div class=\"elementor-widget-container\">\n\t\t\t\t\t\t\t\t\t\t\t\t\t\t\t<img fetchpriority=\"high\" decoding=\"async\" width=\"768\" height=\"1507\" src=\"https:\/\/amatab.com\/wp-content\/uploads\/2023\/11\/hlni_2wej_230116-768x1507.jpg\" class=\"attachment-medium_large size-medium_large wp-image-8154\" alt=\"\" srcset=\"https:\/\/amatab.com\/wp-content\/uploads\/2023\/11\/hlni_2wej_230116-768x1507.jpg 768w, https:\/\/amatab.com\/wp-content\/uploads\/2023\/11\/hlni_2wej_230116-153x300.jpg 153w, https:\/\/amatab.com\/wp-content\/uploads\/2023\/11\/hlni_2wej_230116-522x1024.jpg 522w, https:\/\/amatab.com\/wp-content\/uploads\/2023\/11\/hlni_2wej_230116-783x1536.jpg 783w, https:\/\/amatab.com\/wp-content\/uploads\/2023\/11\/hlni_2wej_230116-1044x2048.jpg 1044w, https:\/\/amatab.com\/wp-content\/uploads\/2023\/11\/hlni_2wej_230116-1320x2589.jpg 1320w, https:\/\/amatab.com\/wp-content\/uploads\/2023\/11\/hlni_2wej_230116-600x1177.jpg 600w, https:\/\/amatab.com\/wp-content\/uploads\/2023\/11\/hlni_2wej_230116-scaled.jpg 1305w\" sizes=\"(max-width: 768px) 100vw, 768px\" \/>\t\t\t\t\t\t\t\t\t\t\t\t\t\t\t<\/div>\n\t\t\t\t<\/div>\n\t\t\t\t\t<\/div>\n\t\t<\/div>\n\t\t\t\t<div class=\"elementor-column elementor-col-33 elementor-top-column elementor-element elementor-element-9bd66d9\" data-id=\"9bd66d9\" data-element_type=\"column\" data-e-type=\"column\">\n\t\t\t<div class=\"elementor-widget-wrap elementor-element-populated\">\n\t\t\t\t\t\t<div class=\"elementor-element elementor-element-58c5f36 elementor-widget elementor-widget-transx_links_list\" data-id=\"58c5f36\" data-element_type=\"widget\" data-e-type=\"widget\" data-widget_type=\"transx_links_list.default\">\n\t\t\t\t<div class=\"elementor-widget-container\">\n\t\t\t\t\t\n        <div class=\"transx_links_list_widget\">\n            <div class=\"transx_links_list_wrapper transx_view_type_2\">\n                <h5 class=\"transx_links_list_title\">Other services<\/h5>\n\n                                            <a class=\"transx_links_list_item\" href=\"https:\/\/amatab.com\/en\/import-export\/produits-pharmaceutiques\/\" >\n                                <img decoding=\"async\" class=\"transx_img--bg\" src=\"http:\/\/amatab.com\/wp-content\/uploads\/2023\/09\/MSC21004444_s.jpg\" alt=\"Background Image\" \/>\n                                <h6>Pharmaceutical products<\/h6>\n                                <span class=\"transx_links_list_counter\">01<\/span>\n                            <\/a>\n                                                        <a class=\"transx_links_list_item\" href=\"https:\/\/amatab.com\/en\/import-export\/produits-alimentaires\/\" >\n                                <img decoding=\"async\" class=\"transx_img--bg\" src=\"http:\/\/amatab.com\/wp-content\/uploads\/2023\/09\/bc428d205e241161c07ff3e2d0fc2022.jpg\" alt=\"Background Image\" \/>\n                                <h6>Food products<\/h6>\n                                <span class=\"transx_links_list_counter\">02<\/span>\n                            <\/a>\n                                                            <\/div>\n        <\/div>\n\n        \t\t\t\t<\/div>\n\t\t\t\t<\/div>\n\t\t\t\t<div class=\"elementor-element elementor-element-433bb30 elementor-widget__width-initial elementor-widget elementor-widget-html\" data-id=\"433bb30\" data-element_type=\"widget\" data-e-type=\"widget\" data-widget_type=\"html.default\">\n\t\t\t\t<div class=\"elementor-widget-container\">\n\t\t\t\t\t<div class=\"transx_contact-trigger transx_contact-trigger--style-2\">\n\t\n\n\t<h4 class=\"transx_contact-trigger__title\">Need a price quote?<\/h4>\n\n\t<p class=\"transx_contact-trigger__text\">We are here to quickly provide you with detailed information about our rates!<\/p>\n\n\t<a class=\"transx_button\" href=\"https:\/\/amatab.com\/en\/import-export\/marchandises-dangereuses\/obtenir-un-devis\/\">\n\t\t<span>Get a quote<\/span>\n\t\t<svg class=\"icon\">\n\t\t\t<svg viewbox=\"0 0 150 78.6\" xmlns=\"http:\/\/www.w3.org\/2000\/svg\"><path d=\"M0 31.5h150v12.7H0V31.5zM112.8-.1l30.9 31.5-8.8 9L104 8.9l8.8-9zm18.1 51l-18.4 18.8 8.9 9 18.4-18.8-8.9-9z\"\/><\/svg>\n\t\t<\/svg>\n\t<\/a>\n<\/div>\t\t\t\t<\/div>\n\t\t\t\t<\/div>\n\t\t\t\t\t<\/div>\n\t\t<\/div>\n\t\t\t\t\t<\/div>\n\t\t<\/section>\n\t\t\t\t<\/div>","protected":false},"excerpt":{"rendered":"<p>L&rsquo;acheminement s\u00fbr de marchandises dangereuses repose sur notre expertise in\u00e9gal\u00e9e en logistique sp\u00e9cialis\u00e9e. En tant que sp\u00e9cialistes chevronn\u00e9s dans ce domaine, notre engagement est de veiller \u00e0 ce que vos produits dangereux parviennent \u00e0 leur destination en toute s\u00e9curit\u00e9. Notre service d\u00e9di\u00e9 \u00e0 la gestion de marchandises dangereuses couvre un large \u00e9ventail de d\u00e9marches essentielles. [&hellip;]<\/p>\n","protected":false},"author":5,"featured_media":1275,"parent":2476,"menu_order":68,"comment_status":"closed","ping_status":"closed","template":"","meta":{"om_disable_all_campaigns":false,"_uf_show_specific_survey":0,"_uf_disable_surveys":false,"footnotes":""},"folder":[],"class_list":["post-5209","page","type-page","status-publish","has-post-thumbnail","hentry"],"aioseo_notices":[],"_links":{"self":[{"href":"https:\/\/amatab.com\/en\/wp-json\/wp\/v2\/pages\/5209","targetHints":{"allow":["GET"]}}],"collection":[{"href":"https:\/\/amatab.com\/en\/wp-json\/wp\/v2\/pages"}],"about":[{"href":"https:\/\/amatab.com\/en\/wp-json\/wp\/v2\/types\/page"}],"author":[{"embeddable":true,"href":"https:\/\/amatab.com\/en\/wp-json\/wp\/v2\/users\/5"}],"replies":[{"embeddable":true,"href":"https:\/\/amatab.com\/en\/wp-json\/wp\/v2\/comments?post=5209"}],"version-history":[{"count":77,"href":"https:\/\/amatab.com\/en\/wp-json\/wp\/v2\/pages\/5209\/revisions"}],"predecessor-version":[{"id":16071,"href":"https:\/\/amatab.com\/en\/wp-json\/wp\/v2\/pages\/5209\/revisions\/16071"}],"up":[{"embeddable":true,"href":"https:\/\/amatab.com\/en\/wp-json\/wp\/v2\/pages\/2476"}],"wp:featuredmedia":[{"embeddable":true,"href":"https:\/\/amatab.com\/en\/wp-json\/wp\/v2\/media\/1275"}],"wp:attachment":[{"href":"https:\/\/amatab.com\/en\/wp-json\/wp\/v2\/media?parent=5209"}],"wp:term":[{"taxonomy":"folder","embeddable":true,"href":"https:\/\/amatab.com\/en\/wp-json\/wp\/v2\/folder?post=5209"}],"curies":[{"name":"wp","href":"https:\/\/api.w.org\/{rel}","templated":true}]}}