{"id":5215,"date":"2023-10-20T11:17:06","date_gmt":"2023-10-20T09:17:06","guid":{"rendered":"https:\/\/amatab.com\/?page_id=5215"},"modified":"2024-01-20T10:27:50","modified_gmt":"2024-01-20T09:27:50","slug":"produits-alimentaires","status":"publish","type":"page","link":"https:\/\/amatab.com\/en\/import-export\/produits-alimentaires\/","title":{"rendered":"Food products"},"content":{"rendered":"<div data-elementor-type=\"wp-page\" data-elementor-id=\"5215\" class=\"elementor elementor-5215\" data-elementor-post-type=\"page\">\n\t\t\t\t\t\t<section class=\"elementor-section elementor-top-section elementor-element elementor-element-f10fc72 elementor-section-boxed elementor-section-height-default elementor-section-height-default\" data-id=\"f10fc72\" data-element_type=\"section\" data-e-type=\"section\">\n\t\t\t\t\t\t<div class=\"elementor-container elementor-column-gap-default\">\n\t\t\t\t\t<div class=\"elementor-column elementor-col-33 elementor-top-column elementor-element elementor-element-de5ef28\" data-id=\"de5ef28\" data-element_type=\"column\" data-e-type=\"column\">\n\t\t\t<div class=\"elementor-widget-wrap elementor-element-populated\">\n\t\t\t\t\t\t<div class=\"elementor-element elementor-element-2629815 elementor-widget elementor-widget-text-editor\" data-id=\"2629815\" data-element_type=\"widget\" data-e-type=\"widget\" data-widget_type=\"text-editor.default\">\n\t\t\t\t<div class=\"elementor-widget-container\">\n\t\t\t\t\t\t\t\t\t<p>The guarantee of food safety is based on the reliable delivery of the food. With our extensive experience in food logistics, we are committed to ensuring that your food products reach their destination in perfect condition.<\/p>\t\t\t\t\t\t\t\t<\/div>\n\t\t\t\t<\/div>\n\t\t\t\t<div class=\"elementor-element elementor-element-3bbbb33 elementor-widget elementor-widget-text-editor\" data-id=\"3bbbb33\" data-element_type=\"widget\" data-e-type=\"widget\" data-widget_type=\"text-editor.default\">\n\t\t\t\t<div class=\"elementor-widget-container\">\n\t\t\t\t\t\t\t\t\t<p>Our comprehensive service encompasses meticulous preparation of products for shipment, with special attention to quality and freshness. We implement strict control procedures to maintain the cold chain or necessary storage conditions, thus ensuring the preservation of the quality of your food products. In addition, we offer packaging solutions specifically designed to maintain freshness and food safety throughout transportation.<\/p>\t\t\t\t\t\t\t\t<\/div>\n\t\t\t\t<\/div>\n\t\t\t\t<div class=\"elementor-element elementor-element-9bcca59 elementor-hidden-mobile elementor-widget elementor-widget-spacer\" data-id=\"9bcca59\" data-element_type=\"widget\" data-e-type=\"widget\" data-widget_type=\"spacer.default\">\n\t\t\t\t<div class=\"elementor-widget-container\">\n\t\t\t\t\t\t\t<div class=\"elementor-spacer\">\n\t\t\t<div class=\"elementor-spacer-inner\"><\/div>\n\t\t<\/div>\n\t\t\t\t\t\t<\/div>\n\t\t\t\t<\/div>\n\t\t\t\t<div class=\"elementor-element elementor-element-84839d5 elementor-widget elementor-widget-image\" data-id=\"84839d5\" data-element_type=\"widget\" data-e-type=\"widget\" data-widget_type=\"image.default\">\n\t\t\t\t<div class=\"elementor-widget-container\">\n\t\t\t\t\t\t\t\t\t\t\t\t\t\t\t<img fetchpriority=\"high\" decoding=\"async\" width=\"2048\" height=\"1120\" src=\"https:\/\/amatab.com\/wp-content\/uploads\/2023\/11\/istockphoto-1301368439-2048x2048-transformed-1.jpeg\" class=\"attachment-2048x2048 size-2048x2048 wp-image-10064\" alt=\"\" srcset=\"https:\/\/amatab.com\/wp-content\/uploads\/2023\/11\/istockphoto-1301368439-2048x2048-transformed-1.jpeg 2048w, https:\/\/amatab.com\/wp-content\/uploads\/2023\/11\/istockphoto-1301368439-2048x2048-transformed-1-300x164.jpeg 300w, https:\/\/amatab.com\/wp-content\/uploads\/2023\/11\/istockphoto-1301368439-2048x2048-transformed-1-1024x560.jpeg 1024w, https:\/\/amatab.com\/wp-content\/uploads\/2023\/11\/istockphoto-1301368439-2048x2048-transformed-1-768x420.jpeg 768w, https:\/\/amatab.com\/wp-content\/uploads\/2023\/11\/istockphoto-1301368439-2048x2048-transformed-1-1536x840.jpeg 1536w, https:\/\/amatab.com\/wp-content\/uploads\/2023\/11\/istockphoto-1301368439-2048x2048-transformed-1-1320x722.jpeg 1320w, https:\/\/amatab.com\/wp-content\/uploads\/2023\/11\/istockphoto-1301368439-2048x2048-transformed-1-600x328.jpeg 600w\" sizes=\"(max-width: 2048px) 100vw, 2048px\" \/>\t\t\t\t\t\t\t\t\t\t\t\t\t\t\t<\/div>\n\t\t\t\t<\/div>\n\t\t\t\t\t<\/div>\n\t\t<\/div>\n\t\t\t\t<div class=\"elementor-column elementor-col-33 elementor-top-column elementor-element elementor-element-a536e24\" data-id=\"a536e24\" data-element_type=\"column\" data-e-type=\"column\">\n\t\t\t<div class=\"elementor-widget-wrap elementor-element-populated\">\n\t\t\t\t\t\t<div class=\"elementor-element elementor-element-4683177 elementor-hidden-mobile elementor-widget elementor-widget-image\" data-id=\"4683177\" data-element_type=\"widget\" data-e-type=\"widget\" data-widget_type=\"image.default\">\n\t\t\t\t<div class=\"elementor-widget-container\">\n\t\t\t\t\t\t\t\t\t\t\t\t\t\t\t<img decoding=\"async\" width=\"1536\" height=\"2048\" src=\"https:\/\/amatab.com\/wp-content\/uploads\/2023\/11\/main-jardinier-gardant-caisse-legumes-dans-coffre-voiture-1-1536x2048.jpg\" class=\"attachment-2048x2048 size-2048x2048 wp-image-8139\" alt=\"\" srcset=\"https:\/\/amatab.com\/wp-content\/uploads\/2023\/11\/main-jardinier-gardant-caisse-legumes-dans-coffre-voiture-1-1536x2048.jpg 1536w, https:\/\/amatab.com\/wp-content\/uploads\/2023\/11\/main-jardinier-gardant-caisse-legumes-dans-coffre-voiture-1-225x300.jpg 225w, https:\/\/amatab.com\/wp-content\/uploads\/2023\/11\/main-jardinier-gardant-caisse-legumes-dans-coffre-voiture-1-768x1024.jpg 768w, https:\/\/amatab.com\/wp-content\/uploads\/2023\/11\/main-jardinier-gardant-caisse-legumes-dans-coffre-voiture-1-1152x1536.jpg 1152w, https:\/\/amatab.com\/wp-content\/uploads\/2023\/11\/main-jardinier-gardant-caisse-legumes-dans-coffre-voiture-1-1320x1760.jpg 1320w, https:\/\/amatab.com\/wp-content\/uploads\/2023\/11\/main-jardinier-gardant-caisse-legumes-dans-coffre-voiture-1-600x800.jpg 600w, https:\/\/amatab.com\/wp-content\/uploads\/2023\/11\/main-jardinier-gardant-caisse-legumes-dans-coffre-voiture-1-scaled.jpg 1920w\" sizes=\"(max-width: 1536px) 100vw, 1536px\" \/>\t\t\t\t\t\t\t\t\t\t\t\t\t\t\t<\/div>\n\t\t\t\t<\/div>\n\t\t\t\t<div class=\"elementor-element elementor-element-95f1554 elementor-widget elementor-widget-text-editor\" data-id=\"95f1554\" data-element_type=\"widget\" data-e-type=\"widget\" data-widget_type=\"text-editor.default\">\n\t\t\t\t<div class=\"elementor-widget-container\">\n\t\t\t\t\t\t\t\t\t<p>Timely delivery is our priority as we understand the importance of freshness in the food industry. Our qualified team is available 24\/7 to meet your specific needs, and we rigorously follow international food safety regulations.<\/p>\t\t\t\t\t\t\t\t<\/div>\n\t\t\t\t<\/div>\n\t\t\t\t<div class=\"elementor-element elementor-element-22d6e75 elementor-widget__width-initial elementor-widget elementor-widget-text-editor\" data-id=\"22d6e75\" data-element_type=\"widget\" data-e-type=\"widget\" data-widget_type=\"text-editor.default\">\n\t\t\t\t<div class=\"elementor-widget-container\">\n\t\t\t\t\t\t\t\t\t<p>Your peace of mind is essential, and we are here to ensure that your goods arrive safely at their destination, preserving their quality and freshness throughout the import-export process.<\/p>\t\t\t\t\t\t\t\t<\/div>\n\t\t\t\t<\/div>\n\t\t\t\t<div class=\"elementor-element elementor-element-2352dc1 elementor-hidden-desktop elementor-hidden-tablet elementor-widget elementor-widget-image\" data-id=\"2352dc1\" data-element_type=\"widget\" data-e-type=\"widget\" data-widget_type=\"image.default\">\n\t\t\t\t<div class=\"elementor-widget-container\">\n\t\t\t\t\t\t\t\t\t\t\t\t\t\t\t<img decoding=\"async\" width=\"1536\" height=\"2048\" src=\"https:\/\/amatab.com\/wp-content\/uploads\/2023\/11\/main-jardinier-gardant-caisse-legumes-dans-coffre-voiture-1-1536x2048.jpg\" class=\"attachment-2048x2048 size-2048x2048 wp-image-8139\" alt=\"\" srcset=\"https:\/\/amatab.com\/wp-content\/uploads\/2023\/11\/main-jardinier-gardant-caisse-legumes-dans-coffre-voiture-1-1536x2048.jpg 1536w, https:\/\/amatab.com\/wp-content\/uploads\/2023\/11\/main-jardinier-gardant-caisse-legumes-dans-coffre-voiture-1-225x300.jpg 225w, https:\/\/amatab.com\/wp-content\/uploads\/2023\/11\/main-jardinier-gardant-caisse-legumes-dans-coffre-voiture-1-768x1024.jpg 768w, https:\/\/amatab.com\/wp-content\/uploads\/2023\/11\/main-jardinier-gardant-caisse-legumes-dans-coffre-voiture-1-1152x1536.jpg 1152w, https:\/\/amatab.com\/wp-content\/uploads\/2023\/11\/main-jardinier-gardant-caisse-legumes-dans-coffre-voiture-1-1320x1760.jpg 1320w, https:\/\/amatab.com\/wp-content\/uploads\/2023\/11\/main-jardinier-gardant-caisse-legumes-dans-coffre-voiture-1-600x800.jpg 600w, https:\/\/amatab.com\/wp-content\/uploads\/2023\/11\/main-jardinier-gardant-caisse-legumes-dans-coffre-voiture-1-scaled.jpg 1920w\" sizes=\"(max-width: 1536px) 100vw, 1536px\" \/>\t\t\t\t\t\t\t\t\t\t\t\t\t\t\t<\/div>\n\t\t\t\t<\/div>\n\t\t\t\t\t<\/div>\n\t\t<\/div>\n\t\t\t\t<div class=\"elementor-column elementor-col-33 elementor-top-column elementor-element elementor-element-9d00106 elementor-hidden-tablet\" data-id=\"9d00106\" data-element_type=\"column\" data-e-type=\"column\">\n\t\t\t<div class=\"elementor-widget-wrap elementor-element-populated\">\n\t\t\t\t\t\t<div class=\"elementor-element elementor-element-45044b3 elementor-widget elementor-widget-transx_links_list\" data-id=\"45044b3\" data-element_type=\"widget\" data-e-type=\"widget\" data-widget_type=\"transx_links_list.default\">\n\t\t\t\t<div class=\"elementor-widget-container\">\n\t\t\t\t\t\n        <div class=\"transx_links_list_widget\">\n            <div class=\"transx_links_list_wrapper transx_view_type_2\">\n                <h5 class=\"transx_links_list_title\">Other services<\/h5>\n\n                                            <a class=\"transx_links_list_item\" href=\"https:\/\/amatab.com\/en\/import-export\/produits-pharmaceutiques\/\" >\n                                <img decoding=\"async\" class=\"transx_img--bg\" src=\"http:\/\/amatab.com\/wp-content\/uploads\/2023\/09\/MSC21004444_s.jpg\" alt=\"Background Image\" \/>\n                                <h6>Pharmaceutical products<\/h6>\n                                <span class=\"transx_links_list_counter\">01<\/span>\n                            <\/a>\n                                                        <a class=\"transx_links_list_item\" href=\"https:\/\/amatab.com\/en\/import-export\/marchandises-dangereuses\/\" >\n                                <img decoding=\"async\" class=\"transx_img--bg\" src=\"http:\/\/amatab.com\/wp-content\/uploads\/2023\/09\/istockphoto-172374670-612x612-1.jpg\" alt=\"Background Image\" \/>\n                                <h6>dangerous products<\/h6>\n                                <span class=\"transx_links_list_counter\">02<\/span>\n                            <\/a>\n                                                            <\/div>\n        <\/div>\n\n        \t\t\t\t<\/div>\n\t\t\t\t<\/div>\n\t\t\t\t<div class=\"elementor-element elementor-element-148fe79 elementor-widget__width-initial elementor-widget elementor-widget-html\" data-id=\"148fe79\" data-element_type=\"widget\" data-e-type=\"widget\" data-widget_type=\"html.default\">\n\t\t\t\t<div class=\"elementor-widget-container\">\n\t\t\t\t\t<div class=\"transx_contact-trigger transx_contact-trigger--style-2\">\n\n\n\t<h4 class=\"transx_contact-trigger__title\">Need a price quote?<\/h4>\n\n\t<p class=\"transx_contact-trigger__text\">We are here to quickly provide you with detailed information about our rates!<\/p>\n\n\t<a class=\"transx_button\" href=\"https:\/\/amatab.com\/en\/import-export\/produits-alimentaires\/obtenir-un-devis\/\">\n\t\t<span>Get a quote<\/span>\n\t\t<svg class=\"icon\">\n\t\t\t<svg viewbox=\"0 0 150 78.6\" xmlns=\"http:\/\/www.w3.org\/2000\/svg\"><path d=\"M0 31.5h150v12.7H0V31.5zM112.8-.1l30.9 31.5-8.8 9L104 8.9l8.8-9zm18.1 51l-18.4 18.8 8.9 9 18.4-18.8-8.9-9z\"\/><\/svg>\n\t\t<\/svg>\n\t<\/a>\n<\/div>\t\t\t\t<\/div>\n\t\t\t\t<\/div>\n\t\t\t\t\t<\/div>\n\t\t<\/div>\n\t\t\t\t\t<\/div>\n\t\t<\/section>\n\t\t\t\t<\/div>","protected":false},"excerpt":{"rendered":"<p>La garantie de la s\u00e9curit\u00e9 alimentaire repose sur la livraison fiable de la denr\u00e9e. Forts de notre exp\u00e9rience \u00e9tendue en logistique agroalimentaire, nous nous engageons \u00e0 vous assurer que vos produits alimentaires parviennent \u00e0 destination en parfait \u00e9tat. Notre service complet englobe une pr\u00e9paration m\u00e9ticuleuse des produits pour l&rsquo;exp\u00e9dition, avec une attention particuli\u00e8re port\u00e9e \u00e0 [&hellip;]<\/p>\n","protected":false},"author":5,"featured_media":1275,"parent":2476,"menu_order":67,"comment_status":"closed","ping_status":"closed","template":"","meta":{"om_disable_all_campaigns":false,"_uf_show_specific_survey":0,"_uf_disable_surveys":false,"footnotes":""},"folder":[],"class_list":["post-5215","page","type-page","status-publish","has-post-thumbnail","hentry"],"aioseo_notices":[],"_links":{"self":[{"href":"https:\/\/amatab.com\/en\/wp-json\/wp\/v2\/pages\/5215","targetHints":{"allow":["GET"]}}],"collection":[{"href":"https:\/\/amatab.com\/en\/wp-json\/wp\/v2\/pages"}],"about":[{"href":"https:\/\/amatab.com\/en\/wp-json\/wp\/v2\/types\/page"}],"author":[{"embeddable":true,"href":"https:\/\/amatab.com\/en\/wp-json\/wp\/v2\/users\/5"}],"replies":[{"embeddable":true,"href":"https:\/\/amatab.com\/en\/wp-json\/wp\/v2\/comments?post=5215"}],"version-history":[{"count":98,"href":"https:\/\/amatab.com\/en\/wp-json\/wp\/v2\/pages\/5215\/revisions"}],"predecessor-version":[{"id":16068,"href":"https:\/\/amatab.com\/en\/wp-json\/wp\/v2\/pages\/5215\/revisions\/16068"}],"up":[{"embeddable":true,"href":"https:\/\/amatab.com\/en\/wp-json\/wp\/v2\/pages\/2476"}],"wp:featuredmedia":[{"embeddable":true,"href":"https:\/\/amatab.com\/en\/wp-json\/wp\/v2\/media\/1275"}],"wp:attachment":[{"href":"https:\/\/amatab.com\/en\/wp-json\/wp\/v2\/media?parent=5215"}],"wp:term":[{"taxonomy":"folder","embeddable":true,"href":"https:\/\/amatab.com\/en\/wp-json\/wp\/v2\/folder?post=5215"}],"curies":[{"name":"wp","href":"https:\/\/api.w.org\/{rel}","templated":true}]}}