{"id":6396,"date":"2023-10-30T14:58:00","date_gmt":"2023-10-30T13:58:00","guid":{"rendered":"https:\/\/amatab.com\/?page_id=6396"},"modified":"2024-01-22T15:30:33","modified_gmt":"2024-01-22T14:30:33","slug":"approvisionnement-alimentaire","status":"publish","type":"page","link":"https:\/\/amatab.com\/en\/armateur\/approvisionnement-alimentaire\/","title":{"rendered":"food supply"},"content":{"rendered":"<div data-elementor-type=\"wp-page\" data-elementor-id=\"6396\" class=\"elementor elementor-6396\" data-elementor-post-type=\"page\">\n\t\t\t\t\t\t<section class=\"elementor-section elementor-top-section elementor-element elementor-element-e956416 elementor-section-boxed elementor-section-height-default elementor-section-height-default\" data-id=\"e956416\" data-element_type=\"section\" data-e-type=\"section\">\n\t\t\t\t\t\t<div class=\"elementor-container elementor-column-gap-default\">\n\t\t\t\t\t<div class=\"elementor-column elementor-col-33 elementor-top-column elementor-element elementor-element-ceceb69\" data-id=\"ceceb69\" data-element_type=\"column\" data-e-type=\"column\">\n\t\t\t<div class=\"elementor-widget-wrap elementor-element-populated\">\n\t\t\t\t\t\t<div class=\"elementor-element elementor-element-e9f71c2 elementor-widget elementor-widget-text-editor\" data-id=\"e9f71c2\" data-element_type=\"widget\" data-e-type=\"widget\" data-widget_type=\"text-editor.default\">\n\t\t\t\t<div class=\"elementor-widget-container\">\n\t\t\t\t\t\t\t\t\t<p>The crew of a ship is the key to its success, and ensuring its well-being is a top priority. At Amatab &amp; Co, we understand the importance of providing quality food to your crew, not only to ensure their well-being, but also to ensure their productivity and optimal performance during offshore operations. Our food supply service is designed to meet these essential needs.<\/p><p>We work with reputable suppliers and catering professionals to offer you a variety of high-quality food options, tailored to your crew\u2019s specific preferences and diets. Whether for cargo vessels, oil or other types of vessels, we ensure that the food on board is fresh, nutritious and prepared to the highest sanitary standards.<\/p>\t\t\t\t\t\t\t\t<\/div>\n\t\t\t\t<\/div>\n\t\t\t\t\t<\/div>\n\t\t<\/div>\n\t\t\t\t<div class=\"elementor-column elementor-col-33 elementor-top-column elementor-element elementor-element-4e77f76\" data-id=\"4e77f76\" data-element_type=\"column\" data-e-type=\"column\">\n\t\t\t<div class=\"elementor-widget-wrap elementor-element-populated\">\n\t\t\t\t\t\t<div class=\"elementor-element elementor-element-a06d323 elementor-widget__width-initial elementor-widget-mobile__width-initial elementor-widget elementor-widget-image\" data-id=\"a06d323\" data-element_type=\"widget\" data-e-type=\"widget\" data-widget_type=\"image.default\">\n\t\t\t\t<div class=\"elementor-widget-container\">\n\t\t\t\t\t\t\t\t\t\t\t\t\t\t\t<img fetchpriority=\"high\" decoding=\"async\" width=\"768\" height=\"1151\" src=\"https:\/\/amatab.com\/wp-content\/uploads\/2023\/11\/collection-allergenes-alimentaires-courants-pour-personnes-768x1151.jpg\" class=\"attachment-medium_large size-medium_large wp-image-9719\" alt=\"\" srcset=\"https:\/\/amatab.com\/wp-content\/uploads\/2023\/11\/collection-allergenes-alimentaires-courants-pour-personnes-768x1151.jpg 768w, https:\/\/amatab.com\/wp-content\/uploads\/2023\/11\/collection-allergenes-alimentaires-courants-pour-personnes-200x300.jpg 200w, https:\/\/amatab.com\/wp-content\/uploads\/2023\/11\/collection-allergenes-alimentaires-courants-pour-personnes-683x1024.jpg 683w, https:\/\/amatab.com\/wp-content\/uploads\/2023\/11\/collection-allergenes-alimentaires-courants-pour-personnes-1025x1536.jpg 1025w, https:\/\/amatab.com\/wp-content\/uploads\/2023\/11\/collection-allergenes-alimentaires-courants-pour-personnes-1367x2048.jpg 1367w, https:\/\/amatab.com\/wp-content\/uploads\/2023\/11\/collection-allergenes-alimentaires-courants-pour-personnes-1320x1978.jpg 1320w, https:\/\/amatab.com\/wp-content\/uploads\/2023\/11\/collection-allergenes-alimentaires-courants-pour-personnes-600x899.jpg 600w, https:\/\/amatab.com\/wp-content\/uploads\/2023\/11\/collection-allergenes-alimentaires-courants-pour-personnes-scaled.jpg 1709w\" sizes=\"(max-width: 768px) 100vw, 768px\" \/>\t\t\t\t\t\t\t\t\t\t\t\t\t\t\t<\/div>\n\t\t\t\t<\/div>\n\t\t\t\t\t<\/div>\n\t\t<\/div>\n\t\t\t\t<div class=\"elementor-column elementor-col-33 elementor-top-column elementor-element elementor-element-414322a\" data-id=\"414322a\" data-element_type=\"column\" data-e-type=\"column\">\n\t\t\t<div class=\"elementor-widget-wrap elementor-element-populated\">\n\t\t\t\t\t\t<div class=\"elementor-element elementor-element-e8ba900 elementor-widget elementor-widget-transx_links_list\" data-id=\"e8ba900\" data-element_type=\"widget\" data-e-type=\"widget\" data-widget_type=\"transx_links_list.default\">\n\t\t\t\t<div class=\"elementor-widget-container\">\n\t\t\t\t\t\n        <div class=\"transx_links_list_widget\">\n            <div class=\"transx_links_list_wrapper transx_view_type_2\">\n                <h5 class=\"transx_links_list_title\">Other services<\/h5>\n\n                                            <a class=\"transx_links_list_item\" href=\"https:\/\/amatab.com\/en\/armateur\/services-medicaux\/\" >\n                                <img decoding=\"async\" class=\"transx_img--bg\" src=\"http:\/\/amatab.com\/wp-content\/uploads\/2023\/11\/jeune-beau-medecin-dans-peignoir-medical-stethoscope-scaled.jpg\" alt=\"Background Image\" \/>\n                                <h6>Medical services<\/h6>\n                                <span class=\"transx_links_list_counter\">01<\/span>\n                            <\/a>\n                                                        <a class=\"transx_links_list_item\" href=\"https:\/\/amatab.com\/en\/armateur\/services-hoteliers\/\" >\n                                <img decoding=\"async\" class=\"transx_img--bg\" src=\"http:\/\/amatab.com\/wp-content\/uploads\/2023\/11\/jeune-femme-chambre-hotel-debout-tenant-serviettes-propres-fraiches-scaled.jpg\" alt=\"Background Image\" \/>\n                                <h6>Hotel services<\/h6>\n                                <span class=\"transx_links_list_counter\">02<\/span>\n                            <\/a>\n                                                        <a class=\"transx_links_list_item\" href=\"https:\/\/amatab.com\/en\/armateur\/protection-des-equipes-2\/\" >\n                                <img decoding=\"async\" class=\"transx_img--bg\" src=\"http:\/\/amatab.com\/wp-content\/uploads\/2023\/11\/heartbeat-healthcare-life-health-cardiogram-concept-scaled.jpg\" alt=\"Background Image\" \/>\n                                <h6>Team Protection<\/h6>\n                                <span class=\"transx_links_list_counter\">03<\/span>\n                            <\/a>\n                                                        <a class=\"transx_links_list_item\" href=\"https:\/\/amatab.com\/en\/armateur\/services-de-transport\/\" >\n                                <img decoding=\"async\" class=\"transx_img--bg\" src=\"http:\/\/amatab.com\/wp-content\/uploads\/2023\/11\/yacht-luxe-navigue-vers-coucher-du-soleil-eau-generee-par-ia-scaled.jpg\" alt=\"Background Image\" \/>\n                                <h6>Transport services<\/h6>\n                                <span class=\"transx_links_list_counter\">04<\/span>\n                            <\/a>\n                                                            <\/div>\n        <\/div>\n\n        \t\t\t\t<\/div>\n\t\t\t\t<\/div>\n\t\t\t\t<div class=\"elementor-element elementor-element-ae53660 elementor-widget__width-initial elementor-widget elementor-widget-html\" data-id=\"ae53660\" data-element_type=\"widget\" data-e-type=\"widget\" data-widget_type=\"html.default\">\n\t\t\t\t<div class=\"elementor-widget-container\">\n\t\t\t\t\t<div class=\"transx_contact-trigger transx_contact-trigger--style-2\">\n\n\t<h4 class=\"transx_contact-trigger__title\">Need a price quote?<\/h4>\n\n\t<p class=\"transx_contact-trigger__text\">We are here to quickly provide you with detailed information about our rates!<\/p>\n\n\t<a class=\"transx_button\" href=\"https:\/\/amatab.com\/en\/armateur\/approvisionnement-alimentaire\/obtenir-un-devis\/\">\n\t\t<span>Get a quote<\/span>\n\t\t<svg class=\"icon\">\n\t\t\t<svg viewbox=\"0 0 150 78.6\" xmlns=\"http:\/\/www.w3.org\/2000\/svg\"><path d=\"M0 31.5h150v12.7H0V31.5zM112.8-.1l30.9 31.5-8.8 9L104 8.9l8.8-9zm18.1 51l-18.4 18.8 8.9 9 18.4-18.8-8.9-9z\"\/><\/svg>\n\t\t<\/svg>\n\t<\/a>\n<\/div>\t\t\t\t<\/div>\n\t\t\t\t<\/div>\n\t\t\t\t\t<\/div>\n\t\t<\/div>\n\t\t\t\t\t<\/div>\n\t\t<\/section>\n\t\t\t\t<\/div>","protected":false},"excerpt":{"rendered":"<p>L&rsquo;\u00e9quipage d&rsquo;un navire est la cl\u00e9 de son succ\u00e8s, et veiller \u00e0 son bien-\u00eatre est une priorit\u00e9 absolue. Chez Amatab &amp; Co, nous comprenons l&rsquo;importance de fournir une alimentation de qualit\u00e9 \u00e0 votre \u00e9quipage, non seulement pour assurer leur bien-\u00eatre, mais aussi pour garantir leur productivit\u00e9 et leur performance optimale lors des op\u00e9rations en mer. [&hellip;]<\/p>\n","protected":false},"author":5,"featured_media":1275,"parent":2572,"menu_order":61,"comment_status":"closed","ping_status":"closed","template":"","meta":{"om_disable_all_campaigns":false,"_uf_show_specific_survey":0,"_uf_disable_surveys":false,"footnotes":""},"folder":[],"class_list":["post-6396","page","type-page","status-publish","has-post-thumbnail","hentry"],"aioseo_notices":[],"_links":{"self":[{"href":"https:\/\/amatab.com\/en\/wp-json\/wp\/v2\/pages\/6396","targetHints":{"allow":["GET"]}}],"collection":[{"href":"https:\/\/amatab.com\/en\/wp-json\/wp\/v2\/pages"}],"about":[{"href":"https:\/\/amatab.com\/en\/wp-json\/wp\/v2\/types\/page"}],"author":[{"embeddable":true,"href":"https:\/\/amatab.com\/en\/wp-json\/wp\/v2\/users\/5"}],"replies":[{"embeddable":true,"href":"https:\/\/amatab.com\/en\/wp-json\/wp\/v2\/comments?post=6396"}],"version-history":[{"count":79,"href":"https:\/\/amatab.com\/en\/wp-json\/wp\/v2\/pages\/6396\/revisions"}],"predecessor-version":[{"id":16231,"href":"https:\/\/amatab.com\/en\/wp-json\/wp\/v2\/pages\/6396\/revisions\/16231"}],"up":[{"embeddable":true,"href":"https:\/\/amatab.com\/en\/wp-json\/wp\/v2\/pages\/2572"}],"wp:featuredmedia":[{"embeddable":true,"href":"https:\/\/amatab.com\/en\/wp-json\/wp\/v2\/media\/1275"}],"wp:attachment":[{"href":"https:\/\/amatab.com\/en\/wp-json\/wp\/v2\/media?parent=6396"}],"wp:term":[{"taxonomy":"folder","embeddable":true,"href":"https:\/\/amatab.com\/en\/wp-json\/wp\/v2\/folder?post=6396"}],"curies":[{"name":"wp","href":"https:\/\/api.w.org\/{rel}","templated":true}]}}