{"id":6438,"date":"2023-10-31T11:16:30","date_gmt":"2023-10-31T10:16:30","guid":{"rendered":"https:\/\/amatab.com\/?page_id=6438"},"modified":"2024-01-22T16:37:18","modified_gmt":"2024-01-22T15:37:18","slug":"maintenance-des-navires","status":"publish","type":"page","link":"https:\/\/amatab.com\/en\/armateur\/maintenance-des-navires\/","title":{"rendered":"Ship maintenance"},"content":{"rendered":"<div data-elementor-type=\"wp-page\" data-elementor-id=\"6438\" class=\"elementor elementor-6438\" data-elementor-post-type=\"page\">\n\t\t\t\t\t\t<section class=\"elementor-section elementor-top-section elementor-element elementor-element-7bfe0ca elementor-section-boxed elementor-section-height-default elementor-section-height-default\" data-id=\"7bfe0ca\" data-element_type=\"section\" data-e-type=\"section\">\n\t\t\t\t\t\t<div class=\"elementor-container elementor-column-gap-default\">\n\t\t\t\t\t<div class=\"elementor-column elementor-col-33 elementor-top-column elementor-element elementor-element-0c86414\" data-id=\"0c86414\" data-element_type=\"column\" data-e-type=\"column\">\n\t\t\t<div class=\"elementor-widget-wrap elementor-element-populated\">\n\t\t\t\t\t\t<div class=\"elementor-element elementor-element-326e778 elementor-widget elementor-widget-text-editor\" data-id=\"326e778\" data-element_type=\"widget\" data-e-type=\"widget\" data-widget_type=\"text-editor.default\">\n\t\t\t\t<div class=\"elementor-widget-container\">\n\t\t\t\t\t\t\t\t\t<p>To ensure that your vessel remains in excellent condition and is ready to meet the challenges of the most demanding seas, AMATAB &amp; CO offers top-quality maintenance services.<\/p><p>\u00a0<\/p>\t\t\t\t\t\t\t\t<\/div>\n\t\t\t\t<\/div>\n\t\t\t\t<div class=\"elementor-element elementor-element-197f0b5 elementor-widget__width-initial elementor-hidden-desktop elementor-hidden-tablet elementor-widget elementor-widget-image\" data-id=\"197f0b5\" data-element_type=\"widget\" data-e-type=\"widget\" data-widget_type=\"image.default\">\n\t\t\t\t<div class=\"elementor-widget-container\">\n\t\t\t\t\t\t\t\t\t\t\t\t\t\t\t<img fetchpriority=\"high\" decoding=\"async\" width=\"768\" height=\"1154\" src=\"https:\/\/amatab.com\/wp-content\/uploads\/2023\/11\/homme-equipement-securite-son-lieu-travail-768x1154.jpg\" class=\"attachment-medium_large size-medium_large wp-image-10753\" alt=\"\" srcset=\"https:\/\/amatab.com\/wp-content\/uploads\/2023\/11\/homme-equipement-securite-son-lieu-travail-768x1154.jpg 768w, https:\/\/amatab.com\/wp-content\/uploads\/2023\/11\/homme-equipement-securite-son-lieu-travail-200x300.jpg 200w, https:\/\/amatab.com\/wp-content\/uploads\/2023\/11\/homme-equipement-securite-son-lieu-travail-681x1024.jpg 681w, https:\/\/amatab.com\/wp-content\/uploads\/2023\/11\/homme-equipement-securite-son-lieu-travail-1022x1536.jpg 1022w, https:\/\/amatab.com\/wp-content\/uploads\/2023\/11\/homme-equipement-securite-son-lieu-travail-1363x2048.jpg 1363w, https:\/\/amatab.com\/wp-content\/uploads\/2023\/11\/homme-equipement-securite-son-lieu-travail-1320x1984.jpg 1320w, https:\/\/amatab.com\/wp-content\/uploads\/2023\/11\/homme-equipement-securite-son-lieu-travail-600x902.jpg 600w, https:\/\/amatab.com\/wp-content\/uploads\/2023\/11\/homme-equipement-securite-son-lieu-travail-scaled.jpg 1703w\" sizes=\"(max-width: 768px) 100vw, 768px\" \/>\t\t\t\t\t\t\t\t\t\t\t\t\t\t\t<\/div>\n\t\t\t\t<\/div>\n\t\t\t\t<div class=\"elementor-element elementor-element-7580839 elementor-widget elementor-widget-text-editor\" data-id=\"7580839\" data-element_type=\"widget\" data-e-type=\"widget\" data-widget_type=\"text-editor.default\">\n\t\t\t\t<div class=\"elementor-widget-container\">\n\t\t\t\t\t\t\t\t\t<p>Our team of technical experts is specially trained to handle all aspects of vessel maintenance, from preventive maintenance work to emergency repairs. In close collaboration with you, we design tailor-made maintenance programs adapted to each type of vessel and its specific use.<\/p><p>Our maintenance services include regular inspections of the hull, engines, propulsion systems, navigation equipment, and much more. We make sure that every component of your ship works perfectly, ready to face any challenge at sea.<\/p>\t\t\t\t\t\t\t\t<\/div>\n\t\t\t\t<\/div>\n\t\t\t\t\t<\/div>\n\t\t<\/div>\n\t\t\t\t<div class=\"elementor-column elementor-col-33 elementor-top-column elementor-element elementor-element-6da34f6\" data-id=\"6da34f6\" data-element_type=\"column\" data-e-type=\"column\">\n\t\t\t<div class=\"elementor-widget-wrap elementor-element-populated\">\n\t\t\t\t\t\t<div class=\"elementor-element elementor-element-59ae3b0 elementor-widget__width-initial elementor-hidden-mobile elementor-widget elementor-widget-image\" data-id=\"59ae3b0\" data-element_type=\"widget\" data-e-type=\"widget\" data-widget_type=\"image.default\">\n\t\t\t\t<div class=\"elementor-widget-container\">\n\t\t\t\t\t\t\t\t\t\t\t\t\t\t\t<img fetchpriority=\"high\" decoding=\"async\" width=\"768\" height=\"1154\" src=\"https:\/\/amatab.com\/wp-content\/uploads\/2023\/11\/homme-equipement-securite-son-lieu-travail-768x1154.jpg\" class=\"attachment-medium_large size-medium_large wp-image-10753\" alt=\"\" srcset=\"https:\/\/amatab.com\/wp-content\/uploads\/2023\/11\/homme-equipement-securite-son-lieu-travail-768x1154.jpg 768w, https:\/\/amatab.com\/wp-content\/uploads\/2023\/11\/homme-equipement-securite-son-lieu-travail-200x300.jpg 200w, https:\/\/amatab.com\/wp-content\/uploads\/2023\/11\/homme-equipement-securite-son-lieu-travail-681x1024.jpg 681w, https:\/\/amatab.com\/wp-content\/uploads\/2023\/11\/homme-equipement-securite-son-lieu-travail-1022x1536.jpg 1022w, https:\/\/amatab.com\/wp-content\/uploads\/2023\/11\/homme-equipement-securite-son-lieu-travail-1363x2048.jpg 1363w, https:\/\/amatab.com\/wp-content\/uploads\/2023\/11\/homme-equipement-securite-son-lieu-travail-1320x1984.jpg 1320w, https:\/\/amatab.com\/wp-content\/uploads\/2023\/11\/homme-equipement-securite-son-lieu-travail-600x902.jpg 600w, https:\/\/amatab.com\/wp-content\/uploads\/2023\/11\/homme-equipement-securite-son-lieu-travail-scaled.jpg 1703w\" sizes=\"(max-width: 768px) 100vw, 768px\" \/>\t\t\t\t\t\t\t\t\t\t\t\t\t\t\t<\/div>\n\t\t\t\t<\/div>\n\t\t\t\t\t<\/div>\n\t\t<\/div>\n\t\t\t\t<div class=\"elementor-column elementor-col-33 elementor-top-column elementor-element elementor-element-0685ad4\" data-id=\"0685ad4\" data-element_type=\"column\" data-e-type=\"column\">\n\t\t\t<div class=\"elementor-widget-wrap elementor-element-populated\">\n\t\t\t\t\t\t<div class=\"elementor-element elementor-element-00f254a elementor-widget elementor-widget-transx_links_list\" data-id=\"00f254a\" data-element_type=\"widget\" data-e-type=\"widget\" data-widget_type=\"transx_links_list.default\">\n\t\t\t\t<div class=\"elementor-widget-container\">\n\t\t\t\t\t\n        <div class=\"transx_links_list_widget\">\n            <div class=\"transx_links_list_wrapper transx_view_type_2\">\n                <h5 class=\"transx_links_list_title\">Other services<\/h5>\n\n                                            <a class=\"transx_links_list_item\" href=\"https:\/\/amatab.com\/en\/armateur\/reparation-des-citernes-et-navires\/\" >\n                                <img decoding=\"async\" class=\"transx_img--bg\" src=\"http:\/\/amatab.com\/wp-content\/uploads\/2023\/11\/specialiste-mecanique-barbu-tatoue-brutal-repare-moteur-voiture-qui-est-souleve-ascenseur-hydraulique-dans-garage-station-service-scaled.jpg\" alt=\"Background Image\" \/>\n                                <h6>Repair of tanks and ships<\/h6>\n                                <span class=\"transx_links_list_counter\">01<\/span>\n                            <\/a>\n                                                        <a class=\"transx_links_list_item\" href=\"https:\/\/amatab.com\/en\/armateur\/pieces-de-rechange\/\" >\n                                <img decoding=\"async\" class=\"transx_img--bg\" src=\"http:\/\/amatab.com\/wp-content\/uploads\/2023\/11\/close-up-engrenages-fer-scaled.jpg\" alt=\"Background Image\" \/>\n                                <h6>Replacement parts<\/h6>\n                                <span class=\"transx_links_list_counter\">02<\/span>\n                            <\/a>\n                                                        <a class=\"transx_links_list_item\" href=\"https:\/\/amatab.com\/en\/armateur\/suivi-performance\/\" >\n                                <img decoding=\"async\" class=\"transx_img--bg\" src=\"http:\/\/amatab.com\/wp-content\/uploads\/2023\/11\/soleil-brille-roue-bois-tenue-par-homme-scaled.jpg\" alt=\"Background Image\" \/>\n                                <h6>Performance monitoring<\/h6>\n                                <span class=\"transx_links_list_counter\">03<\/span>\n                            <\/a>\n                                                        <a class=\"transx_links_list_item\" href=\"https:\/\/amatab.com\/en\/armateur\/solution-radar-naval\/\" >\n                                <img decoding=\"async\" class=\"transx_img--bg\" src=\"http:\/\/amatab.com\/wp-content\/uploads\/2023\/11\/cockpit-avion-commande-vol-panneau-commande-tableau-bord-pour-navigation-accelerateur-du-moteur-compas-radar-cabine-avion-pare-brise-boutons-poignee-fermer-1-scaled.jpg\" alt=\"Background Image\" \/>\n                                <h6>Naval radar solution<\/h6>\n                                <span class=\"transx_links_list_counter\">04<\/span>\n                            <\/a>\n                                                            <\/div>\n        <\/div>\n\n        \t\t\t\t<\/div>\n\t\t\t\t<\/div>\n\t\t\t\t<div class=\"elementor-element elementor-element-7fea2af elementor-widget__width-initial elementor-widget elementor-widget-html\" data-id=\"7fea2af\" data-element_type=\"widget\" data-e-type=\"widget\" data-widget_type=\"html.default\">\n\t\t\t\t<div class=\"elementor-widget-container\">\n\t\t\t\t\t<div class=\"transx_contact-trigger transx_contact-trigger--style-2\">\n\t\n\n\t<h4 class=\"transx_contact-trigger__title\">Need a price quote?<\/h4>\n\n\t<p class=\"transx_contact-trigger__text\">We are here to quickly provide you with detailed information about our rates!<\/p>\n\n\t<a class=\"transx_button\" href=\"https:\/\/amatab.com\/en\/armateur\/maintenance-des-navires\/obtenir-un-devis\/\">\n\t\t<span>Get a quote<\/span>\n\t\t<svg class=\"icon\">\n\t\t\t<svg viewbox=\"0 0 150 78.6\" xmlns=\"http:\/\/www.w3.org\/2000\/svg\"><path d=\"M0 31.5h150v12.7H0V31.5zM112.8-.1l30.9 31.5-8.8 9L104 8.9l8.8-9zm18.1 51l-18.4 18.8 8.9 9 18.4-18.8-8.9-9z\"\/><\/svg>\n\t\t<\/svg>\n\t<\/a>\n<\/div>\t\t\t\t<\/div>\n\t\t\t\t<\/div>\n\t\t\t\t\t<\/div>\n\t\t<\/div>\n\t\t\t\t\t<\/div>\n\t\t<\/section>\n\t\t\t\t<\/div>","protected":false},"excerpt":{"rendered":"<p>Pour assurer que votre navire reste en excellent \u00e9tat et pour qu\u2019il soit pr\u00eat \u00e0 relever les d\u00e9fis des mers les plus exigeantes, AMATAB &amp; CO vous propose des services de maintenance de qualit\u00e9 sup\u00e9rieure. \u00a0 Notre \u00e9quipe d&rsquo;experts techniques est sp\u00e9cialement form\u00e9e pour g\u00e9rer tous les aspects de la maintenance des navires, du travail [&hellip;]<\/p>\n","protected":false},"author":5,"featured_media":1275,"parent":2572,"menu_order":58,"comment_status":"closed","ping_status":"closed","template":"","meta":{"om_disable_all_campaigns":false,"_uf_show_specific_survey":0,"_uf_disable_surveys":false,"footnotes":""},"folder":[],"class_list":["post-6438","page","type-page","status-publish","has-post-thumbnail","hentry"],"aioseo_notices":[],"_links":{"self":[{"href":"https:\/\/amatab.com\/en\/wp-json\/wp\/v2\/pages\/6438","targetHints":{"allow":["GET"]}}],"collection":[{"href":"https:\/\/amatab.com\/en\/wp-json\/wp\/v2\/pages"}],"about":[{"href":"https:\/\/amatab.com\/en\/wp-json\/wp\/v2\/types\/page"}],"author":[{"embeddable":true,"href":"https:\/\/amatab.com\/en\/wp-json\/wp\/v2\/users\/5"}],"replies":[{"embeddable":true,"href":"https:\/\/amatab.com\/en\/wp-json\/wp\/v2\/comments?post=6438"}],"version-history":[{"count":73,"href":"https:\/\/amatab.com\/en\/wp-json\/wp\/v2\/pages\/6438\/revisions"}],"predecessor-version":[{"id":16249,"href":"https:\/\/amatab.com\/en\/wp-json\/wp\/v2\/pages\/6438\/revisions\/16249"}],"up":[{"embeddable":true,"href":"https:\/\/amatab.com\/en\/wp-json\/wp\/v2\/pages\/2572"}],"wp:featuredmedia":[{"embeddable":true,"href":"https:\/\/amatab.com\/en\/wp-json\/wp\/v2\/media\/1275"}],"wp:attachment":[{"href":"https:\/\/amatab.com\/en\/wp-json\/wp\/v2\/media?parent=6438"}],"wp:term":[{"taxonomy":"folder","embeddable":true,"href":"https:\/\/amatab.com\/en\/wp-json\/wp\/v2\/folder?post=6438"}],"curies":[{"name":"wp","href":"https:\/\/api.w.org\/{rel}","templated":true}]}}