{"id":6485,"date":"2023-10-31T11:47:22","date_gmt":"2023-10-31T10:47:22","guid":{"rendered":"https:\/\/amatab.com\/?page_id=6485"},"modified":"2024-01-25T11:59:33","modified_gmt":"2024-01-25T10:59:33","slug":"solutions-dassurance","status":"publish","type":"page","link":"https:\/\/amatab.com\/en\/armateur\/solutions-dassurance\/","title":{"rendered":"Assurance solutions"},"content":{"rendered":"<div data-elementor-type=\"wp-page\" data-elementor-id=\"6485\" class=\"elementor elementor-6485\" data-elementor-post-type=\"page\">\n\t\t\t\t\t\t<section class=\"elementor-section elementor-top-section elementor-element elementor-element-2bc0988 elementor-section-boxed elementor-section-height-default elementor-section-height-default\" data-id=\"2bc0988\" data-element_type=\"section\" data-e-type=\"section\">\n\t\t\t\t\t\t<div class=\"elementor-container elementor-column-gap-default\">\n\t\t\t\t\t<div class=\"elementor-column elementor-col-33 elementor-top-column elementor-element elementor-element-7218bf8\" data-id=\"7218bf8\" data-element_type=\"column\" data-e-type=\"column\">\n\t\t\t<div class=\"elementor-widget-wrap elementor-element-populated\">\n\t\t\t\t\t\t<div class=\"elementor-element elementor-element-68b357a elementor-widget elementor-widget-text-editor\" data-id=\"68b357a\" data-element_type=\"widget\" data-e-type=\"widget\" data-widget_type=\"text-editor.default\">\n\t\t\t\t<div class=\"elementor-widget-container\">\n\t\t\t\t\t\t\t\t\t<p>When unexpected events occur, the financial consequences and reputation are put at risk, affecting businesses, large or small. Dealing with such disruptions requires the use of experienced insurance services in the maritime sector.<\/p>\t\t\t\t\t\t\t\t<\/div>\n\t\t\t\t<\/div>\n\t\t\t\t<div class=\"elementor-element elementor-element-1ea1681 elementor-widget__width-initial elementor-hidden-desktop elementor-hidden-tablet elementor-widget elementor-widget-image\" data-id=\"1ea1681\" data-element_type=\"widget\" data-e-type=\"widget\" data-widget_type=\"image.default\">\n\t\t\t\t<div class=\"elementor-widget-container\">\n\t\t\t\t\t\t\t\t\t\t\t\t\t\t\t<img fetchpriority=\"high\" decoding=\"async\" width=\"683\" height=\"1024\" src=\"https:\/\/amatab.com\/wp-content\/uploads\/2023\/11\/gros-plan-docteur-remplir-formulaire-vie-assurance-683x1024.jpg\" class=\"attachment-large size-large wp-image-10862\" alt=\"\" srcset=\"https:\/\/amatab.com\/wp-content\/uploads\/2023\/11\/gros-plan-docteur-remplir-formulaire-vie-assurance-683x1024.jpg 683w, https:\/\/amatab.com\/wp-content\/uploads\/2023\/11\/gros-plan-docteur-remplir-formulaire-vie-assurance-200x300.jpg 200w, https:\/\/amatab.com\/wp-content\/uploads\/2023\/11\/gros-plan-docteur-remplir-formulaire-vie-assurance-768x1152.jpg 768w, https:\/\/amatab.com\/wp-content\/uploads\/2023\/11\/gros-plan-docteur-remplir-formulaire-vie-assurance-1024x1536.jpg 1024w, https:\/\/amatab.com\/wp-content\/uploads\/2023\/11\/gros-plan-docteur-remplir-formulaire-vie-assurance-1365x2048.jpg 1365w, https:\/\/amatab.com\/wp-content\/uploads\/2023\/11\/gros-plan-docteur-remplir-formulaire-vie-assurance-1320x1980.jpg 1320w, https:\/\/amatab.com\/wp-content\/uploads\/2023\/11\/gros-plan-docteur-remplir-formulaire-vie-assurance-600x900.jpg 600w, https:\/\/amatab.com\/wp-content\/uploads\/2023\/11\/gros-plan-docteur-remplir-formulaire-vie-assurance-scaled.jpg 1707w\" sizes=\"(max-width: 683px) 100vw, 683px\" \/>\t\t\t\t\t\t\t\t\t\t\t\t\t\t\t<\/div>\n\t\t\t\t<\/div>\n\t\t\t\t<div class=\"elementor-element elementor-element-d6d5a38 elementor-widget elementor-widget-text-editor\" data-id=\"d6d5a38\" data-element_type=\"widget\" data-e-type=\"widget\" data-widget_type=\"text-editor.default\">\n\t\t\t\t<div class=\"elementor-widget-container\">\n\t\t\t\t\t\t\t\t\t<p>AMATAB &amp; CO has built a solid reputation by offering leading insurance services. Our claims management team uses its expertise to offer our customers reliable and efficient solutions, the result of decades of experience.<\/p>\t\t\t\t\t\t\t\t<\/div>\n\t\t\t\t<\/div>\n\t\t\t\t<div class=\"elementor-element elementor-element-729a5d0 elementor-widget elementor-widget-text-editor\" data-id=\"729a5d0\" data-element_type=\"widget\" data-e-type=\"widget\" data-widget_type=\"text-editor.default\">\n\t\t\t\t<div class=\"elementor-widget-container\">\n\t\t\t\t\t\t\t\t\t<p>We understand the challenges of the marine sector in the global economy and the various insurance needs. This understanding allows us to negotiate advantageous offers with our insurers, which we transmit to our clients for adequate coverage and protection against risks.<\/p>\t\t\t\t\t\t\t\t<\/div>\n\t\t\t\t<\/div>\n\t\t\t\t<div class=\"elementor-element elementor-element-f8b8300 elementor-widget elementor-widget-text-editor\" data-id=\"f8b8300\" data-element_type=\"widget\" data-e-type=\"widget\" data-widget_type=\"text-editor.default\">\n\t\t\t\t<div class=\"elementor-widget-container\">\n\t\t\t\t\t\t\t\t\t<p>At AMATAB &amp; CO, our approach is to customize each insurance solution to suit your specificities and offer you total peace of mind. Our commitment to service quality translates into tailored insurance solutions to effectively protect your vessel, while delivering exceptional customer service.<\/p>\t\t\t\t\t\t\t\t<\/div>\n\t\t\t\t<\/div>\n\t\t\t\t\t<\/div>\n\t\t<\/div>\n\t\t\t\t<div class=\"elementor-column elementor-col-33 elementor-top-column elementor-element elementor-element-4f73e76\" data-id=\"4f73e76\" data-element_type=\"column\" data-e-type=\"column\">\n\t\t\t<div class=\"elementor-widget-wrap elementor-element-populated\">\n\t\t\t\t\t\t<div class=\"elementor-element elementor-element-3053f01 elementor-widget__width-initial elementor-hidden-mobile elementor-widget elementor-widget-image\" data-id=\"3053f01\" data-element_type=\"widget\" data-e-type=\"widget\" data-widget_type=\"image.default\">\n\t\t\t\t<div class=\"elementor-widget-container\">\n\t\t\t\t\t\t\t\t\t\t\t\t\t\t\t<img fetchpriority=\"high\" decoding=\"async\" width=\"683\" height=\"1024\" src=\"https:\/\/amatab.com\/wp-content\/uploads\/2023\/11\/gros-plan-docteur-remplir-formulaire-vie-assurance-683x1024.jpg\" class=\"attachment-large size-large wp-image-10862\" alt=\"\" srcset=\"https:\/\/amatab.com\/wp-content\/uploads\/2023\/11\/gros-plan-docteur-remplir-formulaire-vie-assurance-683x1024.jpg 683w, https:\/\/amatab.com\/wp-content\/uploads\/2023\/11\/gros-plan-docteur-remplir-formulaire-vie-assurance-200x300.jpg 200w, https:\/\/amatab.com\/wp-content\/uploads\/2023\/11\/gros-plan-docteur-remplir-formulaire-vie-assurance-768x1152.jpg 768w, https:\/\/amatab.com\/wp-content\/uploads\/2023\/11\/gros-plan-docteur-remplir-formulaire-vie-assurance-1024x1536.jpg 1024w, https:\/\/amatab.com\/wp-content\/uploads\/2023\/11\/gros-plan-docteur-remplir-formulaire-vie-assurance-1365x2048.jpg 1365w, https:\/\/amatab.com\/wp-content\/uploads\/2023\/11\/gros-plan-docteur-remplir-formulaire-vie-assurance-1320x1980.jpg 1320w, https:\/\/amatab.com\/wp-content\/uploads\/2023\/11\/gros-plan-docteur-remplir-formulaire-vie-assurance-600x900.jpg 600w, https:\/\/amatab.com\/wp-content\/uploads\/2023\/11\/gros-plan-docteur-remplir-formulaire-vie-assurance-scaled.jpg 1707w\" sizes=\"(max-width: 683px) 100vw, 683px\" \/>\t\t\t\t\t\t\t\t\t\t\t\t\t\t\t<\/div>\n\t\t\t\t<\/div>\n\t\t\t\t\t<\/div>\n\t\t<\/div>\n\t\t\t\t<div class=\"elementor-column elementor-col-33 elementor-top-column elementor-element elementor-element-f9c5641\" data-id=\"f9c5641\" data-element_type=\"column\" data-e-type=\"column\">\n\t\t\t<div class=\"elementor-widget-wrap elementor-element-populated\">\n\t\t\t\t\t\t<div class=\"elementor-element elementor-element-265b505 elementor-widget elementor-widget-transx_links_list\" data-id=\"265b505\" data-element_type=\"widget\" data-e-type=\"widget\" data-widget_type=\"transx_links_list.default\">\n\t\t\t\t<div class=\"elementor-widget-container\">\n\t\t\t\t\t\n        <div class=\"transx_links_list_widget\">\n            <div class=\"transx_links_list_wrapper transx_view_type_2\">\n                <h5 class=\"transx_links_list_title\">Other services<\/h5>\n\n                                            <a class=\"transx_links_list_item\" href=\"https:\/\/amatab.com\/en\/armateur\/gestion-des-risques\/\" >\n                                <img decoding=\"async\" class=\"transx_img--bg\" src=\"http:\/\/amatab.com\/wp-content\/uploads\/2023\/10\/graph-business-financial-investment-risk-word-scaled.jpg\" alt=\"Background Image\" \/>\n                                <h6>Risk management<\/h6>\n                                <span class=\"transx_links_list_counter\">01<\/span>\n                            <\/a>\n                                                        <a class=\"transx_links_list_item\" href=\"https:\/\/amatab.com\/en\/armateur\/assurance-des-equipes\/\" >\n                                <img decoding=\"async\" class=\"transx_img--bg\" src=\"http:\/\/amatab.com\/wp-content\/uploads\/2023\/10\/cropped-view-businesswomen-reading-document-scaled.jpg\" alt=\"Background Image\" \/>\n                                <h6>Team Assurance<\/h6>\n                                <span class=\"transx_links_list_counter\">02<\/span>\n                            <\/a>\n                                                            <\/div>\n        <\/div>\n\n        \t\t\t\t<\/div>\n\t\t\t\t<\/div>\n\t\t\t\t<div class=\"elementor-element elementor-element-9657e09 elementor-widget__width-initial elementor-widget elementor-widget-html\" data-id=\"9657e09\" data-element_type=\"widget\" data-e-type=\"widget\" data-widget_type=\"html.default\">\n\t\t\t\t<div class=\"elementor-widget-container\">\n\t\t\t\t\t<div class=\"transx_contact-trigger transx_contact-trigger--style-2\">\n\t\n\n\t<h4 class=\"transx_contact-trigger__title\">Need a price quote?<\/h4>\n\n\t<p class=\"transx_contact-trigger__text\">We are here to quickly provide you with detailed information about our rates!<\/p>\n\n\t<a class=\"transx_button\" href=\"https:\/\/amatab.com\/en\/armateur\/solutions-dassurance\/obtenir-un-devis\/\">\n\t\t<span>Get a quote<\/span>\n\t\t<svg class=\"icon\">\n\t\t\t<svg viewbox=\"0 0 150 78.6\" xmlns=\"http:\/\/www.w3.org\/2000\/svg\"><path d=\"M0 31.5h150v12.7H0V31.5zM112.8-.1l30.9 31.5-8.8 9L104 8.9l8.8-9zm18.1 51l-18.4 18.8 8.9 9 18.4-18.8-8.9-9z\"\/><\/svg>\n\t\t<\/svg>\n\t<\/a>\n<\/div>\t\t\t\t<\/div>\n\t\t\t\t<\/div>\n\t\t\t\t\t<\/div>\n\t\t<\/div>\n\t\t\t\t\t<\/div>\n\t\t<\/section>\n\t\t\t\t<\/div>","protected":false},"excerpt":{"rendered":"<p>Lorsque des impr\u00e9vus surviennent, les cons\u00e9quences financi\u00e8res et la r\u00e9putation sont mises \u00e0 mal, affectant les entreprises, qu&rsquo;elles soient grandes ou petites. Faire face \u00e0 de telles perturbations exige le recours \u00e0 des services d&rsquo;assurance exp\u00e9riment\u00e9s dans le secteur maritime. AMATAB &amp; CO s&rsquo;est forg\u00e9 une solide r\u00e9putation en proposant des services d&rsquo;assurance de premier [&hellip;]<\/p>\n","protected":false},"author":5,"featured_media":1275,"parent":2572,"menu_order":17,"comment_status":"closed","ping_status":"closed","template":"","meta":{"om_disable_all_campaigns":false,"_uf_show_specific_survey":0,"_uf_disable_surveys":false,"footnotes":""},"folder":[],"class_list":["post-6485","page","type-page","status-publish","has-post-thumbnail","hentry"],"aioseo_notices":[],"_links":{"self":[{"href":"https:\/\/amatab.com\/en\/wp-json\/wp\/v2\/pages\/6485","targetHints":{"allow":["GET"]}}],"collection":[{"href":"https:\/\/amatab.com\/en\/wp-json\/wp\/v2\/pages"}],"about":[{"href":"https:\/\/amatab.com\/en\/wp-json\/wp\/v2\/types\/page"}],"author":[{"embeddable":true,"href":"https:\/\/amatab.com\/en\/wp-json\/wp\/v2\/users\/5"}],"replies":[{"embeddable":true,"href":"https:\/\/amatab.com\/en\/wp-json\/wp\/v2\/comments?post=6485"}],"version-history":[{"count":61,"href":"https:\/\/amatab.com\/en\/wp-json\/wp\/v2\/pages\/6485\/revisions"}],"predecessor-version":[{"id":16092,"href":"https:\/\/amatab.com\/en\/wp-json\/wp\/v2\/pages\/6485\/revisions\/16092"}],"up":[{"embeddable":true,"href":"https:\/\/amatab.com\/en\/wp-json\/wp\/v2\/pages\/2572"}],"wp:featuredmedia":[{"embeddable":true,"href":"https:\/\/amatab.com\/en\/wp-json\/wp\/v2\/media\/1275"}],"wp:attachment":[{"href":"https:\/\/amatab.com\/en\/wp-json\/wp\/v2\/media?parent=6485"}],"wp:term":[{"taxonomy":"folder","embeddable":true,"href":"https:\/\/amatab.com\/en\/wp-json\/wp\/v2\/folder?post=6485"}],"curies":[{"name":"wp","href":"https:\/\/api.w.org\/{rel}","templated":true}]}}