{"id":6489,"date":"2023-10-31T11:48:38","date_gmt":"2023-10-31T10:48:38","guid":{"rendered":"https:\/\/amatab.com\/?page_id=6489"},"modified":"2024-01-25T11:51:01","modified_gmt":"2024-01-25T10:51:01","slug":"gestion-des-risques","status":"publish","type":"page","link":"https:\/\/amatab.com\/en\/armateur\/gestion-des-risques\/","title":{"rendered":"Risk management"},"content":{"rendered":"<div data-elementor-type=\"wp-page\" data-elementor-id=\"6489\" class=\"elementor elementor-6489\" data-elementor-post-type=\"page\">\n\t\t\t\t\t\t<section class=\"elementor-section elementor-top-section elementor-element elementor-element-e41db51 elementor-section-boxed elementor-section-height-default elementor-section-height-default\" data-id=\"e41db51\" data-element_type=\"section\" data-e-type=\"section\">\n\t\t\t\t\t\t<div class=\"elementor-container elementor-column-gap-default\">\n\t\t\t\t\t<div class=\"elementor-column elementor-col-50 elementor-top-column elementor-element elementor-element-7d705d5\" data-id=\"7d705d5\" data-element_type=\"column\" data-e-type=\"column\">\n\t\t\t<div class=\"elementor-widget-wrap elementor-element-populated\">\n\t\t\t\t\t\t<section class=\"elementor-section elementor-inner-section elementor-element elementor-element-f6af41f elementor-section-boxed elementor-section-height-default elementor-section-height-default\" data-id=\"f6af41f\" data-element_type=\"section\" data-e-type=\"section\">\n\t\t\t\t\t\t<div class=\"elementor-container elementor-column-gap-default\">\n\t\t\t\t\t<div class=\"elementor-column elementor-col-100 elementor-inner-column elementor-element elementor-element-5bd83b1\" data-id=\"5bd83b1\" data-element_type=\"column\" data-e-type=\"column\">\n\t\t\t<div class=\"elementor-widget-wrap elementor-element-populated\">\n\t\t\t\t\t\t<div class=\"elementor-element elementor-element-7f85dee elementor-widget elementor-widget-text-editor\" data-id=\"7f85dee\" data-element_type=\"widget\" data-e-type=\"widget\" data-widget_type=\"text-editor.default\">\n\t\t\t\t<div class=\"elementor-widget-container\">\n\t\t\t\t\t\t\t\t\t<p>At AMATAB &amp; CO, we understand that the marine industry is subject to various uncertainties, from weather conditions to potential operational challenges. That is why we offer a proactive and targeted approach to identify, assess and mitigate the risks associated with your maritime activities.<\/p><p>\u00a0<\/p>\t\t\t\t\t\t\t\t<\/div>\n\t\t\t\t<\/div>\n\t\t\t\t\t<\/div>\n\t\t<\/div>\n\t\t\t\t\t<\/div>\n\t\t<\/section>\n\t\t\t\t<div class=\"elementor-element elementor-element-12fe441 elementor-widget elementor-widget-image\" data-id=\"12fe441\" data-element_type=\"widget\" data-e-type=\"widget\" data-widget_type=\"image.default\">\n\t\t\t\t<div class=\"elementor-widget-container\">\n\t\t\t\t\t\t\t\t\t\t\t\t\t\t\t<img fetchpriority=\"high\" decoding=\"async\" width=\"1024\" height=\"695\" src=\"https:\/\/amatab.com\/wp-content\/uploads\/2023\/11\/risque-gamble-opportunity-faiblesse-swot-concept-incertain-1024x695.jpg\" class=\"attachment-large size-large wp-image-10867\" alt=\"\" srcset=\"https:\/\/amatab.com\/wp-content\/uploads\/2023\/11\/risque-gamble-opportunity-faiblesse-swot-concept-incertain-1024x695.jpg 1024w, https:\/\/amatab.com\/wp-content\/uploads\/2023\/11\/risque-gamble-opportunity-faiblesse-swot-concept-incertain-300x204.jpg 300w, https:\/\/amatab.com\/wp-content\/uploads\/2023\/11\/risque-gamble-opportunity-faiblesse-swot-concept-incertain-768x521.jpg 768w, https:\/\/amatab.com\/wp-content\/uploads\/2023\/11\/risque-gamble-opportunity-faiblesse-swot-concept-incertain-1536x1043.jpg 1536w, https:\/\/amatab.com\/wp-content\/uploads\/2023\/11\/risque-gamble-opportunity-faiblesse-swot-concept-incertain-2048x1390.jpg 2048w, https:\/\/amatab.com\/wp-content\/uploads\/2023\/11\/risque-gamble-opportunity-faiblesse-swot-concept-incertain-1320x896.jpg 1320w, https:\/\/amatab.com\/wp-content\/uploads\/2023\/11\/risque-gamble-opportunity-faiblesse-swot-concept-incertain-600x407.jpg 600w\" sizes=\"(max-width: 1024px) 100vw, 1024px\" \/>\t\t\t\t\t\t\t\t\t\t\t\t\t\t\t<\/div>\n\t\t\t\t<\/div>\n\t\t\t\t<section class=\"elementor-section elementor-inner-section elementor-element elementor-element-cf1dfc1 elementor-section-boxed elementor-section-height-default elementor-section-height-default\" data-id=\"cf1dfc1\" data-element_type=\"section\" data-e-type=\"section\">\n\t\t\t\t\t\t<div class=\"elementor-container elementor-column-gap-default\">\n\t\t\t\t\t<div class=\"elementor-column elementor-col-33 elementor-inner-column elementor-element elementor-element-6fabafc\" data-id=\"6fabafc\" data-element_type=\"column\" data-e-type=\"column\">\n\t\t\t<div class=\"elementor-widget-wrap elementor-element-populated\">\n\t\t\t\t\t\t<div class=\"elementor-element elementor-element-d518cbc elementor-widget__width-initial elementor-widget elementor-widget-text-editor\" data-id=\"d518cbc\" data-element_type=\"widget\" data-e-type=\"widget\" data-widget_type=\"text-editor.default\">\n\t\t\t\t<div class=\"elementor-widget-container\">\n\t\t\t\t\t\t\t\t\t<p>\u00a0<\/p><p>Our team of risk management experts has extensive knowledge in the field. We work closely with you to develop customized risk management strategies tailored to your vessel.<\/p>\t\t\t\t\t\t\t\t<\/div>\n\t\t\t\t<\/div>\n\t\t\t\t\t<\/div>\n\t\t<\/div>\n\t\t\t\t<div class=\"elementor-column elementor-col-33 elementor-inner-column elementor-element elementor-element-c539efa\" data-id=\"c539efa\" data-element_type=\"column\" data-e-type=\"column\">\n\t\t\t<div class=\"elementor-widget-wrap elementor-element-populated\">\n\t\t\t\t\t\t<div class=\"elementor-element elementor-element-bdf77af elementor-widget__width-initial elementor-widget elementor-widget-image\" data-id=\"bdf77af\" data-element_type=\"widget\" data-e-type=\"widget\" data-widget_type=\"image.default\">\n\t\t\t\t<div class=\"elementor-widget-container\">\n\t\t\t\t\t\t\t\t\t\t\t\t\t\t\t<img decoding=\"async\" width=\"683\" height=\"1024\" src=\"https:\/\/amatab.com\/wp-content\/uploads\/2023\/11\/planification-risque-strategie-concept-entreprise-jeu-affaires-placant-bloc-bois-tour-683x1024.jpg\" class=\"attachment-large size-large wp-image-10869\" alt=\"\" srcset=\"https:\/\/amatab.com\/wp-content\/uploads\/2023\/11\/planification-risque-strategie-concept-entreprise-jeu-affaires-placant-bloc-bois-tour-683x1024.jpg 683w, https:\/\/amatab.com\/wp-content\/uploads\/2023\/11\/planification-risque-strategie-concept-entreprise-jeu-affaires-placant-bloc-bois-tour-200x300.jpg 200w, https:\/\/amatab.com\/wp-content\/uploads\/2023\/11\/planification-risque-strategie-concept-entreprise-jeu-affaires-placant-bloc-bois-tour-768x1152.jpg 768w, https:\/\/amatab.com\/wp-content\/uploads\/2023\/11\/planification-risque-strategie-concept-entreprise-jeu-affaires-placant-bloc-bois-tour-1024x1536.jpg 1024w, https:\/\/amatab.com\/wp-content\/uploads\/2023\/11\/planification-risque-strategie-concept-entreprise-jeu-affaires-placant-bloc-bois-tour-1365x2048.jpg 1365w, https:\/\/amatab.com\/wp-content\/uploads\/2023\/11\/planification-risque-strategie-concept-entreprise-jeu-affaires-placant-bloc-bois-tour-1320x1980.jpg 1320w, https:\/\/amatab.com\/wp-content\/uploads\/2023\/11\/planification-risque-strategie-concept-entreprise-jeu-affaires-placant-bloc-bois-tour-600x900.jpg 600w, https:\/\/amatab.com\/wp-content\/uploads\/2023\/11\/planification-risque-strategie-concept-entreprise-jeu-affaires-placant-bloc-bois-tour-scaled.jpg 1707w\" sizes=\"(max-width: 683px) 100vw, 683px\" \/>\t\t\t\t\t\t\t\t\t\t\t\t\t\t\t<\/div>\n\t\t\t\t<\/div>\n\t\t\t\t\t<\/div>\n\t\t<\/div>\n\t\t\t\t<div class=\"elementor-column elementor-col-33 elementor-inner-column elementor-element elementor-element-2680f91\" data-id=\"2680f91\" data-element_type=\"column\" data-e-type=\"column\">\n\t\t\t<div class=\"elementor-widget-wrap elementor-element-populated\">\n\t\t\t\t\t\t<div class=\"elementor-element elementor-element-2e09a00 elementor-widget__width-initial elementor-widget elementor-widget-text-editor\" data-id=\"2e09a00\" data-element_type=\"widget\" data-e-type=\"widget\" data-widget_type=\"text-editor.default\">\n\t\t\t\t<div class=\"elementor-widget-container\">\n\t\t\t\t\t\t\t\t\t<p><\/p>\n<p>Through in-depth analysis, we identify potential risks, assess their likelihood and impact, and then put in place preventive measures and response plans when needed, ensuring you are completely safe.<\/p>\t\t\t\t\t\t\t\t<\/div>\n\t\t\t\t<\/div>\n\t\t\t\t\t<\/div>\n\t\t<\/div>\n\t\t\t\t\t<\/div>\n\t\t<\/section>\n\t\t\t\t<section class=\"elementor-section elementor-inner-section elementor-element elementor-element-753e47d elementor-section-boxed elementor-section-height-default elementor-section-height-default\" data-id=\"753e47d\" data-element_type=\"section\" data-e-type=\"section\">\n\t\t\t\t\t\t<div class=\"elementor-container elementor-column-gap-default\">\n\t\t\t\t\t<div class=\"elementor-column elementor-col-100 elementor-inner-column elementor-element elementor-element-f6f6dcb\" data-id=\"f6f6dcb\" data-element_type=\"column\" data-e-type=\"column\">\n\t\t\t<div class=\"elementor-widget-wrap elementor-element-populated\">\n\t\t\t\t\t\t<div class=\"elementor-element elementor-element-cb91085 elementor-widget elementor-widget-text-editor\" data-id=\"cb91085\" data-element_type=\"widget\" data-e-type=\"widget\" data-widget_type=\"text-editor.default\">\n\t\t\t\t<div class=\"elementor-widget-container\">\n\t\t\t\t\t\t\t\t\t<p>Risk management is an ongoing process, and our commitment to the safety of your marine fleet is constant. We closely monitor the evolution of risks, adapt to changes and help you stay compliant with current regulations.<\/p><p style=\"text-align: left;\">With AMATAB &amp; CO, you have the assurance that your shipping company is in expert hands to anticipate and manage risks effectively, ensuring a safer and more prosperous future.<\/p>\t\t\t\t\t\t\t\t<\/div>\n\t\t\t\t<\/div>\n\t\t\t\t\t<\/div>\n\t\t<\/div>\n\t\t\t\t\t<\/div>\n\t\t<\/section>\n\t\t\t\t\t<\/div>\n\t\t<\/div>\n\t\t\t\t<div class=\"elementor-column elementor-col-50 elementor-top-column elementor-element elementor-element-97a1af5\" data-id=\"97a1af5\" data-element_type=\"column\" data-e-type=\"column\">\n\t\t\t<div class=\"elementor-widget-wrap elementor-element-populated\">\n\t\t\t\t\t\t<div class=\"elementor-element elementor-element-df9a35c elementor-widget elementor-widget-transx_links_list\" data-id=\"df9a35c\" data-element_type=\"widget\" data-e-type=\"widget\" data-widget_type=\"transx_links_list.default\">\n\t\t\t\t<div class=\"elementor-widget-container\">\n\t\t\t\t\t\n        <div class=\"transx_links_list_widget\">\n            <div class=\"transx_links_list_wrapper transx_view_type_2\">\n                <h5 class=\"transx_links_list_title\">Other services<\/h5>\n\n                                            <a class=\"transx_links_list_item\" href=\"https:\/\/amatab.com\/en\/armateur\/solutions-dassurance\/\" >\n                                <img decoding=\"async\" class=\"transx_img--bg\" src=\"http:\/\/amatab.com\/wp-content\/uploads\/2023\/10\/i-am-glad-that-we-managed-reach-agreement-scaled.jpg\" alt=\"Background Image\" \/>\n                                <h6>Assurance solutions<\/h6>\n                                <span class=\"transx_links_list_counter\">01<\/span>\n                            <\/a>\n                                                        <a class=\"transx_links_list_item\" href=\"https:\/\/amatab.com\/en\/armateur\/assurance-des-equipes\/\" >\n                                <img decoding=\"async\" class=\"transx_img--bg\" src=\"http:\/\/amatab.com\/wp-content\/uploads\/2023\/10\/cropped-view-businesswomen-reading-document-scaled.jpg\" alt=\"Background Image\" \/>\n                                <h6>Team Assurance<\/h6>\n                                <span class=\"transx_links_list_counter\">02<\/span>\n                            <\/a>\n                                                            <\/div>\n        <\/div>\n\n        \t\t\t\t<\/div>\n\t\t\t\t<\/div>\n\t\t\t\t<div class=\"elementor-element elementor-element-240faed elementor-widget__width-initial elementor-widget elementor-widget-html\" data-id=\"240faed\" data-element_type=\"widget\" data-e-type=\"widget\" data-widget_type=\"html.default\">\n\t\t\t\t<div class=\"elementor-widget-container\">\n\t\t\t\t\t<div class=\"transx_contact-trigger transx_contact-trigger--style-2\">\n\t\n\t<h4 class=\"transx_contact-trigger__title\">Need a price quote?<\/h4>\n\n\t<p class=\"transx_contact-trigger__text\">We are here to quickly provide you with detailed information about our rates!<\/p>\n\n\t<a class=\"transx_button\" href=\"https:\/\/amatab.com\/en\/armateur\/gestion-des-risques\/obtenir-un-devis\/\">\n\t\t<span>Get a quote<\/span>\n\t\t<svg class=\"icon\">\n\t\t\t<svg viewbox=\"0 0 150 78.6\" xmlns=\"http:\/\/www.w3.org\/2000\/svg\"><path d=\"M0 31.5h150v12.7H0V31.5zM112.8-.1l30.9 31.5-8.8 9L104 8.9l8.8-9zm18.1 51l-18.4 18.8 8.9 9 18.4-18.8-8.9-9z\"\/><\/svg>\n\t\t<\/svg>\n\t<\/a>\n<\/div>\t\t\t\t<\/div>\n\t\t\t\t<\/div>\n\t\t\t\t\t<\/div>\n\t\t<\/div>\n\t\t\t\t\t<\/div>\n\t\t<\/section>\n\t\t\t\t<section class=\"elementor-section elementor-top-section elementor-element elementor-element-8f7e010 elementor-section-boxed elementor-section-height-default elementor-section-height-default\" data-id=\"8f7e010\" data-element_type=\"section\" data-e-type=\"section\">\n\t\t\t\t\t\t<div class=\"elementor-container elementor-column-gap-default\">\n\t\t\t\t\t<div class=\"elementor-column elementor-col-100 elementor-top-column elementor-element elementor-element-467138f\" data-id=\"467138f\" data-element_type=\"column\" data-e-type=\"column\">\n\t\t\t<div class=\"elementor-widget-wrap elementor-element-populated\">\n\t\t\t\t\t\t<section class=\"elementor-section elementor-inner-section elementor-element elementor-element-c76b0fd elementor-section-boxed elementor-section-height-default elementor-section-height-default\" data-id=\"c76b0fd\" data-element_type=\"section\" data-e-type=\"section\">\n\t\t\t\t\t\t<div class=\"elementor-container elementor-column-gap-default\">\n\t\t\t\t\t<div class=\"elementor-column elementor-col-100 elementor-inner-column elementor-element elementor-element-7f0954d\" data-id=\"7f0954d\" data-element_type=\"column\" data-e-type=\"column\">\n\t\t\t<div class=\"elementor-widget-wrap\">\n\t\t\t\t\t\t\t<\/div>\n\t\t<\/div>\n\t\t\t\t\t<\/div>\n\t\t<\/section>\n\t\t\t\t\t<\/div>\n\t\t<\/div>\n\t\t\t\t\t<\/div>\n\t\t<\/section>\n\t\t\t\t<\/div>","protected":false},"excerpt":{"rendered":"<p>Chez AMATAB &amp; CO, nous comprenons que l&rsquo;industrie maritime est sujette \u00e0 diverses incertitudes, des conditions m\u00e9t\u00e9orologiques aux \u00e9ventuels d\u00e9fis op\u00e9rationnels. C&rsquo;est pourquoi nous proposons une approche proactive et cibl\u00e9e pour identifier, \u00e9valuer et att\u00e9nuer les risques associ\u00e9s \u00e0 vos activit\u00e9s maritimes. \u00a0 \u00a0 Notre \u00e9quipe d&rsquo;experts en gestion des risques poss\u00e8de une connaissance approfondie [&hellip;]<\/p>\n","protected":false},"author":5,"featured_media":1275,"parent":2572,"menu_order":16,"comment_status":"closed","ping_status":"closed","template":"","meta":{"om_disable_all_campaigns":false,"_uf_show_specific_survey":0,"_uf_disable_surveys":false,"footnotes":""},"folder":[],"class_list":["post-6489","page","type-page","status-publish","has-post-thumbnail","hentry"],"aioseo_notices":[],"_links":{"self":[{"href":"https:\/\/amatab.com\/en\/wp-json\/wp\/v2\/pages\/6489","targetHints":{"allow":["GET"]}}],"collection":[{"href":"https:\/\/amatab.com\/en\/wp-json\/wp\/v2\/pages"}],"about":[{"href":"https:\/\/amatab.com\/en\/wp-json\/wp\/v2\/types\/page"}],"author":[{"embeddable":true,"href":"https:\/\/amatab.com\/en\/wp-json\/wp\/v2\/users\/5"}],"replies":[{"embeddable":true,"href":"https:\/\/amatab.com\/en\/wp-json\/wp\/v2\/comments?post=6489"}],"version-history":[{"count":61,"href":"https:\/\/amatab.com\/en\/wp-json\/wp\/v2\/pages\/6489\/revisions"}],"predecessor-version":[{"id":16095,"href":"https:\/\/amatab.com\/en\/wp-json\/wp\/v2\/pages\/6489\/revisions\/16095"}],"up":[{"embeddable":true,"href":"https:\/\/amatab.com\/en\/wp-json\/wp\/v2\/pages\/2572"}],"wp:featuredmedia":[{"embeddable":true,"href":"https:\/\/amatab.com\/en\/wp-json\/wp\/v2\/media\/1275"}],"wp:attachment":[{"href":"https:\/\/amatab.com\/en\/wp-json\/wp\/v2\/media?parent=6489"}],"wp:term":[{"taxonomy":"folder","embeddable":true,"href":"https:\/\/amatab.com\/en\/wp-json\/wp\/v2\/folder?post=6489"}],"curies":[{"name":"wp","href":"https:\/\/api.w.org\/{rel}","templated":true}]}}