{"id":6917,"date":"2023-11-01T16:46:30","date_gmt":"2023-11-01T15:46:30","guid":{"rendered":"https:\/\/amatab.com\/?page_id=6917"},"modified":"2024-02-08T15:49:45","modified_gmt":"2024-02-08T14:49:45","slug":"imagerie","status":"publish","type":"page","link":"https:\/\/amatab.com\/en\/services-geophysiques\/imagerie\/","title":{"rendered":"imagery"},"content":{"rendered":"<div data-elementor-type=\"wp-page\" data-elementor-id=\"6917\" class=\"elementor elementor-6917\" data-elementor-post-type=\"page\">\n\t\t\t\t\t\t<section class=\"elementor-section elementor-top-section elementor-element elementor-element-9a3f316 elementor-section-boxed elementor-section-height-default elementor-section-height-default\" data-id=\"9a3f316\" data-element_type=\"section\" data-e-type=\"section\">\n\t\t\t\t\t\t<div class=\"elementor-container elementor-column-gap-default\">\n\t\t\t\t\t<div class=\"elementor-column elementor-col-33 elementor-top-column elementor-element elementor-element-9399d50\" data-id=\"9399d50\" data-element_type=\"column\" data-e-type=\"column\">\n\t\t\t<div class=\"elementor-widget-wrap elementor-element-populated\">\n\t\t\t\t\t\t<div class=\"elementor-element elementor-element-2290a36 elementor-widget elementor-widget-text-editor\" data-id=\"2290a36\" data-element_type=\"widget\" data-e-type=\"widget\" data-widget_type=\"text-editor.default\">\n\t\t\t\t<div class=\"elementor-widget-container\">\n\t\t\t\t\t\t\t\t\t<p>L&rsquo;imagerie g\u00e9ophysique permet de convertir les donn\u00e9es en images informatives, offrant une perspective visuelle in\u00e9gal\u00e9e de la composition g\u00e9ologique et des caract\u00e9ristiques souterraines. Que ce soit pour r\u00e9v\u00e9ler la r\u00e9partition de ressources pr\u00e9cieuses, cartographier des formations g\u00e9ologiques ou \u00e9valuer des propri\u00e9t\u00e9s du sol, notre approche d&rsquo;imagerie garantit des informations de qualit\u00e9 qui orientent la prise de d\u00e9cision, la planification de projets et la r\u00e9solution de probl\u00e8mes complexes.<\/p>\t\t\t\t\t\t\t\t<\/div>\n\t\t\t\t<\/div>\n\t\t\t\t\t<\/div>\n\t\t<\/div>\n\t\t\t\t<div class=\"elementor-column elementor-col-33 elementor-top-column elementor-element elementor-element-90bab79\" data-id=\"90bab79\" data-element_type=\"column\" data-e-type=\"column\">\n\t\t\t<div class=\"elementor-widget-wrap elementor-element-populated\">\n\t\t\t\t\t\t<div class=\"elementor-element elementor-element-9e22695 elementor-widget__width-initial elementor-widget elementor-widget-image\" data-id=\"9e22695\" data-element_type=\"widget\" data-e-type=\"widget\" data-widget_type=\"image.default\">\n\t\t\t\t<div class=\"elementor-widget-container\">\n\t\t\t\t\t\t\t\t\t\t\t\t\t\t\t<img fetchpriority=\"high\" decoding=\"async\" width=\"1024\" height=\"683\" src=\"https:\/\/amatab.com\/wp-content\/uploads\/2023\/11\/photographe-masculin-explorant-environnement-urbain-esthetique-grunge-1024x683.jpg\" class=\"attachment-large size-large wp-image-11244\" alt=\"\" srcset=\"https:\/\/amatab.com\/wp-content\/uploads\/2023\/11\/photographe-masculin-explorant-environnement-urbain-esthetique-grunge-1024x683.jpg 1024w, https:\/\/amatab.com\/wp-content\/uploads\/2023\/11\/photographe-masculin-explorant-environnement-urbain-esthetique-grunge-300x200.jpg 300w, https:\/\/amatab.com\/wp-content\/uploads\/2023\/11\/photographe-masculin-explorant-environnement-urbain-esthetique-grunge-768x512.jpg 768w, https:\/\/amatab.com\/wp-content\/uploads\/2023\/11\/photographe-masculin-explorant-environnement-urbain-esthetique-grunge-1536x1024.jpg 1536w, https:\/\/amatab.com\/wp-content\/uploads\/2023\/11\/photographe-masculin-explorant-environnement-urbain-esthetique-grunge-2048x1365.jpg 2048w, https:\/\/amatab.com\/wp-content\/uploads\/2023\/11\/photographe-masculin-explorant-environnement-urbain-esthetique-grunge-1320x880.jpg 1320w, https:\/\/amatab.com\/wp-content\/uploads\/2023\/11\/photographe-masculin-explorant-environnement-urbain-esthetique-grunge-600x400.jpg 600w\" sizes=\"(max-width: 1024px) 100vw, 1024px\" \/>\t\t\t\t\t\t\t\t\t\t\t\t\t\t\t<\/div>\n\t\t\t\t<\/div>\n\t\t\t\t\t<\/div>\n\t\t<\/div>\n\t\t\t\t<div class=\"elementor-column elementor-col-33 elementor-top-column elementor-element elementor-element-2cde082\" data-id=\"2cde082\" data-element_type=\"column\" data-e-type=\"column\">\n\t\t\t<div class=\"elementor-widget-wrap elementor-element-populated\">\n\t\t\t\t\t\t<div class=\"elementor-element elementor-element-c3193e3 elementor-widget elementor-widget-transx_links_list\" data-id=\"c3193e3\" data-element_type=\"widget\" data-e-type=\"widget\" data-widget_type=\"transx_links_list.default\">\n\t\t\t\t<div class=\"elementor-widget-container\">\n\t\t\t\t\t\n        <div class=\"transx_links_list_widget\">\n            <div class=\"transx_links_list_wrapper transx_view_type_2\">\n                <h5 class=\"transx_links_list_title\">Other services<\/h5>\n\n                                            <a class=\"transx_links_list_item\" href=\"https:\/\/amatab.com\/en\/services-geophysiques\/visualisation-en-2d\/\" >\n                                <img decoding=\"async\" class=\"transx_img--bg\" src=\"http:\/\/amatab.com\/wp-content\/uploads\/2023\/11\/image-recadree-jeune-femme-designer-scaled.jpg\" alt=\"Background Image\" \/>\n                                <h6>2D visualization<\/h6>\n                                <span class=\"transx_links_list_counter\">01<\/span>\n                            <\/a>\n                                                        <a class=\"transx_links_list_item\" href=\"https:\/\/amatab.com\/en\/services-geophysiques\/visualisation-en-3d\/\" >\n                                <img decoding=\"async\" class=\"transx_img--bg\" src=\"http:\/\/amatab.com\/wp-content\/uploads\/2023\/11\/gros-plan-artiste-numerique-travaillant-modele-3d-pour-ameliorer-geometrie-optimiser-projet-personne-industrie-graphique-hautes-competences-modelisation-travaillant-technologie-logicielle-avancee-scaled.jpg\" alt=\"Background Image\" \/>\n                                <h6>3D visualization<\/h6>\n                                <span class=\"transx_links_list_counter\">02<\/span>\n                            <\/a>\n                                                        <a class=\"transx_links_list_item\" href=\"https:\/\/amatab.com\/en\/services-geophysiques\/cartographie\/\" >\n                                <img decoding=\"async\" class=\"transx_img--bg\" src=\"http:\/\/amatab.com\/wp-content\/uploads\/2023\/11\/vue-carte-voyage-du-monde-boussole-loupe-scaled.jpg\" alt=\"Background Image\" \/>\n                                <h6>cartography<\/h6>\n                                <span class=\"transx_links_list_counter\">03<\/span>\n                            <\/a>\n                                                            <\/div>\n        <\/div>\n\n        \t\t\t\t<\/div>\n\t\t\t\t<\/div>\n\t\t\t\t<div class=\"elementor-element elementor-element-5750577 elementor-widget elementor-widget-html\" data-id=\"5750577\" data-element_type=\"widget\" data-e-type=\"widget\" data-widget_type=\"html.default\">\n\t\t\t\t<div class=\"elementor-widget-container\">\n\t\t\t\t\t<div class=\"transx_contact-trigger transx_contact-trigger--style-2\">\n\n\n\t<h4 class=\"transx_contact-trigger__title\">Need a price quote?<\/h4>\n\n\t<p class=\"transx_contact-trigger__text\">We are here to quickly provide you with detailed information about our rates!<\/p>\n\n\t<a class=\"transx_button\" href=\"https:\/\/amatab.com\/en\/services-geophysiques\/imagerie\/obtenir-un-devis\/\">\n\t\t<span>Get a quote<\/span>\n\t\t<svg class=\"icon\">\n\t\t\t<svg viewbox=\"0 0 150 78.6\" xmlns=\"http:\/\/www.w3.org\/2000\/svg\"><path d=\"M0 31.5h150v12.7H0V31.5zM112.8-.1l30.9 31.5-8.8 9L104 8.9l8.8-9zm18.1 51l-18.4 18.8 8.9 9 18.4-18.8-8.9-9z\"\/><\/svg>\n\t\t<\/svg>\n\t<\/a>\n<\/div>\t\t\t\t<\/div>\n\t\t\t\t<\/div>\n\t\t\t\t\t<\/div>\n\t\t<\/div>\n\t\t\t\t\t<\/div>\n\t\t<\/section>\n\t\t\t\t<\/div>","protected":false},"excerpt":{"rendered":"<p>L&rsquo;imagerie g\u00e9ophysique permet de convertir les donn\u00e9es en images informatives, offrant une perspective visuelle in\u00e9gal\u00e9e de la composition g\u00e9ologique et des caract\u00e9ristiques souterraines. Que ce soit pour r\u00e9v\u00e9ler la r\u00e9partition de ressources pr\u00e9cieuses, cartographier des formations g\u00e9ologiques ou \u00e9valuer des propri\u00e9t\u00e9s du sol, notre approche d&rsquo;imagerie garantit des informations de qualit\u00e9 qui orientent la prise [&hellip;]<\/p>\n","protected":false},"author":5,"featured_media":1275,"parent":2998,"menu_order":20,"comment_status":"closed","ping_status":"closed","template":"","meta":{"om_disable_all_campaigns":false,"_uf_show_specific_survey":0,"_uf_disable_surveys":false,"footnotes":""},"folder":[],"class_list":["post-6917","page","type-page","status-publish","has-post-thumbnail","hentry"],"aioseo_notices":[],"_links":{"self":[{"href":"https:\/\/amatab.com\/en\/wp-json\/wp\/v2\/pages\/6917","targetHints":{"allow":["GET"]}}],"collection":[{"href":"https:\/\/amatab.com\/en\/wp-json\/wp\/v2\/pages"}],"about":[{"href":"https:\/\/amatab.com\/en\/wp-json\/wp\/v2\/types\/page"}],"author":[{"embeddable":true,"href":"https:\/\/amatab.com\/en\/wp-json\/wp\/v2\/users\/5"}],"replies":[{"embeddable":true,"href":"https:\/\/amatab.com\/en\/wp-json\/wp\/v2\/comments?post=6917"}],"version-history":[{"count":34,"href":"https:\/\/amatab.com\/en\/wp-json\/wp\/v2\/pages\/6917\/revisions"}],"predecessor-version":[{"id":16192,"href":"https:\/\/amatab.com\/en\/wp-json\/wp\/v2\/pages\/6917\/revisions\/16192"}],"up":[{"embeddable":true,"href":"https:\/\/amatab.com\/en\/wp-json\/wp\/v2\/pages\/2998"}],"wp:featuredmedia":[{"embeddable":true,"href":"https:\/\/amatab.com\/en\/wp-json\/wp\/v2\/media\/1275"}],"wp:attachment":[{"href":"https:\/\/amatab.com\/en\/wp-json\/wp\/v2\/media?parent=6917"}],"wp:term":[{"taxonomy":"folder","embeddable":true,"href":"https:\/\/amatab.com\/en\/wp-json\/wp\/v2\/folder?post=6917"}],"curies":[{"name":"wp","href":"https:\/\/api.w.org\/{rel}","templated":true}]}}