{"id":77,"date":"2021-06-16T16:00:01","date_gmt":"2021-06-16T14:00:01","guid":{"rendered":"https:\/\/demo.artureanec.com\/themes\/transx-new\/?page_id=77"},"modified":"2024-01-20T09:00:49","modified_gmt":"2024-01-20T08:00:49","slug":"plane-freight","status":"publish","type":"page","link":"https:\/\/amatab.com\/en\/import-export\/plane-freight\/","title":{"rendered":"Air freight"},"content":{"rendered":"<div data-elementor-type=\"wp-page\" data-elementor-id=\"77\" class=\"elementor elementor-77\" data-elementor-post-type=\"page\">\n\t\t\t\t\t\t<section class=\"elementor-section elementor-top-section elementor-element elementor-element-73188f8a elementor-hidden-tablet elementor-hidden-phone elementor-section-boxed elementor-section-height-default elementor-section-height-default\" data-id=\"73188f8a\" data-element_type=\"section\" data-e-type=\"section\">\n\t\t\t\t\t\t<div class=\"elementor-container elementor-column-gap-extended\">\n\t\t\t\t\t<div class=\"elementor-column elementor-col-66 elementor-top-column elementor-element elementor-element-436ea9e\" data-id=\"436ea9e\" data-element_type=\"column\" data-e-type=\"column\">\n\t\t\t<div class=\"elementor-widget-wrap elementor-element-populated\">\n\t\t\t\t\t\t<div class=\"elementor-element elementor-element-66bf5e55 elementor-widget elementor-widget-heading\" data-id=\"66bf5e55\" data-element_type=\"widget\" data-e-type=\"widget\" data-widget_type=\"heading.default\">\n\t\t\t\t<div class=\"elementor-widget-container\">\n\t\t\t\t\t<h4 class=\"elementor-heading-title elementor-size-default\">Air freight<\/h4>\t\t\t\t<\/div>\n\t\t\t\t<\/div>\n\t\t\t\t<div class=\"elementor-element elementor-element-a3a9c93 elementor-widget elementor-widget-text-editor\" data-id=\"a3a9c93\" data-element_type=\"widget\" data-e-type=\"widget\" data-widget_type=\"text-editor.default\">\n\t\t\t\t<div class=\"elementor-widget-container\">\n\t\t\t\t\t\t\t\t\t<p>As a global freight forwarder operating in the field of logistics, AMATAB &amp; CO offers a complete range of services to meet all your needs in air freight transport, whether for incoming or outgoing international shipments.<br><\/p>\t\t\t\t\t\t\t\t<\/div>\n\t\t\t\t<\/div>\n\t\t\t\t<div class=\"elementor-element elementor-element-41dc0c59 elementor-widget__width-initial elementor-widget elementor-widget-image\" data-id=\"41dc0c59\" data-element_type=\"widget\" data-e-type=\"widget\" data-widget_type=\"image.default\">\n\t\t\t\t<div class=\"elementor-widget-container\">\n\t\t\t\t\t\t\t\t\t\t\t\t\t\t\t<img fetchpriority=\"high\" decoding=\"async\" width=\"740\" height=\"493\" src=\"https:\/\/amatab.com\/wp-content\/uploads\/2023\/11\/cargo-plane-unloads-containers-with-boxes-air-freight-illustration-generative-ai_845977-774.jpg\" class=\"attachment-large size-large wp-image-7121\" alt=\"\" srcset=\"https:\/\/amatab.com\/wp-content\/uploads\/2023\/11\/cargo-plane-unloads-containers-with-boxes-air-freight-illustration-generative-ai_845977-774.jpg 740w, https:\/\/amatab.com\/wp-content\/uploads\/2023\/11\/cargo-plane-unloads-containers-with-boxes-air-freight-illustration-generative-ai_845977-774-300x200.jpg 300w, https:\/\/amatab.com\/wp-content\/uploads\/2023\/11\/cargo-plane-unloads-containers-with-boxes-air-freight-illustration-generative-ai_845977-774-600x400.jpg 600w\" sizes=\"(max-width: 740px) 100vw, 740px\" \/>\t\t\t\t\t\t\t\t\t\t\t\t\t\t\t<\/div>\n\t\t\t\t<\/div>\n\t\t\t\t<div class=\"elementor-element elementor-element-2a7cd8d0 elementor-widget elementor-widget-text-editor\" data-id=\"2a7cd8d0\" data-element_type=\"widget\" data-e-type=\"widget\" data-widget_type=\"text-editor.default\">\n\t\t\t\t<div class=\"elementor-widget-container\">\n\t\t\t\t\t\t\t\t\t<p><span style=\"color: var( --e-global-color-text ); letter-spacing: 0px;\">Our strong reputation is based on our ability to efficiently orchestrate all aspects of the supply chain, from diverse products (with the exception of perishable goods), to diverse destinations, to shipments that require special speed.<\/span><\/p><p>We understand that time is critical in every business, as even the slightest delay can lead to substantial financial losses. That is why we have successfully positioned ourselves as air cargo shippers in Tunisia, thanks to our expertise, cutting-edge technologies and fast services. Our team of air freight experts ensures that your goods arrive at their destination in perfect condition, within the agreed deadlines and while remaining commendable.<\/p>\t\t\t\t\t\t\t\t<\/div>\n\t\t\t\t<\/div>\n\t\t\t\t\t<\/div>\n\t\t<\/div>\n\t\t\t\t<div class=\"elementor-column elementor-col-33 elementor-top-column elementor-element elementor-element-51e36cb elementor-hidden-tablet elementor-hidden-phone\" data-id=\"51e36cb\" data-element_type=\"column\" data-e-type=\"column\">\n\t\t\t<div class=\"elementor-widget-wrap elementor-element-populated\">\n\t\t\t\t\t\t<div class=\"elementor-element elementor-element-8071456 elementor-widget elementor-widget-transx_links_list\" data-id=\"8071456\" data-element_type=\"widget\" data-e-type=\"widget\" data-widget_type=\"transx_links_list.default\">\n\t\t\t\t<div class=\"elementor-widget-container\">\n\t\t\t\t\t\n        <div class=\"transx_links_list_widget\">\n            <div class=\"transx_links_list_wrapper transx_view_type_2\">\n                <h5 class=\"transx_links_list_title\">Other services<\/h5>\n\n                                            <a class=\"transx_links_list_item\" href=\"https:\/\/amatab.com\/en\/import-export\/fret-routier\/\" >\n                                <img decoding=\"async\" class=\"transx_img--bg\" src=\"http:\/\/amatab.com\/wp-content\/uploads\/2021\/07\/services_new_1-e1698229498496.jpg\" alt=\"Background Image\" \/>\n                                <h6>road freight <\/h6>\n                                <span class=\"transx_links_list_counter\">01<\/span>\n                            <\/a>\n                                                        <a class=\"transx_links_list_item\" href=\"https:\/\/amatab.com\/en\/import-export\/fret-ferroviaire\/\" >\n                                <img decoding=\"async\" class=\"transx_img--bg\" src=\"http:\/\/amatab.com\/wp-content\/uploads\/2021\/06\/gallery_3.jpg\" alt=\"Background Image\" \/>\n                                <h6>Rail freight<\/h6>\n                                <span class=\"transx_links_list_counter\">02<\/span>\n                            <\/a>\n                                                        <a class=\"transx_links_list_item\" href=\"https:\/\/amatab.com\/en\/import-export\/fret-maritime\/\" >\n                                <img decoding=\"async\" class=\"transx_img--bg\" src=\"http:\/\/amatab.com\/wp-content\/uploads\/2021\/07\/slider_3.jpeg\" alt=\"Background Image\" \/>\n                                <h6>Maritime freight<\/h6>\n                                <span class=\"transx_links_list_counter\">03<\/span>\n                            <\/a>\n                                                            <\/div>\n        <\/div>\n\n        \t\t\t\t<\/div>\n\t\t\t\t<\/div>\n\t\t\t\t<div class=\"elementor-element elementor-element-3a4537b elementor-widget elementor-widget-html\" data-id=\"3a4537b\" data-element_type=\"widget\" data-e-type=\"widget\" data-widget_type=\"html.default\">\n\t\t\t\t<div class=\"elementor-widget-container\">\n\t\t\t\t\t<div class=\"transx_contact-trigger transx_contact-trigger--style-2\">\n\t\n\n\t<h4 class=\"transx_contact-trigger__title\">Need a price quote?<\/h4>\n\n\t<p class=\"transx_contact-trigger__text\">We are here to quickly provide you with detailed information about our rates!<\/p>\n\n\t<a class=\"transx_button\" href=\"https:\/\/amatab.com\/en\/import-export\/plane-freight\/obtenir-un-devis\/\">\n\t\t<span>Get a quote<\/span>\n\t\t<svg class=\"icon\">\n\t\t\t<svg viewbox=\"0 0 150 78.6\" xmlns=\"http:\/\/www.w3.org\/2000\/svg\"><path d=\"M0 31.5h150v12.7H0V31.5zM112.8-.1l30.9 31.5-8.8 9L104 8.9l8.8-9zm18.1 51l-18.4 18.8 8.9 9 18.4-18.8-8.9-9z\"\/><\/svg>\n\t\t<\/svg>\n\t<\/a>\n<\/div>\t\t\t\t<\/div>\n\t\t\t\t<\/div>\n\t\t\t\t\t<\/div>\n\t\t<\/div>\n\t\t\t\t\t<\/div>\n\t\t<\/section>\n\t\t\t\t<section class=\"elementor-section elementor-top-section elementor-element elementor-element-ea7fc64 elementor-section-boxed elementor-section-height-default elementor-section-height-default\" data-id=\"ea7fc64\" data-element_type=\"section\" data-e-type=\"section\">\n\t\t\t\t\t\t<div class=\"elementor-container elementor-column-gap-default\">\n\t\t\t\t\t<div class=\"elementor-column elementor-col-50 elementor-top-column elementor-element elementor-element-8f9319b\" data-id=\"8f9319b\" data-element_type=\"column\" data-e-type=\"column\">\n\t\t\t<div class=\"elementor-widget-wrap elementor-element-populated\">\n\t\t\t\t\t\t<div class=\"elementor-element elementor-element-6a3d698 elementor-hidden-desktop elementor-hidden-tablet elementor-widget elementor-widget-heading\" data-id=\"6a3d698\" data-element_type=\"widget\" data-e-type=\"widget\" data-widget_type=\"heading.default\">\n\t\t\t\t<div class=\"elementor-widget-container\">\n\t\t\t\t\t<h2 class=\"elementor-heading-title elementor-size-default\">Air freight<\/h2>\t\t\t\t<\/div>\n\t\t\t\t<\/div>\n\t\t\t\t<div class=\"elementor-element elementor-element-1a85472 elementor-widget elementor-widget-image\" data-id=\"1a85472\" data-element_type=\"widget\" data-e-type=\"widget\" data-widget_type=\"image.default\">\n\t\t\t\t<div class=\"elementor-widget-container\">\n\t\t\t\t\t\t\t\t\t\t\t\t\t\t\t<img decoding=\"async\" width=\"740\" height=\"414\" src=\"https:\/\/amatab.com\/wp-content\/uploads\/2023\/11\/wings-commerce-exploring-world-air-freight-generative-ai_936494-576.jpg\" class=\"attachment-large size-large wp-image-7128\" alt=\"\" srcset=\"https:\/\/amatab.com\/wp-content\/uploads\/2023\/11\/wings-commerce-exploring-world-air-freight-generative-ai_936494-576.jpg 740w, https:\/\/amatab.com\/wp-content\/uploads\/2023\/11\/wings-commerce-exploring-world-air-freight-generative-ai_936494-576-300x168.jpg 300w, https:\/\/amatab.com\/wp-content\/uploads\/2023\/11\/wings-commerce-exploring-world-air-freight-generative-ai_936494-576-600x336.jpg 600w\" sizes=\"(max-width: 740px) 100vw, 740px\" \/>\t\t\t\t\t\t\t\t\t\t\t\t\t\t\t<\/div>\n\t\t\t\t<\/div>\n\t\t\t\t\t<\/div>\n\t\t<\/div>\n\t\t\t\t<div class=\"elementor-column elementor-col-50 elementor-top-column elementor-element elementor-element-99e9f02\" data-id=\"99e9f02\" data-element_type=\"column\" data-e-type=\"column\">\n\t\t\t<div class=\"elementor-widget-wrap elementor-element-populated\">\n\t\t\t\t\t\t<div class=\"elementor-element elementor-element-9765bd9 elementor-widget elementor-widget-text-editor\" data-id=\"9765bd9\" data-element_type=\"widget\" data-e-type=\"widget\" data-widget_type=\"text-editor.default\">\n\t\t\t\t<div class=\"elementor-widget-container\">\n\t\t\t\t\t\t\t\t\t<p><span style=\"color: var( --e-global-color-text ); letter-spacing: 0px;\">AMATAB &amp; CO relies on a highly qualified team, composed of experts in various fields, to accompany our customers with diligence and professionalism.\u00a0<\/span><\/p><p><span style=\"color: var( --e-global-color-text ); letter-spacing: 0px;\">Our service is available 24 hours a day, anywhere in the world, to meet your logistics needs, regardless of the nature of your goods.<\/span><\/p>\t\t\t\t\t\t\t\t<\/div>\n\t\t\t\t<\/div>\n\t\t\t\t\t<\/div>\n\t\t<\/div>\n\t\t\t\t\t<\/div>\n\t\t<\/section>\n\t\t\t\t<section class=\"elementor-section elementor-top-section elementor-element elementor-element-5c7ae4c elementor-section-boxed elementor-section-height-default elementor-section-height-default\" data-id=\"5c7ae4c\" data-element_type=\"section\" data-e-type=\"section\">\n\t\t\t\t\t\t<div class=\"elementor-container elementor-column-gap-default\">\n\t\t\t\t\t<div class=\"elementor-column elementor-col-100 elementor-top-column elementor-element elementor-element-11b7484\" data-id=\"11b7484\" data-element_type=\"column\" data-e-type=\"column\">\n\t\t\t<div class=\"elementor-widget-wrap elementor-element-populated\">\n\t\t\t\t\t\t<div class=\"elementor-element elementor-element-42010da elementor-widget elementor-widget-heading\" data-id=\"42010da\" data-element_type=\"widget\" data-e-type=\"widget\" data-widget_type=\"heading.default\">\n\t\t\t\t<div class=\"elementor-widget-container\">\n\t\t\t\t\t<h4 class=\"elementor-heading-title elementor-size-default\">Advantages <\/h4>\t\t\t\t<\/div>\n\t\t\t\t<\/div>\n\t\t\t\t\t<\/div>\n\t\t<\/div>\n\t\t\t\t\t<\/div>\n\t\t<\/section>\n\t\t\t\t<section class=\"elementor-section elementor-top-section elementor-element elementor-element-7da2c1f elementor-section-boxed elementor-section-height-default elementor-section-height-default\" data-id=\"7da2c1f\" data-element_type=\"section\" data-e-type=\"section\">\n\t\t\t\t\t\t<div class=\"elementor-container elementor-column-gap-default\">\n\t\t\t\t\t<div class=\"elementor-column elementor-col-33 elementor-top-column elementor-element elementor-element-86b046a\" data-id=\"86b046a\" data-element_type=\"column\" data-e-type=\"column\">\n\t\t\t<div class=\"elementor-widget-wrap elementor-element-populated\">\n\t\t\t\t\t\t<div class=\"elementor-element elementor-element-5017aa0 elementor-widget elementor-widget-text-editor\" data-id=\"5017aa0\" data-element_type=\"widget\" data-e-type=\"widget\" data-widget_type=\"text-editor.default\">\n\t\t\t\t<div class=\"elementor-widget-container\">\n\t\t\t\t\t\t\t\t\t<p><span style=\"text-decoration: underline;\">Timeliness<\/span>\u00a0Air freight is the fastest means of transport. Goods can be shipped quickly, reducing transit times.<\/p>\t\t\t\t\t\t\t\t<\/div>\n\t\t\t\t<\/div>\n\t\t\t\t<div class=\"elementor-element elementor-element-f72d463 elementor-widget elementor-widget-image\" data-id=\"f72d463\" data-element_type=\"widget\" data-e-type=\"widget\" data-widget_type=\"image.default\">\n\t\t\t\t<div class=\"elementor-widget-container\">\n\t\t\t\t\t\t\t\t\t\t\t\t\t\t\t<img decoding=\"async\" width=\"300\" height=\"269\" src=\"https:\/\/amatab.com\/wp-content\/uploads\/2023\/11\/2036325-e1699357573776-300x269.jpg\" class=\"attachment-medium size-medium wp-image-7900\" alt=\"\" srcset=\"https:\/\/amatab.com\/wp-content\/uploads\/2023\/11\/2036325-e1699357573776-300x269.jpg 300w, https:\/\/amatab.com\/wp-content\/uploads\/2023\/11\/2036325-e1699357573776-1024x920.jpg 1024w, https:\/\/amatab.com\/wp-content\/uploads\/2023\/11\/2036325-e1699357573776-768x690.jpg 768w, https:\/\/amatab.com\/wp-content\/uploads\/2023\/11\/2036325-e1699357573776-1536x1379.jpg 1536w, https:\/\/amatab.com\/wp-content\/uploads\/2023\/11\/2036325-e1699357573776-1320x1185.jpg 1320w, https:\/\/amatab.com\/wp-content\/uploads\/2023\/11\/2036325-e1699357573776-600x539.jpg 600w, https:\/\/amatab.com\/wp-content\/uploads\/2023\/11\/2036325-e1699357573776.jpg 2000w\" sizes=\"(max-width: 300px) 100vw, 300px\" \/>\t\t\t\t\t\t\t\t\t\t\t\t\t\t\t<\/div>\n\t\t\t\t<\/div>\n\t\t\t\t\t<\/div>\n\t\t<\/div>\n\t\t\t\t<div class=\"elementor-column elementor-col-33 elementor-top-column elementor-element elementor-element-ba025d5\" data-id=\"ba025d5\" data-element_type=\"column\" data-e-type=\"column\">\n\t\t\t<div class=\"elementor-widget-wrap elementor-element-populated\">\n\t\t\t\t\t\t<div class=\"elementor-element elementor-element-826c873 elementor-widget elementor-widget-text-editor\" data-id=\"826c873\" data-element_type=\"widget\" data-e-type=\"widget\" data-widget_type=\"text-editor.default\">\n\t\t\t\t<div class=\"elementor-widget-container\">\n\t\t\t\t\t\t\t\t\t<p><span style=\"text-decoration: underline;\">Flexibility<\/span> : Aircraft can reach destinations that are not always easily accessible by other means of transport, which provides great flexibility to reach remote or hard-to-reach areas.<\/p>\t\t\t\t\t\t\t\t<\/div>\n\t\t\t\t<\/div>\n\t\t\t\t<div class=\"elementor-element elementor-element-dd1824d elementor-widget elementor-widget-image\" data-id=\"dd1824d\" data-element_type=\"widget\" data-e-type=\"widget\" data-widget_type=\"image.default\">\n\t\t\t\t<div class=\"elementor-widget-container\">\n\t\t\t\t\t\t\t\t\t\t\t\t\t\t\t<img loading=\"lazy\" decoding=\"async\" width=\"953\" height=\"579\" src=\"https:\/\/amatab.com\/wp-content\/uploads\/2021\/06\/map-bg.png\" class=\"attachment-large size-large wp-image-376\" alt=\"\" srcset=\"https:\/\/amatab.com\/wp-content\/uploads\/2021\/06\/map-bg.png 953w, https:\/\/amatab.com\/wp-content\/uploads\/2021\/06\/map-bg-600x365.png 600w\" sizes=\"(max-width: 953px) 100vw, 953px\" \/>\t\t\t\t\t\t\t\t\t\t\t\t\t\t\t<\/div>\n\t\t\t\t<\/div>\n\t\t\t\t\t<\/div>\n\t\t<\/div>\n\t\t\t\t<div class=\"elementor-column elementor-col-33 elementor-top-column elementor-element elementor-element-63c7fed\" data-id=\"63c7fed\" data-element_type=\"column\" data-e-type=\"column\">\n\t\t\t<div class=\"elementor-widget-wrap elementor-element-populated\">\n\t\t\t\t\t\t<div class=\"elementor-element elementor-element-9a8da7a elementor-widget elementor-widget-text-editor\" data-id=\"9a8da7a\" data-element_type=\"widget\" data-e-type=\"widget\" data-widget_type=\"text-editor.default\">\n\t\t\t\t<div class=\"elementor-widget-container\">\n\t\t\t\t\t\t\t\t\t<p><span style=\"text-decoration: underline;\">Security<\/span> Air freight is considered one of the safest modes of transport, with a reduced risk of theft or damage to goods in comparison with other means of transport.<\/p>\t\t\t\t\t\t\t\t<\/div>\n\t\t\t\t<\/div>\n\t\t\t\t<div class=\"elementor-element elementor-element-2945a4a elementor-widget elementor-widget-spacer\" data-id=\"2945a4a\" data-element_type=\"widget\" data-e-type=\"widget\" data-widget_type=\"spacer.default\">\n\t\t\t\t<div class=\"elementor-widget-container\">\n\t\t\t\t\t\t\t<div class=\"elementor-spacer\">\n\t\t\t<div class=\"elementor-spacer-inner\"><\/div>\n\t\t<\/div>\n\t\t\t\t\t\t<\/div>\n\t\t\t\t<\/div>\n\t\t\t\t<div class=\"elementor-element elementor-element-beb7057 elementor-widget elementor-widget-image\" data-id=\"beb7057\" data-element_type=\"widget\" data-e-type=\"widget\" data-widget_type=\"image.default\">\n\t\t\t\t<div class=\"elementor-widget-container\">\n\t\t\t\t\t\t\t\t\t\t\t\t\t\t\t<img loading=\"lazy\" decoding=\"async\" width=\"1024\" height=\"489\" src=\"https:\/\/amatab.com\/wp-content\/uploads\/2023\/11\/2306.i511.016.S.m009.c13.air-traffic-control-flat-illustration-1024x489.jpg\" class=\"attachment-large size-large wp-image-7819\" alt=\"\" srcset=\"https:\/\/amatab.com\/wp-content\/uploads\/2023\/11\/2306.i511.016.S.m009.c13.air-traffic-control-flat-illustration-1024x489.jpg 1024w, https:\/\/amatab.com\/wp-content\/uploads\/2023\/11\/2306.i511.016.S.m009.c13.air-traffic-control-flat-illustration-300x143.jpg 300w, https:\/\/amatab.com\/wp-content\/uploads\/2023\/11\/2306.i511.016.S.m009.c13.air-traffic-control-flat-illustration-768x367.jpg 768w, https:\/\/amatab.com\/wp-content\/uploads\/2023\/11\/2306.i511.016.S.m009.c13.air-traffic-control-flat-illustration-1536x734.jpg 1536w, https:\/\/amatab.com\/wp-content\/uploads\/2023\/11\/2306.i511.016.S.m009.c13.air-traffic-control-flat-illustration-2048x979.jpg 2048w, https:\/\/amatab.com\/wp-content\/uploads\/2023\/11\/2306.i511.016.S.m009.c13.air-traffic-control-flat-illustration-1320x631.jpg 1320w, https:\/\/amatab.com\/wp-content\/uploads\/2023\/11\/2306.i511.016.S.m009.c13.air-traffic-control-flat-illustration-600x287.jpg 600w\" sizes=\"(max-width: 1024px) 100vw, 1024px\" \/>\t\t\t\t\t\t\t\t\t\t\t\t\t\t\t<\/div>\n\t\t\t\t<\/div>\n\t\t\t\t\t<\/div>\n\t\t<\/div>\n\t\t\t\t\t<\/div>\n\t\t<\/section>\n\t\t\t\t<section class=\"elementor-section elementor-top-section elementor-element elementor-element-d5134b9 elementor-section-boxed elementor-section-height-default elementor-section-height-default\" data-id=\"d5134b9\" data-element_type=\"section\" data-e-type=\"section\">\n\t\t\t\t\t\t<div class=\"elementor-container elementor-column-gap-default\">\n\t\t\t\t\t<div class=\"elementor-column elementor-col-100 elementor-top-column elementor-element elementor-element-deb00c6 elementor-hidden-desktop\" data-id=\"deb00c6\" data-element_type=\"column\" data-e-type=\"column\">\n\t\t\t<div class=\"elementor-widget-wrap elementor-element-populated\">\n\t\t\t\t\t\t<div class=\"elementor-element elementor-element-6d536ec elementor-widget elementor-widget-transx_links_list\" data-id=\"6d536ec\" data-element_type=\"widget\" data-e-type=\"widget\" data-widget_type=\"transx_links_list.default\">\n\t\t\t\t<div class=\"elementor-widget-container\">\n\t\t\t\t\t\n        <div class=\"transx_links_list_widget\">\n            <div class=\"transx_links_list_wrapper transx_view_type_2\">\n                <h5 class=\"transx_links_list_title\">Other services<\/h5>\n\n                                            <a class=\"transx_links_list_item\" href=\"https:\/\/amatab.com\/en\/import-export\/fret-routier\/\" >\n                                <img decoding=\"async\" class=\"transx_img--bg\" src=\"http:\/\/amatab.com\/wp-content\/uploads\/2021\/07\/services_new_1-e1698229498496.jpg\" alt=\"Background Image\" \/>\n                                <h6>road freight <\/h6>\n                                <span class=\"transx_links_list_counter\">01<\/span>\n                            <\/a>\n                                                        <a class=\"transx_links_list_item\" href=\"https:\/\/amatab.com\/en\/import-export\/fret-ferroviaire\/\" >\n                                <img decoding=\"async\" class=\"transx_img--bg\" src=\"http:\/\/amatab.com\/wp-content\/uploads\/2021\/06\/gallery_3.jpg\" alt=\"Background Image\" \/>\n                                <h6>Rail freight<\/h6>\n                                <span class=\"transx_links_list_counter\">02<\/span>\n                            <\/a>\n                                                        <a class=\"transx_links_list_item\" href=\"https:\/\/amatab.com\/en\/import-export\/fret-maritime\/\" >\n                                <img decoding=\"async\" class=\"transx_img--bg\" src=\"http:\/\/amatab.com\/wp-content\/uploads\/2021\/07\/slider_3.jpeg\" alt=\"Background Image\" \/>\n                                <h6>Maritime freight<\/h6>\n                                <span class=\"transx_links_list_counter\">03<\/span>\n                            <\/a>\n                                                            <\/div>\n        <\/div>\n\n        \t\t\t\t<\/div>\n\t\t\t\t<\/div>\n\t\t\t\t<div class=\"elementor-element elementor-element-2a8c9b3 elementor-widget elementor-widget-html\" data-id=\"2a8c9b3\" data-element_type=\"widget\" data-e-type=\"widget\" data-widget_type=\"html.default\">\n\t\t\t\t<div class=\"elementor-widget-container\">\n\t\t\t\t\t<div class=\"transx_contact-trigger transx_contact-trigger--style-2\">\n\t<img decoding=\"async\" class=\"transx_contact-trigger__img\" src=\"https:\/\/demo.artureanec.com\/themes\/transx\/wp-content\/uploads\/2021\/04\/contact_background.png\" alt=\"img\" \/>\n\n\t<h4 class=\"transx_contact-trigger__title\">Need a price quote?<\/h4>\n\n\t<p class=\"transx_contact-trigger__text\">We are here to quickly provide you with detailed information about our rates!<\/p>\n\n\t<a class=\"transx_button\" href=\"https:\/\/amatab.com\/en\/import-export\/plane-freight\/obtenir-un-devis\/\">\n\t\t<span>Get a quote<\/span>\n\t\t<svg class=\"icon\">\n\t\t\t<svg viewbox=\"0 0 150 78.6\" xmlns=\"http:\/\/www.w3.org\/2000\/svg\"><path d=\"M0 31.5h150v12.7H0V31.5zM112.8-.1l30.9 31.5-8.8 9L104 8.9l8.8-9zm18.1 51l-18.4 18.8 8.9 9 18.4-18.8-8.9-9z\"\/><\/svg>\n\t\t<\/svg>\n\t<\/a>\n<\/div>\t\t\t\t<\/div>\n\t\t\t\t<\/div>\n\t\t\t\t\t<\/div>\n\t\t<\/div>\n\t\t\t\t\t<\/div>\n\t\t<\/section>\n\t\t\t\t<\/div>","protected":false},"excerpt":{"rendered":"<p>Fret a\u00e9rien En tant que commissionnaire de transport op\u00e9rant \u00e0 l&rsquo;\u00e9chelle globale dans le domaine de la logistique, AMATAB &amp; CO propose une gamme compl\u00e8te de services pour r\u00e9pondre \u00e0 tous vos besoins en mati\u00e8re de transport de fret par avion, que ce soit pour des exp\u00e9ditions internationales entrantes ou sortantes. Notre solide r\u00e9putation repose [&hellip;]<\/p>\n","protected":false},"author":5,"featured_media":1275,"parent":2476,"menu_order":193,"comment_status":"closed","ping_status":"closed","template":"","meta":{"om_disable_all_campaigns":false,"_uf_show_specific_survey":0,"_uf_disable_surveys":false,"footnotes":""},"folder":[],"class_list":["post-77","page","type-page","status-publish","has-post-thumbnail","hentry"],"aioseo_notices":[],"_links":{"self":[{"href":"https:\/\/amatab.com\/en\/wp-json\/wp\/v2\/pages\/77","targetHints":{"allow":["GET"]}}],"collection":[{"href":"https:\/\/amatab.com\/en\/wp-json\/wp\/v2\/pages"}],"about":[{"href":"https:\/\/amatab.com\/en\/wp-json\/wp\/v2\/types\/page"}],"author":[{"embeddable":true,"href":"https:\/\/amatab.com\/en\/wp-json\/wp\/v2\/users\/5"}],"replies":[{"embeddable":true,"href":"https:\/\/amatab.com\/en\/wp-json\/wp\/v2\/comments?post=77"}],"version-history":[{"count":160,"href":"https:\/\/amatab.com\/en\/wp-json\/wp\/v2\/pages\/77\/revisions"}],"predecessor-version":[{"id":16050,"href":"https:\/\/amatab.com\/en\/wp-json\/wp\/v2\/pages\/77\/revisions\/16050"}],"up":[{"embeddable":true,"href":"https:\/\/amatab.com\/en\/wp-json\/wp\/v2\/pages\/2476"}],"wp:featuredmedia":[{"embeddable":true,"href":"https:\/\/amatab.com\/en\/wp-json\/wp\/v2\/media\/1275"}],"wp:attachment":[{"href":"https:\/\/amatab.com\/en\/wp-json\/wp\/v2\/media?parent=77"}],"wp:term":[{"taxonomy":"folder","embeddable":true,"href":"https:\/\/amatab.com\/en\/wp-json\/wp\/v2\/folder?post=77"}],"curies":[{"name":"wp","href":"https:\/\/api.w.org\/{rel}","templated":true}]}}