{"id":8851,"date":"2023-11-13T12:05:37","date_gmt":"2023-11-13T11:05:37","guid":{"rendered":"https:\/\/amatab.com\/?page_id=8851"},"modified":"2024-02-05T12:10:24","modified_gmt":"2024-02-05T11:10:24","slug":"conseils-financiers","status":"publish","type":"page","link":"https:\/\/amatab.com\/en\/entreprises-petrolieres\/conseils-financiers\/","title":{"rendered":"Financial advice"},"content":{"rendered":"<div data-elementor-type=\"wp-page\" data-elementor-id=\"8851\" class=\"elementor elementor-8851\" data-elementor-post-type=\"page\">\n\t\t\t\t\t\t<section class=\"elementor-section elementor-top-section elementor-element elementor-element-4fa839b elementor-section-boxed elementor-section-height-default elementor-section-height-default\" data-id=\"4fa839b\" data-element_type=\"section\" data-e-type=\"section\">\n\t\t\t\t\t\t<div class=\"elementor-container elementor-column-gap-default\">\n\t\t\t\t\t<div class=\"elementor-column elementor-col-33 elementor-top-column elementor-element elementor-element-1f5a153\" data-id=\"1f5a153\" data-element_type=\"column\" data-e-type=\"column\">\n\t\t\t<div class=\"elementor-widget-wrap elementor-element-populated\">\n\t\t\t\t\t\t<div class=\"elementor-element elementor-element-db6f5f7 elementor-widget elementor-widget-text-editor\" data-id=\"db6f5f7\" data-element_type=\"widget\" data-e-type=\"widget\" data-widget_type=\"text-editor.default\">\n\t\t\t\t<div class=\"elementor-widget-container\">\n\t\t\t\t\t\t\t\t\t<p>La gestion financi\u00e8re efficace est un pilier fondamental de toute entreprise p\u00e9troli\u00e8re prosp\u00e8re. Chez AMATAB &amp; CO, nous comprenons les complexit\u00e9s financi\u00e8res li\u00e9es \u00e0 cette industrie et nous offrons des services de conseils financiers sur mesure pour vous aider \u00e0 atteindre vos objectifs financiers et op\u00e9rationnels.<\/p>\t\t\t\t\t\t\t\t<\/div>\n\t\t\t\t<\/div>\n\t\t\t\t<div class=\"elementor-element elementor-element-abeb8e9 elementor-widget__width-initial elementor-hidden-desktop elementor-hidden-tablet elementor-widget elementor-widget-image\" data-id=\"abeb8e9\" data-element_type=\"widget\" data-e-type=\"widget\" data-widget_type=\"image.default\">\n\t\t\t\t<div class=\"elementor-widget-container\">\n\t\t\t\t\t\t\t\t\t\t\t\t\t\t\t<img fetchpriority=\"high\" decoding=\"async\" width=\"683\" height=\"1024\" src=\"https:\/\/amatab.com\/wp-content\/uploads\/2023\/11\/vue-croisee-du-gestionnaire-ventes-aide-calculatrice-683x1024.jpg\" class=\"attachment-large size-large wp-image-12135\" alt=\"\" srcset=\"https:\/\/amatab.com\/wp-content\/uploads\/2023\/11\/vue-croisee-du-gestionnaire-ventes-aide-calculatrice-683x1024.jpg 683w, https:\/\/amatab.com\/wp-content\/uploads\/2023\/11\/vue-croisee-du-gestionnaire-ventes-aide-calculatrice-200x300.jpg 200w, https:\/\/amatab.com\/wp-content\/uploads\/2023\/11\/vue-croisee-du-gestionnaire-ventes-aide-calculatrice-768x1152.jpg 768w, https:\/\/amatab.com\/wp-content\/uploads\/2023\/11\/vue-croisee-du-gestionnaire-ventes-aide-calculatrice-1024x1536.jpg 1024w, https:\/\/amatab.com\/wp-content\/uploads\/2023\/11\/vue-croisee-du-gestionnaire-ventes-aide-calculatrice-1365x2048.jpg 1365w, https:\/\/amatab.com\/wp-content\/uploads\/2023\/11\/vue-croisee-du-gestionnaire-ventes-aide-calculatrice-1320x1980.jpg 1320w, https:\/\/amatab.com\/wp-content\/uploads\/2023\/11\/vue-croisee-du-gestionnaire-ventes-aide-calculatrice-600x900.jpg 600w, https:\/\/amatab.com\/wp-content\/uploads\/2023\/11\/vue-croisee-du-gestionnaire-ventes-aide-calculatrice-scaled.jpg 1707w\" sizes=\"(max-width: 683px) 100vw, 683px\" \/>\t\t\t\t\t\t\t\t\t\t\t\t\t\t\t<\/div>\n\t\t\t\t<\/div>\n\t\t\t\t<div class=\"elementor-element elementor-element-9afc2d5 elementor-widget elementor-widget-text-editor\" data-id=\"9afc2d5\" data-element_type=\"widget\" data-e-type=\"widget\" data-widget_type=\"text-editor.default\">\n\t\t\t\t<div class=\"elementor-widget-container\">\n\t\t\t\t\t\t\t\t\t<p>Notre \u00e9quipe de conseillers financiers poss\u00e8de une connaissance approfondie du secteur p\u00e9trolier, y compris les fluctuations des prix du p\u00e9trole, les d\u00e9fis li\u00e9s \u00e0 la gestion de tr\u00e9sorerie et les opportunit\u00e9s d&rsquo;investissement. Nous travaillons en \u00e9troite collaboration avec vous pour \u00e9laborer des strat\u00e9gies financi\u00e8res adapt\u00e9es \u00e0 vos besoins uniques. Que ce soit pour optimiser votre structure de capital, g\u00e9rer les risques financiers ou am\u00e9liorer la rentabilit\u00e9 de votre entreprise, nous sommes l\u00e0 pour vous guider.<\/p><p>En plus de nos services de conseil, nous pouvons vous aider \u00e0 mettre en place des syst\u00e8mes de comptabilit\u00e9 et de gestion financi\u00e8re de pointe pour assurer une transparence totale et une prise de d\u00e9cision \u00e9clair\u00e9e.\u00a0<\/p>\t\t\t\t\t\t\t\t<\/div>\n\t\t\t\t<\/div>\n\t\t\t\t\t<\/div>\n\t\t<\/div>\n\t\t\t\t<div class=\"elementor-column elementor-col-33 elementor-top-column elementor-element elementor-element-78b5a00\" data-id=\"78b5a00\" data-element_type=\"column\" data-e-type=\"column\">\n\t\t\t<div class=\"elementor-widget-wrap elementor-element-populated\">\n\t\t\t\t\t\t<div class=\"elementor-element elementor-element-db0a09f elementor-widget__width-initial elementor-hidden-mobile elementor-widget elementor-widget-image\" data-id=\"db0a09f\" data-element_type=\"widget\" data-e-type=\"widget\" data-widget_type=\"image.default\">\n\t\t\t\t<div class=\"elementor-widget-container\">\n\t\t\t\t\t\t\t\t\t\t\t\t\t\t\t<img fetchpriority=\"high\" decoding=\"async\" width=\"683\" height=\"1024\" src=\"https:\/\/amatab.com\/wp-content\/uploads\/2023\/11\/vue-croisee-du-gestionnaire-ventes-aide-calculatrice-683x1024.jpg\" class=\"attachment-large size-large wp-image-12135\" alt=\"\" srcset=\"https:\/\/amatab.com\/wp-content\/uploads\/2023\/11\/vue-croisee-du-gestionnaire-ventes-aide-calculatrice-683x1024.jpg 683w, https:\/\/amatab.com\/wp-content\/uploads\/2023\/11\/vue-croisee-du-gestionnaire-ventes-aide-calculatrice-200x300.jpg 200w, https:\/\/amatab.com\/wp-content\/uploads\/2023\/11\/vue-croisee-du-gestionnaire-ventes-aide-calculatrice-768x1152.jpg 768w, https:\/\/amatab.com\/wp-content\/uploads\/2023\/11\/vue-croisee-du-gestionnaire-ventes-aide-calculatrice-1024x1536.jpg 1024w, https:\/\/amatab.com\/wp-content\/uploads\/2023\/11\/vue-croisee-du-gestionnaire-ventes-aide-calculatrice-1365x2048.jpg 1365w, https:\/\/amatab.com\/wp-content\/uploads\/2023\/11\/vue-croisee-du-gestionnaire-ventes-aide-calculatrice-1320x1980.jpg 1320w, https:\/\/amatab.com\/wp-content\/uploads\/2023\/11\/vue-croisee-du-gestionnaire-ventes-aide-calculatrice-600x900.jpg 600w, https:\/\/amatab.com\/wp-content\/uploads\/2023\/11\/vue-croisee-du-gestionnaire-ventes-aide-calculatrice-scaled.jpg 1707w\" sizes=\"(max-width: 683px) 100vw, 683px\" \/>\t\t\t\t\t\t\t\t\t\t\t\t\t\t\t<\/div>\n\t\t\t\t<\/div>\n\t\t\t\t\t<\/div>\n\t\t<\/div>\n\t\t\t\t<div class=\"elementor-column elementor-col-33 elementor-top-column elementor-element elementor-element-ecdaa1f\" data-id=\"ecdaa1f\" data-element_type=\"column\" data-e-type=\"column\">\n\t\t\t<div class=\"elementor-widget-wrap elementor-element-populated\">\n\t\t\t\t\t\t<div class=\"elementor-element elementor-element-f29c716 elementor-widget elementor-widget-transx_links_list\" data-id=\"f29c716\" data-element_type=\"widget\" data-e-type=\"widget\" data-widget_type=\"transx_links_list.default\">\n\t\t\t\t<div class=\"elementor-widget-container\">\n\t\t\t\t\t\n        <div class=\"transx_links_list_widget\">\n            <div class=\"transx_links_list_wrapper transx_view_type_2\">\n                <h5 class=\"transx_links_list_title\">Other services<\/h5>\n\n                                            <a class=\"transx_links_list_item\" href=\"https:\/\/amatab.com\/en\/entreprises-petrolieres\/creation-de-lentreprise\/\" >\n                                <img decoding=\"async\" class=\"transx_img--bg\" src=\"http:\/\/amatab.com\/wp-content\/uploads\/2023\/11\/formalites-administratives-paperasserie-ecriture-scaled.jpg\" alt=\"Background Image\" \/>\n                                <h6>Foundation of the company<\/h6>\n                                <span class=\"transx_links_list_counter\">01<\/span>\n                            <\/a>\n                                                        <a class=\"transx_links_list_item\" href=\"https:\/\/amatab.com\/en\/entreprises-petrolieres\/documentation\/\" >\n                                <img decoding=\"async\" class=\"transx_img--bg\" src=\"http:\/\/amatab.com\/wp-content\/uploads\/2023\/11\/espace-travail-table-travail-bureau-scaled.jpg\" alt=\"Background Image\" \/>\n                                <h6>Documentation<\/h6>\n                                <span class=\"transx_links_list_counter\">02<\/span>\n                            <\/a>\n                                                            <\/div>\n        <\/div>\n\n        \t\t\t\t<\/div>\n\t\t\t\t<\/div>\n\t\t\t\t<div class=\"elementor-element elementor-element-84859b4 elementor-widget elementor-widget-html\" data-id=\"84859b4\" data-element_type=\"widget\" data-e-type=\"widget\" data-widget_type=\"html.default\">\n\t\t\t\t<div class=\"elementor-widget-container\">\n\t\t\t\t\t<div class=\"transx_contact-trigger transx_contact-trigger--style-2\">\n\n\n\t<h4 class=\"transx_contact-trigger__title\">Need a price quote?<\/h4>\n\n\t<p class=\"transx_contact-trigger__text\">We are here to quickly provide you with detailed information about our rates!<\/p>\n\n\t<a class=\"transx_button\" href=\"https:\/\/amatab.com\/en\/entreprises-petrolieres\/conseils-financiers\/obtenir-un-devis\/\">\n\t\t<span>Get a quote<\/span>\n\t\t<svg class=\"icon\">\n\t\t\t<svg viewbox=\"0 0 150 78.6\" xmlns=\"http:\/\/www.w3.org\/2000\/svg\"><path d=\"M0 31.5h150v12.7H0V31.5zM112.8-.1l30.9 31.5-8.8 9L104 8.9l8.8-9zm18.1 51l-18.4 18.8 8.9 9 18.4-18.8-8.9-9z\"\/><\/svg>\n\t\t<\/svg>\n\t<\/a>\n<\/div>\t\t\t\t<\/div>\n\t\t\t\t<\/div>\n\t\t\t\t\t<\/div>\n\t\t<\/div>\n\t\t\t\t\t<\/div>\n\t\t<\/section>\n\t\t\t\t<section class=\"elementor-section elementor-top-section elementor-element elementor-element-14bc776 elementor-section-boxed elementor-section-height-default elementor-section-height-default\" data-id=\"14bc776\" data-element_type=\"section\" data-e-type=\"section\">\n\t\t\t\t\t\t<div class=\"elementor-container elementor-column-gap-default\">\n\t\t\t\t\t<div class=\"elementor-column elementor-col-100 elementor-top-column elementor-element elementor-element-47d8d5c\" data-id=\"47d8d5c\" data-element_type=\"column\" data-e-type=\"column\">\n\t\t\t<div class=\"elementor-widget-wrap elementor-element-populated\">\n\t\t\t\t\t\t<section class=\"elementor-section elementor-inner-section elementor-element elementor-element-67fbe64 elementor-section-boxed elementor-section-height-default elementor-section-height-default\" data-id=\"67fbe64\" data-element_type=\"section\" data-e-type=\"section\">\n\t\t\t\t\t\t<div class=\"elementor-container elementor-column-gap-default\">\n\t\t\t\t\t<div class=\"elementor-column elementor-col-50 elementor-inner-column elementor-element elementor-element-662dd60\" data-id=\"662dd60\" data-element_type=\"column\" data-e-type=\"column\">\n\t\t\t<div class=\"elementor-widget-wrap\">\n\t\t\t\t\t\t\t<\/div>\n\t\t<\/div>\n\t\t\t\t<div class=\"elementor-column elementor-col-50 elementor-inner-column elementor-element elementor-element-4e713bb\" data-id=\"4e713bb\" data-element_type=\"column\" data-e-type=\"column\">\n\t\t\t<div class=\"elementor-widget-wrap\">\n\t\t\t\t\t\t\t<\/div>\n\t\t<\/div>\n\t\t\t\t\t<\/div>\n\t\t<\/section>\n\t\t\t\t\t<\/div>\n\t\t<\/div>\n\t\t\t\t\t<\/div>\n\t\t<\/section>\n\t\t\t\t<\/div>","protected":false},"excerpt":{"rendered":"<p>La gestion financi\u00e8re efficace est un pilier fondamental de toute entreprise p\u00e9troli\u00e8re prosp\u00e8re. Chez AMATAB &amp; CO, nous comprenons les complexit\u00e9s financi\u00e8res li\u00e9es \u00e0 cette industrie et nous offrons des services de conseils financiers sur mesure pour vous aider \u00e0 atteindre vos objectifs financiers et op\u00e9rationnels. Notre \u00e9quipe de conseillers financiers poss\u00e8de une connaissance approfondie [&hellip;]<\/p>\n","protected":false},"author":5,"featured_media":1275,"parent":3833,"menu_order":26,"comment_status":"closed","ping_status":"closed","template":"","meta":{"om_disable_all_campaigns":false,"_uf_show_specific_survey":0,"_uf_disable_surveys":false,"footnotes":""},"folder":[],"class_list":["post-8851","page","type-page","status-publish","has-post-thumbnail","hentry"],"aioseo_notices":[],"_links":{"self":[{"href":"https:\/\/amatab.com\/en\/wp-json\/wp\/v2\/pages\/8851","targetHints":{"allow":["GET"]}}],"collection":[{"href":"https:\/\/amatab.com\/en\/wp-json\/wp\/v2\/pages"}],"about":[{"href":"https:\/\/amatab.com\/en\/wp-json\/wp\/v2\/types\/page"}],"author":[{"embeddable":true,"href":"https:\/\/amatab.com\/en\/wp-json\/wp\/v2\/users\/5"}],"replies":[{"embeddable":true,"href":"https:\/\/amatab.com\/en\/wp-json\/wp\/v2\/comments?post=8851"}],"version-history":[{"count":55,"href":"https:\/\/amatab.com\/en\/wp-json\/wp\/v2\/pages\/8851\/revisions"}],"predecessor-version":[{"id":16157,"href":"https:\/\/amatab.com\/en\/wp-json\/wp\/v2\/pages\/8851\/revisions\/16157"}],"up":[{"embeddable":true,"href":"https:\/\/amatab.com\/en\/wp-json\/wp\/v2\/pages\/3833"}],"wp:featuredmedia":[{"embeddable":true,"href":"https:\/\/amatab.com\/en\/wp-json\/wp\/v2\/media\/1275"}],"wp:attachment":[{"href":"https:\/\/amatab.com\/en\/wp-json\/wp\/v2\/media?parent=8851"}],"wp:term":[{"taxonomy":"folder","embeddable":true,"href":"https:\/\/amatab.com\/en\/wp-json\/wp\/v2\/folder?post=8851"}],"curies":[{"name":"wp","href":"https:\/\/api.w.org\/{rel}","templated":true}]}}