{"id":9930,"date":"2023-11-15T11:46:21","date_gmt":"2023-11-15T10:46:21","guid":{"rendered":"https:\/\/amatab.com\/?page_id=9930"},"modified":"2024-01-25T16:58:24","modified_gmt":"2024-01-25T15:58:24","slug":"energie-renouvelable","status":"publish","type":"page","link":"https:\/\/amatab.com\/en\/autres-services\/energie-renouvelable\/","title":{"rendered":"Renewable energy"},"content":{"rendered":"<div data-elementor-type=\"wp-page\" data-elementor-id=\"9930\" class=\"elementor elementor-9930\" data-elementor-post-type=\"page\">\n\t\t\t\t\t\t<section class=\"elementor-section elementor-top-section elementor-element elementor-element-7331ca4 elementor-section-boxed elementor-section-height-default elementor-section-height-default\" data-id=\"7331ca4\" data-element_type=\"section\" data-e-type=\"section\">\n\t\t\t\t\t\t<div class=\"elementor-container elementor-column-gap-default\">\n\t\t\t\t\t<div class=\"elementor-column elementor-col-33 elementor-top-column elementor-element elementor-element-ebd0bcf\" data-id=\"ebd0bcf\" data-element_type=\"column\" data-e-type=\"column\">\n\t\t\t<div class=\"elementor-widget-wrap elementor-element-populated\">\n\t\t\t\t\t\t<div class=\"elementor-element elementor-element-ec9e6e4 elementor-widget elementor-widget-text-editor\" data-id=\"ec9e6e4\" data-element_type=\"widget\" data-e-type=\"widget\" data-widget_type=\"text-editor.default\">\n\t\t\t\t<div class=\"elementor-widget-container\">\n\t\t\t\t\t\t\t\t\t<p>AMATAB &amp; CO is committed to the transition to renewable energy. We offer comprehensive transport and customs clearance services for renewable energy technologies and equipment.<\/p>\t\t\t\t\t\t\t\t<\/div>\n\t\t\t\t<\/div>\n\t\t\t\t<div class=\"elementor-element elementor-element-fd8831c elementor-hidden-desktop elementor-hidden-tablet elementor-widget elementor-widget-image\" data-id=\"fd8831c\" data-element_type=\"widget\" data-e-type=\"widget\" data-widget_type=\"image.default\">\n\t\t\t\t<div class=\"elementor-widget-container\">\n\t\t\t\t\t\t\t\t\t\t\t\t\t\t\t<img fetchpriority=\"high\" decoding=\"async\" width=\"768\" height=\"1152\" src=\"https:\/\/amatab.com\/wp-content\/uploads\/2023\/11\/eolienne-panneaux-solaires-faible-angle-768x1152.jpg\" class=\"attachment-medium_large size-medium_large wp-image-9985\" alt=\"\" srcset=\"https:\/\/amatab.com\/wp-content\/uploads\/2023\/11\/eolienne-panneaux-solaires-faible-angle-768x1152.jpg 768w, https:\/\/amatab.com\/wp-content\/uploads\/2023\/11\/eolienne-panneaux-solaires-faible-angle-200x300.jpg 200w, https:\/\/amatab.com\/wp-content\/uploads\/2023\/11\/eolienne-panneaux-solaires-faible-angle-683x1024.jpg 683w, https:\/\/amatab.com\/wp-content\/uploads\/2023\/11\/eolienne-panneaux-solaires-faible-angle-1024x1536.jpg 1024w, https:\/\/amatab.com\/wp-content\/uploads\/2023\/11\/eolienne-panneaux-solaires-faible-angle-1365x2048.jpg 1365w, https:\/\/amatab.com\/wp-content\/uploads\/2023\/11\/eolienne-panneaux-solaires-faible-angle-1320x1980.jpg 1320w, https:\/\/amatab.com\/wp-content\/uploads\/2023\/11\/eolienne-panneaux-solaires-faible-angle-600x900.jpg 600w, https:\/\/amatab.com\/wp-content\/uploads\/2023\/11\/eolienne-panneaux-solaires-faible-angle-scaled.jpg 1707w\" sizes=\"(max-width: 768px) 100vw, 768px\" \/>\t\t\t\t\t\t\t\t\t\t\t\t\t\t\t<\/div>\n\t\t\t\t<\/div>\n\t\t\t\t<div class=\"elementor-element elementor-element-7773438 elementor-widget elementor-widget-text-editor\" data-id=\"7773438\" data-element_type=\"widget\" data-e-type=\"widget\" data-widget_type=\"text-editor.default\">\n\t\t\t\t<div class=\"elementor-widget-container\">\n\t\t\t\t\t\t\t\t\t<p>Whether you are involved in solar, wind, hydro, or any other clean energy source, we are committed to facilitating the safe delivery of your components wherever you need them.<\/p><p>Faites \u00e9quipe avec nous pour promouvoir une plan\u00e8te plus verte gr\u00e2ce \u00e0 nos services de transport d\u00e9di\u00e9s \u00e0 l&rsquo;\u00e9nergie renouvelable !<\/p>\t\t\t\t\t\t\t\t<\/div>\n\t\t\t\t<\/div>\n\t\t\t\t\t<\/div>\n\t\t<\/div>\n\t\t\t\t<div class=\"elementor-column elementor-col-33 elementor-top-column elementor-element elementor-element-b44a05b\" data-id=\"b44a05b\" data-element_type=\"column\" data-e-type=\"column\">\n\t\t\t<div class=\"elementor-widget-wrap elementor-element-populated\">\n\t\t\t\t\t\t<div class=\"elementor-element elementor-element-3f8b6b4 elementor-hidden-mobile elementor-widget elementor-widget-image\" data-id=\"3f8b6b4\" data-element_type=\"widget\" data-e-type=\"widget\" data-widget_type=\"image.default\">\n\t\t\t\t<div class=\"elementor-widget-container\">\n\t\t\t\t\t\t\t\t\t\t\t\t\t\t\t<img fetchpriority=\"high\" decoding=\"async\" width=\"768\" height=\"1152\" src=\"https:\/\/amatab.com\/wp-content\/uploads\/2023\/11\/eolienne-panneaux-solaires-faible-angle-768x1152.jpg\" class=\"attachment-medium_large size-medium_large wp-image-9985\" alt=\"\" srcset=\"https:\/\/amatab.com\/wp-content\/uploads\/2023\/11\/eolienne-panneaux-solaires-faible-angle-768x1152.jpg 768w, https:\/\/amatab.com\/wp-content\/uploads\/2023\/11\/eolienne-panneaux-solaires-faible-angle-200x300.jpg 200w, https:\/\/amatab.com\/wp-content\/uploads\/2023\/11\/eolienne-panneaux-solaires-faible-angle-683x1024.jpg 683w, https:\/\/amatab.com\/wp-content\/uploads\/2023\/11\/eolienne-panneaux-solaires-faible-angle-1024x1536.jpg 1024w, https:\/\/amatab.com\/wp-content\/uploads\/2023\/11\/eolienne-panneaux-solaires-faible-angle-1365x2048.jpg 1365w, https:\/\/amatab.com\/wp-content\/uploads\/2023\/11\/eolienne-panneaux-solaires-faible-angle-1320x1980.jpg 1320w, https:\/\/amatab.com\/wp-content\/uploads\/2023\/11\/eolienne-panneaux-solaires-faible-angle-600x900.jpg 600w, https:\/\/amatab.com\/wp-content\/uploads\/2023\/11\/eolienne-panneaux-solaires-faible-angle-scaled.jpg 1707w\" sizes=\"(max-width: 768px) 100vw, 768px\" \/>\t\t\t\t\t\t\t\t\t\t\t\t\t\t\t<\/div>\n\t\t\t\t<\/div>\n\t\t\t\t\t<\/div>\n\t\t<\/div>\n\t\t\t\t<div class=\"elementor-column elementor-col-33 elementor-top-column elementor-element elementor-element-b51aa21\" data-id=\"b51aa21\" data-element_type=\"column\" data-e-type=\"column\">\n\t\t\t<div class=\"elementor-widget-wrap elementor-element-populated\">\n\t\t\t\t\t\t<div class=\"elementor-element elementor-element-d79f24d elementor-widget elementor-widget-transx_links_list\" data-id=\"d79f24d\" data-element_type=\"widget\" data-e-type=\"widget\" data-widget_type=\"transx_links_list.default\">\n\t\t\t\t<div class=\"elementor-widget-container\">\n\t\t\t\t\t\n        <div class=\"transx_links_list_widget\">\n            <div class=\"transx_links_list_wrapper transx_view_type_2\">\n                <h5 class=\"transx_links_list_title\">Other services<\/h5>\n\n                                            <a class=\"transx_links_list_item\" href=\"https:\/\/amatab.com\/en\/autres-services\/industriel\/\" >\n                                <img decoding=\"async\" class=\"transx_img--bg\" src=\"http:\/\/amatab.com\/wp-content\/uploads\/2023\/11\/concept-logistique-entreprise-fret-conteneur-scaled.jpg\" alt=\"Background Image\" \/>\n                                <h6>industrial <\/h6>\n                                <span class=\"transx_links_list_counter\">01<\/span>\n                            <\/a>\n                                                        <a class=\"transx_links_list_item\" href=\"https:\/\/amatab.com\/en\/autres-services\/cargaison-speciale\/\" >\n                                <img decoding=\"async\" class=\"transx_img--bg\" src=\"http:\/\/amatab.com\/wp-content\/uploads\/2023\/11\/grue-fret-enorme-port-chargeant-conteneur-jaune-ai-generative-scaled.jpg\" alt=\"Background Image\" \/>\n                                <h6>special cargo<\/h6>\n                                <span class=\"transx_links_list_counter\">02<\/span>\n                            <\/a>\n                                                            <\/div>\n        <\/div>\n\n        \t\t\t\t<\/div>\n\t\t\t\t<\/div>\n\t\t\t\t<div class=\"elementor-element elementor-element-15435ee elementor-widget elementor-widget-html\" data-id=\"15435ee\" data-element_type=\"widget\" data-e-type=\"widget\" data-widget_type=\"html.default\">\n\t\t\t\t<div class=\"elementor-widget-container\">\n\t\t\t\t\t<div class=\"transx_contact-trigger transx_contact-trigger--style-2\">\n\n\t<h4 class=\"transx_contact-trigger__title\">Need a price quote?<\/h4>\n\n\t<p class=\"transx_contact-trigger__text\">We are here to quickly provide you with detailed information about our rates!<\/p>\n\n\t<a class=\"transx_button\" href=\"https:\/\/amatab.com\/en\/autres-services\/energie-renouvelable\/obtenir-un-devis\/\">\n\t\t<span>Get a quote<\/span>\n\t\t<svg class=\"icon\">\n\t\t\t<svg viewbox=\"0 0 150 78.6\" xmlns=\"http:\/\/www.w3.org\/2000\/svg\"><path d=\"M0 31.5h150v12.7H0V31.5zM112.8-.1l30.9 31.5-8.8 9L104 8.9l8.8-9zm18.1 51l-18.4 18.8 8.9 9 18.4-18.8-8.9-9z\"\/><\/svg>\n\t\t<\/svg>\n\t<\/a>\n<\/div>\n\t\t\t\t<\/div>\n\t\t\t\t<\/div>\n\t\t\t\t\t<\/div>\n\t\t<\/div>\n\t\t\t\t\t<\/div>\n\t\t<\/section>\n\t\t\t\t<\/div>","protected":false},"excerpt":{"rendered":"<p>AMATAB &amp; CO est un acteur engag\u00e9 dans la transition vers les \u00e9nergies renouvelables. Nous offrons des services complets de transport et de d\u00e9douanement pour les technologies et \u00e9quipements li\u00e9s aux \u00e9nergies renouvelables. Que vous soyez impliqu\u00e9s dans l&rsquo;\u00e9nergie solaire, \u00e9olienne, hydraulique, ou toute autre source d&rsquo;\u00e9nergie propre, nous nous engageons \u00e0 faciliter la livraison [&hellip;]<\/p>\n","protected":false},"author":5,"featured_media":1275,"parent":3286,"menu_order":24,"comment_status":"closed","ping_status":"closed","template":"","meta":{"om_disable_all_campaigns":false,"_uf_show_specific_survey":0,"_uf_disable_surveys":false,"footnotes":""},"folder":[],"class_list":["post-9930","page","type-page","status-publish","has-post-thumbnail","hentry"],"aioseo_notices":[],"_links":{"self":[{"href":"https:\/\/amatab.com\/en\/wp-json\/wp\/v2\/pages\/9930","targetHints":{"allow":["GET"]}}],"collection":[{"href":"https:\/\/amatab.com\/en\/wp-json\/wp\/v2\/pages"}],"about":[{"href":"https:\/\/amatab.com\/en\/wp-json\/wp\/v2\/types\/page"}],"author":[{"embeddable":true,"href":"https:\/\/amatab.com\/en\/wp-json\/wp\/v2\/users\/5"}],"replies":[{"embeddable":true,"href":"https:\/\/amatab.com\/en\/wp-json\/wp\/v2\/comments?post=9930"}],"version-history":[{"count":43,"href":"https:\/\/amatab.com\/en\/wp-json\/wp\/v2\/pages\/9930\/revisions"}],"predecessor-version":[{"id":16217,"href":"https:\/\/amatab.com\/en\/wp-json\/wp\/v2\/pages\/9930\/revisions\/16217"}],"up":[{"embeddable":true,"href":"https:\/\/amatab.com\/en\/wp-json\/wp\/v2\/pages\/3286"}],"wp:featuredmedia":[{"embeddable":true,"href":"https:\/\/amatab.com\/en\/wp-json\/wp\/v2\/media\/1275"}],"wp:attachment":[{"href":"https:\/\/amatab.com\/en\/wp-json\/wp\/v2\/media?parent=9930"}],"wp:term":[{"taxonomy":"folder","embeddable":true,"href":"https:\/\/amatab.com\/en\/wp-json\/wp\/v2\/folder?post=9930"}],"curies":[{"name":"wp","href":"https:\/\/api.w.org\/{rel}","templated":true}]}}