{"id":9937,"date":"2023-11-15T11:47:28","date_gmt":"2023-11-15T10:47:28","guid":{"rendered":"https:\/\/amatab.com\/?page_id=9937"},"modified":"2024-01-27T12:57:07","modified_gmt":"2024-01-27T11:57:07","slug":"cargaison-speciale","status":"publish","type":"page","link":"https:\/\/amatab.com\/en\/autres-services\/cargaison-speciale\/","title":{"rendered":"special cargo"},"content":{"rendered":"<div data-elementor-type=\"wp-page\" data-elementor-id=\"9937\" class=\"elementor elementor-9937\" data-elementor-post-type=\"page\">\n\t\t\t\t\t\t<section class=\"elementor-section elementor-top-section elementor-element elementor-element-a8c8e10 elementor-section-boxed elementor-section-height-default elementor-section-height-default\" data-id=\"a8c8e10\" data-element_type=\"section\" data-e-type=\"section\">\n\t\t\t\t\t\t<div class=\"elementor-container elementor-column-gap-default\">\n\t\t\t\t\t<div class=\"elementor-column elementor-col-33 elementor-top-column elementor-element elementor-element-c3aad24\" data-id=\"c3aad24\" data-element_type=\"column\" data-e-type=\"column\">\n\t\t\t<div class=\"elementor-widget-wrap elementor-element-populated\">\n\t\t\t\t\t\t<div class=\"elementor-element elementor-element-913a49f elementor-widget elementor-widget-text-editor\" data-id=\"913a49f\" data-element_type=\"widget\" data-e-type=\"widget\" data-widget_type=\"text-editor.default\">\n\t\t\t\t<div class=\"elementor-widget-container\">\n\t\t\t\t\t\t\t\t\t<p>AMATAB &amp; CO excels in the transport of special cargoes requiring special attention.<\/p><p>Whether it\u2019s moving massive industrial equipment, non-standard machinery, oversized vehicles or even entire structures, we\u2019re ready for the challenge.<\/p>\t\t\t\t\t\t\t\t<\/div>\n\t\t\t\t<\/div>\n\t\t\t\t<div class=\"elementor-element elementor-element-59b011c elementor-hidden-desktop elementor-hidden-tablet elementor-widget elementor-widget-image\" data-id=\"59b011c\" data-element_type=\"widget\" data-e-type=\"widget\" data-widget_type=\"image.default\">\n\t\t\t\t<div class=\"elementor-widget-container\">\n\t\t\t\t\t\t\t\t\t\t\t\t\t\t\t<img fetchpriority=\"high\" decoding=\"async\" width=\"680\" height=\"1024\" src=\"https:\/\/amatab.com\/wp-content\/uploads\/2023\/11\/representation-chaine-approvisionnement-nature-morte-1-680x1024.jpg\" class=\"attachment-large size-large wp-image-9999\" alt=\"\" srcset=\"https:\/\/amatab.com\/wp-content\/uploads\/2023\/11\/representation-chaine-approvisionnement-nature-morte-1-680x1024.jpg 680w, https:\/\/amatab.com\/wp-content\/uploads\/2023\/11\/representation-chaine-approvisionnement-nature-morte-1-199x300.jpg 199w, https:\/\/amatab.com\/wp-content\/uploads\/2023\/11\/representation-chaine-approvisionnement-nature-morte-1-768x1156.jpg 768w, https:\/\/amatab.com\/wp-content\/uploads\/2023\/11\/representation-chaine-approvisionnement-nature-morte-1-1020x1536.jpg 1020w, https:\/\/amatab.com\/wp-content\/uploads\/2023\/11\/representation-chaine-approvisionnement-nature-morte-1-1360x2048.jpg 1360w, https:\/\/amatab.com\/wp-content\/uploads\/2023\/11\/representation-chaine-approvisionnement-nature-morte-1-1320x1987.jpg 1320w, https:\/\/amatab.com\/wp-content\/uploads\/2023\/11\/representation-chaine-approvisionnement-nature-morte-1-600x903.jpg 600w, https:\/\/amatab.com\/wp-content\/uploads\/2023\/11\/representation-chaine-approvisionnement-nature-morte-1-scaled.jpg 1701w\" sizes=\"(max-width: 680px) 100vw, 680px\" \/>\t\t\t\t\t\t\t\t\t\t\t\t\t\t\t<\/div>\n\t\t\t\t<\/div>\n\t\t\t\t<div class=\"elementor-element elementor-element-bca5e3a elementor-widget elementor-widget-text-editor\" data-id=\"bca5e3a\" data-element_type=\"widget\" data-e-type=\"widget\" data-widget_type=\"text-editor.default\">\n\t\t\t\t<div class=\"elementor-widget-container\">\n\t\t\t\t\t\t\t\t\t<p>Our special transport experts, in partnership with experienced professionals, ensure a fast, safe and economical delivery of your goods.<\/p><p>You can count on our expertise to overcome the challenges of transporting special cargoes, regardless of their scale.<\/p>\t\t\t\t\t\t\t\t<\/div>\n\t\t\t\t<\/div>\n\t\t\t\t\t<\/div>\n\t\t<\/div>\n\t\t\t\t<div class=\"elementor-column elementor-col-33 elementor-top-column elementor-element elementor-element-509fac5\" data-id=\"509fac5\" data-element_type=\"column\" data-e-type=\"column\">\n\t\t\t<div class=\"elementor-widget-wrap elementor-element-populated\">\n\t\t\t\t\t\t<div class=\"elementor-element elementor-element-5194a1c elementor-hidden-mobile elementor-widget elementor-widget-image\" data-id=\"5194a1c\" data-element_type=\"widget\" data-e-type=\"widget\" data-widget_type=\"image.default\">\n\t\t\t\t<div class=\"elementor-widget-container\">\n\t\t\t\t\t\t\t\t\t\t\t\t\t\t\t<img fetchpriority=\"high\" decoding=\"async\" width=\"680\" height=\"1024\" src=\"https:\/\/amatab.com\/wp-content\/uploads\/2023\/11\/representation-chaine-approvisionnement-nature-morte-1-680x1024.jpg\" class=\"attachment-large size-large wp-image-9999\" alt=\"\" srcset=\"https:\/\/amatab.com\/wp-content\/uploads\/2023\/11\/representation-chaine-approvisionnement-nature-morte-1-680x1024.jpg 680w, https:\/\/amatab.com\/wp-content\/uploads\/2023\/11\/representation-chaine-approvisionnement-nature-morte-1-199x300.jpg 199w, https:\/\/amatab.com\/wp-content\/uploads\/2023\/11\/representation-chaine-approvisionnement-nature-morte-1-768x1156.jpg 768w, https:\/\/amatab.com\/wp-content\/uploads\/2023\/11\/representation-chaine-approvisionnement-nature-morte-1-1020x1536.jpg 1020w, https:\/\/amatab.com\/wp-content\/uploads\/2023\/11\/representation-chaine-approvisionnement-nature-morte-1-1360x2048.jpg 1360w, https:\/\/amatab.com\/wp-content\/uploads\/2023\/11\/representation-chaine-approvisionnement-nature-morte-1-1320x1987.jpg 1320w, https:\/\/amatab.com\/wp-content\/uploads\/2023\/11\/representation-chaine-approvisionnement-nature-morte-1-600x903.jpg 600w, https:\/\/amatab.com\/wp-content\/uploads\/2023\/11\/representation-chaine-approvisionnement-nature-morte-1-scaled.jpg 1701w\" sizes=\"(max-width: 680px) 100vw, 680px\" \/>\t\t\t\t\t\t\t\t\t\t\t\t\t\t\t<\/div>\n\t\t\t\t<\/div>\n\t\t\t\t\t<\/div>\n\t\t<\/div>\n\t\t\t\t<div class=\"elementor-column elementor-col-33 elementor-top-column elementor-element elementor-element-8d21590\" data-id=\"8d21590\" data-element_type=\"column\" data-e-type=\"column\">\n\t\t\t<div class=\"elementor-widget-wrap elementor-element-populated\">\n\t\t\t\t\t\t<div class=\"elementor-element elementor-element-9f84c69 elementor-widget elementor-widget-transx_links_list\" data-id=\"9f84c69\" data-element_type=\"widget\" data-e-type=\"widget\" data-widget_type=\"transx_links_list.default\">\n\t\t\t\t<div class=\"elementor-widget-container\">\n\t\t\t\t\t\n        <div class=\"transx_links_list_widget\">\n            <div class=\"transx_links_list_wrapper transx_view_type_2\">\n                <h5 class=\"transx_links_list_title\">Other services<\/h5>\n\n                                            <a class=\"transx_links_list_item\" href=\"https:\/\/amatab.com\/en\/autres-services\/energie-renouvelable\/\" >\n                                <img decoding=\"async\" class=\"transx_img--bg\" src=\"http:\/\/amatab.com\/wp-content\/uploads\/2023\/11\/ciel-du-coucher-du-soleil-alimente-energie-eolienne-solaire-generee-par-ia-scaled.jpg\" alt=\"Background Image\" \/>\n                                <h6>Renewable energy<\/h6>\n                                <span class=\"transx_links_list_counter\">01<\/span>\n                            <\/a>\n                                                        <a class=\"transx_links_list_item\" href=\"https:\/\/amatab.com\/en\/autres-services\/industriel\/\" >\n                                <img decoding=\"async\" class=\"transx_img--bg\" src=\"http:\/\/amatab.com\/wp-content\/uploads\/2023\/11\/concept-logistique-entreprise-fret-conteneur-scaled.jpg\" alt=\"Background Image\" \/>\n                                <h6>industrial<\/h6>\n                                <span class=\"transx_links_list_counter\">02<\/span>\n                            <\/a>\n                                                            <\/div>\n        <\/div>\n\n        \t\t\t\t<\/div>\n\t\t\t\t<\/div>\n\t\t\t\t<div class=\"elementor-element elementor-element-797c30d elementor-widget elementor-widget-html\" data-id=\"797c30d\" data-element_type=\"widget\" data-e-type=\"widget\" data-widget_type=\"html.default\">\n\t\t\t\t<div class=\"elementor-widget-container\">\n\t\t\t\t\t<div class=\"transx_contact-trigger transx_contact-trigger--style-2\">\n\n\n\t<h4 class=\"transx_contact-trigger__title\">Need a price quote?<\/h4>\n\n\t<p class=\"transx_contact-trigger__text\">We are here to quickly provide you with detailed information about our rates!<\/p>\n\n\t<a class=\"transx_button\" href=\"https:\/\/amatab.com\/en\/autres-services\/cargaison-speciale\/obtenir-un-devis\/\">\n\t\t<span>Get a quote<\/span>\n\t\t<svg class=\"icon\">\n\t\t\t<svg viewbox=\"0 0 150 78.6\" xmlns=\"http:\/\/www.w3.org\/2000\/svg\"><path d=\"M0 31.5h150v12.7H0V31.5zM112.8-.1l30.9 31.5-8.8 9L104 8.9l8.8-9zm18.1 51l-18.4 18.8 8.9 9 18.4-18.8-8.9-9z\"\/><\/svg>\n\t\t<\/svg>\n\t<\/a>\n<\/div>\n\t\t\t\t<\/div>\n\t\t\t\t<\/div>\n\t\t\t\t\t<\/div>\n\t\t<\/div>\n\t\t\t\t\t<\/div>\n\t\t<\/section>\n\t\t\t\t<section class=\"elementor-section elementor-top-section elementor-element elementor-element-917b755 elementor-section-boxed elementor-section-height-default elementor-section-height-default\" data-id=\"917b755\" data-element_type=\"section\" data-e-type=\"section\">\n\t\t\t\t\t\t<div class=\"elementor-container elementor-column-gap-default\">\n\t\t\t\t\t<div class=\"elementor-column elementor-col-100 elementor-top-column elementor-element elementor-element-39d9467\" data-id=\"39d9467\" data-element_type=\"column\" data-e-type=\"column\">\n\t\t\t<div class=\"elementor-widget-wrap\">\n\t\t\t\t\t\t\t<\/div>\n\t\t<\/div>\n\t\t\t\t\t<\/div>\n\t\t<\/section>\n\t\t\t\t<\/div>","protected":false},"excerpt":{"rendered":"<p>AMATAB &amp; CO excelle dans le transport de cargaisons sp\u00e9ciales exigeant une attention particuli\u00e8re. Qu&rsquo;il s&rsquo;agisse de d\u00e9placer des \u00e9quipements industriels massifs, des machines hors normes, des v\u00e9hicules surdimensionn\u00e9s ou m\u00eame des structures enti\u00e8res, nous sommes pr\u00eats pour le d\u00e9fi. Nos experts en transport sp\u00e9cial, en partenariat avec des professionnels exp\u00e9riment\u00e9s, assurent un acheminement rapide, [&hellip;]<\/p>\n","protected":false},"author":5,"featured_media":1275,"parent":3286,"menu_order":23,"comment_status":"closed","ping_status":"closed","template":"","meta":{"om_disable_all_campaigns":false,"_uf_show_specific_survey":0,"_uf_disable_surveys":false,"footnotes":""},"folder":[],"class_list":["post-9937","page","type-page","status-publish","has-post-thumbnail","hentry"],"aioseo_notices":[],"_links":{"self":[{"href":"https:\/\/amatab.com\/en\/wp-json\/wp\/v2\/pages\/9937","targetHints":{"allow":["GET"]}}],"collection":[{"href":"https:\/\/amatab.com\/en\/wp-json\/wp\/v2\/pages"}],"about":[{"href":"https:\/\/amatab.com\/en\/wp-json\/wp\/v2\/types\/page"}],"author":[{"embeddable":true,"href":"https:\/\/amatab.com\/en\/wp-json\/wp\/v2\/users\/5"}],"replies":[{"embeddable":true,"href":"https:\/\/amatab.com\/en\/wp-json\/wp\/v2\/comments?post=9937"}],"version-history":[{"count":37,"href":"https:\/\/amatab.com\/en\/wp-json\/wp\/v2\/pages\/9937\/revisions"}],"predecessor-version":[{"id":16223,"href":"https:\/\/amatab.com\/en\/wp-json\/wp\/v2\/pages\/9937\/revisions\/16223"}],"up":[{"embeddable":true,"href":"https:\/\/amatab.com\/en\/wp-json\/wp\/v2\/pages\/3286"}],"wp:featuredmedia":[{"embeddable":true,"href":"https:\/\/amatab.com\/en\/wp-json\/wp\/v2\/media\/1275"}],"wp:attachment":[{"href":"https:\/\/amatab.com\/en\/wp-json\/wp\/v2\/media?parent=9937"}],"wp:term":[{"taxonomy":"folder","embeddable":true,"href":"https:\/\/amatab.com\/en\/wp-json\/wp\/v2\/folder?post=9937"}],"curies":[{"name":"wp","href":"https:\/\/api.w.org\/{rel}","templated":true}]}}