{"id":11459,"date":"2023-11-20T11:23:59","date_gmt":"2023-11-20T10:23:59","guid":{"rendered":"https:\/\/amatab.com\/?page_id=11459"},"modified":"2024-01-31T12:11:02","modified_gmt":"2024-01-31T11:11:02","slug":"services-transport","status":"publish","type":"page","link":"https:\/\/amatab.com\/fr\/services-petroliers\/services-transport\/","title":{"rendered":"Services de transport"},"content":{"rendered":"\t\t<div data-elementor-type=\"wp-page\" data-elementor-id=\"11459\" class=\"elementor elementor-11459\" data-elementor-post-type=\"page\">\n\t\t\t\t\t\t<section class=\"elementor-section elementor-top-section elementor-element elementor-element-76f9aba elementor-section-boxed elementor-section-height-default elementor-section-height-default\" data-id=\"76f9aba\" data-element_type=\"section\" data-e-type=\"section\">\n\t\t\t\t\t\t<div class=\"elementor-container elementor-column-gap-default\">\n\t\t\t\t\t<div class=\"elementor-column elementor-col-33 elementor-top-column elementor-element elementor-element-1cd76fc\" data-id=\"1cd76fc\" data-element_type=\"column\" data-e-type=\"column\">\n\t\t\t<div class=\"elementor-widget-wrap elementor-element-populated\">\n\t\t\t\t\t\t<div class=\"elementor-element elementor-element-1125218 elementor-widget elementor-widget-text-editor\" data-id=\"1125218\" data-element_type=\"widget\" data-e-type=\"widget\" data-widget_type=\"text-editor.default\">\n\t\t\t\t<div class=\"elementor-widget-container\">\n\t\t\t\t\t\t\t\t\t<p>Nous proposons des solutions de transport sp\u00e9cifiques, con\u00e7ues pour garantir que vos \u00e9quipes arrivent sur les lieux du projet en toute s\u00e9curit\u00e9 et \u00e0 temps, quel que soit l&rsquo;endroit.<\/p><p>Notre flotte de v\u00e9hicules modernes et bien entretenues, associ\u00e9e \u00e0 des chauffeurs exp\u00e9riment\u00e9s, assure des d\u00e9placements fiables sur la route.<\/p><p>De plus, nous offrons des services de navette a\u00e9rienne pour les sites \u00e9loign\u00e9s, assurant des liaisons a\u00e9riennes rapides.<\/p><p>Notre engagement en mati\u00e8re de transport vise \u00e0 simplifier les d\u00e9placements de votre personnel, \u00e0 garantir leur s\u00e9curit\u00e9 en toutes circonstances, et \u00e0 minimiser les interruptions pour maintenir la continuit\u00e9 du projet p\u00e9trolier.<\/p><p>\u00a0<\/p>\t\t\t\t\t\t\t\t<\/div>\n\t\t\t\t<\/div>\n\t\t\t\t\t<\/div>\n\t\t<\/div>\n\t\t\t\t<div class=\"elementor-column elementor-col-33 elementor-top-column elementor-element elementor-element-f081506\" data-id=\"f081506\" data-element_type=\"column\" data-e-type=\"column\">\n\t\t\t<div class=\"elementor-widget-wrap elementor-element-populated\">\n\t\t\t\t\t\t<div class=\"elementor-element elementor-element-654c8b9 elementor-widget__width-initial elementor-widget elementor-widget-image\" data-id=\"654c8b9\" data-element_type=\"widget\" data-e-type=\"widget\" data-widget_type=\"image.default\">\n\t\t\t\t<div class=\"elementor-widget-container\">\n\t\t\t\t\t\t\t\t\t\t\t\t\t\t\t<img fetchpriority=\"high\" decoding=\"async\" width=\"683\" height=\"1024\" src=\"https:\/\/amatab.com\/wp-content\/uploads\/2023\/11\/conductrice-professionnelle-au-travail-683x1024.jpg\" class=\"attachment-large size-large wp-image-11484\" alt=\"\" srcset=\"https:\/\/amatab.com\/wp-content\/uploads\/2023\/11\/conductrice-professionnelle-au-travail-683x1024.jpg 683w, https:\/\/amatab.com\/wp-content\/uploads\/2023\/11\/conductrice-professionnelle-au-travail-200x300.jpg 200w, https:\/\/amatab.com\/wp-content\/uploads\/2023\/11\/conductrice-professionnelle-au-travail-768x1152.jpg 768w, https:\/\/amatab.com\/wp-content\/uploads\/2023\/11\/conductrice-professionnelle-au-travail-1024x1536.jpg 1024w, https:\/\/amatab.com\/wp-content\/uploads\/2023\/11\/conductrice-professionnelle-au-travail-1365x2048.jpg 1365w, https:\/\/amatab.com\/wp-content\/uploads\/2023\/11\/conductrice-professionnelle-au-travail-1320x1980.jpg 1320w, https:\/\/amatab.com\/wp-content\/uploads\/2023\/11\/conductrice-professionnelle-au-travail-600x900.jpg 600w, https:\/\/amatab.com\/wp-content\/uploads\/2023\/11\/conductrice-professionnelle-au-travail-scaled.jpg 1707w\" sizes=\"(max-width: 683px) 100vw, 683px\" \/>\t\t\t\t\t\t\t\t\t\t\t\t\t\t\t<\/div>\n\t\t\t\t<\/div>\n\t\t\t\t\t<\/div>\n\t\t<\/div>\n\t\t\t\t<div class=\"elementor-column elementor-col-33 elementor-top-column elementor-element elementor-element-f764542\" data-id=\"f764542\" data-element_type=\"column\" data-e-type=\"column\">\n\t\t\t<div class=\"elementor-widget-wrap elementor-element-populated\">\n\t\t\t\t\t\t<div class=\"elementor-element elementor-element-73cc484 elementor-widget elementor-widget-transx_links_list\" data-id=\"73cc484\" data-element_type=\"widget\" data-e-type=\"widget\" data-widget_type=\"transx_links_list.default\">\n\t\t\t\t<div class=\"elementor-widget-container\">\n\t\t\t\t\t\n        <div class=\"transx_links_list_widget\">\n            <div class=\"transx_links_list_wrapper transx_view_type_2\">\n                <h5 class=\"transx_links_list_title\">Autres services<\/h5>\n\n                                            <a class=\"transx_links_list_item\" href=\"https:\/\/amatab.com\/fr\/services-petroliers\/mesures-de-protection\/\" >\n                                <img decoding=\"async\" class=\"transx_img--bg\" src=\"http:\/\/amatab.com\/wp-content\/uploads\/2023\/10\/side-view-male-worker-with-protective-glasses-reflective-vest_23-2148773500.jpg\" alt=\"Background Image\" \/>\n                                <h6>Mesures de protection<\/h6>\n                                <span class=\"transx_links_list_counter\">01<\/span>\n                            <\/a>\n                                                        <a class=\"transx_links_list_item\" href=\"https:\/\/amatab.com\/fr\/services-petroliers\/services-medicaux-2\/\" >\n                                <img decoding=\"async\" class=\"transx_img--bg\" src=\"http:\/\/amatab.com\/wp-content\/uploads\/2023\/11\/medecin-posant-stethoscope-scaled.jpg\" alt=\"Background Image\" \/>\n                                <h6>Services medicaux<\/h6>\n                                <span class=\"transx_links_list_counter\">02<\/span>\n                            <\/a>\n                                                        <a class=\"transx_links_list_item\" href=\"https:\/\/amatab.com\/fr\/services-petroliers\/securite-professionnelle-et-materiel-de-securite\/\" >\n                                <img decoding=\"async\" class=\"transx_img--bg\" src=\"http:\/\/amatab.com\/wp-content\/uploads\/2023\/11\/champs-parcs-eoliens-4-scaled.jpg\" alt=\"Background Image\" \/>\n                                <h6>S\u00e9curit\u00e9 professionnelle et mat\u00e9riel de s\u00e9curit\u00e9<\/h6>\n                                <span class=\"transx_links_list_counter\">03<\/span>\n                            <\/a>\n                                                        <a class=\"transx_links_list_item\" href=\"https:\/\/amatab.com\/fr\/services-petroliers\/approvisionnement-et-nettoyage\/\" >\n                                <img decoding=\"async\" class=\"transx_img--bg\" src=\"http:\/\/amatab.com\/wp-content\/uploads\/2023\/10\/male-workers-dressing-protective-shower-detoxification-suit-clean-up-after-sealing-leaking-container-from-corrosive-toxic_478515-9388.jpg\" alt=\"Background Image\" \/>\n                                <h6>Approvisionnement et nettoyage<\/h6>\n                                <span class=\"transx_links_list_counter\">04<\/span>\n                            <\/a>\n                                                            <\/div>\n        <\/div>\n\n        \t\t\t\t<\/div>\n\t\t\t\t<\/div>\n\t\t\t\t<div class=\"elementor-element elementor-element-0d40531 elementor-widget elementor-widget-html\" data-id=\"0d40531\" data-element_type=\"widget\" data-e-type=\"widget\" data-widget_type=\"html.default\">\n\t\t\t\t<div class=\"elementor-widget-container\">\n\t\t\t\t\t<div class=\"transx_contact-trigger transx_contact-trigger--style-2\">\n\t\n\n\t<h4 class=\"transx_contact-trigger__title\">Besoin d'une estimation de prix ?<\/h4>\n\n\t<p class=\"transx_contact-trigger__text\">Nous sommes l\u00e0 pour vous fournir rapidement des informations d\u00e9taill\u00e9es sur nos tarifs !<\/p>\n\n\t<a class=\"transx_button\" href=\"https:\/\/amatab.com\/fr\/services-petroliers\/services-transport\/obtenir-un-devis\/\">\n\t\t<span>OBTENIR UN DEVIS<\/span>\n\t\t<svg class=\"icon\">\n\t\t\t<svg viewbox=\"0 0 150 78.6\" xmlns=\"http:\/\/www.w3.org\/2000\/svg\"><path d=\"M0 31.5h150v12.7H0V31.5zM112.8-.1l30.9 31.5-8.8 9L104 8.9l8.8-9zm18.1 51l-18.4 18.8 8.9 9 18.4-18.8-8.9-9z\"\/><\/svg>\n\t\t<\/svg>\n\t<\/a>\n<\/div>\t\t\t\t<\/div>\n\t\t\t\t<\/div>\n\t\t\t\t\t<\/div>\n\t\t<\/div>\n\t\t\t\t\t<\/div>\n\t\t<\/section>\n\t\t\t\t<\/div>\n\t\t","protected":false},"excerpt":{"rendered":"<p>Nous proposons des solutions de transport sp\u00e9cifiques, con\u00e7ues pour garantir que vos \u00e9quipes arrivent sur les lieux du projet en toute s\u00e9curit\u00e9 et \u00e0 temps, quel que soit l&rsquo;endroit. Notre flotte de v\u00e9hicules modernes et bien entretenues, associ\u00e9e \u00e0 des chauffeurs exp\u00e9riment\u00e9s, assure des d\u00e9placements fiables sur la route. De plus, nous offrons des services [&hellip;]<\/p>\n","protected":false},"author":5,"featured_media":0,"parent":3429,"menu_order":138,"comment_status":"closed","ping_status":"closed","template":"","meta":{"om_disable_all_campaigns":false,"_uf_show_specific_survey":0,"_uf_disable_surveys":false,"footnotes":""},"folder":[],"class_list":["post-11459","page","type-page","status-publish","hentry"],"aioseo_notices":[],"_links":{"self":[{"href":"https:\/\/amatab.com\/fr\/wp-json\/wp\/v2\/pages\/11459","targetHints":{"allow":["GET"]}}],"collection":[{"href":"https:\/\/amatab.com\/fr\/wp-json\/wp\/v2\/pages"}],"about":[{"href":"https:\/\/amatab.com\/fr\/wp-json\/wp\/v2\/types\/page"}],"author":[{"embeddable":true,"href":"https:\/\/amatab.com\/fr\/wp-json\/wp\/v2\/users\/5"}],"replies":[{"embeddable":true,"href":"https:\/\/amatab.com\/fr\/wp-json\/wp\/v2\/comments?post=11459"}],"version-history":[{"count":36,"href":"https:\/\/amatab.com\/fr\/wp-json\/wp\/v2\/pages\/11459\/revisions"}],"predecessor-version":[{"id":16113,"href":"https:\/\/amatab.com\/fr\/wp-json\/wp\/v2\/pages\/11459\/revisions\/16113"}],"up":[{"embeddable":true,"href":"https:\/\/amatab.com\/fr\/wp-json\/wp\/v2\/pages\/3429"}],"wp:attachment":[{"href":"https:\/\/amatab.com\/fr\/wp-json\/wp\/v2\/media?parent=11459"}],"wp:term":[{"taxonomy":"folder","embeddable":true,"href":"https:\/\/amatab.com\/fr\/wp-json\/wp\/v2\/folder?post=11459"}],"curies":[{"name":"wp","href":"https:\/\/api.w.org\/{rel}","templated":true}]}}