{"id":1973,"date":"2023-09-14T18:49:19","date_gmt":"2023-09-14T16:49:19","guid":{"rendered":"https:\/\/amatab.com\/?page_id=1973"},"modified":"2024-01-19T11:55:48","modified_gmt":"2024-01-19T10:55:48","slug":"documentation-dexportation","status":"publish","type":"page","link":"https:\/\/amatab.com\/fr\/import-export\/documentation-dexportation\/","title":{"rendered":"Documentation d&rsquo;exportation"},"content":{"rendered":"\t\t<div data-elementor-type=\"wp-page\" data-elementor-id=\"1973\" class=\"elementor elementor-1973\" data-elementor-post-type=\"page\">\n\t\t\t\t\t\t<section class=\"elementor-section elementor-top-section elementor-element elementor-element-d5823ef elementor-section-boxed elementor-section-height-default elementor-section-height-default\" data-id=\"d5823ef\" data-element_type=\"section\" data-e-type=\"section\">\n\t\t\t\t\t\t<div class=\"elementor-container elementor-column-gap-default\">\n\t\t\t\t\t<div class=\"elementor-column elementor-col-25 elementor-top-column elementor-element elementor-element-9405fc0\" data-id=\"9405fc0\" data-element_type=\"column\" data-e-type=\"column\">\n\t\t\t<div class=\"elementor-widget-wrap elementor-element-populated\">\n\t\t\t\t\t\t<div class=\"elementor-element elementor-element-5cedf21 elementor-widget__width-initial elementor-widget elementor-widget-image\" data-id=\"5cedf21\" data-element_type=\"widget\" data-e-type=\"widget\" data-widget_type=\"image.default\">\n\t\t\t\t<div class=\"elementor-widget-container\">\n\t\t\t\t\t\t\t\t\t\t\t\t\t\t\t<img fetchpriority=\"high\" decoding=\"async\" width=\"768\" height=\"439\" src=\"https:\/\/amatab.com\/wp-content\/uploads\/2023\/10\/33098-768x439.jpg\" class=\"attachment-medium_large size-medium_large wp-image-5161\" alt=\"\" srcset=\"https:\/\/amatab.com\/wp-content\/uploads\/2023\/10\/33098-768x439.jpg 768w, https:\/\/amatab.com\/wp-content\/uploads\/2023\/10\/33098-300x171.jpg 300w, https:\/\/amatab.com\/wp-content\/uploads\/2023\/10\/33098-1024x585.jpg 1024w, https:\/\/amatab.com\/wp-content\/uploads\/2023\/10\/33098-1320x754.jpg 1320w, https:\/\/amatab.com\/wp-content\/uploads\/2023\/10\/33098-600x343.jpg 600w, https:\/\/amatab.com\/wp-content\/uploads\/2023\/10\/33098.jpg 1500w\" sizes=\"(max-width: 768px) 100vw, 768px\" \/>\t\t\t\t\t\t\t\t\t\t\t\t\t\t\t<\/div>\n\t\t\t\t<\/div>\n\t\t\t\t<section class=\"elementor-section elementor-inner-section elementor-element elementor-element-e5e622a elementor-section-boxed elementor-section-height-default elementor-section-height-default\" data-id=\"e5e622a\" data-element_type=\"section\" data-e-type=\"section\">\n\t\t\t\t\t\t<div class=\"elementor-container elementor-column-gap-default\">\n\t\t\t\t\t<div class=\"elementor-column elementor-col-100 elementor-inner-column elementor-element elementor-element-ab4408d\" data-id=\"ab4408d\" data-element_type=\"column\" data-e-type=\"column\">\n\t\t\t<div class=\"elementor-widget-wrap elementor-element-populated\">\n\t\t\t\t\t\t<div class=\"elementor-element elementor-element-e6e7815 elementor-widget__width-initial elementor-widget elementor-widget-heading\" data-id=\"e6e7815\" data-element_type=\"widget\" data-e-type=\"widget\" data-widget_type=\"heading.default\">\n\t\t\t\t<div class=\"elementor-widget-container\">\n\t\t\t\t\t<h6 class=\"elementor-heading-title elementor-size-default\">Priorit\u00e9 \u00e0 la Documentation<\/h6>\t\t\t\t<\/div>\n\t\t\t\t<\/div>\n\t\t\t\t\t<\/div>\n\t\t<\/div>\n\t\t\t\t\t<\/div>\n\t\t<\/section>\n\t\t\t\t<section class=\"elementor-section elementor-inner-section elementor-element elementor-element-19fd4ea elementor-section-boxed elementor-section-height-default elementor-section-height-default\" data-id=\"19fd4ea\" data-element_type=\"section\" data-e-type=\"section\">\n\t\t\t\t\t\t<div class=\"elementor-container elementor-column-gap-default\">\n\t\t\t\t\t<div class=\"elementor-column elementor-col-100 elementor-inner-column elementor-element elementor-element-845028f\" data-id=\"845028f\" data-element_type=\"column\" data-e-type=\"column\">\n\t\t\t<div class=\"elementor-widget-wrap elementor-element-populated\">\n\t\t\t\t\t\t<div class=\"elementor-element elementor-element-d157fe9 elementor-widget elementor-widget-text-editor\" data-id=\"d157fe9\" data-element_type=\"widget\" data-e-type=\"widget\" data-widget_type=\"text-editor.default\">\n\t\t\t\t<div class=\"elementor-widget-container\">\n\t\t\t\t\t\t\t\t\t<p>Chez AMATAB &amp; CO les bons documents sont essentiels pour chaque exp\u00e9dition \u00e0 l\u2019exportation. Il est inutile d\u2019avoir les produits exp\u00e9di\u00e9s \u00e0 temps puis de les faire bloquer \u00e0 la douane parce qu\u2019il y \u2018a un manque de documents vitaux.<\/p>\t\t\t\t\t\t\t\t<\/div>\n\t\t\t\t<\/div>\n\t\t\t\t\t<\/div>\n\t\t<\/div>\n\t\t\t\t\t<\/div>\n\t\t<\/section>\n\t\t\t\t\t<\/div>\n\t\t<\/div>\n\t\t\t\t<div class=\"elementor-column elementor-col-25 elementor-top-column elementor-element elementor-element-c1a7d4f\" data-id=\"c1a7d4f\" data-element_type=\"column\" data-e-type=\"column\">\n\t\t\t<div class=\"elementor-widget-wrap elementor-element-populated\">\n\t\t\t\t\t\t<div class=\"elementor-element elementor-element-6117376 elementor-widget elementor-widget-image\" data-id=\"6117376\" data-element_type=\"widget\" data-e-type=\"widget\" data-widget_type=\"image.default\">\n\t\t\t\t<div class=\"elementor-widget-container\">\n\t\t\t\t\t\t\t\t\t\t\t\t\t\t\t<img decoding=\"async\" width=\"1024\" height=\"596\" src=\"https:\/\/amatab.com\/wp-content\/uploads\/2023\/10\/reliure-anneaux-utilisee-pour-documents-stockes-1-scaled-e1697715492993-1024x596.jpg\" class=\"attachment-large size-large wp-image-5167\" alt=\"\" srcset=\"https:\/\/amatab.com\/wp-content\/uploads\/2023\/10\/reliure-anneaux-utilisee-pour-documents-stockes-1-scaled-e1697715492993-1024x596.jpg 1024w, https:\/\/amatab.com\/wp-content\/uploads\/2023\/10\/reliure-anneaux-utilisee-pour-documents-stockes-1-scaled-e1697715492993-300x174.jpg 300w, https:\/\/amatab.com\/wp-content\/uploads\/2023\/10\/reliure-anneaux-utilisee-pour-documents-stockes-1-scaled-e1697715492993-768x447.jpg 768w, https:\/\/amatab.com\/wp-content\/uploads\/2023\/10\/reliure-anneaux-utilisee-pour-documents-stockes-1-scaled-e1697715492993-1536x893.jpg 1536w, https:\/\/amatab.com\/wp-content\/uploads\/2023\/10\/reliure-anneaux-utilisee-pour-documents-stockes-1-scaled-e1697715492993-2048x1191.jpg 2048w, https:\/\/amatab.com\/wp-content\/uploads\/2023\/10\/reliure-anneaux-utilisee-pour-documents-stockes-1-scaled-e1697715492993-1320x768.jpg 1320w, https:\/\/amatab.com\/wp-content\/uploads\/2023\/10\/reliure-anneaux-utilisee-pour-documents-stockes-1-scaled-e1697715492993-600x349.jpg 600w\" sizes=\"(max-width: 1024px) 100vw, 1024px\" \/>\t\t\t\t\t\t\t\t\t\t\t\t\t\t\t<\/div>\n\t\t\t\t<\/div>\n\t\t\t\t<section class=\"elementor-section elementor-inner-section elementor-element elementor-element-bef94c3 elementor-section-boxed elementor-section-height-default elementor-section-height-default\" data-id=\"bef94c3\" data-element_type=\"section\" data-e-type=\"section\">\n\t\t\t\t\t\t<div class=\"elementor-container elementor-column-gap-default\">\n\t\t\t\t\t<div class=\"elementor-column elementor-col-100 elementor-inner-column elementor-element elementor-element-b60974d\" data-id=\"b60974d\" data-element_type=\"column\" data-e-type=\"column\">\n\t\t\t<div class=\"elementor-widget-wrap elementor-element-populated\">\n\t\t\t\t\t\t<div class=\"elementor-element elementor-element-9936632 elementor-widget__width-initial elementor-widget elementor-widget-heading\" data-id=\"9936632\" data-element_type=\"widget\" data-e-type=\"widget\" data-widget_type=\"heading.default\">\n\t\t\t\t<div class=\"elementor-widget-container\">\n\t\t\t\t\t<h6 class=\"elementor-heading-title elementor-size-default\">Services de Documentation<\/h6>\t\t\t\t<\/div>\n\t\t\t\t<\/div>\n\t\t\t\t\t<\/div>\n\t\t<\/div>\n\t\t\t\t\t<\/div>\n\t\t<\/section>\n\t\t\t\t<section class=\"elementor-section elementor-inner-section elementor-element elementor-element-e933618 elementor-section-boxed elementor-section-height-default elementor-section-height-default\" data-id=\"e933618\" data-element_type=\"section\" data-e-type=\"section\">\n\t\t\t\t\t\t<div class=\"elementor-container elementor-column-gap-default\">\n\t\t\t\t\t<div class=\"elementor-column elementor-col-100 elementor-inner-column elementor-element elementor-element-e5b6cd2\" data-id=\"e5b6cd2\" data-element_type=\"column\" data-e-type=\"column\">\n\t\t\t<div class=\"elementor-widget-wrap elementor-element-populated\">\n\t\t\t\t\t\t<div class=\"elementor-element elementor-element-1474923 elementor-widget elementor-widget-text-editor\" data-id=\"1474923\" data-element_type=\"widget\" data-e-type=\"widget\" data-widget_type=\"text-editor.default\">\n\t\t\t\t<div class=\"elementor-widget-container\">\n\t\t\t\t\t\t\t\t\t<p>Notre service interne de documentation \u00e0 l&rsquo;exportation est disponible pour produire une gamme compl\u00e8te de documents, y compris des certificats douaniers, afin de r\u00e9pondre aux besoins de nos clients.\u00a0<\/p>\t\t\t\t\t\t\t\t<\/div>\n\t\t\t\t<\/div>\n\t\t\t\t\t<\/div>\n\t\t<\/div>\n\t\t\t\t\t<\/div>\n\t\t<\/section>\n\t\t\t\t\t<\/div>\n\t\t<\/div>\n\t\t\t\t<div class=\"elementor-column elementor-col-25 elementor-top-column elementor-element elementor-element-1f23ab8\" data-id=\"1f23ab8\" data-element_type=\"column\" data-e-type=\"column\">\n\t\t\t<div class=\"elementor-widget-wrap elementor-element-populated\">\n\t\t\t\t\t\t<div class=\"elementor-element elementor-element-3c8396a elementor-widget elementor-widget-image\" data-id=\"3c8396a\" data-element_type=\"widget\" data-e-type=\"widget\" data-widget_type=\"image.default\">\n\t\t\t\t<div class=\"elementor-widget-container\">\n\t\t\t\t\t\t\t\t\t\t\t\t\t\t\t<img decoding=\"async\" width=\"1000\" height=\"571\" src=\"https:\/\/amatab.com\/wp-content\/uploads\/2023\/10\/20397.jpg\" class=\"attachment-large size-large wp-image-5168\" alt=\"\" srcset=\"https:\/\/amatab.com\/wp-content\/uploads\/2023\/10\/20397.jpg 1000w, https:\/\/amatab.com\/wp-content\/uploads\/2023\/10\/20397-300x171.jpg 300w, https:\/\/amatab.com\/wp-content\/uploads\/2023\/10\/20397-768x439.jpg 768w, https:\/\/amatab.com\/wp-content\/uploads\/2023\/10\/20397-600x343.jpg 600w\" sizes=\"(max-width: 1000px) 100vw, 1000px\" \/>\t\t\t\t\t\t\t\t\t\t\t\t\t\t\t<\/div>\n\t\t\t\t<\/div>\n\t\t\t\t<section class=\"elementor-section elementor-inner-section elementor-element elementor-element-7359c72 elementor-section-boxed elementor-section-height-default elementor-section-height-default\" data-id=\"7359c72\" data-element_type=\"section\" data-e-type=\"section\">\n\t\t\t\t\t\t<div class=\"elementor-container elementor-column-gap-default\">\n\t\t\t\t\t<div class=\"elementor-column elementor-col-100 elementor-inner-column elementor-element elementor-element-ce1e8e8\" data-id=\"ce1e8e8\" data-element_type=\"column\" data-e-type=\"column\">\n\t\t\t<div class=\"elementor-widget-wrap elementor-element-populated\">\n\t\t\t\t\t\t<div class=\"elementor-element elementor-element-5aec0c5 elementor-widget elementor-widget-heading\" data-id=\"5aec0c5\" data-element_type=\"widget\" data-e-type=\"widget\" data-widget_type=\"heading.default\">\n\t\t\t\t<div class=\"elementor-widget-container\">\n\t\t\t\t\t<h6 class=\"elementor-heading-title elementor-size-default\">Conformit\u00e9 et Excellence<\/h6>\t\t\t\t<\/div>\n\t\t\t\t<\/div>\n\t\t\t\t\t<\/div>\n\t\t<\/div>\n\t\t\t\t\t<\/div>\n\t\t<\/section>\n\t\t\t\t<div class=\"elementor-element elementor-element-5c85246 elementor-widget elementor-widget-text-editor\" data-id=\"5c85246\" data-element_type=\"widget\" data-e-type=\"widget\" data-widget_type=\"text-editor.default\">\n\t\t\t\t<div class=\"elementor-widget-container\">\n\t\t\t\t\t\t\t\t\t<p>Nous sommes fiers de notre service client, de nos conseillers en commerce international, et de nos services de documentation, reconnus pour leur qualit\u00e9 exceptionnelle.<\/p>\t\t\t\t\t\t\t\t<\/div>\n\t\t\t\t<\/div>\n\t\t\t\t\t<\/div>\n\t\t<\/div>\n\t\t\t\t<div class=\"elementor-column elementor-col-25 elementor-top-column elementor-element elementor-element-df359ac\" data-id=\"df359ac\" data-element_type=\"column\" data-e-type=\"column\">\n\t\t\t<div class=\"elementor-widget-wrap elementor-element-populated\">\n\t\t\t\t\t\t<div class=\"elementor-element elementor-element-d326a9e elementor-widget elementor-widget-transx_links_list\" data-id=\"d326a9e\" data-element_type=\"widget\" data-e-type=\"widget\" data-widget_type=\"transx_links_list.default\">\n\t\t\t\t<div class=\"elementor-widget-container\">\n\t\t\t\t\t\n        <div class=\"transx_links_list_widget\">\n            <div class=\"transx_links_list_wrapper transx_view_type_2\">\n                <h5 class=\"transx_links_list_title\">Autres Services<\/h5>\n\n                                            <a class=\"transx_links_list_item\" href=\"https:\/\/amatab.com\/fr\/dedouanement\/\" >\n                                <img decoding=\"async\" class=\"transx_img--bg\" src=\"http:\/\/amatab.com\/wp-content\/uploads\/2023\/11\/logistique-transport-porte-conteneurs-avion-cargo-pont-roulant-travail-dans-chantier-naval-au-lever-du-soleil-logistique-import-export-transport-contexte-industrie-ai-generative-scaled.jpg\" alt=\"Background Image\" \/>\n                                <h6>D\u00e9douanement<\/h6>\n                                <span class=\"transx_links_list_counter\">01<\/span>\n                            <\/a>\n                                                        <a class=\"transx_links_list_item\" href=\"https:\/\/amatab.com\/fr\/audit-et-optimisation-douaniere\/\" >\n                                <img decoding=\"async\" class=\"transx_img--bg\" src=\"http:\/\/amatab.com\/wp-content\/uploads\/2023\/11\/gros-plan-frappe-main-homme-clavier-au-lieu-travail-scaled.jpg\" alt=\"Background Image\" \/>\n                                <h6>Audit et Optimisation Douani\u00e8re<\/h6>\n                                <span class=\"transx_links_list_counter\">02<\/span>\n                            <\/a>\n                                                            <\/div>\n        <\/div>\n\n        \t\t\t\t<\/div>\n\t\t\t\t<\/div>\n\t\t\t\t<div class=\"elementor-element elementor-element-1728b63 elementor-widget elementor-widget-html\" data-id=\"1728b63\" data-element_type=\"widget\" data-e-type=\"widget\" data-widget_type=\"html.default\">\n\t\t\t\t<div class=\"elementor-widget-container\">\n\t\t\t\t\t<div class=\"transx_contact-trigger transx_contact-trigger--style-2\">\n\t\n\n\t<h4 class=\"transx_contact-trigger__title\">Besoin d'une estimation de prix ?<\/h4>\n\n\t<p class=\"transx_contact-trigger__text\">Nous sommes l\u00e0 pour vous fournir rapidement des informations d\u00e9taill\u00e9es sur nos tarifs !<\/p>\n\n\t<a class=\"transx_button\" href=\"https:\/\/amatab.com\/fr\/import-export\/documentation-dexportation\/obtenir-un-devis\/\">\n\t\t<span>OBTENIR UN DEVIS<\/span>\n\t\t<svg class=\"icon\">\n\t\t\t<svg viewbox=\"0 0 150 78.6\" xmlns=\"http:\/\/www.w3.org\/2000\/svg\"><path d=\"M0 31.5h150v12.7H0V31.5zM112.8-.1l30.9 31.5-8.8 9L104 8.9l8.8-9zm18.1 51l-18.4 18.8 8.9 9 18.4-18.8-8.9-9z\"\/><\/svg>\n\t\t<\/svg>\n\t<\/a>\n<\/div>\t\t\t\t<\/div>\n\t\t\t\t<\/div>\n\t\t\t\t\t<\/div>\n\t\t<\/div>\n\t\t\t\t\t<\/div>\n\t\t<\/section>\n\t\t\t\t<section class=\"elementor-section elementor-top-section elementor-element elementor-element-abd2492 elementor-section-boxed elementor-section-height-default elementor-section-height-default\" data-id=\"abd2492\" data-element_type=\"section\" data-e-type=\"section\">\n\t\t\t\t\t\t<div class=\"elementor-container elementor-column-gap-default\">\n\t\t\t\t\t<div class=\"elementor-column elementor-col-50 elementor-top-column elementor-element elementor-element-f566de5\" data-id=\"f566de5\" data-element_type=\"column\" data-e-type=\"column\">\n\t\t\t<div class=\"elementor-widget-wrap elementor-element-populated\">\n\t\t\t\t\t\t\t<\/div>\n\t\t<\/div>\n\t\t\t\t<div class=\"elementor-column elementor-col-50 elementor-top-column elementor-element elementor-element-a71a0ee\" data-id=\"a71a0ee\" data-element_type=\"column\" data-e-type=\"column\">\n\t\t\t<div class=\"elementor-widget-wrap elementor-element-populated\">\n\t\t\t\t\t\t\t<\/div>\n\t\t<\/div>\n\t\t\t\t\t<\/div>\n\t\t<\/section>\n\t\t\t\t<\/div>\n\t\t","protected":false},"excerpt":{"rendered":"<p>Priorit\u00e9 \u00e0 la Documentation Chez AMATAB &amp; CO les bons documents sont essentiels pour chaque exp\u00e9dition \u00e0 l\u2019exportation. Il est inutile d\u2019avoir les produits exp\u00e9di\u00e9s \u00e0 temps puis de les faire bloquer \u00e0 la douane parce qu\u2019il y \u2018a un manque de documents vitaux. Services de Documentation Notre service interne de documentation \u00e0 l&rsquo;exportation est [&hellip;]<\/p>\n","protected":false},"author":5,"featured_media":0,"parent":2476,"menu_order":168,"comment_status":"closed","ping_status":"closed","template":"","meta":{"om_disable_all_campaigns":false,"_uf_show_specific_survey":0,"_uf_disable_surveys":false,"footnotes":""},"folder":[],"class_list":["post-1973","page","type-page","status-publish","hentry"],"aioseo_notices":[],"_links":{"self":[{"href":"https:\/\/amatab.com\/fr\/wp-json\/wp\/v2\/pages\/1973","targetHints":{"allow":["GET"]}}],"collection":[{"href":"https:\/\/amatab.com\/fr\/wp-json\/wp\/v2\/pages"}],"about":[{"href":"https:\/\/amatab.com\/fr\/wp-json\/wp\/v2\/types\/page"}],"author":[{"embeddable":true,"href":"https:\/\/amatab.com\/fr\/wp-json\/wp\/v2\/users\/5"}],"replies":[{"embeddable":true,"href":"https:\/\/amatab.com\/fr\/wp-json\/wp\/v2\/comments?post=1973"}],"version-history":[{"count":84,"href":"https:\/\/amatab.com\/fr\/wp-json\/wp\/v2\/pages\/1973\/revisions"}],"predecessor-version":[{"id":16059,"href":"https:\/\/amatab.com\/fr\/wp-json\/wp\/v2\/pages\/1973\/revisions\/16059"}],"up":[{"embeddable":true,"href":"https:\/\/amatab.com\/fr\/wp-json\/wp\/v2\/pages\/2476"}],"wp:attachment":[{"href":"https:\/\/amatab.com\/fr\/wp-json\/wp\/v2\/media?parent=1973"}],"wp:term":[{"taxonomy":"folder","embeddable":true,"href":"https:\/\/amatab.com\/fr\/wp-json\/wp\/v2\/folder?post=1973"}],"curies":[{"name":"wp","href":"https:\/\/api.w.org\/{rel}","templated":true}]}}