{"id":1989,"date":"2023-09-14T19:30:47","date_gmt":"2023-09-14T17:30:47","guid":{"rendered":"https:\/\/amatab.com\/?page_id=1989"},"modified":"2023-09-14T19:52:04","modified_gmt":"2023-09-14T17:52:04","slug":"services-speciaux","status":"publish","type":"page","link":"https:\/\/amatab.com\/fr\/services-speciaux\/","title":{"rendered":"Services Sp\u00e9ciaux"},"content":{"rendered":"\t\t<div data-elementor-type=\"wp-page\" data-elementor-id=\"1989\" class=\"elementor elementor-1989\" data-elementor-post-type=\"page\">\n\t\t\t\t\t\t<section class=\"elementor-section elementor-top-section elementor-element elementor-element-f3d4492 elementor-section-boxed elementor-section-height-default elementor-section-height-default\" data-id=\"f3d4492\" data-element_type=\"section\" data-e-type=\"section\">\n\t\t\t\t\t\t<div class=\"elementor-container elementor-column-gap-default\">\n\t\t\t\t\t<div class=\"elementor-column elementor-col-50 elementor-top-column elementor-element elementor-element-ba88d20\" data-id=\"ba88d20\" data-element_type=\"column\" data-e-type=\"column\" data-settings=\"{&quot;background_background&quot;:&quot;slideshow&quot;,&quot;background_slideshow_gallery&quot;:[{&quot;id&quot;:1997,&quot;url&quot;:&quot;http:\\\/\\\/amatab.com\\\/wp-content\\\/uploads\\\/2023\\\/09\\\/pexels-tima-miroshnichenko-6169668.jpg&quot;}],&quot;background_slideshow_loop&quot;:&quot;yes&quot;,&quot;background_slideshow_slide_duration&quot;:5000,&quot;background_slideshow_slide_transition&quot;:&quot;fade&quot;,&quot;background_slideshow_transition_duration&quot;:500}\">\n\t\t\t<div class=\"elementor-widget-wrap\">\n\t\t\t\t\t\t\t<\/div>\n\t\t<\/div>\n\t\t\t\t<div class=\"elementor-column elementor-col-50 elementor-top-column elementor-element elementor-element-e35b474\" data-id=\"e35b474\" data-element_type=\"column\" data-e-type=\"column\">\n\t\t\t<div class=\"elementor-widget-wrap elementor-element-populated\">\n\t\t\t\t\t\t<div class=\"elementor-element elementor-element-bba8d94 elementor-widget elementor-widget-transx_heading\" data-id=\"bba8d94\" data-element_type=\"widget\" data-e-type=\"widget\" data-widget_type=\"transx_heading.default\">\n\t\t\t\t<div class=\"elementor-widget-container\">\n\t\t\t\t\t\n        <div class=\"transx_heading_widget\">\n                                <div class=\"transx_up_heading\">Services Sp\u00e9ciaux<\/div>\n                    \n                <h2 class=\"transx_heading\">\n                    Votre agence de <span>Transport International <\/span>  la plus fiable                <\/h2>\n                        <\/div>\n        \t\t\t\t<\/div>\n\t\t\t\t<\/div>\n\t\t\t\t<div class=\"elementor-element elementor-element-9b701b8 elementor-widget elementor-widget-text-editor\" data-id=\"9b701b8\" data-element_type=\"widget\" data-e-type=\"widget\" data-widget_type=\"text-editor.default\">\n\t\t\t\t<div class=\"elementor-widget-container\">\n\t\t\t\t\t\t\t\t\t<p>Nous comprenons que chaque entreprise est unique. C&rsquo;est pourquoi nous proposons des solutions sur mesure pour r\u00e9pondre \u00e0 vos besoins sp\u00e9cifiques. Notre \u00e9quipe collabore \u00e9troitement avec vous pour comprendre vos d\u00e9fis et vos objectifs, cr\u00e9ant ainsi des strat\u00e9gies sur mesure qui fournissent des r\u00e9sultats tangibles.<\/p>\t\t\t\t\t\t\t\t<\/div>\n\t\t\t\t<\/div>\n\t\t\t\t<section class=\"elementor-section elementor-inner-section elementor-element elementor-element-c7db7dc elementor-section-boxed elementor-section-height-default elementor-section-height-default\" data-id=\"c7db7dc\" data-element_type=\"section\" data-e-type=\"section\">\n\t\t\t\t\t\t<div class=\"elementor-container elementor-column-gap-narrow\">\n\t\t\t\t\t<div class=\"elementor-column elementor-col-50 elementor-inner-column elementor-element elementor-element-71ed6a5\" data-id=\"71ed6a5\" data-element_type=\"column\" data-e-type=\"column\">\n\t\t\t<div class=\"elementor-widget-wrap elementor-element-populated\">\n\t\t\t\t\t\t<div class=\"elementor-element elementor-element-bf36481 elementor-widget elementor-widget-image\" data-id=\"bf36481\" data-element_type=\"widget\" data-e-type=\"widget\" data-widget_type=\"image.default\">\n\t\t\t\t<div class=\"elementor-widget-container\">\n\t\t\t\t\t\t\t\t\t\t\t\t\t\t\t<img decoding=\"async\" width=\"23\" height=\"23\" src=\"https:\/\/amatab.com\/wp-content\/uploads\/2021\/06\/check.png\" class=\"attachment-large size-large wp-image-448\" alt=\"\" \/>\t\t\t\t\t\t\t\t\t\t\t\t\t\t\t<\/div>\n\t\t\t\t<\/div>\n\t\t\t\t\t<\/div>\n\t\t<\/div>\n\t\t\t\t<div class=\"elementor-column elementor-col-50 elementor-inner-column elementor-element elementor-element-ede5e84\" data-id=\"ede5e84\" data-element_type=\"column\" data-e-type=\"column\">\n\t\t\t<div class=\"elementor-widget-wrap elementor-element-populated\">\n\t\t\t\t\t\t<div class=\"elementor-element elementor-element-6b655c7 elementor-widget elementor-widget-text-editor\" data-id=\"6b655c7\" data-element_type=\"widget\" data-e-type=\"widget\" data-widget_type=\"text-editor.default\">\n\t\t\t\t<div class=\"elementor-widget-container\">\n\t\t\t\t\t\t\t\t\t<p>Solution porte \u00e0 porte\u00a0<\/p>\t\t\t\t\t\t\t\t<\/div>\n\t\t\t\t<\/div>\n\t\t\t\t\t<\/div>\n\t\t<\/div>\n\t\t\t\t\t<\/div>\n\t\t<\/section>\n\t\t\t\t<section class=\"elementor-section elementor-inner-section elementor-element elementor-element-1cb4bf3 elementor-section-boxed elementor-section-height-default elementor-section-height-default\" data-id=\"1cb4bf3\" data-element_type=\"section\" data-e-type=\"section\">\n\t\t\t\t\t\t<div class=\"elementor-container elementor-column-gap-narrow\">\n\t\t\t\t\t<div class=\"elementor-column elementor-col-50 elementor-inner-column elementor-element elementor-element-5f46b85\" data-id=\"5f46b85\" data-element_type=\"column\" data-e-type=\"column\">\n\t\t\t<div class=\"elementor-widget-wrap elementor-element-populated\">\n\t\t\t\t\t\t<div class=\"elementor-element elementor-element-a2adfbc elementor-widget elementor-widget-image\" data-id=\"a2adfbc\" data-element_type=\"widget\" data-e-type=\"widget\" data-widget_type=\"image.default\">\n\t\t\t\t<div class=\"elementor-widget-container\">\n\t\t\t\t\t\t\t\t\t\t\t\t\t\t\t<img decoding=\"async\" width=\"23\" height=\"23\" src=\"https:\/\/amatab.com\/wp-content\/uploads\/2021\/06\/check.png\" class=\"attachment-large size-large wp-image-448\" alt=\"\" \/>\t\t\t\t\t\t\t\t\t\t\t\t\t\t\t<\/div>\n\t\t\t\t<\/div>\n\t\t\t\t\t<\/div>\n\t\t<\/div>\n\t\t\t\t<div class=\"elementor-column elementor-col-50 elementor-inner-column elementor-element elementor-element-ea6e2c2\" data-id=\"ea6e2c2\" data-element_type=\"column\" data-e-type=\"column\">\n\t\t\t<div class=\"elementor-widget-wrap elementor-element-populated\">\n\t\t\t\t\t\t<div class=\"elementor-element elementor-element-9feb57a elementor-widget elementor-widget-text-editor\" data-id=\"9feb57a\" data-element_type=\"widget\" data-e-type=\"widget\" data-widget_type=\"text-editor.default\">\n\t\t\t\t<div class=\"elementor-widget-container\">\n\t\t\t\t\t\t\t\t\t<p>Transport du p\u00e9trole et des produits chimiques<\/p>\t\t\t\t\t\t\t\t<\/div>\n\t\t\t\t<\/div>\n\t\t\t\t\t<\/div>\n\t\t<\/div>\n\t\t\t\t\t<\/div>\n\t\t<\/section>\n\t\t\t\t<section class=\"elementor-section elementor-inner-section elementor-element elementor-element-81d547e elementor-section-boxed elementor-section-height-default elementor-section-height-default\" data-id=\"81d547e\" data-element_type=\"section\" data-e-type=\"section\">\n\t\t\t\t\t\t<div class=\"elementor-container elementor-column-gap-narrow\">\n\t\t\t\t\t<div class=\"elementor-column elementor-col-50 elementor-inner-column elementor-element elementor-element-a7170b7\" data-id=\"a7170b7\" data-element_type=\"column\" data-e-type=\"column\">\n\t\t\t<div class=\"elementor-widget-wrap elementor-element-populated\">\n\t\t\t\t\t\t<div class=\"elementor-element elementor-element-7856d8b elementor-widget elementor-widget-image\" data-id=\"7856d8b\" data-element_type=\"widget\" data-e-type=\"widget\" data-widget_type=\"image.default\">\n\t\t\t\t<div class=\"elementor-widget-container\">\n\t\t\t\t\t\t\t\t\t\t\t\t\t\t\t<img decoding=\"async\" width=\"23\" height=\"23\" src=\"https:\/\/amatab.com\/wp-content\/uploads\/2021\/06\/check.png\" class=\"attachment-large size-large wp-image-448\" alt=\"\" \/>\t\t\t\t\t\t\t\t\t\t\t\t\t\t\t<\/div>\n\t\t\t\t<\/div>\n\t\t\t\t\t<\/div>\n\t\t<\/div>\n\t\t\t\t<div class=\"elementor-column elementor-col-50 elementor-inner-column elementor-element elementor-element-e82a286\" data-id=\"e82a286\" data-element_type=\"column\" data-e-type=\"column\">\n\t\t\t<div class=\"elementor-widget-wrap elementor-element-populated\">\n\t\t\t\t\t\t<div class=\"elementor-element elementor-element-30761b4 elementor-widget elementor-widget-text-editor\" data-id=\"30761b4\" data-element_type=\"widget\" data-e-type=\"widget\" data-widget_type=\"text-editor.default\">\n\t\t\t\t<div class=\"elementor-widget-container\">\n\t\t\t\t\t\t\t\t\t<p>Transport des produits pharmaceutiques et m\u00e9dicales<\/p>\t\t\t\t\t\t\t\t<\/div>\n\t\t\t\t<\/div>\n\t\t\t\t\t<\/div>\n\t\t<\/div>\n\t\t\t\t\t<\/div>\n\t\t<\/section>\n\t\t\t\t<section class=\"elementor-section elementor-inner-section elementor-element elementor-element-b045e8d elementor-section-boxed elementor-section-height-default elementor-section-height-default\" data-id=\"b045e8d\" data-element_type=\"section\" data-e-type=\"section\">\n\t\t\t\t\t\t<div class=\"elementor-container elementor-column-gap-narrow\">\n\t\t\t\t\t<div class=\"elementor-column elementor-col-50 elementor-inner-column elementor-element elementor-element-47a8b38\" data-id=\"47a8b38\" data-element_type=\"column\" data-e-type=\"column\">\n\t\t\t<div class=\"elementor-widget-wrap elementor-element-populated\">\n\t\t\t\t\t\t<div class=\"elementor-element elementor-element-67cfef2 elementor-widget elementor-widget-image\" data-id=\"67cfef2\" data-element_type=\"widget\" data-e-type=\"widget\" data-widget_type=\"image.default\">\n\t\t\t\t<div class=\"elementor-widget-container\">\n\t\t\t\t\t\t\t\t\t\t\t\t\t\t\t<img decoding=\"async\" width=\"23\" height=\"23\" src=\"https:\/\/amatab.com\/wp-content\/uploads\/2021\/06\/check.png\" class=\"attachment-large size-large wp-image-448\" alt=\"\" \/>\t\t\t\t\t\t\t\t\t\t\t\t\t\t\t<\/div>\n\t\t\t\t<\/div>\n\t\t\t\t\t<\/div>\n\t\t<\/div>\n\t\t\t\t<div class=\"elementor-column elementor-col-50 elementor-inner-column elementor-element elementor-element-ed45df9\" data-id=\"ed45df9\" data-element_type=\"column\" data-e-type=\"column\">\n\t\t\t<div class=\"elementor-widget-wrap elementor-element-populated\">\n\t\t\t\t\t\t<div class=\"elementor-element elementor-element-5fd2e3a elementor-widget elementor-widget-text-editor\" data-id=\"5fd2e3a\" data-element_type=\"widget\" data-e-type=\"widget\" data-widget_type=\"text-editor.default\">\n\t\t\t\t<div class=\"elementor-widget-container\">\n\t\t\t\t\t\t\t\t\t<p>Solutions pour les \u00e9nergies renouvelables<\/p>\t\t\t\t\t\t\t\t<\/div>\n\t\t\t\t<\/div>\n\t\t\t\t\t<\/div>\n\t\t<\/div>\n\t\t\t\t\t<\/div>\n\t\t<\/section>\n\t\t\t\t<section class=\"elementor-section elementor-inner-section elementor-element elementor-element-10f9674 elementor-section-boxed elementor-section-height-default elementor-section-height-default\" data-id=\"10f9674\" data-element_type=\"section\" data-e-type=\"section\">\n\t\t\t\t\t\t<div class=\"elementor-container elementor-column-gap-narrow\">\n\t\t\t\t\t<div class=\"elementor-column elementor-col-50 elementor-inner-column elementor-element elementor-element-57a4c43\" data-id=\"57a4c43\" data-element_type=\"column\" data-e-type=\"column\">\n\t\t\t<div class=\"elementor-widget-wrap elementor-element-populated\">\n\t\t\t\t\t\t<div class=\"elementor-element elementor-element-0d330e9 elementor-widget elementor-widget-image\" data-id=\"0d330e9\" data-element_type=\"widget\" data-e-type=\"widget\" data-widget_type=\"image.default\">\n\t\t\t\t<div class=\"elementor-widget-container\">\n\t\t\t\t\t\t\t\t\t\t\t\t\t\t\t<img decoding=\"async\" width=\"23\" height=\"23\" src=\"https:\/\/amatab.com\/wp-content\/uploads\/2021\/06\/check.png\" class=\"attachment-large size-large wp-image-448\" alt=\"\" \/>\t\t\t\t\t\t\t\t\t\t\t\t\t\t\t<\/div>\n\t\t\t\t<\/div>\n\t\t\t\t\t<\/div>\n\t\t<\/div>\n\t\t\t\t<div class=\"elementor-column elementor-col-50 elementor-inner-column elementor-element elementor-element-60add47\" data-id=\"60add47\" data-element_type=\"column\" data-e-type=\"column\">\n\t\t\t<div class=\"elementor-widget-wrap elementor-element-populated\">\n\t\t\t\t\t\t<div class=\"elementor-element elementor-element-2e3e268 elementor-widget elementor-widget-text-editor\" data-id=\"2e3e268\" data-element_type=\"widget\" data-e-type=\"widget\" data-widget_type=\"text-editor.default\">\n\t\t\t\t<div class=\"elementor-widget-container\">\n\t\t\t\t\t\t\t\t\t<p>Projet Cargo &amp; Heavy lift<\/p>\t\t\t\t\t\t\t\t<\/div>\n\t\t\t\t<\/div>\n\t\t\t\t\t<\/div>\n\t\t<\/div>\n\t\t\t\t\t<\/div>\n\t\t<\/section>\n\t\t\t\t\t<\/div>\n\t\t<\/div>\n\t\t\t\t\t<\/div>\n\t\t<\/section>\n\t\t\t\t<section class=\"elementor-section elementor-top-section elementor-element elementor-element-70c789dc elementor-section-boxed elementor-section-height-default elementor-section-height-default\" data-id=\"70c789dc\" data-element_type=\"section\" data-e-type=\"section\">\n\t\t\t\t\t\t<div class=\"elementor-container elementor-column-gap-default\">\n\t\t\t\t\t<div class=\"elementor-column elementor-col-100 elementor-top-column elementor-element elementor-element-3fdb7820\" data-id=\"3fdb7820\" data-element_type=\"column\" data-e-type=\"column\">\n\t\t\t<div class=\"elementor-widget-wrap elementor-element-populated\">\n\t\t\t\t\t\t<div class=\"elementor-element elementor-element-27e89c7 elementor-widget elementor-widget-text-editor\" data-id=\"27e89c7\" data-element_type=\"widget\" data-e-type=\"widget\" data-widget_type=\"text-editor.default\">\n\t\t\t\t<div class=\"elementor-widget-container\">\n\t\t\t\t\t\t\t\t\t\n<p>Pourquoi Choisir AMATAB &amp; CO ?<\/p>\n\n<p>Expertise: Notre \u00e9quipe est compos\u00e9e de professionnels chevronn\u00e9s ayant une connaissance approfondie de l&rsquo;industrie et une exp\u00e9rience pratique. Nous restons \u00e0 jour avec les derni\u00e8res tendances de l&rsquo;industrie pour vous offrir des solutions de pointe.<\/p>\n\n<p>Fiabilit\u00e9 : Comptez sur nous pour des services coh\u00e9rents, fiables et transparents. Nous donnons la priorit\u00e9 \u00e0 une communication claire et nous nous assurons que vous \u00eates bien inform\u00e9s \u00e0 chaque \u00e9tape du processus.<\/p>\n\n<p>Efficacit\u00e9 : Le temps est essentiel dans le domaine maritime, douanier et logistique. Nous donnons la priorit\u00e9 \u00e0 l&rsquo;efficacit\u00e9 dans toutes nos op\u00e9rations, garantissant que vos marchandises circulent rapidement et en toute fluidit\u00e9.<\/p>\n\n<p>Approche Ax\u00e9e sur le Client : Votre r\u00e9ussite est notre r\u00e9ussite. Nous donnons la priorit\u00e9 \u00e0 la compr\u00e9hension de vos besoins et \u00e0 l&rsquo;adaptation de nos services pour d\u00e9passer vos attentes.<\/p>\n\n<p>Chez AMATAB &amp; CO, nous sommes d\u00e9vou\u00e9s \u00e0 orienter votre entreprise vers la prosp\u00e9rit\u00e9. Que vous ayez besoin de solutions maritimes, de d\u00e9douanement douanier, de brillance logistique ou de conseils strat\u00e9giques, nous sommes votre partenaire tout-en-un pour le succ\u00e8s. Contactez-nous d\u00e8s aujourd&rsquo;hui pour vous lancer dans un voyage d&rsquo;op\u00e9rations sans faille et d&rsquo;excellence.<\/p>\n\t\t\t\t\t\t\t\t<\/div>\n\t\t\t\t<\/div>\n\t\t\t\t\t<\/div>\n\t\t<\/div>\n\t\t\t\t\t<\/div>\n\t\t<\/section>\n\t\t\t\t<\/div>\n\t\t","protected":false},"excerpt":{"rendered":"<p>Nous comprenons que chaque entreprise est unique. C&rsquo;est pourquoi nous proposons des solutions sur mesure pour r\u00e9pondre \u00e0 vos besoins sp\u00e9cifiques. Notre \u00e9quipe collabore \u00e9troitement avec vous pour comprendre vos d\u00e9fis et vos objectifs, cr\u00e9ant ainsi des strat\u00e9gies sur mesure qui fournissent des r\u00e9sultats tangibles. Solution porte \u00e0 porte\u00a0 Transport du p\u00e9trole et des produits [&hellip;]<\/p>\n","protected":false},"author":5,"featured_media":0,"parent":0,"menu_order":166,"comment_status":"closed","ping_status":"closed","template":"","meta":{"om_disable_all_campaigns":false,"_uf_show_specific_survey":0,"_uf_disable_surveys":false,"footnotes":""},"folder":[],"class_list":["post-1989","page","type-page","status-publish","hentry"],"aioseo_notices":[],"_links":{"self":[{"href":"https:\/\/amatab.com\/fr\/wp-json\/wp\/v2\/pages\/1989","targetHints":{"allow":["GET"]}}],"collection":[{"href":"https:\/\/amatab.com\/fr\/wp-json\/wp\/v2\/pages"}],"about":[{"href":"https:\/\/amatab.com\/fr\/wp-json\/wp\/v2\/types\/page"}],"author":[{"embeddable":true,"href":"https:\/\/amatab.com\/fr\/wp-json\/wp\/v2\/users\/5"}],"replies":[{"embeddable":true,"href":"https:\/\/amatab.com\/fr\/wp-json\/wp\/v2\/comments?post=1989"}],"version-history":[{"count":7,"href":"https:\/\/amatab.com\/fr\/wp-json\/wp\/v2\/pages\/1989\/revisions"}],"predecessor-version":[{"id":2004,"href":"https:\/\/amatab.com\/fr\/wp-json\/wp\/v2\/pages\/1989\/revisions\/2004"}],"wp:attachment":[{"href":"https:\/\/amatab.com\/fr\/wp-json\/wp\/v2\/media?parent=1989"}],"wp:term":[{"taxonomy":"folder","embeddable":true,"href":"https:\/\/amatab.com\/fr\/wp-json\/wp\/v2\/folder?post=1989"}],"curies":[{"name":"wp","href":"https:\/\/api.w.org\/{rel}","templated":true}]}}