{"id":2136,"date":"2023-09-15T17:32:08","date_gmt":"2023-09-15T15:32:08","guid":{"rendered":"https:\/\/amatab.com\/?page_id=2136"},"modified":"2023-10-16T09:43:33","modified_gmt":"2023-10-16T07:43:33","slug":"service-petrolier","status":"publish","type":"page","link":"https:\/\/amatab.com\/fr\/service-petrolier\/","title":{"rendered":"Service P\u00e9trolier"},"content":{"rendered":"\t\t<div data-elementor-type=\"wp-page\" data-elementor-id=\"2136\" class=\"elementor elementor-2136\" data-elementor-post-type=\"page\">\n\t\t\t\t\t\t<section class=\"elementor-section elementor-top-section elementor-element elementor-element-bc7a41a elementor-section-stretched elementor-section-boxed elementor-section-height-default elementor-section-height-default\" data-id=\"bc7a41a\" data-element_type=\"section\" data-e-type=\"section\" data-settings=\"{&quot;stretch_section&quot;:&quot;section-stretched&quot;,&quot;background_background&quot;:&quot;classic&quot;}\">\n\t\t\t\t\t\t<div class=\"elementor-container elementor-column-gap-default\">\n\t\t\t\t\t<div class=\"elementor-column elementor-col-100 elementor-top-column elementor-element elementor-element-b46f7b4\" data-id=\"b46f7b4\" data-element_type=\"column\" data-e-type=\"column\">\n\t\t\t<div class=\"elementor-widget-wrap elementor-element-populated\">\n\t\t\t\t\t\t<div class=\"elementor-element elementor-element-6183d4d elementor-widget elementor-widget-transx_heading\" data-id=\"6183d4d\" data-element_type=\"widget\" data-e-type=\"widget\" data-widget_type=\"transx_heading.default\">\n\t\t\t\t<div class=\"elementor-widget-container\">\n\t\t\t\t\t\n        <div class=\"transx_heading_widget\">\n                                <div class=\"transx_up_heading\">Partners<\/div>\n                    \n                <h2 class=\"transx_heading\">\n                    Nos  <span>References<\/span>                 <\/h2>\n                        <\/div>\n        \t\t\t\t<\/div>\n\t\t\t\t<\/div>\n\t\t\t\t<section class=\"elementor-section elementor-inner-section elementor-element elementor-element-822232a elementor-section-height-min-height elementor-section-content-middle elementor-hidden-tablet elementor-hidden-phone elementor-section-boxed elementor-section-height-default\" data-id=\"822232a\" data-element_type=\"section\" data-e-type=\"section\">\n\t\t\t\t\t\t<div class=\"elementor-container elementor-column-gap-extended\">\n\t\t\t\t\t<div class=\"elementor-column elementor-col-25 elementor-inner-column elementor-element elementor-element-731caf2\" data-id=\"731caf2\" data-element_type=\"column\" data-e-type=\"column\">\n\t\t\t<div class=\"elementor-widget-wrap elementor-element-populated\">\n\t\t\t\t\t\t<div class=\"elementor-element elementor-element-91fa3cc transx_dynamic_bg elementor-widget elementor-widget-image\" data-id=\"91fa3cc\" data-element_type=\"widget\" data-e-type=\"widget\" data-widget_type=\"image.default\">\n\t\t\t\t<div class=\"elementor-widget-container\">\n\t\t\t\t\t\t\t\t\t\t\t\t\t\t\t<img decoding=\"async\" width=\"176\" height=\"90\" src=\"https:\/\/amatab.com\/wp-content\/uploads\/2021\/06\/logo_1-1-1.png\" class=\"attachment-full size-full wp-image-658\" alt=\"\" \/>\t\t\t\t\t\t\t\t\t\t\t\t\t\t\t<\/div>\n\t\t\t\t<\/div>\n\t\t\t\t\t<\/div>\n\t\t<\/div>\n\t\t\t\t<div class=\"elementor-column elementor-col-25 elementor-inner-column elementor-element elementor-element-3a2be9b\" data-id=\"3a2be9b\" data-element_type=\"column\" data-e-type=\"column\">\n\t\t\t<div class=\"elementor-widget-wrap elementor-element-populated\">\n\t\t\t\t\t\t<div class=\"elementor-element elementor-element-d598caf transx_dynamic_bg elementor-widget elementor-widget-image\" data-id=\"d598caf\" data-element_type=\"widget\" data-e-type=\"widget\" data-widget_type=\"image.default\">\n\t\t\t\t<div class=\"elementor-widget-container\">\n\t\t\t\t\t\t\t\t\t\t\t\t\t\t\t<img decoding=\"async\" width=\"168\" height=\"109\" src=\"https:\/\/amatab.com\/wp-content\/uploads\/2021\/06\/logo_2-1-1.png\" class=\"attachment-full size-full wp-image-659\" alt=\"\" \/>\t\t\t\t\t\t\t\t\t\t\t\t\t\t\t<\/div>\n\t\t\t\t<\/div>\n\t\t\t\t\t<\/div>\n\t\t<\/div>\n\t\t\t\t<div class=\"elementor-column elementor-col-25 elementor-inner-column elementor-element elementor-element-9e52e4e\" data-id=\"9e52e4e\" data-element_type=\"column\" data-e-type=\"column\">\n\t\t\t<div class=\"elementor-widget-wrap elementor-element-populated\">\n\t\t\t\t\t\t<div class=\"elementor-element elementor-element-47641a1 transx_dynamic_bg elementor-widget elementor-widget-image\" data-id=\"47641a1\" data-element_type=\"widget\" data-e-type=\"widget\" data-widget_type=\"image.default\">\n\t\t\t\t<div class=\"elementor-widget-container\">\n\t\t\t\t\t\t\t\t\t\t\t\t\t\t\t<img decoding=\"async\" width=\"178\" height=\"85\" src=\"https:\/\/amatab.com\/wp-content\/uploads\/2021\/06\/logo_3-1-1.png\" class=\"attachment-full size-full wp-image-660\" alt=\"\" \/>\t\t\t\t\t\t\t\t\t\t\t\t\t\t\t<\/div>\n\t\t\t\t<\/div>\n\t\t\t\t\t<\/div>\n\t\t<\/div>\n\t\t\t\t<div class=\"elementor-column elementor-col-25 elementor-inner-column elementor-element elementor-element-8206ecb\" data-id=\"8206ecb\" data-element_type=\"column\" data-e-type=\"column\">\n\t\t\t<div class=\"elementor-widget-wrap elementor-element-populated\">\n\t\t\t\t\t\t<div class=\"elementor-element elementor-element-0fe5524 transx_dynamic_bg elementor-widget elementor-widget-image\" data-id=\"0fe5524\" data-element_type=\"widget\" data-e-type=\"widget\" data-widget_type=\"image.default\">\n\t\t\t\t<div class=\"elementor-widget-container\">\n\t\t\t\t\t\t\t\t\t\t\t\t\t\t\t<img loading=\"lazy\" decoding=\"async\" width=\"185\" height=\"66\" src=\"https:\/\/amatab.com\/wp-content\/uploads\/2021\/06\/logo_4-1-1.png\" class=\"attachment-full size-full wp-image-661\" alt=\"\" \/>\t\t\t\t\t\t\t\t\t\t\t\t\t\t\t<\/div>\n\t\t\t\t<\/div>\n\t\t\t\t\t<\/div>\n\t\t<\/div>\n\t\t\t\t\t<\/div>\n\t\t<\/section>\n\t\t\t\t\t<\/div>\n\t\t<\/div>\n\t\t\t\t\t<\/div>\n\t\t<\/section>\n\t\t\t\t<section class=\"elementor-section elementor-top-section elementor-element elementor-element-b8b13e8 elementor-hidden-tablet elementor-hidden-phone elementor-section-boxed elementor-section-height-default elementor-section-height-default\" data-id=\"b8b13e8\" data-element_type=\"section\" data-e-type=\"section\">\n\t\t\t\t\t\t<div class=\"elementor-container elementor-column-gap-extended\">\n\t\t\t\t\t<div class=\"elementor-column elementor-col-33 elementor-top-column elementor-element elementor-element-d969a8d elementor-hidden-tablet elementor-hidden-phone\" data-id=\"d969a8d\" data-element_type=\"column\" data-e-type=\"column\">\n\t\t\t<div class=\"elementor-widget-wrap elementor-element-populated\">\n\t\t\t\t\t\t<div class=\"elementor-element elementor-element-a02d44a elementor-widget elementor-widget-transx_heading\" data-id=\"a02d44a\" data-element_type=\"widget\" data-e-type=\"widget\" data-widget_type=\"transx_heading.default\">\n\t\t\t\t<div class=\"elementor-widget-container\">\n\t\t\t\t\t\n        <div class=\"transx_heading_widget\">\n            \n                <h5 class=\"transx_heading\">\n                    Documents                <\/h5>\n                        <\/div>\n        \t\t\t\t<\/div>\n\t\t\t\t<\/div>\n\t\t\t\t<div class=\"elementor-element elementor-element-7f1c6fc elementor-widget elementor-widget-transx_download_doc\" data-id=\"7f1c6fc\" data-element_type=\"widget\" data-e-type=\"widget\" data-widget_type=\"transx_download_doc.default\">\n\t\t\t\t<div class=\"elementor-widget-container\">\n\t\t\t\t\t\n        <div class=\"transx_download_doc_widget\">\n            <div class=\"transx_download_doc_widget view_type_3\">\n                                    <div class=\"transx_dd_image_cont\">\n                                                    <img decoding=\"async\" class=\"transx_svg_icon\" src=\"https:\/\/demo.artureanec.com\/themes\/transx-new\/wp-content\/uploads\/2021\/06\/pdf-1.svg\" alt=\"SVG Icon\" \/>\n                                                <\/div>\n\n                    <div class=\"transx_dd_content_cont\">\n                                                    <h6 class=\"transx_dd_title\">\n                                <a class=\"transx_dd_link\" href=\"#\" download=\"Pricing Plan 2021\">Pricing Plan 2021<\/a>\n                            <\/h6>\n                                                        <div class=\"transx_dd_description\">PDF, 516 Kb<\/div>\n                                                <\/div>\n                                <\/div>\n        <\/div>\n        \t\t\t\t<\/div>\n\t\t\t\t<\/div>\n\t\t\t\t<div class=\"elementor-element elementor-element-f4bb3a5 elementor-widget elementor-widget-transx_download_doc\" data-id=\"f4bb3a5\" data-element_type=\"widget\" data-e-type=\"widget\" data-widget_type=\"transx_download_doc.default\">\n\t\t\t\t<div class=\"elementor-widget-container\">\n\t\t\t\t\t\n        <div class=\"transx_download_doc_widget\">\n            <div class=\"transx_download_doc_widget view_type_3\">\n                                    <div class=\"transx_dd_image_cont\">\n                                                    <img decoding=\"async\" class=\"transx_svg_icon\" src=\"https:\/\/demo.artureanec.com\/themes\/transx-new\/wp-content\/uploads\/2021\/06\/docx-1.svg\" alt=\"SVG Icon\" \/>\n                                                <\/div>\n\n                    <div class=\"transx_dd_content_cont\">\n                                                    <h6 class=\"transx_dd_title\">\n                                <a class=\"transx_dd_link\" href=\"#\" download=\"Delivery Plans\">Delivery Plans<\/a>\n                            <\/h6>\n                                                        <div class=\"transx_dd_description\">DOC, 125 Kb<\/div>\n                                                <\/div>\n                                <\/div>\n        <\/div>\n        \t\t\t\t<\/div>\n\t\t\t\t<\/div>\n\t\t\t\t<div class=\"elementor-element elementor-element-1b1849b elementor-widget elementor-widget-html\" data-id=\"1b1849b\" data-element_type=\"widget\" data-e-type=\"widget\" data-widget_type=\"html.default\">\n\t\t\t\t<div class=\"elementor-widget-container\">\n\t\t\t\t\t<div class=\"transx_contact-trigger transx_contact-trigger--style-2\">\n\t<img decoding=\"async\" class=\"transx_contact-trigger__img\" src=\"https:\/\/demo.artureanec.com\/themes\/transx\/wp-content\/uploads\/2021\/04\/contact_background.png\" alt=\"img\" \/>\n\n\t<h4 class=\"transx_contact-trigger__title\">Comment on peut vous aider ?<\/h4>\n\n\t<p class=\"transx_contact-trigger__text\">Contactez et Rencontrez des Experts P\u00e9troliers <\/p>\n\n\t<a class=\"transx_button\" href=\"https:\/\/amatab.com\/index.php\/contact-petrolier\/\">\n\t\t<span>Contact<\/span>\n\t\t<svg class=\"icon\">\n\t\t\t<svg viewbox=\"0 0 150 78.6\" xmlns=\"http:\/\/www.w3.org\/2000\/svg\"><path d=\"M0 31.5h150v12.7H0V31.5zM112.8-.1l30.9 31.5-8.8 9L104 8.9l8.8-9zm18.1 51l-18.4 18.8 8.9 9 18.4-18.8-8.9-9z\"\/><\/svg>\n\t\t<\/svg>\n\t<\/a>\n<\/div>\t\t\t\t<\/div>\n\t\t\t\t<\/div>\n\t\t\t\t<div class=\"elementor-element elementor-element-3af37e5 elementor-widget elementor-widget-transx_links_list\" data-id=\"3af37e5\" data-element_type=\"widget\" data-e-type=\"widget\" data-widget_type=\"transx_links_list.default\">\n\t\t\t\t<div class=\"elementor-widget-container\">\n\t\t\t\t\t\n        <div class=\"transx_links_list_widget\">\n            <div class=\"transx_links_list_wrapper transx_view_type_2\">\n                <h5 class=\"transx_links_list_title\">Nos Services<\/h5>\n\n                                            <a class=\"transx_links_list_item\" href=\"https:\/\/amatab.com\/index.php\/creation-dentreprise\/\" >\n                                <img decoding=\"async\" class=\"transx_img--bg\" src=\"http:\/\/amatab.com\/wp-content\/uploads\/2023\/09\/pexels-fauxels-3183186.jpg\" alt=\"Background Image\" \/>\n                                <h6>Cr\u00e9ation d&#039;Entreprise<\/h6>\n                                <span class=\"transx_links_list_counter\">01<\/span>\n                            <\/a>\n                                                        <a class=\"transx_links_list_item\" href=\"https:\/\/amatab.com\/index.php\/etude-de-dossier\/\" >\n                                <img decoding=\"async\" class=\"transx_img--bg\" src=\"http:\/\/amatab.com\/wp-content\/uploads\/2023\/09\/pexels-sora-shimazaki-5668842.jpg\" alt=\"Background Image\" \/>\n                                <h6>Etude de Dossier<\/h6>\n                                <span class=\"transx_links_list_counter\">02<\/span>\n                            <\/a>\n                                                        <a class=\"transx_links_list_item\" href=\"https:\/\/amatab.com\/index.php\/accompagnement-et-conseil\/\" >\n                                <img decoding=\"async\" class=\"transx_img--bg\" src=\"http:\/\/amatab.com\/wp-content\/uploads\/2023\/09\/pexels-sora-shimazaki-5673488.jpg\" alt=\"Background Image\" \/>\n                                <h6>Accompagnement<\/h6>\n                                <span class=\"transx_links_list_counter\">03<\/span>\n                            <\/a>\n                                                            <\/div>\n        <\/div>\n\n        \t\t\t\t<\/div>\n\t\t\t\t<\/div>\n\t\t\t\t<div class=\"elementor-element elementor-element-8ea7719 elementor-align-justify elementor-widget elementor-widget-button\" data-id=\"8ea7719\" data-element_type=\"widget\" data-e-type=\"widget\" data-widget_type=\"button.default\">\n\t\t\t\t<div class=\"elementor-widget-container\">\n\t\t\t\t\t\t\t\t\t<div class=\"elementor-button-wrapper\">\n\t\t\t\t\t<a class=\"elementor-button elementor-button-link elementor-size-md\" href=\"#\">\n\t\t\t\t\t\t<span class=\"elementor-button-content-wrapper\">\n\t\t\t\t\t\t\t\t\t<span class=\"elementor-button-text\">Obtenir un Devis<\/span>\n\t\t\t\t\t<\/span>\n\t\t\t\t\t<\/a>\n\t\t\t\t<\/div>\n\t\t\t\t\t\t\t\t<\/div>\n\t\t\t\t<\/div>\n\t\t\t\t\t<\/div>\n\t\t<\/div>\n\t\t\t\t<div class=\"elementor-column elementor-col-66 elementor-top-column elementor-element elementor-element-b64dd3d\" data-id=\"b64dd3d\" data-element_type=\"column\" data-e-type=\"column\">\n\t\t\t<div class=\"elementor-widget-wrap elementor-element-populated\">\n\t\t\t\t\t\t<div class=\"elementor-element elementor-element-d57d7db elementor-widget elementor-widget-image\" data-id=\"d57d7db\" data-element_type=\"widget\" data-e-type=\"widget\" data-widget_type=\"image.default\">\n\t\t\t\t<div class=\"elementor-widget-container\">\n\t\t\t\t\t\t\t\t\t\t\t\t\t\t\t<img loading=\"lazy\" decoding=\"async\" width=\"1024\" height=\"683\" src=\"https:\/\/amatab.com\/wp-content\/uploads\/2023\/09\/pexels-braeson-holland-9092828-1024x683.jpg\" class=\"attachment-large size-large wp-image-2137\" alt=\"\" srcset=\"https:\/\/amatab.com\/wp-content\/uploads\/2023\/09\/pexels-braeson-holland-9092828-1024x683.jpg 1024w, https:\/\/amatab.com\/wp-content\/uploads\/2023\/09\/pexels-braeson-holland-9092828-300x200.jpg 300w, https:\/\/amatab.com\/wp-content\/uploads\/2023\/09\/pexels-braeson-holland-9092828-768x512.jpg 768w, https:\/\/amatab.com\/wp-content\/uploads\/2023\/09\/pexels-braeson-holland-9092828-1536x1024.jpg 1536w, https:\/\/amatab.com\/wp-content\/uploads\/2023\/09\/pexels-braeson-holland-9092828-1320x880.jpg 1320w, https:\/\/amatab.com\/wp-content\/uploads\/2023\/09\/pexels-braeson-holland-9092828-600x400.jpg 600w, https:\/\/amatab.com\/wp-content\/uploads\/2023\/09\/pexels-braeson-holland-9092828.jpg 1920w\" sizes=\"(max-width: 1024px) 100vw, 1024px\" \/>\t\t\t\t\t\t\t\t\t\t\t\t\t\t\t<\/div>\n\t\t\t\t<\/div>\n\t\t\t\t<div class=\"elementor-element elementor-element-9a0109f elementor-widget elementor-widget-heading\" data-id=\"9a0109f\" data-element_type=\"widget\" data-e-type=\"widget\" data-widget_type=\"heading.default\">\n\t\t\t\t<div class=\"elementor-widget-container\">\n\t\t\t\t\t<h4 class=\"elementor-heading-title elementor-size-default\">Service P\u00e9trolier <\/h4>\t\t\t\t<\/div>\n\t\t\t\t<\/div>\n\t\t\t\t<div class=\"elementor-element elementor-element-4520841 elementor-widget elementor-widget-text-editor\" data-id=\"4520841\" data-element_type=\"widget\" data-e-type=\"widget\" data-widget_type=\"text-editor.default\">\n\t\t\t\t<div class=\"elementor-widget-container\">\n\t\t\t\t\t\t\t\t\t<p>Le p\u00e9trole occupe une place pr\u00e9pond\u00e9rante dans le paysage \u00e9nerg\u00e9tique mondial, satisfaisant plus de 30 % de la demande en \u00e9nergie \u00e0 l&rsquo;\u00e9chelle plan\u00e9taire. La r\u00e9partition in\u00e9gale des r\u00e9serves p\u00e9troli\u00e8res dans le monde engendre d&rsquo;importants flux de p\u00e9trole entre les zones de production et de consommation.\u00a0<\/p><p>\u00a0<\/p><p>\u00c0 longue distance, le transport p\u00e9trolier se r\u00e9alise principalement via des pipelines terrestres et des p\u00e9troliers en mer. Le transport par camion, train et barges fluviales est \u00e9galement utilis\u00e9 pour distribuer les produits p\u00e9troliers jusqu&rsquo;aux consommateurs finaux.<\/p><p>\u00a0<\/p><p>Le p\u00e9trole brut est d&rsquo;abord transport\u00e9 depuis les sites de production jusqu&rsquo;aux raffineries pour y \u00eatre transform\u00e9. Les produits p\u00e9troliers sont ensuite transport\u00e9s vers divers points de consommation.<\/p><p>\u00a0<\/p><p>En ce qui concerne le transport terrestre, les ol\u00e9oducs jouent un r\u00f4le pr\u00e9pond\u00e9rant. Ces canalisations, appel\u00e9es \u00ab pipelines \u00bb dans le cas du transport de p\u00e9trole, sont constitu\u00e9es de tron\u00e7ons soud\u00e9s et contr\u00f4l\u00e9s par radiographie pour pr\u00e9venir les fuites. Elles sont rev\u00eatues de mat\u00e9riaux tels que le goudron pour \u00e9viter la corrosion et envelopp\u00e9es de laine min\u00e9rale ou de plastique.<\/p><p>\u00a0<\/p><p>Lorsqu&rsquo;ils sont enterr\u00e9s, les ol\u00e9oducs reposent sur un lit de sable ou de gravier, et certains peuvent \u00eatre lest\u00e9s avec du b\u00e9ton pour \u00e9viter le soul\u00e8vement d\u00fb \u00e0 la pression des fluides. Tous les ol\u00e9oducs font l&rsquo;objet d&rsquo;essais hydrostatiques avant leur mise en service. La pression \u00e0 l&rsquo;int\u00e9rieur de ces canalisations peut atteindre pr\u00e8s de 70 bars pour permettre la circulation du p\u00e9trole, avec des stations de pompage tous les 60 \u00e0 100 kilom\u00e8tres pour maintenir cette pression. Il est essentiel de surveiller en permanence la pression, le d\u00e9bit et la consommation \u00e9nerg\u00e9tique des pipelines sur toute leur longueur pour d\u00e9tecter rapidement les fuites et prendre des mesures correctives.<\/p><p>\u00a0<\/p><p>En ce qui concerne le transport maritime, le p\u00e9trole est achemin\u00e9 par des navires p\u00e9troliers, \u00e9galement appel\u00e9s \u00ab tankers \u00bb ou \u00ab supertankers \u00bb pour les plus gros d&rsquo;entre eux. Les navires p\u00e9troliers sont class\u00e9s en fonction de leur capacit\u00e9 de transport, exprim\u00e9e en tonnes de port en lourd (tpl ou dwt en anglais), correspondant \u00e0 leur chargement maximum. Les tankers varient en taille, des Panamax capables de transporter entre 50 000 et 79 999 tpl, aux VLCC pouvant transporter plus de 200 000 tpl. Les navires p\u00e9troliers plus petits sont utilis\u00e9s pour des routes sp\u00e9cifiques, tandis que les plus grands sont employ\u00e9s pour des trajets transoc\u00e9aniques.<\/p><p>\u00a0<\/p><p style=\"margin-bottom: 1.7rem;\">En somme, le transport p\u00e9trolier est un maillon essentiel de la cha\u00eene d&rsquo;approvisionnement en p\u00e9trole, permettant de r\u00e9pondre \u00e0 la demande \u00e9nerg\u00e9tique mondiale tout en reliant les zones de production et de consommation, que ce soit par voie terrestre ou maritime.<\/p>\t\t\t\t\t\t\t\t<\/div>\n\t\t\t\t<\/div>\n\t\t\t\t<section class=\"elementor-section elementor-inner-section elementor-element elementor-element-1e2099c elementor-section-boxed elementor-section-height-default elementor-section-height-default\" data-id=\"1e2099c\" data-element_type=\"section\" data-e-type=\"section\">\n\t\t\t\t\t\t<div class=\"elementor-container elementor-column-gap-default\">\n\t\t\t\t\t<div class=\"elementor-column elementor-col-33 elementor-inner-column elementor-element elementor-element-370b5f2\" data-id=\"370b5f2\" data-element_type=\"column\" data-e-type=\"column\">\n\t\t\t<div class=\"elementor-widget-wrap elementor-element-populated\">\n\t\t\t\t\t\t<div class=\"elementor-element elementor-element-2058501 elementor-widget elementor-widget-text-editor\" data-id=\"2058501\" data-element_type=\"widget\" data-e-type=\"widget\" data-widget_type=\"text-editor.default\">\n\t\t\t\t<div class=\"elementor-widget-container\">\n\t\t\t\t\t\t\t\t\t<p><span style=\"color: #414a53;\"><span style=\"font-size: 18px;\"><b>Nos atouts<\/b><\/span><\/span><\/p>\t\t\t\t\t\t\t\t<\/div>\n\t\t\t\t<\/div>\n\t\t\t\t<div class=\"elementor-element elementor-element-d3d0978 elementor-widget elementor-widget-text-editor\" data-id=\"d3d0978\" data-element_type=\"widget\" data-e-type=\"widget\" data-widget_type=\"text-editor.default\">\n\t\t\t\t<div class=\"elementor-widget-container\">\n\t\t\t\t\t\t\t\t\t<ul><li>Expertise<\/li><li>Professionnalisme<\/li><li>Savoir-Faire<\/li><\/ul>\t\t\t\t\t\t\t\t<\/div>\n\t\t\t\t<\/div>\n\t\t\t\t\t<\/div>\n\t\t<\/div>\n\t\t\t\t<div class=\"elementor-column elementor-col-33 elementor-inner-column elementor-element elementor-element-69d0273\" data-id=\"69d0273\" data-element_type=\"column\" data-e-type=\"column\">\n\t\t\t<div class=\"elementor-widget-wrap elementor-element-populated\">\n\t\t\t\t\t\t<div class=\"elementor-element elementor-element-cab3cae elementor-widget elementor-widget-text-editor\" data-id=\"cab3cae\" data-element_type=\"widget\" data-e-type=\"widget\" data-widget_type=\"text-editor.default\">\n\t\t\t\t<div class=\"elementor-widget-container\">\n\t\t\t\t\t\t\t\t\t<h5 style=\"margin-bottom: 16px;\">\u00a0<\/h5><div>\u00a0<\/div><ul><li>R\u00e9activit\u00e9<\/li><li>techniques et technologiques<\/li><li>Transport s\u00e9curis\u00e9<\/li><\/ul>\t\t\t\t\t\t\t\t<\/div>\n\t\t\t\t<\/div>\n\t\t\t\t\t<\/div>\n\t\t<\/div>\n\t\t\t\t<div class=\"elementor-column elementor-col-33 elementor-inner-column elementor-element elementor-element-fe07eeb\" data-id=\"fe07eeb\" data-element_type=\"column\" data-e-type=\"column\">\n\t\t\t<div class=\"elementor-widget-wrap elementor-element-populated\">\n\t\t\t\t\t\t<div class=\"elementor-element elementor-element-d35eb9c elementor-widget elementor-widget-text-editor\" data-id=\"d35eb9c\" data-element_type=\"widget\" data-e-type=\"widget\" data-widget_type=\"text-editor.default\">\n\t\t\t\t<div class=\"elementor-widget-container\">\n\t\t\t\t\t\t\t\t\t<h5 style=\"margin-bottom: 16px;\">\u00a0<\/h5><div>\u00a0<\/div><ul><li>r\u00e9glementations de chaque pays<\/li><li>chargement et la livraison<\/li><li>Suivi qualit\u00e9 service<\/li><\/ul>\t\t\t\t\t\t\t\t<\/div>\n\t\t\t\t<\/div>\n\t\t\t\t\t<\/div>\n\t\t<\/div>\n\t\t\t\t\t<\/div>\n\t\t<\/section>\n\t\t\t\t\t<\/div>\n\t\t<\/div>\n\t\t\t\t\t<\/div>\n\t\t<\/section>\n\t\t\t\t<\/div>\n\t\t","protected":false},"excerpt":{"rendered":"<p>Comment on peut vous aider ? Contactez et Rencontrez des Experts P\u00e9troliers Contact Obtenir un Devis Service P\u00e9trolier Le p\u00e9trole occupe une place pr\u00e9pond\u00e9rante dans le paysage \u00e9nerg\u00e9tique mondial, satisfaisant plus de 30 % de la demande en \u00e9nergie \u00e0 l&rsquo;\u00e9chelle plan\u00e9taire. La r\u00e9partition in\u00e9gale des r\u00e9serves p\u00e9troli\u00e8res dans le monde engendre d&rsquo;importants flux de [&hellip;]<\/p>\n","protected":false},"author":5,"featured_media":1275,"parent":0,"menu_order":165,"comment_status":"closed","ping_status":"closed","template":"","meta":{"om_disable_all_campaigns":false,"_uf_show_specific_survey":0,"_uf_disable_surveys":false,"footnotes":""},"folder":[],"class_list":["post-2136","page","type-page","status-publish","has-post-thumbnail","hentry"],"aioseo_notices":[],"_links":{"self":[{"href":"https:\/\/amatab.com\/fr\/wp-json\/wp\/v2\/pages\/2136","targetHints":{"allow":["GET"]}}],"collection":[{"href":"https:\/\/amatab.com\/fr\/wp-json\/wp\/v2\/pages"}],"about":[{"href":"https:\/\/amatab.com\/fr\/wp-json\/wp\/v2\/types\/page"}],"author":[{"embeddable":true,"href":"https:\/\/amatab.com\/fr\/wp-json\/wp\/v2\/users\/5"}],"replies":[{"embeddable":true,"href":"https:\/\/amatab.com\/fr\/wp-json\/wp\/v2\/comments?post=2136"}],"version-history":[{"count":63,"href":"https:\/\/amatab.com\/fr\/wp-json\/wp\/v2\/pages\/2136\/revisions"}],"predecessor-version":[{"id":4320,"href":"https:\/\/amatab.com\/fr\/wp-json\/wp\/v2\/pages\/2136\/revisions\/4320"}],"wp:featuredmedia":[{"embeddable":true,"href":"https:\/\/amatab.com\/fr\/wp-json\/wp\/v2\/media\/1275"}],"wp:attachment":[{"href":"https:\/\/amatab.com\/fr\/wp-json\/wp\/v2\/media?parent=2136"}],"wp:term":[{"taxonomy":"folder","embeddable":true,"href":"https:\/\/amatab.com\/fr\/wp-json\/wp\/v2\/folder?post=2136"}],"curies":[{"name":"wp","href":"https:\/\/api.w.org\/{rel}","templated":true}]}}