{"id":2651,"date":"2023-10-04T11:08:24","date_gmt":"2023-10-04T09:08:24","guid":{"rendered":"https:\/\/amatab.com\/?page_id=2651"},"modified":"2023-10-18T10:49:30","modified_gmt":"2023-10-18T08:49:30","slug":"lubrifiants-de-specialite-marine","status":"publish","type":"page","link":"https:\/\/amatab.com\/fr\/lubrifiants-de-specialite-marine\/","title":{"rendered":"Lubrifiants de sp\u00e9cialit\u00e9 marine"},"content":{"rendered":"\t\t<div data-elementor-type=\"wp-page\" data-elementor-id=\"2651\" class=\"elementor elementor-2651\" data-elementor-post-type=\"page\">\n\t\t\t\t\t\t<section class=\"elementor-section elementor-top-section elementor-element elementor-element-b1e1b07 elementor-section-boxed elementor-section-height-default elementor-section-height-default\" data-id=\"b1e1b07\" data-element_type=\"section\" data-e-type=\"section\">\n\t\t\t\t\t\t<div class=\"elementor-container elementor-column-gap-default\">\n\t\t\t\t\t<div class=\"elementor-column elementor-col-100 elementor-top-column elementor-element elementor-element-e007bb2\" data-id=\"e007bb2\" data-element_type=\"column\" data-e-type=\"column\">\n\t\t\t<div class=\"elementor-widget-wrap elementor-element-populated\">\n\t\t\t\t\t\t<div class=\"elementor-element elementor-element-4429cdd elementor-widget elementor-widget-text-editor\" data-id=\"4429cdd\" data-element_type=\"widget\" data-e-type=\"widget\" data-widget_type=\"text-editor.default\">\n\t\t\t\t<div class=\"elementor-widget-container\">\n\t\t\t\t\t\t\t\t\t<p>Bienvenue chez Amatab &amp; Co, votre partenaire de confiance dans le domaine du transit maritime. Nous sommes fiers d&rsquo;offrir des solutions compl\u00e8tes et fiables pour la gestion efficace des navires, y compris une gamme exclusive de lubrifiants de sp\u00e9cialit\u00e9 marine con\u00e7us pour r\u00e9pondre aux exigences les plus rigoureuses de l&rsquo;industrie<\/p><p>Chez Amatab &amp; Co, nous comprenons \u00e0 quel point il est important d&rsquo;avoir des \u00e9quipements marins performants pour assurer des op\u00e9rations fluides et efficaces. C&rsquo;est pourquoi notre s\u00e9lection de lubrifiants sp\u00e9ciaux a \u00e9t\u00e9 sp\u00e9cialement formul\u00e9e pour offrir une protection sup\u00e9rieure et une fiabilit\u00e9 in\u00e9gal\u00e9e m\u00eame dans les conditions maritimes les plus exigeantes.<\/p><p>En collaborant avec les leaders de l&rsquo;industrie, nous avons d\u00e9velopp\u00e9 des lubrifiants sp\u00e9ciaux hautement performants qui contribuent \u00e0 r\u00e9duire les temps d&rsquo;arr\u00eat, prolongent la dur\u00e9e de vie des \u00e9quipements et optimisent les performances globales de votre flotte. Notre engagement envers l&rsquo;innovation et la qualit\u00e9 garantit que nos lubrifiants sp\u00e9ciaux r\u00e9pondent aux normes les plus \u00e9lev\u00e9es en termes de durabilit\u00e9 et de performance.<\/p><p>En choisissant les lubrifiants sp\u00e9ciaux marins d&rsquo;Amatab &amp; Co, vous optez pour des produits de qualit\u00e9 sup\u00e9rieure qui offrent une protection exceptionnelle contre l&rsquo;usure, la corrosion et les temp\u00e9ratures extr\u00eames. Notre \u00e9quipe exp\u00e9riment\u00e9e est pr\u00eate \u00e0 vous aider \u00e0 trouver les solutions adapt\u00e9es \u00e0 vos besoins sp\u00e9cifiques en mati\u00e8re de lubrification marine tout en vous fournissant un service personnalis\u00e9 et un support technique de premier ordre.<\/p><p>Explorez notre gamme compl\u00e8te de lubrifiants sp\u00e9ciaux marins et d\u00e9couvrez comment Amatab &amp; Co peut contribuer \u00e0 am\u00e9liorer la performance et la durabilit\u00e9 de votre flotte maritime.<br \/>N&rsquo;h\u00e9sitez pas \u00e0 nous contacter si vous souhaitez en savoir plus sur nos produits et services ou si vous souhaitez discuter de la fa\u00e7on dont nous pouvons soutenir votre entreprise dans ses op\u00e9rations de transport maritime.<\/p>\t\t\t\t\t\t\t\t<\/div>\n\t\t\t\t<\/div>\n\t\t\t\t\t<\/div>\n\t\t<\/div>\n\t\t\t\t\t<\/div>\n\t\t<\/section>\n\t\t\t\t<section class=\"elementor-section elementor-top-section elementor-element elementor-element-4276add elementor-section-boxed elementor-section-height-default elementor-section-height-default\" data-id=\"4276add\" data-element_type=\"section\" data-e-type=\"section\">\n\t\t\t\t\t\t<div class=\"elementor-container elementor-column-gap-default\">\n\t\t\t\t\t<div class=\"elementor-column elementor-col-100 elementor-top-column elementor-element elementor-element-299e5e0\" data-id=\"299e5e0\" data-element_type=\"column\" data-e-type=\"column\">\n\t\t\t<div class=\"elementor-widget-wrap elementor-element-populated\">\n\t\t\t\t\t\t<div class=\"elementor-element elementor-element-6e00bd1 elementor-widget elementor-widget-image\" data-id=\"6e00bd1\" data-element_type=\"widget\" data-e-type=\"widget\" data-widget_type=\"image.default\">\n\t\t\t\t<div class=\"elementor-widget-container\">\n\t\t\t\t\t\t\t\t\t\t\t\t\t\t\t<img fetchpriority=\"high\" decoding=\"async\" width=\"1024\" height=\"578\" src=\"https:\/\/amatab.com\/wp-content\/uploads\/2023\/10\/barrels-oil-high-seas-created-with-generative-ai-technology-1-1024x578.jpg\" class=\"attachment-large size-large wp-image-4769\" alt=\"\" srcset=\"https:\/\/amatab.com\/wp-content\/uploads\/2023\/10\/barrels-oil-high-seas-created-with-generative-ai-technology-1-1024x578.jpg 1024w, https:\/\/amatab.com\/wp-content\/uploads\/2023\/10\/barrels-oil-high-seas-created-with-generative-ai-technology-1-300x169.jpg 300w, https:\/\/amatab.com\/wp-content\/uploads\/2023\/10\/barrels-oil-high-seas-created-with-generative-ai-technology-1-768x434.jpg 768w, https:\/\/amatab.com\/wp-content\/uploads\/2023\/10\/barrels-oil-high-seas-created-with-generative-ai-technology-1-1536x867.jpg 1536w, https:\/\/amatab.com\/wp-content\/uploads\/2023\/10\/barrels-oil-high-seas-created-with-generative-ai-technology-1-2048x1156.jpg 2048w, https:\/\/amatab.com\/wp-content\/uploads\/2023\/10\/barrels-oil-high-seas-created-with-generative-ai-technology-1-1320x745.jpg 1320w, https:\/\/amatab.com\/wp-content\/uploads\/2023\/10\/barrels-oil-high-seas-created-with-generative-ai-technology-1-600x339.jpg 600w\" sizes=\"(max-width: 1024px) 100vw, 1024px\" \/>\t\t\t\t\t\t\t\t\t\t\t\t\t\t\t<\/div>\n\t\t\t\t<\/div>\n\t\t\t\t\t<\/div>\n\t\t<\/div>\n\t\t\t\t\t<\/div>\n\t\t<\/section>\n\t\t\t\t<\/div>\n\t\t","protected":false},"excerpt":{"rendered":"<p>Bienvenue chez Amatab &amp; Co, votre partenaire de confiance dans le domaine du transit maritime. Nous sommes fiers d&rsquo;offrir des solutions compl\u00e8tes et fiables pour la gestion efficace des navires, y compris une gamme exclusive de lubrifiants de sp\u00e9cialit\u00e9 marine con\u00e7us pour r\u00e9pondre aux exigences les plus rigoureuses de l&rsquo;industrie Chez Amatab &amp; Co, nous [&hellip;]<\/p>\n","protected":false},"author":5,"featured_media":0,"parent":0,"menu_order":158,"comment_status":"closed","ping_status":"closed","template":"","meta":{"om_disable_all_campaigns":false,"_uf_show_specific_survey":0,"_uf_disable_surveys":false,"footnotes":""},"folder":[],"class_list":["post-2651","page","type-page","status-publish","hentry"],"aioseo_notices":[],"_links":{"self":[{"href":"https:\/\/amatab.com\/fr\/wp-json\/wp\/v2\/pages\/2651","targetHints":{"allow":["GET"]}}],"collection":[{"href":"https:\/\/amatab.com\/fr\/wp-json\/wp\/v2\/pages"}],"about":[{"href":"https:\/\/amatab.com\/fr\/wp-json\/wp\/v2\/types\/page"}],"author":[{"embeddable":true,"href":"https:\/\/amatab.com\/fr\/wp-json\/wp\/v2\/users\/5"}],"replies":[{"embeddable":true,"href":"https:\/\/amatab.com\/fr\/wp-json\/wp\/v2\/comments?post=2651"}],"version-history":[{"count":7,"href":"https:\/\/amatab.com\/fr\/wp-json\/wp\/v2\/pages\/2651\/revisions"}],"predecessor-version":[{"id":4792,"href":"https:\/\/amatab.com\/fr\/wp-json\/wp\/v2\/pages\/2651\/revisions\/4792"}],"wp:attachment":[{"href":"https:\/\/amatab.com\/fr\/wp-json\/wp\/v2\/media?parent=2651"}],"wp:term":[{"taxonomy":"folder","embeddable":true,"href":"https:\/\/amatab.com\/fr\/wp-json\/wp\/v2\/folder?post=2651"}],"curies":[{"name":"wp","href":"https:\/\/api.w.org\/{rel}","templated":true}]}}