{"id":2658,"date":"2023-10-04T11:18:04","date_gmt":"2023-10-04T09:18:04","guid":{"rendered":"https:\/\/amatab.com\/?page_id=2658"},"modified":"2024-01-22T10:53:37","modified_gmt":"2024-01-22T09:53:37","slug":"solutions-de-nettoyage","status":"publish","type":"page","link":"https:\/\/amatab.com\/fr\/armateur\/solutions-de-nettoyage\/","title":{"rendered":"Solutions de nettoyage"},"content":{"rendered":"\t\t<div data-elementor-type=\"wp-page\" data-elementor-id=\"2658\" class=\"elementor elementor-2658\" data-elementor-post-type=\"page\">\n\t\t\t\t\t\t<section class=\"elementor-section elementor-top-section elementor-element elementor-element-228b3c1 elementor-section-boxed elementor-section-height-default elementor-section-height-default\" data-id=\"228b3c1\" data-element_type=\"section\" data-e-type=\"section\">\n\t\t\t\t\t\t<div class=\"elementor-container elementor-column-gap-default\">\n\t\t\t\t\t<div class=\"elementor-column elementor-col-33 elementor-top-column elementor-element elementor-element-a86ce3a\" data-id=\"a86ce3a\" data-element_type=\"column\" data-e-type=\"column\">\n\t\t\t<div class=\"elementor-widget-wrap elementor-element-populated\">\n\t\t\t\t\t\t<div class=\"elementor-element elementor-element-dae7723 elementor-widget__width-initial elementor-widget elementor-widget-text-editor\" data-id=\"dae7723\" data-element_type=\"widget\" data-e-type=\"widget\" data-widget_type=\"text-editor.default\">\n\t\t\t\t<div class=\"elementor-widget-container\">\n\t\t\t\t\t\t\t\t\t<p>L\u2019entretien r\u00e9gulier des navires est essentiel pour maintenir leur efficacit\u00e9 op\u00e9rationnelle, prolonger leur dur\u00e9e de vie et garantir la s\u00e9curit\u00e9 de l&rsquo;\u00e9quipage. Pour cette raison, nous mettons \u00e0 votre disposition une \u00e9quipe hautement qualifi\u00e9e et des \u00e9quipements de pointe pour r\u00e9pondre \u00e0 tous vos besoins de nettoyage en mer.<\/p>\t\t\t\t\t\t\t\t<\/div>\n\t\t\t\t<\/div>\n\t\t\t\t<div class=\"elementor-element elementor-element-1006730 elementor-widget__width-initial elementor-widget elementor-widget-text-editor\" data-id=\"1006730\" data-element_type=\"widget\" data-e-type=\"widget\" data-widget_type=\"text-editor.default\">\n\t\t\t\t<div class=\"elementor-widget-container\">\n\t\t\t\t\t\t\t\t\t<p>Nos solutions de nettoyage englobent une gamme compl\u00e8te de services, allant du nettoyage minutieux des coques pour \u00e9liminer les d\u00e9p\u00f4ts marins et am\u00e9liorer l&rsquo;efficacit\u00e9 \u00e9nerg\u00e9tique, au d\u00e9graissage complet pour maintenir des performances optimales.\u00a0<\/p>\t\t\t\t\t\t\t\t<\/div>\n\t\t\t\t<\/div>\n\t\t\t\t<div class=\"elementor-element elementor-element-5710b88 elementor-widget elementor-widget-image\" data-id=\"5710b88\" data-element_type=\"widget\" data-e-type=\"widget\" data-widget_type=\"image.default\">\n\t\t\t\t<div class=\"elementor-widget-container\">\n\t\t\t\t\t\t\t\t\t\t\t\t\t\t\t<img fetchpriority=\"high\" decoding=\"async\" width=\"1024\" height=\"683\" src=\"https:\/\/amatab.com\/wp-content\/uploads\/2023\/10\/professional-sailor-yachtsman-tights-tensions-cable-wire-rope-mechanical-winch-sailboat-yacht-1-1024x683.jpg\" class=\"attachment-large size-large wp-image-6246\" alt=\"\" srcset=\"https:\/\/amatab.com\/wp-content\/uploads\/2023\/10\/professional-sailor-yachtsman-tights-tensions-cable-wire-rope-mechanical-winch-sailboat-yacht-1-1024x683.jpg 1024w, https:\/\/amatab.com\/wp-content\/uploads\/2023\/10\/professional-sailor-yachtsman-tights-tensions-cable-wire-rope-mechanical-winch-sailboat-yacht-1-300x200.jpg 300w, https:\/\/amatab.com\/wp-content\/uploads\/2023\/10\/professional-sailor-yachtsman-tights-tensions-cable-wire-rope-mechanical-winch-sailboat-yacht-1-768x512.jpg 768w, https:\/\/amatab.com\/wp-content\/uploads\/2023\/10\/professional-sailor-yachtsman-tights-tensions-cable-wire-rope-mechanical-winch-sailboat-yacht-1-1536x1024.jpg 1536w, https:\/\/amatab.com\/wp-content\/uploads\/2023\/10\/professional-sailor-yachtsman-tights-tensions-cable-wire-rope-mechanical-winch-sailboat-yacht-1-2048x1365.jpg 2048w, https:\/\/amatab.com\/wp-content\/uploads\/2023\/10\/professional-sailor-yachtsman-tights-tensions-cable-wire-rope-mechanical-winch-sailboat-yacht-1-1320x880.jpg 1320w, https:\/\/amatab.com\/wp-content\/uploads\/2023\/10\/professional-sailor-yachtsman-tights-tensions-cable-wire-rope-mechanical-winch-sailboat-yacht-1-600x400.jpg 600w\" sizes=\"(max-width: 1024px) 100vw, 1024px\" \/>\t\t\t\t\t\t\t\t\t\t\t\t\t\t\t<\/div>\n\t\t\t\t<\/div>\n\t\t\t\t\t<\/div>\n\t\t<\/div>\n\t\t\t\t<div class=\"elementor-column elementor-col-33 elementor-top-column elementor-element elementor-element-71ea6b8\" data-id=\"71ea6b8\" data-element_type=\"column\" data-e-type=\"column\">\n\t\t\t<div class=\"elementor-widget-wrap elementor-element-populated\">\n\t\t\t\t\t\t<div class=\"elementor-element elementor-element-629c99d elementor-widget__width-initial elementor-hidden-mobile elementor-widget elementor-widget-image\" data-id=\"629c99d\" data-element_type=\"widget\" data-e-type=\"widget\" data-widget_type=\"image.default\">\n\t\t\t\t<div class=\"elementor-widget-container\">\n\t\t\t\t\t\t\t\t\t\t\t\t\t\t\t<img decoding=\"async\" width=\"1024\" height=\"683\" src=\"https:\/\/amatab.com\/wp-content\/uploads\/2023\/10\/soft-focus-water-drops-come-out-hose-sailor-captain-yacht-owner-washes-salty-residue-from-sail-mainsail-spinnaker-when-sailboat-is-docked-yard-marina-1024x683.jpg\" class=\"attachment-large size-large wp-image-2613\" alt=\"\" srcset=\"https:\/\/amatab.com\/wp-content\/uploads\/2023\/10\/soft-focus-water-drops-come-out-hose-sailor-captain-yacht-owner-washes-salty-residue-from-sail-mainsail-spinnaker-when-sailboat-is-docked-yard-marina-1024x683.jpg 1024w, https:\/\/amatab.com\/wp-content\/uploads\/2023\/10\/soft-focus-water-drops-come-out-hose-sailor-captain-yacht-owner-washes-salty-residue-from-sail-mainsail-spinnaker-when-sailboat-is-docked-yard-marina-300x200.jpg 300w, https:\/\/amatab.com\/wp-content\/uploads\/2023\/10\/soft-focus-water-drops-come-out-hose-sailor-captain-yacht-owner-washes-salty-residue-from-sail-mainsail-spinnaker-when-sailboat-is-docked-yard-marina-768x512.jpg 768w, https:\/\/amatab.com\/wp-content\/uploads\/2023\/10\/soft-focus-water-drops-come-out-hose-sailor-captain-yacht-owner-washes-salty-residue-from-sail-mainsail-spinnaker-when-sailboat-is-docked-yard-marina-1536x1024.jpg 1536w, https:\/\/amatab.com\/wp-content\/uploads\/2023\/10\/soft-focus-water-drops-come-out-hose-sailor-captain-yacht-owner-washes-salty-residue-from-sail-mainsail-spinnaker-when-sailboat-is-docked-yard-marina-2048x1365.jpg 2048w, https:\/\/amatab.com\/wp-content\/uploads\/2023\/10\/soft-focus-water-drops-come-out-hose-sailor-captain-yacht-owner-washes-salty-residue-from-sail-mainsail-spinnaker-when-sailboat-is-docked-yard-marina-1320x880.jpg 1320w, https:\/\/amatab.com\/wp-content\/uploads\/2023\/10\/soft-focus-water-drops-come-out-hose-sailor-captain-yacht-owner-washes-salty-residue-from-sail-mainsail-spinnaker-when-sailboat-is-docked-yard-marina-600x400.jpg 600w\" sizes=\"(max-width: 1024px) 100vw, 1024px\" \/>\t\t\t\t\t\t\t\t\t\t\t\t\t\t\t<\/div>\n\t\t\t\t<\/div>\n\t\t\t\t<div class=\"elementor-element elementor-element-19adaad elementor-widget elementor-widget-spacer\" data-id=\"19adaad\" data-element_type=\"widget\" data-e-type=\"widget\" data-widget_type=\"spacer.default\">\n\t\t\t\t<div class=\"elementor-widget-container\">\n\t\t\t\t\t\t\t<div class=\"elementor-spacer\">\n\t\t\t<div class=\"elementor-spacer-inner\"><\/div>\n\t\t<\/div>\n\t\t\t\t\t\t<\/div>\n\t\t\t\t<\/div>\n\t\t\t\t<div class=\"elementor-element elementor-element-14d2f22 elementor-widget__width-initial elementor-widget elementor-widget-text-editor\" data-id=\"14d2f22\" data-element_type=\"widget\" data-e-type=\"widget\" data-widget_type=\"text-editor.default\">\n\t\t\t\t<div class=\"elementor-widget-container\">\n\t\t\t\t\t\t\t\t\t<p>\u00a0<\/p><p>Nous nous occupons \u00e9galement du nettoyage int\u00e9rieur et ext\u00e9rieur du navire, garantissant ainsi un bateau propre, \u00e9tincelant et en parfait \u00e9tat et un environnement s\u00fbr et sain pour l\u2019\u00e9quipage et les cargaisons.<\/p>\t\t\t\t\t\t\t\t<\/div>\n\t\t\t\t<\/div>\n\t\t\t\t<div class=\"elementor-element elementor-element-0975f94 elementor-widget__width-initial elementor-widget elementor-widget-text-editor\" data-id=\"0975f94\" data-element_type=\"widget\" data-e-type=\"widget\" data-widget_type=\"text-editor.default\">\n\t\t\t\t<div class=\"elementor-widget-container\">\n\t\t\t\t\t\t\t\t\t<p>En faisant appel \u00e0 nos services de nettoyage, vous assurez non seulement la propret\u00e9 et la long\u00e9vit\u00e9 de votre navire, mais \u00e9galement la pr\u00e9servation des mers et des c\u00f4tes.<\/p>\t\t\t\t\t\t\t\t<\/div>\n\t\t\t\t<\/div>\n\t\t\t\t<div class=\"elementor-element elementor-element-3b4cc7d elementor-widget__width-initial elementor-hidden-desktop elementor-hidden-tablet elementor-widget elementor-widget-image\" data-id=\"3b4cc7d\" data-element_type=\"widget\" data-e-type=\"widget\" data-widget_type=\"image.default\">\n\t\t\t\t<div class=\"elementor-widget-container\">\n\t\t\t\t\t\t\t\t\t\t\t\t\t\t\t<img decoding=\"async\" width=\"1024\" height=\"683\" src=\"https:\/\/amatab.com\/wp-content\/uploads\/2023\/10\/soft-focus-water-drops-come-out-hose-sailor-captain-yacht-owner-washes-salty-residue-from-sail-mainsail-spinnaker-when-sailboat-is-docked-yard-marina-1024x683.jpg\" class=\"attachment-large size-large wp-image-2613\" alt=\"\" srcset=\"https:\/\/amatab.com\/wp-content\/uploads\/2023\/10\/soft-focus-water-drops-come-out-hose-sailor-captain-yacht-owner-washes-salty-residue-from-sail-mainsail-spinnaker-when-sailboat-is-docked-yard-marina-1024x683.jpg 1024w, https:\/\/amatab.com\/wp-content\/uploads\/2023\/10\/soft-focus-water-drops-come-out-hose-sailor-captain-yacht-owner-washes-salty-residue-from-sail-mainsail-spinnaker-when-sailboat-is-docked-yard-marina-300x200.jpg 300w, https:\/\/amatab.com\/wp-content\/uploads\/2023\/10\/soft-focus-water-drops-come-out-hose-sailor-captain-yacht-owner-washes-salty-residue-from-sail-mainsail-spinnaker-when-sailboat-is-docked-yard-marina-768x512.jpg 768w, https:\/\/amatab.com\/wp-content\/uploads\/2023\/10\/soft-focus-water-drops-come-out-hose-sailor-captain-yacht-owner-washes-salty-residue-from-sail-mainsail-spinnaker-when-sailboat-is-docked-yard-marina-1536x1024.jpg 1536w, https:\/\/amatab.com\/wp-content\/uploads\/2023\/10\/soft-focus-water-drops-come-out-hose-sailor-captain-yacht-owner-washes-salty-residue-from-sail-mainsail-spinnaker-when-sailboat-is-docked-yard-marina-2048x1365.jpg 2048w, https:\/\/amatab.com\/wp-content\/uploads\/2023\/10\/soft-focus-water-drops-come-out-hose-sailor-captain-yacht-owner-washes-salty-residue-from-sail-mainsail-spinnaker-when-sailboat-is-docked-yard-marina-1320x880.jpg 1320w, https:\/\/amatab.com\/wp-content\/uploads\/2023\/10\/soft-focus-water-drops-come-out-hose-sailor-captain-yacht-owner-washes-salty-residue-from-sail-mainsail-spinnaker-when-sailboat-is-docked-yard-marina-600x400.jpg 600w\" sizes=\"(max-width: 1024px) 100vw, 1024px\" \/>\t\t\t\t\t\t\t\t\t\t\t\t\t\t\t<\/div>\n\t\t\t\t<\/div>\n\t\t\t\t\t<\/div>\n\t\t<\/div>\n\t\t\t\t<div class=\"elementor-column elementor-col-33 elementor-top-column elementor-element elementor-element-26d7f35\" data-id=\"26d7f35\" data-element_type=\"column\" data-e-type=\"column\">\n\t\t\t<div class=\"elementor-widget-wrap elementor-element-populated\">\n\t\t\t\t\t\t<div class=\"elementor-element elementor-element-6ac8b7b elementor-widget__width-initial elementor-widget elementor-widget-transx_links_list\" data-id=\"6ac8b7b\" data-element_type=\"widget\" data-e-type=\"widget\" data-widget_type=\"transx_links_list.default\">\n\t\t\t\t<div class=\"elementor-widget-container\">\n\t\t\t\t\t\n        <div class=\"transx_links_list_widget\">\n            <div class=\"transx_links_list_wrapper transx_view_type_2\">\n                <h5 class=\"transx_links_list_title\">Autres Services<\/h5>\n\n                                            <a class=\"transx_links_list_item\" href=\"https:\/\/amatab.com\/fr\/armateur\/equipement-du-navire\/\" >\n                                <img decoding=\"async\" class=\"transx_img--bg\" src=\"http:\/\/amatab.com\/wp-content\/uploads\/2023\/10\/aerial-shot-big-military-ships-harbor-during-winter-scaled.jpg\" alt=\"Background Image\" \/>\n                                <h6>\u00c9quipement du navire<\/h6>\n                                <span class=\"transx_links_list_counter\">01<\/span>\n                            <\/a>\n                                                        <a class=\"transx_links_list_item\" href=\"https:\/\/amatab.com\/fr\/armateur\/ancrage-et-cordage\/\" >\n                                <img decoding=\"async\" class=\"transx_img--bg\" src=\"http:\/\/amatab.com\/wp-content\/uploads\/2023\/10\/professional-sailor-yachtsman-tights-tensions-cable-wire-rope-mechanical-winch-sailboat-yacht-scaled.jpg\" alt=\"Background Image\" \/>\n                                <h6>Ancrage et cordage<\/h6>\n                                <span class=\"transx_links_list_counter\">02<\/span>\n                            <\/a>\n                                                        <a class=\"transx_links_list_item\" href=\"https:\/\/amatab.com\/fr\/armateur\/carburants-et-lubrifiants\/\" >\n                                <img decoding=\"async\" class=\"transx_img--bg\" src=\"http:\/\/amatab.com\/wp-content\/uploads\/2023\/11\/navire-porte-conteneurs-scaled.jpg\" alt=\"Background Image\" \/>\n                                <h6>Carburants et lubrifiants<\/h6>\n                                <span class=\"transx_links_list_counter\">03<\/span>\n                            <\/a>\n                                                        <a class=\"transx_links_list_item\" href=\"https:\/\/amatab.com\/fr\/armateur\/services-de-courtage\/\" >\n                                <img decoding=\"async\" class=\"transx_img--bg\" src=\"http:\/\/amatab.com\/wp-content\/uploads\/2023\/11\/grand-navire-transport-conteneurs-marchandises-pleine-mer-ai-generative-scaled.jpg\" alt=\"Background Image\" \/>\n                                <h6>Services de courtage<\/h6>\n                                <span class=\"transx_links_list_counter\">04<\/span>\n                            <\/a>\n                                                            <\/div>\n        <\/div>\n\n        \t\t\t\t<\/div>\n\t\t\t\t<\/div>\n\t\t\t\t<div class=\"elementor-element elementor-element-f9b59d6 elementor-widget__width-initial elementor-widget elementor-widget-html\" data-id=\"f9b59d6\" data-element_type=\"widget\" data-e-type=\"widget\" data-widget_type=\"html.default\">\n\t\t\t\t<div class=\"elementor-widget-container\">\n\t\t\t\t\t<div class=\"transx_contact-trigger transx_contact-trigger--style-2\">\n\t\n\t<h4 class=\"transx_contact-trigger__title\">Besoin d'une estimation de prix ?<\/h4>\n\n\t<p class=\"transx_contact-trigger__text\">Nous sommes l\u00e0 pour vous fournir rapidement des informations d\u00e9taill\u00e9es sur nos tarifs !<\/p>\n\n\t<a class=\"transx_button\" href=\"https:\/\/amatab.com\/fr\/armateur\/solutions-de-nettoyage\/obtenir-un-devis\/\">\n\t\t<span>OBTENIR UN DEVIS<\/span>\n\t\t<svg class=\"icon\">\n\t\t\t<svg viewbox=\"0 0 150 78.6\" xmlns=\"http:\/\/www.w3.org\/2000\/svg\"><path d=\"M0 31.5h150v12.7H0V31.5zM112.8-.1l30.9 31.5-8.8 9L104 8.9l8.8-9zm18.1 51l-18.4 18.8 8.9 9 18.4-18.8-8.9-9z\"\/><\/svg>\n\t\t<\/svg>\n\t<\/a>\n<\/div>\t\t\t\t<\/div>\n\t\t\t\t<\/div>\n\t\t\t\t\t<\/div>\n\t\t<\/div>\n\t\t\t\t\t<\/div>\n\t\t<\/section>\n\t\t\t\t<\/div>\n\t\t","protected":false},"excerpt":{"rendered":"<p>L\u2019entretien r\u00e9gulier des navires est essentiel pour maintenir leur efficacit\u00e9 op\u00e9rationnelle, prolonger leur dur\u00e9e de vie et garantir la s\u00e9curit\u00e9 de l&rsquo;\u00e9quipage. Pour cette raison, nous mettons \u00e0 votre disposition une \u00e9quipe hautement qualifi\u00e9e et des \u00e9quipements de pointe pour r\u00e9pondre \u00e0 tous vos besoins de nettoyage en mer. Nos solutions de nettoyage englobent une [&hellip;]<\/p>\n","protected":false},"author":5,"featured_media":1275,"parent":2572,"menu_order":140,"comment_status":"closed","ping_status":"closed","template":"","meta":{"om_disable_all_campaigns":false,"_uf_show_specific_survey":0,"_uf_disable_surveys":false,"footnotes":""},"folder":[],"class_list":["post-2658","page","type-page","status-publish","has-post-thumbnail","hentry"],"aioseo_notices":[],"_links":{"self":[{"href":"https:\/\/amatab.com\/fr\/wp-json\/wp\/v2\/pages\/2658","targetHints":{"allow":["GET"]}}],"collection":[{"href":"https:\/\/amatab.com\/fr\/wp-json\/wp\/v2\/pages"}],"about":[{"href":"https:\/\/amatab.com\/fr\/wp-json\/wp\/v2\/types\/page"}],"author":[{"embeddable":true,"href":"https:\/\/amatab.com\/fr\/wp-json\/wp\/v2\/users\/5"}],"replies":[{"embeddable":true,"href":"https:\/\/amatab.com\/fr\/wp-json\/wp\/v2\/comments?post=2658"}],"version-history":[{"count":148,"href":"https:\/\/amatab.com\/fr\/wp-json\/wp\/v2\/pages\/2658\/revisions"}],"predecessor-version":[{"id":16089,"href":"https:\/\/amatab.com\/fr\/wp-json\/wp\/v2\/pages\/2658\/revisions\/16089"}],"up":[{"embeddable":true,"href":"https:\/\/amatab.com\/fr\/wp-json\/wp\/v2\/pages\/2572"}],"wp:featuredmedia":[{"embeddable":true,"href":"https:\/\/amatab.com\/fr\/wp-json\/wp\/v2\/media\/1275"}],"wp:attachment":[{"href":"https:\/\/amatab.com\/fr\/wp-json\/wp\/v2\/media?parent=2658"}],"wp:term":[{"taxonomy":"folder","embeddable":true,"href":"https:\/\/amatab.com\/fr\/wp-json\/wp\/v2\/folder?post=2658"}],"curies":[{"name":"wp","href":"https:\/\/api.w.org\/{rel}","templated":true}]}}