{"id":3480,"date":"2023-10-10T17:12:55","date_gmt":"2023-10-10T15:12:55","guid":{"rendered":"https:\/\/amatab.com\/?page_id=3480"},"modified":"2024-01-31T16:49:39","modified_gmt":"2024-01-31T15:49:39","slug":"systemes-de-protection-dincendie-et-de-gaz","status":"publish","type":"page","link":"https:\/\/amatab.com\/fr\/services-petroliers\/systemes-de-protection-dincendie-et-de-gaz\/","title":{"rendered":"Syst\u00e8mes de protection contre les incendies"},"content":{"rendered":"\t\t<div data-elementor-type=\"wp-page\" data-elementor-id=\"3480\" class=\"elementor elementor-3480\" data-elementor-post-type=\"page\">\n\t\t\t\t\t\t<section class=\"elementor-section elementor-top-section elementor-element elementor-element-d2c3703 elementor-section-boxed elementor-section-height-default elementor-section-height-default\" data-id=\"d2c3703\" data-element_type=\"section\" data-e-type=\"section\">\n\t\t\t\t\t\t<div class=\"elementor-container elementor-column-gap-default\">\n\t\t\t\t\t<div class=\"elementor-column elementor-col-50 elementor-top-column elementor-element elementor-element-443c372\" data-id=\"443c372\" data-element_type=\"column\" data-e-type=\"column\">\n\t\t\t<div class=\"elementor-widget-wrap elementor-element-populated\">\n\t\t\t\t\t\t<section class=\"elementor-section elementor-inner-section elementor-element elementor-element-fa02788 elementor-section-boxed elementor-section-height-default elementor-section-height-default\" data-id=\"fa02788\" data-element_type=\"section\" data-e-type=\"section\">\n\t\t\t\t\t\t<div class=\"elementor-container elementor-column-gap-default\">\n\t\t\t\t\t<div class=\"elementor-column elementor-col-100 elementor-inner-column elementor-element elementor-element-166f461\" data-id=\"166f461\" data-element_type=\"column\" data-e-type=\"column\">\n\t\t\t<div class=\"elementor-widget-wrap elementor-element-populated\">\n\t\t\t\t\t\t<div class=\"elementor-element elementor-element-61d9065 elementor-widget__width-initial elementor-widget elementor-widget-text-editor\" data-id=\"61d9065\" data-element_type=\"widget\" data-e-type=\"widget\" data-widget_type=\"text-editor.default\">\n\t\t\t\t<div class=\"elementor-widget-container\">\n\t\t\t\t\t\t\t\t\t<p style=\"text-align: left;\">Au c\u0153ur de nos engagements en mati\u00e8re de s\u00e9curit\u00e9, AMATAB &amp; CO met en \u0153uvre des syst\u00e8mes de protection contre les incendies avanc\u00e9s. Notre objectif premier est de r\u00e9duire les risques au minimum et de r\u00e9agir de mani\u00e8re optimale en cas de situations d&rsquo;urgence.<\/p>\t\t\t\t\t\t\t\t<\/div>\n\t\t\t\t<\/div>\n\t\t\t\t\t<\/div>\n\t\t<\/div>\n\t\t\t\t\t<\/div>\n\t\t<\/section>\n\t\t\t\t<section class=\"elementor-section elementor-inner-section elementor-element elementor-element-80156eb elementor-section-boxed elementor-section-height-default elementor-section-height-default\" data-id=\"80156eb\" data-element_type=\"section\" data-e-type=\"section\">\n\t\t\t\t\t\t<div class=\"elementor-container elementor-column-gap-default\">\n\t\t\t\t\t<div class=\"elementor-column elementor-col-100 elementor-inner-column elementor-element elementor-element-13bd8cf\" data-id=\"13bd8cf\" data-element_type=\"column\" data-e-type=\"column\">\n\t\t\t<div class=\"elementor-widget-wrap elementor-element-populated\">\n\t\t\t\t\t\t<div class=\"elementor-element elementor-element-5cebdf6 elementor-widget elementor-widget-image\" data-id=\"5cebdf6\" data-element_type=\"widget\" data-e-type=\"widget\" data-widget_type=\"image.default\">\n\t\t\t\t<div class=\"elementor-widget-container\">\n\t\t\t\t\t\t\t\t\t\t\t\t\t\t\t<img fetchpriority=\"high\" decoding=\"async\" width=\"1024\" height=\"683\" src=\"https:\/\/amatab.com\/wp-content\/uploads\/2023\/11\/pompier-essayant-contenir-incendie-foret-1024x683.jpg\" class=\"attachment-large size-large wp-image-11558\" alt=\"\" srcset=\"https:\/\/amatab.com\/wp-content\/uploads\/2023\/11\/pompier-essayant-contenir-incendie-foret-1024x683.jpg 1024w, https:\/\/amatab.com\/wp-content\/uploads\/2023\/11\/pompier-essayant-contenir-incendie-foret-300x200.jpg 300w, https:\/\/amatab.com\/wp-content\/uploads\/2023\/11\/pompier-essayant-contenir-incendie-foret-768x512.jpg 768w, https:\/\/amatab.com\/wp-content\/uploads\/2023\/11\/pompier-essayant-contenir-incendie-foret-1536x1024.jpg 1536w, https:\/\/amatab.com\/wp-content\/uploads\/2023\/11\/pompier-essayant-contenir-incendie-foret-2048x1365.jpg 2048w, https:\/\/amatab.com\/wp-content\/uploads\/2023\/11\/pompier-essayant-contenir-incendie-foret-1320x880.jpg 1320w, https:\/\/amatab.com\/wp-content\/uploads\/2023\/11\/pompier-essayant-contenir-incendie-foret-600x400.jpg 600w\" sizes=\"(max-width: 1024px) 100vw, 1024px\" \/>\t\t\t\t\t\t\t\t\t\t\t\t\t\t\t<\/div>\n\t\t\t\t<\/div>\n\t\t\t\t\t<\/div>\n\t\t<\/div>\n\t\t\t\t\t<\/div>\n\t\t<\/section>\n\t\t\t\t<section class=\"elementor-section elementor-inner-section elementor-element elementor-element-5a661c2 elementor-section-boxed elementor-section-height-default elementor-section-height-default\" data-id=\"5a661c2\" data-element_type=\"section\" data-e-type=\"section\">\n\t\t\t\t\t\t<div class=\"elementor-container elementor-column-gap-default\">\n\t\t\t\t\t<div class=\"elementor-column elementor-col-50 elementor-inner-column elementor-element elementor-element-9101cdc\" data-id=\"9101cdc\" data-element_type=\"column\" data-e-type=\"column\">\n\t\t\t<div class=\"elementor-widget-wrap elementor-element-populated\">\n\t\t\t\t\t\t<div class=\"elementor-element elementor-element-1b1bf7c elementor-widget elementor-widget-text-editor\" data-id=\"1b1bf7c\" data-element_type=\"widget\" data-e-type=\"widget\" data-widget_type=\"text-editor.default\">\n\t\t\t\t<div class=\"elementor-widget-container\">\n\t\t\t\t\t\t\t\t\t<p><span style=\"text-decoration: underline;\">Syst\u00e8mes de pr\u00e9vention des incendies :<\/span><br \/>La meilleure approche pour g\u00e9rer un incendie est de le pr\u00e9venir. Nous mettons en place des syst\u00e8mes de pr\u00e9vention des incendies rigoureux, y compris des proc\u00e9dures de maintenance r\u00e9guli\u00e8res pour garantir que tous les \u00e9quipements sont en bon \u00e9tat de fonctionnement. De plus, nous formons vos \u00e9quipes \u00e0 l&rsquo;utilisation ad\u00e9quate des \u00e9quipements de lutte contre l&rsquo;incendie et \u00e9laborons des plans d&rsquo;\u00e9vacuation d\u00e9taill\u00e9s pour garantir une r\u00e9ponse rapide et efficace en cas de sinistre.<\/p>\t\t\t\t\t\t\t\t<\/div>\n\t\t\t\t<\/div>\n\t\t\t\t<div class=\"elementor-element elementor-element-dbb96f3 elementor-widget elementor-widget-image\" data-id=\"dbb96f3\" data-element_type=\"widget\" data-e-type=\"widget\" data-widget_type=\"image.default\">\n\t\t\t\t<div class=\"elementor-widget-container\">\n\t\t\t\t\t\t\t\t\t\t\t\t\t\t\t<img decoding=\"async\" width=\"705\" height=\"1024\" src=\"https:\/\/amatab.com\/wp-content\/uploads\/2023\/11\/pompier-pret-pour-sa-mission-scaled-e1700479290805-705x1024.jpg\" class=\"attachment-large size-large wp-image-11551\" alt=\"\" srcset=\"https:\/\/amatab.com\/wp-content\/uploads\/2023\/11\/pompier-pret-pour-sa-mission-scaled-e1700479290805-705x1024.jpg 705w, https:\/\/amatab.com\/wp-content\/uploads\/2023\/11\/pompier-pret-pour-sa-mission-scaled-e1700479290805-206x300.jpg 206w, https:\/\/amatab.com\/wp-content\/uploads\/2023\/11\/pompier-pret-pour-sa-mission-scaled-e1700479290805-768x1116.jpg 768w, https:\/\/amatab.com\/wp-content\/uploads\/2023\/11\/pompier-pret-pour-sa-mission-scaled-e1700479290805-1057x1536.jpg 1057w, https:\/\/amatab.com\/wp-content\/uploads\/2023\/11\/pompier-pret-pour-sa-mission-scaled-e1700479290805-1409x2048.jpg 1409w, https:\/\/amatab.com\/wp-content\/uploads\/2023\/11\/pompier-pret-pour-sa-mission-scaled-e1700479290805-1320x1918.jpg 1320w, https:\/\/amatab.com\/wp-content\/uploads\/2023\/11\/pompier-pret-pour-sa-mission-scaled-e1700479290805-600x872.jpg 600w, https:\/\/amatab.com\/wp-content\/uploads\/2023\/11\/pompier-pret-pour-sa-mission-scaled-e1700479290805.jpg 1697w\" sizes=\"(max-width: 705px) 100vw, 705px\" \/>\t\t\t\t\t\t\t\t\t\t\t\t\t\t\t<\/div>\n\t\t\t\t<\/div>\n\t\t\t\t\t<\/div>\n\t\t<\/div>\n\t\t\t\t<div class=\"elementor-column elementor-col-50 elementor-inner-column elementor-element elementor-element-f278f7f\" data-id=\"f278f7f\" data-element_type=\"column\" data-e-type=\"column\">\n\t\t\t<div class=\"elementor-widget-wrap elementor-element-populated\">\n\t\t\t\t\t\t<div class=\"elementor-element elementor-element-63ff110 elementor-widget elementor-widget-text-editor\" data-id=\"63ff110\" data-element_type=\"widget\" data-e-type=\"widget\" data-widget_type=\"text-editor.default\">\n\t\t\t\t<div class=\"elementor-widget-container\">\n\t\t\t\t\t\t\t\t\t<p><span style=\"text-decoration: underline;\">Syst\u00e8mes de d\u00e9tection d\u2019incendie et de gaz<\/span> : <br \/>Nous disposons de syst\u00e8mes de d\u00e9tection d&rsquo;incendie de pointe qui surveillent en permanence les zones sensibles aux incendies et aux fuites de gaz. Ces syst\u00e8mes utilisent des capteurs de derni\u00e8re g\u00e9n\u00e9ration pour d\u00e9tecter tout signe de danger. En cas de d\u00e9tection d&rsquo;une anomalie, des alarmes se d\u00e9clenchent automatiquement. Cette d\u00e9tection pr\u00e9coce est essentielle pour permettre \u00e0 votre personnel d&rsquo;\u00e9vacuer en toute s\u00e9curit\u00e9 et pour minimiser les d\u00e9g\u00e2ts mat\u00e9riels<\/p>\t\t\t\t\t\t\t\t<\/div>\n\t\t\t\t<\/div>\n\t\t\t\t<div class=\"elementor-element elementor-element-abfff3d elementor-widget elementor-widget-image\" data-id=\"abfff3d\" data-element_type=\"widget\" data-e-type=\"widget\" data-widget_type=\"image.default\">\n\t\t\t\t<div class=\"elementor-widget-container\">\n\t\t\t\t\t\t\t\t\t\t\t\t\t\t\t<img decoding=\"async\" width=\"694\" height=\"1024\" src=\"https:\/\/amatab.com\/wp-content\/uploads\/2023\/11\/pompier-pret-pour-sa-mission-1-scaled-e1700479241572-694x1024.jpg\" class=\"attachment-large size-large wp-image-11552\" alt=\"\" srcset=\"https:\/\/amatab.com\/wp-content\/uploads\/2023\/11\/pompier-pret-pour-sa-mission-1-scaled-e1700479241572-694x1024.jpg 694w, https:\/\/amatab.com\/wp-content\/uploads\/2023\/11\/pompier-pret-pour-sa-mission-1-scaled-e1700479241572-203x300.jpg 203w, https:\/\/amatab.com\/wp-content\/uploads\/2023\/11\/pompier-pret-pour-sa-mission-1-scaled-e1700479241572-768x1133.jpg 768w, https:\/\/amatab.com\/wp-content\/uploads\/2023\/11\/pompier-pret-pour-sa-mission-1-scaled-e1700479241572-1041x1536.jpg 1041w, https:\/\/amatab.com\/wp-content\/uploads\/2023\/11\/pompier-pret-pour-sa-mission-1-scaled-e1700479241572-1388x2048.jpg 1388w, https:\/\/amatab.com\/wp-content\/uploads\/2023\/11\/pompier-pret-pour-sa-mission-1-scaled-e1700479241572-1320x1948.jpg 1320w, https:\/\/amatab.com\/wp-content\/uploads\/2023\/11\/pompier-pret-pour-sa-mission-1-scaled-e1700479241572-600x885.jpg 600w, https:\/\/amatab.com\/wp-content\/uploads\/2023\/11\/pompier-pret-pour-sa-mission-1-scaled-e1700479241572.jpg 1706w\" sizes=\"(max-width: 694px) 100vw, 694px\" \/>\t\t\t\t\t\t\t\t\t\t\t\t\t\t\t<\/div>\n\t\t\t\t<\/div>\n\t\t\t\t\t<\/div>\n\t\t<\/div>\n\t\t\t\t\t<\/div>\n\t\t<\/section>\n\t\t\t\t\t<\/div>\n\t\t<\/div>\n\t\t\t\t<div class=\"elementor-column elementor-col-50 elementor-top-column elementor-element elementor-element-beab18d\" data-id=\"beab18d\" data-element_type=\"column\" data-e-type=\"column\">\n\t\t\t<div class=\"elementor-widget-wrap elementor-element-populated\">\n\t\t\t\t\t\t<div class=\"elementor-element elementor-element-e116f4f elementor-widget__width-initial elementor-widget elementor-widget-transx_links_list\" data-id=\"e116f4f\" data-element_type=\"widget\" data-e-type=\"widget\" data-widget_type=\"transx_links_list.default\">\n\t\t\t\t<div class=\"elementor-widget-container\">\n\t\t\t\t\t\n        <div class=\"transx_links_list_widget\">\n            <div class=\"transx_links_list_wrapper transx_view_type_2\">\n                <h5 class=\"transx_links_list_title\">Autres services<\/h5>\n\n                                            <a class=\"transx_links_list_item\" href=\"https:\/\/amatab.com\/fr\/services-petroliers\/systemes-de-lutte-contre-les-incendies\/\" >\n                                <img decoding=\"async\" class=\"transx_img--bg\" src=\"http:\/\/amatab.com\/wp-content\/uploads\/2023\/11\/camion-pompiers-dans-garage-pret-pour-action-scaled.jpg\" alt=\"Background Image\" \/>\n                                <h6>Syst\u00e8mes de lutte contre les incendies<\/h6>\n                                <span class=\"transx_links_list_counter\">01<\/span>\n                            <\/a>\n                                                        <a class=\"transx_links_list_item\" href=\"https:\/\/amatab.com\/fr\/services-petroliers\/materiel-anti-incendie\/\" >\n                                <img decoding=\"async\" class=\"transx_img--bg\" src=\"http:\/\/amatab.com\/wp-content\/uploads\/2023\/11\/pompier-pret-pour-sa-mission-2-scaled.jpg\" alt=\"Background Image\" \/>\n                                <h6>Mat\u00e9riel anti-incendie<\/h6>\n                                <span class=\"transx_links_list_counter\">02<\/span>\n                            <\/a>\n                                                            <\/div>\n        <\/div>\n\n        \t\t\t\t<\/div>\n\t\t\t\t<\/div>\n\t\t\t\t<div class=\"elementor-element elementor-element-b378fce elementor-widget elementor-widget-html\" data-id=\"b378fce\" data-element_type=\"widget\" data-e-type=\"widget\" data-widget_type=\"html.default\">\n\t\t\t\t<div class=\"elementor-widget-container\">\n\t\t\t\t\t<div class=\"transx_contact-trigger transx_contact-trigger--style-2\">\n\n\n\t<h4 class=\"transx_contact-trigger__title\">Besoin d'une estimation de prix ?<\/h4>\n\n\t<p class=\"transx_contact-trigger__text\">Nous sommes l\u00e0 pour vous fournir rapidement des informations d\u00e9taill\u00e9es sur nos tarifs !<\/p>\n\n\t<a class=\"transx_button\" href=\"https:\/\/amatab.com\/fr\/services-petroliers\/systemes-de-protection-dincendie-et-de-gaz\/obtenir-un-devis\/\">\n\t\t<span>OBTENIR UN DEVIS<\/span>\n\t\t<svg class=\"icon\">\n\t\t\t<svg viewbox=\"0 0 150 78.6\" xmlns=\"http:\/\/www.w3.org\/2000\/svg\"><path d=\"M0 31.5h150v12.7H0V31.5zM112.8-.1l30.9 31.5-8.8 9L104 8.9l8.8-9zm18.1 51l-18.4 18.8 8.9 9 18.4-18.8-8.9-9z\"\/><\/svg>\n\t\t<\/svg>\n\t<\/a>\n<\/div>\t\t\t\t<\/div>\n\t\t\t\t<\/div>\n\t\t\t\t\t<\/div>\n\t\t<\/div>\n\t\t\t\t\t<\/div>\n\t\t<\/section>\n\t\t\t\t<\/div>\n\t\t","protected":false},"excerpt":{"rendered":"<p>Au c\u0153ur de nos engagements en mati\u00e8re de s\u00e9curit\u00e9, AMATAB &amp; CO met en \u0153uvre des syst\u00e8mes de protection contre les incendies avanc\u00e9s. Notre objectif premier est de r\u00e9duire les risques au minimum et de r\u00e9agir de mani\u00e8re optimale en cas de situations d&rsquo;urgence. Syst\u00e8mes de pr\u00e9vention des incendies :La meilleure approche pour g\u00e9rer un [&hellip;]<\/p>\n","protected":false},"author":5,"featured_media":26,"parent":3429,"menu_order":221,"comment_status":"closed","ping_status":"closed","template":"","meta":{"om_disable_all_campaigns":false,"_uf_show_specific_survey":0,"_uf_disable_surveys":false,"footnotes":""},"folder":[],"class_list":["post-3480","page","type-page","status-publish","has-post-thumbnail","hentry"],"aioseo_notices":[],"_links":{"self":[{"href":"https:\/\/amatab.com\/fr\/wp-json\/wp\/v2\/pages\/3480","targetHints":{"allow":["GET"]}}],"collection":[{"href":"https:\/\/amatab.com\/fr\/wp-json\/wp\/v2\/pages"}],"about":[{"href":"https:\/\/amatab.com\/fr\/wp-json\/wp\/v2\/types\/page"}],"author":[{"embeddable":true,"href":"https:\/\/amatab.com\/fr\/wp-json\/wp\/v2\/users\/5"}],"replies":[{"embeddable":true,"href":"https:\/\/amatab.com\/fr\/wp-json\/wp\/v2\/comments?post=3480"}],"version-history":[{"count":90,"href":"https:\/\/amatab.com\/fr\/wp-json\/wp\/v2\/pages\/3480\/revisions"}],"predecessor-version":[{"id":16125,"href":"https:\/\/amatab.com\/fr\/wp-json\/wp\/v2\/pages\/3480\/revisions\/16125"}],"up":[{"embeddable":true,"href":"https:\/\/amatab.com\/fr\/wp-json\/wp\/v2\/pages\/3429"}],"wp:featuredmedia":[{"embeddable":true,"href":"https:\/\/amatab.com\/fr\/wp-json\/wp\/v2\/media\/26"}],"wp:attachment":[{"href":"https:\/\/amatab.com\/fr\/wp-json\/wp\/v2\/media?parent=3480"}],"wp:term":[{"taxonomy":"folder","embeddable":true,"href":"https:\/\/amatab.com\/fr\/wp-json\/wp\/v2\/folder?post=3480"}],"curies":[{"name":"wp","href":"https:\/\/api.w.org\/{rel}","templated":true}]}}